{"id":467,"date":"2026-01-04T01:39:43","date_gmt":"2026-01-04T01:39:43","guid":{"rendered":"https:\/\/vignettego.com\/highway-vignette-europe\/rumanijas-sosejas-vinjete-2026-pilnigs-rovinieta-celvedis\/"},"modified":"2026-01-04T12:42:36","modified_gmt":"2026-01-04T12:42:36","slug":"rumanijas-sosejas-vinjete-2026-pilnigs-rovinieta-celvedis","status":"publish","type":"page","link":"https:\/\/vignettego.com\/highway-vignette-europe\/lv\/rumanijas-sosejas-vinjete-2026-pilnigs-rovinieta-celvedis\/","title":{"rendered":"Rum\u0101nijas \u0161osejas vinjete 2026: piln\u012bgs Rovinieta ce\u013cvedis"},"content":{"rendered":"\n<script type=\"application\/ld+json\">{\n    \"@context\": \"https:\/\/schema.org\",\n    \"@graph\": [\n        {\n            \"@type\": \"Article\",\n            \"@id\": \"https:\/\/vignettego.com\/highway-vignette-europe\/romania-highway-vignette-guide\/#article\",\n            \"headline\": \"Romania Highway Vignette 2026: Complete Rovinieta Guide\",\n            \"description\": \"Everything about Romanian electronic highway vignettes (Rovinieta). Europe most affordable toll system! Learn about pricing, validity, Transylvania routes, and the famous Transf\u0103g\u0103r\u0103\u0219an road.\",\n            \"image\": \"https:\/\/vignettego.com\/highway-vignette-europe\/wp-content\/uploads\/2026\/09\/Highway-Vignette-Europe.jpg\",\n            \"datePublished\": \"2026-01-04\",\n            \"dateModified\": \"2026-01-04\",\n            \"author\": {\"@type\": \"Organization\", \"name\": \"VignetteGo\", \"url\": \"https:\/\/vignettego.com\"},\n            \"publisher\": {\"@type\": \"Organization\", \"name\": \"VignetteGo\"},\n            \"mainEntityOfPage\": {\"@type\": \"WebPage\", \"@id\": \"https:\/\/vignettego.com\/highway-vignette-europe\/romania-highway-vignette-guide\/\"},\n            \"articleSection\": \"Highway Vignettes\",\n            \"keywords\": [\"Romania vignette\", \"Rovinieta\", \"Romania highway toll\", \"Romanian motorway pass\", \"Transylvania road trip\", \"Transfagarasan\"],\n            \"inLanguage\": \"en\",\n            \"speakable\": {\"@type\": \"SpeakableSpecification\", \"cssSelector\": [\".article-intro\", \"#faq-section\"]}\n        },\n        {\n            \"@type\": \"BreadcrumbList\",\n            \"itemListElement\": [\n                {\"@type\": \"ListItem\", \"position\": 1, \"name\": \"VignetteGo\", \"item\": \"https:\/\/vignettego.com\/\"},\n                {\"@type\": \"ListItem\", \"position\": 2, \"name\": \"Highway Vignette Europe\", \"item\": \"https:\/\/vignettego.com\/highway-vignette-europe\/\"},\n                {\"@type\": \"ListItem\", \"position\": 3, \"name\": \"Romania Guide\", \"item\": \"https:\/\/vignettego.com\/highway-vignette-europe\/romania-highway-vignette-guide\/\"}\n            ]\n        },\n        {\n            \"@type\": \"FAQPage\",\n            \"mainEntity\": [\n                {\"@type\": \"Question\", \"name\": \"How much does the Romanian Rovinieta cost?\", \"acceptedAnswer\": {\"@type\": \"Answer\", \"text\": \"The Romanian Rovinieta is Europe cheapest highway vignette! A 7-day vignette costs approximately EUR 3.50, 30-day costs EUR 7, and annual costs just EUR 28.\"}},\n                {\"@type\": \"Question\", \"name\": \"Where can I buy the Romanian Rovinieta?\", \"acceptedAnswer\": {\"@type\": \"Answer\", \"text\": \"You can buy the Rovinieta online at VignetteGo or the official roviniete.ro website, or at gas stations and border crossings in Romania. Online purchase is recommended for convenience.\"}},\n                {\"@type\": \"Question\", \"name\": \"Is the Transf\u0103g\u0103r\u0103\u0219an road toll-free?\", \"acceptedAnswer\": {\"@type\": \"Answer\", \"text\": \"Yes, the Transf\u0103g\u0103r\u0103\u0219an (DN7C) is a national road, not a motorway, so no Rovinieta is needed specifically for it. However, you will likely use toll roads to reach it, so a Rovinieta is still recommended.\"}},\n                {\"@type\": \"Question\", \"name\": \"What are the fines for driving without Rovinieta?\", \"acceptedAnswer\": {\"@type\": \"Answer\", \"text\": \"Fines for driving without a valid Rovinieta range from EUR 50-200 depending on how far you traveled without one. With a 7-day vignette costing just EUR 3.50, there is no reason to risk a fine.\"}},\n                {\"@type\": \"Question\", \"name\": \"Which roads require Rovinieta in Romania?\", \"acceptedAnswer\": {\"@type\": \"Answer\", \"text\": \"The Rovinieta is required on all national roads (DN roads) and motorways (autostrada) in Romania. This includes the A1, A2, A3, A10, and all DN-numbered roads.\"}}\n            ]\n        }\n    ]\n}\n<\/script>\n\n<figure class=\"wp-block-image aligncenter size-large\"><img decoding=\"async\" src=\"https:\/\/vignettego.com\/highway-vignette-europe\/wp-content\/uploads\/2026\/09\/Highway-Vignette-Europe.jpg\" alt=\"Rum&#x101;nija Rovinieta 2026 - piln&#x12B;gs ce&#x13C;vedis Rum&#x101;nijas &#x161;osejas vinjetes sist&#x113;mai\" style=\"width:100%; height:auto; margin-bottom:20px;\"\/><\/figure>\n\n<p class=\"article-intro\">Rum\u0101nija pied\u0101v\u0101 da\u017eus no Eiropas iespaid\u012bg\u0101kajiem ce\u013cojumu galam\u0113r\u0137iem &#8211; no le\u0123end\u0101raj\u0101m Transilv\u0101nijas pil\u012bm l\u012bdz satrieco\u0161aj\u0101m Meln\u0101s j\u016bras pludmal\u0113m, majest\u0101tiskajiem Karpatu kalniem un unik\u0101lajai Donavas deltai. Un \u0161eit ir lab\u0101k\u0101s zi\u0146as: Rum\u0101nij\u0101 ir <strong>Eirop\u0101 vispieejam\u0101k\u0101 \u0161osejas vinjete<\/strong>, ko sauc par <strong>Rovinieta<\/strong>. Tikai da\u017ei eiro ned\u0113\u013c\u0101, Rum\u0101nijas izp\u0113te ar automa\u0161\u012bnu ir neticami bud\u017eetam draudz\u012bga. \u0160aj\u0101 visaptvero\u0161aj\u0101 ce\u013cved\u012b ir aprakst\u012bts viss, kas jums j\u0101zina par Rum\u0101nijas maksas ce\u013ciem 2026. gad\u0101, tostarp slavenais Transf\u0103g\u0103r\u0103\u0219an &#8211; viens no pasaules lab\u0101kajiem brauk\u0161anas ce\u013ciem.   <\/p>\n\n<div style=\"height:25px\" aria-hidden=\"true\" class=\"wp-block-spacer\"><\/div>\n\n<div class=\"wp-block-buttons is-content-justification-center is-layout-flex wp-container-core-buttons-is-layout-a89b3969 wp-block-buttons-is-layout-flex\">\n<div class=\"wp-block-button\"><a class=\"wp-block-button__link wp-element-button\" href=\"https:\/\/vignettego.com\/\" style=\"background-color:#0066cc;color:#ffffff;padding:15px 30px;font-size:18px;border-radius:8px;\">\ud83d\ude97 Ieg\u016bstiet savu Rum\u0101nijas Rovinieta vietn\u0113 VignetteGo<\/a><\/div>\n<\/div>\n\n<div style=\"height:25px\" aria-hidden=\"true\" class=\"wp-block-spacer\"><\/div>\n\n<h2 class=\"wp-block-heading\">\ud83c\uddf7\ud83c\uddf4 Kas ir Rum\u0101nijas Rovinieta?<\/h2>\n\n<p>Rum\u0101nij\u0101 darbojas <strong>uz laiku balst\u012bta elektronisk\u0101 ce\u013cu nodevu sist\u0113ma<\/strong> , ko sauc par <strong>Rovinieta<\/strong> (no rum\u0101\u0146u valodas &#8220;ce\u013ca vinjete&#8221;). Sist\u0113ma ir piln\u012bb\u0101 digit\u0101la &#8211; j\u016bsu numura z\u012bme tiek re\u0123istr\u0113ta centr\u0101laj\u0101 datu b\u0101z\u0113 un p\u0101rbaud\u012bta ar izpildes kamer\u0101m vis\u0101 valst\u012b. Fiziska uzl\u012bme nav nepiecie\u0161ama; Viss ir elektronisks.  <\/p>\n\n<p>Rovinieta aptver visus valsts ce\u013cus (DN &#8211; drum na\u021bional) un automa\u0123istr\u0101les (autostrad\u0103) Rum\u0101nij\u0101. Sist\u0113mu p\u0101rvalda CNAIR (Compania Na\u021bional\u0103 de Administrare a Infrastructurii Rutiere), un vinjetes var ieg\u0101d\u0101ties tie\u0161saist\u0113, padarot to \u013coti \u0113rtu apmekl\u0113t\u0101jiem. <\/p>\n\n<h2 class=\"wp-block-heading\">\ud83d\udccb Rum\u0101nijas Rovinieta cenas 2026 \ud83d\udcb0 L\u0112T\u0100KAIS EIROP\u0100!<\/h2>\n\n<p>Rum\u0101nija pied\u0101v\u0101 <strong>visizdev\u012bg\u0101k\u0101s automa\u0123istr\u0101les vinjetes cenas vis\u0101 Eirop\u0101<\/strong>. L\u016bk, k\u0101p\u0113c Rum\u0101nijai vajadz\u0113tu b\u016bt katra bud\u017eeta ce\u013cot\u0101ju saraksta aug\u0161gal\u0101: <\/p>\n\n<figure class=\"wp-block-table\"><table><thead><tr><th>Der\u012bguma termi\u0146\u0161<\/th><th>Automa\u0161\u012bnas (l\u012bdz 3,5 t)<\/th><th>Motocikli<\/th><\/tr><\/thead><tbody><tr><td><strong>7 dienas<\/strong><\/td><td>~3,50 EUR<\/td><td>~1,80 EUR<\/td><\/tr><tr><td><strong>30 dienas<\/strong><\/td><td>~ EUR 7.00<\/td><td>~3,50 EUR<\/td><\/tr><tr><td><strong>90 dienas<\/strong><\/td><td>~ EUR 13.00<\/td><td>~6,50 EUR<\/td><\/tr><tr><td><strong>Gada<\/strong><\/td><td>~ EUR 28.00<\/td><td>~ EUR 14.00<\/td><\/tr><\/tbody><\/table><\/figure>\n\n<p><strong>J\u0101, j\u016bs pareizi izlas\u012bj\u0101t!<\/strong>  Ned\u0113\u013ca neierobe\u017eota brauk\u0161ana pa visiem Rum\u0101nijas valsts autoce\u013ciem un automa\u0123istr\u0101l\u0113m tikai par 3,50 EUR. Sal\u012bdziniet to ar \u0160veici (EUR 40 par gada vinjeti, bez \u012bs\u0101k\u0101m iesp\u0113j\u0101m) vai Austriju (EUR 11,50 par 10 dien\u0101m), un j\u016bs saprat\u012bsiet, k\u0101p\u0113c Rum\u0101nija ir ce\u013cot\u0101ju sapnis. <\/p>\n\n<div style=\"height:25px\" aria-hidden=\"true\" class=\"wp-block-spacer\"><\/div>\n\n<div class=\"wp-block-buttons is-content-justification-center is-layout-flex wp-container-core-buttons-is-layout-a89b3969 wp-block-buttons-is-layout-flex\">\n<div class=\"wp-block-button\"><a class=\"wp-block-button__link wp-element-button\" href=\"https:\/\/vignettego.com\/\" style=\"background-color:#28a745;color:#ffffff;padding:15px 30px;font-size:18px;border-radius:8px;\">\u2705 Ieg\u016bstiet savas Eiropas vinjetes \u2013 visas valstis \u2013 vietn\u0113 VignetteGo<\/a><\/div>\n<\/div>\n\n<div style=\"height:25px\" aria-hidden=\"true\" class=\"wp-block-spacer\"><\/div>\n\n<h2 class=\"wp-block-heading\">\ud83d\udee3\ufe0f Rum\u0101nijas ce\u013cu t\u012bkls<\/h2>\n\n<p>Rum\u0101nija ir strauji papla\u0161in\u0101jusi savu automa\u0123istr\u0101\u013cu t\u012bklu, lai gan lielu da\u013cu valsts joproj\u0101m apkalpo valsts ce\u013ci (DN ce\u013ci). \u0160eit ir galvenie mar\u0161ruti: <\/p>\n\n<h3 class=\"wp-block-heading\">A1 \u2013 Bukareste l\u012bdz Pite\u0219ti un t\u0101l\u0101k<\/h3>\n\n<p>Vec\u0101k\u0101 Rum\u0101nijas automa\u0123istr\u0101le, kas savieno <strong>Bukaresti ar Pite\u0219ti<\/strong> (aptuveni 110 km). Turpin\u0101s pagarin\u0101jumi uz Sibiu. \u0160is ir galvenais ce\u013c\u0161 uz Transilv\u0101niju no Bukarestes, kas savienojas ar DN7 un DN1 t\u0101l\u0101kam ce\u013cojumam.  <\/p>\n\n<h3 class=\"wp-block-heading\">A2 \u2013 Bukareste uz Konstancu (Saules automa\u0123istr\u0101le)<\/h3>\n\n<p><strong>Autostrada Soarelui<\/strong> (Saules automa\u0123istr\u0101le) savieno <strong>Bukaresti ar Konstancu<\/strong> un Meln\u0101s j\u016bras piekrasti. Aptuveni 200 km. \u0160is ir galvenais pludmales br\u012bvdienu mar\u0161ruts uz Mamaia, Konstancu, Vama Veche un citiem piekrastes k\u016brortiem.  <\/p>\n\n<h3 class=\"wp-block-heading\">A3 \u2013 Transilv\u0101nijas automa\u0123istr\u0101le (tiek b\u016bv\u0113ta)<\/h3>\n\n<p>Kad tas b\u016bs pabeigts, savienos Bukaresti ar Bra\u0161ovu, turpinot caur Transilv\u0101niju l\u012bdz Ung\u0101rijas robe\u017eai. Pa\u0161laik ir atv\u0113rti vair\u0101ki posmi, tostarp ap Turdu un Klu\u017ea-Napoku. <\/p>\n\n<h3 class=\"wp-block-heading\">A10 \u2013 no Sebe\u0161as l\u012bdz Turdai<\/h3>\n\n<p>Da\u013ca no n\u0101kotnes Transilv\u0101nijas koridora, kas savieno galven\u0101s pils\u0113tas Rum\u0101nijas centr\u0101laj\u0101 da\u013c\u0101.<\/p>\n\n<h3 class=\"wp-block-heading\">DN1 &#8211; Klasiskais Transilv\u0101nijas mar\u0161ruts<\/h3>\n\n<p>Le\u0123end\u0101rais <strong>DN1 (E60)<\/strong> savieno Bukaresti ar Bra\u0161ovu, turpinot caur Transilv\u0101nijas sirdi l\u012bdz Sibiu, Alba Iulia, Cluj-Napoca, un t\u0101l\u0101k uz Ung\u0101riju. \u0160is v\u0113sturiskais mar\u0161ruts ved cauri satrieco\u0161\u0101m kalnu ainav\u0101m un viduslaiku pils\u0113t\u0101m. <\/p>\n\n<h2 class=\"wp-block-heading\">\ud83c\udfd4\ufe0f Transf\u0103g\u0103r\u0103\u0219an &#8211; pasaules lab\u0101kais brauk\u0161anas ce\u013c\u0161<\/h2>\n\n<p><strong>Transf\u0103g\u0103r\u0103\u0219an \u0161oseju (DN7C)<\/strong> Top Gear ir nosaucis par &#8220;lab\u0101ko ce\u013cu pasaul\u0113&#8221;. \u0160is iespaid\u012bgais kalnu ce\u013c\u0161 \u0161\u0137\u0113rso F\u0103g\u0103ra\u0219 kalnus 2,042 metru augstum\u0101, pied\u0101v\u0101jot dramatiskus matadatas pagriezienus, tune\u013cus un elpu aizraujo\u0161us skatus. <\/p>\n\n<p><strong>Pamatinform\u0101cija:<\/strong><\/p>\n\n<ul class=\"wp-block-list\">\n<li><strong>Garums:<\/strong> Aptuveni 90 km kalnu ce\u013ca<\/li>\n<li><strong>Atv\u0113rts:<\/strong> Parasti j\u016bnija beig\u0101s l\u012bdz oktobra beig\u0101m (atkar\u012bb\u0101 no laika apst\u0101k\u013ciem)<\/li>\n<li><strong>Mar\u0161ruts:<\/strong> Savieno Curtea de Arge\u0219 ar Sibiu caur F\u0103g\u0103ra\u0219 kalniem<\/li>\n<li><strong>Svar\u012bg\u0101kie aspekti:<\/strong> B\u00e2lea ezers (ledus ezers aug\u0161pus\u0113), B\u00e2lea \u016bdenskritums, satrieco\u0161as Alpu ainavas<\/li>\n<li><strong>Nodeva:<\/strong> Transf\u0103g\u0103r\u0103\u0219an pats par sevi ir valsts ce\u013c\u0161 (DN), t\u0101p\u0113c nav papildu nodevas \u0101rpus Rovinieta<\/li>\n<\/ul>\n\n<p><strong>Pro padoms:<\/strong> Ce\u013c\u0161 ir \u013coti popul\u0101rs vasar\u0101. S\u0101ciet agri no r\u012bta, lai izvair\u012btos no p\u016b\u013ciem un izbaud\u012btu lab\u0101ko fotogr\u0101fijas gaismu. <\/p>\n\n<div style=\"height:25px\" aria-hidden=\"true\" class=\"wp-block-spacer\"><\/div>\n\n<div class=\"wp-block-buttons is-content-justification-center is-layout-flex wp-container-core-buttons-is-layout-a89b3969 wp-block-buttons-is-layout-flex\">\n<div class=\"wp-block-button\"><a class=\"wp-block-button__link wp-element-button\" href=\"https:\/\/vignettego.com\/\" style=\"background-color:#ff6600;color:#ffffff;padding:15px 30px;font-size:18px;border-radius:8px;\">\ud83d\uded2 P\u0113rciet Rum\u0101nijas Rovinieta t\u016bl\u012bt \u2013 tikai EUR 3.50 uz 7 dien\u0101m!<\/a><\/div>\n<\/div>\n\n<div style=\"height:25px\" aria-hidden=\"true\" class=\"wp-block-spacer\"><\/div>\n\n<h2 class=\"wp-block-heading\">\ud83d\udcbb K\u0101 nopirkt Rum\u0101nijas Rovinieta<\/h2>\n\n<p>Rum\u0101nijas Rovinieta ieg\u0101de ir vienk\u0101r\u0161a:<\/p>\n\n<h3 class=\"wp-block-heading\">1. iesp\u0113ja: tie\u0161saist\u0113, izmantojot VignetteGo (ieteicams)<\/h3>\n\n<ol class=\"wp-block-list\">\n<li>Apmekl\u0113jiet <a href=\"https:\/\/vignettego.com\/\" title=\"P&#x113;rciet Rum&#x101;nijas Rovinieta tie&#x161;saist&#x113;\">VignetteGo.com<\/a><\/li>\n<li>Izv\u0113lieties Rum\u0101niju un v\u0113lamo der\u012bguma termi\u0146u<\/li>\n<li>Ievadiet transportl\u012bdzek\u013ca re\u0123istr\u0101cijas (numura z\u012bmes) datus<\/li>\n<li>Pabeidziet dro\u0161u maks\u0101jumu<\/li>\n<li>Sa\u0146emiet t\u016bl\u012bt\u0113ju apstiprin\u0101jumu &#8211; der\u012bgs uzreiz!<\/li>\n<\/ol>\n\n<h3 class=\"wp-block-heading\">2. iesp\u0113ja: ofici\u0101l\u0101 roviniete.ro vietne<\/h3>\n\n<p>Ofici\u0101l\u0101 Rum\u0101nijas ce\u013cu p\u0101rvaldes t\u012bmek\u013ca vietne pied\u0101v\u0101 tie\u0161u ieg\u0101di rum\u0101\u0146u un ang\u013cu valod\u0101.<\/p>\n\n<h3 class=\"wp-block-heading\">3. variants: fizisk\u0101s tirdzniec\u012bbas vietas<\/h3>\n\n<p>Rovinieta var ieg\u0101d\u0101ties robe\u017e\u0161\u0137\u0113rso\u0161anas viet\u0101s, degvielas uzpildes stacij\u0101s (Petrom, OMV, Mol, Rompetrol) un Rum\u0101nijas pasta noda\u013c\u0101s.<\/p>\n\n<h2 class=\"wp-block-heading\">\u26a0\ufe0f Naudas sodi par brauk\u0161anu bez Rovinieta<\/h2>\n\n<p>Neskatoties uz neticami zemaj\u0101m izmaks\u0101m, da\u017ei ce\u013cot\u0101ji cen\u0161as izvair\u012bties no Rovinieta ieg\u0101des. T\u0101 ir k\u013c\u016bda &#8211; naudas sodi tiek piem\u0113roti: <\/p>\n\n<ul class=\"wp-block-list\">\n<li><strong>Standarta naudas sods:<\/strong> EUR 50-200 atkar\u012bb\u0101 no nobraukt\u0101 att\u0101luma<\/li>\n<li><strong>Izpilde:<\/strong> Autom\u0101tisk\u0101s kameru sist\u0113mas vis\u0101 valst\u012b<\/li>\n<\/ul>\n\n<p><strong>T\u0101 k\u0101 ned\u0113\u013cas caurlaide maks\u0101 3,50 EUR sal\u012bdzin\u0101jum\u0101 ar potenci\u0101lo 200 EUR naudas sodu, izv\u0113le ir ac\u012bmredzama!<\/strong><\/p>\n\n<h2 class=\"wp-block-heading\">\ud83d\uddfa\ufe0f Popul\u0101ri Rum\u0101nijas ce\u013cojumu mar\u0161ruti<\/h2>\n\n<h3 class=\"wp-block-heading\">Bukareste uz Bra\u0161ovu (v\u0101rti uz Transilv\u0101niju)<\/h3>\n\n<p><strong>Att\u0101lums:<\/strong> ~170 km | <strong>Ilgums:<\/strong> 2,5-3 stundas | <strong>Mar\u0161ruts:<\/strong> DN1 vai A3 (ja pieejams)<\/p>\n\n<p>Klasiskais ce\u013c\u0161 uz Transilv\u0101niju. Bra\u0219ov ir satrieco\u0161a viduslaiku pils\u0113ta, ko ieskauj kalni, ide\u0101li piem\u0113rota k\u0101 b\u0101ze pi\u013cu (Bran, Pele\u0219) un Karpatu izp\u0113tei. <\/p>\n\n<h3 class=\"wp-block-heading\">Bukareste uz Konstancu (Meln\u0101 j\u016bra)<\/h3>\n\n<p><strong>Att\u0101lums:<\/strong> ~225 km | <strong>Ilgums:<\/strong> 2,5 stundas | <strong>Mar\u0161ruts:<\/strong> A2 (Saules automa\u0123istr\u0101le)<\/p>\n\n<p>Dodieties uz Meln\u0101s j\u016bras krastu uz Rum\u0101nijas jaun\u0101k\u0101s automa\u0123istr\u0101les. Konstanca ir sena ostas pils\u0113ta; net\u0101lu eso\u0161\u0101 Mamaia ir valsts popul\u0101r\u0101kais pludmales k\u016brorts. <\/p>\n\n<h3 class=\"wp-block-heading\">Transilv\u0101nijas pils \u0137\u0113de<\/h3>\n\n<p><strong>Mar\u0161ruts:<\/strong> Bra\u0161ovas \u2192 Branas pils \u2192 R\u00e2\u0219nov \u2192 Pele\u0219 pils (Sinaja) \u2192 atpaka\u013c uz Bra\u0219ov<\/p>\n\n<p>Apmekl\u0113jiet Drakulas slaveno pili (Bran), satrieco\u0161o Pele\u0219 pili un R\u00e2\u0219nov viduslaiku cietoksni &#8211; tas viss vienas dienas braucien\u0101 no Bra\u0161ova.<\/p>\n\n<h3 class=\"wp-block-heading\">Piln\u012bga Transilv\u0101nijas t\u016bre<\/h3>\n\n<p><strong>Mar\u0161ruts:<\/strong> Bukareste \u2192 Bra\u0219ov \u2192 Sighi\u0219oara \u2192 Sibiu \u2192 Transf\u0103g\u0103r\u0103\u0219an \u2192 Bukareste<\/p>\n\n<p>5-7 dienu trase, kas aptver lab\u0101ko Transilv\u0101niju: viduslaiku pils\u0113tas, kalnu ainavas un le\u0123end\u0101ro Transf\u0103g\u0103r\u0103\u0219an ce\u013cu.<\/p>\n\n<div style=\"height:25px\" aria-hidden=\"true\" class=\"wp-block-spacer\"><\/div>\n\n<div class=\"wp-block-buttons is-content-justification-center is-layout-flex wp-container-core-buttons-is-layout-a89b3969 wp-block-buttons-is-layout-flex\">\n<div class=\"wp-block-button\"><a class=\"wp-block-button__link wp-element-button\" href=\"https:\/\/vignettego.com\/\" style=\"background-color:#9c27b0;color:#ffffff;padding:15px 30px;font-size:18px;border-radius:8px;\">\ud83c\udf0d Pl\u0101nojiet savu Rum\u0101nijas piedz\u012bvojumu ar VignetteGo<\/a><\/div>\n<\/div>\n\n<div style=\"height:25px\" aria-hidden=\"true\" class=\"wp-block-spacer\"><\/div>\n\n<h2 class=\"wp-block-heading\">\ud83d\udca1 Rum\u0101nijas brauk\u0161anas padomi 2026. gadam<\/h2>\n\n<h3 class=\"wp-block-heading\">Val\u016bta<\/h3>\n\n<p>Rum\u0101nija izmanto <strong>Rum\u0101nijas leju (RON),<\/strong> bet <strong>eiro tiek pla\u0161i pie\u0146emts<\/strong> degvielas uzpildes stacij\u0101s, viesn\u012bc\u0101s un t\u016brisma zon\u0101s. Kred\u012btkartes tiek pie\u0146emtas gandr\u012bz visur pils\u0113t\u0101s. Val\u016btas kurss: aptuveni 1 EUR = 5 RON.  <\/p>\n\n<h3 class=\"wp-block-heading\">\u0100truma ierobe\u017eojumi<\/h3>\n\n<ul class=\"wp-block-list\">\n<li><strong>Automa\u0123istr\u0101les:<\/strong> 130 km\/h<\/li>\n<li><strong>Valsts ce\u013ci (\u0101rpus pils\u0113t\u0101m):<\/strong> 90-100 km\/h<\/li>\n<li><strong>Pils\u0113tas teritorijas:<\/strong> 50 km\/h<\/li>\n<\/ul>\n\n<h3 class=\"wp-block-heading\">Ce\u013ca apst\u0101k\u013ci<\/h3>\n\n<p>Automa\u0123istr\u0101les ir lieliskas. Valsts ce\u013ci at\u0161\u0137iras no labiem l\u012bdz nel\u012bdzeniem, \u012bpa\u0161i lauku apvidos. Kalnu ce\u013ci var b\u016bt izaicino\u0161i &#8211; brauciet uzman\u012bgi un iev\u0113rojiet laika apst\u0101k\u013cus.  <\/p>\n\n<h3 class=\"wp-block-heading\">Degviela<\/h3>\n\n<p>Degviela ir l\u0113t\u0101ka nek\u0101 Rietumeirop\u0101. Liel\u0101k\u0101s \u0137\u0113des ir Petrom, OMV, Mol, Rompetrol un Lukoil. <\/p>\n\n<h2 class=\"wp-block-heading\" id=\"faq-section\">\u2753 Bie\u017e\u0101k uzdotie jaut\u0101jumi<\/h2>\n\n<h3 class=\"wp-block-heading\">Vai Rum\u0101nijas Rovinieta tie\u0161\u0101m ir tik l\u0113ta?<\/h3>\n\n<p>J\u0101! Aptuveni 3,50 EUR par 7 dien\u0101m Rum\u0101nij\u0101 ir l\u0113t\u0101k\u0101s autoce\u013cu nodevas Eirop\u0101. Pat ikgad\u0113j\u0101 vinjete (28 EUR) maks\u0101 maz\u0101k nek\u0101 daudzu valstu \u012bstermi\u0146a iesp\u0113jas.  <\/p>\n\n<h3 class=\"wp-block-heading\">Kad es varu braukt ar Transf\u0103g\u0103r\u0103\u0219an?<\/h3>\n\n<p>Parasti j\u016bnija beig\u0101s l\u012bdz oktobra beig\u0101m, atkar\u012bb\u0101 no laika apst\u0101k\u013ciem. Augstais posms (virs 1,800 m) ziem\u0101 ir sl\u0113gts sniega d\u0113\u013c. Pirms pl\u0101no\u0161anas p\u0101rbaudiet pa\u0161reiz\u0113jo statusu.  <\/p>\n\n<h3 class=\"wp-block-heading\">Vai es varu izmantot Rum\u0101nijas vinjeti Moldov\u0101?<\/h3>\n\n<p>N\u0113, jums ir nepiecie\u0161ama atsevi\u0161\u0137a <a href=\"https:\/\/vignettego.com\/highway-vignette-europe\/lv\/moldovas-cela-vinjete-2026-pilnigs-vinieta-celvedis\/\">Moldovas vinieta<\/a> Moldovai. Ieg\u0101d\u0101jieties abus <a href=\"https:\/\/vignettego.com\/\" title=\"Eiropas vinjetes\">vietn\u0113 VignetteGo<\/a>. <\/p>\n\n<div style=\"height:25px\" aria-hidden=\"true\" class=\"wp-block-spacer\"><\/div>\n\n<div class=\"wp-block-buttons is-content-justification-center is-layout-flex wp-container-core-buttons-is-layout-a89b3969 wp-block-buttons-is-layout-flex\">\n<div class=\"wp-block-button\"><a class=\"wp-block-button__link wp-element-button\" href=\"https:\/\/vignettego.com\/\" style=\"background-color:#e91e63;color:#ffffff;padding:15px 30px;font-size:18px;border-radius:8px;\">\ud83d\ude97 Ieg\u016bstiet savas Eiropas automa\u0123istr\u0101\u013cu vinjetes vietn\u0113 VignetteGo \u2192<\/a><\/div>\n<\/div>\n\n<div style=\"height:25px\" aria-hidden=\"true\" class=\"wp-block-spacer\"><\/div>\n\n<h2 class=\"wp-block-heading\">\ud83c\udff0 K\u0101p\u0113c apmekl\u0113t Rum\u0101niju?<\/h2>\n\n<ul class=\"wp-block-list\">\n<li><strong>Transilv\u0101nija:<\/strong> Viduslaiku pils\u0113tas, pilis un kalnu ainavas<\/li>\n<li><strong>Transf\u0103g\u0103r\u0103\u0219an:<\/strong> Viens no pasaules lab\u0101kajiem brauk\u0161anas ce\u013ciem<\/li>\n<li><strong>Meln\u0101s j\u016bras piekraste:<\/strong> Skaistas pludmales un sen\u0101s pils\u0113tas<\/li>\n<li><strong>Donavas delta:<\/strong> UNESCO biosf\u0113ras rezerv\u0101ts, p\u0101rsteidzo\u0161s putnu v\u0113ro\u0161ana<\/li>\n<li><strong>Pieejams:<\/strong> Lieliska izmitin\u0101\u0161ana, \u0113diens un ce\u013co\u0161ana<\/li>\n<li><strong>Bag\u0101ta kult\u016bra:<\/strong> Aizraujo\u0161s lat\u012b\u0146u, sl\u0101vu un osma\u0146u ietekmes sajaukums<\/li>\n<\/ul>\n\n<h2 class=\"wp-block-heading\">\ud83d\udccd Secin\u0101jums<\/h2>\n\n<p>Rum\u0101nija pied\u0101v\u0101 neticamu ce\u013cojuma v\u0113rt\u012bbu &#8211; no l\u0113t\u0101kaj\u0101m autoce\u013cu nodev\u0101m Eirop\u0101 l\u012bdz satrieco\u0161\u0101m ainav\u0101m un bag\u0101t\u012bgai kult\u016brai. Neatkar\u012bgi no t\u0101, vai j\u016bs dzen\u0101ties p\u0113c Drakulas le\u0123end\u0101m Transilv\u0101nij\u0101, iekarojat Transf\u0103g\u0103r\u0103\u0219an vai atp\u016b\u0161aties Meln\u0101s j\u016bras pludmal\u0113s, Rum\u0101nija sniedz neaizmirstamu pieredzi. <\/p>\n\n<p>Ieg\u016bstiet savu Rovinieta vietn\u0113 <a href=\"https:\/\/vignettego.com\/\" title=\"VignetteGo - Eiropas automa&#x123;istr&#x101;&#x13C;u vinjetes\">VignetteGo<\/a> &#8211; tas aiz\u0146em min\u016btes un maks\u0101 maz\u0101k nek\u0101 kafija!<\/p>\n\n<p><strong>Izbaudiet Rum\u0101niju! \ud83c\uddf7\ud83c\uddf4\ud83c\udfd4\ufe0f <\/strong><\/p>\n\n<p><strong>Saist\u012btie ce\u013cve\u017ei:<\/strong> <a href=\"https:\/\/vignettego.com\/highway-vignette-europe\/lv\/hungary-highway-vignette-2026-complete-e-matrica-guide-lv\/\">Ung\u0101rija E-Matrica<\/a> | <a href=\"https:\/\/vignettego.com\/highway-vignette-europe\/lv\/bulgarijas-sosejas-vinjete-2026-pilnigs-e-vinjetes-celvedis\/\">Bulg\u0101rijas E-vinjete<\/a> | <a href=\"https:\/\/vignettego.com\/highway-vignette-europe\/lv\/moldovas-cela-vinjete-2026-pilnigs-vinieta-celvedis\/\">Moldova Vinieta<\/a> | <a href=\"https:\/\/vignettego.com\/\">Visas Eiropas vinjetes<\/a><\/p>\n","protected":false},"excerpt":{"rendered":"<p>Rum\u0101nija pied\u0101v\u0101 da\u017eus no Eiropas iespaid\u012bg\u0101kajiem ce\u013cojumu galam\u0113r\u0137iem &#8211; no le\u0123end\u0101raj\u0101m Transilv\u0101nijas pil\u012bm l\u012bdz satrieco\u0161aj\u0101m Meln\u0101s j\u016bras pludmal\u0113m, majest\u0101tiskajiem Karpatu kalniem un unik\u0101lajai Donavas deltai. Un \u0161eit ir lab\u0101k\u0101s zi\u0146as: Rum\u0101nij\u0101 ir Eirop\u0101 vispieejam\u0101k\u0101 \u0161osejas vinjete, ko sauc par Rovinieta. Tikai da\u017ei eiro ned\u0113\u013c\u0101, Rum\u0101nijas izp\u0113te ar automa\u0161\u012bnu ir neticami bud\u017eetam draudz\u012bga. \u0160aj\u0101 visaptvero\u0161aj\u0101 ce\u013cved\u012b [&hellip;]<\/p>\n","protected":false},"author":0,"featured_media":0,"parent":0,"menu_order":0,"comment_status":"closed","ping_status":"closed","template":"","meta":{"footnotes":""},"class_list":["post-467","page","type-page","status-publish","hentry"],"_links":{"self":[{"href":"https:\/\/vignettego.com\/highway-vignette-europe\/lv\/wp-json\/wp\/v2\/pages\/467","targetHints":{"allow":["GET"]}}],"collection":[{"href":"https:\/\/vignettego.com\/highway-vignette-europe\/lv\/wp-json\/wp\/v2\/pages"}],"about":[{"href":"https:\/\/vignettego.com\/highway-vignette-europe\/lv\/wp-json\/wp\/v2\/types\/page"}],"replies":[{"embeddable":true,"href":"https:\/\/vignettego.com\/highway-vignette-europe\/lv\/wp-json\/wp\/v2\/comments?post=467"}],"version-history":[{"count":4,"href":"https:\/\/vignettego.com\/highway-vignette-europe\/lv\/wp-json\/wp\/v2\/pages\/467\/revisions"}],"predecessor-version":[{"id":1381,"href":"https:\/\/vignettego.com\/highway-vignette-europe\/lv\/wp-json\/wp\/v2\/pages\/467\/revisions\/1381"}],"wp:attachment":[{"href":"https:\/\/vignettego.com\/highway-vignette-europe\/lv\/wp-json\/wp\/v2\/media?parent=467"}],"curies":[{"name":"wp","href":"https:\/\/api.w.org\/{rel}","templated":true}]}}