{"id":445,"date":"2026-01-04T01:38:57","date_gmt":"2026-01-04T01:38:57","guid":{"rendered":"https:\/\/vignettego.com\/highway-vignette-europe\/horvatijas-sosejas-vinjete-2026-pilnigs-enc-un-digitalais-celu-nodevu-celvedis\/"},"modified":"2026-01-04T12:42:36","modified_gmt":"2026-01-04T12:42:36","slug":"horvatijas-sosejas-vinjete-2026-pilnigs-enc-un-digitalais-celu-nodevu-celvedis","status":"publish","type":"page","link":"https:\/\/vignettego.com\/highway-vignette-europe\/lv\/horvatijas-sosejas-vinjete-2026-pilnigs-enc-un-digitalais-celu-nodevu-celvedis\/","title":{"rendered":"Horv\u0101tijas \u0161osejas vinjete 2026: piln\u012bgs ENC un digit\u0101lais ce\u013cu nodevu ce\u013cvedis"},"content":{"rendered":"\n<script type=\"application\/ld+json\">{\n    \"@context\": \"https:\/\/schema.org\",\n    \"@graph\": [\n        {\n            \"@type\": \"Article\",\n            \"@id\": \"https:\/\/vignettego.com\/highway-vignette-europe\/croatia-highway-vignette-guide\/#article\",\n            \"headline\": \"Croatia Highway Vignette 2026: Complete ENC & Digital Toll Guide\",\n            \"description\": \"Everything about Croatian highway tolls, ENC electronic system, and digital vignette options. Learn about toll prices, the stunning A1 coastal motorway, and how to reach Dubrovnik, Split, and other destinations.\",\n            \"image\": \"https:\/\/vignettego.com\/highway-vignette-europe\/wp-content\/uploads\/2026\/09\/Highway-Vignette-Europe.jpg\",\n            \"datePublished\": \"2026-01-04\",\n            \"dateModified\": \"2026-01-04\",\n            \"author\": {\"@type\": \"Organization\", \"name\": \"VignetteGo\", \"url\": \"https:\/\/vignettego.com\"},\n            \"publisher\": {\"@type\": \"Organization\", \"name\": \"VignetteGo\"},\n            \"mainEntityOfPage\": {\"@type\": \"WebPage\", \"@id\": \"https:\/\/vignettego.com\/highway-vignette-europe\/croatia-highway-vignette-guide\/\"},\n            \"articleSection\": \"Highway Vignettes\",\n            \"keywords\": [\"Croatia toll\", \"Croatia highway\", \"ENC Croatia\", \"Croatian motorway\", \"A1 Croatia\", \"Dubrovnik road trip\", \"Split highway\"],\n            \"inLanguage\": \"en\",\n            \"speakable\": {\"@type\": \"SpeakableSpecification\", \"cssSelector\": [\".article-intro\", \"#faq-section\"]}\n        },\n        {\n            \"@type\": \"BreadcrumbList\",\n            \"itemListElement\": [\n                {\"@type\": \"ListItem\", \"position\": 1, \"name\": \"VignetteGo\", \"item\": \"https:\/\/vignettego.com\/\"},\n                {\"@type\": \"ListItem\", \"position\": 2, \"name\": \"Highway Vignette Europe\", \"item\": \"https:\/\/vignettego.com\/highway-vignette-europe\/\"},\n                {\"@type\": \"ListItem\", \"position\": 3, \"name\": \"Croatia Guide\", \"item\": \"https:\/\/vignettego.com\/highway-vignette-europe\/croatia-highway-vignette-guide\/\"}\n            ]\n        },\n        {\n            \"@type\": \"FAQPage\",\n            \"mainEntity\": [\n                {\"@type\": \"Question\", \"name\": \"Does Croatia use vignettes or toll booths?\", \"acceptedAnswer\": {\"@type\": \"Answer\", \"text\": \"Croatia traditionally uses a distance-based toll system with toll booths, but now also offers digital vignette options (E-Vinjeta) for certain sections. Many visitors use a combination of both or the ENC electronic device.\"}},\n                {\"@type\": \"Question\", \"name\": \"How much does the Croatian motorway toll cost?\", \"acceptedAnswer\": {\"@type\": \"Answer\", \"text\": \"Croatian tolls are distance-based. Zagreb to Split costs approximately EUR 25, Zagreb to Rijeka about EUR 8, and Split to Dubrovnik around EUR 12. The A1 motorway to the coast is the main toll route.\"}},\n                {\"@type\": \"Question\", \"name\": \"What is the ENC system in Croatia?\", \"acceptedAnswer\": {\"@type\": \"Answer\", \"text\": \"ENC (Elektroni\u010dka Naplata Cestarine) is Croatia electronic toll collection device. It provides faster passage through dedicated ENC lanes and often offers discounts. Available at toll plazas and service areas.\"}},\n                {\"@type\": \"Question\", \"name\": \"Can I pay Croatian tolls with credit card?\", \"acceptedAnswer\": {\"@type\": \"Answer\", \"text\": \"Yes, credit and debit cards are accepted at Croatian toll booths. Cash payment in EUR is also widely accepted since Croatia adopted the Euro in January 2023.\"}},\n                {\"@type\": \"Question\", \"name\": \"Is there a digital vignette for Croatia?\", \"acceptedAnswer\": {\"@type\": \"Answer\", \"text\": \"Yes, Croatia now offers E-Vinjeta (electronic vignettes) for certain motorway sections, providing an alternative to traditional toll booth payment. These can be purchased online.\"}}\n            ]\n        }\n    ]\n}\n<\/script>\n\n<figure class=\"wp-block-image aligncenter size-large\"><img decoding=\"async\" src=\"https:\/\/vignettego.com\/highway-vignette-europe\/wp-content\/uploads\/2026\/09\/Highway-Vignette-Europe.jpg\" alt=\"Horv&#x101;tijas autoce&#x13C;u nodevas 2026. gads - piln&#x12B;gs ce&#x13C;vedis Horv&#x101;tijas automa&#x123;istr&#x101;&#x13C;u nodevu sist&#x113;mai\" style=\"width:100%; height:auto; margin-bottom:20px;\"\/><\/figure>\n\n<p class=\"article-intro\">Horv\u0101tija ir viens no popul\u0101r\u0101kajiem vasaras galam\u0113r\u0137iem Eirop\u0101, kas slavena ar savu satrieco\u0161o Adrijas j\u016bras piekrasti, krist\u0101ldzidriem \u016bde\u0146iem, v\u0113sturisk\u0101m pils\u0113t\u0101m, piem\u0113ram, Dubrovniku un Splitu, un skaist\u0101m sal\u0101m. Braucot uz Horv\u0101tiju, paveras neticamas iesp\u0113jas &#8211; no senajiem Dubrovnikas m\u016briem l\u012bdz Zr\u0107e ball\u012b\u0161u pludmal\u0113m, Plitvices ezeru \u016bdenskritumiem l\u012bdz burv\u012bgajai Istrijai. \u0160aj\u0101 ce\u013cved\u012b ir izskaidrots viss par Horv\u0101tijas autoce\u013cu nodevu sist\u0113mu 2026. gad\u0101, tostarp <strong>ENC elektronisk\u0101 sist\u0113ma<\/strong>, <strong>digit\u0101l\u0101s vinjetes iesp\u0113jas<\/strong> un praktiski padomi Horv\u0101tijas ce\u013cojumam.  <\/p>\n\n<div style=\"height:25px\" aria-hidden=\"true\" class=\"wp-block-spacer\"><\/div>\n\n<div class=\"wp-block-buttons is-content-justification-center is-layout-flex wp-container-core-buttons-is-layout-a89b3969 wp-block-buttons-is-layout-flex\">\n<div class=\"wp-block-button\"><a class=\"wp-block-button__link wp-element-button\" href=\"https:\/\/vignettego.com\/\" style=\"background-color:#0066cc;color:#ffffff;padding:15px 30px;font-size:18px;border-radius:8px;\">\ud83d\ude97 Ieg\u016bstiet savu Horv\u0101tijas digit\u0101lo vinjeti vietn\u0113 VignetteGo<\/a><\/div>\n<\/div>\n\n<div style=\"height:25px\" aria-hidden=\"true\" class=\"wp-block-spacer\"><\/div>\n\n<h2 class=\"wp-block-heading\">\ud83c\udded\ud83c\uddf7 Horv\u0101tijas nodevu sist\u0113mas skaidrojums<\/h2>\n\n<p>At\u0161\u0137ir\u012bb\u0101 no vairuma Centr\u0101leiropas valstu, kas izmanto laika vinjetes, Horv\u0101tija tradicion\u0101li izmanto <strong>uz att\u0101lumu balst\u012btu nodevu sist\u0113mu<\/strong> ar fizisk\u0101m nodevu kab\u012bn\u0113m. Iebraucot automa\u0123istr\u0101l\u0113, j\u016bs \u0146emat bi\u013ceti un maks\u0101jat, pamatojoties uz nobraukto att\u0101lumu, izbraucot. Tom\u0113r Horv\u0101tija tagad pied\u0101v\u0101 ar\u012b <strong>digit\u0101l\u0101s vinjetes iesp\u0113jas (E-Vinjeta)<\/strong> da\u017eiem automa\u0123istr\u0101\u013cu posmiem, nodro\u0161inot ce\u013cot\u0101jiem liel\u0101ku elast\u012bbu.  <\/p>\n\n<p>Horv\u0101tijas automa\u0123istr\u0101\u013cu t\u012bklu p\u0101rvalda <strong>HAC (Hrvatske Autoceste)<\/strong> un <strong>AZM (Autocesta Zagreb-Macelj).<\/strong> Kop\u0161 2023. gada janv\u0101ra Horv\u0101tija ir pie\u0146\u0113musi <strong>eiro (EUR)<\/strong> par savu val\u016btu, atvieglojot maks\u0101jumus ES apmekl\u0113t\u0101jiem. <\/p>\n\n<h2 class=\"wp-block-heading\">\ud83d\udccb Horv\u0101tijas ce\u013cu nodevu apmaksas iesp\u0113jas<\/h2>\n\n<h3 class=\"wp-block-heading\">1. variants: tradicion\u0101l\u0101s maksas kab\u012bnes (visizplat\u012bt\u0101k\u0101s)<\/h3>\n\n<p>Pa\u0146emiet bi\u013ceti pie ieejas, maks\u0101jiet pie izejas. Maks\u0101jums pie\u0146emts: <\/p>\n\n<ul class=\"wp-block-list\">\n<li><strong>Skaidra nauda:<\/strong> EUR (Horv\u0101tijas kuna vairs nav nepiecie\u0161ama)<\/li>\n<li><strong>Kred\u012btkartes\/debetkartes:<\/strong> Visa, Mastercard pla\u0161i pie\u0146emts<\/li>\n<li><strong>ENC ier\u012bce:<\/strong> Elektroniskais maks\u0101jums (skat\u012bt zem\u0101k)<\/li>\n<\/ul>\n\n<h3 class=\"wp-block-heading\">2. iesp\u0113ja: ENC elektronisk\u0101 ier\u012bce<\/h3>\n\n<p><strong>ENC (Elektroni\u010dka Naplata Cestarine)<\/strong> ir Horv\u0101tijas elektronisk\u0101 nodevu iekas\u0113\u0161anas sist\u0113ma. Ieguvumi: <\/p>\n\n<ul class=\"wp-block-list\">\n<li>\u0100tr\u0101ka p\u0101rvieto\u0161an\u0101s pa \u012bpa\u0161\u0101m ENC josl\u0101m<\/li>\n<li>Iesp\u0113jam\u0101s atlaides nodevu maks\u0101m<\/li>\n<li>Nav nepiecie\u0161ams apst\u0101ties pie maksas punktiem<\/li>\n<li>Pieejams ieg\u0101dei maksas viet\u0101s un apkalpo\u0161anas viet\u0101s<\/li>\n<\/ul>\n\n<p>ENC ier\u012bce maks\u0101 nelielu depoz\u012btu, un to var papildin\u0101t ar kred\u012btu. Bie\u017eiem apmekl\u0113t\u0101jiem tas ir \u013coti ieteicams. <\/p>\n\n<h3 class=\"wp-block-heading\">3. variants: digit\u0101l\u0101 vinjete (E-Vinjeta)<\/h3>\n\n<p>Horv\u0101tija tagad pied\u0101v\u0101 <strong>E-Vinjeta<\/strong> (elektronisk\u0101s vinjetes) noteiktiem automa\u0123istr\u0101\u013cu posmiem, \u013caujot piln\u012bb\u0101 apiet maksas kab\u012bnes. Pieejams <a href=\"https:\/\/vignettego.com\/\" title=\"Horv&#x101;tijas digit&#x101;l&#x101; vinjete\">vietn\u0113 VignetteGo<\/a>. <\/p>\n\n<div style=\"height:25px\" aria-hidden=\"true\" class=\"wp-block-spacer\"><\/div>\n\n<div class=\"wp-block-buttons is-content-justification-center is-layout-flex wp-container-core-buttons-is-layout-a89b3969 wp-block-buttons-is-layout-flex\">\n<div class=\"wp-block-button\"><a class=\"wp-block-button__link wp-element-button\" href=\"https:\/\/vignettego.com\/\" style=\"background-color:#28a745;color:#ffffff;padding:15px 30px;font-size:18px;border-radius:8px;\">\u2705 Ieg\u016bstiet Eiropas vinjetes &#8211; visas valstis &#8211; vietn\u0113 VignetteGo<\/a><\/div>\n<\/div>\n\n<div style=\"height:25px\" aria-hidden=\"true\" class=\"wp-block-spacer\"><\/div>\n\n<h2 class=\"wp-block-heading\">\ud83d\udcb0 Horv\u0101tijas automa\u0123istr\u0101\u013cu nodevu cenas 2026. gad\u0101<\/h2>\n\n<p>Horv\u0101tijas ce\u013cu nodevas ir atkar\u012bgas no att\u0101luma, t\u0101p\u0113c izmaksas ir atkar\u012bgas no j\u016bsu mar\u0161ruta. \u0160eit ir aptuvenas cenas kop\u0113jiem mar\u0161rutiem (I kategorija &#8211; parast\u0101s automa\u0161\u012bnas): <\/p>\n\n<figure class=\"wp-block-table\"><table><thead><tr><th>Mar\u0161ruts<\/th><th>Att\u0101lums<\/th><th>Aptuven\u0101 maksa <\/th><\/tr><\/thead><tbody><tr><td><strong>Zagreba \u2013 Splita<\/strong><\/td><td>~400 km<\/td><td>~25 EUR<\/td><\/tr><tr><td><strong>Zagreba \u2013 Rijeka<\/strong><\/td><td>~170 km<\/td><td>~8 EUR<\/td><\/tr><tr><td><strong>Zagreba \u2013 Zadara<\/strong><\/td><td>~280 km<\/td><td>~17 EUR<\/td><\/tr><tr><td><strong>Splita \u2013 Dubrovnika<\/strong><\/td><td>~220 km<\/td><td>~12 EUR<\/td><\/tr><tr><td><strong>Zagreba \u2013 Dubrovnika<\/strong><\/td><td>~600 km<\/td><td>~35 EUR<\/td><\/tr><tr><td><strong>\u013bub\u013cana \u2013 Zagreba<\/strong><\/td><td>~140 km<\/td><td>~7 EUR<\/td><\/tr><\/tbody><\/table><\/figure>\n\n<p><strong>Piez\u012bme:<\/strong> Cenas ir indikat\u012bvas. Faktisk\u0101s nodevas var nedaudz at\u0161\u0137irties atkar\u012bb\u0101 no konkr\u0113tiem iebrauk\u0161anas\/izbrauk\u0161anas punktiem un transportl\u012bdzek\u013ca kategorijas. <\/p>\n\n<h2 class=\"wp-block-heading\">\ud83d\udee3\ufe0f Horv\u0101tijas automa\u0123istr\u0101\u013cu t\u012bkls<\/h2>\n\n<p>Horv\u0101tijai ir lielisks automa\u0123istr\u0101\u013cu t\u012bkls, kas savieno liel\u0101k\u0101s pils\u0113tas un piekrasti. \u0160eit ir galvenie mar\u0161ruti: <\/p>\n\n<h3 class=\"wp-block-heading\">A1 \u2013 Dalm\u0101cijas automa\u0123istr\u0101le<\/h3>\n\n<p>Svar\u012bg\u0101kais t\u016brisma mar\u0161ruts, kas savieno <strong>Zagrebu ar Splitu un turpina virzien\u0101 uz Dubrovniku<\/strong>. \u0160\u012b satrieco\u0161\u0101 automa\u0123istr\u0101le iet paral\u0113li Adrijas j\u016bras piekrastei, pied\u0101v\u0101jot piek\u013cuvi visiem galvenajiem piekrastes galam\u0113r\u0137iem. Kop\u0113jais garums: aptuveni 550 km. Iek\u013cauti vair\u0101ki iespaid\u012bgi tilti un tune\u013ci caur Din\u0101ru Alpiem.   <\/p>\n\n<h3 class=\"wp-block-heading\">A2 \u2013 no Zagrebas l\u012bdz Macelj (Slov\u0113nijas robe\u017ea)<\/h3>\n\n<p>Savieno Zagrebu ar Slov\u0113niju, turpinot uz \u013bub\u013canu un t\u0101l\u0101k. Galvenais mar\u0161ruts ce\u013cot\u0101jiem, kas n\u0101k no Centr\u0101leiropas. Garums: aptuveni 60 km Horv\u0101tij\u0101.  <\/p>\n\n<h3 class=\"wp-block-heading\">A3 \u2013 no Bregana l\u012bdz Lipovac<\/h3>\n\n<p>Austrumu-rietumu mar\u0161ruts, kas savieno Slov\u0113nijas robe\u017eu (Bregana) caur Zagrebu l\u012bdz Serbijas robe\u017eai (Lipovac). Da\u013ca no Eiropas E70 koridora. Garums: aptuveni 300 km.  <\/p>\n\n<h3 class=\"wp-block-heading\">A4 \u2013 no Zagrebas l\u012bdz Gori\u010danai (Ung\u0101rijas robe\u017ea)<\/h3>\n\n<p>Savieno Zagrebu ar Ung\u0101riju, galvenais mar\u0161ruts ce\u013cot\u0101jiem, kas n\u0101k no Budape\u0161tas. Garums: aptuveni 97 km. <\/p>\n\n<h3 class=\"wp-block-heading\">A6 \u2013 Rijekas apvedce\u013c\u0161<\/h3>\n\n<p>Savieno A1 Bosiljev\u0101 ar Rijeku un Istrijas pussalu. B\u016btiski, lai nok\u013c\u016btu Istrij\u0101 no Zagrebas. <\/p>\n\n<h3 class=\"wp-block-heading\">A7\/A8\/A9 \u2013 Istrijas Y<\/h3>\n\n<p>Automa\u0123istr\u0101\u013cu t\u012bkls, kas apkalpo Istrijas pussalu un savieno Rijeku ar Pulu un citiem Istrijas galam\u0113r\u0137iem. Parasti maz\u0101ka satiksme nek\u0101 A1. <\/p>\n\n<div style=\"height:25px\" aria-hidden=\"true\" class=\"wp-block-spacer\"><\/div>\n\n<div class=\"wp-block-buttons is-content-justification-center is-layout-flex wp-container-core-buttons-is-layout-a89b3969 wp-block-buttons-is-layout-flex\">\n<div class=\"wp-block-button\"><a class=\"wp-block-button__link wp-element-button\" href=\"https:\/\/vignettego.com\/\" style=\"background-color:#ff6600;color:#ffffff;padding:15px 30px;font-size:18px;border-radius:8px;\">\ud83d\uded2 Ieg\u016bstiet savas Eiropas vinjetes tagad vietn\u0113 VignetteGo<\/a><\/div>\n<\/div>\n\n<div style=\"height:25px\" aria-hidden=\"true\" class=\"wp-block-spacer\"><\/div>\n\n<h2 class=\"wp-block-heading\">\ud83d\uddfa\ufe0f Popul\u0101ri Horv\u0101tijas ce\u013cojumu mar\u0161ruti<\/h2>\n\n<h3 class=\"wp-block-heading\">Zagreba \u2013 Splita (Dalm\u0101cijas automa\u0123istr\u0101le A1)<\/h3>\n\n<p><strong>Att\u0101lums:<\/strong> ~400 km | <strong>Ilgums:<\/strong> 4-4,5 stundas | <strong>Nodeva:<\/strong> ~25 EUR<\/p>\n\n<p>Klasiskais Horv\u0101tijas ce\u013cojuma mar\u0161ruts. A1 ir moderna, labiek\u0101rtota automa\u0123istr\u0101le ar lielisk\u0101m apkalpo\u0161anas zon\u0101m. Apsveriet iesp\u0113ju apst\u0101ties Plitvicas ezeru nacion\u0101laj\u0101 park\u0101 (izeja Gornja Plo\u010da) &#8211; vien\u0101 no Horv\u0101tijas skaist\u0101kajiem dabas objektiem.  <\/p>\n\n<h3 class=\"wp-block-heading\">Zagreba uz Dubrovniku<\/h3>\n\n<p><strong>Att\u0101lums:<\/strong> ~600 km | <strong>Ilgums:<\/strong> 5.5-6 stundas | <strong>Nodeva:<\/strong> ~35 EUR<\/p>\n\n<p>Gal\u012bgais Horv\u0101tijas ce\u013cojums, kas beidzas satrieco\u0161aj\u0101 m\u016bra pils\u0113t\u0101 Dubrovnik\u0101. \u0145emiet v\u0113r\u0101, ka \u0161is mar\u0161ruts \u012bsi \u0161\u0137\u0113rso <strong>Bosniju un Hercegovinu<\/strong> Neuma koridor\u0101 (bez maksas, bet n\u0113s\u0101jiet pasi). Alternat\u012bvi, dodieties uz Pelje\u0161ac tiltu, lai piln\u012bb\u0101 paliktu Horv\u0101tij\u0101.  <\/p>\n\n<h3 class=\"wp-block-heading\">\u013bub\u013cana (Slov\u0113nija) uz Zagrebu<\/h3>\n\n<p><strong>Att\u0101lums:<\/strong> ~140 km | <strong>Ilgums:<\/strong> 1,5-2 stundas | <strong>Nodeva:<\/strong> ~7 EUR (Horv\u0101tija) + Slov\u0113nijas vinjete<\/p>\n\n<p>Galvenais mar\u0161ruts no Centr\u0101leiropas. Jums b\u016bs nepiecie\u0161ama <a href=\"https:\/\/vignettego.com\/highway-vignette-europe\/lv\/slovenijas-sosejas-vinjete-2026-pilnigs-e-vinjeta-celvedis\/\">Slov\u0113nijas E-Vinjeta<\/a> Slov\u0113nijas brauciena da\u013cai. <\/p>\n\n<h3 class=\"wp-block-heading\">Istrijas piekrastes t\u016bre<\/h3>\n\n<p><strong>Mar\u0161ruts:<\/strong> Rijeka \u2192 Opatija \u2192 Pula \u2192 Rovinj \u2192 Pore\u010d \u2192 atpaka\u013c uz Rijeka<\/p>\n\n<p>Izp\u0113tiet skaisto Istrijas pussalu ar it\u0101\u013cu ietekm\u0113to virtuvi, kalnu ciemati\u0146iem un burv\u012bg\u0101m piekrastes pils\u0113t\u0101m. Maz\u0101k p\u0101rpild\u012bts nek\u0101 Dalm\u0101cijas piekraste. <\/p>\n\n<h2 class=\"wp-block-heading\">\ud83d\udca1 Horv\u0101tijas brauk\u0161anas padomi 2026. gadam<\/h2>\n\n<h3 class=\"wp-block-heading\">Val\u016bta<\/h3>\n\n<p>Kop\u0161 2023. gada janv\u0101ra Horv\u0101tija izmanto <strong>eiro (EUR).<\/strong> Nav nepiecie\u0161ams main\u012bt naudu, ja ierodaties no citas eirozonas valsts. Kred\u012btkartes tiek pla\u0161i pie\u0146emtas.  <\/p>\n\n<h3 class=\"wp-block-heading\">\u0100truma ierobe\u017eojumi<\/h3>\n\n<ul class=\"wp-block-list\">\n<li><strong>Automa\u0123istr\u0101les:<\/strong> 130 km\/h<\/li>\n<li><strong>Valsts autoce\u013ci:<\/strong> 90 km\/h<\/li>\n<li><strong>Pils\u0113tas teritorijas:<\/strong> 50 km\/h<\/li>\n<\/ul>\n\n<h3 class=\"wp-block-heading\">Vasaras satiksme<\/h3>\n\n<p><strong>Br\u012bdin\u0101jums:<\/strong> A1 uz krastu j\u016blij\u0101 un august\u0101 ir <strong>\u0101rk\u0101rt\u012bgi intens\u012bva satiksme<\/strong> , \u012bpa\u0161i sestdien\u0101s (ned\u0113\u013cas nomas mai\u0146as diena). Ce\u013cojiet agri no r\u012bta vai v\u0113lu vakar\u0101, lai izvair\u012btos no slikt\u0101kajiem sastr\u0113gumiem. <\/p>\n\n<h3 class=\"wp-block-heading\">Nepiecie\u0161amais apr\u012bkojums<\/h3>\n\n<ul class=\"wp-block-list\">\n<li>Br\u012bdin\u0101juma tr\u012bsst\u016bris<\/li>\n<li>Atstarojo\u0161a veste<\/li>\n<li>Pirm\u0101s pal\u012bdz\u012bbas aptieci\u0146a<\/li>\n<li>Brauk\u0161anas laik\u0101 vienm\u0113r iesl\u0113gti priek\u0161\u0113jie lukturi<\/li>\n<\/ul>\n\n<h2 class=\"wp-block-heading\" id=\"faq-section\">\u2753 Bie\u017e\u0101k uzdotie jaut\u0101jumi<\/h2>\n\n<h3 class=\"wp-block-heading\">Vai man ir nepiecie\u0161ama vinjete vai j\u0101maks\u0101 maksas punktos Horv\u0101tij\u0101?<\/h3>\n\n<p>Varat izmantot jebkuru sist\u0113mu. Tradicion\u0101l\u0101s nodevu kab\u012bnes darbojas p\u0113c att\u0101luma. Alternat\u012bvi digit\u0101l\u0101s vinjetes (E-Vinjeta) tagad ir pieejamas atsevi\u0161\u0137\u0101m sada\u013c\u0101m.  <\/p>\n\n<h3 class=\"wp-block-heading\">Vai es varu braukt uz Dubrovniku, neizejot no Horv\u0101tijas?<\/h3>\n\n<p>J\u0101! Kop\u0161 Pelje\u0161ac tilta atkl\u0101\u0161anas 2022. gad\u0101 j\u016bs varat braukt no Splitas uz Dubrovniku, ne\u0161\u0137\u0113rsojot Bosnijas un Hercegovinas Neum koridoru. <\/p>\n\n<h3 class=\"wp-block-heading\">Vai ENC ier\u012bce ir t\u0101 v\u0113rts?<\/h3>\n\n<p>Bie\u017eiem apmekl\u0113t\u0101jiem vai tiem, kas uzturas vair\u0101kas ned\u0113\u013cas, j\u0101. Vienam braucienam nodevas kab\u012bnes vai digit\u0101l\u0101s vinjetes ir praktisk\u0101kas. <\/p>\n\n<div style=\"height:25px\" aria-hidden=\"true\" class=\"wp-block-spacer\"><\/div>\n\n<div class=\"wp-block-buttons is-content-justification-center is-layout-flex wp-container-core-buttons-is-layout-a89b3969 wp-block-buttons-is-layout-flex\">\n<div class=\"wp-block-button\"><a class=\"wp-block-button__link wp-element-button\" href=\"https:\/\/vignettego.com\/\" style=\"background-color:#e91e63;color:#ffffff;padding:15px 30px;font-size:18px;border-radius:8px;\">\ud83d\ude97 Ieg\u016bstiet savas Eiropas automa\u0123istr\u0101\u013cu vinjetes vietn\u0113 VignetteGo \u2192<\/a><\/div>\n<\/div>\n\n<div style=\"height:25px\" aria-hidden=\"true\" class=\"wp-block-spacer\"><\/div>\n\n<h2 class=\"wp-block-heading\">\ud83c\udfd6\ufe0f K\u0101p\u0113c apmekl\u0113t Horv\u0101tiju?<\/h2>\n\n<ul class=\"wp-block-list\">\n<li><strong>Satrieco\u0161s piekraste:<\/strong> Vair\u0101k nek\u0101 1 000 salu un krist\u0101ldzidri Adrijas j\u016bras \u016bde\u0146i<\/li>\n<li><strong>V\u0113sturisk\u0101s pils\u0113tas:<\/strong> Dubrovnika, Splita, Zadara \u2014 UNESCO Pasaules mantojuma vietas<\/li>\n<li><strong>Tro\u0146u sp\u0113les atra\u0161an\u0101s vietas:<\/strong> Dubrovnika kalpoja k\u0101 Kings Landing<\/li>\n<li><strong>Plitvices ezeri:<\/strong> Iespaid\u012bgs nacion\u0101lais parks ar kask\u0101des \u016bdenskritumiem<\/li>\n<li><strong>Istrija:<\/strong> It\u0101\u013cu virtuve, trife\u013cu med\u012bbas, ciemati kalnu virsotn\u0113s<\/li>\n<li><strong>Ball\u012btes skatuve:<\/strong> Zr\u0107e pludmale ir &#8220;Horv\u0101tijas Ibiza&#8221;<\/li>\n<\/ul>\n\n<h2 class=\"wp-block-heading\">\ud83d\udccd Secin\u0101jums<\/h2>\n\n<p>Horv\u0101tija pied\u0101v\u0101 da\u017eus no Eiropas izdev\u012bg\u0101kajiem ce\u013cojumiem, s\u0101kot no dramatisk\u0101s A1 automa\u0123istr\u0101les l\u012bdz l\u012bkumotajiem piekrastes ce\u013ciem un burv\u012bgajiem Istrijas ciemiem. Neatkar\u012bgi no t\u0101, vai dodat priek\u0161roku tradicion\u0101laj\u0101m nodevu kab\u012bn\u0113m, ENC elektroniskajai sist\u0113mai vai jaunaj\u0101m digit\u0101laj\u0101m vinjetes iesp\u0113j\u0101m, p\u0101rvieto\u0161an\u0101s pa Horv\u0101tiju ar automa\u0161\u012bnu ir vienk\u0101r\u0161a. <\/p>\n\n<p>Lai nok\u013c\u016btu Horv\u0101tij\u0101 no Centr\u0101leiropas, j\u016bs, visticam\u0101k, \u0161\u0137\u0113rsosiet <a href=\"https:\/\/vignettego.com\/highway-vignette-europe\/lv\/slovenijas-sosejas-vinjete-2026-pilnigs-e-vinjeta-celvedis\/\">Slov\u0113niju<\/a> vai <a href=\"https:\/\/vignettego.com\/highway-vignette-europe\/lv\/hungary-highway-vignette-2026-complete-e-matrica-guide-lv\/\">Ung\u0101riju<\/a>. Ieg\u016bstiet visas vinjetes vienuviet <a href=\"https:\/\/vignettego.com\/\" title=\"VignetteGo - Eiropas automa&#x123;istr&#x101;&#x13C;u vinjetes\">vietn\u0113 VignetteGo<\/a>. <\/p>\n\n<p><strong>Izbaudiet Horv\u0101tijas piekrasti! \ud83c\udded\ud83c\uddf7\ud83c\udfd6\ufe0f <\/strong><\/p>\n\n<p><strong>Saist\u012btie ce\u013cve\u017ei:<\/strong> <a href=\"https:\/\/vignettego.com\/highway-vignette-europe\/lv\/slovenijas-sosejas-vinjete-2026-pilnigs-e-vinjeta-celvedis\/\">Slov\u0113nija E-Vinjeta<\/a> | <a href=\"https:\/\/vignettego.com\/highway-vignette-europe\/lv\/hungary-highway-vignette-2026-complete-e-matrica-guide-lv\/\">Ung\u0101rija E-Matrica<\/a> | <a href=\"https:\/\/vignettego.com\/\">Visas Eiropas vinjetes<\/a><\/p>\n","protected":false},"excerpt":{"rendered":"<p>Horv\u0101tija ir viens no popul\u0101r\u0101kajiem vasaras galam\u0113r\u0137iem Eirop\u0101, kas slavena ar savu satrieco\u0161o Adrijas j\u016bras piekrasti, krist\u0101ldzidriem \u016bde\u0146iem, v\u0113sturisk\u0101m pils\u0113t\u0101m, piem\u0113ram, Dubrovniku un Splitu, un skaist\u0101m sal\u0101m. Braucot uz Horv\u0101tiju, paveras neticamas iesp\u0113jas &#8211; no senajiem Dubrovnikas m\u016briem l\u012bdz Zr\u0107e ball\u012b\u0161u pludmal\u0113m, Plitvices ezeru \u016bdenskritumiem l\u012bdz burv\u012bgajai Istrijai. \u0160aj\u0101 ce\u013cved\u012b ir izskaidrots viss par Horv\u0101tijas [&hellip;]<\/p>\n","protected":false},"author":0,"featured_media":0,"parent":0,"menu_order":0,"comment_status":"closed","ping_status":"closed","template":"","meta":{"footnotes":""},"class_list":["post-445","page","type-page","status-publish","hentry"],"_links":{"self":[{"href":"https:\/\/vignettego.com\/highway-vignette-europe\/lv\/wp-json\/wp\/v2\/pages\/445","targetHints":{"allow":["GET"]}}],"collection":[{"href":"https:\/\/vignettego.com\/highway-vignette-europe\/lv\/wp-json\/wp\/v2\/pages"}],"about":[{"href":"https:\/\/vignettego.com\/highway-vignette-europe\/lv\/wp-json\/wp\/v2\/types\/page"}],"replies":[{"embeddable":true,"href":"https:\/\/vignettego.com\/highway-vignette-europe\/lv\/wp-json\/wp\/v2\/comments?post=445"}],"version-history":[{"count":4,"href":"https:\/\/vignettego.com\/highway-vignette-europe\/lv\/wp-json\/wp\/v2\/pages\/445\/revisions"}],"predecessor-version":[{"id":1380,"href":"https:\/\/vignettego.com\/highway-vignette-europe\/lv\/wp-json\/wp\/v2\/pages\/445\/revisions\/1380"}],"wp:attachment":[{"href":"https:\/\/vignettego.com\/highway-vignette-europe\/lv\/wp-json\/wp\/v2\/media?parent=445"}],"curies":[{"name":"wp","href":"https:\/\/api.w.org\/{rel}","templated":true}]}}