{"id":429,"date":"2026-01-04T01:38:16","date_gmt":"2026-01-04T01:38:16","guid":{"rendered":"https:\/\/vignettego.com\/highway-vignette-europe\/slovenijas-sosejas-vinjete-2026-pilnigs-e-vinjeta-celvedis\/"},"modified":"2026-01-04T12:43:53","modified_gmt":"2026-01-04T12:43:53","slug":"slovenijas-sosejas-vinjete-2026-pilnigs-e-vinjeta-celvedis","status":"publish","type":"page","link":"https:\/\/vignettego.com\/highway-vignette-europe\/lv\/slovenijas-sosejas-vinjete-2026-pilnigs-e-vinjeta-celvedis\/","title":{"rendered":"Slov\u0113nijas \u0161osejas vinjete 2026: piln\u012bgs E-Vinjeta ce\u013cvedis"},"content":{"rendered":"\n<script type=\"application\/ld+json\">{\n    \"@context\": \"https:\/\/schema.org\",\n    \"@graph\": [\n        {\n            \"@type\": \"Article\",\n            \"@id\": \"https:\/\/vignettego.com\/highway-vignette-europe\/slovenia-highway-vignette-guide\/#article\",\n            \"headline\": \"Slovenia Highway Vignette 2026: Complete E-Vinjeta Guide\",\n            \"description\": \"Everything about the Slovenian E-Vinjeta 2026: prices, validity, how to buy online, and essential tips for driving on Slovenian motorways. Your complete guide to the electronic vignette system.\",\n            \"image\": \"https:\/\/vignettego.com\/highway-vignette-europe\/wp-content\/uploads\/2026\/09\/Highway-Vignette-Europe.jpg\",\n            \"datePublished\": \"2026-01-04\",\n            \"dateModified\": \"2026-01-04\",\n            \"author\": {\"@type\": \"Organization\", \"name\": \"VignetteGo\", \"url\": \"https:\/\/vignettego.com\"},\n            \"publisher\": {\"@type\": \"Organization\", \"name\": \"VignetteGo\"},\n            \"mainEntityOfPage\": {\"@type\": \"WebPage\", \"@id\": \"https:\/\/vignettego.com\/highway-vignette-europe\/slovenia-highway-vignette-guide\/\"},\n            \"articleSection\": \"Highway Vignettes\",\n            \"keywords\": [\"Slovenia vignette\", \"E-Vinjeta\", \"Slovenian motorway\", \"Ljubljana driving\", \"Bled road trip\", \"Slovenia toll\"],\n            \"inLanguage\": \"en\",\n            \"speakable\": {\"@type\": \"SpeakableSpecification\", \"cssSelector\": [\".article-intro\", \"#faq-section\"]}\n        },\n        {\n            \"@type\": \"BreadcrumbList\",\n            \"itemListElement\": [\n                {\"@type\": \"ListItem\", \"position\": 1, \"name\": \"VignetteGo\", \"item\": \"https:\/\/vignettego.com\/\"},\n                {\"@type\": \"ListItem\", \"position\": 2, \"name\": \"Highway Vignette Europe\", \"item\": \"https:\/\/vignettego.com\/highway-vignette-europe\/\"},\n                {\"@type\": \"ListItem\", \"position\": 3, \"name\": \"Slovenia Guide\", \"item\": \"https:\/\/vignettego.com\/highway-vignette-europe\/slovenia-highway-vignette-guide\/\"}\n            ]\n        },\n        {\n            \"@type\": \"FAQPage\",\n            \"mainEntity\": [\n                {\"@type\": \"Question\", \"name\": \"How much does a Slovenian E-Vinjeta cost?\", \"acceptedAnswer\": {\"@type\": \"Answer\", \"text\": \"For 2026, prices are: 7-day vignette EUR 16, 30-day vignette EUR 32, and annual vignette EUR 117 for standard vehicles (class 2A). These are approximate prices and may be adjusted.\"}},\n                {\"@type\": \"Question\", \"name\": \"Can I buy the Slovenian E-Vinjeta online?\", \"acceptedAnswer\": {\"@type\": \"Answer\", \"text\": \"Yes, you can purchase the E-Vinjeta online at VignetteGo or the official DARS website. Registration is linked to your license plate, so no physical sticker is needed.\"}},\n                {\"@type\": \"Question\", \"name\": \"Do I need a vignette for all roads in Slovenia?\", \"acceptedAnswer\": {\"@type\": \"Answer\", \"text\": \"No, only motorways (avtoceste) and expressways (hitre ceste) require a vignette. Regular national and local roads are free to use.\"}},\n                {\"@type\": \"Question\", \"name\": \"What if I drive without a vignette in Slovenia?\", \"acceptedAnswer\": {\"@type\": \"Answer\", \"text\": \"Fines for driving without a valid E-Vinjeta are significant\u2014EUR 300 to 800 for cars. Enforcement is done via cameras, so non-compliance is easily detected.\"}},\n                {\"@type\": \"Question\", \"name\": \"How long is the Slovenian vignette valid?\", \"acceptedAnswer\": {\"@type\": \"Answer\", \"text\": \"The 7-day E-Vinjeta is valid for 7 consecutive days from your chosen start date. The 30-day is valid for 30 days, and the annual runs from purchase date for one year.\"}}\n            ]\n        }\n    ]\n}\n<\/script>\n\n<figure class=\"wp-block-image aligncenter size-large\"><img decoding=\"async\" src=\"https:\/\/vignettego.com\/highway-vignette-europe\/wp-content\/uploads\/2026\/09\/Highway-Vignette-Europe.jpg\" alt=\"Slov&#x113;nija E-Vinjeta 2026 - piln&#x12B;gs ce&#x13C;vedis Slov&#x113;nijas &#x161;osejas vinjetei\" style=\"width:100%; height:auto; margin-bottom:20px;\"\/><\/figure>\n\n<p class=\"article-intro\">Slov\u0113nija var b\u016bt maza, bet t\u0101 pied\u0101v\u0101 neticami daudzveid\u012bgas ainavas &#8211; no satrieco\u0161ajiem J\u016blija Alpiem un smaragda Bledas ezera l\u012bdz Vidusj\u016bras piekrastei un pla\u0161aj\u0101m Karsta al\u0101m. \u0160\u012b Alpu valsts ir galven\u0101 tranz\u012bta valsts ce\u013cot\u0101jiem, kas brauc starp Centr\u0101leiropu un Adrijas j\u016bru. \u0160aj\u0101 ce\u013cved\u012b ir apl\u016bkots viss par <strong>Slov\u0113nijas E-Vinjeta (elektronisko vinjeti)<\/strong> 2026. gadam: cenas, der\u012bgums, kur ieg\u0101d\u0101ties, un b\u016btiski padomi j\u016bsu Slov\u0113nijas ce\u013cojumam.  <\/p>\n\n<div style=\"height:25px\" aria-hidden=\"true\" class=\"wp-block-spacer\"><\/div>\n\n<div class=\"wp-block-buttons is-content-justification-center is-layout-flex wp-container-core-buttons-is-layout-a89b3969 wp-block-buttons-is-layout-flex\">\n<div class=\"wp-block-button\"><a class=\"wp-block-button__link wp-element-button\" href=\"https:\/\/vignettego.com\/\" style=\"background-color:#0066cc;color:#ffffff;padding:15px 30px;font-size:18px;border-radius:8px;\">\ud83d\ude97 Ieg\u016bstiet savu Slov\u0113nijas e-Vinjeta vietn\u0113 VignetteGo<\/a><\/div>\n<\/div>\n\n<div style=\"height:25px\" aria-hidden=\"true\" class=\"wp-block-spacer\"><\/div>\n\n<h2 class=\"wp-block-heading\">\ud83c\uddf8\ud83c\uddee Kas ir Slov\u0113nijas E-Vinjeta?<\/h2>\n\n<p>Slov\u0113nija 2022. gad\u0101 p\u0101rg\u0101ja no fizisk\u0101m uzl\u012bmju vinjet\u0113m uz piln\u012bb\u0101 <strong>elektronisku sist\u0113mu (E-Vinjeta).<\/strong> Vairs nav j\u0101nokasa vec\u0101s uzl\u012bmes no v\u0113jstikla! E-Vinjeta ir piesaist\u012bts j\u016bsu transportl\u012bdzek\u013ca numura z\u012bmei un re\u0123istr\u0113ts centr\u0101laj\u0101 datu b\u0101z\u0113. Kameru sist\u0113mas gar automa\u0123istr\u0101l\u0113m autom\u0101tiski p\u0101rbauda j\u016bsu vinjetes statusu.   <\/p>\n\n<p>Sist\u0113mu p\u0101rvalda valsts autoce\u013cu uz\u0146\u0113mums <strong>DARS (Dru\u017eba za avtoceste v Republiki Sloveniji).<\/strong> E-Vinjeta ir nepiecie\u0161ama uz vis\u0101m automa\u0123istr\u0101l\u0113m (avtoceste) un \u0101trgaitas ma\u0123istr\u0101l\u0113m (hitre ceste), bet ne uz parastajiem ce\u013ciem. <\/p>\n\n<h2 class=\"wp-block-heading\">\ud83d\udcb0 E-Vinjeta cenas 2026<\/h2>\n\n<figure class=\"wp-block-table\"><table><thead><tr><th>Vinjetes veids<\/th><th>2A klase (automa\u0161\u012bnas &lt;1.3m)<\/th><th>2.B klase (liel\u0101ki transportl\u012bdzek\u013ci)<\/th><\/tr><\/thead><tbody><tr><td><strong>7 dienu<\/strong><\/td><td>16 eiro<\/td><td>32 eiro<\/td><\/tr><tr><td><strong>30 dienu<\/strong><\/td><td>32 eiro<\/td><td>64 eiro<\/td><\/tr><tr><td><strong>Gada<\/strong><\/td><td>117 eiro<\/td><td>234 eiro<\/td><\/tr><\/tbody><\/table><\/figure>\n\n<p><strong>Transportl\u012bdzek\u013cu klasifik\u0101cija:<\/strong><\/p>\n\n<ul class=\"wp-block-list\">\n<li><strong>2.A klase:<\/strong> Transportl\u012bdzek\u013ci ar ass augstumu l\u012bdz 1,30 m (liel\u0101k\u0101 da\u013ca standarta automa\u0161\u012bnu)<\/li>\n<li><strong>2.B klase:<\/strong> Transportl\u012bdzek\u013ci ar ass augstumu no 1,30 m l\u012bdz 1,60 m (liel\u0101ki apvidus automobi\u013ci, mazi furgoni)<\/li>\n<\/ul>\n\n<p><strong>Padoms:<\/strong> Ja neesat p\u0101rliecin\u0101ts par savu transportl\u012bdzek\u013ca klasi, izm\u0113riet augstumu no zemes l\u012bdz priek\u0161\u0113j\u0101 rite\u0146a centram &#8211; tas ir j\u016bsu ass augstums.<\/p>\n\n<h2 class=\"wp-block-heading\">\ud83d\uded2 Kur nopirkt Slov\u0113nijas E-Vinjeta<\/h2>\n\n<h3 class=\"wp-block-heading\">Tie\u0161saist\u0113 (ieteicams)<\/h3>\n\n<p>Vienk\u0101r\u0161\u0101kais veids, k\u0101 ieg\u0101d\u0101ties, ir tie\u0161saist\u0113 pirms ce\u013cojuma:<\/p>\n\n<ul class=\"wp-block-list\">\n<li><strong><a href=\"https:\/\/vignettego.com\/\">VignetteGo<\/a><\/strong> \u2013 \u0101trs pirkums ar t\u016bl\u012bt\u0113ju apstiprin\u0101jumu<\/li>\n<li>Ofici\u0101l\u0101 DARS e-vinjeta.si vietne<\/li>\n<\/ul>\n\n<p>Tie\u0161saistes pirkuma priek\u0161roc\u012bbas: nav j\u0101gaida robe\u017eas degvielas uzpildes stacij\u0101s, t\u016bl\u012bt\u0113ja aktiviz\u0113\u0161ana, digit\u0101ls apstiprin\u0101jums t\u0101lrun\u012b.<\/p>\n\n<h3 class=\"wp-block-heading\">Fiziskie pirkuma punkti<\/h3>\n\n<ul class=\"wp-block-list\">\n<li>Degvielas uzpildes stacijas (benz\u012bns, OMV, MOL) vis\u0101 Slov\u0113nij\u0101<\/li>\n<li>Robe\u017e\u0161\u0137\u0113rso\u0161anas vietas<\/li>\n<li>Pasta noda\u013cas<\/li>\n<li>DARS klientu centri<\/li>\n<\/ul>\n\n<div style=\"height:25px\" aria-hidden=\"true\" class=\"wp-block-spacer\"><\/div>\n\n<div class=\"wp-block-buttons is-content-justification-center is-layout-flex wp-container-core-buttons-is-layout-a89b3969 wp-block-buttons-is-layout-flex\">\n<div class=\"wp-block-button\"><a class=\"wp-block-button__link wp-element-button\" href=\"https:\/\/vignettego.com\/\" style=\"background-color:#28a745;color:#ffffff;padding:15px 30px;font-size:18px;border-radius:8px;\">\u2705 Ieg\u016bstiet savas Eiropas vinjetes &#8211; 8 valstis &#8211; vietn\u0113 VignetteGo<\/a><\/div>\n<\/div>\n\n<div style=\"height:25px\" aria-hidden=\"true\" class=\"wp-block-spacer\"><\/div>\n\n<h2 class=\"wp-block-heading\">\ud83d\udee3\ufe0f Slov\u0113nijas automa\u0123istr\u0101\u013cu t\u012bkls<\/h2>\n\n<p>Slov\u0113nijas automa\u0123istr\u0101\u013cu t\u012bkls veido rakstur\u012bgu krustu modeli, kura centr\u0101 ir \u013bub\u013cana:<\/p>\n\n<h3 class=\"wp-block-heading\">A1 \u2013 \u0160entilj \u2013 Koper (zieme\u013cu-dienvidu)<\/h3>\n\n<p>Iet no <strong>Austrijas robe\u017eas (\u0160entilj\/Spielfeld)<\/strong> caur Mariboru un \u013bub\u013canu l\u012bdz <strong>Adrijas j\u016bras krastam (Koper).<\/strong> \u0160is ir galvenais ce\u013c\u0161 no Austrijas uz Horv\u0101tijas krastu caur Slov\u0113niju. Kop\u0113jais garums: aptuveni 173 km.  <\/p>\n\n<h3 class=\"wp-block-heading\">A2 \u2013 Karavanke l\u012bdz Obre\u017eje (austrumi-rietumi)<\/h3>\n\n<p>Savieno <strong>Karavanke tuneli (Austrijas robe\u017ea)<\/strong> caur \u013bub\u013canu ar <strong>Horv\u0101tijas robe\u017eu (Obre\u017eje)<\/strong> Zagrebas virzien\u0101. Galvenais tranz\u012bta koridors no Austrijas uz Horv\u0101tiju. Kop\u0113jais garums: aptuveni 173 km.  <\/p>\n\n<h3 class=\"wp-block-heading\">A3 \u2013 \u013bub\u013canas apvedce\u013c\u0161<\/h3>\n\n<p>Apvedce\u013c\u0161 ap \u013bub\u013canu, kas savieno A1 un A2 automa\u0123istr\u0101les. B\u016btiski, lai izvair\u012btos no pils\u0113tas centra satiksmes. <\/p>\n\n<h3 class=\"wp-block-heading\">A4 \u2013 Slivnica to Gru\u0161kovje<\/h3>\n\n<p>Savieno Mariboru ar Horv\u0101tijas robe\u017eu pie Gru\u0161kovjes, turpinot Zagrebas virzien\u0101 k\u0101 alternat\u012bvu A2 mar\u0161rutam.<\/p>\n\n<h3 class=\"wp-block-heading\">A5 \u2013 no Mariboras l\u012bdz Ung\u0101rijas robe\u017eai<\/h3>\n\n<p>Savieno Mariboru ar Ung\u0101riju, kas ir noder\u012bga ce\u013cot\u0101jiem, kas ierodas no Budape\u0161tas, izmantojot Ung\u0101rijas M70.<\/p>\n\n<h2 class=\"wp-block-heading\">\ud83d\uddfa\ufe0f Popul\u0101ri mar\u0161ruti caur Slov\u0113niju<\/h2>\n\n<h3 class=\"wp-block-heading\">V\u012bne l\u012bdz Horv\u0101tijas piekrastei (pa A2)<\/h3>\n\n<p><strong>Mar\u0161ruts:<\/strong> V\u012bne \u2192 Gr\u0101ca \u2192 Maribora \u2192 \u013bub\u013cana \u2192 Zagreba \u2192 Splita\/Rijeka<\/p>\n\n<p>Klasiskais mar\u0161ruts no Centr\u0101leiropas uz Adrijas j\u016bru. Jums b\u016bs nepiecie\u0161ams: <a href=\"https:\/\/vignettego.com\/highway-vignette-europe\/lv\/austria-highway-vignette-2026-complete-digitale-vignette-guide-lv\/\">Austrijas vinjete<\/a> + Slov\u0113nijas E-Vinjeta + <a href=\"https:\/\/vignettego.com\/highway-vignette-europe\/lv\/horvatijas-sosejas-vinjete-2026-pilnigs-enc-un-digitalais-celu-nodevu-celvedis\/\">Horv\u0101tijas nodevas<\/a>. <\/p>\n\n<h3 class=\"wp-block-heading\">Minhene uz Horv\u0101tijas piekrasti (caur Karavanke)<\/h3>\n\n<p><strong>Mar\u0161ruts:<\/strong> Minhenes \u2192 Zalcburgas \u2192 Villach \u2192 Karavanke tune\u013ca \u2192 \u013bub\u013canas \u2192 Zagrebas<\/p>\n\n<p>Popul\u0101rs mar\u0161ruts no V\u0101cijas. Jums b\u016bs nepiecie\u0161ams: Austrijas vinjete + Slov\u0113nijas E-Vinjeta + Horv\u0101tijas nodevas. <\/p>\n\n<h3 class=\"wp-block-heading\">Budape\u0161ta uz \u013bub\u013canu<\/h3>\n\n<p><strong>Mar\u0161ruts:<\/strong> Budape\u0161ta \u2192 pa M70 \u2192 Maribora \u2192 \u013bub\u013cana<\/p>\n\n<p>Tie\u0161ais mar\u0161ruts no Ung\u0101rijas. Jums b\u016bs nepiecie\u0161ams: <a href=\"https:\/\/vignettego.com\/highway-vignette-europe\/lv\/hungary-highway-vignette-2026-complete-e-matrica-guide-lv\/\">Ung\u0101rijas E-Matrica<\/a> + Slov\u0113nijas E-Vinjeta. <\/p>\n\n<div style=\"height:25px\" aria-hidden=\"true\" class=\"wp-block-spacer\"><\/div>\n\n<div class=\"wp-block-buttons is-content-justification-center is-layout-flex wp-container-core-buttons-is-layout-a89b3969 wp-block-buttons-is-layout-flex\">\n<div class=\"wp-block-button\"><a class=\"wp-block-button__link wp-element-button\" href=\"https:\/\/vignettego.com\/\" style=\"background-color:#ff6600;color:#ffffff;padding:15px 30px;font-size:18px;border-radius:8px;\">\ud83d\uded2 Pas\u016btiet visas Eiropas vinjetes vietn\u0113 VignetteGo<\/a><\/div>\n<\/div>\n\n<div style=\"height:25px\" aria-hidden=\"true\" class=\"wp-block-spacer\"><\/div>\n\n<h2 class=\"wp-block-heading\">\u26a0\ufe0f Svar\u012bgi E-Vinjeta noteikumi<\/h2>\n\n<h3 class=\"wp-block-heading\">Der\u012bguma termi\u0146a s\u0101kuma laiks<\/h3>\n\n<p>Ieg\u0101d\u0101joties tie\u0161saist\u0113, varat izv\u0113l\u0113ties <strong>n\u0101kotnes s\u0101kuma datumu<\/strong>. Vinjete k\u013c\u016bst der\u012bga izv\u0113l\u0113taj\u0101 datum\u0101 pulksten 00:00. Ide\u0101li piem\u0113rots pl\u0101no\u0161anai uz priek\u0161u!  <\/p>\n\n<h3 class=\"wp-block-heading\">Numura z\u012bmes re\u0123istr\u0101cija<\/h3>\n\n<p>E-Vinjeta ir re\u0123istr\u0113ts <strong>ar prec\u012bzu j\u016bsu numura z\u012bmi<\/strong>. V\u0113lreiz p\u0101rbaudiet, vai p\u0113rkot nav drukas k\u013c\u016bdu! K\u013c\u016bdas nav viegli izlabot.  <\/p>\n\n<h3 class=\"wp-block-heading\">Naudas sodi par neatbilst\u012bbu<\/h3>\n\n<ul class=\"wp-block-list\">\n<li><strong>Standarta naudas sods:<\/strong> EUR 300-800 pasa\u017eieru automobi\u013ciem<\/li>\n<li><strong>Maks\u0101jums uz vietas:<\/strong> Parasti zem\u0101ks, ja maks\u0101 uzreiz<\/li>\n<li>Izpilde, izmantojot autom\u0101tisk\u0101s kameru sist\u0113mas (ANPR)<\/li>\n<\/ul>\n\n<h3 class=\"wp-block-heading\">Kuriem ce\u013ciem nepiecie\u0161ama vinjete?<\/h3>\n\n<p>Tikai uz ce\u013ciem, kas apz\u012bm\u0113ti ar automa\u0123istr\u0101les z\u012bmi (za\u013c\u0161 ar baltu &#8220;A&#8221; apz\u012bm\u0113jumu), ir nepiecie\u0161ama vinjete. Regul\u0101rie ce\u013ci (dzelteni mar\u0137\u0113ti valsts ce\u013ci) ir bezmaksas. <\/p>\n\n<h2 class=\"wp-block-heading\">\ud83d\udca1 Slov\u0113nijas brauk\u0161anas padomi 2026. gadam<\/h2>\n\n<h3 class=\"wp-block-heading\">\u0100truma ierobe\u017eojumi<\/h3>\n\n<ul class=\"wp-block-list\">\n<li><strong>Automa\u0123istr\u0101les:<\/strong> 130 km\/h<\/li>\n<li><strong>\u0100trgaitas ce\u013ci:<\/strong> 110 km\/h<\/li>\n<li><strong>Valsts autoce\u013ci:<\/strong> 90 km\/h<\/li>\n<li><strong>Pils\u0113tas teritorijas:<\/strong> 50 km\/h<\/li>\n<\/ul>\n\n<h3 class=\"wp-block-heading\">Nepiecie\u0161amais apr\u012bkojums<\/h3>\n\n<ul class=\"wp-block-list\">\n<li>Br\u012bdin\u0101juma tr\u012bsst\u016bris<\/li>\n<li>Atstarojo\u0161a veste (transportl\u012bdzekl\u012b, nevis bag\u0101\u017eniek\u0101)<\/li>\n<li>Pirm\u0101s pal\u012bdz\u012bbas aptieci\u0146a<\/li>\n<li><strong>Priek\u0161\u0113jie lukturi:<\/strong> Brauk\u0161anas laik\u0101 vienm\u0113r j\u0101b\u016bt iesl\u0113gtam<\/li>\n<li><strong>Ziemas apr\u012bkojums:<\/strong> 15. novembris &#8211; 15. marts nepiecie\u0161amas ziemas riepas vai \u0137\u0113des<\/li>\n<\/ul>\n\n<h3 class=\"wp-block-heading\">Karavanke tune\u013ca padomi<\/h3>\n\n<p>Karavanke tunelis, kas savieno Austriju un Slov\u0113niju, vasaras ned\u0113\u013cas nogal\u0113s var iev\u0113rojami <strong>kav\u0113ties<\/strong> . Apsveriet iesp\u0113ju ce\u013cot agri no r\u012bta vai v\u0113lu vakar\u0101. P\u0101rbaudiet satiksmes statusu <a href=\"https:\/\/www.promet.si\/en\" target=\"_blank\" rel=\"noopener\">promet.si<\/a>.  <\/p>\n\n<h2 class=\"wp-block-heading\" id=\"faq-section\">\u2753 Bie\u017e\u0101k uzdotie jaut\u0101jumi<\/h2>\n\n<h3 class=\"wp-block-heading\">Vai es varu izmantot parastos ce\u013cus, lai izvair\u012btos no vinjetes ieg\u0101des?<\/h3>\n\n<p>Tehniski j\u0101, bet tas iev\u0113rojami palielina ce\u013cojuma laiku. Piem\u0113ram, \u013bub\u013cana uz Koperu aiz\u0146em 1 stundu uz automa\u0123istr\u0101les, sal\u012bdzinot ar 2+ stund\u0101m uz parastajiem ce\u013ciem. <\/p>\n\n<h3 class=\"wp-block-heading\">Vai motocikliem ir nepiecie\u0161ama vinjete?<\/h3>\n\n<p>J\u0101, motocikliem (1. klase) ir nepiecie\u0161ama atsevi\u0161\u0137a vinjetes kategorija par pazemin\u0101t\u0101m cen\u0101m.<\/p>\n\n<h3 class=\"wp-block-heading\">Ko dar\u012bt, ja es \u012br\u0113ju automa\u0161\u012bnu Slov\u0113nij\u0101?<\/h3>\n\n<p>Liel\u0101k\u0101 da\u013ca nomas uz\u0146\u0113mumu iek\u013cauj E-Vinjeta nom\u0101 vai pied\u0101v\u0101 to k\u0101 papildin\u0101jumu. P\u0101rbaudiet pirms transportl\u012bdzek\u013ca sa\u0146em\u0161anas. <\/p>\n\n<h3 class=\"wp-block-heading\">Vai E-Vinjeta aptver Karavanke tuneli?<\/h3>\n\n<p>J\u0101, Karavanke tuneli starp Austriju un Slov\u0113niju Slov\u0113nijas pus\u0113 sedz Slov\u0113nijas E-Vinjeta. Jums b\u016bs nepiecie\u0161ama ar\u012b Austrijas vinjete Austrijas pusei. <\/p>\n\n<div style=\"height:25px\" aria-hidden=\"true\" class=\"wp-block-spacer\"><\/div>\n\n<div class=\"wp-block-buttons is-content-justification-center is-layout-flex wp-container-core-buttons-is-layout-a89b3969 wp-block-buttons-is-layout-flex\">\n<div class=\"wp-block-button\"><a class=\"wp-block-button__link wp-element-button\" href=\"https:\/\/vignettego.com\/\" style=\"background-color:#e91e63;color:#ffffff;padding:15px 30px;font-size:18px;border-radius:8px;\">\ud83d\ude97 Ieg\u016bstiet savas Eiropas automa\u0123istr\u0101\u013cu vinjetes vietn\u0113 VignetteGo \u2192<\/a><\/div>\n<\/div>\n\n<div style=\"height:25px\" aria-hidden=\"true\" class=\"wp-block-spacer\"><\/div>\n\n<h2 class=\"wp-block-heading\">\ud83c\udfd4\ufe0f K\u0101p\u0113c apmekl\u0113t Slov\u0113niju?<\/h2>\n\n<ul class=\"wp-block-list\">\n<li><strong>Bledas ezers:<\/strong> Ikonisk\u0101 salas bazn\u012bca Alpu vid\u0113<\/li>\n<li><strong>\u013bub\u013cana:<\/strong> Burv\u012bga galvaspils\u0113ta ar vecpils\u0113tu bez automa\u0161\u012bn\u0101m<\/li>\n<li><strong>Postojnas ala:<\/strong> Viena no liel\u0101kaj\u0101m alu sist\u0113m\u0101m Eirop\u0101<\/li>\n<li><strong>J\u016blija Alpi:<\/strong> Iespaid\u012bga kalnu ainava, Triglavas nacion\u0101lais parks<\/li>\n<li><strong>Pir\u0101ns:<\/strong> Skaista Ven\u0113cijas stila piekrastes pils\u0113ta<\/li>\n<li><strong>So\u010das ieleja:<\/strong> Smaragda upe, ide\u0101li piem\u0113rota piedz\u012bvojumu sportam<\/li>\n<li><strong>V\u012bna re\u0123ioni:<\/strong> Lieliski viet\u0113jie v\u012bni, \u012bpa\u0161i no Gori\u0161ka Brda<\/li>\n<\/ul>\n\n<h2 class=\"wp-block-heading\">\ud83d\udccd Secin\u0101jums<\/h2>\n\n<p>Slov\u0113nijas kompaktais izm\u0113rs \u013cauj to viegli izp\u0113t\u012bt ar automa\u0161\u012bnu, un E-Vinjeta sist\u0113ma ir vienk\u0101r\u0161i lietojama. Neatkar\u012bgi no t\u0101, vai dodaties cauri ce\u013c\u0101 uz Horv\u0101tiju vai izp\u0113t\u0101t Slov\u0113nijas satrieco\u0161as ainavas, pareiz\u0101 vinjete nodro\u0161ina ce\u013cojumu bez probl\u0113m\u0101m. <\/p>\n\n<p>Vair\u0101ku valstu ce\u013cojumiem apvienojiet Slov\u0113nijas E-Vinjeta ar <a href=\"https:\/\/vignettego.com\/highway-vignette-europe\/lv\/austria-highway-vignette-2026-complete-digitale-vignette-guide-lv\/\">Austrijas<\/a>, <a href=\"https:\/\/vignettego.com\/highway-vignette-europe\/lv\/hungary-highway-vignette-2026-complete-e-matrica-guide-lv\/\">Ung\u0101rijas<\/a> un <a href=\"https:\/\/vignettego.com\/highway-vignette-europe\/lv\/horvatijas-sosejas-vinjete-2026-pilnigs-enc-un-digitalais-celu-nodevu-celvedis\/\">Horv\u0101tijas<\/a> vinjet\u0113m. Ieg\u016bstiet visas vinjetes vienuviet <a href=\"https:\/\/vignettego.com\/\" title=\"VignetteGo - Eiropas automa&#x123;istr&#x101;&#x13C;u vinjetes\">vietn\u0113 VignetteGo<\/a>. <\/p>\n\n<p><strong>Izbaudiet Slov\u0113niju! \ud83c\uddf8\ud83c\uddee\ud83c\udfd4\ufe0f <\/strong><\/p>\n\n<p><strong>Saist\u012btie ce\u013cve\u017ei:<\/strong> <a href=\"https:\/\/vignettego.com\/highway-vignette-europe\/lv\/austria-highway-vignette-2026-complete-digitale-vignette-guide-lv\/\">Austrijas digit\u0101l\u0101 vinjete<\/a> | <a href=\"https:\/\/vignettego.com\/highway-vignette-europe\/lv\/horvatijas-sosejas-vinjete-2026-pilnigs-enc-un-digitalais-celu-nodevu-celvedis\/\">Horv\u0101tijas nodevu ce\u013cvedis<\/a> | <a href=\"https:\/\/vignettego.com\/\">Visas Eiropas vinjetes<\/a><\/p>\n","protected":false},"excerpt":{"rendered":"<p>Slov\u0113nija var b\u016bt maza, bet t\u0101 pied\u0101v\u0101 neticami daudzveid\u012bgas ainavas &#8211; no satrieco\u0161ajiem J\u016blija Alpiem un smaragda Bledas ezera l\u012bdz Vidusj\u016bras piekrastei un pla\u0161aj\u0101m Karsta al\u0101m. \u0160\u012b Alpu valsts ir galven\u0101 tranz\u012bta valsts ce\u013cot\u0101jiem, kas brauc starp Centr\u0101leiropu un Adrijas j\u016bru. \u0160aj\u0101 ce\u013cved\u012b ir apl\u016bkots viss par Slov\u0113nijas E-Vinjeta (elektronisko vinjeti) 2026. gadam: cenas, der\u012bgums, [&hellip;]<\/p>\n","protected":false},"author":0,"featured_media":0,"parent":0,"menu_order":0,"comment_status":"closed","ping_status":"closed","template":"","meta":{"footnotes":""},"class_list":["post-429","page","type-page","status-publish","hentry"],"_links":{"self":[{"href":"https:\/\/vignettego.com\/highway-vignette-europe\/lv\/wp-json\/wp\/v2\/pages\/429","targetHints":{"allow":["GET"]}}],"collection":[{"href":"https:\/\/vignettego.com\/highway-vignette-europe\/lv\/wp-json\/wp\/v2\/pages"}],"about":[{"href":"https:\/\/vignettego.com\/highway-vignette-europe\/lv\/wp-json\/wp\/v2\/types\/page"}],"replies":[{"embeddable":true,"href":"https:\/\/vignettego.com\/highway-vignette-europe\/lv\/wp-json\/wp\/v2\/comments?post=429"}],"version-history":[{"count":4,"href":"https:\/\/vignettego.com\/highway-vignette-europe\/lv\/wp-json\/wp\/v2\/pages\/429\/revisions"}],"predecessor-version":[{"id":1435,"href":"https:\/\/vignettego.com\/highway-vignette-europe\/lv\/wp-json\/wp\/v2\/pages\/429\/revisions\/1435"}],"wp:attachment":[{"href":"https:\/\/vignettego.com\/highway-vignette-europe\/lv\/wp-json\/wp\/v2\/media?parent=429"}],"curies":[{"name":"wp","href":"https:\/\/api.w.org\/{rel}","templated":true}]}}