{"id":492,"date":"2026-01-04T01:40:21","date_gmt":"2026-01-04T01:40:21","guid":{"rendered":"https:\/\/vignettego.com\/highway-vignette-europe\/moldovos-keliu-vinjete-2026-m-issamus-vinieta-vadovas\/"},"modified":"2026-01-04T12:41:07","modified_gmt":"2026-01-04T12:41:07","slug":"moldovos-keliu-vinjete-2026-m-issamus-vinieta-vadovas","status":"publish","type":"page","link":"https:\/\/vignettego.com\/highway-vignette-europe\/lt\/moldovos-keliu-vinjete-2026-m-issamus-vinieta-vadovas\/","title":{"rendered":"Moldovos keli\u0173 vinjet\u0117 2026 m.: i\u0161samus &#8220;Vinieta&#8221; vadovas"},"content":{"rendered":"\n<script type=\"application\/ld+json\">{\n    \"@context\": \"https:\/\/schema.org\",\n    \"@graph\": [\n        {\n            \"@type\": \"Article\",\n            \"@id\": \"https:\/\/vignettego.com\/highway-vignette-europe\/moldova-highway-vignette-guide\/#article\",\n            \"headline\": \"Moldova Road Vignette 2026: Complete Vinieta Guide\",\n            \"description\": \"Everything about the Moldovan road vignette system (Vinieta). Learn about pricing, validity, where to buy, road conditions, and travel tips for driving in Moldova.\",\n            \"image\": \"https:\/\/vignettego.com\/highway-vignette-europe\/wp-content\/uploads\/2026\/09\/Highway-Vignette-Europe.jpg\",\n            \"datePublished\": \"2026-01-04\",\n            \"dateModified\": \"2026-01-04\",\n            \"author\": {\"@type\": \"Organization\", \"name\": \"VignetteGo\", \"url\": \"https:\/\/vignettego.com\"},\n            \"publisher\": {\"@type\": \"Organization\", \"name\": \"VignetteGo\"},\n            \"mainEntityOfPage\": {\"@type\": \"WebPage\", \"@id\": \"https:\/\/vignettego.com\/highway-vignette-europe\/moldova-highway-vignette-guide\/\"},\n            \"articleSection\": \"Highway Vignettes\",\n            \"keywords\": [\"Moldova vignette\", \"Vinieta Moldova\", \"Moldova road toll\", \"Moldovan road pass\", \"driving in Moldova\"],\n            \"inLanguage\": \"en\",\n            \"speakable\": {\"@type\": \"SpeakableSpecification\", \"cssSelector\": [\".article-intro\", \"#faq-section\"]}\n        },\n        {\n            \"@type\": \"BreadcrumbList\",\n            \"itemListElement\": [\n                {\"@type\": \"ListItem\", \"position\": 1, \"name\": \"VignetteGo\", \"item\": \"https:\/\/vignettego.com\/\"},\n                {\"@type\": \"ListItem\", \"position\": 2, \"name\": \"Highway Vignette Europe\", \"item\": \"https:\/\/vignettego.com\/highway-vignette-europe\/\"},\n                {\"@type\": \"ListItem\", \"position\": 3, \"name\": \"Moldova Guide\", \"item\": \"https:\/\/vignettego.com\/highway-vignette-europe\/moldova-highway-vignette-guide\/\"}\n            ]\n        },\n        {\n            \"@type\": \"FAQPage\",\n            \"mainEntity\": [\n                {\"@type\": \"Question\", \"name\": \"How much does the Moldovan road vignette cost?\", \"acceptedAnswer\": {\"@type\": \"Answer\", \"text\": \"The Moldovan vinieta costs approximately EUR 4-5 for 7 days, EUR 6-8 for 15 days, and EUR 15-20 for an annual vignette. This makes it one of Europe most affordable road toll systems.\"}},\n                {\"@type\": \"Question\", \"name\": \"Do I need a vignette to drive in Moldova?\", \"acceptedAnswer\": {\"@type\": \"Answer\", \"text\": \"Yes, all foreign-registered vehicles require a valid road vignette (vinieta rutier\u0103) to drive on Moldovan national roads. The vignette can be purchased online or at border crossings.\"}},\n                {\"@type\": \"Question\", \"name\": \"Can I buy the Moldovan vignette online?\", \"acceptedAnswer\": {\"@type\": \"Answer\", \"text\": \"Yes, you can purchase the Moldovan vinieta online through VignetteGo or official Moldovan portals. The vignette is valid immediately after purchase and is linked to your license plate.\"}},\n                {\"@type\": \"Question\", \"name\": \"What are the road conditions like in Moldova?\", \"acceptedAnswer\": {\"@type\": \"Answer\", \"text\": \"Main roads in Moldova are generally acceptable but can be rough in places. Rural roads often have potholes. Drive carefully, especially at night, and be aware of horse-drawn carts in rural areas.\"}},\n                {\"@type\": \"Question\", \"name\": \"Is Moldova safe for road trips?\", \"acceptedAnswer\": {\"@type\": \"Answer\", \"text\": \"Yes, Moldova is generally safe for tourists. The main concerns are road conditions and the unrecognized region of Transnistria. Stick to main routes and purchase comprehensive insurance.\"}}\n            ]\n        }\n    ]\n}\n<\/script>\n\n<figure class=\"wp-block-image aligncenter size-large\"><img decoding=\"async\" src=\"https:\/\/vignettego.com\/highway-vignette-europe\/wp-content\/uploads\/2026\/09\/Highway-Vignette-Europe.jpg\" alt=\"Moldovos kelio vinjet&#x117; 2026 m. &#x2013; i&#x161;samus &quot;Vinieta&quot; sistemos Moldovoje vadovas\" style=\"width:100%; height:auto; margin-bottom:20px;\"\/><\/figure>\n\n<p class=\"article-intro\">Moldova i\u0161lieka viena i\u0161 ma\u017eiausiai lankom\u0173 Europos \u0161ali\u0173, ta\u010diau tai spar\u010diai kei\u010diasi, nes nuotyki\u0173 trok\u0161tantys keliautojai atranda pasaulinio lygio vyno regionus, unikal\u0173 sovietin\u012f paveld\u0105, \u0161ilt\u0105 svetingum\u0105 ir steb\u0117tinai turting\u0105 kult\u016br\u0105. Jei planuojate kelion\u0119 \u012f \u0161\u012f pasl\u0117pt\u0105 brangakmen\u012f, tur\u0117site suprasti <strong>Moldovos keli\u0173 vinje\u010di\u0173 sistem\u0105<\/strong>, vieti\u0161kai <strong>vadinam\u0105 vinieta rutier\u0103<\/strong>. \u0160iame i\u0161samiame vadove pateikiama viskas, k\u0105 reikia \u017einoti apie vairavim\u0105 Moldovoje 2026 m. \u2013 nuo vinjet\u0117s \u012fsigijimo iki nar\u0161ymo kaimo keliais ir pasl\u0117pt\u0173 lobi\u0173 tyrin\u0117jimo.  <\/p>\n\n<div style=\"height:25px\" aria-hidden=\"true\" class=\"wp-block-spacer\"><\/div>\n\n<div class=\"wp-block-buttons is-content-justification-center is-layout-flex wp-container-core-buttons-is-layout-a89b3969 wp-block-buttons-is-layout-flex\">\n<div class=\"wp-block-button\"><a class=\"wp-block-button__link wp-element-button\" href=\"https:\/\/vignettego.com\/\" style=\"background-color:#0066cc;color:#ffffff;padding:15px 30px;font-size:18px;border-radius:8px;\">\ud83d\ude97 Gaukite moldavi\u0161k\u0105 vinieta i\u0161 VignetteGo<\/a><\/div>\n<\/div>\n\n<div style=\"height:25px\" aria-hidden=\"true\" class=\"wp-block-spacer\"><\/div>\n\n<h2 class=\"wp-block-heading\">\ud83c\uddf2\ud83c\udde9 Kas yra Moldovos Vinieta?<\/h2>\n\n<p>Moldova taiko <strong>elektronin\u0119 keli\u0173 vinje\u010di\u0173 sistem\u0105<\/strong> (vinieta rutier\u0103) visoms u\u017esienyje registruotoms transporto priemon\u0117ms, va\u017eiuojan\u010dioms Moldovos nacionaliniais keliais. Vinjet\u0117 yra laiko rinkliava, suteikianti teis\u0119 naudotis u\u017emies\u010dio keli\u0173 tinklu. Kaip ir dauguma \u0161iuolaikini\u0173 Europos sistem\u0173, <strong>Moldovos vinieta yra visi\u0161kai skaitmenin\u0117<\/strong> \u2013 j\u016bs\u0173 valstybinis numeris registruojamas duomen\u0173 baz\u0117je ir tikrinamas teis\u0117saugos institucij\u0173.  <\/p>\n\n<p>Pastaraisiais metais sistema buvo modernizuota, kad b\u016bt\u0173 prieinamesn\u0117 u\u017esienio lankytojams. Dabar vinjet\u0119 galite \u012fsigyti internetu prie\u0161 atvykdami \u012f Moldov\u0105, kad i\u0161vengtum\u0117te galim\u0173 v\u0117lavim\u0173 sienos kirtimo punktuose. Vinjet\u0117 \u012fsigalioja i\u0161 karto po pirkimo arba nuo nurodytos prad\u017eios datos.  <\/p>\n\n<h2 class=\"wp-block-heading\">\ud83d\udccb Moldovos vinjet\u0117s kainodara 2026 m<\/h2>\n\n<p>Moldova si\u016blo vienus prieinamiausi\u0173 keli\u0173 rinkliav\u0173 Europoje, tod\u0117l ji yra nebrangi vieta kelion\u0117ms. \u0160tai dabartin\u0117s kainodaros parinktys: <\/p>\n\n<figure class=\"wp-block-table\"><table><thead><tr><th>Galiojimo laikotarpis<\/th><th>Automobiliai (iki 3,5 t)<\/th><th>Apytiksliai EUR <\/th><\/tr><\/thead><tbody><tr><td><strong>7 dienos<\/strong><\/td><td>80-100 MDL<\/td><td>~4-5 Eur<\/td><\/tr><tr><td><strong>15 dien\u0173<\/strong><\/td><td>120-150 MDL<\/td><td>~6-8 Eur<\/td><\/tr><tr><td><strong>30 dien\u0173<\/strong><\/td><td>200-250 MDL<\/td><td>~10-13 Eur<\/td><\/tr><tr><td><strong>Metinis<\/strong><\/td><td>300-400 MDL<\/td><td>~15-20 EUR<\/td><\/tr><\/tbody><\/table><\/figure>\n\n<p><strong>Pastaba:<\/strong> Kainos yra orientacin\u0117s ir gali \u0161iek tiek skirtis. Moldovos l\u0117jos (MDL) kursas svyruoja, ta\u010diau 1 EUR yra ma\u017edaug 19-20 MDL. <\/p>\n\n<div style=\"height:25px\" aria-hidden=\"true\" class=\"wp-block-spacer\"><\/div>\n\n<div class=\"wp-block-buttons is-content-justification-center is-layout-flex wp-container-core-buttons-is-layout-a89b3969 wp-block-buttons-is-layout-flex\">\n<div class=\"wp-block-button\"><a class=\"wp-block-button__link wp-element-button\" href=\"https:\/\/vignettego.com\/\" style=\"background-color:#28a745;color:#ffffff;padding:15px 30px;font-size:18px;border-radius:8px;\">\u2705 Gaukite europieti\u0161kas vinjetes, \u012fskaitant Moldov\u0105, &#8220;VignetteGo&#8221;<\/a><\/div>\n<\/div>\n\n<div style=\"height:25px\" aria-hidden=\"true\" class=\"wp-block-spacer\"><\/div>\n\n<h2 class=\"wp-block-heading\">\ud83d\udee3\ufe0f Moldovos keli\u0173 tinklas<\/h2>\n\n<p>Moldova yra ma\u017ea \u0161alis (ma\u017edaug Belgijos dyd\u017eio), turinti gana paprast\u0105 keli\u0173 tinkl\u0105. N\u0117ra greitkeli\u0173 tradicine prasme \u2013 vietoj to \u0161alis remiasi nacionaliniais keliais (M keliais) ir regioniniais keliais (R keliais). \u010cia yra pagrindiniai mar\u0161rutai:  <\/p>\n\n<h3 class=\"wp-block-heading\">M1 \u2013 pagrindinis ryt\u0173\u2013vakar\u0173 mar\u0161rutas<\/h3>\n\n<p>Pagrindinis tarptautinis mar\u0161rutas, jungiantis <strong>Rumunijos sien\u0105 (Leu\u0219eni) su Ki\u0161iniovu ir toliau iki Ukrainos sienos<\/strong>. Tai yra pagrindin\u0117 tarptautinio eismo arterija ir paprastai yra tinkamos b\u016bkl\u0117s. Bendras ilgis per Moldov\u0105: apie 180 km.  <\/p>\n\n<h3 class=\"wp-block-heading\">M2 \u2013 \u0161iaurinis mar\u0161rutas<\/h3>\n\n<p>T\u0119siasi nuo <strong>Ki\u0161iniovo \u012f \u0161iaur\u0119 iki B\u0103l\u021bi<\/strong> (antras pagal dyd\u012f Moldovos miestas) ir t\u0119siasi iki Ukrainos sienos. Svarbu keliautojams, vykstantiems \u012f \u0160iaur\u0117s Ukrain\u0105 arba i\u0161 jos. Ilgis: apie 140 km.  <\/p>\n\n<h3 class=\"wp-block-heading\">M3 \u2013 pietinis mar\u0161rutas<\/h3>\n\n<p>Jungia <strong>Ki\u0161iniov\u0105 su pietiniu Gagauzo autonominiu regionu<\/strong> ir Rumunijos siena ties Giurgiule\u0219ti (Moldovos ma\u017easis Dunojaus uostas). \u0160iuo mar\u0161rutu naudojasi keliautojai, vykstantys \u012f\/i\u0161 Bukare\u0161to per piet\u0173 Rumunij\u0105. <\/p>\n\n<h3 class=\"wp-block-heading\">M4 \u2013 Vyno kelias<\/h3>\n\n<p>Jungia Ki\u0161iniov\u0105 su Orhei (garsiojo Orheiul Vechi urvo vienuolyno namais) ir u\u017e jo rib\u0173. Tai populiarus turistinis mar\u0161rutas vyno regionams ir istorin\u0117ms vietoms aplankyti. <\/p>\n\n<h2 class=\"wp-block-heading\">\ud83d\udcbb Kaip nusipirkti Moldovos Vinieta<\/h2>\n\n<p>Moldovos vinjet\u0117s \u012fsigijimas yra paprastas. \u0160tai j\u016bs\u0173 parinktys: <\/p>\n\n<h3 class=\"wp-block-heading\">1 variantas: internetu per &#8220;VignetteGo&#8221; (rekomenduojama)<\/h3>\n\n<ol class=\"wp-block-list\">\n<li>Apsilankykite <a href=\"https:\/\/vignettego.com\/\" title=\"Pirkite Moldovos vinjet&#x119; internetu\">VignetteGo.com<\/a><\/li>\n<li>Pasirinkite Moldov\u0105 ir norim\u0105 galiojimo laik\u0105<\/li>\n<li>\u012eveskite savo transporto priemon\u0117s registracijos (valstybinio numerio) duomenis<\/li>\n<li>U\u017ebaigti saug\u0173 mok\u0117jim\u0105<\/li>\n<li>Gaukite greit\u0105 patvirtinim\u0105 \u2013 galioja i\u0161 karto!<\/li>\n<\/ol>\n\n<p><strong>Kod\u0117l VignetteGo?<\/strong>  Keli\u0173 kalb\u0173 palaikymas, paprasta s\u0105saja, galimyb\u0117 \u012fsigyti vinjetes Rumunijai ir kitoms \u0161alims tuo pa\u010diu sandoriu (b\u016btina daugumai kelioni\u0173 \u012f Moldov\u0105) ir patikimas klient\u0173 aptarnavimas.<\/p>\n\n<h3 class=\"wp-block-heading\">2 variantas: sienos kirtimo punktuose<\/h3>\n\n<p>Vinjetes galima \u012fsigyti Moldovos pasienio punktuose. Ta\u010diau tai gali apimti eiles ir galimus bendravimo i\u0161\u0161\u016bkius. Primygtinai rekomenduojama pirkti internetu i\u0161 anksto.  <\/p>\n\n<h3 class=\"wp-block-heading\">3 variantas: degalin\u0117s ir pa\u0161to skyriai<\/h3>\n\n<p>Moldovoje vinjetes galima \u012fsigyti &#8220;Petrom&#8221; ir &#8220;Lukoil&#8221; degalin\u0117se, taip pat did\u017ei\u0173j\u0173 miest\u0173 pa\u0161to skyriuose.<\/p>\n\n<div style=\"height:25px\" aria-hidden=\"true\" class=\"wp-block-spacer\"><\/div>\n\n<div class=\"wp-block-buttons is-content-justification-center is-layout-flex wp-container-core-buttons-is-layout-a89b3969 wp-block-buttons-is-layout-flex\">\n<div class=\"wp-block-button\"><a class=\"wp-block-button__link wp-element-button\" href=\"https:\/\/vignettego.com\/\" style=\"background-color:#ff6600;color:#ffffff;padding:15px 30px;font-size:18px;border-radius:8px;\">\ud83d\uded2 Pirkite Moldovos Vinieta dabar \u2013 i\u0161vengkite v\u0117lavim\u0173 pasienyje<\/a><\/div>\n<\/div>\n\n<div style=\"height:25px\" aria-hidden=\"true\" class=\"wp-block-spacer\"><\/div>\n\n<h2 class=\"wp-block-heading\">\ud83d\uddfa\ufe0f Atvykimas \u012f Moldov\u0105 automobiliu<\/h2>\n\n<p>Dauguma lankytoj\u0173 Moldov\u0105 pasiekia automobiliu i\u0161 Rumunijos ar Ukrainos. \u0160tai pagrindiniai mar\u0161rutai ir sienos kirtimo punktai: <\/p>\n\n<h3 class=\"wp-block-heading\">I\u0161 Rumunijos (da\u017eniausias mar\u0161rutas)<\/h3>\n\n<p><strong>Bukare\u0161tas \u2013 Ki\u0161iniovas:<\/strong> ~450 km, 7-8 valandos per Albi\u021ba-Leu\u0219eni pasienio punkt\u0105. Tai populiariausias mar\u0161rutas, o sienos kirtimas paprastai yra efektyvus. <\/p>\n\n<p><strong>Alternatyv\u016bs per\u0117jimai:<\/strong><\/p>\n\n<ul class=\"wp-block-list\">\n<li><strong>Sculeni:<\/strong> \u0160iaurin\u0117 per\u0117ja, tinkama pasiekti B\u0103l\u021bi<\/li>\n<li><strong>Giurgiule\u0219ti:<\/strong> Pietin\u0117 per\u0117ja prie Dunojaus<\/li>\n<li><strong>Gala\u021bi-Giurgiule\u0219ti:<\/strong> Kelt\u0173 reisai (sezoniniai)<\/li>\n<\/ul>\n\n<p><strong>Svarbu:<\/strong> Kelionei per Rumunij\u0105 jums reik\u0117s ir <a href=\"https:\/\/vignettego.com\/highway-vignette-europe\/lt\/rumunijos-greitkelio-vinjete-2026-m-issamus-rovinieta-vadovas\/\">rumuni\u0161kos &#8220;Rovinieta<\/a> &#8220;, ir moldavi\u0161kos &#8220;Vinieta&#8221;. \u012esigykite abu <a href=\"https:\/\/vignettego.com\/\" title=\"Europos vinjet&#x117;s\">VignetteGo<\/a> per vien\u0105 operacij\u0105. <\/p>\n\n<h3 class=\"wp-block-heading\">I\u0161 Ukrainos<\/h3>\n\n<p>Tarp Ukrainos ir Moldovos yra keli sienos kirtimo punktai, i\u0161 kuri\u0173 pagrindiniai yra Palanca (pietuose) ir \u012fvair\u016bs per\u0117jimo punktai netoli Tiraspolio (atkreipkite d\u0117mes\u012f \u012f Padniestr\u0119 \u2013 \u017er. \u017eemiau).<\/p>\n\n<h2 class=\"wp-block-heading\">\u26a0\ufe0f Speciali pastaba: Padniestr\u0117<\/h2>\n\n<p>Siaur\u0105 Moldovos ruo\u017e\u0105 \u012f rytus nuo Dniestro up\u0117s kontroliuoja nepripa\u017eintas separatistinis <strong>Padniestr\u0117s regionas<\/strong> (oficialiai Pridnestrovijos Moldavijos Respublika). Nors turist\u0173 lankymas yra \u012fmanomas ir paprastai saugus, atminkite: <\/p>\n\n<ul class=\"wp-block-list\">\n<li>Tur\u0117site u\u017esiregistruoti pasienyje ir galite gauti migracijos kortel\u0119<\/li>\n<li>Regionas naudoja savo valiut\u0105 ir turi savo taisykles<\/li>\n<li>J\u016bs\u0173 kelioni\u0173 draudimas gali neapimti \u0161io regiono<\/li>\n<li>Kai kurios \u0161alys pataria ten nekeliauti<\/li>\n<\/ul>\n\n<p>Jei tik va\u017eiuojate (pvz., va\u017eiuojate i\u0161 Ukrainos \u012f Ki\u0161iniov\u0105 trumpiausiu mar\u0161rutu), trumpam kirsite Padniestr\u0119. Paprastai tai yra be r\u016bpes\u010di\u0173, ta\u010diau gali suteikti laiko j\u016bs\u0173 kelionei. <\/p>\n\n<div style=\"height:25px\" aria-hidden=\"true\" class=\"wp-block-spacer\"><\/div>\n\n<div class=\"wp-block-buttons is-content-justification-center is-layout-flex wp-container-core-buttons-is-layout-a89b3969 wp-block-buttons-is-layout-flex\">\n<div class=\"wp-block-button\"><a class=\"wp-block-button__link wp-element-button\" href=\"https:\/\/vignettego.com\/\" style=\"background-color:#9c27b0;color:#ffffff;padding:15px 30px;font-size:18px;border-radius:8px;\">\ud83c\udf0d Suplanuokite savo kelion\u0119 Ryt\u0173 Europoje su VignetteGo<\/a><\/div>\n<\/div>\n\n<div style=\"height:25px\" aria-hidden=\"true\" class=\"wp-block-spacer\"><\/div>\n\n<h2 class=\"wp-block-heading\">\ud83d\udca1 Moldovos vairavimo patarimai 2026 m<\/h2>\n\n<h3 class=\"wp-block-heading\">Keli\u0173 s\u0105lygos<\/h3>\n\n<p>B\u016bkite pasireng\u0119 kintan\u010dioms kelio s\u0105lygoms. Pagrindiniai keliai (M-keliai) yra visuotinai priimtini, ta\u010diau tikimasi: <\/p>\n\n<ul class=\"wp-block-list\">\n<li>Duob\u0117s, net pagrindiniuose keliuose<\/li>\n<li>\u0160iurk\u0161tus pavir\u0161ius regioniniuose keliuose<\/li>\n<li>Ribotas ap\u0161vietimas kaimo keliuose nakt\u012f<\/li>\n<li>Arkli\u0173 traukiami ve\u017eimai ir \u017eem\u0117s \u016bkio transporto priemon\u0117s kaimo vietov\u0117se<\/li>\n<\/ul>\n\n<p><strong>Rekomendacija:<\/strong> Jei \u012fmanoma, va\u017eiuokite \u0161viesiu paros metu, ypa\u010d nepa\u017e\u012fstamais mar\u0161rutais.<\/p>\n\n<h3 class=\"wp-block-heading\">Valiuta ir mok\u0117jimai<\/h3>\n\n<p>Moldova naudoja <strong>Moldovos l\u0117j\u0105 (MDL).<\/strong> Nors Ki\u0161iniove vis da\u017eniau priimamos kredito kortel\u0117s, grynieji pinigai kaimo vietov\u0117se, ma\u017eesniuose restoranuose ir kai kuriose degalin\u0117se. Bankomatai yra miestuose. Valiutos kursas: ma\u017edaug 1 EUR = 19-20 MDL.   <\/p>\n\n<h3 class=\"wp-block-heading\">Grei\u010dio apribojimai<\/h3>\n\n<ul class=\"wp-block-list\">\n<li><strong>Valstybiniai keliai:<\/strong> 90 km\/h<\/li>\n<li><strong>Miesto teritorijos:<\/strong> 50 km\/h<\/li>\n<li><strong>Gyvenamosios zonos:<\/strong> 20-30 km\/h<\/li>\n<\/ul>\n\n<h3 class=\"wp-block-heading\">Degalai<\/h3>\n\n<p>Degal\u0173 kainos Moldovoje yra vidutin\u0117s. Pagrindiniai degalini\u0173 tinklai yra &#8220;Petrom&#8221;, &#8220;Lukoil&#8221; ir &#8220;Bemol&#8221;. Miest\u0173 degalin\u0117s yra modernios ir priima korteles; kaimo stotys gali b\u016bti paprastesn\u0117s.  <\/p>\n\n<h3 class=\"wp-block-heading\">Reikalingi dokumentai<\/h3>\n\n<ul class=\"wp-block-list\">\n<li>Galiojantis vairuotojo pa\u017eym\u0117jimas (priimamas ES pa\u017eym\u0117jimas; kitiems gali prireikti tarptautinio leidimo)<\/li>\n<li>Transporto priemon\u0117s registracijos dokumentas<\/li>\n<li>Galiojantis draudimas (rekomenduojama \u017ealioji kortel\u0117)<\/li>\n<li>Galiojanti vinieta<\/li>\n<li>Pasas sienos kirtimui<\/li>\n<\/ul>\n\n<h2 class=\"wp-block-heading\" id=\"faq-section\">\u2753 Da\u017enai u\u017eduodami klausimai<\/h2>\n\n<h3 class=\"wp-block-heading\">Ar Moldova saugi turistams?<\/h3>\n\n<p>Taip, Moldova paprastai yra saugi turistams. Smulk\u016bs nusikaltimai egzistuoja (kaip ir visur), ta\u010diau smurtiniai nusikaltimai prie\u0161 turistus yra reti. Pagrindiniai susir\u016bpinim\u0105 keliantys klausimai yra keli\u0173 eismo saugumas (prastos keli\u0173 s\u0105lygos, agresyv\u016bs vairuotojai) ir nei\u0161spr\u0119sta pad\u0117tis Padniestr\u0117je.  <\/p>\n\n<h3 class=\"wp-block-heading\">Ar man reikia vizos norint aplankyti Moldov\u0105?<\/h3>\n\n<p>ES pilie\u010diai, amerikie\u010diai, kanadie\u010diai, australai ir daugelis kit\u0173 gali lankytis Moldovoje be viz\u0173 iki 90 dien\u0173. Prie\u0161 kelion\u0119 patikrinkite dabartinius savo pilietyb\u0117s reikalavimus. <\/p>\n\n<h3 class=\"wp-block-heading\">K\u0105 galima pamatyti Moldovoje?<\/h3>\n\n<p>Populiariausios Moldovos lankytinos vietos:<\/p>\n\n<ul class=\"wp-block-list\">\n<li><strong>Vyno r\u016bsiai:<\/strong> Mile\u0219tii Mici (did\u017eiausias pasaulyje vyno r\u016bsys), Cricova (po\u017eeminis vyno miestas)<\/li>\n<li><strong>Orheiul Vechi:<\/strong> Nuostabus urv\u0173 vienuolyno kompleksas<\/li>\n<li><strong>Ki\u0161iniovas:<\/strong> \u017dalioji sostin\u0117 su parkais, muziejais ir kavin\u0117mis<\/li>\n<li><strong>Soroca:<\/strong> Istorin\u0117 tvirtov\u0117 ir rom\u0173 bendruomen\u0117<\/li>\n<li><strong>Padniestr\u0117:<\/strong> Laiko kapsul\u0117 sovietinis regionas (nuotyki\u0173 trok\u0161tantiems keliautojams)<\/li>\n<\/ul>\n\n<h3 class=\"wp-block-heading\">Koks yra geriausias laikas aplankyti Moldov\u0105?<\/h3>\n\n<p>Geriausias laikas yra <strong>nuo gegu\u017e\u0117s iki spalio<\/strong>, o rugs\u0117jis-spalis yra ypa\u010d gra\u017eus vynuogi\u0173 derliaus ir vyno festivali\u0173 metu. Vasaros gali b\u016bti kar\u0161tos; \u017eiemos \u0161altos. <\/p>\n\n<div style=\"height:25px\" aria-hidden=\"true\" class=\"wp-block-spacer\"><\/div>\n\n<div class=\"wp-block-buttons is-content-justification-center is-layout-flex wp-container-core-buttons-is-layout-a89b3969 wp-block-buttons-is-layout-flex\">\n<div class=\"wp-block-button\"><a class=\"wp-block-button__link wp-element-button\" href=\"https:\/\/vignettego.com\/\" style=\"background-color:#e91e63;color:#ffffff;padding:15px 30px;font-size:18px;border-radius:8px;\">\ud83d\ude97 \u012esigykite Europos greitkeli\u0173 vinjetes VignetteGo \u2192<\/a><\/div>\n<\/div>\n\n<div style=\"height:25px\" aria-hidden=\"true\" class=\"wp-block-spacer\"><\/div>\n\n<h2 class=\"wp-block-heading\">\ud83c\udf77 Kod\u0117l verta aplankyti Moldov\u0105?<\/h2>\n\n<p>Moldova si\u016blo unikali\u0105 kelioni\u0173 patirt\u012f, nepana\u0161i\u0105 \u012f niekur kitur Europoje:<\/p>\n\n<ul class=\"wp-block-list\">\n<li><strong>Pasaulinio lygio vynas:<\/strong> Vienas seniausi\u0173 pasaulyje vyno region\u0173 su ne\u012ftik\u0117tinais po\u017eeminiais r\u016bsiais<\/li>\n<li><strong>Autenti\u0161ka kult\u016bra:<\/strong> Tradiciniai kaimai, \u0161iltas svetingumas ir tikra patirtis<\/li>\n<li><strong>Ne pramintas kelias:<\/strong> Labai ma\u017eai turist\u0173 rei\u0161kia autenti\u0161k\u0105 bendravim\u0105<\/li>\n<li><strong>Biud\u017eetas:<\/strong> Viena i\u0161 labiausiai prieinam\u0173 kryp\u010di\u0173 Europoje<\/li>\n<li><strong>Unikali istorija:<\/strong> \u012esp\u016bdingas rumun\u0173, rus\u0173 ir soviet\u0173 \u012ftak\u0173 derinys<\/li>\n<li><strong>Draugi\u0161ki \u017emon\u0117s:<\/strong> Moldovos gyventojai gars\u0117ja savo svetingumu<\/li>\n<\/ul>\n\n<h2 class=\"wp-block-heading\">\ud83d\udccd I\u0161vada<\/h2>\n\n<p>Moldova yra ne\u012fvertintas brangakmenis, laukiantis, kol bus atrastas. Keli\u0173 vinje\u010di\u0173 sistema yra paprasta ir prieinama \u2013 vos keli eurai u\u017e savait\u0117s biliet\u0105. Kartu su ne\u012ftik\u0117tinai pigia <a href=\"https:\/\/vignettego.com\/highway-vignette-europe\/lt\/rumunijos-greitkelio-vinjete-2026-m-issamus-rovinieta-vadovas\/\">rumuni\u0161ka Rovinieta<\/a> galite tyrin\u0117ti \u0161\u012f Europos kampel\u012f su minimaliu biud\u017eetu.  <\/p>\n\n<p>Kad patirtis b\u016bt\u0173 patogiausia, prie\u0161 kelion\u0119 \u012fsigykite moldavi\u0161k\u0105 viniet\u0105 &#8221; <a href=\"https:\/\/vignettego.com\/\" title=\"VignetteGo - Europos greitkeli&#x173; vinjet&#x117;s\">VignetteGo&#8221;.<\/a> Vinjetes Moldovai, Rumunijai ir bet kurioms kitoms mar\u0161ruto \u0161alims galite gauti vienu paprastu sandoriu. <\/p>\n\n<p><strong>Atraskite Moldov\u0105! \ud83c\uddf2\ud83c\udde9\ud83c\udf77 <\/strong><\/p>\n\n<p><strong>Susij\u0119 vadovai:<\/strong> <a href=\"https:\/\/vignettego.com\/highway-vignette-europe\/lt\/rumunijos-greitkelio-vinjete-2026-m-issamus-rovinieta-vadovas\/\">Rumunija Rovinieta<\/a> | <a href=\"https:\/\/vignettego.com\/highway-vignette-europe\/lt\/bulgarijos-greitkeliu-vinjete-2026-m-issamus-elektronines-vinjetes-vadovas\/\">Bulgarijos elektronin\u0117 vinjet\u0117<\/a> | <a href=\"https:\/\/vignettego.com\/\">Visos Europos vinjet\u0117s<\/a><\/p>\n","protected":false},"excerpt":{"rendered":"<p>Moldova i\u0161lieka viena i\u0161 ma\u017eiausiai lankom\u0173 Europos \u0161ali\u0173, ta\u010diau tai spar\u010diai kei\u010diasi, nes nuotyki\u0173 trok\u0161tantys keliautojai atranda pasaulinio lygio vyno regionus, unikal\u0173 sovietin\u012f paveld\u0105, \u0161ilt\u0105 svetingum\u0105 ir steb\u0117tinai turting\u0105 kult\u016br\u0105. Jei planuojate kelion\u0119 \u012f \u0161\u012f pasl\u0117pt\u0105 brangakmen\u012f, tur\u0117site suprasti Moldovos keli\u0173 vinje\u010di\u0173 sistem\u0105, vieti\u0161kai vadinam\u0105 vinieta rutier\u0103. \u0160iame i\u0161samiame vadove pateikiama viskas, k\u0105 reikia \u017einoti [&hellip;]<\/p>\n","protected":false},"author":0,"featured_media":0,"parent":0,"menu_order":0,"comment_status":"closed","ping_status":"closed","template":"","meta":{"footnotes":""},"class_list":["post-492","page","type-page","status-publish","hentry"],"_links":{"self":[{"href":"https:\/\/vignettego.com\/highway-vignette-europe\/lt\/wp-json\/wp\/v2\/pages\/492","targetHints":{"allow":["GET"]}}],"collection":[{"href":"https:\/\/vignettego.com\/highway-vignette-europe\/lt\/wp-json\/wp\/v2\/pages"}],"about":[{"href":"https:\/\/vignettego.com\/highway-vignette-europe\/lt\/wp-json\/wp\/v2\/types\/page"}],"replies":[{"embeddable":true,"href":"https:\/\/vignettego.com\/highway-vignette-europe\/lt\/wp-json\/wp\/v2\/comments?post=492"}],"version-history":[{"count":4,"href":"https:\/\/vignettego.com\/highway-vignette-europe\/lt\/wp-json\/wp\/v2\/pages\/492\/revisions"}],"predecessor-version":[{"id":1288,"href":"https:\/\/vignettego.com\/highway-vignette-europe\/lt\/wp-json\/wp\/v2\/pages\/492\/revisions\/1288"}],"wp:attachment":[{"href":"https:\/\/vignettego.com\/highway-vignette-europe\/lt\/wp-json\/wp\/v2\/media?parent=492"}],"curies":[{"name":"wp","href":"https:\/\/api.w.org\/{rel}","templated":true}]}}