{"id":340,"date":"2026-01-04T01:13:10","date_gmt":"2026-01-04T01:13:10","guid":{"rendered":"https:\/\/vignettego.com\/highway-vignette-europe\/slovakijos-greitkelio-vinjete-2026-m-issamus-dialnicna-znamka-vadovas\/"},"modified":"2026-01-04T12:43:27","modified_gmt":"2026-01-04T12:43:27","slug":"slovakijos-greitkelio-vinjete-2026-m-issamus-dialnicna-znamka-vadovas","status":"publish","type":"page","link":"https:\/\/vignettego.com\/highway-vignette-europe\/lt\/slovakijos-greitkelio-vinjete-2026-m-issamus-dialnicna-znamka-vadovas\/","title":{"rendered":"Slovakijos greitkelio vinjet\u0117 2026 m.: i\u0161samus Dia\u013eni\u010dn\u00e1 Zn\u00e1mka vadovas"},"content":{"rendered":"\n<script type=\"application\/ld+json\">{\n    \"@context\": \"https:\/\/schema.org\",\n    \"@graph\": [\n        {\n            \"@type\": \"Article\",\n            \"@id\": \"https:\/\/vignettego.com\/highway-vignette-europe\/slovakia-highway-vignette-guide\/#article\",\n            \"headline\": \"Slovakia Highway Vignette 2026: Complete E-Znamka Guide\",\n            \"description\": \"Everything about the Slovak E-Znamka system 2026: prices, validity, how to buy online, and essential tips for driving on Slovak motorways. Your complete guide to the electronic vignette.\",\n            \"image\": \"https:\/\/vignettego.com\/highway-vignette-europe\/wp-content\/uploads\/2026\/09\/Highway-Vignette-Europe.jpg\",\n            \"datePublished\": \"2026-01-04\",\n            \"dateModified\": \"2026-01-04\",\n            \"author\": {\"@type\": \"Organization\", \"name\": \"VignetteGo\", \"url\": \"https:\/\/vignettego.com\"},\n            \"publisher\": {\"@type\": \"Organization\", \"name\": \"VignetteGo\"},\n            \"mainEntityOfPage\": {\"@type\": \"WebPage\", \"@id\": \"https:\/\/vignettego.com\/highway-vignette-europe\/slovakia-highway-vignette-guide\/\"},\n            \"articleSection\": \"Highway Vignettes\",\n            \"keywords\": [\"Slovakia vignette\", \"E-Znamka\", \"Slovak motorway\", \"Bratislava driving\", \"High Tatras road trip\", \"Slovakia toll\"],\n            \"inLanguage\": \"en\",\n            \"speakable\": {\"@type\": \"SpeakableSpecification\", \"cssSelector\": [\".article-intro\", \"#faq-section\"]}\n        },\n        {\n            \"@type\": \"BreadcrumbList\",\n            \"itemListElement\": [\n                {\"@type\": \"ListItem\", \"position\": 1, \"name\": \"VignetteGo\", \"item\": \"https:\/\/vignettego.com\/\"},\n                {\"@type\": \"ListItem\", \"position\": 2, \"name\": \"Highway Vignette Europe\", \"item\": \"https:\/\/vignettego.com\/highway-vignette-europe\/\"},\n                {\"@type\": \"ListItem\", \"position\": 3, \"name\": \"Slovakia Guide\", \"item\": \"https:\/\/vignettego.com\/highway-vignette-europe\/slovakia-highway-vignette-guide\/\"}\n            ]\n        },\n        {\n            \"@type\": \"FAQPage\",\n            \"mainEntity\": [\n                {\"@type\": \"Question\", \"name\": \"How much does a Slovak E-Znamka cost?\", \"acceptedAnswer\": {\"@type\": \"Answer\", \"text\": \"For 2026, prices are approximately: 10-day vignette EUR 12, 30-day vignette EUR 17, and annual vignette EUR 60 for vehicles up to 3.5 tonnes. Prices may be adjusted annually.\"}},\n                {\"@type\": \"Question\", \"name\": \"Can I buy the Slovak E-Znamka online?\", \"acceptedAnswer\": {\"@type\": \"Answer\", \"text\": \"Yes, you can purchase the E-Znamka online at VignetteGo or the official Slovak eznamka.sk website. Registration is linked to your license plate, so no physical sticker is needed.\"}},\n                {\"@type\": \"Question\", \"name\": \"Do I need a vignette for all roads in Slovakia?\", \"acceptedAnswer\": {\"@type\": \"Answer\", \"text\": \"No, only motorways (dia\u013enice - D roads) and expressways (r\u00fdchlostn\u00e9 cesty - R roads) require a vignette. Regular national roads (cesty I., II., III. triedy) are free.\"}},\n                {\"@type\": \"Question\", \"name\": \"What if I drive without a vignette in Slovakia?\", \"acceptedAnswer\": {\"@type\": \"Answer\", \"text\": \"Fines for driving without a valid E-Znamka range from EUR 100 to EUR 500. Enforcement is done via cameras, so non-compliance is easily detected.\"}},\n                {\"@type\": \"Question\", \"name\": \"Is the Slovak vignette valid immediately after purchase?\", \"acceptedAnswer\": {\"@type\": \"Answer\", \"text\": \"Yes, the E-Znamka is valid immediately from the time of purchase, or you can select a future start date when buying online.\"}}\n            ]\n        }\n    ]\n}\n<\/script>\n\n<figure class=\"wp-block-image aligncenter size-large\"><img decoding=\"async\" src=\"https:\/\/vignettego.com\/highway-vignette-europe\/wp-content\/uploads\/2026\/09\/Highway-Vignette-Europe.jpg\" alt=\"Slovakija E-Znamka 2026 &#x2013; i&#x161;samus Slovakijos greitkelio vinjet&#x117;s vadovas\" style=\"width:100%; height:auto; margin-bottom:20px;\"\/><\/figure>\n\n<p class=\"article-intro\">Slovakija yra pasl\u0117ptas perlas Vidurio Europoje, si\u016blantis \u012fsp\u016bdingus kaln\u0173 peiza\u017eus Auk\u0161tuosiuose Tatruose, \u017eavingus viduram\u017ei\u0173 miestus, tokius kaip Bardejovas ir Levo\u010da, paslaptingas pilis ir puikius terminius SPA. Nesvarbu, ar vykstate tranzitu per Slovakij\u0105 \u012f Lenkij\u0105, Ukrain\u0105 ar Vengrij\u0105, ar tyrin\u0117jate \u0161i\u0105 gra\u017ei\u0105 \u0161al\u012f, jums reik\u0117s <strong>slovaki\u0161kos E-Znamkos (elektronin\u0117s vinjet\u0117s).<\/strong> \u0160iame vadove pateikiama viskas apie Slovakijos vinje\u010di\u0173 sistem\u0105 2026 m.: kainos, galiojimas, kur \u012fsigyti ir esminiai patarimai, kaip va\u017eiuoti Slovakijos greitkeliais.  <\/p>\n\n<div style=\"height:25px\" aria-hidden=\"true\" class=\"wp-block-spacer\"><\/div>\n\n<div class=\"wp-block-buttons is-content-justification-center is-layout-flex wp-container-core-buttons-is-layout-a89b3969 wp-block-buttons-is-layout-flex\">\n<div class=\"wp-block-button\"><a class=\"wp-block-button__link wp-element-button\" href=\"https:\/\/vignettego.com\/\" style=\"background-color:#0066cc;color:#ffffff;padding:15px 30px;font-size:18px;border-radius:8px;\">\ud83d\ude97 Gaukite savo slovak\u0173 e-znamk\u0105 i\u0161 VignetteGo<\/a><\/div>\n<\/div>\n\n<div style=\"height:25px\" aria-hidden=\"true\" class=\"wp-block-spacer\"><\/div>\n\n<h2 class=\"wp-block-heading\">\ud83c\uddf8\ud83c\uddf0 Kas yra Slovakijos E-Znamka?<\/h2>\n\n<p>2016 m. Slovakija per\u0117jo nuo fizini\u0173 lipduk\u0173 vinje\u010di\u0173 prie visi\u0161kai <strong>elektronin\u0117s sistemos (E-Znamka).<\/strong> Nebereikia grandyti sen\u0173 lipduk\u0173 nuo priekinio stiklo! E-Znamka yra susietas su j\u016bs\u0173 transporto priemon\u0117s valstybiniu numeriu ir u\u017eregistruotas centrin\u0117je duomen\u0173 baz\u0117je. Kamer\u0173 sistemos greitkeliuose automati\u0161kai patikrina j\u016bs\u0173 vinjet\u0117s b\u016bsen\u0105.   <\/p>\n\n<p>Sistem\u0105 valdo <strong>Nacionalin\u0117 greitkeli\u0173 bendrov\u0117 (NDS \u2013 N\u00e1rodn\u00e1 dia\u013eni\u010dn\u00e1 spolo\u010dnos\u0165).<\/strong> E-Znamka reikalinga visuose greitkeliuose (dia\u013enice &#8211; D keliuose) ir greitkeliuose (r\u00fdchlostn\u00e9 cesty &#8211; R keliuose), bet ne \u012fprastuose nacionaliniuose keliuose. <\/p>\n\n<h2 class=\"wp-block-heading\">\ud83d\udcb0 E-Znamka kainos 2026 m<\/h2>\n\n<p>Slovakija naudoja eur\u0105 (EUR) kaip valiut\u0105, tod\u0117l lankytojams i\u0161 kit\u0173 euro zonos \u0161ali\u0173 lengva atsiskaityti.<\/p>\n\n<figure class=\"wp-block-table\"><table><thead><tr><th>Vinjet\u0117s tipas<\/th><th>Transporto priemon\u0117s iki 3,5 t<\/th><\/tr><\/thead><tbody><tr><td><strong>10 dien\u0173<\/strong><\/td><td>12 eur\u0173<\/td><\/tr><tr><td><strong>30 dien\u0173<\/strong><\/td><td>17 eur\u0173<\/td><\/tr><tr><td><strong>365 dien\u0173 (metinis)<\/strong><\/td><td>60 eur\u0173<\/td><\/tr><\/tbody><\/table><\/figure>\n\n<p><strong>Pastaba:<\/strong> Kainos nurodytos transporto priemon\u0117ms iki 3,5 tonos. Didesn\u0117ms transporto priemon\u0117ms taikoma elektronin\u0117 rinkliavos sistema ir mokama u\u017e kilometr\u0105. <\/p>\n\n<h2 class=\"wp-block-heading\">\ud83d\uded2 Kur nusipirkti Slovakijos E-Znamka<\/h2>\n\n<h3 class=\"wp-block-heading\">Prisijung\u0119s (rekomenduojama)<\/h3>\n\n<p>Papras\u010diausias b\u016bdas \u012fsigyti internetu prie\u0161 kelion\u0119:<\/p>\n\n<ul class=\"wp-block-list\">\n<li><strong><a href=\"https:\/\/vignettego.com\/\">VignetteGo<\/a><\/strong> \u2013 greitas pirkimas su momentiniu patvirtinimu<\/li>\n<li>Oficiali Slovakijos eznamka.sk svetain\u0117<\/li>\n<\/ul>\n\n<p>Pirkimo internetu privalumai: nereikia laukti pasienio degalin\u0117se, momentinis aktyvavimas, skaitmeninis patvirtinimas telefone, galimyb\u0117 pasirinkti b\u016bsim\u0105 prad\u017eios dat\u0105.<\/p>\n\n<h3 class=\"wp-block-heading\">Fiziniai pirkimo ta\u0161kai<\/h3>\n\n<ul class=\"wp-block-list\">\n<li>Degalin\u0117s (OMV, Shell, Slovnaft) visoje Slovakijoje<\/li>\n<li>Sienos per\u0117jimo punktai<\/li>\n<li>Pa\u0161to skyriai<\/li>\n<li>NDS klient\u0173 aptarnavimo centrai<\/li>\n<\/ul>\n\n<div style=\"height:25px\" aria-hidden=\"true\" class=\"wp-block-spacer\"><\/div>\n\n<div class=\"wp-block-buttons is-content-justification-center is-layout-flex wp-container-core-buttons-is-layout-a89b3969 wp-block-buttons-is-layout-flex\">\n<div class=\"wp-block-button\"><a class=\"wp-block-button__link wp-element-button\" href=\"https:\/\/vignettego.com\/\" style=\"background-color:#28a745;color:#ffffff;padding:15px 30px;font-size:18px;border-radius:8px;\">\u2705 Gaukite europieti\u0161kas vinjetes \u2013 8 \u0161alys \u2013 VignetteGo<\/a><\/div>\n<\/div>\n\n<div style=\"height:25px\" aria-hidden=\"true\" class=\"wp-block-spacer\"><\/div>\n\n<h2 class=\"wp-block-heading\">\ud83d\udee3\ufe0f Slovakijos greitkeli\u0173 tinklas<\/h2>\n\n<p>Slovakijos greitkeli\u0173 tinklas jungia sostin\u0119 Bratislav\u0105 su did\u017eiaisiais miestais ir kaimynin\u0117mis \u0161alimis. Tinklas vis dar ple\u010diamas, ypa\u010d nuo D1 iki Ko\u0161ic\u0117s. <\/p>\n\n<h3 class=\"wp-block-heading\">D1 \u2013 Bratislava\u2013Ko\u0161ice (pagrindinis koridorius)<\/h3>\n\n<p>Pagrindinis ryt\u0173-vakar\u0173 koridorius, jungiantis <strong>Bratislav\u0105<\/strong> su <strong>Ko\u0161ice<\/strong>, einantis per \u017dilin\u0105 ir Auk\u0161t\u0173j\u0173 Tatr\u0173 region\u0105. Tai yra Slovakijos greitkeli\u0173 tinklo pagrindas. Pastaba: kai kurios atkarpos vis dar statomos, tod\u0117l reikia nukreipti \u012fprastais keliais. Bendras ilgis baigtas: apie 450 km.   <\/p>\n\n<h3 class=\"wp-block-heading\">D2 \u2013 Bratislava \u2013 \u010cekijos siena<\/h3>\n\n<p>Jungia Bratislav\u0105 \u012f \u0161iaur\u0119 su <strong>\u010cekija<\/strong>, toliau link Brno ir Prahos. B\u016btina keliautojams, atvykstantiems i\u0161 \u010cekijos ar vykstantiems \u012f <a href=\"https:\/\/vignettego.com\/highway-vignette-europe\/lt\/cekijos-greitkelio-vinjete-2026-m-galutinis-e-znamka-vadovas\/\">\u010cekij\u0105<\/a>. Bendras ilgis: apie 60 km.  <\/p>\n\n<h3 class=\"wp-block-heading\">D3 \u2013 \u017dilina \u2013 Lenkijos siena<\/h3>\n\n<p>Sujungia \u017dilin\u0105 su <strong>Lenkijos siena ties Skalit\u00e9<\/strong>, toliau iki Krokuvos. Populiarus keliautoj\u0173 mar\u0161rutas \u012f piet\u0173 Lenkij\u0105. Bendras ilgis: apie 60 km.  <\/p>\n\n<h3 class=\"wp-block-heading\">D4 \u2013 Bratislavos \u017eiedinis kelias<\/h3>\n\n<p>Aplinkkelis aplink Bratislav\u0105, jungiantis D1, D2 ir mar\u0161rutus \u012f Austrij\u0105 ir Vengrij\u0105. B\u016btina norint i\u0161vengti Bratislavos miesto centro eismo. <\/p>\n\n<h3 class=\"wp-block-heading\">R greitkeliai<\/h3>\n\n<p>Slovakijoje taip pat yra keli greitkeliai (R keliai), kuriems reikalinga vinjet\u0117:<\/p>\n\n<ul class=\"wp-block-list\">\n<li><strong>R1:<\/strong> Trnava \u012f Bansk\u00e1 Bystrica<\/li>\n<li><strong>R2:<\/strong> Ko\u0161ic\u0117s aplinkkelis<\/li>\n<li><strong>R3:<\/strong> \u017dilina \u2013 Martinas<\/li>\n<li><strong>R4:<\/strong> Ko\u0161ic\u0117 \u2013 Vengrijos siena<\/li>\n<li><strong>R6:<\/strong> Belu\u0161a \u2013 \u010cekijos siena<\/li>\n<\/ul>\n\n<h2 class=\"wp-block-heading\">\ud83d\uddfa\ufe0f Populiariausi mar\u0161rutai per Slovakij\u0105<\/h2>\n\n<h3 class=\"wp-block-heading\">Viena \u012f Bratislava<\/h3>\n\n<p><strong>Atstumas:<\/strong> ~65 km | <strong>Trukm\u0117:<\/strong> 45-60 minu\u010di\u0173 | <strong>Reikalingos vinjet\u0117s:<\/strong> Austr\u0173 + slovak\u0173<\/p>\n\n<p>Abi sostin\u0117s yra nepaprastai arti \u2013 vienas trumpiausi\u0173 atstum\u0173 tarp sostin\u0117s ir sostin\u0117s Europoje. D4 \u017eiedinis kelias si\u016blo tiesiogin\u012f susisiekim\u0105. <\/p>\n\n<h3 class=\"wp-block-heading\">Bratislava \u2013 Praha (per D2 ir \u010cekijos greitkelius)<\/h3>\n\n<p><strong>Atstumas:<\/strong> ~330 km | <strong>Trukm\u0117:<\/strong> 3,5-4 valandos | <strong>Reikalingos vinjet\u0117s:<\/strong> Slovak\u0173 + <a href=\"https:\/\/vignettego.com\/highway-vignette-europe\/lt\/cekijos-greitkelio-vinjete-2026-m-galutinis-e-znamka-vadovas\/\">\u010dek\u0173<\/a><\/p>\n\n<p>Tiesioginis greitkelio sujungimas tarp dviej\u0173 sostini\u0173 per Brno. Puikios kelio s\u0105lygos. <\/p>\n\n<h3 class=\"wp-block-heading\">Bratislava \u012f Budape\u0161t\u0105 (per Vengrij\u0105)<\/h3>\n\n<p><strong>Atstumas:<\/strong> ~200 km | <strong>Trukm\u0117:<\/strong> 2-2,5 val. | <strong>Reikalingos vinjet\u0117s:<\/strong> Slovak\u0173 + <a href=\"https:\/\/vignettego.com\/highway-vignette-europe\/lt\/hungary-highway-vignette-2026-complete-e-matrica-guide-lt\/\">vengr\u0173 E-Matrica<\/a><\/p>\n\n<p>Greitas susisiekimas tarp dviej\u0173 sostini\u0173 per D2 ir Vengrijos M15\/M1.<\/p>\n\n<h3 class=\"wp-block-heading\">Bratislava \u012f Auk\u0161tuosius Tatrus (per D1)<\/h3>\n\n<p><strong>Atstumas:<\/strong> ~330 km | <strong>Trukm\u0117:<\/strong> 4-4,5 val.<\/p>\n\n<p>Pastaba: D1 n\u0117ra visi\u0161kai baigtas, tod\u0117l tik\u0117kit\u0117s kai kuri\u0173 atkarp\u0173 \u012fprastuose keliuose. Nuostabus kaln\u0173 peiza\u017eas laukia! <\/p>\n\n<h3 class=\"wp-block-heading\">Krokuva \u012f Bratislav\u0105 (per Lenkij\u0105-Slovakij\u0105)<\/h3>\n\n<p><strong>Atstumas:<\/strong> ~300 km | <strong>Trukm\u0117:<\/strong> 3,5-4 valandos | <strong>Reikalingos vinjet\u0117s:<\/strong> Slovak\u0173 (Lenkijos greitkeliuose taikoma rinkliava u\u017e kilometr\u0105)<\/p>\n\n<p>Per D3 per \u017dilin\u0105 arba per sienos kirtimo punkt\u0105 Trstenoje.<\/p>\n\n<div style=\"height:25px\" aria-hidden=\"true\" class=\"wp-block-spacer\"><\/div>\n\n<div class=\"wp-block-buttons is-content-justification-center is-layout-flex wp-container-core-buttons-is-layout-a89b3969 wp-block-buttons-is-layout-flex\">\n<div class=\"wp-block-button\"><a class=\"wp-block-button__link wp-element-button\" href=\"https:\/\/vignettego.com\/\" style=\"background-color:#ff6600;color:#ffffff;padding:15px 30px;font-size:18px;border-radius:8px;\">\ud83d\uded2 U\u017esisakykite visas europieti\u0161kas vinjetes VignetteGo<\/a><\/div>\n<\/div>\n\n<div style=\"height:25px\" aria-hidden=\"true\" class=\"wp-block-spacer\"><\/div>\n\n<h2 class=\"wp-block-heading\">\u26a0\ufe0f Svarbios E-Znamka taisykl\u0117s<\/h2>\n\n<h3 class=\"wp-block-heading\">Galiojimo laikotarpis<\/h3>\n\n<ul class=\"wp-block-list\">\n<li><strong>10 dien\u0173:<\/strong> Galioja 10 dien\u0173 i\u0161 eil\u0117s nuo pasirinktos prad\u017eios datos<\/li>\n<li><strong>30 dien\u0173:<\/strong> Galioja 30 dien\u0173 i\u0161 eil\u0117s nuo pasirinktos prad\u017eios datos<\/li>\n<li><strong>365 dienos:<\/strong> Galioja vienerius metus nuo pasirinktos prad\u017eios datos<\/li>\n<\/ul>\n\n<h3 class=\"wp-block-heading\">Valstybinio numerio registracija<\/h3>\n\n<p>E-Znamka yra u\u017eregistruotas <strong>pagal tiksl\u0173 j\u016bs\u0173 valstybin\u012f numer\u012f<\/strong> ir <strong>\u0161alies kod\u0105<\/strong>. Dar kart\u0105 patikrinkite, ar n\u0117ra ra\u0161ybos klaid\u0173 pirkdami! D\u0117l klaid\u0173 reikia \u012fsigyti nauj\u0105 vinjet\u0119.  <\/p>\n\n<h3 class=\"wp-block-heading\">Baudos u\u017e reikalavim\u0173 nesilaikym\u0105<\/h3>\n\n<ul class=\"wp-block-list\">\n<li><strong>Standartin\u0117 bauda:<\/strong> Nuo 100 iki 500 EUR<\/li>\n<li><strong>Suma\u017einta bauda:<\/strong> Jei sumokama per 15 dien\u0173<\/li>\n<li>Vykdymo u\u017etikrinimas naudojant automatines kamer\u0173 sistemas (ANPR)<\/li>\n<\/ul>\n\n<h2 class=\"wp-block-heading\">\ud83d\udca1 Slovakijos vairavimo patarimai 2026 m<\/h2>\n\n<h3 class=\"wp-block-heading\">Grei\u010dio apribojimai<\/h3>\n\n<ul class=\"wp-block-list\">\n<li><strong>Greitkeliai:<\/strong> 130 km\/h<\/li>\n<li><strong>Greitkeliai:<\/strong> 130 km\/h<\/li>\n<li><strong>Pagrindiniai keliai u\u017e gyvenvie\u010di\u0173 rib\u0173:<\/strong> 90 km\/h<\/li>\n<li><strong>Miesto teritorijos:<\/strong> 50 km\/h<\/li>\n<\/ul>\n\n<h3 class=\"wp-block-heading\">Reikalinga \u012franga<\/h3>\n\n<ul class=\"wp-block-list\">\n<li>\u012esp\u0117jamasis trikampis<\/li>\n<li>\u0160vies\u0105 atspindinti liemen\u0117<\/li>\n<li>Pirmosios pagalbos rinkinys<\/li>\n<li><strong>Priekiniai \u017eibintai:<\/strong> Vairuojant turi b\u016bti \u012fjungtas vis\u0105 laik\u0105 (dien\u0105 ir nakt\u012f)<\/li>\n<li><strong>\u017diemos \u012franga:<\/strong> Lapkri\u010dio 15 &#8211; kovo 31 d. \u017eiemin\u0117s padangos reikalingos, kai to reikalauja s\u0105lygos<\/li>\n<\/ul>\n\n<h3 class=\"wp-block-heading\">Nulin\u0117s tolerancijos alkoholio politika<\/h3>\n\n<p>Slovakija taiko <strong>visi\u0161ko vairavimo i\u0161g\u0117rus netoleravimo<\/strong> politik\u0105. Alkoholio kiekis kraujyje yra 0,0%. Bausm\u0117s yra grie\u017etos.  <\/p>\n\n<h2 class=\"wp-block-heading\" id=\"faq-section\">\u2753 Da\u017enai u\u017eduodami klausimai<\/h2>\n\n<h3 class=\"wp-block-heading\">Ar D1 greitkelis baigtas?<\/h3>\n\n<p>Ne, kai kurios D1 atkarpos tarp \u017dilinos ir Ko\u0161ic\u0117s vis dar statomos. Navigacijos program\u0117l\u0117s prireikus nukreips jus alternatyviais keliais. <\/p>\n\n<h3 class=\"wp-block-heading\">Ar man reikia vinjet\u0117s, kad gal\u0117\u010diau kirsti i\u0161 Austrijos \u012f Vengrij\u0105 per Slovakij\u0105?<\/h3>\n\n<p>Taip, jei naudojat\u0117s Slovakijos greitkeliais. Mar\u0161rutui i\u0161 Vienos \u012f Budape\u0161t\u0105 per Bratislav\u0105 reikalinga slovaki\u0161ka E-Znamka Slovakijos atkarpai. <\/p>\n\n<h3 class=\"wp-block-heading\">O kaip Bratislavos miesto centras?<\/h3>\n\n<p>\u012eprastiems Bratislavos keliams vinjet\u0117s nereikia. Vinjet\u0117 reikalinga tik greitkelio atkarpoms (D1, D2, D4). <\/p>\n\n<h3 class=\"wp-block-heading\">Ar galiu va\u017eiuoti \u012fprastais keliais, kad nepirk\u010diau vinjet\u0117s?<\/h3>\n\n<p>Taip, bet tai \u017eymiai pailgina kelion\u0117s laik\u0105, ypa\u010d ilgesn\u0117ms kelion\u0117ms. Pavyzd\u017eiui, kelion\u0117 i\u0161 Bratislavos \u012f \u017dilin\u0105 D1 u\u017etrunka 2 valandas, o \u012fprastais keliais \u2013 3,5+ valandas. <\/p>\n\n<div style=\"height:25px\" aria-hidden=\"true\" class=\"wp-block-spacer\"><\/div>\n\n<div class=\"wp-block-buttons is-content-justification-center is-layout-flex wp-container-core-buttons-is-layout-a89b3969 wp-block-buttons-is-layout-flex\">\n<div class=\"wp-block-button\"><a class=\"wp-block-button__link wp-element-button\" href=\"https:\/\/vignettego.com\/\" style=\"background-color:#e91e63;color:#ffffff;padding:15px 30px;font-size:18px;border-radius:8px;\">\ud83d\ude97 \u012esigykite Europos greitkeli\u0173 vinjetes VignetteGo \u2192<\/a><\/div>\n<\/div>\n\n<div style=\"height:25px\" aria-hidden=\"true\" class=\"wp-block-spacer\"><\/div>\n\n<h2 class=\"wp-block-heading\">\ud83c\udfd4\ufe0f Kod\u0117l verta aplankyti Slovakij\u0105?<\/h2>\n\n<ul class=\"wp-block-list\">\n<li><strong>Auk\u0161tieji Tatrai:<\/strong> Ma\u017eiausi auk\u0161ti kalnai pasaulyje \u2013 \u012fsp\u016bdingi Alpi\u0173 peiza\u017eai<\/li>\n<li><strong>Bratislava:<\/strong> \u017davinga sostin\u0117 su gyvu senamiestiu ir Dunojaus up\u0117s pakrante<\/li>\n<li><strong>Spi\u0161 pilis:<\/strong> Vienas did\u017eiausi\u0173 pili\u0173 kompleks\u0173 Vidurio Europoje (UNESCO)<\/li>\n<li><strong>Medin\u0117s ba\u017eny\u010dios:<\/strong> Unikalios \u012f UNESCO s\u0105ra\u0161\u0105 \u012ftrauktos medin\u0117s ba\u017eny\u010dios Ryt\u0173 Slovakijoje<\/li>\n<li><strong>Terminiai SPA:<\/strong> Puik\u016bs terminiai kurortai, tokie kaip Pie\u0161\u0165any, Tren\u010dianske Teplice<\/li>\n<li><strong>Slovakijos rojus:<\/strong> Nuostabus nacionalinis parkas su tarpekliais, kriokliais ir ferrata takais<\/li>\n<li><strong>Vyno \u0161alis:<\/strong> Ma\u017eai \u017einomi vyno regionai, ypa\u010d Tokaj rytuose<\/li>\n<\/ul>\n\n<h2 class=\"wp-block-heading\">\ud83d\udccd I\u0161vada<\/h2>\n\n<p>Slovakija si\u016blo puik\u0173 gamtos gro\u017eio, turtingos istorijos ir Vidurio Europos \u017eavesio derin\u012f. &#8220;E-Znamka&#8221; sistema yra paprasta \u2013 \u012fsigykite internetu prie\u0161 kelion\u0119 ir m\u0117gaukit\u0117s vairavimu be r\u016bpes\u010di\u0173 Slovakijos greitkeliais. <\/p>\n\n<p>Kelion\u0117ms po kelias \u0161alis derinkite slovak\u0173 E-Znamka su vinjet\u0117mis <a href=\"https:\/\/vignettego.com\/highway-vignette-europe\/lt\/cekijos-greitkelio-vinjete-2026-m-galutinis-e-znamka-vadovas\/\">\u010cekijai<\/a>, <a href=\"https:\/\/vignettego.com\/highway-vignette-europe\/lt\/austria-highway-vignette-2026-complete-digitale-vignette-guide-lt\/\">Austrijai<\/a>, <a href=\"https:\/\/vignettego.com\/highway-vignette-europe\/lt\/hungary-highway-vignette-2026-complete-e-matrica-guide-lt\/\">Vengrijai<\/a> ir <a href=\"https:\/\/vignettego.com\/highway-vignette-europe\/lt\/slovenijos-greitkelio-vinjete-2026-m-issamus-e-vinjeta-vadovas\/\">Slov\u0117nijai<\/a>. Gaukite visas vinjetes vienoje vietoje <a href=\"https:\/\/vignettego.com\/\" title=\"VignetteGo - Europos greitkeli&#x173; vinjet&#x117;s\">VignetteGo<\/a>. <\/p>\n\n<p><strong>M\u0117gaukit\u0117s Slovakija! \ud83c\uddf8\ud83c\uddf0\ud83c\udfd4\ufe0f <\/strong><\/p>\n\n<p><strong>Susij\u0119 vadovai: \u010cekijos<\/strong> <a href=\"https:\/\/vignettego.com\/highway-vignette-europe\/lt\/cekijos-greitkelio-vinjete-2026-m-galutinis-e-znamka-vadovas\/\">E-Znamka<\/a> | <a href=\"https:\/\/vignettego.com\/highway-vignette-europe\/lt\/hungary-highway-vignette-2026-complete-e-matrica-guide-lt\/\">Vengrija E-Matrica<\/a> | <a href=\"https:\/\/vignettego.com\/\">Visos Europos vinjet\u0117s<\/a><\/p>\n","protected":false},"excerpt":{"rendered":"<p>Slovakija yra pasl\u0117ptas perlas Vidurio Europoje, si\u016blantis \u012fsp\u016bdingus kaln\u0173 peiza\u017eus Auk\u0161tuosiuose Tatruose, \u017eavingus viduram\u017ei\u0173 miestus, tokius kaip Bardejovas ir Levo\u010da, paslaptingas pilis ir puikius terminius SPA. Nesvarbu, ar vykstate tranzitu per Slovakij\u0105 \u012f Lenkij\u0105, Ukrain\u0105 ar Vengrij\u0105, ar tyrin\u0117jate \u0161i\u0105 gra\u017ei\u0105 \u0161al\u012f, jums reik\u0117s slovaki\u0161kos E-Znamkos (elektronin\u0117s vinjet\u0117s). \u0160iame vadove pateikiama viskas apie Slovakijos vinje\u010di\u0173 [&hellip;]<\/p>\n","protected":false},"author":0,"featured_media":0,"parent":0,"menu_order":0,"comment_status":"closed","ping_status":"closed","template":"","meta":{"footnotes":""},"class_list":["post-340","page","type-page","status-publish","hentry"],"_links":{"self":[{"href":"https:\/\/vignettego.com\/highway-vignette-europe\/lt\/wp-json\/wp\/v2\/pages\/340","targetHints":{"allow":["GET"]}}],"collection":[{"href":"https:\/\/vignettego.com\/highway-vignette-europe\/lt\/wp-json\/wp\/v2\/pages"}],"about":[{"href":"https:\/\/vignettego.com\/highway-vignette-europe\/lt\/wp-json\/wp\/v2\/types\/page"}],"replies":[{"embeddable":true,"href":"https:\/\/vignettego.com\/highway-vignette-europe\/lt\/wp-json\/wp\/v2\/comments?post=340"}],"version-history":[{"count":4,"href":"https:\/\/vignettego.com\/highway-vignette-europe\/lt\/wp-json\/wp\/v2\/pages\/340\/revisions"}],"predecessor-version":[{"id":1414,"href":"https:\/\/vignettego.com\/highway-vignette-europe\/lt\/wp-json\/wp\/v2\/pages\/340\/revisions\/1414"}],"wp:attachment":[{"href":"https:\/\/vignettego.com\/highway-vignette-europe\/lt\/wp-json\/wp\/v2\/media?parent=340"}],"curies":[{"name":"wp","href":"https:\/\/api.w.org\/{rel}","templated":true}]}}