{"id":172,"date":"2025-09-30T22:27:07","date_gmt":"2025-09-30T22:27:07","guid":{"rendered":"https:\/\/vignettego.com\/highway-vignette-europe\/sveicarijos-greitkelio-vinjete-visiskas-vadovas\/"},"modified":"2025-09-30T23:10:41","modified_gmt":"2025-09-30T23:10:41","slug":"sveicarijos-greitkelio-vinjete-visiskas-vadovas","status":"publish","type":"page","link":"https:\/\/vignettego.com\/highway-vignette-europe\/lt\/sveicarijos-greitkelio-vinjete-visiskas-vadovas\/","title":{"rendered":"\u0160veicarijos greitkelio vinjet\u0117: Visi\u0161kas vadovas"},"content":{"rendered":"\n<p><strong>Va\u017eiavimas per \u0160veicarij\u0105 yra vienas i\u0161 kvap\u0105 gniau\u017eian\u010di\u0173 \u012fsp\u016bd\u017ei\u0173 Europoje<\/strong>.  <\/p>\n\n<p>\u0160alis gars\u0117ja nepriekai\u0161tingais keliais, \u012fsp\u016bdingais tuneliais ir vaizdingais Alpi\u0173 kra\u0161tovaizd\u017eiais, d\u0117l kuri\u0173 kiekviena kelion\u0117 tampa nepamir\u0161tama.  <\/p>\n\n<p>Ta\u010diau prie\u0161 i\u0161va\u017eiuodami \u012f \u0160veicarijos greitkel\u012f, turite \u017einoti vien\u0105 esmin\u012f reikalavim\u0105 &#8211; tai <strong>\n  <a href=\"https:\/\/vignettego.com\/\" data-type=\"link\" data-id=\"https:\/\/vignettego.com\/\">\u0160veicarijos greitkelio vinjet\u0119<\/a>\n<\/strong>.<\/p>\n\n<div style=\"height:40px\" aria-hidden=\"true\" class=\"wp-block-spacer\"><\/div>\n\n<div class=\"wp-block-buttons is-content-justification-center is-layout-flex wp-container-core-buttons-is-layout-a89b3969 wp-block-buttons-is-layout-flex\">\n<div class=\"wp-block-button\"><a class=\"wp-block-button__link has-text-align-center wp-element-button\" href=\"https:\/\/vignettego.com\/\">\u0160veicarijos vinjet\u0117 Fast<\/a><\/div>\n<\/div>\n\n<div style=\"height:40px\" aria-hidden=\"true\" class=\"wp-block-spacer\"><\/div>\n\n<p>\u0160iame i\u0161samiame vadove paai\u0161kinama viskas, k\u0105 reikia \u017einoti apie \u0160veicarijos greitkeli\u0173 rinkliav\u0173 sistem\u0105, \u012fskaitant tai, kaip veikia vinjet\u0117, kiek ji kainuoja, kur j\u0105 \u012fsigyti, kaip i\u0161vengti baud\u0173 ir naudingus patarimus, kad kelion\u0117 b\u016bt\u0173 sklandi ir nekelt\u0173 streso.  <\/p>\n\n<p>Nesvarbu, ar planuojate kelion\u0119 per Europ\u0105, ar tiesiog va\u017eiuojate per <strong>\u0160veicarij\u0105<\/strong> pakeliui \u012f Italij\u0105 ar Pranc\u016bzij\u0105, \u017einodami vinje\u010di\u0173 sistem\u0105 sutaupysite laiko, pinig\u0173 ir galimo galvos skausmo.<\/p>\n\n<h2 class=\"wp-block-heading\">Kas yra \u0160veicarijos greitkelio vinjet\u0117?<\/h2>\n\n<p><strong>\u0160veicarijos greitkelio vinjet\u0117 &#8211; tai privalomas keli\u0173 mokes\u010dio bilietas, kur\u012f privalo tur\u0117ti visos iki 3,5 tonos sverian\u010dios transporto priemon\u0117s, \u012fskaitant lengvuosius automobilius, mikroautobusus, motociklus ir kemperius, va\u017eiuojan\u010dios \u0160veicarijos greitkeliais<em>(Autobahnen)<\/em> ir greitkeliais<em>(Autostrassen)<\/em>.  <\/strong><\/p>\n\n<p>Kitaip nei daugelyje Europos \u0161ali\u0173, kuriose rinkliavos imamos u\u017e nuva\u017eiuot\u0105 atstum\u0105 ar tam tikrus kelio ruo\u017eus, \u0160veicarijoje taikomas paprastas <strong>\n  <em>metini\u0173 vinje\u010di\u0173 sistem\u0105<\/em>\n<\/strong>. \u012esigijus vinjet\u0119, jos galiojimo laikotarpiu galima neribotai va\u017ein\u0117ti \u0161alies greitkeli\u0173 tinklu. <\/p>\n\n<p>Sistema paprasta: jei ketinate va\u017eiuoti bet kuriuo greitkeliu, net ir nedidel\u012f atstum\u0105, turite tur\u0117ti galiojan\u010di\u0105 <a href=\"https:\/\/vignettego.com\/\">vinjet\u0119<\/a>. U\u017e jos netur\u0117jim\u0105 gali b\u016bti skiriamos didel\u0117s baudos. <\/p>\n\n<h3 class=\"wp-block-heading\">Pagrindiniai faktai i\u0161 pirmo \u017evilgsnio<\/h3>\n\n<ul class=\"wp-block-list\">\n<li>Privaloma visoms transporto priemon\u0117ms iki 3,5 tonos, va\u017eiuojan\u010dioms greitkeliais ir greitkeliais<\/li>\n\n\n\n<li>Galioja visame \u0160veicarijos greitkeli\u0173 tinkle &#8211; viena vinjet\u0117 galioja visiems mar\u0161rutams<\/li>\n\n\n\n<li>fiksuotas metinis mokestis vietoj rinkliavos u\u017e kiekvien\u0105 kilometr\u0105<\/li>\n\n\n\n<li>Didesn\u0117ms nei 3,5 tonos transporto priemon\u0117ms taikomas atskiras sunkiasvori\u0173 transporto priemoni\u0173 mokestis (LSVA)<\/li>\n<\/ul>\n\n<h2 class=\"wp-block-heading\">\u0160veicarijos vinjet\u0117s kaina 2026 m.<\/h2>\n\n<p>\u0160veicarijos rinkliav\u0173 sistema yra labai paprasta. Priva\u010dioms transporto priemon\u0117ms galima \u012fsigyti tik vienos r\u016b\u0161ies <em>vinjet\u0119<\/em>, kuri galioja visus metus: <\/p>\n\n<figure class=\"wp-block-table\"><table class=\"has-fixed-layout\"><thead><tr><th>Transporto priemon\u0117s tipas<\/th><th>Kaina<\/th><th>Galiojimas<\/th><\/tr><\/thead><tbody><tr><td>Lengvieji automobiliai, furgonai, nameliai ant rat\u0173 (\u2264 3,5 t)<\/td><td>40 CHF (apie 42 \u20ac)<\/td><td>1 kalendoriniai metai (nuo gruod\u017eio 1 d. iki kit\u0173 met\u0173 sausio 31 d.)<\/td><\/tr><tr><td>Motociklai<\/td><td>40 CHF (apie 42 \u20ac)<\/td><td>1 kalendoriniai metai (nuo gruod\u017eio 1 d. iki kit\u0173 met\u0173 sausio 31 d.)<\/td><\/tr><\/tbody><\/table><\/figure>\n\n<p>Trumpalaiki\u0173 variant\u0173, pavyzd\u017eiui, 7 dien\u0173 ar 1 m\u0117nesio leidim\u0173, n\u0117ra. Net jei \u012f \u0161al\u012f atvyksite vienai dienai, tur\u0117site \u012fsigyti metin\u0119 <a href=\"https:\/\/vignettego.com\/\">vinjet\u0119<\/a>.   <\/p>\n\n<p>Nors tai gali atrodyti brangu trumpiems vizitams, ta\u010diau planuojant kelias keliones ar ilgesn\u012f vie\u0161nag\u0117s laik\u0105, tai tampa labai vertinga.<\/p>\n\n<div style=\"height:40px\" aria-hidden=\"true\" class=\"wp-block-spacer\"><\/div>\n\n<h2 class=\"wp-block-heading\">Kur ir kaip \u012fsigyti &#8220;Swiss Vignette<\/h2>\n\n<p>Galite \u012fsigyti <strong>\n  <em>\n    <a href=\"https:\/\/vignettego.com\/\">\u0160veicarijos greitkelio vinjet\u0119<\/a>\n  <\/em>\n<\/strong> dviem pagrindiniais b\u016bdais: kaip tradicin\u012f fizin\u012f lipduk\u0105 arba kaip skaitmenin\u0119 vinjet\u0119, susiet\u0105 su j\u016bs\u0173 transporto priemon\u0117s valstybiniu numeriu. Abu variantai yra galiojantys ir teisi\u0161kai pripa\u017e\u012fstami. <\/p>\n\n<h3 class=\"wp-block-heading\">1. Fizin\u0117 lipduk\u0173 vinjet\u0117<\/h3>\n\n<p>Tradicin\u0117 vinjet\u0117 &#8211; tai nedidelis lipnus lipdukas, kur\u012f reikia klijuoti ant priekinio automobilio stiklo. Ji teb\u0117ra populiarus daugelio vairuotoj\u0173 pasirinkimas ir yra pla\u010diai paplitusi visoje Europoje. <\/p>\n\n<p><strong>Kur \u012fsigyti lipduk\u0173 vinjet\u0119:<\/strong><\/p>\n\n<ul class=\"wp-block-list\">\n<li>\u0160veicarijos sienos per\u0117jimo punktuose ir muitin\u0117se<\/li>\n\n\n\n<li>degalin\u0117se netoli \u0160veicarijos sienos (Vokietijoje, Austrijoje, Italijoje, Pranc\u016bzijoje)<\/li>\n\n\n\n<li>\u0160veicarijos pa\u0161to skyriuose ir automobili\u0173 transporto organizacijose<\/li>\n\n\n\n<li>I\u0161 automobili\u0173 klub\u0173, toki\u0173 kaip ADAC ar \u00d6AMTC<\/li>\n<\/ul>\n\n<div style=\"height:40px\" aria-hidden=\"true\" class=\"wp-block-spacer\"><\/div>\n\n<div class=\"wp-block-buttons is-content-justification-center is-layout-flex wp-container-core-buttons-is-layout-a89b3969 wp-block-buttons-is-layout-flex\">\n<div class=\"wp-block-button\"><a class=\"wp-block-button__link wp-element-button\" href=\"https:\/\/vignettego.com\/\">&#8220;VignetteGO&#8221; &#8211; greitai gaukite &#8220;Vignette<\/a><\/div>\n<\/div>\n\n<div style=\"height:40px\" aria-hidden=\"true\" class=\"wp-block-spacer\"><\/div>\n\n<p><strong>Kaip j\u012f naudoti:<\/strong> Nulupkite apsaugin\u012f sluoksn\u012f ir priklijuokite vinjet\u0119 ant priekinio stiklo vidin\u0117s pus\u0117s, geriausiai vir\u0161utiniame kairiajame kampe arba u\u017e galinio vaizdo veidrod\u0117lio. Nu\u0117mus lipduk\u0105, jo negalima pakartotinai naudoti ar perkelti ant kitos transporto priemon\u0117s. <\/p>\n\n<h3 class=\"wp-block-heading\">2. Skaitmenin\u0117 vinjet\u0117 (rekomenduojama)<\/h3>\n\n<p>Nuo 2023 m. \u0160veicarija si\u016blo <a href=\"https:\/\/vignettego.com\/\">skaitmenin\u0117s vinjet\u0117s<\/a> galimyb\u0119. \u0160i versija yra susieta su j\u016bs\u0173 valstybinio numerio \u017eenklu, tod\u0117l nereikia fizinio lipduko. Tai patogus sprendimas, ypa\u010d tiems, kurie da\u017enai kei\u010dia transporto priemones arba nori i\u0161vengti lipduko klijavimo ir nu\u0117mimo r\u016bpes\u010di\u0173.  <\/p>\n\n<p><strong>Skaitmenin\u0117s vinjet\u0117s privalumai:<\/strong><\/p>\n\n<ul class=\"wp-block-list\">\n<li>Greitas ir paprastas pirkimas internetu &#8211; proces\u0105 u\u017ebaigsite per kelias minutes<\/li>\n\n\n\n<li>Nereikia nieko tvirtinti ar nuimti nuo priekinio stiklo<\/li>\n\n\n\n<li>Galima lengvai atnaujinti, jei kei\u010diate priekin\u012f stikl\u0105 ar numerio \u017eenkl\u0105.<\/li>\n\n\n\n<li>Galimos automatinio atnaujinimo parinktys<\/li>\n<\/ul>\n\n<p><strong>Kur nusipirkti internetu:<\/strong> Vienas i\u0161 papras\u010diausi\u0173 b\u016bd\u0173 &#8211; per oficiali\u0105 \u0160veicarijos platform\u0105 arba per patikimus interneto paslaug\u0173 teik\u0117jus. Jei norite sutaupyti laiko ir i\u0161vengti eili\u0173 pasienyje, vos per kelias minutes galite <a href=\"https:\/\/vignettego.com\/\" target=\"_blank\" rel=\"noreferrer noopener\">\u012fsigyti \u0160veicarijos vinjet\u0119 internetu \u010dia<\/a>. <\/p>\n\n<p><a href=\"https:\/\/vignettego.com\/\" target=\"_blank\" rel=\"noreferrer noopener\">Pirkite savo \u0161veicari\u0161k\u0105 vinjet\u0119 internetu dabar<\/a><\/p>\n\n<div style=\"height:40px\" aria-hidden=\"true\" class=\"wp-block-spacer\"><\/div>\n\n<h2 class=\"wp-block-heading\">Fizinis ir skaitmeninis: K\u0105 rinktis?<\/h2>\n\n<p><strong>Abu variantai suteikia vienod\u0105 teis\u0119 naudotis \u0160veicarijos greitkeliais, ta\u010diau skaitmenin\u0117 vinjet\u0117 tampa vis populiaresn\u0117 d\u0117l savo patogumo.  <\/strong><\/p>\n\n<p>Jei nuomojat\u0117s automobil\u012f \u0160veicarijoje, \u012f j\u012f beveik visada \u012ftraukiama vinjet\u0117. Ta\u010diau jei nuomojat\u0117s u\u017esienyje ir planuojate va\u017eiuoti \u012f \u0160veicarij\u0105, patikrinkite, ar automobilis jau turi toki\u0105 vinjet\u0119 &#8211; dauguma j\u0173 neturi. <\/p>\n\n<p>Jei vertinate lankstum\u0105 ir paprastum\u0105, geriau rinktis skaitmenin\u0119 vinjet\u0119. Kita vertus, jei pageidaujate j\u0105 \u012fsigyti vietoje arba nenorite \u012fvesti valstybinio numerio duomen\u0173 internetu, fizin\u0117 versija i\u0161lieka saugus pasirinkimas. <\/p>\n\n<h2 class=\"wp-block-heading\">Galiojimo laikotarpis ir atnaujinimas<\/h2>\n\n<p>Kitas \u0160veicarijos sistemos privalumas &#8211; ilgas jos galiojimo laikotarpis. Kiekviena vinjet\u0117 galioja ne 12, o 14 m\u0117nesi\u0173. Tai rei\u0161kia, kad jei i\u0161mintingai planuosite keliones, gal\u0117site ja naudotis dvi \u017eiemas arba dvi vasaras.  <\/p>\n\n<ul class=\"wp-block-list\">\n<li><strong>Prad\u017eios data:<\/strong> pra\u0117jusi\u0173 met\u0173 gruod\u017eio 1 d.<\/li>\n\n\n\n<li><strong>Galutin\u0117 data:<\/strong> kit\u0173 met\u0173 sausio 31 d.<\/li>\n<\/ul>\n\n<p>Pavyzd\u017eiui, 2026 m. vinjet\u0117 galioja nuo 2024 m. gruod\u017eio 1 d. iki 2026 m. sausio 31 d. Jei j\u0105 \u012fsigysite anks\u010diau, gausite du papildomus m\u0117nesius be joki\u0173 papildom\u0173 i\u0161laid\u0173. <\/p>\n\n<div style=\"height:40px\" aria-hidden=\"true\" class=\"wp-block-spacer\"><\/div>\n\n<div class=\"wp-block-buttons is-content-justification-center is-layout-flex wp-container-core-buttons-is-layout-a89b3969 wp-block-buttons-is-layout-flex\">\n<div class=\"wp-block-button\"><a class=\"wp-block-button__link wp-element-button\" href=\"https:\/\/vignettego.com\/\">Greitkeli\u0173 e. vinjet\u0117s<\/a><\/div>\n<\/div>\n\n<div style=\"height:40px\" aria-hidden=\"true\" class=\"wp-block-spacer\"><\/div>\n\n<h2 class=\"wp-block-heading\">Ar u\u017esienio vairuotojams reikia vinjet\u0117s?<\/h2>\n\n<p><strong>Taip, vinjet\u0117s reikalavimas taikomas visoms transporto priemon\u0117ms, neatsi\u017evelgiant \u012f tai, kur jos registruotos.   <\/strong><\/p>\n\n<p>Jei \u012f \u0160veicarij\u0105 \u012fva\u017eiuojate i\u0161 kaimynin\u0117s \u0161alies, prie\u0161 \u012fva\u017eiuodami \u012f greitkeli\u0173 tinkl\u0105 arba i\u0161 karto po to turite \u012fsigyti vinjet\u0119. Policija da\u017enai tikrina transporto priemones prie pasienio punkt\u0173, \u012fva\u017eiavim\u0173 \u012f greitkelius ir poilsio aik\u0161teli\u0173. <\/p>\n\n<p>Net jei per \u0160veicarij\u0105 va\u017eiuojate tik valandai, jums vis tiek jos reikia. Bandyti va\u017eiuoti be vinjet\u0117s neverta rizikuoti &#8211; baudos yra didel\u0117s, o teis\u0117s akt\u0173 vykdymas grie\u017etas. <\/p>\n\n<p><a href=\"https:\/\/vignettego.com\/\" target=\"_blank\" rel=\"noreferrer noopener\">Pirkti \u0160veicarijos vinjet\u0117 per kelias minutes<\/a><\/p>\n\n<div style=\"height:39px\" aria-hidden=\"true\" class=\"wp-block-spacer\"><\/div>\n\n<h2 class=\"wp-block-heading\">Baudos ir nuobaudos u\u017e vairavim\u0105 be vinjet\u0117s<\/h2>\n\n<p><strong>Va\u017eiavimas \u0160veicarijos greitkeliais be galiojan\u010dios vinjet\u0117s laikomas rimtu keli\u0173 eismo taisykli\u0173 pa\u017eeidimu.  <\/strong><\/p>\n\n<p>Vald\u017eios institucijos grie\u017etai vykdo vinjet\u0117s reikalavim\u0105, o baudos yra didel\u0117s, kad atgrasyt\u0173 nuo jo nesilaikymo. Jei jus sustabdys policija arba pagaus per patikrinim\u0105 kelyje be vinjet\u0117s, jums gresia: <\/p>\n\n<ul class=\"wp-block-list\">\n<li>standartin\u0117 <strong>200 \u0160veicarijos frank\u0173<\/strong> (apie 210 eur\u0173) bauda.<\/li>\n\n\n\n<li>Nedelsiant privaloma <a href=\"https:\/\/vignettego.com\/\">\u012fsigyti vinjet\u0119<\/a> vietoje<\/li>\n<\/ul>\n\n<p>Lengvatinio laikotarpio ir i\u0161im\u010di\u0173 n\u0117ra. Reikalavimas pradedamas taikyti nuo tos akimirkos, kai \u012fva\u017eiuojate \u012f greitkel\u012f ar greitkel\u012f. Net jei be vinjet\u0117s nuva\u017eiuosite tik vien\u0105 kilometr\u0105, vis tiek teks sumok\u0117ti vis\u0105 baud\u0105.    <\/p>\n\n<p>Verta pamin\u0117ti, kad baudos skiriamos ne tik sienos kirtimo punktuose, bet ir \u0161alies viduje, kur atsitiktiniai patikrinimai keliuose yra \u012fprasti.<\/p>\n\n<p>Kadangi vinjet\u0117s kaina, palyginti su bauda, yra labai ma\u017ea, visada protingiau j\u0105 \u012fsigyti i\u0161 anksto. Pirkimas internetu prie\u0161 kelion\u0119 &#8211; papras\u010diausias b\u016bdas i\u0161vengti nereikaling\u0173 problem\u0173. <\/p>\n\n<p><a href=\"https:\/\/vignettego.com\/\" target=\"_blank\" rel=\"noreferrer noopener\">\u012esigykite \u0160veicarijos vinjet\u0119 ir i\u0161venkite baud\u0173<\/a><\/p>\n\n<div style=\"height:40px\" aria-hidden=\"true\" class=\"wp-block-spacer\"><\/div>\n\n<h2 class=\"wp-block-heading\">Specialios rinkliavos ir i\u0161imtys<\/h2>\n\n<p><strong>Nors 40 \u0160veicarijos frank\u0173 vinjet\u0117 galioja beveik visam \u0160veicarijos greitkeli\u0173 tinklui, yra keletas tuneli\u0173 ir kaln\u0173 mar\u0161rut\u0173, kuriuose taikoma papildoma rinkliava.  <\/strong><\/p>\n\n<p>Paprastai tai yra ilgi ir brang\u016bs infrastrukt\u016bros projektai, u\u017e kuri\u0173 prie\u017ei\u016br\u0105 reikia mok\u0117ti atskirus mokes\u010dius.<\/p>\n\n<figure class=\"wp-block-table\"><table class=\"has-fixed-layout\"><thead><tr><th>Mar\u0161rutas \/ tunelis<\/th><th>Papildoma rinkliava<\/th><th>Pastabos<\/th><\/tr><\/thead><tbody><tr><td>Didysis \u0160ventojo Bernardo tunelis (Italijos siena)<\/td><td>~CHF 30<\/td><td>Mokama rinkliavos punkte arba internetu<\/td><\/tr><tr><td>Munt la Schera tunelis (\u012f Livinjon\u0105, Italija)<\/td><td>~CHF 15-30<\/td><td>Sezoninis kelias, rinkliava priklauso nuo met\u0173 laiko<\/td><\/tr><tr><td>San Bernardino per\u0117ja<\/td><td>\u012etrauktas<\/td><td>Papildomos rinkliavos n\u0117ra, bet priklauso nuo oro s\u0105lyg\u0173<\/td><\/tr><\/tbody><\/table><\/figure>\n\n<p>Didesn\u0117ms nei 3,5 tonos transporto priemon\u0117ms, pvz., sunkiesiems nameliams ant rat\u0173, sunkve\u017eimiams ar autobusams, taikomas <strong>sunki\u0173j\u0173 transporto priemoni\u0173 mokestis (LSVA<\/strong>). \u0160is mokestis apskai\u010diuojamas pagal nuva\u017eiuot\u0105 atstum\u0105, svor\u012f ir i\u0161metam\u0173j\u0173 ter\u0161al\u0173 kategorij\u0105 ir paprastai mokamas atskirai per transporto \u012fmones arba muitin\u0117s \u012fstaigose. <\/p>\n\n<div style=\"height:40px\" aria-hidden=\"true\" class=\"wp-block-spacer\"><\/div>\n\n<div class=\"wp-block-buttons is-content-justification-center is-layout-flex wp-container-core-buttons-is-layout-a89b3969 wp-block-buttons-is-layout-flex\">\n<div class=\"wp-block-button\"><a class=\"wp-block-button__link wp-element-button\">Patikimiausia e. vinje\u010di\u0173 paslauga Europoje<\/a><\/div>\n<\/div>\n\n<div style=\"height:40px\" aria-hidden=\"true\" class=\"wp-block-spacer\"><\/div>\n\n<h2 class=\"wp-block-heading\">Vairavimo patarimai \u0160veicarijoje<\/h2>\n\n<p><strong>\u0160veicarija gars\u0117ja grie\u017etais keli\u0173 eismo \u012fstatymais ir gerai pri\u017ei\u016brima infrastrukt\u016bra.  <\/strong><\/p>\n\n<p>Taisykli\u0173 laikymasis ne tik u\u017etikrina j\u016bs\u0173 saugum\u0105, bet ir padeda i\u0161vengti brangi\u0173 baud\u0173. \u0160tai keletas nauding\u0173 patarim\u0173 prie\u0161 i\u0161va\u017eiuodami \u012f keli\u0105: <\/p>\n\n<ul class=\"wp-block-list\">\n<li><strong>Grei\u010dio apribojimai:<\/strong> 120 km\/h greitkeliuose, 100 km\/h greitkeliuose, 80 km\/h kaimo keliuose, 50 km\/h miesteliuose.<\/li>\n\n\n\n<li><strong>\u017diemin\u0117s padangos:<\/strong> teisi\u0161kai neprivalomos, bet labai rekomenduojamos nuo lapkri\u010dio iki kovo, ypa\u010d kalnuotuose regionuose.<\/li>\n\n\n\n<li><strong>\u0160viesos:<\/strong> Dienos metu privaloma naudoti artim\u0173j\u0173 \u0161vies\u0173 \u017eibintus.<\/li>\n\n\n\n<li><strong>Mobilieji telefonai:<\/strong> Naudojimasis telefonu be laisv\u0173 rank\u0173 \u012frangos yra neteis\u0117tas ir u\u017e tai skiriamos didel\u0117s baudos.<\/li>\n\n\n\n<li><strong>Alkoholio kiekio riba:<\/strong> 0,5 \u2030 (ma\u017eesn\u0117 naujiems vairuotojams ir profesionaliems vairuotojams).<\/li>\n\n\n\n<li><strong>Automobili\u0173 stov\u0117jimo aik\u0161tel\u0117:<\/strong> Automobili\u0173 stov\u0117jimo taisykli\u0173 grie\u017etai laikomasi. Visada naudokit\u0117s pa\u017eym\u0117tomis vietomis ir atkreipkite d\u0117mes\u012f \u012f laiko apribojimus. <\/li>\n<\/ul>\n\n<p>\u0160veicarijoje taip pat yra keletas vaizdingiausi\u0173 mar\u0161rut\u0173 Europoje, pavyzd\u017eiui, Furkos per\u0117ja, Gotardo per\u0117ja ir Berno kelias.  <\/p>\n\n<p>Nors \u0161iuose keliuose vinjet\u0117s gali nereik\u0117ti, jei jie n\u0117ra greitkeli\u0173 tinklo dalis, \u017eiem\u0105 jie da\u017enai u\u017edaromi d\u0117l sniego, tod\u0117l prie\u0161 kelion\u0119 visada patikrinkite sezonines s\u0105lygas.<\/p>\n\n<div style=\"height:40px\" aria-hidden=\"true\" class=\"wp-block-spacer\"><\/div>\n\n<h2 class=\"wp-block-heading\">Alternatyvios trump\u0173 kelioni\u0173 strategijos<\/h2>\n\n<p>Jei planuojate vykti per \u0160veicarij\u0105 tranzitu ir manote, kad 40 \u0160veicarijos frank\u0173 yra per didel\u0117 suma trumpai kelionei, yra keletas alternatyv\u0173, ta\u010diau kiekviena i\u0161 j\u0173 turi tam tikr\u0173 kompromis\u0173:<\/p>\n\n<ul class=\"wp-block-list\">\n<li><strong>Naudokit\u0117s ne greitkeliais:<\/strong> Keliuose, pa\u017eym\u0117tuose m\u0117lynais \u017eenklais, galima va\u017eiuoti nemokamai, ta\u010diau jie yra l\u0117tesni ir da\u017enai eina per miestus ir kaimus.<\/li>\n\n\n\n<li><strong>Statyk ir va\u017eiuok:<\/strong> Pastatykite automobil\u012f netoli sienos ir keliaukite \u012f \u0160veicarij\u0105 traukiniu. \u0160veicarijos gele\u017einkeli\u0173 tinklas yra greitas, patikimas ir apima net atokius kaln\u0173 miestelius. <\/li>\n\n\n\n<li><strong>Padarykite j\u0105 kelion\u0117s dalimi:<\/strong> Jei vis tiek mokate u\u017e vinjet\u0119, suplanuokite sustojimus \u0160veicarijos miestuose ar lankytinuose gamtos objektuose, kad j\u016bs\u0173 apsilankymas b\u016bt\u0173 naudingesnis.<\/li>\n<\/ul>\n\n<p>Galiausiai 40 \u0160veicarijos frank\u0173 vinjet\u0117 yra nedidel\u0117 kaina u\u017e neribot\u0105 prieig\u0105 prie vieno geriausi\u0173 pasaulyje keli\u0173 tinklo. Daugumai keliautoj\u0173 verta investuoti. <\/p>\n\n<div style=\"height:40px\" aria-hidden=\"true\" class=\"wp-block-spacer\"><\/div>\n\n<h2 class=\"wp-block-heading\">Da\u017eniausiai u\u017eduodami klausimai (DUK)<\/h2>\n\n<h3 class=\"wp-block-heading\">Ar man reikia vinjet\u0117s, jei va\u017eiuoju tik antraeiliais keliais?<\/h3>\n\n<p>Ne. Vinjet\u0117 reikalinga tik greitkeliuose ir greitkeliuose, kurie \u017eymimi \u017ealiais \u017eenklais su baltais skai\u010diais. M\u0117lynais \u017eenklais pa\u017eym\u0117tais keliais galima va\u017eiuoti be vinjet\u0117s.  <\/p>\n\n<h3 class=\"wp-block-heading\">Ar galiu perkelti savo vinjet\u0119 \u012f kit\u0105 transporto priemon\u0119?<\/h3>\n\n<p>Ne. Tiek fizin\u0117s, tiek skaitmenin\u0117s vinjet\u0117s yra susietos su konkre\u010dia transporto priemone. Fizin\u0117s vinjet\u0117s sunaikinamos jas i\u0161\u0117mus, o skaitmenin\u0117s vinjet\u0117s yra susietos su pirkimo metu \u012fvestu valstybinio numerio \u017eenklu.  <\/p>\n\n<h3 class=\"wp-block-heading\">Kas nutiks, jei pakeisiu valstybin\u012f numer\u012f?<\/h3>\n\n<p>Jei turite skaitmenin\u0119 vinjet\u0119, registracijos duomenis paprastai galite atnaujinti internetu. Jei turite fizin\u0119 vinjet\u0119, tur\u0117site \u012fsigyti nauj\u0105. <\/p>\n\n<h3 class=\"wp-block-heading\">Ar nuomojamuose automobiliuose \u0160veicarijoje jau yra vinjet\u0117?<\/h3>\n\n<p>Daugumos \u0160veicarijoje i\u0161sinuomot\u0173 automobili\u0173 nuomos kaina apima vinjet\u0119. Ta\u010diau u\u017e \u0160veicarijos rib\u0173 i\u0161sinuomotiems automobiliams paprastai vinjet\u0117 netaikoma. Visada i\u0161 anksto pasitarkite su nuomos bendrove.  <\/p>\n\n<h3 class=\"wp-block-heading\">Ar \u0160veicarija si\u016blo trumpalaikes vinjetes turistams?<\/h3>\n\n<p>Ne. Kitaip nei Austrijoje ar Slov\u0117nijoje, \u0160veicarijoje galima \u012fsigyti tik metin\u0119 vinjet\u0119. Net jei atvykstate vienai dienai, turite \u012fsigyti vis\u0173 met\u0173 biliet\u0105.  <\/p>\n\n<div style=\"height:40px\" aria-hidden=\"true\" class=\"wp-block-spacer\"><\/div>\n\n<h2 class=\"wp-block-heading\">Galutin\u0117s mintys: Nedidel\u0117 investicija \u012f auk\u0161\u010diausios kokyb\u0117s vairavimo patirt\u012f<\/h2>\n\n<p>\u0160veicarijos greitkeli\u0173 vinjet\u0117 yra viena papras\u010diausi\u0173 ir ekonomi\u0161kiausi\u0173 rinkliavos sistem\u0173 Europoje. U\u017e fiksuot\u0105 40 \u0160veicarijos frank\u0173 mokest\u012f per metus galite neribotai naudotis saugiu, greitu ir vaizdingu keli\u0173 tinklu.   <\/p>\n\n<p>D\u0117l patogumo, kad nereikia sustoti prie rinkliavos post\u0173, ir d\u0117l \u0160veicarijos infrastrukt\u016bros kokyb\u0117s \u0161is mar\u0161rutas yra neatsiejama kelion\u0117s regione dalis.<\/p>\n\n<p>Nesvarbu, ar keliaujate po vaizdingus Alpi\u0173 kaimelius, ar va\u017eiuojate \u012f pasaulinio lygio slidin\u0117jimo kurortus, ar papras\u010diausiai kertate \u0161al\u012f kaip didesn\u0117s kelion\u0117s po Europ\u0105 dal\u012f, vinjet\u0117 suteikia ramyb\u0119 ir suteikia galimyb\u0119 be r\u016bpes\u010di\u0173 keliauti.  <\/p>\n\n<p><strong>Nerizikuokite gauti baudas ar v\u0117luoti &#8211; prie\u0161 kelion\u0119 \u012fsigykite vinjet\u0119 ir m\u0117gaukit\u0117s \u0160veicarijos keliais taip, kaip jie ir tur\u0117jo b\u016bti naudojami.<\/strong><\/p>\n\n<p><a href=\"https:\/\/vignettego.com\/\" target=\"_blank\" rel=\"noreferrer noopener\">Pirkite savo \u0161veicari\u0161k\u0105 vinjet\u0119 internetu \u0161iandien<\/a><\/p>\n\n<p>\u012esigykite oficiali\u0105 \u0160veicarijos greitkeli\u0173 vinjet\u0119 internetu &#8221; <a href=\"https:\/\/vignettego.com\/\" target=\"_blank\" rel=\"noreferrer noopener\">VignetteGo&#8221;<\/a> ir per kelias minutes b\u016bkite pasireng\u0119 i\u0161va\u017eiuoti \u012f keli\u0105.<\/p>\n\n<div style=\"height:40px\" aria-hidden=\"true\" class=\"wp-block-spacer\"><\/div>\n\n<div class=\"wp-block-buttons is-content-justification-center is-layout-flex wp-container-core-buttons-is-layout-a89b3969 wp-block-buttons-is-layout-flex\">\n<div class=\"wp-block-button\"><a class=\"wp-block-button__link wp-element-button\" href=\"https:\/\/vignettego.com\/\">I\u0161bandykite VignetteGO.com<\/a><\/div>\n<\/div>\n\n<div style=\"height:40px\" aria-hidden=\"true\" class=\"wp-block-spacer\"><\/div>\n\n<p><strong>TAGS:<\/strong><\/p>\n\n<p class=\"has-medium-font-size\">\u0160veicarijos greitkeli\u0173 vinjet\u0117, \u0160veicarijos keli\u0173 mokestis, \u0160veicarijos keli\u0173 mokestis 2026, \u0160veicarijos keli\u0173 mokestis internetu, \u0160veicarijos vairuotojo vadovas, \u0160veicarijos greitkeli\u0173 leidimas, \u0160veicarijos greitkeli\u0173 lipdukas, <a href=\"https:\/\/vignettego.com\/\">Skaitmenin\u0117 \u0160veicarijos vinjet\u0117<\/a>, \u0160veicarijos keli\u0173 mokestis, \u0160veicarijos keli\u0173 mokestis, \u0160veicarijos kelion\u0117 automobiliu, \u0160veicarijos kelion\u0117s, \u0160veicarijos vairavimo taisykl\u0117s, \u0160veicarijos vinjet\u0117s kaina, Kur \u012fsigyti \u0160veicarijos vinjet\u0119, I\u0161vengti \u0160veicarijos vinjet\u0117s baud\u0173, \u0160veicarijos greitkeli\u0173 tinklas, \u0160veicarijos metin\u0117 vinjet\u0117, \u0160veicarijos greitkeli\u0173 leidimas, \u0160veicarijos kelion\u0117 automobiliu<\/p>\n\n<p><\/p>\n","protected":false},"excerpt":{"rendered":"<p>Va\u017eiavimas per \u0160veicarij\u0105 yra vienas i\u0161 kvap\u0105 gniau\u017eian\u010di\u0173 \u012fsp\u016bd\u017ei\u0173 Europoje. \u0160alis gars\u0117ja nepriekai\u0161tingais keliais, \u012fsp\u016bdingais tuneliais ir vaizdingais Alpi\u0173 kra\u0161tovaizd\u017eiais, d\u0117l kuri\u0173 kiekviena kelion\u0117 tampa nepamir\u0161tama. Ta\u010diau prie\u0161 i\u0161va\u017eiuodami \u012f \u0160veicarijos greitkel\u012f, turite \u017einoti vien\u0105 esmin\u012f reikalavim\u0105 &#8211; tai \u0160veicarijos greitkelio vinjet\u0119 . \u0160iame i\u0161samiame vadove paai\u0161kinama viskas, k\u0105 reikia \u017einoti apie \u0160veicarijos greitkeli\u0173 rinkliav\u0173 [&hellip;]<\/p>\n","protected":false},"author":1,"featured_media":109,"parent":0,"menu_order":0,"comment_status":"closed","ping_status":"closed","template":"","meta":{"footnotes":""},"class_list":["post-172","page","type-page","status-publish","has-post-thumbnail","hentry"],"_links":{"self":[{"href":"https:\/\/vignettego.com\/highway-vignette-europe\/lt\/wp-json\/wp\/v2\/pages\/172","targetHints":{"allow":["GET"]}}],"collection":[{"href":"https:\/\/vignettego.com\/highway-vignette-europe\/lt\/wp-json\/wp\/v2\/pages"}],"about":[{"href":"https:\/\/vignettego.com\/highway-vignette-europe\/lt\/wp-json\/wp\/v2\/types\/page"}],"author":[{"embeddable":true,"href":"https:\/\/vignettego.com\/highway-vignette-europe\/lt\/wp-json\/wp\/v2\/users\/1"}],"replies":[{"embeddable":true,"href":"https:\/\/vignettego.com\/highway-vignette-europe\/lt\/wp-json\/wp\/v2\/comments?post=172"}],"version-history":[{"count":1,"href":"https:\/\/vignettego.com\/highway-vignette-europe\/lt\/wp-json\/wp\/v2\/pages\/172\/revisions"}],"predecessor-version":[{"id":174,"href":"https:\/\/vignettego.com\/highway-vignette-europe\/lt\/wp-json\/wp\/v2\/pages\/172\/revisions\/174"}],"wp:featuredmedia":[{"embeddable":true,"href":"https:\/\/vignettego.com\/highway-vignette-europe\/lt\/wp-json\/wp\/v2\/media\/109"}],"wp:attachment":[{"href":"https:\/\/vignettego.com\/highway-vignette-europe\/lt\/wp-json\/wp\/v2\/media?parent=172"}],"curies":[{"name":"wp","href":"https:\/\/api.w.org\/{rel}","templated":true}]}}