{"id":108,"date":"2025-09-05T00:55:51","date_gmt":"2025-09-05T00:55:51","guid":{"rendered":"https:\/\/vignettego.com\/highway-vignette-europe\/greitkeliu-e-vinjetes-europa-aiskus-zmogiskas-be-uzuolanku\/"},"modified":"2026-01-05T22:13:27","modified_gmt":"2026-01-05T22:13:27","slug":"greitkeliu-e-vinjetes-europa-aiskus-zmogiskas-be-uzuolanku","status":"publish","type":"page","link":"https:\/\/vignettego.com\/highway-vignette-europe\/lt\/","title":{"rendered":"Greitkeli\u0173 e. vinjet\u0117s Europa: (ai\u0161kus, \u017emogi\u0161kas, be u\u017euolank\u0173)"},"content":{"rendered":"\n<p><em><a href=\"https:\/\/vignettego.com\/\">Greitkelio vinjet\u0117<\/a> Europa: (2026 m. vadovas)<\/em><\/p>\n\n<p>Jei planuojate kelion\u0119 po Europ\u0105, greitai susidursite su \u017eod\u017eiu, kuris skamba \u012fmantriai, bet i\u0161 tikr\u0173j\u0173 rei\u0161kia tik &#8220;i\u0161 anksto apmok\u0117t\u0105 prieig\u0105 prie keli\u0173&#8221;: <strong><a href=\"https:\/\/vignettego.com\/\">vinjet\u0117<\/a><\/strong>.  <\/p>\n\n<p>\u012esivaizduokite tai kaip skaitmenin\u012f leidim\u0105, susiet\u0105 su j\u016bs\u0173 valstybinio numerio \u017eenklu, kuriuo tam tikr\u0105 laik\u0105 galite naudotis tam tikrais greitkeliais. Paprasta id\u0117ja &#8211; prakti\u0161kai tai sud\u0117tinga, nes kiekvienoje \u0161alyje galioja skirtingos taisykl\u0117s. <\/p>\n\n<div style=\"height:30px\" aria-hidden=\"true\" class=\"wp-block-spacer\"><\/div>\n\n<div class=\"wp-block-buttons is-content-justification-center is-layout-flex wp-container-core-buttons-is-layout-a89b3969 wp-block-buttons-is-layout-flex\">\n<div class=\"wp-block-button\"><a class=\"wp-block-button__link wp-element-button\" href=\"https:\/\/vignettego.com\/\">Nar\u0161yti &#8220;VignetteGo<\/a><\/div>\n<\/div>\n\n<div style=\"height:30px\" aria-hidden=\"true\" class=\"wp-block-spacer\"><\/div>\n\n<p>Toliau pateikiamas draugi\u0161kas, be joki\u0173 i\u0161ved\u017eiojim\u0173 vadovas, kuris pad\u0117s suprasti, kur vinjet\u0117s naudojamos, kaip \u012fsigyti tinkam\u0105 vinjet\u0119, kiek laiko ji galioja ir kaip i\u0161vengti skaud\u017ei\u0173 baud\u0173. Taip pat pateiksiu paprast\u0105 kontrolin\u012f s\u0105ra\u0161\u0105, kuriuo galite vadovautis prie\u0161 u\u017evesdami varikl\u012f. <\/p>\n\n<p><\/p>\n\n<hr class=\"wp-block-separator has-alpha-channel-opacity\"\/>\n\n<h2 class=\"wp-block-heading\">TL;DR (trumpas atsakymas)<\/h2>\n\n<ul class=\"wp-block-list\">\n<li><strong>Kur ES reikia <a href=\"https:\/\/vignettego.com\/\">greitkelio vinjet\u0117s<\/a> (lengviesiems automobiliams, M1 \u2264 3,5 t):<\/strong><br\/> (\u0160veicarija taip pat naudoja vinjet\u0119, ta\u010diau ji nepriklauso ES) <strong>.<\/strong><\/li>\n\n\n\n<li><strong>Daugumoje<\/strong> kit\u0173 ES \u0161ali\u0173 naudojamos <strong><a href=\"https:\/\/vignettego.com\/\">rinkliav\u0173<\/a> kabinos, laisvai va\u017eiuojantys<\/strong> automobiliai <strong>arba<\/strong> automobiliams <strong>netaikomi jokie mokes\u010diai<\/strong> (pvz., Pranc\u016bzijoje, Italijoje, Ispanijoje, Portugalijoje, Kroatijoje, Lenkijoje, Airijos M50, Danijos ir \u0160vedijos tiltuose).<\/li>\n\n\n\n<li><strong>Kiek laiko galioja vinjet\u0117s<\/strong>: paprastai <strong>trumpalaik\u0117s<\/strong> (apie savait\u0119\/10 dien\u0173), <strong>m\u0117nesio<\/strong> ir <strong>metin\u0117s<\/strong>. Kai kur si\u016blomi ir <strong>1 dienos<\/strong> ar <strong>savaitgalio<\/strong> variantai. <\/li>\n\n\n\n<li><strong>Kaip \u012fsigyti:<\/strong> internetu per kelias minutes. Pasirenkate <strong>\u0161al\u012f<\/strong>, <strong>transporto priemon\u0119<\/strong>, <strong>prad\u017eios dat\u0105<\/strong> ir <strong>galiojim\u0105<\/strong>. Leidimas susiejamas su j\u016bs\u0173 <strong>valstybinio numerio \u017eenklu<\/strong>.  <\/li>\n\n\n\n<li><strong>Did\u017eiausios klaidos, kuri\u0173 reikia vengti:<\/strong> klaidinga l\u0117k\u0161t\u0117s eilut\u0117, klaidinga prad\u017eios data ir laikas arba prielaida, kad viena vinjet\u0117 veikia keliose \u0161alyse (taip n\u0117ra).<\/li>\n<\/ul>\n\n<div style=\"height:30px\" aria-hidden=\"true\" class=\"wp-block-spacer\"><\/div>\n\n<div class=\"wp-block-buttons is-content-justification-center is-layout-flex wp-container-core-buttons-is-layout-a89b3969 wp-block-buttons-is-layout-flex\">\n<div class=\"wp-block-button\"><a class=\"wp-block-button__link wp-element-button\" href=\"https:\/\/vignettego.com\/\">Prad\u0117ti dabar &#8211; VignetteGo<\/a><\/div>\n<\/div>\n\n<div style=\"height:30px\" aria-hidden=\"true\" class=\"wp-block-spacer\"><\/div>\n\n<hr class=\"wp-block-separator has-alpha-channel-opacity\"\/>\n\n<h2 class=\"wp-block-heading\">Kas yra vinjet\u0117?<\/h2>\n\n<p><strong>Vinjet\u0117<\/strong> &#8211; tai <a href=\"https:\/\/vignettego.com\/\">greitkelio prava\u017eiavimas<\/a> <strong>pagal laik\u0105<\/strong>. Skirtingai nuo keli\u0173 rinkliavos vart\u0173, kuriuose mokestis imamas u\u017e kiekvien\u0105 kilometr\u0105 ar atkarp\u0105, vinjet\u0117 leid\u017eia neribotai va\u017eiuoti atitinkamu tinklu jos galiojimo laikotarpiu (su tam tikromis vietin\u0117mis i\u0161imtimis). \u0160iandien ji da\u017eniausiai yra <strong>skaitmenin\u0117<\/strong>, tod\u0117l <strong>n\u0117ra lipduko &#8211; teis\u0117saugos<\/strong>kameros tikrina j\u016bs\u0173 numer\u012f.  <\/p>\n\n<p>Pagrindiniai punktai:<\/p>\n\n<ul class=\"wp-block-list\">\n<li><strong>Susij\u0119 su lentele<\/strong>: tris kartus patikrinkite simbolius ir \u0161alies kod\u0105.<\/li>\n\n\n\n<li><strong>Laiko langelis:<\/strong> pasirenkate, kada prad\u0117s galioti (i\u0161 karto arba b\u016bsim\u0105 dat\u0105).<\/li>\n\n\n\n<li><strong>Svarbi transporto priemon\u0117s klas\u0117:<\/strong> daugumoje toliau pateikt\u0173 taisykli\u0173 daroma prielaida, kad tai standartinis lengvasis automobilis (M1 \u2264 3,5 t).<\/li>\n<\/ul>\n\n<p><\/p>\n\n<hr class=\"wp-block-separator has-alpha-channel-opacity\"\/>\n\n<h2 class=\"wp-block-heading\">Kur jums reik\u0117s (lengvieji automobiliai)<\/h2>\n\n<p><strong>ES \u0161alys, kuriose automobiliams taikoma vinje\u010di\u0173 sistema:<\/strong><\/p>\n\n<ul class=\"wp-block-list\">\n<li><strong>Austrija (AT)<\/strong><\/li>\n\n\n\n<li><strong>\u010cekija (CZ)<\/strong><\/li>\n\n\n\n<li><strong>Vengrija (HU)<\/strong><\/li>\n\n\n\n<li><strong>Rumunija (RO)<\/strong> (da\u017enai vadinama <em><a href=\"https:\/\/vignettego.com\/\">roviniet\u0103<\/a><\/em>)<\/li>\n\n\n\n<li><strong>Slovakija (SK)<\/strong><\/li>\n\n\n\n<li><strong>Slov\u0117nija (SI)<\/strong><\/li>\n\n\n\n<li><strong>Bulgarija (BG)<\/strong><\/li>\n<\/ul>\n\n<p><strong>Ne ES, bet da\u017eniausiai vairuojama:<\/strong><\/p>\n\n<ul class=\"wp-block-list\">\n<li><strong>\u0160veicarija (CH)<\/strong> &#8211; b\u016btina vinjet\u0117 (galima skaitmenin\u0117 parinktis).<\/li>\n<\/ul>\n\n<div style=\"height:30px\" aria-hidden=\"true\" class=\"wp-block-spacer\"><\/div>\n\n<div class=\"wp-block-buttons is-content-justification-center is-layout-flex wp-container-core-buttons-is-layout-a89b3969 wp-block-buttons-is-layout-flex\">\n<div class=\"wp-block-button\"><a class=\"wp-block-button__link wp-element-button\" href=\"https:\/\/vignettego.com\/\">I\u0161bandykite &#8220;VignetteGo<\/a><\/div>\n<\/div>\n\n<div style=\"height:30px\" aria-hidden=\"true\" class=\"wp-block-spacer\"><\/div>\n\n<p>Visi kiti gali tik\u0117tis <strong>rinkliav\u0173 kabin\u0173 (<\/strong> biliet\u0173 ir i\u0161va\u017eiavim\u0173 arba rinkliav\u0173 kameromis be barjer\u0173), <strong>mokes\u010di\u0173 u\u017e tiltus<\/strong> arba <strong>joki\u0173 mokes\u010di\u0173 u\u017e<\/strong> automobilius greitkeliuose.<\/p>\n\n<blockquote class=\"wp-block-quote is-layout-flow wp-block-quote-is-layout-flow\">\n<p><strong>Galvos auk\u0161tyn:<\/strong> Vienai \u0161aliai \u012fsigyta <a href=\"https:\/\/vignettego.com\/\">e. vinjet\u0117<\/a> <strong>negalioja<\/strong> kitai \u0161aliai. Penki\u0173 \u0161ali\u0173 vinjet\u0117s? Jums reikia penki\u0173 atskir\u0173 vinje\u010di\u0173.  <\/p>\n<\/blockquote>\n\n<hr class=\"wp-block-separator has-alpha-channel-opacity\"\/>\n\n<h2 class=\"wp-block-heading\">Tipin\u0117s galiojimo parinktys ir j\u0173 reik\u0161m\u0117<\/h2>\n\n<p>\u012evairiose \u0161alyse pasi\u016bla skiriasi, ta\u010diau da\u017eniausiai rasite:<\/p>\n\n<ul class=\"wp-block-list\">\n<li><strong>Trumpalaikis<\/strong>: apie <strong>7-10 dien\u0173<\/strong> (puikiai tinka atostogoms ar savaitgalio kelion\u0117ms)<\/li>\n\n\n\n<li><strong>Kas m\u0117nes\u012f<\/strong>: ~30<strong>dien\u0173<\/strong> nuo pasirinktos prad\u017eios datos<\/li>\n\n\n\n<li><strong>Metinis<\/strong>: kalendoriniai metai arba 12 m\u0117nesi\u0173 nuo prad\u017eios (priklauso nuo \u0161alies)<\/li>\n\n\n\n<li><strong>Atsitiktiniai priedai<\/strong>: <strong>1 dienos<\/strong> arba <strong>savaitgalio<\/strong> abonementai, jei yra<\/li>\n<\/ul>\n\n<p><strong>Profesionalus patarimas:<\/strong> jei j\u016bs\u0173 kelion\u0117 t\u0119siasi kelis m\u0117nesius (pvz., bir\u017eelio pabaiga \u2192 liepos prad\u017eia), palyginkite dvi trumpalaikes keliones ir vien\u0105 m\u0117nesin\u0119 &#8211; kainos gali jus nustebinti.<\/p>\n\n<div style=\"height:30px\" aria-hidden=\"true\" class=\"wp-block-spacer\"><\/div>\n\n<div class=\"wp-block-buttons is-content-justification-center is-layout-flex wp-container-core-buttons-is-layout-a89b3969 wp-block-buttons-is-layout-flex\">\n<div class=\"wp-block-button\"><a class=\"wp-block-button__link wp-element-button\" href=\"https:\/\/vignettego.com\/\">Prad\u0117kite dirbti su &#8220;VignetteGo<\/a><\/div>\n<\/div>\n\n<div style=\"height:30px\" aria-hidden=\"true\" class=\"wp-block-spacer\"><\/div>\n\n<hr class=\"wp-block-separator has-alpha-channel-opacity\"\/>\n\n<h2 class=\"wp-block-heading\">Kaip veikia kainodara (paprasta angl\u0173 kalba)<\/h2>\n\n<ul class=\"wp-block-list\">\n<li><a href=\"https:\/\/vignettego.com\/\">Vinjet\u0117s<\/a> &#8211; tai <strong>fiksuoti mokes\u010diai u\u017e<\/strong> tam tikr\u0105 laiko tarp\u0105.<\/li>\n\n\n\n<li>Kainos skiriasi <strong>priklausomai nuo \u0161alies ir<\/strong> kartais nuo <strong>transporto priemon\u0117s klas\u0117s<\/strong> (lengvasis automobilis ar furgonas, priekabos taisykl\u0117s ir t. t.).<\/li>\n\n\n\n<li>Da\u017enai mok\u0117site <strong>vietine valiuta<\/strong>; perkant per keli\u0173 \u0161ali\u0173 tarnyb\u0105 galima ai\u0161kiai nurodyti <strong>savo valiut\u0105<\/strong>.<\/li>\n<\/ul>\n\n<p>U\u017euot \u012fsimin\u0119 tikslius numerius (jie kei\u010diasi), <strong>pirmiausia<\/strong> nuspr\u0119skite d\u0117l <strong>trukm\u0117s<\/strong> ir \u012fsigykite atitinkam\u0105 variant\u0105 kiekvienai mar\u0161ruto \u0161aliai.<\/p>\n\n<p><\/p>\n\n<hr class=\"wp-block-separator has-alpha-channel-opacity\"\/>\n\n<h2 class=\"wp-block-heading\">Pirkimas: \u017eingsnis po \u017eingsnio, kuris tiesiog veikia<\/h2>\n\n<ol class=\"wp-block-list\">\n<li><strong>I\u0161vardykite \u0161alis<\/strong> (tik tas, kuriose yra vinjet\u0117s).<\/li>\n\n\n\n<li>Pasirinkite kiekvieno i\u0161 j\u0173 <strong>galiojim\u0105<\/strong> (trumpalaikis \/ m\u0117nesinis \/ metinis) ir <strong>prad\u017eios dat\u0105<\/strong>.<\/li>\n\n\n\n<li>\u012era\u0161ykite <strong>valstybinio numerio \u0161al\u012f<\/strong> (pvz., CZ\/DE\/AT) ir <strong>valstybinio numerio eilut\u0119<\/strong> tiksliai taip, kaip nurodyta registracijos liudijime.<\/li>\n\n\n\n<li>Prid\u0117kite <strong>kontaktin\u012f el. pa\u0161to adres\u0105<\/strong> ir <strong>telefon\u0105<\/strong> (kvitams ir \u012fsp\u0117jimams).<\/li>\n\n\n\n<li>Saugiai sumok\u0117kite ir patikrinkite <strong>patvirtinim\u0105<\/strong>&#8211; \u012fsitikinkite, kad <strong>plok\u0161tel\u0117<\/strong> ir <strong>datos<\/strong> yra teisingos.<\/li>\n\n\n\n<li><strong>I\u0161saugokite ir atsispausdinkite<\/strong> patvirtinimus (PDF \/ kvitus).<\/li>\n\n\n\n<li>Jei planai pasikei\u010dia, su\u017einokite, ar vinjet\u0119 galima <strong>koreguoti arba gr\u0105\u017einti pinigus<\/strong> (taisykl\u0117s skiriasi).<\/li>\n<\/ol>\n\n<div style=\"height:30px\" aria-hidden=\"true\" class=\"wp-block-spacer\"><\/div>\n\n<div class=\"wp-block-buttons is-content-justification-center is-layout-flex wp-container-core-buttons-is-layout-a89b3969 wp-block-buttons-is-layout-flex\">\n<div class=\"wp-block-button\"><a class=\"wp-block-button__link wp-element-button\" href=\"https:\/\/vignettego.com\/\">I\u0161bandykite &#8220;VignetteGo<\/a><\/div>\n<\/div>\n\n<div style=\"height:30px\" aria-hidden=\"true\" class=\"wp-block-spacer\"><\/div>\n\n<hr class=\"wp-block-separator has-alpha-channel-opacity\"\/>\n\n<h2 class=\"wp-block-heading\">Da\u017eniausiai pasitaikantys nesklandumai (kad netekt\u0173 i\u0161mokti sunkiai)<\/h2>\n\n<ul class=\"wp-block-list\">\n<li><strong>Klaidinga plok\u0161tel\u0117<\/strong>: &#8220;O&#8221; prie\u0161 &#8220;0&#8221;, papildomas tarpas, neteisingas \u0161alies kodas.<\/li>\n\n\n\n<li><strong>Prad\u017eios datos ir laiko nesutapimas<\/strong>: <a href=\"https:\/\/vignettego.com\/\">evignette<\/a>, nustatytas <em>rytojui<\/em>, neapsaugos j\u016bs\u0173 <em>\u0161iandien<\/em>.<\/li>\n\n\n\n<li><strong>Prielaida, kad vienas per\u0117jimas veikia visur<\/strong>: taip n\u0117ra. Pirkite kiekvienai \u0161aliai. <\/li>\n\n\n\n<li><strong>Va\u017eiuodami i\u0161sinuomotu automobiliu<\/strong>: pasitikslinkite galutin\u012f numer\u012f (kai kurios agent\u016bros kei\u010dia automobilius paskutin\u0119 minut\u0119).<\/li>\n\n\n\n<li><strong>Keli vairuotojai<\/strong>: vinjet\u0117 seka <strong>automobil\u012f,<\/strong> o ne asmen\u012f.<\/li>\n\n\n\n<li><strong>Priekabos ir (arba) stogo d\u0117\u017e\u0117s<\/strong>: kai kuriose \u0161alyse yra specialios klas\u0117s &#8211; prie\u0161 pirkdami pasidom\u0117kite taisykl\u0117mis.<\/li>\n<\/ul>\n\n<div style=\"height:30px\" aria-hidden=\"true\" class=\"wp-block-spacer\"><\/div>\n\n<div class=\"wp-block-buttons is-content-justification-center is-layout-flex wp-container-core-buttons-is-layout-a89b3969 wp-block-buttons-is-layout-flex\">\n<div class=\"wp-block-button\"><a class=\"wp-block-button__link wp-element-button\" href=\"https:\/\/vignettego.com\/\">Prad\u0117ti dabar &#8211; VignetteGo<\/a><\/div>\n<\/div>\n\n<div style=\"height:30px\" aria-hidden=\"true\" class=\"wp-block-spacer\"><\/div>\n\n<hr class=\"wp-block-separator has-alpha-channel-opacity\"\/>\n\n<h2 class=\"wp-block-heading\"><a href=\"https:\/\/vignettego.com\/\">Vinjet\u0117s<\/a> vs. mokami keliai vs. miesto rinkliavos<\/h2>\n\n<ul class=\"wp-block-list\">\n<li><strong>Vinjet\u0117<\/strong>: greitkeli\u0173 tinklo bilietas pagal laik\u0105 (Europos &#8220;abonentinis&#8221; modelis).<\/li>\n\n\n\n<li><strong>Mokami keliai<\/strong>: mokama u\u017e nuva\u017eiuot\u0105 atstum\u0105 (pvz., Italijoje, Pranc\u016bzijoje, Ispanijoje, kai kuriose Kroatijos ir Lenkijos dalyse).<\/li>\n\n\n\n<li><strong>Laisvo srauto rinkliavos<\/strong>: n\u0117ra kabin\u0173 &#8211; kameros nuskaito j\u016bs\u0173 numer\u012f, o <strong>po to mokate internetu<\/strong> (pvz., Airijos M50, kai kurie Pranc\u016bzijos ir Portugalijos ruo\u017eai).<\/li>\n\n\n\n<li><strong>Miesto ir (arba) LEZ mokes\u010diai<\/strong>: atskiri miest\u0173 mokes\u010diai arba aplinkos zonos, kuriems <strong>netaikomos<\/strong> vinjet\u0117s.<\/li>\n<\/ul>\n\n<p>Planuojant ilg\u0105 kelion\u0119 gali prireikti <strong>\u012fvairi\u0173<\/strong> priemoni\u0173: vinjet\u0117s vienoje \u0161alyje, <strong>tilto mokes\u010dio<\/strong> kitoje \u0161alyje ir <strong>miesto mokes\u010dio<\/strong> atvykus.<\/p>\n\n<p><\/p>\n\n<hr class=\"wp-block-separator has-alpha-channel-opacity\"\/>\n\n<h2 class=\"wp-block-heading\">Paprastas kontrolinis s\u0105ra\u0161as prie\u0161 kelion\u0119 (nukopijuokite \/ \u012fklijuokite \u0161\u012f s\u0105ra\u0161\u0105)<\/h2>\n\n<ul class=\"wp-block-list\">\n<li>Mar\u0161ruto \u017eem\u0117lapis su <strong>\u0161ali\u0173 s\u0105ra\u0161u<\/strong><\/li>\n\n\n\n<li>Kiekvienos \u0161alies vinjet\u0117s atveju: pasirinkta <strong>trukm\u0117<\/strong> + <strong>prad\u017eios data<\/strong> <\/li>\n\n\n\n<li><strong>Plok\u0161tel\u0117s \u0161alis<\/strong> + <strong>tiksli<\/strong> patvirtinta <strong>plok\u0161tel\u0117<\/strong> (nuotrauka padeda)<\/li>\n\n\n\n<li>Prid\u0117tas <strong>el. pa\u0161tas ir telefonas<\/strong> patvirtinimams ir priminimams<\/li>\n\n\n\n<li>\u012e telefon\u0105 \/ debes\u012f i\u0161saugoti PDF failai<\/li>\n\n\n\n<li>Jei nuomojat\u0117s: prie\u0161 kirsdami sien\u0105 patvirtinkite <strong>galutin\u0119 plok\u0161tel\u0119<\/strong> <\/li>\n\n\n\n<li>Tur\u0117kite <strong>nedidel\u012f gryn\u0173j\u0173 pinig\u0173 ir (arba) korteli\u0173<\/strong> rezerv\u0105 nenumatytoms rinkliavoms u\u017e kelius ar tiltus<\/li>\n<\/ul>\n\n<div style=\"height:30px\" aria-hidden=\"true\" class=\"wp-block-spacer\"><\/div>\n\n<div class=\"wp-block-buttons is-content-justification-center is-layout-flex wp-container-core-buttons-is-layout-a89b3969 wp-block-buttons-is-layout-flex\">\n<div class=\"wp-block-button\"><a class=\"wp-block-button__link wp-element-button\" href=\"https:\/\/vignettego.com\/\">Prad\u0117kite dirbti su &#8220;VignetteGo<\/a><\/div>\n<\/div>\n\n<div style=\"height:30px\" aria-hidden=\"true\" class=\"wp-block-spacer\"><\/div>\n\n<hr class=\"wp-block-separator has-alpha-channel-opacity\"\/>\n\n<h2 class=\"wp-block-heading\">DUK (klausimai, kuri\u0173 \u017emon\u0117s visada klausia)<\/h2>\n\n<p><strong>Ar viena<a href=\"https:\/\/vignettego.com\/\">ES vinjet\u0117<\/a>galioja visoje Europoje?<\/strong><br\/>Ne. Vinjet\u0117s yra <strong>skirtos konkre\u010diai \u0161aliai<\/strong>. <\/p>\n\n<p><strong>Ar galiu pakeisti datas arba susigr\u0105\u017einti pinigus?<\/strong><br\/>Kartais, bet taisykl\u0117s skiriasi. Kai kuriuos skaitmeninius leidimus galima <strong>prad\u0117ti naudoti ateityje<\/strong> ir ribotai keisti; kiti yra <strong>galutiniai,<\/strong> kai tik pradedami naudoti. Visada patikrinkite konkre\u010dios \u0161alies s\u0105lygas.  <\/p>\n\n<p><strong>Ar motociklams reikia vinje\u010di\u0173?<\/strong><br\/>Da\u017enai taip (kartais u\u017e ma\u017eesn\u0119 kain\u0105), ta\u010diau informacija skiriasi priklausomai nuo \u0161alies.<\/p>\n\n<p><strong>Kas atsitiks, jei vairuosiu be galiojan\u010dios vinjet\u0117s?<\/strong><br\/>U\u017e automatin\u012f teis\u0117s akt\u0173 vykdym\u0105 ir patikrinimus kelyje gali b\u016bti <strong>taikomi mokes\u010diai arba baudos vietoje &#8211; paprastai<\/strong>daug didesn\u0117s nei pati vinjet\u0117.<\/p>\n\n<p><strong>Ar <a href=\"https:\/\/vignettego.com\/\">vinjet\u0117s<\/a> taikomos miesto sp\u016bstims arba ma\u017eos tar\u0161os zonoms<\/strong>?<br\/>Ne. Tai atskiros vietin\u0117s rinkliavos, kurioms taikomos atskiros taisykl\u0117s. <\/p>\n\n<p><\/p>\n\n<hr class=\"wp-block-separator has-alpha-channel-opacity\"\/>\n\n<h2 class=\"wp-block-heading\">Baigiamasis \u017eodis<\/h2>\n\n<p>Vinjet\u0117s yra paprastos, kai \u017einote schem\u0105: <strong>\u0161alis \u2192 galiojimas \u2192 plok\u0161tel\u0117 \u2192 prad\u017eios data \u2192 patvirtinimas<\/strong>. Atlikite tai kiekvienai savo mar\u0161ruto \u0161aliai, kurioje taikoma vinjet\u0117, ir viskas bus gerai.   <\/p>\n\n<p>Jei norite vienoje vietoje tvarkyti keli\u0173 \u0161ali\u0173 duomenis, naudokit\u0117s paslauga, kuri palaiko <strong>kelias kalbas, kelias valiutas<\/strong>, siun\u010dia <strong>PDF patvirtinimus<\/strong> ir, idealiu atveju, primena jums prie\u0161 paso galiojimo pabaig\u0105.<\/p>\n\n<p>Galite i\u0161bandyti VignetteGo.com:<\/p>\n\n<div style=\"height:30px\" aria-hidden=\"true\" class=\"wp-block-spacer\"><\/div>\n\n<div class=\"wp-block-buttons is-content-justification-center is-layout-flex wp-container-core-buttons-is-layout-a89b3969 wp-block-buttons-is-layout-flex\">\n<div class=\"wp-block-button\"><a class=\"wp-block-button__link wp-element-button\" href=\"https:\/\/vignettego.com\/\">Nar\u0161yti &#8220;VignetteGo<\/a><\/div>\n<\/div>\n\n<div style=\"height:30px\" aria-hidden=\"true\" class=\"wp-block-spacer\"><\/div>\n\n<h2 class=\"wp-block-heading\">\u017dymos:<\/h2>\n\n<p class=\"has-medium-font-size\">vinjet\u0117, rinkliava, <a href=\"https:\/\/vignettego.com\/\">rinkliava<\/a>, rinkliavos vartai, rinkliavos b\u016bdel\u0117, rinkliavos kortel\u0117, keli\u0173 mokestis, keli\u0173 mokestis, keli\u0173 mokestis, keli\u0173 mokestis, keli\u0173 mokestis, keli\u0173 mokestis, keli\u0173 mokestis, lipdukas, leidimas, leidimas, leidimas, e. vinjet\u0117, e. vinjet\u0117, <a href=\"https:\/\/vignettego.com\/\">rinkliavos lipdukas<\/a>, greitkelio bilietas, greitkelio bilietas, greitkelio bilietas, karpinys<\/p>\n\n<p><\/p>\n","protected":false},"excerpt":{"rendered":"<p>Greitkelio vinjet\u0117 Europa: (2026 m. vadovas) Jei planuojate kelion\u0119 po Europ\u0105, greitai susidursite su \u017eod\u017eiu, kuris skamba \u012fmantriai, bet i\u0161 tikr\u0173j\u0173 rei\u0161kia tik &#8220;i\u0161 anksto apmok\u0117t\u0105 prieig\u0105 prie keli\u0173&#8221;: vinjet\u0117. \u012esivaizduokite tai kaip skaitmenin\u012f leidim\u0105, susiet\u0105 su j\u016bs\u0173 valstybinio numerio \u017eenklu, kuriuo tam tikr\u0105 laik\u0105 galite naudotis tam tikrais greitkeliais. Paprasta id\u0117ja &#8211; prakti\u0161kai tai [&hellip;]<\/p>\n","protected":false},"author":1,"featured_media":109,"parent":0,"menu_order":0,"comment_status":"open","ping_status":"closed","template":"","meta":{"footnotes":""},"class_list":["post-108","page","type-page","status-publish","has-post-thumbnail","hentry"],"_links":{"self":[{"href":"https:\/\/vignettego.com\/highway-vignette-europe\/lt\/wp-json\/wp\/v2\/pages\/108","targetHints":{"allow":["GET"]}}],"collection":[{"href":"https:\/\/vignettego.com\/highway-vignette-europe\/lt\/wp-json\/wp\/v2\/pages"}],"about":[{"href":"https:\/\/vignettego.com\/highway-vignette-europe\/lt\/wp-json\/wp\/v2\/types\/page"}],"author":[{"embeddable":true,"href":"https:\/\/vignettego.com\/highway-vignette-europe\/lt\/wp-json\/wp\/v2\/users\/1"}],"replies":[{"embeddable":true,"href":"https:\/\/vignettego.com\/highway-vignette-europe\/lt\/wp-json\/wp\/v2\/comments?post=108"}],"version-history":[{"count":1,"href":"https:\/\/vignettego.com\/highway-vignette-europe\/lt\/wp-json\/wp\/v2\/pages\/108\/revisions"}],"predecessor-version":[{"id":110,"href":"https:\/\/vignettego.com\/highway-vignette-europe\/lt\/wp-json\/wp\/v2\/pages\/108\/revisions\/110"}],"wp:featuredmedia":[{"embeddable":true,"href":"https:\/\/vignettego.com\/highway-vignette-europe\/lt\/wp-json\/wp\/v2\/media\/109"}],"wp:attachment":[{"href":"https:\/\/vignettego.com\/highway-vignette-europe\/lt\/wp-json\/wp\/v2\/media?parent=108"}],"curies":[{"name":"wp","href":"https:\/\/api.w.org\/{rel}","templated":true}]}}