{"id":1031,"date":"2026-01-04T01:37:39","date_gmt":"2026-01-04T01:37:39","guid":{"rendered":"https:\/\/vignettego.com\/highway-vignette-europe\/hungary-highway-vignette-2026-complete-e-matrica-guide-lt\/"},"modified":"2026-01-04T12:43:41","modified_gmt":"2026-01-04T12:43:41","slug":"hungary-highway-vignette-2026-complete-e-matrica-guide-lt","status":"publish","type":"page","link":"https:\/\/vignettego.com\/highway-vignette-europe\/lt\/hungary-highway-vignette-2026-complete-e-matrica-guide-lt\/","title":{"rendered":"Vengrijos greitkelio vinjet\u0117 2026 m.: i\u0161samus &#8220;E-Matrica&#8221; vadovas"},"content":{"rendered":"\n<script type=\"application\/ld+json\">{\n    \"@context\": \"https:\/\/schema.org\",\n    \"@graph\": [\n        {\n            \"@type\": \"Article\",\n            \"@id\": \"https:\/\/vignettego.com\/highway-vignette-europe\/hungary-highway-vignette-guide\/#article\",\n            \"headline\": \"Hungary Highway Vignette 2026: Complete E-Matrica Guide\",\n            \"description\": \"Everything about the Hungarian E-Matrica system 2026: prices, validity, how to buy online, and essential tips for driving on Hungarian motorways. Your complete guide to the electronic vignette.\",\n            \"image\": \"https:\/\/vignettego.com\/highway-vignette-europe\/wp-content\/uploads\/2026\/09\/Highway-Vignette-Europe.jpg\",\n            \"datePublished\": \"2026-01-04\",\n            \"dateModified\": \"2026-01-04\",\n            \"author\": {\"@type\": \"Organization\", \"name\": \"VignetteGo\", \"url\": \"https:\/\/vignettego.com\"},\n            \"publisher\": {\"@type\": \"Organization\", \"name\": \"VignetteGo\"},\n            \"mainEntityOfPage\": {\"@type\": \"WebPage\", \"@id\": \"https:\/\/vignettego.com\/highway-vignette-europe\/hungary-highway-vignette-guide\/\"},\n            \"articleSection\": \"Highway Vignettes\",\n            \"keywords\": [\"Hungary vignette\", \"E-Matrica\", \"Hungarian motorway\", \"Budapest driving\", \"M1 motorway\", \"Hungary toll\"],\n            \"inLanguage\": \"en\",\n            \"speakable\": {\"@type\": \"SpeakableSpecification\", \"cssSelector\": [\".article-intro\", \"#faq-section\"]}\n        },\n        {\n            \"@type\": \"BreadcrumbList\",\n            \"itemListElement\": [\n                {\"@type\": \"ListItem\", \"position\": 1, \"name\": \"VignetteGo\", \"item\": \"https:\/\/vignettego.com\/\"},\n                {\"@type\": \"ListItem\", \"position\": 2, \"name\": \"Highway Vignette Europe\", \"item\": \"https:\/\/vignettego.com\/highway-vignette-europe\/\"},\n                {\"@type\": \"ListItem\", \"position\": 3, \"name\": \"Hungary Guide\", \"item\": \"https:\/\/vignettego.com\/highway-vignette-europe\/hungary-highway-vignette-guide\/\"}\n            ]\n        },\n        {\n            \"@type\": \"FAQPage\",\n            \"mainEntity\": [\n                {\"@type\": \"Question\", \"name\": \"How much does a Hungarian E-Matrica cost?\", \"acceptedAnswer\": {\"@type\": \"Answer\", \"text\": \"For 2026, the D1 category (standard cars) costs approximately: 10-day regional HUF 4,270, 10-day national HUF 5,950, monthly HUF 6,590, and annual HUF 57,420. Prices may be adjusted.\"}},\n                {\"@type\": \"Question\", \"name\": \"Can I buy the Hungarian E-Matrica online?\", \"acceptedAnswer\": {\"@type\": \"Answer\", \"text\": \"Yes, you can purchase the E-Matrica online at VignetteGo or the official Hungarian motorway website. Registration is linked to your license plate, so no physical sticker is needed.\"}},\n                {\"@type\": \"Question\", \"name\": \"What is the difference between regional and national E-Matrica?\", \"acceptedAnswer\": {\"@type\": \"Answer\", \"text\": \"Regional E-Matrica (D1 REGIONAL) covers only the main transit routes (M1, M5, M7 etc.), while National E-Matrica (D1) covers the entire motorway network including all M and R roads.\"}},\n                {\"@type\": \"Question\", \"name\": \"What if I drive without a vignette in Hungary?\", \"acceptedAnswer\": {\"@type\": \"Answer\", \"text\": \"Fines for driving without a valid E-Matrica are significant\u2014from HUF 14,875 to HUF 88,500 depending on vehicle category. Enforcement is done via cameras, so non-compliance is easily detected.\"}},\n                {\"@type\": \"Question\", \"name\": \"Do I need a vignette for all roads in Hungary?\", \"acceptedAnswer\": {\"@type\": \"Answer\", \"text\": \"No, only motorways (M roads) and expressways (R roads) require a vignette. Regular national roads and local roads are free to use.\"}}\n            ]\n        }\n    ]\n}\n<\/script>\n\n<figure class=\"wp-block-image aligncenter size-large\"><img decoding=\"async\" src=\"https:\/\/vignettego.com\/highway-vignette-europe\/wp-content\/uploads\/2026\/09\/Highway-Vignette-Europe.jpg\" alt=\"Vengrija E-Matrica 2026 &#x2013; i&#x161;samus Vengrijos greitkelio vinjet&#x117;s vadovas\" style=\"width:100%; height:auto; margin-bottom:20px;\"\/><\/figure>\n\n<p class=\"article-intro\">Vengrija yra Vidurio Europos kry\u017ekel\u0117je, tod\u0117l ji yra pagrindin\u0117 tranzito \u0161alis keliautojams, vykstantiems \u012f Balkanus, Austrij\u0105, Slovakij\u0105 ar Rumunij\u0105. Nuo nuostabaus Parlamento pastato Budape\u0161te iki H\u00e9v\u00edz termini\u0173 pir\u010di\u0173, vyno \u0161alies Tokaj ir did\u017eiuli\u0173 Puszta lygum\u0173 \u2013 Vengrija si\u016blo turting\u0105 kult\u016brin\u0119 patirt\u012f. \u0160iame vadove pateikiama viskas apie <strong>Vengrijos E-Matrica (elektronin\u0119 vinjet\u0119)<\/strong> 2026 m.: kainos, galiojimo tipai, kur \u012fsigyti ir esminiai patarimai, kaip va\u017eiuoti Vengrijos greitkeliais.  <\/p>\n\n<div style=\"height:25px\" aria-hidden=\"true\" class=\"wp-block-spacer\"><\/div>\n\n<div class=\"wp-block-buttons is-content-justification-center is-layout-flex wp-container-core-buttons-is-layout-a89b3969 wp-block-buttons-is-layout-flex\">\n<div class=\"wp-block-button\"><a class=\"wp-block-button__link wp-element-button\" href=\"https:\/\/vignettego.com\/\" style=\"background-color:#0066cc;color:#ffffff;padding:15px 30px;font-size:18px;border-radius:8px;\">\ud83d\ude97 Gaukite vengr\u0173 kalbos e-matric\u0105 VignetteGo<\/a><\/div>\n<\/div>\n\n<div style=\"height:25px\" aria-hidden=\"true\" class=\"wp-block-spacer\"><\/div>\n\n<h2 class=\"wp-block-heading\">\ud83c\udded\ud83c\uddfa Kas yra Vengrijos E-Matrica?<\/h2>\n\n<p>Vengrija buvo viena pirm\u0173j\u0173 Europos \u0161ali\u0173, dar 2008 m. \u012fdiegusi visi\u0161kai <strong>elektronin\u0119 vinje\u010di\u0173 sistem\u0105 (E-Matrica).<\/strong> Fizinio lipduko nereikia \u2013 j\u016bs\u0173 transporto priemon\u0117s valstybinis numeris yra u\u017eregistruotas nacionalin\u0117je rinkliav\u0173 duomen\u0173 baz\u0117je, o kamer\u0173 sistemos greitkeliuose automati\u0161kai patikrina j\u016bs\u0173 vinjet\u0117s b\u016bsen\u0105. <\/p>\n\n<p>E-Matrica sistema apima visus Vengrijos <strong>greitkelius (M kelius)<\/strong> ir <strong>greitkelius (R kelius).<\/strong> Reguliariais valstybin\u0117s reik\u0161m\u0117s keliais (pagrindiniais keliais 1-9, \u0161alutiniais keliais 10-99 ir kt.) galima nemokamai va\u017eiuoti be vinjet\u0117s. <\/p>\n\n<h2 class=\"wp-block-heading\">\ud83d\udcb0 E-Matrica kainos 2026 m<\/h2>\n\n<p>Kainos nurodytos Vengrijos forintais (HUF). Vengrija naudoja savo valiut\u0105 ir ne\u012fsived\u0117 euro. Dabartinis valiutos kursas yra ma\u017edaug 1 EUR = 400 HUF.  <\/p>\n\n<h3 class=\"wp-block-heading\">D1 kategorija (lengvieji automobiliai iki 3,5 tonos)<\/h3>\n\n<figure class=\"wp-block-table\"><table><thead><tr><th>Vinjet\u0117s tipas<\/th><th>Kaina (HUF)<\/th><th>Apytiksliai EUR <\/th><\/tr><\/thead><tbody><tr><td><strong>10 dien\u0173 regioninis<\/strong><\/td><td>HUF 4,270<\/td><td>~11 eur\u0173<\/td><\/tr><tr><td><strong>10 dien\u0173 nacionalinis<\/strong><\/td><td>5 950 HUF<\/td><td>~15 eur\u0173<\/td><\/tr><tr><td><strong>M\u0117nesinis nacionalinis<\/strong><\/td><td>6,590 HUF<\/td><td>~16 eur\u0173<\/td><\/tr><tr><td><strong>Metinis nacionalinis<\/strong><\/td><td>57 420 HUF<\/td><td>~143 eur\u0173<\/td><\/tr><\/tbody><\/table><\/figure>\n\n<h3 class=\"wp-block-heading\">Regionin\u0117 vs nacionalin\u0117 E-Matrica<\/h3>\n\n<p><strong>Regionin\u0117 e-matrica (D1 REGIONIN\u0116):<\/strong> Apima tik pagrindinius tranzito koridorius:<\/p>\n\n<ul class=\"wp-block-list\">\n<li>M1 (Viena-Budape\u0161tas)<\/li>\n<li>M5 (Budape\u0161to\u2013Szegedo\u2013Serbijos siena)<\/li>\n<li>M7 (Budape\u0161tas\u2013Balatono e\u017eeras\u2013Kroatijos siena)<\/li>\n<li>M3 (Budape\u0161to\u2013Debreceno\u2013Ukrainos siena) \u2013 pasirinktos atkarpos<\/li>\n<li>M15, M30, M31, M35 \u2013 pasirinktos atkarpos<\/li>\n<\/ul>\n\n<p><strong>Nacionalin\u0117 e-matrica (D1):<\/strong> Apima <strong>vis\u0105 greitkeli\u0173 tinkl\u0105<\/strong>, \u012fskaitant:<\/p>\n\n<ul class=\"wp-block-list\">\n<li>Visi M keliai (M0, M1, M2, M3, M4, M5, M6, M7, M15, M30, M31, M35, M43, M44, M70, M85, M86)<\/li>\n<li>Visi R keliai (greitkeliai)<\/li>\n<\/ul>\n\n<p><strong>Patarimas:<\/strong> Jei planuojate tyrin\u0117ti Vengrij\u0105 u\u017e pagrindini\u0173 tranzito koridori\u0173 rib\u0173 (pvz., aplankyti Balatono e\u017eero kurortus, P\u00e9cs, Tokaj region\u0105), gaukite Nacionalin\u0119 E-Matrica.<\/p>\n\n<h2 class=\"wp-block-heading\">\ud83d\uded2 Kur \u012fsigyti vengri\u0161k\u0105 e-matric\u0105<\/h2>\n\n<h3 class=\"wp-block-heading\">Prisijung\u0119s (rekomenduojama)<\/h3>\n\n<p>Papras\u010diausias b\u016bdas \u012fsigyti internetu prie\u0161 kelion\u0119:<\/p>\n\n<ul class=\"wp-block-list\">\n<li><strong><a href=\"https:\/\/vignettego.com\/\">VignetteGo<\/a><\/strong> \u2013 greitas pirkimas su momentiniu patvirtinimu<\/li>\n<li>Oficiali Vengrijos greitkelio svetain\u0117 (ematrica.nemzetiutdij.hu)<\/li>\n<\/ul>\n\n<p>Pirkimo internetu privalumai: nereikia laukti pasienio degalin\u0117se, momentinis aktyvavimas, skaitmeninis patvirtinimas telefone.<\/p>\n\n<h3 class=\"wp-block-heading\">Fiziniai pirkimo ta\u0161kai<\/h3>\n\n<ul class=\"wp-block-list\">\n<li>Degalin\u0117s (MOL, Shell, OMV) visoje Vengrijoje<\/li>\n<li>Sienos per\u0117jimo punktai<\/li>\n<li>Pa\u0161to skyriai<\/li>\n<li>Klient\u0173 aptarnavimo centrai<\/li>\n<\/ul>\n\n<div style=\"height:25px\" aria-hidden=\"true\" class=\"wp-block-spacer\"><\/div>\n\n<div class=\"wp-block-buttons is-content-justification-center is-layout-flex wp-container-core-buttons-is-layout-a89b3969 wp-block-buttons-is-layout-flex\">\n<div class=\"wp-block-button\"><a class=\"wp-block-button__link wp-element-button\" href=\"https:\/\/vignettego.com\/\" style=\"background-color:#28a745;color:#ffffff;padding:15px 30px;font-size:18px;border-radius:8px;\">\u2705 Gaukite europieti\u0161kas vinjetes \u2013 8 \u0161alys \u2013 VignetteGo<\/a><\/div>\n<\/div>\n\n<div style=\"height:25px\" aria-hidden=\"true\" class=\"wp-block-spacer\"><\/div>\n\n<h2 class=\"wp-block-heading\">\ud83d\udee3\ufe0f Vengrijos greitkeli\u0173 tinklas<\/h2>\n\n<p>Vengrijos greitkeli\u0173 tinklas spinduliuoja i\u0161 Budape\u0161to kaip \u017evaig\u017ed\u0117, jungiantis sostin\u0119 su visomis kaimynin\u0117mis \u0161alimis.<\/p>\n\n<h3 class=\"wp-block-heading\">M0 \u2013 Budape\u0161to \u017eiedinis kelias<\/h3>\n\n<p>Orbitinis greitkelis aplink Budape\u0161t\u0105, jungiantis visus pagrindinius radialinius greitkelius. B\u016btina norint i\u0161vengti miesto centro eismo vykstant tranzitu per Vengrij\u0105. <\/p>\n\n<h3 class=\"wp-block-heading\">M1 \u2013 Budape\u0161tas \u2013 Viena<\/h3>\n\n<p>Pagrindinis koridorius \u012f <strong>Austrij\u0105<\/strong>, jungiantis Budape\u0161t\u0105 su Viena per Gy\u0151r. Bendras ilgis: apie 170 km. Keliauja \u012f Austrij\u0105 ties Hegyeshalom\/Nickelsdorf. Nor\u0117dami t\u0119sti, jums reik\u0117s <a href=\"https:\/\/vignettego.com\/highway-vignette-europe\/lt\/austria-highway-vignette-2026-complete-digitale-vignette-guide-lt\/\">austri\u0161kos vinjet\u0117s<\/a> .   <\/p>\n\n<h3 class=\"wp-block-heading\">M3 \u2013 Budape\u0161to \u2013 Ukrainos siena<\/h3>\n\n<p>\u0160iaur\u0117s ryt\u0173 koridorius link <strong>Ukrainos ir Slovakijos<\/strong>, einantis per Debrecen\u0105. Prieiga prie Tokajaus vyno regiono ir Hortobagy nacionalinio parko. <\/p>\n\n<h3 class=\"wp-block-heading\">M5 \u2013 Budape\u0161to \u2013 Serbijos siena<\/h3>\n\n<p>Pietinis koridorius link <strong>Serbijos<\/strong>, jungiantis su Szegedu ir t\u0119siantis su Subotica\/Belgradu. Bendras ilgis: apie 156 km. <\/p>\n\n<h3 class=\"wp-block-heading\">M6 \u2013 Budape\u0161to \u2013 Kroatijos siena<\/h3>\n\n<p>Pietvakari\u0173 koridorius <strong>link Kroatijos (Barcs),<\/strong> einantis per P\u00e9cs. Alternatyvus mar\u0161rutas \u012f Kroatijos pakrant\u0119, vengiant Slov\u0117nijos. <\/p>\n\n<h3 class=\"wp-block-heading\">M7 \u2013 Budape\u0161tas \u2013 Balatono e\u017eeras (Kroatija)<\/h3>\n\n<p>Pagrindinis atostog\u0173 mar\u0161rutas \u012f <strong>Balatono e\u017eer\u0105<\/strong> ir toliau \u012f <strong>Kroatij\u0105 (Letenye).<\/strong> Labai u\u017eimtas vasaros savaitgaliais. Bendras ilgis: apie 232 km.  <\/p>\n\n<h3 class=\"wp-block-heading\">M15 \u2013 Rajka to Bratislava<\/h3>\n\n<p>Trumpas greitkelis, jungiantis <strong>Slovakij\u0105<\/strong> ir Bratislav\u0105, i\u0161si\u0161akojantis nuo M1. Nor\u0117dami t\u0119sti, jums reik\u0117s <a href=\"https:\/\/vignettego.com\/highway-vignette-europe\/lt\/slovakijos-greitkelio-vinjete-2026-m-issamus-dialnicna-znamka-vadovas\/\">slovaki\u0161kos vinjet\u0117s<\/a> . <\/p>\n\n<h3 class=\"wp-block-heading\">M70 \u2013 Letenye \u2013 Slov\u0117nijos siena<\/h3>\n\n<p>Trumpas greitkelis, jungiantis su <strong>Slov\u0117nija<\/strong>, t\u0119siantis Slov\u0117nijos A5. Nor\u0117dami t\u0119sti, jums reik\u0117s <a href=\"https:\/\/vignettego.com\/highway-vignette-europe\/lt\/slovenijos-greitkelio-vinjete-2026-m-issamus-e-vinjeta-vadovas\/\">slov\u0117ni\u0161ko &#8220;E-Vinjeta<\/a> &#8220;. <\/p>\n\n<h2 class=\"wp-block-heading\">\ud83d\uddfa\ufe0f Populiar\u016bs mar\u0161rutai per Vengrij\u0105<\/h2>\n\n<h3 class=\"wp-block-heading\">Viena \u2013 Budape\u0161tas (M1)<\/h3>\n\n<p><strong>Atstumas:<\/strong> ~250 km | <strong>Trukm\u0117:<\/strong> 2,5-3 valandos | <strong>Reikalingos vinjet\u0117s:<\/strong> Austr\u0173 + vengr\u0173<\/p>\n\n<p>Klasikinis Vidurio Europos mar\u0161rutas. Puikios greitkelio s\u0105lygos. Apsvarstykite galimyb\u0119 u\u017esukti \u012f Gy\u0151r \u2013 gra\u017e\u0173 baroko miest\u0105.  <\/p>\n\n<h3 class=\"wp-block-heading\">Budape\u0161tas iki Balatono e\u017eero (M7)<\/h3>\n\n<p><strong>Atstumas:<\/strong> ~100 km (iki Si\u00f3fok) | <strong>Trukm\u0117:<\/strong> 1-1,5 val.<\/p>\n\n<p>Did\u017eiausias Vidurio Europos e\u017eeras ir Vengrija populiariausia vasaros kryptis. M7 vasaros penktadieniais ir sekmadieniais b\u016bna labai perpildytas. <\/p>\n\n<h3 class=\"wp-block-heading\">Budape\u0161tas \u012f Kroatijos pakrant\u0119 (per M7\/M70)<\/h3>\n\n<p><strong>Mar\u0161rutas:<\/strong> Budape\u0161tas \u2192 Balatono e\u017eeras \u2192 Letenye \u2192 Zagrebas \u2192 Splitas<\/p>\n\n<p>Alternatyvus mar\u0161rutas \u012f Kroatij\u0105 per Vengrij\u0105 ir Slov\u0117nij\u0105. Reikalingos vinjet\u0117s: Vengrijos E-Matrica + <a href=\"https:\/\/vignettego.com\/highway-vignette-europe\/lt\/slovenijos-greitkelio-vinjete-2026-m-issamus-e-vinjeta-vadovas\/\">Slov\u0117nijos E-Vinjeta<\/a> + <a href=\"https:\/\/vignettego.com\/highway-vignette-europe\/lt\/kroatijos-greitkeliu-vinjete-2026-m-issamus-enc-ir-skaitmeninis-rinkliavos-vadovas\/\">Kroatijos rinkliavos<\/a>. <\/p>\n\n<h3 class=\"wp-block-heading\">Viena \u012f Rumunij\u0105 (per M1, M0, M5, M43)<\/h3>\n\n<p><strong>Mar\u0161rutas:<\/strong> Viena \u2192 Budape\u0161tas \u2192 Szeged \u2192 Arad (Rumunija)<\/p>\n\n<p>Pagrindinis mar\u0161rutas i\u0161 Vakar\u0173 Europos \u012f Rumunij\u0105. Reikalingos vinjet\u0117s: austr\u0173 + vengr\u0173 + <a href=\"https:\/\/vignettego.com\/highway-vignette-europe\/lt\/rumunijos-greitkelio-vinjete-2026-m-issamus-rovinieta-vadovas\/\">rumun\u0173 Rovinieta<\/a>. <\/p>\n\n<div style=\"height:25px\" aria-hidden=\"true\" class=\"wp-block-spacer\"><\/div>\n\n<div class=\"wp-block-buttons is-content-justification-center is-layout-flex wp-container-core-buttons-is-layout-a89b3969 wp-block-buttons-is-layout-flex\">\n<div class=\"wp-block-button\"><a class=\"wp-block-button__link wp-element-button\" href=\"https:\/\/vignettego.com\/\" style=\"background-color:#ff6600;color:#ffffff;padding:15px 30px;font-size:18px;border-radius:8px;\">\ud83d\uded2 U\u017esisakykite visas europieti\u0161kas vinjetes VignetteGo<\/a><\/div>\n<\/div>\n\n<div style=\"height:25px\" aria-hidden=\"true\" class=\"wp-block-spacer\"><\/div>\n\n<h2 class=\"wp-block-heading\">\u26a0\ufe0f Svarbios E-Matrica taisykl\u0117s<\/h2>\n\n<h3 class=\"wp-block-heading\">Galiojimo laikotarpis<\/h3>\n\n<ul class=\"wp-block-list\">\n<li><strong>10 dien\u0173:<\/strong> Galioja 10 dien\u0173 i\u0161 eil\u0117s, \u012fskaitant pirkimo dien\u0105<\/li>\n<li><strong>Kas m\u0117nes\u012f:<\/strong> Galioja iki kitos m\u0117nesio tos pa\u010dios datos<\/li>\n<li><strong>Metinis:<\/strong> Galioja vienerius kalendorinius metus nuo sausio 1 d. iki gruod\u017eio 31 d. arba nuo pirkimo datos, jei perkama met\u0173 viduryje<\/li>\n<\/ul>\n\n<h3 class=\"wp-block-heading\">Valstybinio numerio registracija<\/h3>\n\n<p>E-Matrica yra u\u017eregistruota <strong>pagal tiksl\u0173 j\u016bs\u0173 valstybin\u012f numer\u012f<\/strong> ir <strong>\u0161alies kod\u0105<\/strong>. Dar kart\u0105 patikrinkite, ar n\u0117ra ra\u0161ybos klaid\u0173 pirkdami! D\u0117l klaid\u0173 reikia \u012fsigyti nauj\u0105 vinjet\u0119.  <\/p>\n\n<h3 class=\"wp-block-heading\">Baudos u\u017e reikalavim\u0173 nesilaikym\u0105<\/h3>\n\n<ul class=\"wp-block-list\">\n<li><strong>D1 kategorija (lengvieji automobiliai):<\/strong> Nuo 14 875 HUF iki 88 500 HUF<\/li>\n<li><strong>Mok\u0117jimas vietoje:<\/strong> Paprastai ma\u017eesn\u0117, jei sumokama per 60 dien\u0173<\/li>\n<li>Vykdymo u\u017etikrinimas naudojant automatines kamer\u0173 sistemas (ANPR)<\/li>\n<\/ul>\n\n<h2 class=\"wp-block-heading\">\ud83d\udca1 Vengrijos vairavimo patarimai 2026 m<\/h2>\n\n<h3 class=\"wp-block-heading\">Valiuta<\/h3>\n\n<p>Vengrija naudoja <strong>Vengrijos forintus (HUF).<\/strong> Eurai n\u0117ra pla\u010diai priimami, i\u0161skyrus kai kurias pasienio degalines. Kredito kortel\u0117s priimamos beveik visur.  <\/p>\n\n<h3 class=\"wp-block-heading\">Grei\u010dio apribojimai<\/h3>\n\n<ul class=\"wp-block-list\">\n<li><strong>Greitkeliai:<\/strong> 130 km\/h<\/li>\n<li><strong>Greitkeliai:<\/strong> 110 km\/h<\/li>\n<li><strong>Pagrindiniai keliai:<\/strong> 90 km\/h<\/li>\n<li><strong>Miesto teritorijos:<\/strong> 50 km\/h<\/li>\n<\/ul>\n\n<h3 class=\"wp-block-heading\">Reikalinga \u012franga<\/h3>\n\n<ul class=\"wp-block-list\">\n<li>\u012esp\u0117jamasis trikampis<\/li>\n<li>\u0160vies\u0105 atspindinti liemen\u0117<\/li>\n<li>Pirmosios pagalbos rinkinys<\/li>\n<li><strong>Priekiniai \u017eibintai:<\/strong> Visada turi b\u016bti u\u017e gyvenam\u0173j\u0173 viet\u0173 rib\u0173<\/li>\n<\/ul>\n\n<h3 class=\"wp-block-heading\">Nulin\u0117s tolerancijos alkoholio politika<\/h3>\n\n<p>Vengrija taiko visi\u0161ko vairavimo i\u0161g\u0117rus <strong>netoleravimo<\/strong> politik\u0105. Alkoholio kiekis kraujyje yra 0,0%. Bausm\u0117s yra grie\u017etos.  <\/p>\n\n<h2 class=\"wp-block-heading\" id=\"faq-section\">\u2753 Da\u017enai u\u017eduodami klausimai<\/h2>\n\n<h3 class=\"wp-block-heading\">Ar man reikia vinjet\u0117s M0 \u017eiedui?<\/h3>\n\n<p>Taip, M0 Budape\u0161to \u017eiedui reikalinga galiojanti E-Matrica.<\/p>\n\n<h3 class=\"wp-block-heading\">Ar galiu naudoti Balatono e\u017eero regionin\u0119 vinjet\u0119?<\/h3>\n\n<p>Taip, nuo M7 iki Balatono e\u017eero taikoma regionin\u0117 E-Matrica. Ta\u010diau jei planuojate tyrin\u0117ti u\u017e pagrindinio M7 koridoriaus rib\u0173, \u012fsigykite nacionalin\u0119 vinjet\u0119. <\/p>\n\n<h3 class=\"wp-block-heading\">K\u0105 daryti, jei i\u0161sinuomoju automobil\u012f Vengrijoje?<\/h3>\n\n<p>Pasitarkite su savo nuomos \u012fmone \u2013 kai kuriose yra &#8220;E-Matrica&#8221;, kitose reikalaujama j\u0105 \u012fsigyti atskirai. Patikrinkite prie\u0161 pasiimdami transporto priemon\u0119. <\/p>\n\n<div style=\"height:25px\" aria-hidden=\"true\" class=\"wp-block-spacer\"><\/div>\n\n<div class=\"wp-block-buttons is-content-justification-center is-layout-flex wp-container-core-buttons-is-layout-a89b3969 wp-block-buttons-is-layout-flex\">\n<div class=\"wp-block-button\"><a class=\"wp-block-button__link wp-element-button\" href=\"https:\/\/vignettego.com\/\" style=\"background-color:#e91e63;color:#ffffff;padding:15px 30px;font-size:18px;border-radius:8px;\">\ud83d\ude97 \u012esigykite Europos greitkeli\u0173 vinjetes VignetteGo \u2192<\/a><\/div>\n<\/div>\n\n<div style=\"height:25px\" aria-hidden=\"true\" class=\"wp-block-spacer\"><\/div>\n\n<h2 class=\"wp-block-heading\">\ud83c\udff0 Kod\u0117l verta aplankyti Vengrij\u0105?<\/h2>\n\n<ul class=\"wp-block-list\">\n<li><strong>Budape\u0161tas:<\/strong> &#8220;Ryt\u0173 Pary\u017eius&#8221; su nuostabia architekt\u016bra<\/li>\n<li><strong>Termin\u0117s vonios:<\/strong> Vengrijoje yra daugiau nei 1 000 nat\u016brali\u0173 kar\u0161t\u0173j\u0173 versmi\u0173<\/li>\n<li><strong>Balatono e\u017eeras:<\/strong> Did\u017eiausias Vidurio Europos e\u017eeras, puikiai tinkantis vasarai<\/li>\n<li><strong>Tokaj vyno regionas:<\/strong> UNESCO pasaulio paveldo sald\u016bs vynai<\/li>\n<li><strong>Hortobagy:<\/strong> Did\u017eiul\u0117s Vengrijos lygumos, tradiciniai raiteliai<\/li>\n<li><strong>Egeris:<\/strong> Istorinis vyno miestelis, Osman\u0173 tvirtov\u0117<\/li>\n<\/ul>\n\n<h2 class=\"wp-block-heading\">\ud83d\udccd I\u0161vada<\/h2>\n\n<p>Vengrijos gerai pri\u017ei\u016brimas greitkeli\u0173 tinklas leid\u017eia lengvai tyrin\u0117ti ar vykti tranzitu per \u0161i\u0105 \u017eaving\u0105 \u0161al\u012f. &#8220;E-Matrica&#8221; sistema yra paprasta \u2013 \u012fsigykite internetu prie\u0161 kelion\u0119 ir m\u0117gaukit\u0117s vairavimu be r\u016bpes\u010di\u0173. <\/p>\n\n<p>Kelion\u0117ms keliomis \u0161alimis derinkite vengr\u0173 E-matric\u0105 su <a href=\"https:\/\/vignettego.com\/highway-vignette-europe\/lt\/austria-highway-vignette-2026-complete-digitale-vignette-guide-lt\/\">Austrijos<\/a>, <a href=\"https:\/\/vignettego.com\/highway-vignette-europe\/lt\/slovakijos-greitkelio-vinjete-2026-m-issamus-dialnicna-znamka-vadovas\/\">Slovakijos<\/a>, <a href=\"https:\/\/vignettego.com\/highway-vignette-europe\/lt\/slovenijos-greitkelio-vinjete-2026-m-issamus-e-vinjeta-vadovas\/\">Slov\u0117nijos<\/a> ir <a href=\"https:\/\/vignettego.com\/highway-vignette-europe\/lt\/rumunijos-greitkelio-vinjete-2026-m-issamus-rovinieta-vadovas\/\">Rumunijos<\/a> vinjet\u0117mis. Gaukite visas vinjetes vienoje vietoje <a href=\"https:\/\/vignettego.com\/\" title=\"VignetteGo - Europos greitkeli&#x173; vinjet&#x117;s\">VignetteGo<\/a>. <\/p>\n\n<p><strong>M\u0117gaukit\u0117s Vengrija! \ud83c\udded\ud83c\uddfa\ud83c\udff0 <\/strong><\/p>\n\n<p><strong>Susij\u0119 vadovai:<\/strong> <a href=\"https:\/\/vignettego.com\/highway-vignette-europe\/lt\/austria-highway-vignette-2026-complete-digitale-vignette-guide-lt\/\">Austrijos skaitmenin\u0117 vinjet\u0117<\/a> | <a href=\"https:\/\/vignettego.com\/highway-vignette-europe\/lt\/slovakijos-greitkelio-vinjete-2026-m-issamus-dialnicna-znamka-vadovas\/\">Slovakijos vinjet\u0117<\/a> | <a href=\"https:\/\/vignettego.com\/\">Visos Europos vinjet\u0117s<\/a><\/p>\n","protected":false},"excerpt":{"rendered":"<p>Vengrija yra Vidurio Europos kry\u017ekel\u0117je, tod\u0117l ji yra pagrindin\u0117 tranzito \u0161alis keliautojams, vykstantiems \u012f Balkanus, Austrij\u0105, Slovakij\u0105 ar Rumunij\u0105. Nuo nuostabaus Parlamento pastato Budape\u0161te iki H\u00e9v\u00edz termini\u0173 pir\u010di\u0173, vyno \u0161alies Tokaj ir did\u017eiuli\u0173 Puszta lygum\u0173 \u2013 Vengrija si\u016blo turting\u0105 kult\u016brin\u0119 patirt\u012f. \u0160iame vadove pateikiama viskas apie Vengrijos E-Matrica (elektronin\u0119 vinjet\u0119) 2026 m.: kainos, galiojimo tipai, [&hellip;]<\/p>\n","protected":false},"author":0,"featured_media":0,"parent":0,"menu_order":0,"comment_status":"closed","ping_status":"closed","template":"","meta":{"footnotes":""},"class_list":["post-1031","page","type-page","status-publish","hentry"],"_links":{"self":[{"href":"https:\/\/vignettego.com\/highway-vignette-europe\/lt\/wp-json\/wp\/v2\/pages\/1031","targetHints":{"allow":["GET"]}}],"collection":[{"href":"https:\/\/vignettego.com\/highway-vignette-europe\/lt\/wp-json\/wp\/v2\/pages"}],"about":[{"href":"https:\/\/vignettego.com\/highway-vignette-europe\/lt\/wp-json\/wp\/v2\/types\/page"}],"replies":[{"embeddable":true,"href":"https:\/\/vignettego.com\/highway-vignette-europe\/lt\/wp-json\/wp\/v2\/comments?post=1031"}],"version-history":[{"count":3,"href":"https:\/\/vignettego.com\/highway-vignette-europe\/lt\/wp-json\/wp\/v2\/pages\/1031\/revisions"}],"predecessor-version":[{"id":1433,"href":"https:\/\/vignettego.com\/highway-vignette-europe\/lt\/wp-json\/wp\/v2\/pages\/1031\/revisions\/1433"}],"wp:attachment":[{"href":"https:\/\/vignettego.com\/highway-vignette-europe\/lt\/wp-json\/wp\/v2\/media?parent=1031"}],"curies":[{"name":"wp","href":"https:\/\/api.w.org\/{rel}","templated":true}]}}