{"id":532,"date":"2026-01-04T01:41:02","date_gmt":"2026-01-04T01:41:02","guid":{"rendered":"https:\/\/vignettego.com\/highway-vignette-europe\/vignetta-autostradale-della-bulgaria-2026-guida-completa-alle-vignette-elettroniche\/"},"modified":"2026-01-04T12:41:21","modified_gmt":"2026-01-04T12:41:21","slug":"vignetta-autostradale-della-bulgaria-2026-guida-completa-alle-vignette-elettroniche","status":"publish","type":"page","link":"https:\/\/vignettego.com\/highway-vignette-europe\/it\/vignetta-autostradale-della-bulgaria-2026-guida-completa-alle-vignette-elettroniche\/","title":{"rendered":"Vignetta Autostradale della Bulgaria 2026: Guida completa alle vignette elettroniche"},"content":{"rendered":"\n<script type=\"application\/ld+json\">{\n    \"@context\": \"https:\/\/schema.org\",\n    \"@graph\": [\n        {\n            \"@type\": \"Article\",\n            \"@id\": \"https:\/\/vignettego.com\/highway-vignette-europe\/bulgaria-highway-vignette-guide\/#article\",\n            \"headline\": \"Bulgaria Highway Vignette 2026: Complete E-Vignette Guide\",\n            \"description\": \"Everything about Bulgarian electronic highway vignettes (E-Vignette). Learn about the unique weekend vignette option, pricing, validity periods, motorway network, and how to avoid fines in Bulgaria.\",\n            \"image\": \"https:\/\/vignettego.com\/highway-vignette-europe\/wp-content\/uploads\/2026\/09\/Highway-Vignette-Europe.jpg\",\n            \"datePublished\": \"2026-01-04\",\n            \"dateModified\": \"2026-01-04\",\n            \"author\": {\"@type\": \"Organization\", \"name\": \"VignetteGo\", \"url\": \"https:\/\/vignettego.com\"},\n            \"publisher\": {\"@type\": \"Organization\", \"name\": \"VignetteGo\"},\n            \"mainEntityOfPage\": {\"@type\": \"WebPage\", \"@id\": \"https:\/\/vignettego.com\/highway-vignette-europe\/bulgaria-highway-vignette-guide\/\"},\n            \"articleSection\": \"Highway Vignettes\",\n            \"keywords\": [\"Bulgarian vignette\", \"E-Vignette Bulgaria\", \"Bulgaria highway toll\", \"Bulgarian motorway pass\", \"Bulgaria Autobahn toll\", \"weekend vignette Bulgaria\"],\n            \"inLanguage\": \"en\",\n            \"speakable\": {\"@type\": \"SpeakableSpecification\", \"cssSelector\": [\".article-intro\", \"#faq-section\"]}\n        },\n        {\n            \"@type\": \"BreadcrumbList\",\n            \"itemListElement\": [\n                {\"@type\": \"ListItem\", \"position\": 1, \"name\": \"VignetteGo\", \"item\": \"https:\/\/vignettego.com\/\"},\n                {\"@type\": \"ListItem\", \"position\": 2, \"name\": \"Highway Vignette Europe\", \"item\": \"https:\/\/vignettego.com\/highway-vignette-europe\/\"},\n                {\"@type\": \"ListItem\", \"position\": 3, \"name\": \"Bulgaria Guide\", \"item\": \"https:\/\/vignettego.com\/highway-vignette-europe\/bulgaria-highway-vignette-guide\/\"}\n            ]\n        },\n        {\n            \"@type\": \"FAQPage\",\n            \"mainEntity\": [\n                {\"@type\": \"Question\", \"name\": \"How much does the Bulgarian highway vignette cost?\", \"acceptedAnswer\": {\"@type\": \"Answer\", \"text\": \"The Bulgarian e-vignette costs approximately BGN 15 (~EUR 7.50) for 7 days, BGN 30 (~EUR 15) for one month, and BGN 97 (~EUR 50) for one year. There is also a unique weekend vignette for BGN 10 (~EUR 5).\"}},\n                {\"@type\": \"Question\", \"name\": \"What is the Bulgarian weekend vignette?\", \"acceptedAnswer\": {\"@type\": \"Answer\", \"text\": \"Bulgaria offers a unique weekend vignette valid from Friday 12:00 to Sunday 23:59 for just BGN 10 (~EUR 5). Perfect for quick beach trips to the Black Sea coast.\"}},\n                {\"@type\": \"Question\", \"name\": \"Can I buy Bulgarian e-vignette online?\", \"acceptedAnswer\": {\"@type\": \"Answer\", \"text\": \"Yes, you can purchase the Bulgarian e-vignette online through VignetteGo or the official bgtoll.bg website. The vignette is valid immediately after purchase.\"}},\n                {\"@type\": \"Question\", \"name\": \"What are the fines for driving without a vignette in Bulgaria?\", \"acceptedAnswer\": {\"@type\": \"Answer\", \"text\": \"Driving without a valid e-vignette in Bulgaria can result in fines of BGN 300 (~EUR 150) for first offenses, and up to BGN 3,000 (~EUR 1,500) for repeat violations.\"}},\n                {\"@type\": \"Question\", \"name\": \"Which roads require a vignette in Bulgaria?\", \"acceptedAnswer\": {\"@type\": \"Answer\", \"text\": \"All Bulgarian motorways (avtomaistrali) and first-class national roads require a valid e-vignette. This includes the A1 Trakiya, A2 Hemus, and A3 Struma motorways.\"}}\n            ]\n        }\n    ]\n}\n<\/script>\n\n<figure class=\"wp-block-image aligncenter size-large\"><img decoding=\"async\" src=\"https:\/\/vignettego.com\/highway-vignette-europe\/wp-content\/uploads\/2026\/09\/Highway-Vignette-Europe.jpg\" alt=\"Bulgarian E-Vignette 2026 - Guida completa alle vignette elettroniche delle autostrade in Bulgaria\" style=\"width:100%; height:auto; margin-bottom:20px;\"\/><\/figure>\n\n<p class=\"article-intro\">Stai pianificando un viaggio in Bulgaria nel 2026? Che tu stia andando verso le soleggiate spiagge del Mar Nero, esplorando antiche rovine tracie, scoprendo la vibrante cultura di Sofia o sciando nelle splendide localit\u00e0 montane, comprendere il sistema di pedaggio delle autostrade bulgare \u00e8 fondamentale. La Bulgaria utilizza un <strong>sistema di vignette completamente elettronico (e-vignette)<\/strong> con alcune opzioni uniche, tra cui una <strong>vignetta economica per il weekend<\/strong>\u2014perfetta per fughe rapide. Questa guida completa copre tutto ci\u00f2 che devi sapere sulle strade a pedaggio bulgare, i prezzi, le opzioni di acquisto e su come evitare multe costose.   <\/p>\n\n<div style=\"height:25px\" aria-hidden=\"true\" class=\"wp-block-spacer\"><\/div>\n\n<div class=\"wp-block-buttons is-content-justification-center is-layout-flex wp-container-core-buttons-is-layout-a89b3969 wp-block-buttons-is-layout-flex\">\n<div class=\"wp-block-button\"><a class=\"wp-block-button__link wp-element-button\" href=\"https:\/\/vignettego.com\/\" style=\"background-color:#0066cc;color:#ffffff;padding:15px 30px;font-size:18px;border-radius:8px;\">\ud83d\ude97 Acquista la tua e-Vignette bulgara su VignetteGo<\/a><\/div>\n<\/div>\n\n<div style=\"height:25px\" aria-hidden=\"true\" class=\"wp-block-spacer\"><\/div>\n\n<h2 class=\"wp-block-heading\">\ud83c\udde7\ud83c\uddec Cos&#8217;\u00e8 la e-vignette bulgara?<\/h2>\n\n<p>La Bulgaria \u00e8 passata a un <strong>sistema di pedaggio completamente elettronico<\/strong> per i veicoli passeggeri nel 2019, eliminando la necessit\u00e0 di vignette fisiche con adesivi. La <strong>e-vignetta bulgara<\/strong> (bulgaro: \u0435\u043b\u0435\u043a\u0442\u0440\u043e\u043d\u043d\u0430 \u0432\u0438\u043d\u0435\u0442\u043a\u0430) \u00e8 un&#8217;autorizzazione digitale che consente al tuo veicolo di utilizzare strade a pedaggio in tutto il paese. Il numero di targa della tua targa \u00e8 registrato in un database centrale e verificato automaticamente da telecamere di controllo posizionate lungo tutte le strade a pedaggio.  <\/p>\n\n<p>Il sistema \u00e8 gestito <strong>dall&#8217;Agenzia per le Infrastrutture Stradali (RIA)<\/strong> tramite il portale ufficiale bgtoll.bg. Il sistema e-vignette offre diversi vantaggi rispetto al vecchio sistema fisico degli adesivi: nessuna necessit\u00e0 di mostrare nulla sul parabrezza, attivazione istantanea, facile acquisto online e nessun rischio di danni o furto agli adesivi. <\/p>\n\n<h2 class=\"wp-block-heading\">\ud83d\udccb Prezzi delle E-Vignette Bulgari 2026<\/h2>\n\n<p>La Bulgaria offre alcuni dei pedaggi autostradali pi\u00f9 accessibili d&#8217;Europa, con diverse opzioni di validit\u00e0 per soddisfare diverse esigenze di viaggio. Ecco la struttura completa dei prezzi per il 2026: <\/p>\n\n<figure class=\"wp-block-table\"><table><thead><tr><th>Periodo di validit\u00e0<\/th><th>Categoria 3 (Auto fino a 3,5t)<\/th><th>Categoria 2 (Motociclette)<\/th><th>Circa EUR <\/th><\/tr><\/thead><tbody><tr><td><strong>\ud83c\udf89 Weekend<\/strong><\/td><td>BGN 10<\/td><td>BGN 5<\/td><td>~EUR 5<\/td><\/tr><tr><td><strong>7 giorni<\/strong><\/td><td>BGN 15<\/td><td>BGN 8<\/td><td>~EUR 7,50<\/td><\/tr><tr><td><strong>1 mese<\/strong><\/td><td>BGN 30<\/td><td>BGN 15<\/td><td>~EUR 15<\/td><\/tr><tr><td><strong>3 mesi<\/strong><\/td><td>BGN 54<\/td><td>BGN 27<\/td><td>~EUR 27<\/td><\/tr><tr><td><strong>Annuale<\/strong><\/td><td>BGN 97<\/td><td>BGN 50<\/td><td>~EUR 50<\/td><\/tr><\/tbody><\/table><\/figure>\n\n<h3 class=\"wp-block-heading\">\ud83c\udf89 La vignetta unica del fine settimana<\/h3>\n\n<p>La Bulgaria \u00e8 uno dei pochi paesi europei che offre una <strong>vignetta nel weekend<\/strong>\u2014un&#8217;opzione fantastica per fughe rapide! Questa vignetta speciale \u00e8 valida da <strong>venerd\u00ec a mezzogiorno fino a domenica alle 23:59<\/strong>, perfetta per escursioni del fine settimana sulla costa del Mar Nero o resort montani. Con un prezzo di soli 10 BGN (circa 5 EUR), offre un valore eccezionale per viaggi brevi.  <\/p>\n\n<div style=\"height:25px\" aria-hidden=\"true\" class=\"wp-block-spacer\"><\/div>\n\n<div class=\"wp-block-buttons is-content-justification-center is-layout-flex wp-container-core-buttons-is-layout-a89b3969 wp-block-buttons-is-layout-flex\">\n<div class=\"wp-block-button\"><a class=\"wp-block-button__link wp-element-button\" href=\"https:\/\/vignettego.com\/\" style=\"background-color:#28a745;color:#ffffff;padding:15px 30px;font-size:18px;border-radius:8px;\">\u2705 Acquista vignette europee per 8 paesi su VignetteGo<\/a><\/div>\n<\/div>\n\n<div style=\"height:25px\" aria-hidden=\"true\" class=\"wp-block-spacer\"><\/div>\n\n<h2 class=\"wp-block-heading\">\ud83d\udee3\ufe0f Rete autostradale bulgara<\/h2>\n\n<p>La Bulgaria ha rapidamente espanso la sua rete autostradale negli ultimi anni. Ecco le principali autostrade per cui avrai bisogno di una vignetta elettronica valida: <\/p>\n\n<h3 class=\"wp-block-heading\">Autostrada A1 Trakiya (\u0410\u0432\u0442\u043e\u043c\u0430\u0433\u0438\u0441\u0442\u0440\u0430\u043b\u0430 \u0422\u0440\u0430\u043a\u0438\u044f)<\/h3>\n\n<p>L&#8217;autostrada pi\u00f9 importante della Bulgaria, che collega <strong>Sofia a Burgas<\/strong> sulla costa del Mar Nero passando per Plovdiv. Lunghezza totale: circa 360 km. Questa \u00e8 la principale via per i turisti sulla spiaggia diretti verso resort popolari come Sunny Beach, Nessebar e Sozopol. L&#8217;autostrada attraversa la splendida Valle Tracia, offrendo viste panoramiche sui monti balcanici e rodopi.   <\/p>\n\n<h3 class=\"wp-block-heading\">Autostrada A2 Hemus (\u0410\u0432\u0442\u043e\u043c\u0430\u0433\u0438\u0441\u0442\u0440\u0430\u043b\u0430 \u0425\u0435\u043c\u0443\u0441)<\/h3>\n\n<p>Collega <strong>Sofia a Varna<\/strong>, la seconda citt\u00e0 pi\u00f9 grande della Bulgaria e un importante porto del Mar Nero. Attualmente in costruzione in alcune sezioni, ma una volta completata saranno circa 430 km. Il percorso attraversa la storica citt\u00e0 di Veliko Tarnovo. Questa \u00e8 la rotta preferita per i viaggiatori diretti a Golden Sands, Albena e altre localit\u00e0 balneari del nord del Mar Nero.   <\/p>\n\n<h3 class=\"wp-block-heading\">Autostrada A3 Struma (\u0410\u0432\u0442\u043e\u043c\u0430\u0433\u0438\u0441\u0442\u0440\u0430\u043b\u0430 \u0421\u0442\u0440\u0443\u043c\u0430)<\/h3>\n\n<p>Va <strong>da Sofia al confine greco<\/strong> passando per Blagoevgrad, seguendo la valle del fiume Struma. Circa 150 km completati. Questa autostrada \u00e8 essenziale per i viaggiatori diretti in Grecia o nelle montagne bulgare sud-occidentali, inclusa la popolare localit\u00e0 sciistica di Bansko.  <\/p>\n\n<h3 class=\"wp-block-heading\">Autostrada A4 Maritsa (\u0410\u0432\u0442\u043e\u043c\u0430\u0433\u0438\u0441\u0442\u0440\u0430\u043b\u0430 \u041c\u0430\u0440\u0438\u0446\u0430)<\/h3>\n\n<p>Collega <strong>Plovdiv al confine turco<\/strong> a Kapitan Andreevo. Circa 117 km. Questa \u00e8 la principale via per i viaggiatori diretti a Istanbul e in Turchia.  <\/p>\n\n<h2 class=\"wp-block-heading\">\ud83d\udcbb Come acquistare una vignetta elettronica bulgara<\/h2>\n\n<p>Acquistare una e-vignetta bulgara \u00e8 semplice. Ecco le tue opzioni: <\/p>\n\n<h3 class=\"wp-block-heading\">Opzione 1: Online tramite VignetteGo (consigliato)<\/h3>\n\n<ol class=\"wp-block-list\">\n<li>Visita <a href=\"https:\/\/vignettego.com\/\" title=\"Acquista la e-vignetta bulgara online\">VignetteGo.com<\/a><\/li>\n<li>Seleziona Bulgaria e il periodo di validit\u00e0 desiderato<\/li>\n<li>Inserisci i dati della targa del veicolo<\/li>\n<li>Pagamento completo e sicuro<\/li>\n<li>Ricevi una conferma immediata: la tua vignetta \u00e8 immediatamente valida!<\/li>\n<\/ol>\n\n<p><strong>Vantaggi di VignetteGo:<\/strong> Supporto multilingue, interfaccia semplice, possibilit\u00e0 di acquistare vignette per pi\u00f9 paesi europei in un&#8217;unica transazione, assistenza clienti 24\/7 e consegna digitale istantanea.<\/p>\n\n<h3 class=\"wp-block-heading\">Opzione 2: Sito ufficiale bgtoll.bg<\/h3>\n\n<p>Il portale ufficiale bulgaro delle strade a pedaggio a bgtoll.bg offre acquisti diretti. Disponibile in bulgaro e inglese. <\/p>\n\n<h3 class=\"wp-block-heading\">Opzione 3: Punti di vendita fisici<\/h3>\n\n<p>Le e-vignette possono essere acquistate anche su:<\/p>\n\n<ul class=\"wp-block-list\">\n<li>Punti di attraversamento di frontiera<\/li>\n<li>Stazioni di servizio in tutta la Bulgaria<\/li>\n<li>Uffici postali<\/li>\n<li>Stazioni OMV, Shell e Lukoil<\/li>\n<\/ul>\n\n<div style=\"height:25px\" aria-hidden=\"true\" class=\"wp-block-spacer\"><\/div>\n\n<div class=\"wp-block-buttons is-content-justification-center is-layout-flex wp-container-core-buttons-is-layout-a89b3969 wp-block-buttons-is-layout-flex\">\n<div class=\"wp-block-button\"><a class=\"wp-block-button__link wp-element-button\" href=\"https:\/\/vignettego.com\/\" style=\"background-color:#ff6600;color:#ffffff;padding:15px 30px;font-size:18px;border-radius:8px;\">\ud83d\uded2 Acquista ora la E-Vignette Bulgara \u2013 Consegna Istantanea<\/a><\/div>\n<\/div>\n\n<div style=\"height:25px\" aria-hidden=\"true\" class=\"wp-block-spacer\"><\/div>\n\n<h2 class=\"wp-block-heading\">\u26a0\ufe0f Multe per guida senza vignetta in Bulgaria<\/h2>\n\n<p>Le autorit\u00e0 bulgare prendono molto sul serio le violazioni dei pedaggi. Se vieni sorpreso a guidare su strade a pedaggio senza una vignetta elettronica valida, rischi sanzioni significative: <\/p>\n\n<ul class=\"wp-block-list\">\n<li><strong>Prima infrazione:<\/strong> BGN 300 (~EUR 150)<\/li>\n<li><strong>Reati ripetuti:<\/strong> Fino a BGN 3.000 (~EUR 1.500)<\/li>\n<li><strong>Veicoli commerciali:<\/strong> Si applicano multe pi\u00f9 alte<\/li>\n<\/ul>\n\n<p><strong>Importante:<\/strong> L&#8217;applicazione avviene automaticamente tramite telecamere che leggono le targhe. Non potresti essere fermato immediatamente\u2014le multe possono essere inflitte giorni o settimane dopo la violazione e possono essere inviate nel tuo paese d&#8217;origine. Con una vignetta del weekend che costa soli 5 euro, non c&#8217;\u00e8 assolutamente motivo di rischiare una multa di 150+ euro!  <\/p>\n\n<h2 class=\"wp-block-heading\">\ud83d\uddfa\ufe0f Itinerari bulgari popolari per viaggi su strada<\/h2>\n\n<h3 class=\"wp-block-heading\">Sofia a Sunny Beach \/ Burgas (Costa del Mar Nero)<\/h3>\n\n<p><strong>Distanza:<\/strong> ~400 km | <strong>Durata:<\/strong> 4-4,5 ore | <strong>Itinerario:<\/strong> Autostrada A1 Trakiya<\/p>\n\n<p>Il percorso pi\u00f9 popolare per le vacanze al mare. L&#8217;autostrada A1 offre ottime condizioni stradali fino alla costa. Fermati a <strong>Plovdiv<\/strong> lungo il percorso per esplorare una delle citt\u00e0 pi\u00f9 antiche d&#8217;Europa abitate ininterrottamente, con la sua bellissima Citt\u00e0 Vecchia e l&#8217;anfiteatro romano.  <\/p>\n\n<h3 class=\"wp-block-heading\">Sofia a Varna \/ Sabbie d&#8217;Oro<\/h3>\n\n<p><strong>Distanza:<\/strong> ~450 km | <strong>Durata:<\/strong> 5-6 ore | <strong>Itinerario:<\/strong> A2 Emi (parzialmente) + E85<\/p>\n\n<p>Dirigiti verso la Bulgaria, la costa settentrionale del Mar Nero e le zone turistiche intorno a Varna. Considera di fermarti a <strong>Veliko Tarnovo<\/strong>, la capitale medievale con la sua imponente fortezza di Tsarevets. <\/p>\n\n<h3 class=\"wp-block-heading\">Sofia a Bansko (stazione sciistica)<\/h3>\n\n<p><strong>Distanza:<\/strong> ~160 km | <strong>Durata:<\/strong> 2-2,5 ore | <strong>Itinerario:<\/strong> A3 Struma + strade locali<\/p>\n\n<p>La principale destinazione sciistica bulgara offre piste eccellenti e prezzi significativamente pi\u00f9 bassi rispetto alle stazioni dell&#8217;Europa occidentale. La graziosa citt\u00e0 antica di Bansko ospita taverne tradizionali (mehanas) con musica popolare dal vivo. <\/p>\n\n<h3 class=\"wp-block-heading\">Sofia a Plovdiv<\/h3>\n\n<p><strong>Distanza:<\/strong> ~150 km | <strong>Durata:<\/strong> 1,5-2 ore | <strong>Itinerario:<\/strong> A1 Trakiya<\/p>\n\n<p>Un rapido viaggio in Bulgaria, seconda citt\u00e0 pi\u00f9 grande e Capitale Europea della Cultura nel 2019. Non perdere lo Stadio Romano, l&#8217;Antico Teatro e la colorata Citt\u00e0 Vecchia. <\/p>\n\n<div style=\"height:25px\" aria-hidden=\"true\" class=\"wp-block-spacer\"><\/div>\n\n<div class=\"wp-block-buttons is-content-justification-center is-layout-flex wp-container-core-buttons-is-layout-a89b3969 wp-block-buttons-is-layout-flex\">\n<div class=\"wp-block-button\"><a class=\"wp-block-button__link wp-element-button\" href=\"https:\/\/vignettego.com\/\" style=\"background-color:#9c27b0;color:#ffffff;padding:15px 30px;font-size:18px;border-radius:8px;\">\ud83c\udf0d Pianifica il tuo viaggio in Europa con VignetteGo<\/a><\/div>\n<\/div>\n\n<div style=\"height:25px\" aria-hidden=\"true\" class=\"wp-block-spacer\"><\/div>\n\n<h2 class=\"wp-block-heading\">\ud83d\udca1 Consigli di guida per la Bulgaria nel 2026<\/h2>\n\n<h3 class=\"wp-block-heading\">Valuta e pagamenti<\/h3>\n\n<p>La Bulgaria utilizza il <strong>Lev bulgaro (BGN).<\/strong> Sebbene la Bulgaria sia membro dell&#8217;UE, non ha ancora adottato l&#8217;Euro. Le carte di credito sono ampiamente accettate nelle stazioni di servizio e nelle citt\u00e0, ma trasportano un po&#8217; di contanti per i piccoli locali e i pedaggi nei punti di acquisto fisico. Tasso di cambio: circa 1 EUR = 1,95 BGN.   <\/p>\n\n<h3 class=\"wp-block-heading\">Limiti di velocit\u00e0<\/h3>\n\n<ul class=\"wp-block-list\">\n<li><strong>Autostrade:<\/strong> 140 km\/h<\/li>\n<li><strong>Strade principali fuori citt\u00e0:<\/strong> 90 km\/h<\/li>\n<li><strong>Aree urbane:<\/strong> 50 km\/h<\/li>\n<li><strong>Zone residenziali:<\/strong> 20-30 km\/h<\/li>\n<\/ul>\n\n<p><strong>Nota:<\/strong> Le teleovelox sono comuni sulle autostrade bulgare. Le multe per eccesso di velocit\u00e0 possono essere significative. <\/p>\n\n<h3 class=\"wp-block-heading\">Prezzi del carburante<\/h3>\n\n<p>La Bulgaria ha alcuni dei prezzi del carburante pi\u00f9 bassi dell&#8217;UE, rendendola un paese accessibile per i viaggi on the road. Le principali catene di carburante includono OMV, Shell, Lukoil e Benzina. <\/p>\n\n<h3 class=\"wp-block-heading\">Condizioni stradali<\/h3>\n\n<p>Le autostrade sono generalmente in ottime condizioni. Le strade secondarie variano in qualit\u00e0\u2014alcune strade di montagna possono essere impegnative, specialmente in inverno. Le gomme invernali sono obbligatorie dal 15 novembre al 1\u00b0 marzo.  <\/p>\n\n<h2 class=\"wp-block-heading\" id=\"faq-section\">\u2753 Domande Frequenti<\/h2>\n\n<h3 class=\"wp-block-heading\">Quanto \u00e8 valida la vignetta elettronica bulgara?<\/h3>\n\n<p>La validit\u00e0 dipende dal tipo che acquisti: weekend (venerd\u00ec mezzogiorno a domenica mezzanotte), 7 giorni, 1 mese, 3 mesi o annuale. La vignetta diventa valida immediatamente dopo l&#8217;acquisto o da una data di inizio specificata. <\/p>\n\n<h3 class=\"wp-block-heading\">Posso usare la vignetta bulgara in altri paesi?<\/h3>\n\n<p>No, la e-vignette bulgara \u00e8 valida solo in Bulgaria. Per viaggiare attraverso pi\u00f9 paesi, visita <a href=\"https:\/\/vignettego.com\/\" title=\"Vignette autostradali europee\">VignetteGo<\/a> per acquistare vignette per tutti i paesi lungo il tuo percorso. <\/p>\n\n<h3 class=\"wp-block-heading\">E se inserisco il numero di targa sbagliato?<\/h3>\n\n<p>Controlla due volte i dettagli della registrazione prima di confermare l&#8217;acquisto. Se commetti un errore, potresti dover acquistare una nuova vignetta\u2014i rimborsi per dati errati generalmente non sono possibili. <\/p>\n\n<h3 class=\"wp-block-heading\">Ci sono alternative gratuite in Bulgaria?<\/h3>\n\n<p>S\u00ec, puoi usare strade secondarie (Classe II e III) senza vignette, ma queste sono pi\u00f9 lente e spesso in condizioni peggiori. Per qualsiasi distanza significativa, le autostrade con vignetta sono significativamente pi\u00f9 veloci e sicure. <\/p>\n\n<h3 class=\"wp-block-heading\">Ho bisogno di qualcos&#8217;altro per guidare in Bulgaria?<\/h3>\n\n<p>Oltre alla vignetta elettronica, assicurati di avere: patente di guida valida, documento di registrazione del veicolo, prova di assicurazione (Green Card), triangolo di avvertimento, kit di pronto soccorso e giubbotto riflettente. I fari devono essere sempre accesi durante la guida. <\/p>\n\n<div style=\"height:25px\" aria-hidden=\"true\" class=\"wp-block-spacer\"><\/div>\n\n<div class=\"wp-block-buttons is-content-justification-center is-layout-flex wp-container-core-buttons-is-layout-a89b3969 wp-block-buttons-is-layout-flex\">\n<div class=\"wp-block-button\"><a class=\"wp-block-button__link wp-element-button\" href=\"https:\/\/vignettego.com\/\" style=\"background-color:#e91e63;color:#ffffff;padding:15px 30px;font-size:18px;border-radius:8px;\">\ud83d\ude97 Acquista le tue vignette autostradali europee su VignetteGo \u2192<\/a><\/div>\n<\/div>\n\n<div style=\"height:25px\" aria-hidden=\"true\" class=\"wp-block-spacer\"><\/div>\n\n<h2 class=\"wp-block-heading\">\ud83c\udfd6\ufe0f Perch\u00e9 visitare la Bulgaria?<\/h2>\n\n<p>La Bulgaria offre un valore incredibile per i viaggiatori, con una bellezza naturale straordinaria, una storia ricca e un&#8217;ospitalit\u00e0 calorosa\u2014il tutto a prezzi significativamente inferiori rispetto all&#8217;Europa occidentale. Ecco cosa rende speciale la Bulgaria: <\/p>\n\n<ul class=\"wp-block-list\">\n<li><strong>Costa del Mar Nero:<\/strong> Bellissime spiagge, resort vivaci come Sunny Beach e Golden Sands, e citt\u00e0 storiche come Nessebar (Patrimonio dell&#8217;Umanit\u00e0 UNESCO)<\/li>\n<li><strong>Stazioni di montagna:<\/strong> Sci a prezzi accessibili a Bansko, Borovets e Pamporovo<\/li>\n<li><strong>Storia antica:<\/strong> Tombe tracie, rovine romane, fortezze medievali<\/li>\n<li><strong>Paese vinicolo:<\/strong> La Bulgaria \u00e8 una delle regioni vinicole pi\u00f9 antiche al mondo<\/li>\n<li><strong>Sofia:<\/strong> Una capitale dinamica con un affascinante mix di architettura antica, ottomana, sovietica e moderna<\/li>\n<li><strong>Prezzi accessibili:<\/strong> Una delle destinazioni UE pi\u00f9 economiche<\/li>\n<\/ul>\n\n<h2 class=\"wp-block-heading\">\ud83d\udccd Conclusione<\/h2>\n\n<p>Il sistema di vignette elettronica bulgaro \u00e8 semplice ed economico. Con opzioni che vanno da un pass weekend da 5 EUR a una vignetta annuale da 50 EUR, puoi esplorare questo splendido paese senza spendere una fortuna. L&#8217;unica opzione di vignette del weekend rende la Bulgaria perfetta per fughe spontanee sulla costa del Mar Nero.  <\/p>\n\n<p>Per un&#8217;esperienza di acquisto pi\u00f9 comoda e per ottenere vignette di pi\u00f9 paesi europei in un&#8217;unica transazione, usa <a href=\"https:\/\/vignettego.com\/\" title=\"VignetteGo - La tua fonte per vignette europee sulle autostrade\">VignetteGo<\/a>. L&#8217;acquisto richiede solo pochi minuti e la tua vignetta \u00e8 valida immediatamente. <\/p>\n\n<p><strong>Goditi il tuo viaggio in Bulgaria! \ud83c\udde7\ud83c\uddec\ud83c\udfd6\ufe0f <\/strong><\/p>\n\n<p><strong>Guide correlate:<\/strong> <a href=\"https:\/\/vignettego.com\/highway-vignette-europe\/it\/vignetta-autostradale-romania-2026-guida-completa-alla-rovinieta\/\">Romania Rovinieta<\/a> | <a href=\"https:\/\/vignettego.com\/highway-vignette-europe\/it\/vignetta-autostradale-ungheria-2026-guida-completa\/\">Ungheria E-Matrica<\/a> | <a href=\"https:\/\/vignettego.com\/\">Tutte le vignette europee<\/a><\/p>\n","protected":false},"excerpt":{"rendered":"<p>Stai pianificando un viaggio in Bulgaria nel 2026? Che tu stia andando verso le soleggiate spiagge del Mar Nero, esplorando antiche rovine tracie, scoprendo la vibrante cultura di Sofia o sciando nelle splendide localit\u00e0 montane, comprendere il sistema di pedaggio delle autostrade bulgare \u00e8 fondamentale. La Bulgaria utilizza un sistema di vignette completamente elettronico (e-vignette) [&hellip;]<\/p>\n","protected":false},"author":0,"featured_media":0,"parent":0,"menu_order":0,"comment_status":"closed","ping_status":"closed","template":"","meta":{"footnotes":""},"class_list":["post-532","page","type-page","status-publish","hentry"],"_links":{"self":[{"href":"https:\/\/vignettego.com\/highway-vignette-europe\/it\/wp-json\/wp\/v2\/pages\/532","targetHints":{"allow":["GET"]}}],"collection":[{"href":"https:\/\/vignettego.com\/highway-vignette-europe\/it\/wp-json\/wp\/v2\/pages"}],"about":[{"href":"https:\/\/vignettego.com\/highway-vignette-europe\/it\/wp-json\/wp\/v2\/types\/page"}],"replies":[{"embeddable":true,"href":"https:\/\/vignettego.com\/highway-vignette-europe\/it\/wp-json\/wp\/v2\/comments?post=532"}],"version-history":[{"count":4,"href":"https:\/\/vignettego.com\/highway-vignette-europe\/it\/wp-json\/wp\/v2\/pages\/532\/revisions"}],"predecessor-version":[{"id":1300,"href":"https:\/\/vignettego.com\/highway-vignette-europe\/it\/wp-json\/wp\/v2\/pages\/532\/revisions\/1300"}],"wp:attachment":[{"href":"https:\/\/vignettego.com\/highway-vignette-europe\/it\/wp-json\/wp\/v2\/media?parent=532"}],"curies":[{"name":"wp","href":"https:\/\/api.w.org\/{rel}","templated":true}]}}