{"id":473,"date":"2026-01-04T01:39:43","date_gmt":"2026-01-04T01:39:43","guid":{"rendered":"https:\/\/vignettego.com\/highway-vignette-europe\/vignetta-autostradale-romania-2026-guida-completa-alla-rovinieta\/"},"modified":"2026-01-04T12:42:36","modified_gmt":"2026-01-04T12:42:36","slug":"vignetta-autostradale-romania-2026-guida-completa-alla-rovinieta","status":"publish","type":"page","link":"https:\/\/vignettego.com\/highway-vignette-europe\/it\/vignetta-autostradale-romania-2026-guida-completa-alla-rovinieta\/","title":{"rendered":"Vignetta Autostradale Romania 2026: Guida completa alla Rovinieta"},"content":{"rendered":"\n<script type=\"application\/ld+json\">{\n    \"@context\": \"https:\/\/schema.org\",\n    \"@graph\": [\n        {\n            \"@type\": \"Article\",\n            \"@id\": \"https:\/\/vignettego.com\/highway-vignette-europe\/romania-highway-vignette-guide\/#article\",\n            \"headline\": \"Romania Highway Vignette 2026: Complete Rovinieta Guide\",\n            \"description\": \"Everything about Romanian electronic highway vignettes (Rovinieta). Europe most affordable toll system! Learn about pricing, validity, Transylvania routes, and the famous Transf\u0103g\u0103r\u0103\u0219an road.\",\n            \"image\": \"https:\/\/vignettego.com\/highway-vignette-europe\/wp-content\/uploads\/2026\/09\/Highway-Vignette-Europe.jpg\",\n            \"datePublished\": \"2026-01-04\",\n            \"dateModified\": \"2026-01-04\",\n            \"author\": {\"@type\": \"Organization\", \"name\": \"VignetteGo\", \"url\": \"https:\/\/vignettego.com\"},\n            \"publisher\": {\"@type\": \"Organization\", \"name\": \"VignetteGo\"},\n            \"mainEntityOfPage\": {\"@type\": \"WebPage\", \"@id\": \"https:\/\/vignettego.com\/highway-vignette-europe\/romania-highway-vignette-guide\/\"},\n            \"articleSection\": \"Highway Vignettes\",\n            \"keywords\": [\"Romania vignette\", \"Rovinieta\", \"Romania highway toll\", \"Romanian motorway pass\", \"Transylvania road trip\", \"Transfagarasan\"],\n            \"inLanguage\": \"en\",\n            \"speakable\": {\"@type\": \"SpeakableSpecification\", \"cssSelector\": [\".article-intro\", \"#faq-section\"]}\n        },\n        {\n            \"@type\": \"BreadcrumbList\",\n            \"itemListElement\": [\n                {\"@type\": \"ListItem\", \"position\": 1, \"name\": \"VignetteGo\", \"item\": \"https:\/\/vignettego.com\/\"},\n                {\"@type\": \"ListItem\", \"position\": 2, \"name\": \"Highway Vignette Europe\", \"item\": \"https:\/\/vignettego.com\/highway-vignette-europe\/\"},\n                {\"@type\": \"ListItem\", \"position\": 3, \"name\": \"Romania Guide\", \"item\": \"https:\/\/vignettego.com\/highway-vignette-europe\/romania-highway-vignette-guide\/\"}\n            ]\n        },\n        {\n            \"@type\": \"FAQPage\",\n            \"mainEntity\": [\n                {\"@type\": \"Question\", \"name\": \"How much does the Romanian Rovinieta cost?\", \"acceptedAnswer\": {\"@type\": \"Answer\", \"text\": \"The Romanian Rovinieta is Europe cheapest highway vignette! A 7-day vignette costs approximately EUR 3.50, 30-day costs EUR 7, and annual costs just EUR 28.\"}},\n                {\"@type\": \"Question\", \"name\": \"Where can I buy the Romanian Rovinieta?\", \"acceptedAnswer\": {\"@type\": \"Answer\", \"text\": \"You can buy the Rovinieta online at VignetteGo or the official roviniete.ro website, or at gas stations and border crossings in Romania. Online purchase is recommended for convenience.\"}},\n                {\"@type\": \"Question\", \"name\": \"Is the Transf\u0103g\u0103r\u0103\u0219an road toll-free?\", \"acceptedAnswer\": {\"@type\": \"Answer\", \"text\": \"Yes, the Transf\u0103g\u0103r\u0103\u0219an (DN7C) is a national road, not a motorway, so no Rovinieta is needed specifically for it. However, you will likely use toll roads to reach it, so a Rovinieta is still recommended.\"}},\n                {\"@type\": \"Question\", \"name\": \"What are the fines for driving without Rovinieta?\", \"acceptedAnswer\": {\"@type\": \"Answer\", \"text\": \"Fines for driving without a valid Rovinieta range from EUR 50-200 depending on how far you traveled without one. With a 7-day vignette costing just EUR 3.50, there is no reason to risk a fine.\"}},\n                {\"@type\": \"Question\", \"name\": \"Which roads require Rovinieta in Romania?\", \"acceptedAnswer\": {\"@type\": \"Answer\", \"text\": \"The Rovinieta is required on all national roads (DN roads) and motorways (autostrada) in Romania. This includes the A1, A2, A3, A10, and all DN-numbered roads.\"}}\n            ]\n        }\n    ]\n}\n<\/script>\n\n<figure class=\"wp-block-image aligncenter size-large\"><img decoding=\"async\" src=\"https:\/\/vignettego.com\/highway-vignette-europe\/wp-content\/uploads\/2026\/09\/Highway-Vignette-Europe.jpg\" alt=\"Romania Rovinieta 2026 - Guida completa al sistema di vignette delle autostrade rumene\" style=\"width:100%; height:auto; margin-bottom:20px;\"\/><\/figure>\n\n<p class=\"article-intro\">La Romania offre alcune delle destinazioni pi\u00f9 spettacolari per viaggi su strada in Europa\u2014dai leggendari castelli della Transilvania alle splendide spiagge del Mar Nero, dai maestosi Monti Carpazi fino all&#8217;unico delta del Danubio. Ecco la notizia migliore: la Romania ha la <strong>vignetta autostradale pi\u00f9 economica d&#8217;Europa<\/strong>, chiamata <strong>Rovinieta<\/strong>. A pochi euro per una settimana, esplorare la Romania in auto \u00e8 incredibilmente economico. Questa guida completa copre tutto ci\u00f2 che c&#8217;\u00e8 da sapere sulle strade a pedaggio rumene nel 2026, inclusa la famosa Transf\u0103g\u0103r\u0103\u0219an\u2014una delle migliori strade guidabili al mondo.   <\/p>\n\n<div style=\"height:25px\" aria-hidden=\"true\" class=\"wp-block-spacer\"><\/div>\n\n<div class=\"wp-block-buttons is-content-justification-center is-layout-flex wp-container-core-buttons-is-layout-a89b3969 wp-block-buttons-is-layout-flex\">\n<div class=\"wp-block-button\"><a class=\"wp-block-button__link wp-element-button\" href=\"https:\/\/vignettego.com\/\" style=\"background-color:#0066cc;color:#ffffff;padding:15px 30px;font-size:18px;border-radius:8px;\">\ud83d\ude97 Prendi la tua rovinieta rumena su VignetteGo<\/a><\/div>\n<\/div>\n\n<div style=\"height:25px\" aria-hidden=\"true\" class=\"wp-block-spacer\"><\/div>\n\n<h2 class=\"wp-block-heading\">\ud83c\uddf7\ud83c\uddf4 Cos&#8217;\u00e8 la Rovinieta rumena?<\/h2>\n\n<p>La Romania gestisce un <strong>sistema elettronico di pedaggio basato sul tempo<\/strong> <strong>chiamato Rovinieta<\/strong> (da &#8220;road vignette&#8221; in rumeno). Il sistema \u00e8 completamente digitale: la targa \u00e8 registrata in un database centrale e verificata da telecamere di controllo in tutto il paese. Non \u00e8 necessario alcun adesivo fisico; Tutto \u00e8 elettronico.  <\/p>\n\n<p>La Rovinieta copre tutte le strade nazionali (DN &#8211; drum na\u021bional) e le autostrade (autostrad\u0103) in Romania. Il sistema \u00e8 gestito da CNAIR (Compania Na\u021bional\u0103 de Administrare a Infrastructurii Rutiere) e le vignette possono essere acquistate online, rendendolo estremamente comodo per i visitatori. <\/p>\n\n<h2 class=\"wp-block-heading\">\ud83d\udccb Prezzi Rovinieta Rumeni 2026 \ud83d\udcb0 PI\u00d9 ECONOMICI D&#8217;EUROPA!<\/h2>\n\n<p>La Romania offre i <strong>prezzi di vignette autostradali pi\u00f9 convenienti di tutta Europa<\/strong>. Ecco perch\u00e9 la Romania dovrebbe essere in cima a ogni lista dei road tripper con budget limitati: <\/p>\n\n<figure class=\"wp-block-table\"><table><thead><tr><th>Periodo di validit\u00e0<\/th><th>Auto (fino a 3,5t)<\/th><th>Motociclette<\/th><\/tr><\/thead><tbody><tr><td><strong>7 giorni<\/strong><\/td><td>~EUR 3,50<\/td><td>~EUR 1,80<\/td><\/tr><tr><td><strong>30 Giorni<\/strong><\/td><td>~EUR 7,00<\/td><td>~EUR 3,50<\/td><\/tr><tr><td><strong>90 Giorni<\/strong><\/td><td>~EUR 13,00<\/td><td>~EUR 6,50<\/td><\/tr><tr><td><strong>Annuale<\/strong><\/td><td>~EUR 28,00<\/td><td>~EUR 14,00<\/td><\/tr><\/tbody><\/table><\/figure>\n\n<p><strong>S\u00ec, hai letto bene!<\/strong>  Una settimana di guida illimitata su tutte le strade e autostrade nazionali rumene per soli 3,50 EUR. Confronta questo con la Svizzera (40 EUR per la vignetta annuale, senza opzioni pi\u00f9 brevi) o con l&#8217;Austria (11,50 EUR per 10 giorni), e capirai perch\u00e9 la Romania \u00e8 il sogno di un viaggiatore su strada. <\/p>\n\n<div style=\"height:25px\" aria-hidden=\"true\" class=\"wp-block-spacer\"><\/div>\n\n<div class=\"wp-block-buttons is-content-justification-center is-layout-flex wp-container-core-buttons-is-layout-a89b3969 wp-block-buttons-is-layout-flex\">\n<div class=\"wp-block-button\"><a class=\"wp-block-button__link wp-element-button\" href=\"https:\/\/vignettego.com\/\" style=\"background-color:#28a745;color:#ffffff;padding:15px 30px;font-size:18px;border-radius:8px;\">\u2705 Acquista le tue vignette europee \u2013 di tutti i paesi \u2013 su VignetteGo<\/a><\/div>\n<\/div>\n\n<div style=\"height:25px\" aria-hidden=\"true\" class=\"wp-block-spacer\"><\/div>\n\n<h2 class=\"wp-block-heading\">\ud83d\udee3\ufe0f Rete stradale rumena<\/h2>\n\n<p>La Romania ha rapidamente espanso la sua rete autostradale, anche se gran parte del paese \u00e8 ancora servita da strade nazionali (DN roads). Ecco i percorsi principali: <\/p>\n\n<h3 class=\"wp-block-heading\">A1 \u2013 Bucarest a Pite\u0219ti e oltre<\/h3>\n\n<p>La pi\u00f9 antica autostrada rumena, che collega <strong>Bucarest a Pite\u0219ti<\/strong> (circa 110 km). Le prolunghe verso Sibiu sono in corso. Questa \u00e8 la principale via verso la Transilvania da Bucarest, collegandosi alla DN7 e alla DN1 per il proseguimento.  <\/p>\n\n<h3 class=\"wp-block-heading\">A2 \u2013 Bucarest a Constan\u021ba (Autostrada Sun)<\/h3>\n\n<p><strong>L&#8217;Autostrada Soarelui<\/strong> collega <strong>Bucarest a Constanza<\/strong> e alla costa del Mar Nero. Circa 200 km. Questa \u00e8 la principale via per le vacanze al mare verso Mamaia, Constan\u021ba, Vama Veche e altre localit\u00e0 costiere.  <\/p>\n\n<h3 class=\"wp-block-heading\">A3 \u2013 Autostrada della Transilvania (in costruzione)<\/h3>\n\n<p>Una volta completata, collegher\u00e0 Bucarest a Bra\u0219ov, proseguendo attraverso la Transilvania fino al confine ungherese. Attualmente sono aperti diversi tratti, tra cui intorno a Turda e Cluj-Napoca. <\/p>\n\n<h3 class=\"wp-block-heading\">A10 \u2013 Sebe\u0219 a Turda<\/h3>\n\n<p>Parte del futuro corridoio della Transilvania, che collega citt\u00e0 chiave della Romania centrale.<\/p>\n\n<h3 class=\"wp-block-heading\">DN1 \u2013 La Classica Via della Transilvania<\/h3>\n\n<p>La leggendaria <strong>DN1 (E60)<\/strong> collega Bucarest a Bra\u0219ov, proseguendo attraverso il cuore della Transilvania fino a Sibiu, Alba Iulia, Cluj-Napoca e oltre, fino all&#8217;Ungheria. Questo percorso storico attraversa paesaggi montani mozzafiato e citt\u00e0 medievali. <\/p>\n\n<h2 class=\"wp-block-heading\">\ud83c\udfd4\ufe0f La Transf\u0103g\u0103r\u0103\u0219an \u2013 Migliore strada di guida al mondo<\/h2>\n\n<p><strong>L&#8217;Autostrada Transf\u0103g\u0103r\u0103\u0219an (DN7C)<\/strong> \u00e8 stata definita &#8220;la migliore strada del mondo&#8221; da Top Gear. Questa spettacolare strada di montagna attraversa i Monti F\u0103g\u0103ra\u0219 a 2.042 metri di altitudine, con curve a gomito drammatiche, gallerie e viste mozzafiato. <\/p>\n\n<p><strong>Informazioni chiave:<\/strong><\/p>\n\n<ul class=\"wp-block-list\">\n<li><strong>Lunghezza:<\/strong> Circa 90 km di strada di montagna<\/li>\n<li><strong>Open:<\/strong> Di solito da fine giugno a fine ottobre (a seconda del tempo)<\/li>\n<li><strong>Itinerario:<\/strong> Collega Curtea de Arge\u0219 a Sibiu attraverso i Monti F\u0103g\u0103ra\u0219<\/li>\n<li><strong>Attrazioni:<\/strong> Lago di B\u00e2lea (lago glaciale in cima), cascata di B\u00e2lea, paesaggi alpini mozzafiato<\/li>\n<li><strong>Pedaggio:<\/strong> La Transf\u0103g\u0103r\u0103\u0219an stessa \u00e8 una strada nazionale (DN), quindi non c&#8217;\u00e8 pedaggio aggiuntivo oltre la Rovinieta<\/li>\n<\/ul>\n\n<p><strong>Consiglio da esperto:<\/strong> La strada \u00e8 estremamente frequentata in estate. Inizia presto la mattina per evitare la folla e goderti la migliore luce fotografica. <\/p>\n\n<div style=\"height:25px\" aria-hidden=\"true\" class=\"wp-block-spacer\"><\/div>\n\n<div class=\"wp-block-buttons is-content-justification-center is-layout-flex wp-container-core-buttons-is-layout-a89b3969 wp-block-buttons-is-layout-flex\">\n<div class=\"wp-block-button\"><a class=\"wp-block-button__link wp-element-button\" href=\"https:\/\/vignettego.com\/\" style=\"background-color:#ff6600;color:#ffffff;padding:15px 30px;font-size:18px;border-radius:8px;\">\ud83d\uded2 Acquista la Rovinieta rumena ora \u2013 Solo 3,50 EUR per 7 giorni!<\/a><\/div>\n<\/div>\n\n<div style=\"height:25px\" aria-hidden=\"true\" class=\"wp-block-spacer\"><\/div>\n\n<h2 class=\"wp-block-heading\">\ud83d\udcbb Come acquistare la Rovinieta rumena<\/h2>\n\n<p>Acquistare una Rovinieta rumena \u00e8 semplice:<\/p>\n\n<h3 class=\"wp-block-heading\">Opzione 1: Online tramite VignetteGo (consigliato)<\/h3>\n\n<ol class=\"wp-block-list\">\n<li>Visita <a href=\"https:\/\/vignettego.com\/\" title=\"Acquista Rovinieta rumena online\">VignetteGo.com<\/a><\/li>\n<li>Seleziona la Romania e il periodo di validit\u00e0 desiderato<\/li>\n<li>Inserisci i dati della targa del veicolo<\/li>\n<li>Pagamento completo e sicuro<\/li>\n<li>Ricevi una conferma istantanea\u2014valida immediatamente!<\/li>\n<\/ol>\n\n<h3 class=\"wp-block-heading\">Opzione 2: Sito ufficiale roviniete.ro<\/h3>\n\n<p>Il sito ufficiale dell&#8217;autorit\u00e0 stradale rumena offre acquisti diretti in rumeno e inglese.<\/p>\n\n<h3 class=\"wp-block-heading\">Opzione 3: Punti di vendita fisici<\/h3>\n\n<p>La Rovinieta pu\u00f2 essere acquistata presso i valichi di frontiera, le stazioni di servizio (Petrom, OMV, Mol, Rompetrol) e gli uffici postali rumeni.<\/p>\n\n<h2 class=\"wp-block-heading\">\u26a0\ufe0f Multe per la guida senza Rovinieta<\/h2>\n\n<p>Nonostante il costo incredibilmente basso, alcuni viaggiatori cercano di evitare di acquistare la Rovinieta. Questo \u00e8 un errore: le multe vengono applicate: <\/p>\n\n<ul class=\"wp-block-list\">\n<li><strong>Multa standard:<\/strong> EUR 50-200 a seconda della distanza percorsa<\/li>\n<li><strong>Rinforzo:<\/strong> Sistemi di telecamere automatiche in tutto il paese<\/li>\n<\/ul>\n\n<p><strong>Con un abbonamento settimanale che costa 3,50 EUR contro una possibile multa di 200 EUR, la scelta \u00e8 ovvia!<\/strong><\/p>\n\n<h2 class=\"wp-block-heading\">\ud83d\uddfa\ufe0f Itinerari popolari per i viaggi rumeni<\/h2>\n\n<h3 class=\"wp-block-heading\">Da Bucarest a Bra\u0219ov (Porta d&#8217;accesso alla Transilvania)<\/h3>\n\n<p><strong>Distanza:<\/strong> ~170 km | <strong>Durata:<\/strong> 2,5-3 ore | <strong>Itinerario:<\/strong> DN1 o A3 (dove disponibili)<\/p>\n\n<p>La via classica per entrare in Transilvania. Bra\u0219ov \u00e8 una splendida citt\u00e0 medievale circondata da montagne, perfetta come base per esplorare castelli (Bran, Pele\u0219) e i Carpati. <\/p>\n\n<h3 class=\"wp-block-heading\">Da Bucarest a Constanza (Mar Nero)<\/h3>\n\n<p><strong>Distanza:<\/strong> ~225 km | <strong>Durata:<\/strong> 2,5 ore | <strong>Itinerario:<\/strong> A2 (Autostrada Sun)<\/p>\n\n<p>Dirigiti verso la costa del Mar Nero sulla pi\u00f9 recente autostrada romana. Constan\u021ba \u00e8 un&#8217;antica citt\u00e0 portuale; la vicina Mamaia \u00e8 la principale localit\u00e0 balneare del paese. <\/p>\n\n<h3 class=\"wp-block-heading\">Circuito del Castello di Transilvania<\/h3>\n\n<p><strong>Itinerario:<\/strong> Castello di Bra\u0219ov \u2192 Bran \u2192 Castello di R\u00e2\u0219nov \u2192 Pele\u0219 (Sinaia) \u2192 ritorno a Bra\u0219ov<\/p>\n\n<p>Visita il famoso castello di Dracula (Bran), lo splendido castello di Pele\u0219 e la fortezza medievale di R\u00e2\u0219nov\u2014tutto in una sola giornata da Bra\u0219ov.<\/p>\n\n<h3 class=\"wp-block-heading\">Tour completo in Transilvania<\/h3>\n\n<p><strong>Itinerario:<\/strong> Bucarest \u2192 Bra\u0219ov \u2192 Sighi\u0219oara \u2192 Sibiu \u2192 Transf\u0103g\u0103r\u0103\u0219an \u2192 Bucarest<\/p>\n\n<p>Un circuito di 5-7 giorni che copre il meglio della Transilvania: citt\u00e0 medievali, paesaggi montani e la leggendaria strada Transf\u0103g\u0103r\u0103\u0219an.<\/p>\n\n<div style=\"height:25px\" aria-hidden=\"true\" class=\"wp-block-spacer\"><\/div>\n\n<div class=\"wp-block-buttons is-content-justification-center is-layout-flex wp-container-core-buttons-is-layout-a89b3969 wp-block-buttons-is-layout-flex\">\n<div class=\"wp-block-button\"><a class=\"wp-block-button__link wp-element-button\" href=\"https:\/\/vignettego.com\/\" style=\"background-color:#9c27b0;color:#ffffff;padding:15px 30px;font-size:18px;border-radius:8px;\">\ud83c\udf0d Pianifica la tua avventura rumena con VignetteGo<\/a><\/div>\n<\/div>\n\n<div style=\"height:25px\" aria-hidden=\"true\" class=\"wp-block-spacer\"><\/div>\n\n<h2 class=\"wp-block-heading\">\ud83d\udca1 Consigli per la guida in Romania per il 2026<\/h2>\n\n<h3 class=\"wp-block-heading\">Valuta<\/h3>\n\n<p>La Romania utilizza il <strong>Leu rumeno (RON),<\/strong> ma <strong>l&#8217;euro \u00e8 ampiamente accettato<\/strong> nelle stazioni di servizio, negli hotel e nelle aree turistiche. Le carte di credito sono accettate quasi ovunque nelle citt\u00e0. Tasso di cambio: circa 1 EUR = 5 RON.  <\/p>\n\n<h3 class=\"wp-block-heading\">Limiti di velocit\u00e0<\/h3>\n\n<ul class=\"wp-block-list\">\n<li><strong>Autostrade:<\/strong> 130 km\/h<\/li>\n<li><strong>Strade nazionali (fuori citt\u00e0):<\/strong> 90-100 km\/h<\/li>\n<li><strong>Aree urbane:<\/strong> 50 km\/h<\/li>\n<\/ul>\n\n<h3 class=\"wp-block-heading\">Condizioni stradali<\/h3>\n\n<p>Le autostrade sono eccellenti. Le strade nazionali variano da buone a difficili, specialmente nelle aree rurali. Le strade di montagna possono essere impegnative: guida con cautela e rispetta le condizioni meteorologiche.  <\/p>\n\n<h3 class=\"wp-block-heading\">Carburante<\/h3>\n\n<p>Il carburante costa meno rispetto all&#8217;Europa occidentale. Le principali catene includono Petrom, OMV, Mol, Rompetrol e Lukoil. <\/p>\n\n<h2 class=\"wp-block-heading\" id=\"faq-section\">\u2753 Domande Frequenti<\/h2>\n\n<h3 class=\"wp-block-heading\">La Rovinieta rumena \u00e8 davvero cos\u00ec economica?<\/h3>\n\n<p>S\u00ec! Con circa 3,50 EUR per 7 giorni, la Romania ha i pedaggi autostradali pi\u00f9 economici d&#8217;Europa. Anche la vignetta annuale (28 EUR) costa meno rispetto alle opzioni a breve termine di molti paesi.  <\/p>\n\n<h3 class=\"wp-block-heading\">Quando posso guidare la Transf\u0103g\u0103r\u0103\u0219an?<\/h3>\n\n<p>Tipicamente da fine giugno a fine ottobre, a seconda del tempo. La parte alta (sopra i 1.800 m) \u00e8 chiusa in inverno a causa della neve. Controlla lo stato attuale prima di pianificare.  <\/p>\n\n<h3 class=\"wp-block-heading\">Posso usare la vignetta rumena in Moldova?<\/h3>\n\n<p>No, serve una <a href=\"https:\/\/vignettego.com\/highway-vignette-europe\/it\/vignetta-strade-della-moldova-2026-guida-completa-alla-vinieta\/\">vinieta moldava<\/a> separata per la Moldavia. Acquistali entrambi su <a href=\"https:\/\/vignettego.com\/\" title=\"Vignette europee\">VignetteGo<\/a>. <\/p>\n\n<div style=\"height:25px\" aria-hidden=\"true\" class=\"wp-block-spacer\"><\/div>\n\n<div class=\"wp-block-buttons is-content-justification-center is-layout-flex wp-container-core-buttons-is-layout-a89b3969 wp-block-buttons-is-layout-flex\">\n<div class=\"wp-block-button\"><a class=\"wp-block-button__link wp-element-button\" href=\"https:\/\/vignettego.com\/\" style=\"background-color:#e91e63;color:#ffffff;padding:15px 30px;font-size:18px;border-radius:8px;\">\ud83d\ude97 Acquista le tue vignette autostradali europee su VignetteGo \u2192<\/a><\/div>\n<\/div>\n\n<div style=\"height:25px\" aria-hidden=\"true\" class=\"wp-block-spacer\"><\/div>\n\n<h2 class=\"wp-block-heading\">\ud83c\udff0 Perch\u00e9 visitare la Romania?<\/h2>\n\n<ul class=\"wp-block-list\">\n<li><strong>Transilvania:<\/strong> Citt\u00e0 medievali, castelli e paesaggi montani<\/li>\n<li><strong>Il Transf\u0103g\u0103r\u0103\u0219an:<\/strong> Una delle migliori strade di guida al mondo<\/li>\n<li><strong>Costa del Mar Nero:<\/strong> Bellissime spiagge e antiche citt\u00e0<\/li>\n<li><strong>Delta del Danubio:<\/strong> Riserva della biosfera UNESCO, incredibile birdwatching<\/li>\n<li><strong>Accessibili:<\/strong> Ottimo rapporto qualit\u00e0-prezzo per alloggio, cibo e viaggi<\/li>\n<li><strong>Cultura ricca:<\/strong> Affascinante combinazione di influenze latine, slave e ottomane<\/li>\n<\/ul>\n\n<h2 class=\"wp-block-heading\">\ud83d\udccd Conclusione<\/h2>\n\n<p>La Romania offre un valore incredibile per viaggi su strada\u2014dai pedaggi autostradali pi\u00f9 economici d&#8217;Europa a paesaggi mozzafiato e ricca cultura. Che tu stia inseguendo le leggende di Dracula in Transilvania, conquistando il Transf\u0103g\u0103r\u0103\u0219an o rilassandoti sulle spiagge del Mar Nero, la Romania offre esperienze indimenticabili. <\/p>\n\n<p>Prendi la tua Rovinieta da <a href=\"https:\/\/vignettego.com\/\" title=\"VignetteGo - vignette europee sulle autostrade\">VignetteGo<\/a>\u2014ci vogliono minuti e costa meno di un caff\u00e8!<\/p>\n\n<p><strong>Goditi la Romania! \ud83c\uddf7\ud83c\uddf4\ud83c\udfd4\ufe0f <\/strong><\/p>\n\n<p><strong>Guide correlate:<\/strong> <a href=\"https:\/\/vignettego.com\/highway-vignette-europe\/it\/vignetta-autostradale-ungheria-2026-guida-completa\/\">Ungheria E-Matrica<\/a> | <a href=\"https:\/\/vignettego.com\/highway-vignette-europe\/it\/vignetta-autostradale-della-bulgaria-2026-guida-completa-alle-vignette-elettroniche\/\">Bulgaria E-Vignette<\/a> | <a href=\"https:\/\/vignettego.com\/highway-vignette-europe\/it\/vignetta-strade-della-moldova-2026-guida-completa-alla-vinieta\/\">Moldova Vinieta<\/a> | <a href=\"https:\/\/vignettego.com\/\">Tutte le vignette europee<\/a><\/p>\n","protected":false},"excerpt":{"rendered":"<p>La Romania offre alcune delle destinazioni pi\u00f9 spettacolari per viaggi su strada in Europa\u2014dai leggendari castelli della Transilvania alle splendide spiagge del Mar Nero, dai maestosi Monti Carpazi fino all&#8217;unico delta del Danubio. Ecco la notizia migliore: la Romania ha la vignetta autostradale pi\u00f9 economica d&#8217;Europa, chiamata Rovinieta. A pochi euro per una settimana, esplorare [&hellip;]<\/p>\n","protected":false},"author":0,"featured_media":0,"parent":0,"menu_order":0,"comment_status":"closed","ping_status":"closed","template":"","meta":{"footnotes":""},"class_list":["post-473","page","type-page","status-publish","hentry"],"_links":{"self":[{"href":"https:\/\/vignettego.com\/highway-vignette-europe\/it\/wp-json\/wp\/v2\/pages\/473","targetHints":{"allow":["GET"]}}],"collection":[{"href":"https:\/\/vignettego.com\/highway-vignette-europe\/it\/wp-json\/wp\/v2\/pages"}],"about":[{"href":"https:\/\/vignettego.com\/highway-vignette-europe\/it\/wp-json\/wp\/v2\/types\/page"}],"replies":[{"embeddable":true,"href":"https:\/\/vignettego.com\/highway-vignette-europe\/it\/wp-json\/wp\/v2\/comments?post=473"}],"version-history":[{"count":4,"href":"https:\/\/vignettego.com\/highway-vignette-europe\/it\/wp-json\/wp\/v2\/pages\/473\/revisions"}],"predecessor-version":[{"id":1383,"href":"https:\/\/vignettego.com\/highway-vignette-europe\/it\/wp-json\/wp\/v2\/pages\/473\/revisions\/1383"}],"wp:attachment":[{"href":"https:\/\/vignettego.com\/highway-vignette-europe\/it\/wp-json\/wp\/v2\/media?parent=473"}],"curies":[{"name":"wp","href":"https:\/\/api.w.org\/{rel}","templated":true}]}}