{"id":323,"date":"2026-01-04T01:13:10","date_gmt":"2026-01-04T01:13:10","guid":{"rendered":"https:\/\/vignettego.com\/highway-vignette-europe\/vignetta-autostradale-slovacchia-2026-guida-completa-dialnicna-znamka\/"},"modified":"2026-01-04T12:43:23","modified_gmt":"2026-01-04T12:43:23","slug":"vignetta-autostradale-slovacchia-2026-guida-completa-dialnicna-znamka","status":"publish","type":"page","link":"https:\/\/vignettego.com\/highway-vignette-europe\/it\/vignetta-autostradale-slovacchia-2026-guida-completa-dialnicna-znamka\/","title":{"rendered":"Vignetta autostradale slovacchia 2026: Guida completa Dia\u013eni\u010dn\u00e1 Zn\u00e1mka"},"content":{"rendered":"\n<script type=\"application\/ld+json\">{\n    \"@context\": \"https:\/\/schema.org\",\n    \"@graph\": [\n        {\n            \"@type\": \"Article\",\n            \"@id\": \"https:\/\/vignettego.com\/highway-vignette-europe\/slovakia-highway-vignette-guide\/#article\",\n            \"headline\": \"Slovakia Highway Vignette 2026: Complete E-Znamka Guide\",\n            \"description\": \"Everything about the Slovak E-Znamka system 2026: prices, validity, how to buy online, and essential tips for driving on Slovak motorways. Your complete guide to the electronic vignette.\",\n            \"image\": \"https:\/\/vignettego.com\/highway-vignette-europe\/wp-content\/uploads\/2026\/09\/Highway-Vignette-Europe.jpg\",\n            \"datePublished\": \"2026-01-04\",\n            \"dateModified\": \"2026-01-04\",\n            \"author\": {\"@type\": \"Organization\", \"name\": \"VignetteGo\", \"url\": \"https:\/\/vignettego.com\"},\n            \"publisher\": {\"@type\": \"Organization\", \"name\": \"VignetteGo\"},\n            \"mainEntityOfPage\": {\"@type\": \"WebPage\", \"@id\": \"https:\/\/vignettego.com\/highway-vignette-europe\/slovakia-highway-vignette-guide\/\"},\n            \"articleSection\": \"Highway Vignettes\",\n            \"keywords\": [\"Slovakia vignette\", \"E-Znamka\", \"Slovak motorway\", \"Bratislava driving\", \"High Tatras road trip\", \"Slovakia toll\"],\n            \"inLanguage\": \"en\",\n            \"speakable\": {\"@type\": \"SpeakableSpecification\", \"cssSelector\": [\".article-intro\", \"#faq-section\"]}\n        },\n        {\n            \"@type\": \"BreadcrumbList\",\n            \"itemListElement\": [\n                {\"@type\": \"ListItem\", \"position\": 1, \"name\": \"VignetteGo\", \"item\": \"https:\/\/vignettego.com\/\"},\n                {\"@type\": \"ListItem\", \"position\": 2, \"name\": \"Highway Vignette Europe\", \"item\": \"https:\/\/vignettego.com\/highway-vignette-europe\/\"},\n                {\"@type\": \"ListItem\", \"position\": 3, \"name\": \"Slovakia Guide\", \"item\": \"https:\/\/vignettego.com\/highway-vignette-europe\/slovakia-highway-vignette-guide\/\"}\n            ]\n        },\n        {\n            \"@type\": \"FAQPage\",\n            \"mainEntity\": [\n                {\"@type\": \"Question\", \"name\": \"How much does a Slovak E-Znamka cost?\", \"acceptedAnswer\": {\"@type\": \"Answer\", \"text\": \"For 2026, prices are approximately: 10-day vignette EUR 12, 30-day vignette EUR 17, and annual vignette EUR 60 for vehicles up to 3.5 tonnes. Prices may be adjusted annually.\"}},\n                {\"@type\": \"Question\", \"name\": \"Can I buy the Slovak E-Znamka online?\", \"acceptedAnswer\": {\"@type\": \"Answer\", \"text\": \"Yes, you can purchase the E-Znamka online at VignetteGo or the official Slovak eznamka.sk website. Registration is linked to your license plate, so no physical sticker is needed.\"}},\n                {\"@type\": \"Question\", \"name\": \"Do I need a vignette for all roads in Slovakia?\", \"acceptedAnswer\": {\"@type\": \"Answer\", \"text\": \"No, only motorways (dia\u013enice - D roads) and expressways (r\u00fdchlostn\u00e9 cesty - R roads) require a vignette. Regular national roads (cesty I., II., III. triedy) are free.\"}},\n                {\"@type\": \"Question\", \"name\": \"What if I drive without a vignette in Slovakia?\", \"acceptedAnswer\": {\"@type\": \"Answer\", \"text\": \"Fines for driving without a valid E-Znamka range from EUR 100 to EUR 500. Enforcement is done via cameras, so non-compliance is easily detected.\"}},\n                {\"@type\": \"Question\", \"name\": \"Is the Slovak vignette valid immediately after purchase?\", \"acceptedAnswer\": {\"@type\": \"Answer\", \"text\": \"Yes, the E-Znamka is valid immediately from the time of purchase, or you can select a future start date when buying online.\"}}\n            ]\n        }\n    ]\n}\n<\/script>\n\n<figure class=\"wp-block-image aligncenter size-large\"><img decoding=\"async\" src=\"https:\/\/vignettego.com\/highway-vignette-europe\/wp-content\/uploads\/2026\/09\/Highway-Vignette-Europe.jpg\" alt=\"Slovakia E-Znamka 2026 - Guida completa alla vignetta delle autostrade slovachche\" style=\"width:100%; height:auto; margin-bottom:20px;\"\/><\/figure>\n\n<p class=\"article-intro\">La Slovacchia \u00e8 un gioiello nascosto nell&#8217;Europa centrale, offrendo paesaggi montani spettacolari nelle Alte Tatra, affascinanti citt\u00e0 medievali come Bardejov e Levo\u010da, castelli misteriosi e eccellenti terme termali. Che tu stia transitando attraverso la Slovacchia verso Polonia, Ucraina o Ungheria, o esplorando questo splendido paese, avrai bisogno <strong>dell&#8217;E-Znamka (vignetta elettronica) slovacca<\/strong>. Questa guida copre tutto sul sistema di vignette slovacco per il 2026: prezzi, validit\u00e0, dove acquistare e consigli essenziali per guidare sulle autostrade slovacche.  <\/p>\n\n<div style=\"height:25px\" aria-hidden=\"true\" class=\"wp-block-spacer\"><\/div>\n\n<div class=\"wp-block-buttons is-content-justification-center is-layout-flex wp-container-core-buttons-is-layout-a89b3969 wp-block-buttons-is-layout-flex\">\n<div class=\"wp-block-button\"><a class=\"wp-block-button__link wp-element-button\" href=\"https:\/\/vignettego.com\/\" style=\"background-color:#0066cc;color:#ffffff;padding:15px 30px;font-size:18px;border-radius:8px;\">\ud83d\ude97 Procurati la tua E-Znamka Slovacca su VignetteGo<\/a><\/div>\n<\/div>\n\n<div style=\"height:25px\" aria-hidden=\"true\" class=\"wp-block-spacer\"><\/div>\n\n<h2 class=\"wp-block-heading\">\ud83c\uddf8\ud83c\uddf0 Cos&#8217;\u00e8 l&#8217;E-Znamka slovacco?<\/h2>\n\n<p>La Slovacchia \u00e8 passata dalle vignette adesive fisiche a un <strong>sistema completamente elettronico (E-Znamka)<\/strong> nel 2016. Niente pi\u00f9 vecchi adesivi dal parabrezza! L&#8217;E-Znamka \u00e8 collegata al numero di targa del tuo veicolo e registrata in un database centrale. I sistemi di telecamere lungo le autostrade verificano automaticamente lo stato della tua vignetta.   <\/p>\n\n<p>Il sistema \u00e8 gestito dalla <strong>Societ\u00e0 Nazionale delle Autostrade (NDS \u2013 N\u00e1rodn\u00e1 dia\u013eni\u010dn\u00e1 spolo\u010dnos\u0165).<\/strong> L&#8217;E-Znamka \u00e8 obbligatoria su tutte le autostrade (strade dia\u013enice &#8211; D) e su superstrade (r\u00fdchlostn\u00e9 cesty &#8211; strade R), ma non sulle strade nazionali ordinarie. <\/p>\n\n<h2 class=\"wp-block-heading\">\ud83d\udcb0 Prezzi E-Znamka 2026<\/h2>\n\n<p>La Slovacchia utilizza l&#8217;euro (EUR) come valuta, facilitando i pagamenti ai visitatori provenienti da altri paesi dell&#8217;Eurozona.<\/p>\n\n<figure class=\"wp-block-table\"><table><thead><tr><th>Tipo di vignetta<\/th><th>Veicoli fino a 3,5t<\/th><\/tr><\/thead><tbody><tr><td><strong>10 giorni<\/strong><\/td><td>EUR 12<\/td><\/tr><tr><td><strong>30 giorni<\/strong><\/td><td>EUR 17<\/td><\/tr><tr><td><strong>365 giorni (Annuale)<\/strong><\/td><td>EUR 60<\/td><\/tr><\/tbody><\/table><\/figure>\n\n<p><strong>Nota:<\/strong> I prezzi sono per veicoli fino a 3,5 tonnellate. I veicoli pi\u00f9 grandi rientrano nel sistema di pedaggio elettronico e pagano al chilometro. <\/p>\n\n<h2 class=\"wp-block-heading\">\ud83d\uded2 Dove acquistare l&#8217;E-Znamka Slovacco<\/h2>\n\n<h3 class=\"wp-block-heading\">Online (Consigliato)<\/h3>\n\n<p>Il modo pi\u00f9 semplice per acquistare \u00e8 online prima del viaggio:<\/p>\n\n<ul class=\"wp-block-list\">\n<li><strong><a href=\"https:\/\/vignettego.com\/\">VignetteGo<\/a><\/strong> \u2013 Acquisto rapido con conferma istantanea<\/li>\n<li>Sito ufficiale slovacco eznamka.sk<\/li>\n<\/ul>\n\n<p>Vantaggi dell&#8217;acquisto online: nessuna attesa alle stazioni di servizio di frontiera, attivazione istantanea, conferma digitale sul telefono, possibilit\u00e0 di selezionare la data di inizio futura.<\/p>\n\n<h3 class=\"wp-block-heading\">Punti Acquisto Fisici<\/h3>\n\n<ul class=\"wp-block-list\">\n<li>Stazioni di servizio (OMV, Shell, Slovnaft) in tutta la Slovacchia<\/li>\n<li>Punti di attraversamento di frontiera<\/li>\n<li>Uffici postali<\/li>\n<li>Centri di assistenza clienti NDS<\/li>\n<\/ul>\n\n<div style=\"height:25px\" aria-hidden=\"true\" class=\"wp-block-spacer\"><\/div>\n\n<div class=\"wp-block-buttons is-content-justification-center is-layout-flex wp-container-core-buttons-is-layout-a89b3969 wp-block-buttons-is-layout-flex\">\n<div class=\"wp-block-button\"><a class=\"wp-block-button__link wp-element-button\" href=\"https:\/\/vignettego.com\/\" style=\"background-color:#28a745;color:#ffffff;padding:15px 30px;font-size:18px;border-radius:8px;\">\u2705 Scopri vignette europee \u2013 8 paesi \u2013 su VignetteGo<\/a><\/div>\n<\/div>\n\n<div style=\"height:25px\" aria-hidden=\"true\" class=\"wp-block-spacer\"><\/div>\n\n<h2 class=\"wp-block-heading\">\ud83d\udee3\ufe0f Rete autostradale slovacca<\/h2>\n\n<p>La rete autostradale slovacca collega la capitale Bratislava alle principali citt\u00e0 e ai paesi vicini. La rete \u00e8 ancora in fase di espansione, in particolare la D1 fino a Ko\u0161ice. <\/p>\n\n<h3 class=\"wp-block-heading\">D1 \u2013 Bratislava a Ko\u0161ice (corridoio principale)<\/h3>\n\n<p>Il corridoio principale est-ovest collega <strong>Bratislava<\/strong> a <strong>Ko\u0161ice<\/strong>, passando per \u017dilina e la regione degli Alti Tatra. Questa \u00e8 la spina dorsale della rete autostradale slovacca. Nota: Alcune sezioni sono ancora in costruzione, richiedendo deviazioni tramite strade normali. Lunghezza totale al completamento: circa 450 km.   <\/p>\n\n<h3 class=\"wp-block-heading\">D2 \u2013 Bratislava al confine ceco<\/h3>\n\n<p>Collega Bratislava verso nord con la <strong>Repubblica Ceca<\/strong>, proseguendo verso Brno e Praga. Essenziale per i viaggiatori che arrivano o si dirigono verso <a href=\"https:\/\/vignettego.com\/highway-vignette-europe\/it\/vignetta-autostradale-della-repubblica-ceca-2026-la-guida-definitiva-di-e-znamka\/\">la Repubblica Ceca<\/a>. Lunghezza totale: circa 60 km.  <\/p>\n\n<h3 class=\"wp-block-heading\">D3 \u2013 \u017dilina al confine polacco<\/h3>\n\n<p>Collega \u017dilina al <strong>confine polacco a Skalit\u00e9<\/strong>, proseguendo fino a Cracovia. Rotta popolare per i viaggiatori verso il sud della Polonia. Lunghezza totale: circa 60 km.  <\/p>\n\n<h3 class=\"wp-block-heading\">D4 \u2013 Tangenziale di Bratislava<\/h3>\n\n<p>La tangenziale intorno a Bratislava, che collega la D1, la D2 e le strade verso Austria e Ungheria. Essenziale per evitare il traffico del centro di Bratislava. <\/p>\n\n<h3 class=\"wp-block-heading\">Autostrade R<\/h3>\n\n<p>La Slovacchia dispone anche di diverse autostrade (strade R) che richiedono una vignetta:<\/p>\n\n<ul class=\"wp-block-list\">\n<li><strong>R1:<\/strong> Trnava a Bansk\u00e1 Bystrica<\/li>\n<li><strong>R2:<\/strong> Tangenziale di Ko\u0161ice<\/li>\n<li><strong>R3:<\/strong> \u017dilina a Martin<\/li>\n<li><strong>R4:<\/strong> Ko\u0161ice al confine ungherese<\/li>\n<li><strong>R6:<\/strong> Belu\u0161a al confine ceco<\/li>\n<\/ul>\n\n<h2 class=\"wp-block-heading\">\ud83d\uddfa\ufe0f Rotte popolari attraverso la Slovacchia<\/h2>\n\n<h3 class=\"wp-block-heading\">Da Vienna a Bratislava<\/h3>\n\n<p><strong>Distanza:<\/strong> ~65 km | <strong>Durata:<\/strong> 45-60 minuti | <strong>Vignette necessarie:<\/strong> Austriaco + Slovacco<\/p>\n\n<p>Le due capitali sono sorprendentemente vicine\u2014una delle distanze capitale a capitale pi\u00f9 brevi d&#8217;Europa. La tangenziale D4 offre un collegamento diretto. <\/p>\n\n<h3 class=\"wp-block-heading\">Bratislava a Praga (tramite D2 e autostrade ceche)<\/h3>\n\n<p><strong>Distanza:<\/strong> ~330 km | <strong>Durata:<\/strong> 3,5-4 ore | <strong>Vignette necessarie:<\/strong> Slovacco + <a href=\"https:\/\/vignettego.com\/highway-vignette-europe\/it\/vignetta-autostradale-della-repubblica-ceca-2026-la-guida-definitiva-di-e-znamka\/\">Ceco<\/a><\/p>\n\n<p>Collegamento autostradale diretto tra le due capitali via Brno. Ottime condizioni stradali ovunque. <\/p>\n\n<h3 class=\"wp-block-heading\">Bratislava a Budapest (via Ungheria)<\/h3>\n\n<p><strong>Distanza:<\/strong> ~200 km | <strong>Durata:<\/strong> 2-2,5 ore | <strong>Vignette necessarie:<\/strong> E-Matrica slovacco + <a href=\"https:\/\/vignettego.com\/highway-vignette-europe\/it\/vignetta-autostradale-ungheria-2026-guida-completa\/\">ungherese<\/a><\/p>\n\n<p>Collegamento rapido tra le due capitali tramite la D2 e la M15\/M1 ungherese.<\/p>\n\n<h3 class=\"wp-block-heading\">Bratislava agli Alti Tatra (via D1)<\/h3>\n\n<p><strong>Distanza:<\/strong> ~330 km | <strong>Durata:<\/strong> 4-4,5 ore<\/p>\n\n<p>Nota: la D1 non \u00e8 ancora completamente completata, quindi aspettatevi alcune sezioni su strade normali. Ci attende paesaggi montani mozzafiato! <\/p>\n\n<h3 class=\"wp-block-heading\">Da Cracovia a Bratislava (passando per Polonia-Slovacchia)<\/h3>\n\n<p><strong>Distanza:<\/strong> ~300 km | <strong>Durata:<\/strong> 3,5-4 ore | <strong>Vignette necessarie:<\/strong> Slovacco (le autostrade polacche utilizzano pedaggio per chilometro)<\/p>\n\n<p>Attraverso la D3 attraverso \u017dilina, o tramite il valico di frontiera di Trsten\u00e1.<\/p>\n\n<div style=\"height:25px\" aria-hidden=\"true\" class=\"wp-block-spacer\"><\/div>\n\n<div class=\"wp-block-buttons is-content-justification-center is-layout-flex wp-container-core-buttons-is-layout-a89b3969 wp-block-buttons-is-layout-flex\">\n<div class=\"wp-block-button\"><a class=\"wp-block-button__link wp-element-button\" href=\"https:\/\/vignettego.com\/\" style=\"background-color:#ff6600;color:#ffffff;padding:15px 30px;font-size:18px;border-radius:8px;\">\ud83d\uded2 Ordina tutte le vignette europee su VignetteGo<\/a><\/div>\n<\/div>\n\n<div style=\"height:25px\" aria-hidden=\"true\" class=\"wp-block-spacer\"><\/div>\n\n<h2 class=\"wp-block-heading\">\u26a0\ufe0f Regole importanti dell&#8217;E-Znamka<\/h2>\n\n<h3 class=\"wp-block-heading\">Periodo di validit\u00e0<\/h3>\n\n<ul class=\"wp-block-list\">\n<li><strong>10 giorni:<\/strong> Valido per 10 giorni consecutivi dalla data di inizio selezionata<\/li>\n<li><strong>30 giorni:<\/strong> Valido per 30 giorni consecutivi dalla data di inizio selezionata<\/li>\n<li><strong>365 giorni:<\/strong> Valido per un anno dalla data di inizio selezionata<\/li>\n<\/ul>\n\n<h3 class=\"wp-block-heading\">Registrazione della targa<\/h3>\n\n<p>La E-Znamka \u00e8 registrata con <strong>il numero esatto di targa<\/strong> e <strong>il codice nazionale<\/strong>. Controlla due volte eventuali refusi quando acquisti! Gli errori richiedono l&#8217;acquisto di una nuova vignetta.  <\/p>\n\n<h3 class=\"wp-block-heading\">Multe per mancato rispetto<\/h3>\n\n<ul class=\"wp-block-list\">\n<li><strong>Multa standard:<\/strong> EUR 100 a EUR 500<\/li>\n<li><strong>Multa ridotta:<\/strong> Se pagato entro 15 giorni<\/li>\n<li>Applicazione tramite sistemi di telecamere automatiche (ANPR)<\/li>\n<\/ul>\n\n<h2 class=\"wp-block-heading\">\ud83d\udca1 Consigli di guida in Slovacchia per il 2026<\/h2>\n\n<h3 class=\"wp-block-heading\">Limiti di velocit\u00e0<\/h3>\n\n<ul class=\"wp-block-list\">\n<li><strong>Autostrade:<\/strong> 130 km\/h<\/li>\n<li><strong>Autostrade:<\/strong> 130 km\/h<\/li>\n<li><strong>Strade principali al di fuori delle aree urbane:<\/strong> 90 km\/h<\/li>\n<li><strong>Aree urbane:<\/strong> 50 km\/h<\/li>\n<\/ul>\n\n<h3 class=\"wp-block-heading\">Equipaggiamento Richiesto<\/h3>\n\n<ul class=\"wp-block-list\">\n<li>Triangolo di avvertimento<\/li>\n<li>Gilet riflettente<\/li>\n<li>Kit di pronto soccorso<\/li>\n<li><strong>Fari:<\/strong> Deve essere acceso in ogni momento durante la guida (giorno e notte)<\/li>\n<li><strong>Attrezzatura invernale:<\/strong> 15 novembre &#8211; 31 marzo sono necessari pneumatici invernali quando le condizioni lo richiedono<\/li>\n<\/ul>\n\n<h3 class=\"wp-block-heading\">Politica di tolleranza zero per l&#8217;alcol<\/h3>\n\n<p>La Slovacchia ha una politica di <strong>tolleranza zero<\/strong> per la guida in stato di ebbrezza. Il limite di alcol nel sangue \u00e8 dello 0,0%. Le sanzioni sono severe.  <\/p>\n\n<h2 class=\"wp-block-heading\" id=\"faq-section\">\u2753 Domande Frequenti<\/h2>\n\n<h3 class=\"wp-block-heading\">L&#8217;autostrada D1 \u00e8 completa?<\/h3>\n\n<p>No, alcuni tratti della D1 tra \u017dilina e Ko\u0161ice sono ancora in costruzione. Le app di navigazione ti indirizzeranno tramite strade alternative dove necessario. <\/p>\n\n<h3 class=\"wp-block-heading\">Ho bisogno di una vignetta per attraversare dall&#8217;Austria all&#8217;Ungheria passando per la Slovacchia?<\/h3>\n\n<p>S\u00ec, se usi le autostrade slovacche. Il percorso da Vienna a Budapest via Bratislava richiede una E-Znamka slovacca per il tratto slovacco. <\/p>\n\n<h3 class=\"wp-block-heading\">E il centro di Bratislava?<\/h3>\n\n<p>Non \u00e8 necessario il vignetto per le strade normali a Bratislava. Solo i tratti autostradali (D1, D2, D4) richiedono una vignetta. <\/p>\n\n<h3 class=\"wp-block-heading\">Posso usare strade normali per evitare di comprare una vignette?<\/h3>\n\n<p>S\u00ec, ma aumenta significativamente i tempi di viaggio, specialmente per viaggi lunghi. Ad esempio, Bratislava a \u017dilina richiede 2 ore sulla D1 contro 3,5+ ore su strade normali. <\/p>\n\n<div style=\"height:25px\" aria-hidden=\"true\" class=\"wp-block-spacer\"><\/div>\n\n<div class=\"wp-block-buttons is-content-justification-center is-layout-flex wp-container-core-buttons-is-layout-a89b3969 wp-block-buttons-is-layout-flex\">\n<div class=\"wp-block-button\"><a class=\"wp-block-button__link wp-element-button\" href=\"https:\/\/vignettego.com\/\" style=\"background-color:#e91e63;color:#ffffff;padding:15px 30px;font-size:18px;border-radius:8px;\">\ud83d\ude97 Acquista le tue vignette autostradali europee su VignetteGo \u2192<\/a><\/div>\n<\/div>\n\n<div style=\"height:25px\" aria-hidden=\"true\" class=\"wp-block-spacer\"><\/div>\n\n<h2 class=\"wp-block-heading\">\ud83c\udfd4\ufe0f Perch\u00e9 visitare la Slovacchia?<\/h2>\n\n<ul class=\"wp-block-list\">\n<li><strong>Tatra Alte:<\/strong> Le montagne pi\u00f9 piccole e alte del mondo\u2014paesaggi alpini spettacolari<\/li>\n<li><strong>Bratislava:<\/strong> Capitale affascinante con una vivace citt\u00e0 vecchia e riva del Danubio<\/li>\n<li><strong>Castello di Spi\u0161:<\/strong> Uno dei pi\u00f9 grandi complessi di castelli dell&#8217;Europa centrale (UNESCO)<\/li>\n<li><strong>Chiese in legno:<\/strong> Chiese in legno uniche inserite nell&#8217;UNESCO nella Slovacchia orientale<\/li>\n<li><strong>Spa Termali:<\/strong> Eccellenti localit\u00e0 termali come Pie\u0161\u0165any, Tren\u010dianske Teplice<\/li>\n<li><strong>Paradiso Slovacco:<\/strong> Splendido parco nazionale con gole, cascate e sentieri via ferrata<\/li>\n<li><strong>Paese vinicolo:<\/strong> Regioni vinicole poco conosciute, in particolare Tokaj a est<\/li>\n<\/ul>\n\n<h2 class=\"wp-block-heading\">\ud83d\udccd Conclusione<\/h2>\n\n<p>La Slovacchia offre una perfetta combinazione di bellezza naturale, ricca storia e fascino dell&#8217;Europa centrale. Il sistema E-Znamka \u00e8 semplice: acquista online prima del viaggio e goditi una guida senza problemi sulle autostrade slovacche. <\/p>\n\n<p>Per viaggi su strada in pi\u00f9 paesi, combina la tua E-Znamka slovacca con vignette per <a href=\"https:\/\/vignettego.com\/highway-vignette-europe\/it\/vignetta-autostradale-della-repubblica-ceca-2026-la-guida-definitiva-di-e-znamka\/\">Repubblica Ceca<\/a>, <a href=\"https:\/\/vignettego.com\/highway-vignette-europe\/it\/vignetta-autostradale-austria-2026-guida-completa\/\">Austria<\/a>, <a href=\"https:\/\/vignettego.com\/highway-vignette-europe\/it\/vignetta-autostradale-ungheria-2026-guida-completa\/\">Ungheria<\/a> e <a href=\"https:\/\/vignettego.com\/highway-vignette-europe\/it\/vignetta-autostradale-slovenia-2026-guida-completa\/\">Slovenia<\/a>. Raccogli tutte le tue vignette in un unico posto su <a href=\"https:\/\/vignettego.com\/\" title=\"VignetteGo - vignette europee sulle autostrade\">VignetteGo<\/a>. <\/p>\n\n<p><strong>Goditi la Slovacchia! \ud83c\uddf8\ud83c\uddf0\ud83c\udfd4\ufe0f <\/strong><\/p>\n\n<p><strong>Guide correlate:<\/strong> <a href=\"https:\/\/vignettego.com\/highway-vignette-europe\/it\/vignetta-autostradale-della-repubblica-ceca-2026-la-guida-definitiva-di-e-znamka\/\">Czech E-Znamka<\/a> | <a href=\"https:\/\/vignettego.com\/highway-vignette-europe\/it\/vignetta-autostradale-ungheria-2026-guida-completa\/\">Ungheria E-Matrica<\/a> | <a href=\"https:\/\/vignettego.com\/\">Tutte le vignette europee<\/a><\/p>\n","protected":false},"excerpt":{"rendered":"<p>La Slovacchia \u00e8 un gioiello nascosto nell&#8217;Europa centrale, offrendo paesaggi montani spettacolari nelle Alte Tatra, affascinanti citt\u00e0 medievali come Bardejov e Levo\u010da, castelli misteriosi e eccellenti terme termali. Che tu stia transitando attraverso la Slovacchia verso Polonia, Ucraina o Ungheria, o esplorando questo splendido paese, avrai bisogno dell&#8217;E-Znamka (vignetta elettronica) slovacca. Questa guida copre tutto [&hellip;]<\/p>\n","protected":false},"author":0,"featured_media":0,"parent":0,"menu_order":0,"comment_status":"closed","ping_status":"closed","template":"","meta":{"footnotes":""},"class_list":["post-323","page","type-page","status-publish","hentry"],"_links":{"self":[{"href":"https:\/\/vignettego.com\/highway-vignette-europe\/it\/wp-json\/wp\/v2\/pages\/323","targetHints":{"allow":["GET"]}}],"collection":[{"href":"https:\/\/vignettego.com\/highway-vignette-europe\/it\/wp-json\/wp\/v2\/pages"}],"about":[{"href":"https:\/\/vignettego.com\/highway-vignette-europe\/it\/wp-json\/wp\/v2\/types\/page"}],"replies":[{"embeddable":true,"href":"https:\/\/vignettego.com\/highway-vignette-europe\/it\/wp-json\/wp\/v2\/comments?post=323"}],"version-history":[{"count":4,"href":"https:\/\/vignettego.com\/highway-vignette-europe\/it\/wp-json\/wp\/v2\/pages\/323\/revisions"}],"predecessor-version":[{"id":1407,"href":"https:\/\/vignettego.com\/highway-vignette-europe\/it\/wp-json\/wp\/v2\/pages\/323\/revisions\/1407"}],"wp:attachment":[{"href":"https:\/\/vignettego.com\/highway-vignette-europe\/it\/wp-json\/wp\/v2\/media?parent=323"}],"curies":[{"name":"wp","href":"https:\/\/api.w.org\/{rel}","templated":true}]}}