{"id":214,"date":"2025-09-30T22:27:07","date_gmt":"2025-09-30T22:27:07","guid":{"rendered":"https:\/\/vignettego.com\/highway-vignette-europe\/vignetta-autostradale-svizzera-la-guida-completa\/"},"modified":"2025-09-30T23:11:39","modified_gmt":"2025-09-30T23:11:39","slug":"vignetta-autostradale-svizzera-la-guida-completa","status":"publish","type":"page","link":"https:\/\/vignettego.com\/highway-vignette-europe\/it\/vignetta-autostradale-svizzera-la-guida-completa\/","title":{"rendered":"Vignetta autostradale svizzera: La guida completa"},"content":{"rendered":"\n<p><strong>Guidare attraverso la Svizzera \u00e8 una delle esperienze stradali pi\u00f9 mozzafiato d&#8217;Europa<\/strong>.  <\/p>\n\n<p>Il paese \u00e8 famoso per le sue strade immacolate, gli impressionanti tunnel e i paesaggi alpini che rendono ogni viaggio indimenticabile.  <\/p>\n\n<p>Ma prima di metterti in viaggio su un&#8217;autostrada svizzera, c&#8217;\u00e8 un requisito essenziale che devi conoscere: la <strong>\n  <a href=\"https:\/\/vignettego.com\/\" data-type=\"link\" data-id=\"https:\/\/vignettego.com\/\">bollo autostradale svizzero<\/a>\n<\/strong>.<\/p>\n\n<div style=\"height:40px\" aria-hidden=\"true\" class=\"wp-block-spacer\"><\/div>\n\n<div class=\"wp-block-buttons is-content-justification-center is-layout-flex wp-container-core-buttons-is-layout-a89b3969 wp-block-buttons-is-layout-flex\">\n<div class=\"wp-block-button\"><a class=\"wp-block-button__link has-text-align-center wp-element-button\" href=\"https:\/\/vignettego.com\/\">Vignetta Svizzera Veloce<\/a><\/div>\n<\/div>\n\n<div style=\"height:40px\" aria-hidden=\"true\" class=\"wp-block-spacer\"><\/div>\n\n<p>Questa guida completa ti spiega tutto quello che devi sapere sul sistema di pedaggio autostradale svizzero: come funziona la vignetta, quanto costa, dove acquistarla, come evitare le multe e consigli utili per rendere il tuo viaggio tranquillo e senza stress.  <\/p>\n\n<p>Sia che tu stia pianificando un viaggio in auto attraverso l&#8217;Europa, sia che tu stia semplicemente passando per la <strong>Svizzera<\/strong> mentre ti dirigi verso l&#8217;Italia o la Francia, conoscere il sistema dei bolli ti far\u00e0 risparmiare tempo, denaro e potenziali grattacapi.<\/p>\n\n<h2 class=\"wp-block-heading\">Cos&#8217;\u00e8 la vignetta autostradale svizzera?<\/h2>\n\n<p><strong>La vignetta autostradale svizzera \u00e8 un pass obbligatorio per tutti i veicoli fino a 3,5 tonnellate, tra cui automobili, furgoni, motociclette e camper, che utilizzano le autostrade<em>(Autobahnen<\/em>) e le superstrade<em>(Autostrassen<\/em>) svizzere.  <\/strong><\/p>\n\n<p>A differenza di molti paesi europei che applicano pedaggi in base alla distanza percorsa o a specifici tratti stradali, la Svizzera utilizza un semplice sistema di <strong>\n  <em>sistema di bollo annuale<\/em>\n<\/strong>. Una volta acquistata, la vignetta consente di viaggiare illimitatamente sulla rete autostradale del paese per tutta la durata della sua validit\u00e0. <\/p>\n\n<p>Il sistema \u00e8 semplice: se intendi guidare su un&#8217;autostrada, anche per un breve tratto, devi avere una <a href=\"https:\/\/vignettego.com\/\">vignetta<\/a> valida. La mancata esposizione del bollino pu\u00f2 comportare multe salate. <\/p>\n\n<h3 class=\"wp-block-heading\">Fatti chiave in sintesi<\/h3>\n\n<ul class=\"wp-block-list\">\n<li>Obbligatorio per tutti i veicoli fino a 3,5 tonnellate che utilizzano le autostrade o le superstrade.<\/li>\n\n\n\n<li>Valido per l&#8217;intera rete autostradale svizzera &#8211; una vignetta copre tutti i percorsi<\/li>\n\n\n\n<li>Canone annuo forfettario invece di pedaggi per chilometro<\/li>\n\n\n\n<li>I veicoli di peso superiore a 3,5 tonnellate sono soggetti a una tassa separata per i veicoli pesanti (LSVA).<\/li>\n<\/ul>\n\n<h2 class=\"wp-block-heading\">Prezzo del bollo svizzero per il 2026<\/h2>\n\n<p>Il sistema di pedaggio della Svizzera \u00e8 di una semplicit\u00e0 rinfrescante. Esiste un solo tipo di <em>vignetta<\/em> per i veicoli privati, valida per un anno intero: <\/p>\n\n<figure class=\"wp-block-table\"><table class=\"has-fixed-layout\"><thead><tr><th>Tipo di veicolo<\/th><th>Prezzo<\/th><th>Validit\u00e0<\/th><\/tr><\/thead><tbody><tr><td>Auto, furgoni, camper (\u2264 3,5 tonnellate)<\/td><td>CHF 40 (circa \u20ac 42)<\/td><td>1 anno solare (dal 1\u00b0 dicembre al 31 gennaio dell&#8217;anno successivo)<\/td><\/tr><tr><td>Motociclette<\/td><td>CHF 40 (circa \u20ac 42)<\/td><td>1 anno solare (dal 1\u00b0 dicembre al 31 gennaio dell&#8217;anno successivo)<\/td><\/tr><\/tbody><\/table><\/figure>\n\n<p>Non esistono opzioni a breve termine, come i pass di 7 giorni o 1 mese. Anche se entri nel paese per un solo giorno, dovrai acquistare la <a href=\"https:\/\/vignettego.com\/\">vignetta<\/a> annuale.   <\/p>\n\n<p>Sebbene questo possa sembrare costoso per visite brevi, diventa un valore eccellente se pianifichi pi\u00f9 viaggi o un soggiorno prolungato.<\/p>\n\n<div style=\"height:40px\" aria-hidden=\"true\" class=\"wp-block-spacer\"><\/div>\n\n<h2 class=\"wp-block-heading\">Dove e come acquistare la Vignetta Svizzera<\/h2>\n\n<p>Puoi acquistare la tua <strong>\n  <em>\n    <a href=\"https:\/\/vignettego.com\/\">bollino autostradale svizzero<\/a>\n  <\/em>\n<\/strong> in due modi principali: come vignetta fisica tradizionale o come vignetta digitale collegata alla targa del tuo veicolo. Entrambe le opzioni sono valide e legalmente riconosciute. <\/p>\n\n<h3 class=\"wp-block-heading\">1. Vignetta fisica adesiva<\/h3>\n\n<p>Il bollo tradizionale \u00e8 un piccolo adesivo da applicare al parabrezza del veicolo. Rimane un&#8217;opzione popolare per molti automobilisti ed \u00e8 ampiamente disponibile in tutta Europa. <\/p>\n\n<p><strong>Dove acquistare la vignetta adesiva:<\/strong><\/p>\n\n<ul class=\"wp-block-list\">\n<li>Ai valichi di frontiera e agli uffici doganali svizzeri<\/li>\n\n\n\n<li>Presso le stazioni di servizio vicino al confine svizzero (in Germania, Austria, Italia, Francia)<\/li>\n\n\n\n<li>Presso gli uffici postali e le organizzazioni automobilistiche svizzere<\/li>\n\n\n\n<li>Da club automobilistici come ADAC o \u00d6AMTC<\/li>\n<\/ul>\n\n<div style=\"height:40px\" aria-hidden=\"true\" class=\"wp-block-spacer\"><\/div>\n\n<div class=\"wp-block-buttons is-content-justification-center is-layout-flex wp-container-core-buttons-is-layout-a89b3969 wp-block-buttons-is-layout-flex\">\n<div class=\"wp-block-button\"><a class=\"wp-block-button__link wp-element-button\" href=\"https:\/\/vignettego.com\/\">VignetteGO &#8211; ottieni Vignette rapidamente<\/a><\/div>\n<\/div>\n\n<div style=\"height:40px\" aria-hidden=\"true\" class=\"wp-block-spacer\"><\/div>\n\n<p><strong>Come applicarla:<\/strong> Stacca lo strato protettivo e attacca la vignetta all&#8217;interno del parabrezza, preferibilmente nell&#8217;angolo in alto a sinistra o dietro lo specchietto retrovisore. Una volta rimosso, l&#8217;adesivo non pu\u00f2 essere riutilizzato o trasferito su un altro veicolo. <\/p>\n\n<h3 class=\"wp-block-heading\">2. Vignetta digitale (consigliata)<\/h3>\n\n<p>Dal 2023 la Svizzera offre l&#8217;opzione del <a href=\"https:\/\/vignettego.com\/\">bollo digitale<\/a>. Questa versione \u00e8 collegata alla tua targa ed elimina la necessit\u00e0 di un bollino fisico. Si tratta di una soluzione conveniente, soprattutto per chi cambia spesso veicolo o vuole evitare il fastidio di applicare e rimuovere l&#8217;adesivo.  <\/p>\n\n<p><strong>Vantaggi del bollo digitale:<\/strong><\/p>\n\n<ul class=\"wp-block-list\">\n<li>Acquisto online facile e veloce: completa il processo in pochi minuti<\/li>\n\n\n\n<li>Non c&#8217;\u00e8 bisogno di attaccare o rimuovere nulla dal parabrezza<\/li>\n\n\n\n<li>Pu\u00f2 essere facilmente aggiornato se cambi il parabrezza o la targa.<\/li>\n\n\n\n<li>Sono disponibili opzioni di rinnovo automatico<\/li>\n<\/ul>\n\n<p><strong>Dove acquistarlo online:<\/strong> Uno dei modi pi\u00f9 semplici \u00e8 attraverso la piattaforma ufficiale svizzera o attraverso fornitori online di fiducia. Se vuoi risparmiare tempo ed evitare le code alla frontiera, puoi <a href=\"https:\/\/vignettego.com\/\" target=\"_blank\" rel=\"noreferrer noopener\">acquistare la tua vignetta svizzera online qui in<\/a> pochi minuti. <\/p>\n\n<p><a href=\"https:\/\/vignettego.com\/\" target=\"_blank\" rel=\"noreferrer noopener\">Acquista ora la tua vignetta svizzera online<\/a><\/p>\n\n<div style=\"height:40px\" aria-hidden=\"true\" class=\"wp-block-spacer\"><\/div>\n\n<h2 class=\"wp-block-heading\">Fisico o digitale: Quale scegliere?<\/h2>\n\n<p><strong>Entrambe le opzioni forniscono lo stesso diritto legale di utilizzare le autostrade svizzere, ma la vignetta digitale \u00e8 sempre pi\u00f9 popolare per la sua convenienza.  <\/strong><\/p>\n\n<p>Se noleggi un&#8217;auto in Svizzera, quasi sempre \u00e8 inclusa una vignetta. Tuttavia, se noleggi all&#8217;estero e intendi guidare in Svizzera, verifica che il veicolo ne sia gi\u00e0 provvisto: nella maggior parte dei casi non \u00e8 cos\u00ec. <\/p>\n\n<p>Se apprezzi la flessibilit\u00e0 e la semplicit\u00e0, il bollo digitale \u00e8 la scelta migliore. D&#8217;altra parte, se preferisci acquistarlo sul posto o non vuoi inserire i dati della tua targa online, la versione fisica rimane un&#8217;opzione sicura. <\/p>\n\n<h2 class=\"wp-block-heading\">Periodo di validit\u00e0 e rinnovo<\/h2>\n\n<p>Un altro vantaggio del sistema svizzero \u00e8 il suo generoso periodo di validit\u00e0. Ogni bollo \u00e8 valido per 14 mesi, non solo per 12. Questo significa che puoi usarla per due inverni o due estati se pianifichi bene i tuoi viaggi.  <\/p>\n\n<ul class=\"wp-block-list\">\n<li><strong>Data di inizio:<\/strong> 1 dicembre dell&#8217;anno precedente<\/li>\n\n\n\n<li><strong>Data di scadenza:<\/strong> 31 gennaio dell&#8217;anno successivo<\/li>\n<\/ul>\n\n<p>Ad esempio, il bollo 2026 \u00e8 valido dal 1\u00b0 dicembre 2024 al 31 gennaio 2026. Se lo acquisti in anticipo, ottieni due mesi in pi\u00f9 senza costi aggiuntivi. <\/p>\n\n<div style=\"height:40px\" aria-hidden=\"true\" class=\"wp-block-spacer\"><\/div>\n\n<div class=\"wp-block-buttons is-content-justification-center is-layout-flex wp-container-core-buttons-is-layout-a89b3969 wp-block-buttons-is-layout-flex\">\n<div class=\"wp-block-button\"><a class=\"wp-block-button__link wp-element-button\" href=\"https:\/\/vignettego.com\/\">Vignette elettroniche autostradali<\/a><\/div>\n<\/div>\n\n<div style=\"height:40px\" aria-hidden=\"true\" class=\"wp-block-spacer\"><\/div>\n\n<h2 class=\"wp-block-heading\">I conducenti stranieri hanno bisogno di una vignetta?<\/h2>\n\n<p><strong>S\u00ec. L&#8217;obbligo del bollo si applica a tutti i veicoli, indipendentemente dal luogo di immatricolazione.   <\/strong><\/p>\n\n<p>Se entri in Svizzera da un paese confinante, devi acquistare una vignetta prima o subito dopo l&#8217;ingresso nella rete autostradale. La polizia controlla spesso i veicoli in prossimit\u00e0 dei valichi di frontiera, delle entrate in autostrada e delle aree di sosta. <\/p>\n\n<p>Anche se stai semplicemente transitando in Svizzera per un&#8217;ora, ne hai comunque bisogno. Non vale la pena rischiare di guidare senza vignetta: le multe sono salate e l&#8217;applicazione della legge \u00e8 severa. <\/p>\n\n<p><a href=\"https:\/\/vignettego.com\/\" target=\"_blank\" rel=\"noreferrer noopener\">Acquista la Vignetta Svizzera in pochi minuti<\/a><\/p>\n\n<div style=\"height:39px\" aria-hidden=\"true\" class=\"wp-block-spacer\"><\/div>\n\n<h2 class=\"wp-block-heading\">Multe e sanzioni per guida senza bollo<\/h2>\n\n<p><strong>Guidare sulle autostrade svizzere senza una vignetta valida \u00e8 considerata un&#8217;infrazione grave.  <\/strong><\/p>\n\n<p>Le autorit\u00e0 applicano rigorosamente l&#8217;obbligo del bollo e le multe sono elevate per scoraggiare l&#8217;inosservanza. Se vieni fermato dalla polizia o sorpreso durante un&#8217;ispezione stradale senza bollo, dovrai affrontare: <\/p>\n\n<ul class=\"wp-block-list\">\n<li>Una multa standard di <strong>200 franchi svizzeri<\/strong> (circa 210 euro)<\/li>\n\n\n\n<li>Obbligo immediato di <a href=\"https:\/\/vignettego.com\/\">acquistare una vignetta<\/a> sul posto<\/li>\n<\/ul>\n\n<p>Non c&#8217;\u00e8 un periodo di tolleranza e non ci sono eccezioni. L&#8217;obbligo inizia nel momento in cui entri in un&#8217;autostrada o in una superstrada. Anche se guidi per un solo chilometro senza vignetta, sei tenuto a pagare l&#8217;intera multa.    <\/p>\n\n<p>Vale la pena notare che le multe vengono emesse non solo ai valichi di frontiera ma anche all&#8217;interno del paese, dove i controlli stradali casuali sono frequenti.<\/p>\n\n<p>Poich\u00e9 il costo del bollo \u00e8 cos\u00ec basso rispetto alla sanzione, \u00e8 sempre pi\u00f9 saggio acquistarlo in anticipo. Acquistare online prima del viaggio \u00e8 il modo pi\u00f9 semplice per evitare problemi inutili. <\/p>\n\n<p><a href=\"https:\/\/vignettego.com\/\" target=\"_blank\" rel=\"noreferrer noopener\">Acquista il tuo bollo svizzero ed evita le multe<\/a><\/p>\n\n<div style=\"height:40px\" aria-hidden=\"true\" class=\"wp-block-spacer\"><\/div>\n\n<h2 class=\"wp-block-heading\">Pedaggi speciali ed eccezioni<\/h2>\n\n<p><strong>Sebbene la vignetta da 40 franchi copra quasi tutta la rete autostradale svizzera, ci sono alcuni tunnel e percorsi di montagna che prevedono un pedaggio aggiuntivo.  <\/strong><\/p>\n\n<p>In genere si tratta di progetti infrastrutturali lunghi e costosi che richiedono spese di manutenzione separate.<\/p>\n\n<figure class=\"wp-block-table\"><table class=\"has-fixed-layout\"><thead><tr><th>Percorso \/ Tunnel<\/th><th>Pedaggio aggiuntivo<\/th><th>Note<\/th><\/tr><\/thead><tbody><tr><td>Tunnel del Gran San Bernardo (confine italiano)<\/td><td>~CHF 30<\/td><td>Pagabile al casello o online<\/td><\/tr><tr><td>Tunnel di Munt la Schera (verso Livigno, Italia)<\/td><td>~CHF 15-30<\/td><td>Strada stagionale, il pedaggio varia a seconda del periodo dell&#8217;anno<\/td><\/tr><tr><td>Passo di San Bernardino<\/td><td>Incluso<\/td><td>Nessun pedaggio aggiuntivo, ma dipende dal tempo<\/td><\/tr><\/tbody><\/table><\/figure>\n\n<p>I veicoli di peso superiore a 3,5 tonnellate, come camper, camion o autobus, sono soggetti alla <strong>tassa sui veicoli pesanti (LSVA)<\/strong>. Questa tassa viene calcolata in base alla distanza, al peso e alla categoria di emissioni e di solito viene pagata separatamente tramite le aziende di trasporto o presso gli uffici doganali. <\/p>\n\n<div style=\"height:40px\" aria-hidden=\"true\" class=\"wp-block-spacer\"><\/div>\n\n<div class=\"wp-block-buttons is-content-justification-center is-layout-flex wp-container-core-buttons-is-layout-a89b3969 wp-block-buttons-is-layout-flex\">\n<div class=\"wp-block-button\"><a class=\"wp-block-button__link wp-element-button\">Il servizio di bollo elettronico pi\u00f9 affidabile d&#8217;Europa<\/a><\/div>\n<\/div>\n\n<div style=\"height:40px\" aria-hidden=\"true\" class=\"wp-block-spacer\"><\/div>\n\n<h2 class=\"wp-block-heading\">Consigli di guida per la Svizzera<\/h2>\n\n<p><strong>La Svizzera \u00e8 nota per il suo severo codice della strada e per le sue infrastrutture ben curate.  <\/strong><\/p>\n\n<p>Osservare le regole non solo ti mantiene al sicuro, ma ti aiuta anche a evitare costose multe. Ecco alcuni consigli utili prima di metterti in viaggio: <\/p>\n\n<ul class=\"wp-block-list\">\n<li><strong>Limiti di velocit\u00e0:<\/strong> 120 km\/h sulle autostrade, 100 km\/h sulle strade a doppia carreggiata, 80 km\/h sulle strade rurali, 50 km\/h nelle citt\u00e0.<\/li>\n\n\n\n<li><strong>Pneumatici invernali:<\/strong> non sono obbligatori per legge ma sono altamente consigliati da novembre a marzo, soprattutto nelle regioni montuose.<\/li>\n\n\n\n<li><strong>Luci:<\/strong> I fari anabbaglianti sono obbligatori durante il giorno.<\/li>\n\n\n\n<li><strong>Telefoni cellulari:<\/strong> L&#8217;uso di un telefono senza vivavoce \u00e8 illegale ed \u00e8 soggetto a multe salate.<\/li>\n\n\n\n<li><strong>Limite di alcol:<\/strong> 0,5\u2030 (pi\u00f9 basso per i neopatentati e i conducenti professionisti).<\/li>\n\n\n\n<li><strong>Parcheggio:<\/strong> Le regole per il parcheggio sono rigorosamente applicate. Utilizza sempre gli spazi contrassegnati e presta attenzione ai limiti di tempo. <\/li>\n<\/ul>\n\n<p>La Svizzera offre anche alcune delle strade pi\u00f9 panoramiche d&#8217;Europa, come il Passo della Furka, il Passo del Gottardo e la Strada del Bernina.  <\/p>\n\n<p>Sebbene queste strade non richiedano la vignetta se non fanno parte della rete autostradale, spesso chiudono in inverno a causa della neve, quindi controlla sempre le condizioni stagionali prima di partire.<\/p>\n\n<div style=\"height:40px\" aria-hidden=\"true\" class=\"wp-block-spacer\"><\/div>\n\n<h2 class=\"wp-block-heading\">Strategie alternative per viaggi brevi<\/h2>\n\n<p>Se hai intenzione di transitare per la Svizzera e ritieni che 40 franchi svizzeri siano troppi per un viaggio breve, ci sono alcune alternative, anche se ognuna di esse comporta degli svantaggi:<\/p>\n\n<ul class=\"wp-block-list\">\n<li><strong>Usa le strade non autostradali:<\/strong> Le strade contrassegnate da cartelli blu sono gratuite, ma sono pi\u00f9 lente e spesso attraversano citt\u00e0 e villaggi.<\/li>\n\n\n\n<li><strong>Park and ride:<\/strong> Parcheggia la tua auto vicino al confine e raggiungi la Svizzera in treno. La rete ferroviaria svizzera \u00e8 veloce, affidabile e copre anche le pi\u00f9 remote citt\u00e0 di montagna. <\/li>\n\n\n\n<li><strong>Rendilo parte di un viaggio:<\/strong> Se paghi comunque la vignetta, pianifica delle soste in citt\u00e0 svizzere o in attrazioni naturali per ottenere pi\u00f9 valore dalla tua visita.<\/li>\n<\/ul>\n\n<p>In definitiva, la vignetta da 40 CHF \u00e8 un piccolo prezzo per l&#8217;accesso illimitato a una delle migliori reti stradali del mondo. Per la maggior parte dei viaggiatori, l&#8217;investimento vale la pena. <\/p>\n\n<div style=\"height:40px\" aria-hidden=\"true\" class=\"wp-block-spacer\"><\/div>\n\n<h2 class=\"wp-block-heading\">Domande frequenti (FAQ)<\/h2>\n\n<h3 class=\"wp-block-heading\">Ho bisogno di un bollo se guido solo su strade secondarie?<\/h3>\n\n<p>La vignetta \u00e8 necessaria solo per le autostrade e le superstrade, che sono indicate da cartelli verdi con numeri bianchi. Le strade contrassegnate da cartelli blu sono percorribili senza vignetta.  <\/p>\n\n<h3 class=\"wp-block-heading\">Posso trasferire il mio bollo su un altro veicolo?<\/h3>\n\n<p>Sia il bollo fisico che quello digitale sono legati a un veicolo specifico. I bolli fisici vengono distrutti quando vengono rimossi, mentre quelli digitali sono legati alla targa inserita al momento dell&#8217;acquisto.  <\/p>\n\n<h3 class=\"wp-block-heading\">Cosa succede se cambio la targa?<\/h3>\n\n<p>Se hai un bollo digitale, di solito puoi aggiornare i dati di registrazione online. Per un bollo fisico, dovrai acquistarne uno nuovo. <\/p>\n\n<h3 class=\"wp-block-heading\">Le auto a noleggio in Svizzera sono gi\u00e0 dotate di bollo?<\/h3>\n\n<p>La maggior parte delle auto a noleggio ritirate in Svizzera include una vignetta nel prezzo. Tuttavia, i veicoli noleggiati fuori dalla Svizzera di solito non lo fanno. Verifica sempre in anticipo con la societ\u00e0 di noleggio.  <\/p>\n\n<h3 class=\"wp-block-heading\">La Svizzera offre vignette a breve termine per i turisti?<\/h3>\n\n<p>A differenza di Austria e Slovenia, la Svizzera offre solo una vignetta annuale. Anche se ti rechi in visita per un solo giorno, devi acquistare il pass annuale.  <\/p>\n\n<div style=\"height:40px\" aria-hidden=\"true\" class=\"wp-block-spacer\"><\/div>\n\n<h2 class=\"wp-block-heading\">Pensieri finali: Un piccolo investimento per un&#8217;esperienza di guida premium<\/h2>\n\n<p>La vignetta autostradale svizzera \u00e8 uno dei sistemi di pedaggio pi\u00f9 semplici ed economici d&#8217;Europa. Con un costo forfettario di 40 CHF all&#8217;anno, puoi accedere senza limiti a una rete stradale sicura, veloce e panoramica.   <\/p>\n\n<p>La comodit\u00e0 di non doversi fermare ai caselli e la qualit\u00e0 delle infrastrutture svizzere ne fanno una parte essenziale di qualsiasi viaggio in auto nella regione.<\/p>\n\n<p>Che tu stia esplorando pittoreschi villaggi alpini, guidando verso stazioni sciistiche di livello mondiale o semplicemente attraversando il paese come parte di un viaggio europeo pi\u00f9 ampio, il bollo ti offre tranquillit\u00e0 e un&#8217;esperienza senza problemi.  <\/p>\n\n<p><strong>Non rischiare multe o ritardi: ottieni la tua vignetta prima di partire e goditi le strade della Svizzera nel modo in cui sono state concepite.<\/strong><\/p>\n\n<p><a href=\"https:\/\/vignettego.com\/\" target=\"_blank\" rel=\"noreferrer noopener\">Acquista oggi stesso la tua vignetta svizzera online<\/a><\/p>\n\n<p>Acquista la tua vignetta autostradale ufficiale svizzera online su <a href=\"https:\/\/vignettego.com\/\" target=\"_blank\" rel=\"noreferrer noopener\">VignetteGo<\/a> e sarai pronto a partire in pochi minuti.<\/p>\n\n<div style=\"height:40px\" aria-hidden=\"true\" class=\"wp-block-spacer\"><\/div>\n\n<div class=\"wp-block-buttons is-content-justification-center is-layout-flex wp-container-core-buttons-is-layout-a89b3969 wp-block-buttons-is-layout-flex\">\n<div class=\"wp-block-button\"><a class=\"wp-block-button__link wp-element-button\" href=\"https:\/\/vignettego.com\/\">Prova VignetteGO.com<\/a><\/div>\n<\/div>\n\n<div style=\"height:40px\" aria-hidden=\"true\" class=\"wp-block-spacer\"><\/div>\n\n<p><strong>TAGS:<\/strong><\/p>\n\n<p class=\"has-medium-font-size\">Bollino autostradale svizzero, Pedaggio autostradale Svizzera, Acquistare il bollino svizzero online, Tassa di circolazione svizzera 2026, Guida alla guida in Svizzera, Passaggio autostradale Svizzera, <a href=\"https:\/\/vignettego.com\/\">Bollino<\/a> autostradale svizzero, Spiegazione delle strade a pedaggio svizzere, Consigli per il viaggio in auto in Svizzera, Viaggio in auto in Svizzera, Regole di guida Svizzera, Costo del bollino svizzero, Dove acquistare il bollino svizzero, Evitare le multe del bollino svizzero, Rete autostradale svizzera, Bollino annuale Svizzera, Permesso autostradale svizzero, Viaggiare in auto in Svizzera<\/p>\n\n<p><\/p>\n","protected":false},"excerpt":{"rendered":"<p>Guidare attraverso la Svizzera \u00e8 una delle esperienze stradali pi\u00f9 mozzafiato d&#8217;Europa. Il paese \u00e8 famoso per le sue strade immacolate, gli impressionanti tunnel e i paesaggi alpini che rendono ogni viaggio indimenticabile. Ma prima di metterti in viaggio su un&#8217;autostrada svizzera, c&#8217;\u00e8 un requisito essenziale che devi conoscere: la bollo autostradale svizzero . Questa [&hellip;]<\/p>\n","protected":false},"author":1,"featured_media":87,"parent":0,"menu_order":0,"comment_status":"closed","ping_status":"closed","template":"","meta":{"footnotes":""},"class_list":["post-214","page","type-page","status-publish","has-post-thumbnail","hentry"],"_links":{"self":[{"href":"https:\/\/vignettego.com\/highway-vignette-europe\/it\/wp-json\/wp\/v2\/pages\/214","targetHints":{"allow":["GET"]}}],"collection":[{"href":"https:\/\/vignettego.com\/highway-vignette-europe\/it\/wp-json\/wp\/v2\/pages"}],"about":[{"href":"https:\/\/vignettego.com\/highway-vignette-europe\/it\/wp-json\/wp\/v2\/types\/page"}],"author":[{"embeddable":true,"href":"https:\/\/vignettego.com\/highway-vignette-europe\/it\/wp-json\/wp\/v2\/users\/1"}],"replies":[{"embeddable":true,"href":"https:\/\/vignettego.com\/highway-vignette-europe\/it\/wp-json\/wp\/v2\/comments?post=214"}],"version-history":[{"count":1,"href":"https:\/\/vignettego.com\/highway-vignette-europe\/it\/wp-json\/wp\/v2\/pages\/214\/revisions"}],"predecessor-version":[{"id":215,"href":"https:\/\/vignettego.com\/highway-vignette-europe\/it\/wp-json\/wp\/v2\/pages\/214\/revisions\/215"}],"wp:featuredmedia":[{"embeddable":true,"href":"https:\/\/vignettego.com\/highway-vignette-europe\/it\/wp-json\/wp\/v2\/media\/87"}],"wp:attachment":[{"href":"https:\/\/vignettego.com\/highway-vignette-europe\/it\/wp-json\/wp\/v2\/media?parent=214"}],"curies":[{"name":"wp","href":"https:\/\/api.w.org\/{rel}","templated":true}]}}