{"id":438,"date":"2026-01-04T01:38:57","date_gmt":"2026-01-04T01:38:57","guid":{"rendered":"https:\/\/vignettego.com\/highway-vignette-europe\/horvat-autopalya-vignette-2026-teljes-enc-es-digitalis-dijuti-utmutato\/"},"modified":"2026-01-04T12:44:04","modified_gmt":"2026-01-04T12:44:04","slug":"horvat-autopalya-vignette-2026-teljes-enc-es-digitalis-dijuti-utmutato","status":"publish","type":"page","link":"https:\/\/vignettego.com\/highway-vignette-europe\/hu\/horvat-autopalya-vignette-2026-teljes-enc-es-digitalis-dijuti-utmutato\/","title":{"rendered":"Horv\u00e1t Aut\u00f3p\u00e1lya Vignette 2026: Teljes ENC \u00e9s digit\u00e1lis d\u00edj\u00fati \u00fatmutat\u00f3"},"content":{"rendered":"\n<script type=\"application\/ld+json\">{\n    \"@context\": \"https:\/\/schema.org\",\n    \"@graph\": [\n        {\n            \"@type\": \"Article\",\n            \"@id\": \"https:\/\/vignettego.com\/highway-vignette-europe\/croatia-highway-vignette-guide\/#article\",\n            \"headline\": \"Croatia Highway Vignette 2026: Complete ENC & Digital Toll Guide\",\n            \"description\": \"Everything about Croatian highway tolls, ENC electronic system, and digital vignette options. Learn about toll prices, the stunning A1 coastal motorway, and how to reach Dubrovnik, Split, and other destinations.\",\n            \"image\": \"https:\/\/vignettego.com\/highway-vignette-europe\/wp-content\/uploads\/2026\/09\/Highway-Vignette-Europe.jpg\",\n            \"datePublished\": \"2026-01-04\",\n            \"dateModified\": \"2026-01-04\",\n            \"author\": {\"@type\": \"Organization\", \"name\": \"VignetteGo\", \"url\": \"https:\/\/vignettego.com\"},\n            \"publisher\": {\"@type\": \"Organization\", \"name\": \"VignetteGo\"},\n            \"mainEntityOfPage\": {\"@type\": \"WebPage\", \"@id\": \"https:\/\/vignettego.com\/highway-vignette-europe\/croatia-highway-vignette-guide\/\"},\n            \"articleSection\": \"Highway Vignettes\",\n            \"keywords\": [\"Croatia toll\", \"Croatia highway\", \"ENC Croatia\", \"Croatian motorway\", \"A1 Croatia\", \"Dubrovnik road trip\", \"Split highway\"],\n            \"inLanguage\": \"en\",\n            \"speakable\": {\"@type\": \"SpeakableSpecification\", \"cssSelector\": [\".article-intro\", \"#faq-section\"]}\n        },\n        {\n            \"@type\": \"BreadcrumbList\",\n            \"itemListElement\": [\n                {\"@type\": \"ListItem\", \"position\": 1, \"name\": \"VignetteGo\", \"item\": \"https:\/\/vignettego.com\/\"},\n                {\"@type\": \"ListItem\", \"position\": 2, \"name\": \"Highway Vignette Europe\", \"item\": \"https:\/\/vignettego.com\/highway-vignette-europe\/\"},\n                {\"@type\": \"ListItem\", \"position\": 3, \"name\": \"Croatia Guide\", \"item\": \"https:\/\/vignettego.com\/highway-vignette-europe\/croatia-highway-vignette-guide\/\"}\n            ]\n        },\n        {\n            \"@type\": \"FAQPage\",\n            \"mainEntity\": [\n                {\"@type\": \"Question\", \"name\": \"Does Croatia use vignettes or toll booths?\", \"acceptedAnswer\": {\"@type\": \"Answer\", \"text\": \"Croatia traditionally uses a distance-based toll system with toll booths, but now also offers digital vignette options (E-Vinjeta) for certain sections. Many visitors use a combination of both or the ENC electronic device.\"}},\n                {\"@type\": \"Question\", \"name\": \"How much does the Croatian motorway toll cost?\", \"acceptedAnswer\": {\"@type\": \"Answer\", \"text\": \"Croatian tolls are distance-based. Zagreb to Split costs approximately EUR 25, Zagreb to Rijeka about EUR 8, and Split to Dubrovnik around EUR 12. The A1 motorway to the coast is the main toll route.\"}},\n                {\"@type\": \"Question\", \"name\": \"What is the ENC system in Croatia?\", \"acceptedAnswer\": {\"@type\": \"Answer\", \"text\": \"ENC (Elektroni\u010dka Naplata Cestarine) is Croatia electronic toll collection device. It provides faster passage through dedicated ENC lanes and often offers discounts. Available at toll plazas and service areas.\"}},\n                {\"@type\": \"Question\", \"name\": \"Can I pay Croatian tolls with credit card?\", \"acceptedAnswer\": {\"@type\": \"Answer\", \"text\": \"Yes, credit and debit cards are accepted at Croatian toll booths. Cash payment in EUR is also widely accepted since Croatia adopted the Euro in January 2023.\"}},\n                {\"@type\": \"Question\", \"name\": \"Is there a digital vignette for Croatia?\", \"acceptedAnswer\": {\"@type\": \"Answer\", \"text\": \"Yes, Croatia now offers E-Vinjeta (electronic vignettes) for certain motorway sections, providing an alternative to traditional toll booth payment. These can be purchased online.\"}}\n            ]\n        }\n    ]\n}\n<\/script>\n\n<figure class=\"wp-block-image aligncenter size-large\"><img decoding=\"async\" src=\"https:\/\/vignettego.com\/highway-vignette-europe\/wp-content\/uploads\/2026\/09\/Highway-Vignette-Europe.jpg\" alt=\"Horv&#xE1;t aut&#xF3;p&#xE1;lya d&#xED;j 2026 &#x2013; Teljes &#xFA;tmutat&#xF3; a horv&#xE1;t aut&#xF3;p&#xE1;lya-d&#xED;jrendszerhez\" style=\"width:100%; height:auto; margin-bottom:20px;\"\/><\/figure>\n\n<p class=\"article-intro\">Horv\u00e1torsz\u00e1g Eur\u00f3pa egyik legn\u00e9pszer\u0171bb ny\u00e1ri \u00fati c\u00e9lpontja, h\u00edres leny\u0171g\u00f6z\u0151 Adriai-tengeri partvid\u00e9k\u00e9r\u0151l, krist\u00e1lytiszta vizeir\u0151l, t\u00f6rt\u00e9nelmi v\u00e1rosair\u00f3l, mint Dubrovnik \u00e9s Split, valamint gy\u00f6ny\u00f6r\u0171 szigeteir\u0151l. Horv\u00e1torsz\u00e1gba aut\u00f3zva hihetetlen lehet\u0151s\u00e9geket nyit meg \u2013 a Dubrovnik \u0151si falait\u00f3l a Zr\u0107e bulitenger\u00e9szeteiig, a Plitvice-tavak v\u00edzes\u00e9seit\u0151l a b\u00e1jos Isztri\u00e1ig. Ez az \u00fatmutat\u00f3 mindent elmagyar\u00e1z a horv\u00e1torsz\u00e1gi aut\u00f3p\u00e1lya-d\u00edjrendszerr\u0151l 2026-ban, bele\u00e9rtve az <strong>ENC elektronikus rendszert<\/strong>, <strong>a digit\u00e1lis vignetta opci\u00f3kat<\/strong> \u00e9s a horv\u00e1t aut\u00f3s utaz\u00e1shoz sz\u00fcks\u00e9ges gyakorlati tippeket.  <\/p>\n\n<div style=\"height:25px\" aria-hidden=\"true\" class=\"wp-block-spacer\"><\/div>\n\n<div class=\"wp-block-buttons is-content-justification-center is-layout-flex wp-container-core-buttons-is-layout-a89b3969 wp-block-buttons-is-layout-flex\">\n<div class=\"wp-block-button\"><a class=\"wp-block-button__link wp-element-button\" href=\"https:\/\/vignettego.com\/\" style=\"background-color:#0066cc;color:#ffffff;padding:15px 30px;font-size:18px;border-radius:8px;\">\ud83d\ude97 Szerezze meg horv\u00e1t digit\u00e1lis vignettj\u00e9t a VignetteGo-n<\/a><\/div>\n<\/div>\n\n<div style=\"height:25px\" aria-hidden=\"true\" class=\"wp-block-spacer\"><\/div>\n\n<h2 class=\"wp-block-heading\">\ud83c\udded\ud83c\uddf7 Horv\u00e1t d\u00edjrendszer magyar\u00e1zata<\/h2>\n\n<p>Ellent\u00e9tben a legt\u00f6bb k\u00f6z\u00e9p-eur\u00f3pai orsz\u00e1ggal, amely id\u0151alap\u00fa vignett\u00e1kat haszn\u00e1l, Horv\u00e1torsz\u00e1g hagyom\u00e1nyosan <strong>t\u00e1vols\u00e1gi d\u00edjrendszert<\/strong> m\u0171k\u00f6dtet fizikai fizet\u0151f\u00fclk\u00e9kkel. Jegyet kell felvenni az aut\u00f3p\u00e1ly\u00e1ra val\u00f3 bel\u00e9p\u00e9skor, \u00e9s a kil\u00e9p\u00e9skor megtett t\u00e1vols\u00e1g alapj\u00e1n fizetsz. Ugyanakkor Horv\u00e1torsz\u00e1g ma m\u00e1r <strong>digit\u00e1lis vigneta (E-Vinjeta)<\/strong> opci\u00f3kat is k\u00edn\u00e1l bizonyos aut\u00f3p\u00e1lya-szakaszokra, ami nagyobb rugalmass\u00e1got biztos\u00edt az utaz\u00f3k sz\u00e1m\u00e1ra.  <\/p>\n\n<p>A horv\u00e1t aut\u00f3p\u00e1lya-h\u00e1l\u00f3zatot a <strong>HAC (Hrvatske Autoceste)<\/strong> \u00e9s <strong>az AZM (Autocesta Zagreb-Macelj)<\/strong> kezeli. 2023 janu\u00e1rj\u00e1t\u00f3l Horv\u00e1torsz\u00e1g elfogadta az <strong>eur\u00f3t (EUR)<\/strong> valut\u00e1jak\u00e9nt, megk\u00f6nny\u00edtve az EU l\u00e1togat\u00f3inak a fizet\u00e9seket. <\/p>\n\n<h2 class=\"wp-block-heading\">\ud83d\udccb Horv\u00e1t \u00fatd\u00edjfizet\u00e9si lehet\u0151s\u00e9gek<\/h2>\n\n<h3 class=\"wp-block-heading\">1. lehet\u0151s\u00e9g: Hagyom\u00e1nyos fizet\u0151f\u00fclk\u00e9k (a leggyakoribbak)<\/h3>\n\n<p>Vegy\u00e9l jegyet a bej\u00e1ratn\u00e1l, fizess a kij\u00e1ratn\u00e1l. Elfogadott fizet\u00e9s: <\/p>\n\n<ul class=\"wp-block-list\">\n<li><strong>K\u00e9szp\u00e9nz:<\/strong> EUR (m\u00e1r nincs sz\u00fcks\u00e9g horv\u00e1t kun\u00e1ra)<\/li>\n<li><strong>Hitelk\u00e1rty\u00e1k:<\/strong> A Visa, a Mastercard sz\u00e9les k\u00f6rben elfogadott<\/li>\n<li><strong>ENC eszk\u00f6z:<\/strong> Elektronikus fizet\u00e9s (l\u00e1sd lent)<\/li>\n<\/ul>\n\n<h3 class=\"wp-block-heading\">2. lehet\u0151s\u00e9g: ENC elektronikus eszk\u00f6z<\/h3>\n\n<p><strong>Az ENC (Elektroni\u010dka Naplata Cestarine)<\/strong> horv\u00e1t elektronikus d\u00edjbeszed\u00e9si rendszer. El\u0151ny\u00f6k: <\/p>\n\n<ul class=\"wp-block-list\">\n<li>Gyorsabb \u00e1thalad\u00e1s dedik\u00e1lt ENC s\u00e1vokon<\/li>\n<li>Lehets\u00e9ges kedvezm\u00e9nyek az \u00fatd\u00edjakon<\/li>\n<li>Nem kell meg\u00e1llni a fizet\u0151s \u00e1rusokhoz<\/li>\n<li>Fizet\u0151 pontokon \u00e9s szolg\u00e1ltat\u00e1si ter\u00fcleteken v\u00e1s\u00e1rolhat\u00f3k<\/li>\n<\/ul>\n\n<p>Az ENC eszk\u00f6z kis el\u0151legbe ker\u00fcl, \u00e9s hitellel is felt\u00f6lthet\u0151. Gyakori l\u00e1togat\u00f3knak er\u0151sen aj\u00e1nlott. <\/p>\n\n<h3 class=\"wp-block-heading\">3. lehet\u0151s\u00e9g: Digit\u00e1lis vignette (E-Vinjeta)<\/h3>\n\n<p>Horv\u00e1torsz\u00e1g ma m\u00e1r bizonyos aut\u00f3p\u00e1lyaszakaszokra <strong>k\u00edn\u00e1l E-Vinjet\u00e1t<\/strong> (elektronikus vignett\u00e1k), \u00edgy teljesen elker\u00fclhet\u0151 a fizet\u0151f\u00fclk\u00e9k. El\u00e9rhet\u0151 a <a href=\"https:\/\/vignettego.com\/\" title=\"Horv&#xE1;t digit&#xE1;lis vignette\">VignetteGo<\/a> oldalon. <\/p>\n\n<div style=\"height:25px\" aria-hidden=\"true\" class=\"wp-block-spacer\"><\/div>\n\n<div class=\"wp-block-buttons is-content-justification-center is-layout-flex wp-container-core-buttons-is-layout-a89b3969 wp-block-buttons-is-layout-flex\">\n<div class=\"wp-block-button\"><a class=\"wp-block-button__link wp-element-button\" href=\"https:\/\/vignettego.com\/\" style=\"background-color:#28a745;color:#ffffff;padding:15px 30px;font-size:18px;border-radius:8px;\">\u2705 Szerezz eur\u00f3pai vignette-eket \u2013 minden orsz\u00e1g \u2013 a VignetteGo-n<\/a><\/div>\n<\/div>\n\n<div style=\"height:25px\" aria-hidden=\"true\" class=\"wp-block-spacer\"><\/div>\n\n<h2 class=\"wp-block-heading\">\ud83d\udcb0 Horv\u00e1t aut\u00f3p\u00e1lya d\u00edj\u00e1rak 2026<\/h2>\n\n<p>A horv\u00e1t d\u00edjak t\u00e1vols\u00e1gon alapulnak, \u00edgy az \u00e1r az \u00fatvonal\u00e1t\u00f3l f\u00fcgg. \u00cdme a k\u00f6zvet\u00edt\u0151 \u00e1rak a gyakori \u00fatvonalakra (I. kateg\u00f3ria \u2013 hagyom\u00e1nyos aut\u00f3k): <\/p>\n\n<figure class=\"wp-block-table\"><table><thead><tr><th>\u00datvonal<\/th><th>T\u00e1vols\u00e1g<\/th><th>K\u00f6r\u00fclbel\u00fcl d\u00edj <\/th><\/tr><\/thead><tbody><tr><td><strong>Z\u00e1gr\u00e1b \u2013 Sz\u00e9tv\u00e1l\u00e1s<\/strong><\/td><td>~400 km<\/td><td>~EUR 25<\/td><\/tr><tr><td><strong>Z\u00e1gr\u00e1b \u2013 Rijeka<\/strong><\/td><td>~170 km<\/td><td>~EUR 8<\/td><\/tr><tr><td><strong>Zagreb \u2013 Zadar<\/strong><\/td><td>~280 km<\/td><td>~EUR 17<\/td><\/tr><tr><td><strong>Split \u2013 Dubrovnik<\/strong><\/td><td>~220 km<\/td><td>~EUR 12<\/td><\/tr><tr><td><strong>Zagreb \u2013 Dubrovnik<\/strong><\/td><td>~600 km<\/td><td>~EUR 35<\/td><\/tr><tr><td><strong>Ljubljana \u2013 Z\u00e1gr\u00e1b<\/strong><\/td><td>~140 km<\/td><td>~EUR 7<\/td><\/tr><\/tbody><\/table><\/figure>\n\n<p><strong>Megjegyz\u00e9s:<\/strong> Az \u00e1rak jeleznek. A t\u00e9nyleges d\u00edjak kiss\u00e9 elt\u00e9rhetnek a bel\u00e9p\u00e9si\/kil\u00e9p\u00e9si pontokt\u00f3l \u00e9s j\u00e1rm\u0171kateg\u00f3ri\u00e1t\u00f3l f\u00fcgg\u0151en. <\/p>\n\n<h2 class=\"wp-block-heading\">\ud83d\udee3\ufe0f Horv\u00e1t aut\u00f3p\u00e1lya-h\u00e1l\u00f3zat<\/h2>\n\n<p>Horv\u00e1torsz\u00e1g kiv\u00e1l\u00f3 aut\u00f3p\u00e1lya-h\u00e1l\u00f3zattal rendelkezik, amely \u00f6sszek\u00f6ti a nagyv\u00e1rosokat \u00e9s a partvid\u00e9ket. \u00cdme a f\u0151 \u00fatvonalak: <\/p>\n\n<h3 class=\"wp-block-heading\">A1 \u2013 A dalm\u00e1ciai aut\u00f3p\u00e1lya<\/h3>\n\n<p>Ez a legfontosabb turisztikai \u00fatvonal, amely <strong>\u00f6sszek\u00f6ti Z\u00e1gr\u00e1bot Splittel, \u00e9s folytat\u00f3dik Dubrovnik<\/strong> fel\u00e9. Ez a leny\u0171g\u00f6z\u0151 aut\u00f3p\u00e1lya p\u00e1rhuzamosan halad az Adriai-tenger partj\u00e1val, hozz\u00e1f\u00e9r\u00e9st biztos\u00edtva minden jelent\u0151s tengerparti c\u00e9lhoz. Teljes hossz: k\u00f6r\u00fclbel\u00fcl 550 km. Sz\u00e1mos leny\u0171g\u00f6z\u0151 hidat \u00e9s alag\u00fatat tartalmaz a din\u00e1ri-Alpokon kereszt\u00fcl.   <\/p>\n\n<h3 class=\"wp-block-heading\">A2 \u2013 Z\u00e1gr\u00e1bt\u00f3l Maceljig (Szlov\u00e9nia hat\u00e1ra)<\/h3>\n\n<p>\u00d6sszek\u00f6ti Z\u00e1gr\u00e1bot Szlov\u00e9ni\u00e1val, folytatja Ljubljan\u00e1ig \u00e9s azon t\u00fal. Ez a f\u0151 \u00fatvonal a k\u00f6z\u00e9p-eur\u00f3pai utaz\u00f3k sz\u00e1m\u00e1ra. Hossz: k\u00f6r\u00fclbel\u00fcl 60 km Horv\u00e1torsz\u00e1gban.  <\/p>\n\n<h3 class=\"wp-block-heading\">A3 \u2013 Bregana \u00e9s Lipovac k\u00f6z\u00f6tt<\/h3>\n\n<p>Kelet-nyugati \u00fatvonal, amely \u00f6sszek\u00f6ti a szlov\u00e9n hat\u00e1rt (Bregana) Z\u00e1gr\u00e1b\u00e1n kereszt\u00fcl a szerb hat\u00e1rhoz (Lipovac). Az eur\u00f3pai E70-es folyos\u00f3 r\u00e9sze. Hossz: k\u00f6r\u00fclbel\u00fcl 300 km.  <\/p>\n\n<h3 class=\"wp-block-heading\">A4 \u2013 Z\u00e1gr\u00e1bt\u00f3l Gori\u010danig (Magyarorsz\u00e1g hat\u00e1ra)<\/h3>\n\n<p>\u00d6sszek\u00f6ti Z\u00e1gr\u00e1bot Magyarorsz\u00e1ggal, amely a Budapestr\u0151l \u00e9rkez\u0151 utaz\u00f3k f\u0151 \u00fatvonala. Hossz: k\u00f6r\u00fclbel\u00fcl 97 km. <\/p>\n\n<h3 class=\"wp-block-heading\">A6 \u2013 Rijeka elker\u00fcl\u0151 \u00fat<\/h3>\n\n<p>\u00d6sszek\u00f6ti az A1-et Bosiljev\u00f3n\u00e1l Rijek\u00e1val \u00e9s az Isztria-f\u00e9lszigettel. Elengedhetetlen ahhoz, hogy Isztri\u00e1ba Z\u00e1gr\u00e1bb\u00f3l eljusson. <\/p>\n\n<h3 class=\"wp-block-heading\">A7\/A8\/A9 \u2013 Isztriai Y<\/h3>\n\n<p>Az isztriai f\u00e9lszigetet kiszolg\u00e1l\u00f3 aut\u00f3p\u00e1lya-h\u00e1l\u00f3zat, amely \u00f6sszek\u00f6ti Rijek\u00e1t Pul\u00e1val \u00e9s m\u00e1s isztriai c\u00e9lokkal. \u00c1ltal\u00e1ban alacsonyabb a forgalom, mint az A1-en. <\/p>\n\n<div style=\"height:25px\" aria-hidden=\"true\" class=\"wp-block-spacer\"><\/div>\n\n<div class=\"wp-block-buttons is-content-justification-center is-layout-flex wp-container-core-buttons-is-layout-a89b3969 wp-block-buttons-is-layout-flex\">\n<div class=\"wp-block-button\"><a class=\"wp-block-button__link wp-element-button\" href=\"https:\/\/vignettego.com\/\" style=\"background-color:#ff6600;color:#ffffff;padding:15px 30px;font-size:18px;border-radius:8px;\">\ud83d\uded2 Szerezd meg eur\u00f3pai vignetteidet most a VignetteGo-n<\/a><\/div>\n<\/div>\n\n<div style=\"height:25px\" aria-hidden=\"true\" class=\"wp-block-spacer\"><\/div>\n\n<h2 class=\"wp-block-heading\">\ud83d\uddfa\ufe0f N\u00e9pszer\u0171 horv\u00e1t aut\u00f3s utak<\/h2>\n\n<h3 class=\"wp-block-heading\">Z\u00e1gr\u00e1bt\u00f3l Splitig (A1 Dalmatian aut\u00f3p\u00e1lya)<\/h3>\n\n<p><strong>T\u00e1vols\u00e1g:<\/strong> ~400 km | <strong>Id\u0151tartam:<\/strong> 4-4,5 \u00f3ra | <strong>D\u00edj:<\/strong> ~EUR 25<\/p>\n\n<p>A klasszikus horv\u00e1t aut\u00f3s \u00fatvonal. Az A1-es egy modern, j\u00f3l karbantartott aut\u00f3p\u00e1lya, kiv\u00e1l\u00f3 szolg\u00e1ltat\u00e1si ter\u00fcletekkel. Fontold meg a Plitvice-tavak Nemzeti Parkban (a Gornja Plo\u010da kij\u00e1rat\u00e1n) \u2013 Horv\u00e1torsz\u00e1g egyik legszebb term\u00e9szeti l\u00e1tv\u00e1nyoss\u00e1ga.  <\/p>\n\n<h3 class=\"wp-block-heading\">Z\u00e1gr\u00e1bt\u00f3l Dubrovnikig<\/h3>\n\n<p><strong>T\u00e1vols\u00e1g:<\/strong> ~600 km | <strong>Id\u0151tartam:<\/strong> 5,5-6 \u00f3ra | <strong>D\u00edj:<\/strong> ~EUR 35<\/p>\n\n<p>A v\u00e9gs\u0151 horv\u00e1t aut\u00f3s utaz\u00e1s, amely a leny\u0171g\u00f6z\u0151, fallal k\u00f6r\u00fclvett Dubrovnik v\u00e1ros\u00e1ban \u00e9r v\u00e9get. Fontos megjegyezni, hogy ez az \u00fatvonal r\u00f6vid ideig \u00e1thalad <strong>Bosznia-Hercegovin\u00e1n<\/strong> a Neum folyos\u00f3n (d\u00edj n\u00e9lk\u00fcl, de \u00fatlevelet kell vinni). Alternat\u00edvak\u00e9nt a Pelje\u0161ac-h\u00eddon kereszt\u00fcl v\u00e9gigsz\u00e1llhatsz, hogy teljes eg\u00e9sz\u00e9ben Horv\u00e1torsz\u00e1gban maradj.  <\/p>\n\n<h3 class=\"wp-block-heading\">Ljubljana (Szlov\u00e9nia) \u00e9s Z\u00e1gr\u00e1b k\u00f6z\u00f6tt<\/h3>\n\n<p><strong>T\u00e1vols\u00e1g:<\/strong> ~140 km | <strong>Id\u0151tartam:<\/strong> 1,5-2 \u00f3ra | <strong>D\u00edj:<\/strong> ~EUR 7 (Horv\u00e1torsz\u00e1g) + szlov\u00e9n vignette<\/p>\n\n<p>Ez a f\u0151 \u00fatvonal K\u00f6z\u00e9p-Eur\u00f3p\u00e1b\u00f3l. Az \u00fat szlov\u00e9n r\u00e9sz\u00e9hez <a href=\"https:\/\/vignettego.com\/highway-vignette-europe\/hu\/szlovenia-autopalya-vignette-2026-teljes-e-vinjeta-utmutato\/\">szlov\u00e9n E-Vinjet\u00e1ra<\/a> lesz sz\u00fcks\u00e9ged. <\/p>\n\n<h3 class=\"wp-block-heading\">Isztriai partvid\u00e9ki t\u00fara<\/h3>\n\n<p><strong>\u00datvonal:<\/strong> Rijeka \u2192 Opatija \u2192 Pula \u2192 Rovinj \u2192 Pore\u010d \u2192 vissza Rijek\u00e1ba<\/p>\n\n<p>Fedezd fel a gy\u00f6ny\u00f6r\u0171 Isztriai f\u00e9lszigetet, olasz hat\u00e1s\u00fa konyh\u00e1j\u00e1val, dombtet\u0151 falvaival \u00e9s b\u00e1jos tengerparti v\u00e1rosaival. Kev\u00e9sb\u00e9 zs\u00fafolt, mint a dalmatf\u00f6ldi partvid\u00e9ken. <\/p>\n\n<h2 class=\"wp-block-heading\">\ud83d\udca1 Horv\u00e1torsz\u00e1g vezet\u00e9si tippek 2026-ra<\/h2>\n\n<h3 class=\"wp-block-heading\">Valuta<\/h3>\n\n<p>2023 janu\u00e1rj\u00e1t\u00f3l Horv\u00e1torsz\u00e1g az <strong>Euro (EUR)<\/strong> rendszert haszn\u00e1lja. Nem kell p\u00e9nzt cser\u00e9lni, ha egy m\u00e1sik eur\u00f3z\u00f3na orsz\u00e1gb\u00f3l j\u00f6ssz. A hitelk\u00e1rty\u00e1kat sz\u00e9les k\u00f6rben elfogadj\u00e1k.  <\/p>\n\n<h3 class=\"wp-block-heading\">Sebess\u00e9gkorl\u00e1toz\u00e1sok<\/h3>\n\n<ul class=\"wp-block-list\">\n<li><strong>Aut\u00f3p\u00e1ly\u00e1k:<\/strong> 130 km\/h<\/li>\n<li><strong>Orsz\u00e1gos utak:<\/strong> 90 km\/h<\/li>\n<li><strong>V\u00e1rosi ter\u00fcletek:<\/strong> 50 km\/h<\/li>\n<\/ul>\n\n<h3 class=\"wp-block-heading\">Ny\u00e1ri forgalom<\/h3>\n\n<p><strong>Figyelem:<\/strong> Az A1-es \u00fat a part fel\u00e9 j\u00faliusban \u00e9s augusztusban <strong>rendk\u00edv\u00fcl nagy forgalmat<\/strong> tapasztal, k\u00fcl\u00f6n\u00f6sen szombatonk\u00e9nt (a heti b\u00e9rl\u00e9s \u00e1t\u00e1ll\u00e1s\u00e1nak napja). Kor\u00e1n reggel vagy k\u00e9s\u0151 este utazzzat, hogy elker\u00fcld a legrosszabb torl\u00f3d\u00e1st. <\/p>\n\n<h3 class=\"wp-block-heading\">Sz\u00fcks\u00e9ges felszerel\u00e9s<\/h3>\n\n<ul class=\"wp-block-list\">\n<li>Figyelmeztet\u0151 h\u00e1romsz\u00f6g<\/li>\n<li>T\u00fckr\u00f6z\u0151 mell\u00e9ny<\/li>\n<li>Els\u0151seg\u00e9lycsomag<\/li>\n<li>A f\u00e9nysz\u00f3r\u00f3k vezet\u00e9s k\u00f6zben folyamatosan \u00e9gve vannak<\/li>\n<\/ul>\n\n<h2 class=\"wp-block-heading\" id=\"faq-section\">\u2753 Gyakran Ism\u00e9telt K\u00e9rd\u00e9sek<\/h2>\n\n<h3 class=\"wp-block-heading\">Sz\u00fcks\u00e9gem van egy vignette-re, vagy fizetnem a horv\u00e1torsz\u00e1gi d\u00edjfizet\u0151kn\u00e9l?<\/h3>\n\n<p>B\u00e1rmelyik rendszert haszn\u00e1lhatod. A hagyom\u00e1nyos fizet\u0151f\u00fclk\u00e9k t\u00e1vols\u00e1gi alap\u00fa fizet\u00e9si alapon m\u0171k\u00f6dnek. Alternat\u00edvak\u00e9nt digit\u00e1lis vignett\u00e1k (E-Vinjeta) is el\u00e9rhet\u0151k bizonyos szakaszokhoz.  <\/p>\n\n<h3 class=\"wp-block-heading\">Vezethetek Dubrovnikba an\u00e9lk\u00fcl, hogy elhagyn\u00e1m Horv\u00e1torsz\u00e1got?<\/h3>\n\n<p>Igen! A Pelje\u0161ac-h\u00edd 2022-es megnyit\u00e1sa \u00f3ta m\u00e1r Splitb\u0151l Dubrovnikba aut\u00f3zhat an\u00e9lk\u00fcl, hogy \u00e1tkellene l\u00e9pni a Bosznia-Hercegovina Neum folyos\u00f3n. <\/p>\n\n<h3 class=\"wp-block-heading\">Meg\u00e9ri az ENC eszk\u00f6z?<\/h3>\n\n<p>Gyakori l\u00e1togat\u00f3knak, vagy azoknak, akik t\u00f6bb h\u00e9tig maradnak, igen. Egyetlen utaz\u00e1shoz a fizet\u0151f\u00fclk\u00e9k vagy digit\u00e1lis vignettek praktikusabbak. <\/p>\n\n<div style=\"height:25px\" aria-hidden=\"true\" class=\"wp-block-spacer\"><\/div>\n\n<div class=\"wp-block-buttons is-content-justification-center is-layout-flex wp-container-core-buttons-is-layout-a89b3969 wp-block-buttons-is-layout-flex\">\n<div class=\"wp-block-button\"><a class=\"wp-block-button__link wp-element-button\" href=\"https:\/\/vignettego.com\/\" style=\"background-color:#e91e63;color:#ffffff;padding:15px 30px;font-size:18px;border-radius:8px;\">\ud83d\ude97 Szerezd meg eur\u00f3pai aut\u00f3p\u00e1lya-k\u00e9peidet a Vignette-en: VignetteGo \u2192<\/a><\/div>\n<\/div>\n\n<div style=\"height:25px\" aria-hidden=\"true\" class=\"wp-block-spacer\"><\/div>\n\n<h2 class=\"wp-block-heading\">\ud83c\udfd6\ufe0f Mi\u00e9rt l\u00e1togatjuk meg Horv\u00e1torsz\u00e1got?<\/h2>\n\n<ul class=\"wp-block-list\">\n<li><strong>Leny\u0171g\u00f6z\u0151 partvonal:<\/strong> T\u00f6bb mint 1000 sziget \u00e9s krist\u00e1lytiszta adriai-tengeri vizek<\/li>\n<li><strong>T\u00f6rt\u00e9nelmi v\u00e1rosok:<\/strong> Dubrovnik, Split, Zadar \u2013 UNESCO Vil\u00e1g\u00f6r\u00f6ks\u00e9gi helysz\u00ednei<\/li>\n<li><strong>Tr\u00f3nok harca helysz\u00ednei:<\/strong> Dubrovnik Kir\u00e1lyv\u00e1rk\u00e9nt szolg\u00e1lt<\/li>\n<li><strong>Plitvice-tavak:<\/strong> Leny\u0171g\u00f6z\u0151 nemzeti park zuhan\u00e1sszer\u0171 v\u00edzes\u00e9sekkel<\/li>\n<li><strong>Isztria:<\/strong> Olasz hat\u00e1s\u00fa konyha, szarvasgomba vad\u00e1szat, hegytet\u0151 falvak<\/li>\n<li><strong>Bulijelenet:<\/strong> A Zr\u0107e Beach a &#8220;Horv\u00e1t Ibiza&#8221;<\/li>\n<\/ul>\n\n<h2 class=\"wp-block-heading\">\ud83d\udccd \u00d6sszegz\u00e9s<\/h2>\n\n<p>Horv\u00e1torsz\u00e1g Eur\u00f3pa egyik legkifizet\u0151d\u0151bb aut\u00f3s utaz\u00e1sait k\u00edn\u00e1lja, a dr\u00e1mai A1-es aut\u00f3p\u00e1ly\u00e1t\u00f3l kezdve a kanyarg\u00f3s part menti utakon \u00e1t a b\u00e1jos isztriai falvakig. Ak\u00e1r a hagyom\u00e1nyos fizet\u0151f\u00fclk\u00e9ket, az ENC elektronikus rendszert, ak\u00e1r az \u00faj digit\u00e1lis vignette lehet\u0151s\u00e9geket r\u00e9szes\u00edted el\u0151nyben, Horv\u00e1torsz\u00e1gban aut\u00f3val k\u00f6zleked\u00e9s egyszer\u0171. <\/p>\n\n<p>K\u00f6z\u00e9p-Eur\u00f3p\u00e1b\u00f3l Horv\u00e1torsz\u00e1gba val\u00f3 eljut\u00e1shoz val\u00f3sz\u00edn\u0171leg <a href=\"https:\/\/vignettego.com\/highway-vignette-europe\/hu\/szlovenia-autopalya-vignette-2026-teljes-e-vinjeta-utmutato\/\">Szlov\u00e9ni\u00e1n<\/a> vagy <a href=\"https:\/\/vignettego.com\/highway-vignette-europe\/hu\/hungary-highway-vignette-2026-complete-e-matrica-guide-hu\/\">Magyarorsz\u00e1gon<\/a> kell \u00e1thaladni. Szerezd meg az \u00f6sszes jelenetedet egy helyen a <a href=\"https:\/\/vignettego.com\/\" title=\"VignetteGo &#x2013; eur&#xF3;pai aut&#xF3;p&#xE1;lya-vignettek\">VignetteGo-n<\/a>. <\/p>\n\n<p><strong>\u00c9lvezd a horv\u00e1t partvid\u00e9ket! \ud83c\udded\ud83c\uddf7\ud83c\udfd6\ufe0f <\/strong><\/p>\n\n<p><strong>Kapcsol\u00f3d\u00f3 \u00fatmutat\u00f3k:<\/strong> <a href=\"https:\/\/vignettego.com\/highway-vignette-europe\/hu\/szlovenia-autopalya-vignette-2026-teljes-e-vinjeta-utmutato\/\">Szlov\u00e9nia E-Vinjeta<\/a> | <a href=\"https:\/\/vignettego.com\/highway-vignette-europe\/hu\/hungary-highway-vignette-2026-complete-e-matrica-guide-hu\/\">Magyarorsz\u00e1g E-Matrica<\/a> | <a href=\"https:\/\/vignettego.com\/\">Minden eur\u00f3pai vignette<\/a><\/p>\n","protected":false},"excerpt":{"rendered":"<p>Horv\u00e1torsz\u00e1g Eur\u00f3pa egyik legn\u00e9pszer\u0171bb ny\u00e1ri \u00fati c\u00e9lpontja, h\u00edres leny\u0171g\u00f6z\u0151 Adriai-tengeri partvid\u00e9k\u00e9r\u0151l, krist\u00e1lytiszta vizeir\u0151l, t\u00f6rt\u00e9nelmi v\u00e1rosair\u00f3l, mint Dubrovnik \u00e9s Split, valamint gy\u00f6ny\u00f6r\u0171 szigeteir\u0151l. Horv\u00e1torsz\u00e1gba aut\u00f3zva hihetetlen lehet\u0151s\u00e9geket nyit meg \u2013 a Dubrovnik \u0151si falait\u00f3l a Zr\u0107e bulitenger\u00e9szeteiig, a Plitvice-tavak v\u00edzes\u00e9seit\u0151l a b\u00e1jos Isztri\u00e1ig. Ez az \u00fatmutat\u00f3 mindent elmagyar\u00e1z a horv\u00e1torsz\u00e1gi aut\u00f3p\u00e1lya-d\u00edjrendszerr\u0151l 2026-ban, bele\u00e9rtve az ENC elektronikus [&hellip;]<\/p>\n","protected":false},"author":0,"featured_media":0,"parent":0,"menu_order":0,"comment_status":"closed","ping_status":"closed","template":"","meta":{"footnotes":""},"class_list":["post-438","page","type-page","status-publish","hentry"],"_links":{"self":[{"href":"https:\/\/vignettego.com\/highway-vignette-europe\/hu\/wp-json\/wp\/v2\/pages\/438","targetHints":{"allow":["GET"]}}],"collection":[{"href":"https:\/\/vignettego.com\/highway-vignette-europe\/hu\/wp-json\/wp\/v2\/pages"}],"about":[{"href":"https:\/\/vignettego.com\/highway-vignette-europe\/hu\/wp-json\/wp\/v2\/types\/page"}],"replies":[{"embeddable":true,"href":"https:\/\/vignettego.com\/highway-vignette-europe\/hu\/wp-json\/wp\/v2\/comments?post=438"}],"version-history":[{"count":4,"href":"https:\/\/vignettego.com\/highway-vignette-europe\/hu\/wp-json\/wp\/v2\/pages\/438\/revisions"}],"predecessor-version":[{"id":1449,"href":"https:\/\/vignettego.com\/highway-vignette-europe\/hu\/wp-json\/wp\/v2\/pages\/438\/revisions\/1449"}],"wp:attachment":[{"href":"https:\/\/vignettego.com\/highway-vignette-europe\/hu\/wp-json\/wp\/v2\/media?parent=438"}],"curies":[{"name":"wp","href":"https:\/\/api.w.org\/{rel}","templated":true}]}}