{"id":700,"date":"2026-01-04T01:40:21","date_gmt":"2026-01-04T01:40:21","guid":{"rendered":"https:\/\/vignettego.com\/highway-vignette-europe\/moldova-road-vignette-2026-potpuni-vodic-kroz-vinietu\/"},"modified":"2026-01-04T12:39:25","modified_gmt":"2026-01-04T12:39:25","slug":"moldova-road-vignette-2026-potpuni-vodic-kroz-vinietu","status":"publish","type":"page","link":"https:\/\/vignettego.com\/highway-vignette-europe\/hr\/moldova-road-vignette-2026-potpuni-vodic-kroz-vinietu\/","title":{"rendered":"Moldova Road Vignette 2026: Potpuni vodi\u010d kroz Vinietu"},"content":{"rendered":"\n<script type=\"application\/ld+json\">{\n    \"@context\": \"https:\/\/schema.org\",\n    \"@graph\": [\n        {\n            \"@type\": \"Article\",\n            \"@id\": \"https:\/\/vignettego.com\/highway-vignette-europe\/moldova-highway-vignette-guide\/#article\",\n            \"headline\": \"Moldova Road Vignette 2026: Complete Vinieta Guide\",\n            \"description\": \"Everything about the Moldovan road vignette system (Vinieta). Learn about pricing, validity, where to buy, road conditions, and travel tips for driving in Moldova.\",\n            \"image\": \"https:\/\/vignettego.com\/highway-vignette-europe\/wp-content\/uploads\/2026\/09\/Highway-Vignette-Europe.jpg\",\n            \"datePublished\": \"2026-01-04\",\n            \"dateModified\": \"2026-01-04\",\n            \"author\": {\"@type\": \"Organization\", \"name\": \"VignetteGo\", \"url\": \"https:\/\/vignettego.com\"},\n            \"publisher\": {\"@type\": \"Organization\", \"name\": \"VignetteGo\"},\n            \"mainEntityOfPage\": {\"@type\": \"WebPage\", \"@id\": \"https:\/\/vignettego.com\/highway-vignette-europe\/moldova-highway-vignette-guide\/\"},\n            \"articleSection\": \"Highway Vignettes\",\n            \"keywords\": [\"Moldova vignette\", \"Vinieta Moldova\", \"Moldova road toll\", \"Moldovan road pass\", \"driving in Moldova\"],\n            \"inLanguage\": \"en\",\n            \"speakable\": {\"@type\": \"SpeakableSpecification\", \"cssSelector\": [\".article-intro\", \"#faq-section\"]}\n        },\n        {\n            \"@type\": \"BreadcrumbList\",\n            \"itemListElement\": [\n                {\"@type\": \"ListItem\", \"position\": 1, \"name\": \"VignetteGo\", \"item\": \"https:\/\/vignettego.com\/\"},\n                {\"@type\": \"ListItem\", \"position\": 2, \"name\": \"Highway Vignette Europe\", \"item\": \"https:\/\/vignettego.com\/highway-vignette-europe\/\"},\n                {\"@type\": \"ListItem\", \"position\": 3, \"name\": \"Moldova Guide\", \"item\": \"https:\/\/vignettego.com\/highway-vignette-europe\/moldova-highway-vignette-guide\/\"}\n            ]\n        },\n        {\n            \"@type\": \"FAQPage\",\n            \"mainEntity\": [\n                {\"@type\": \"Question\", \"name\": \"How much does the Moldovan road vignette cost?\", \"acceptedAnswer\": {\"@type\": \"Answer\", \"text\": \"The Moldovan vinieta costs approximately EUR 4-5 for 7 days, EUR 6-8 for 15 days, and EUR 15-20 for an annual vignette. This makes it one of Europe most affordable road toll systems.\"}},\n                {\"@type\": \"Question\", \"name\": \"Do I need a vignette to drive in Moldova?\", \"acceptedAnswer\": {\"@type\": \"Answer\", \"text\": \"Yes, all foreign-registered vehicles require a valid road vignette (vinieta rutier\u0103) to drive on Moldovan national roads. The vignette can be purchased online or at border crossings.\"}},\n                {\"@type\": \"Question\", \"name\": \"Can I buy the Moldovan vignette online?\", \"acceptedAnswer\": {\"@type\": \"Answer\", \"text\": \"Yes, you can purchase the Moldovan vinieta online through VignetteGo or official Moldovan portals. The vignette is valid immediately after purchase and is linked to your license plate.\"}},\n                {\"@type\": \"Question\", \"name\": \"What are the road conditions like in Moldova?\", \"acceptedAnswer\": {\"@type\": \"Answer\", \"text\": \"Main roads in Moldova are generally acceptable but can be rough in places. Rural roads often have potholes. Drive carefully, especially at night, and be aware of horse-drawn carts in rural areas.\"}},\n                {\"@type\": \"Question\", \"name\": \"Is Moldova safe for road trips?\", \"acceptedAnswer\": {\"@type\": \"Answer\", \"text\": \"Yes, Moldova is generally safe for tourists. The main concerns are road conditions and the unrecognized region of Transnistria. Stick to main routes and purchase comprehensive insurance.\"}}\n            ]\n        }\n    ]\n}\n<\/script>\n\n<figure class=\"wp-block-image aligncenter size-large\"><img decoding=\"async\" src=\"https:\/\/vignettego.com\/highway-vignette-europe\/wp-content\/uploads\/2026\/09\/Highway-Vignette-Europe.jpg\" alt=\"Moldova Road Vignette 2026 - Potpuni vodi&#x10D; kroz sustav Vinieta u Moldaviji\" style=\"width:100%; height:auto; margin-bottom:20px;\"\/><\/figure>\n\n<p class=\"article-intro\">Moldavija ostaje jedna od najmanje posje\u0107enih europskih zemalja \u2014 ali to se brzo mijenja dok avanturisti\u010dki putnici otkrivaju njezine svjetski poznate vinske regije, jedinstvenu sovjetsku ba\u0161tinu, toplu gostoljubivost i iznena\u0111uju\u0107e bogatu kulturu. Ako planirate putovanje automobilom do ovog skrivenog dragulja, morat \u0107ete razumjeti <strong>moldavski sustav cestovnih vinjeta<\/strong>, lokalno nazvan <strong>vinieta rutier\u0103<\/strong>. Ovaj sveobuhvatni vodi\u010d pokriva sve \u0161to trebate znati o vo\u017enji u Moldaviji 2026. godine, od kupnje vinjete do navigacije seoskim cestama i istra\u017eivanja skrivenih blaga.  <\/p>\n\n<div style=\"height:25px\" aria-hidden=\"true\" class=\"wp-block-spacer\"><\/div>\n\n<div class=\"wp-block-buttons is-content-justification-center is-layout-flex wp-container-core-buttons-is-layout-a89b3969 wp-block-buttons-is-layout-flex\">\n<div class=\"wp-block-button\"><a class=\"wp-block-button__link wp-element-button\" href=\"https:\/\/vignettego.com\/\" style=\"background-color:#0066cc;color:#ffffff;padding:15px 30px;font-size:18px;border-radius:8px;\">\ud83d\ude97 Nabavite svoju moldavsku Vinietu na VignetteGo<\/a><\/div>\n<\/div>\n\n<div style=\"height:25px\" aria-hidden=\"true\" class=\"wp-block-spacer\"><\/div>\n\n<h2 class=\"wp-block-heading\">\ud83c\uddf2\ud83c\udde9 \u0160to je moldavska vinieta?<\/h2>\n\n<p>Moldavija upravlja <strong>elektroni\u010dkim sustavom vinjeta na cestama<\/strong> (vinieta rutier\u0103) za sva vozila registrirana u inozemstvu koja koriste moldavske dr\u017eavne ceste. Vinjeta je putarina temeljena na vremenu koja vam daje pravo kori\u0161tenja mre\u017ee seoskih cesta. Kao i ve\u0107ina modernih europskih sustava, <strong>moldavska vinieta je potpuno digitalna<\/strong>\u2014va\u0161a registarska plo\u010dica registrirana je u bazi podataka i provjerava se od strane tijela za provo\u0111enje zakona.  <\/p>\n\n<p>Sustav je u posljednjim godinama moderniziran kako bi bio pristupa\u010dniji stranim posjetiteljima. Sada mo\u017eete kupiti svoju vinjetu online prije dolaska u Moldaviju, \u010dime se eliminiraju mogu\u0107a ka\u0161njenja na grani\u010dnim prijelazima. Vinjeta postaje va\u017ee\u0107a odmah po kupnji ili od navedenog datuma po\u010detka.  <\/p>\n\n<h2 class=\"wp-block-heading\">\ud83d\udccb Moldavske cijene vinjeta 2026.<\/h2>\n\n<p>Moldavija nudi neke od najpovoljnijih cestarina u Europi, \u0161to je \u010dini pristupa\u010dnom destinacijom za putovanja automobilom. Evo trenutnih opcija cijena: <\/p>\n\n<figure class=\"wp-block-table\"><table><thead><tr><th>Razdoblje valjanosti<\/th><th>Automobili (do 3,5t)<\/th><th>Pribli\u017eno EUR <\/th><\/tr><\/thead><tbody><tr><td><strong>7 dana<\/strong><\/td><td>80-100 MDL<\/td><td>~EUR 4-5<\/td><\/tr><tr><td><strong>15 dana<\/strong><\/td><td>120-150 MDL<\/td><td>~EUR 6-8<\/td><\/tr><tr><td><strong>30 dana<\/strong><\/td><td>200-250 MDL<\/td><td>~EUR 10-13<\/td><\/tr><tr><td><strong>Godi\u0161njak<\/strong><\/td><td>300-400 MDL<\/td><td>~EUR 15-20<\/td><\/tr><\/tbody><\/table><\/figure>\n\n<p><strong>Napomena:<\/strong> Cijene su indikativne i mogu se malo razlikovati. Te\u010daj moldavskog leua (MDL) varira, ali 1 EUR je otprilike 19-20 MDL. <\/p>\n\n<div style=\"height:25px\" aria-hidden=\"true\" class=\"wp-block-spacer\"><\/div>\n\n<div class=\"wp-block-buttons is-content-justification-center is-layout-flex wp-container-core-buttons-is-layout-a89b3969 wp-block-buttons-is-layout-flex\">\n<div class=\"wp-block-button\"><a class=\"wp-block-button__link wp-element-button\" href=\"https:\/\/vignettego.com\/\" style=\"background-color:#28a745;color:#ffffff;padding:15px 30px;font-size:18px;border-radius:8px;\">\u2705 Nabavite europske vinjete \u2013 uklju\u010duju\u0107i Moldaviju \u2013 na VignetteGo<\/a><\/div>\n<\/div>\n\n<div style=\"height:25px\" aria-hidden=\"true\" class=\"wp-block-spacer\"><\/div>\n\n<h2 class=\"wp-block-heading\">\ud83d\udee3\ufe0f Moldavska cestovna mre\u017ea<\/h2>\n\n<p>Moldavija je mala zemlja (otprilike veli\u010dine Belgije) s relativno jednostavnom cestovnom mre\u017eom. Ne postoje autoceste u tradicionalnom smislu\u2014umjesto toga, zemlja se oslanja na dr\u017eavne ceste (M-ceste) i regionalne ceste (R-ceste). Evo glavnih ruta:  <\/p>\n\n<h3 class=\"wp-block-heading\">M1 \u2013 Glavna isto\u010dno-zapadna ruta<\/h3>\n\n<p>Glavna me\u0111unarodna ruta <strong>koja povezuje rumunjsku granicu (Leu\u0219eni) s Ki\u0161injevom i dalje s ukrajinskom granicom<\/strong>. To je glavna prometnica za me\u0111unarodni promet i op\u0107enito je u pristojnom stanju. Ukupna duljina kroz Moldaviju: pribli\u017eno 180 km.  <\/p>\n\n<h3 class=\"wp-block-heading\">M2 \u2013 Sjeverna ruta<\/h3>\n\n<p>Prote\u017ee se od <strong>Ki\u0161injeva prema sjeveru do B\u0103l\u021bija<\/strong> (drugi po veli\u010dini grad u Moldaviji) i nastavlja do granice s Ukrajinom. Va\u017eno za putnike koji putuju prema ili iz sjeverne Ukrajine. Duljina: pribli\u017eno 140 km.  <\/p>\n\n<h3 class=\"wp-block-heading\">M3 \u2013 Ju\u017ena ruta<\/h3>\n\n<p>Povezuje <strong>Ki\u0161injev s ju\u017enom Autonomnom regijom Gagauz<\/strong> i rumunjskom granicom kod Giurgiule\u0219ti (mala luka Dunava u Moldaviji). Ovu rutu koriste putnici koji putuju do\/iz Bukure\u0161ta preko ju\u017ene Rumunjske. <\/p>\n\n<h3 class=\"wp-block-heading\">M4 \u2013 Vinska ruta<\/h3>\n\n<p>Povezuje Ki\u0161injevu s Orheijem (dom poznatog \u0161piljskog samostana Orheiul Vechi) i dalje. Ovo je popularna turisti\u010dka ruta za posjet vinskim regijama i povijesnim mjestima. <\/p>\n\n<h2 class=\"wp-block-heading\">\ud83d\udcbb Kako kupiti moldavsku Vinietu<\/h2>\n\n<p>Kupnja va\u0161e moldavske vinjete je jednostavna. Evo va\u0161ih opcija: <\/p>\n\n<h3 class=\"wp-block-heading\">Opcija 1: Online putem VignetteGo (preporu\u010deno)<\/h3>\n\n<ol class=\"wp-block-list\">\n<li><a href=\"https:\/\/vignettego.com\/\" title=\"Kupite moldavsku vinjetu online\">Posjetite VignetteGo.com<\/a><\/li>\n<li>Odaberite Moldaviju i \u017eeljeno razdoblje valjanosti<\/li>\n<li>Unesite podatke o registraciji vozila (registarske plo\u010dice)<\/li>\n<li>Potpuna sigurna uplata<\/li>\n<li>Primite trenutnu potvrdu\u2014va\u017ee\u0107u odmah!<\/li>\n<\/ol>\n\n<p><strong>Za\u0161to VignetteGo?<\/strong>  Podr\u0161ka za vi\u0161e jezika, jednostavno su\u010delje, mogu\u0107nost kupnje vinjeta za Rumunjsku i druge zemlje u istoj transakciji (\u0161to je klju\u010dno za ve\u0107inu putovanja u Moldaviju) i pouzdana korisni\u010dka podr\u0161ka.<\/p>\n\n<h3 class=\"wp-block-heading\">Opcija 2: Na grani\u010dnim prijelazima<\/h3>\n\n<p>Vinjete se mogu kupiti na grani\u010dnim prijelazima u Moldaviji. Me\u0111utim, to mo\u017ee uklju\u010divati redove i potencijalne komunikacijske pote\u0161ko\u0107e. Preporu\u010duje se kupnja online unaprijed.  <\/p>\n\n<h3 class=\"wp-block-heading\">Opcija 3: Benzinske postaje i po\u0161te<\/h3>\n\n<p>Unutar Moldavije, vinjete se mogu kupiti na benzinskim postajama Petrom i Lukoil, kao i u po\u0161tanskim uredima u ve\u0107im gradovima.<\/p>\n\n<div style=\"height:25px\" aria-hidden=\"true\" class=\"wp-block-spacer\"><\/div>\n\n<div class=\"wp-block-buttons is-content-justification-center is-layout-flex wp-container-core-buttons-is-layout-a89b3969 wp-block-buttons-is-layout-flex\">\n<div class=\"wp-block-button\"><a class=\"wp-block-button__link wp-element-button\" href=\"https:\/\/vignettego.com\/\" style=\"background-color:#ff6600;color:#ffffff;padding:15px 30px;font-size:18px;border-radius:8px;\">\ud83d\uded2 Kupite svoju moldavsku Vinietu sada \u2013 izbjegnite ka\u0161njenja na granici<\/a><\/div>\n<\/div>\n\n<div style=\"height:25px\" aria-hidden=\"true\" class=\"wp-block-spacer\"><\/div>\n\n<h2 class=\"wp-block-heading\">\ud83d\uddfa\ufe0f Kako automobilom do\u0107i do Moldavije<\/h2>\n\n<p>Ve\u0107ina posjetitelja dolazi u Moldaviju automobilom iz Rumunjske ili Ukrajine. Evo glavnih ruta i grani\u010dnih prijelaza: <\/p>\n\n<h3 class=\"wp-block-heading\">Iz Rumunjske (naj\u010de\u0161\u0107a ruta)<\/h3>\n\n<p><strong>Bukure\u0161t do Ki\u0161injeva:<\/strong> ~450 km, 7-8 sati preko grani\u010dnog prijelaza Albi\u021ba-Leu\u0219eni. Ovo je najpopularnija ruta, a prelazak granice je op\u0107enito u\u010dinkovit. <\/p>\n\n<p><strong>Alternativni prijelazi:<\/strong><\/p>\n\n<ul class=\"wp-block-list\">\n<li><strong>Sculeni:<\/strong> Sjeverni prijelaz, dobar za dolazak do B\u0103l\u021bija<\/li>\n<li><strong>Giurgiule\u0219ti:<\/strong> Ju\u017eni prijelaz preko Dunava<\/li>\n<li><strong>Gala\u021bi-Giurgiule\u0219ti:<\/strong> Prijelaz trajektom (sezonski)<\/li>\n<\/ul>\n\n<p><strong>Va\u017eno:<\/strong> Trebat \u0107e vam i <a href=\"https:\/\/vignettego.com\/highway-vignette-europe\/hr\/rumunjska-autocestovna-vigneta-2026-potpuni-vodic-za-rovinietu\/\">rumunjska Rovinieta<\/a> za putovanje kroz Rumunjsku I moldavska Vinieta. Kupite oboje na <a href=\"https:\/\/vignettego.com\/\" title=\"Europske vinjete\">VignetteGo<\/a> u jednoj transakciji. <\/p>\n\n<h3 class=\"wp-block-heading\">Iz Ukrajine<\/h3>\n\n<p>Postoji nekoliko grani\u010dnih prijelaza izme\u0111u Ukrajine i Moldavije, s glavnim u Palanci (jug) i raznim prijelazima blizu Tiraspolja (obratite pa\u017enju na Pridnjestrovlje\u2014vidi dolje).<\/p>\n\n<h2 class=\"wp-block-heading\">\u26a0\ufe0f Posebna napomena: Pridnjestrovlje<\/h2>\n\n<p>Uski pojas Moldavije isto\u010dno od rijeke Dnjestar kontrolira nepriznata odvojena regija <strong>Pridnjestrovlja<\/strong> (slu\u017ebeno Pridnjestrovska Moldavska Republika). Iako su turisti\u010dki posjeti mogu\u0107i i op\u0107enito sigurni, imajte na umu: <\/p>\n\n<ul class=\"wp-block-list\">\n<li>Morat \u0107ete se registrirati na granici i mo\u017eda \u0107ete dobiti migracijsku karticu<\/li>\n<li>Regija koristi vlastitu valutu i ima vlastita pravila<\/li>\n<li>Va\u0161e putno osiguranje mo\u017eda ne\u0107e pokrivati ovu regiju<\/li>\n<li>Neke zemlje savjetuju da se ne putuje tamo<\/li>\n<\/ul>\n\n<p>Ako samo prolazite (npr. vozite se iz Ukrajine do Ki\u0161injeva najkra\u0107om rutom), nakratko \u0107ete prije\u0107i Pridnjestrovlje. To je uglavnom bez stresa, ali mo\u017ee produ\u017eiti vrijeme va\u0161eg puta. <\/p>\n\n<div style=\"height:25px\" aria-hidden=\"true\" class=\"wp-block-spacer\"><\/div>\n\n<div class=\"wp-block-buttons is-content-justification-center is-layout-flex wp-container-core-buttons-is-layout-a89b3969 wp-block-buttons-is-layout-flex\">\n<div class=\"wp-block-button\"><a class=\"wp-block-button__link wp-element-button\" href=\"https:\/\/vignettego.com\/\" style=\"background-color:#9c27b0;color:#ffffff;padding:15px 30px;font-size:18px;border-radius:8px;\">\ud83c\udf0d Isplanirajte svoje isto\u010dnoeuropsko putovanje automobilom uz VignetteGo<\/a><\/div>\n<\/div>\n\n<div style=\"height:25px\" aria-hidden=\"true\" class=\"wp-block-spacer\"><\/div>\n\n<h2 class=\"wp-block-heading\">\ud83d\udca1 Savjeti za vo\u017enju u Moldaviji za 2026.<\/h2>\n\n<h3 class=\"wp-block-heading\">Stanje cesta<\/h3>\n\n<p>Budite spremni na promjenjive uvjete na cesti. Glavne ceste (M-ceste) su op\u0107enito prihvatljive, ali o\u010dekuju: <\/p>\n\n<ul class=\"wp-block-list\">\n<li>Rupe na cestama, \u010dak i na glavnim cestama<\/li>\n<li>Grube povr\u0161ine na regionalnim cestama<\/li>\n<li>Ograni\u010deno osvjetljenje na seoskim cestama no\u0107u<\/li>\n<li>Ko\u010dije na konjsku zapregu i poljoprivredna vozila u ruralnim podru\u010djima<\/li>\n<\/ul>\n\n<p><strong>Preporuka:<\/strong> Vozite tijekom dana kad god je mogu\u0107e, posebno na nepoznatim rutama.<\/p>\n\n<h3 class=\"wp-block-heading\">Valuta i pla\u0107anja<\/h3>\n\n<p>Moldavija koristi <strong>moldavski leu (MDL).<\/strong> Iako se kreditne kartice sve vi\u0161e prihva\u0107aju u Ki\u0161injevu, nose gotovinu za ruralna podru\u010dja, manje restorane i neke benzinske postaje. Bankomati su dostupni u gradovima. Te\u010daj: pribli\u017eno 1 EUR = 19-20 MDL.   <\/p>\n\n<h3 class=\"wp-block-heading\">Ograni\u010denja brzine<\/h3>\n\n<ul class=\"wp-block-list\">\n<li><strong>Nacionalne ceste:<\/strong> 90 km\/h<\/li>\n<li><strong>Urbana podru\u010dja:<\/strong> 50 km\/h<\/li>\n<li><strong>Stambene zone:<\/strong> 20-30 km\/h<\/li>\n<\/ul>\n\n<h3 class=\"wp-block-heading\">Gorivo<\/h3>\n\n<p>Cijene goriva u Moldaviji su umjerene. Glavni lanci benzinskih postaja uklju\u010duju Petrom, Lukoil i Bemol. Benzinske postaje u gradovima su moderne i prihva\u0107aju kartice; seoske stanice mogu biti jednostavnije.  <\/p>\n\n<h3 class=\"wp-block-heading\">Potrebni dokumenti<\/h3>\n\n<ul class=\"wp-block-list\">\n<li>Va\u017ee\u0107a voza\u010dka dozvola (prihva\u0107a se EU dozvola; drugi mogu trebati me\u0111unarodnu dozvolu)<\/li>\n<li>Registracijski dokument vozila<\/li>\n<li>Va\u017ee\u0107e osiguranje (preporu\u010duje se zelena karta)<\/li>\n<li>Valid vinieta<\/li>\n<li>Putovnica za grani\u010dne prijelaze<\/li>\n<\/ul>\n\n<h2 class=\"wp-block-heading\" id=\"faq-section\">\u2753 \u010cesto postavljana pitanja<\/h2>\n\n<h3 class=\"wp-block-heading\">Je li Moldavija sigurna za turiste?<\/h3>\n\n<p>Da, Moldavija je op\u0107enito sigurna za turiste. Sitni kriminal postoji (kao i svugdje), ali nasilni zlo\u010dini nad turistima su rijetki. Glavne brige su sigurnost na cestama (lo\u0161i uvjeti na cestama, agresivni voza\u010di) i nerije\u0161ena situacija u Pridnjestrovlju.  <\/p>\n\n<h3 class=\"wp-block-heading\">Trebam li vizu za posjet Moldaviji?<\/h3>\n\n<p>Gra\u0111ani EU-a, Amerikanci, Kana\u0111ani, Australci i mnogi drugi mogu posjetiti Moldaviju bez vize do 90 dana. Provjerite trenutne zahtjeve za svoju nacionalnost prije putovanja. <\/p>\n\n<h3 class=\"wp-block-heading\">\u0160to se mo\u017ee vidjeti u Moldaviji?<\/h3>\n\n<p>Glavne atrakcije Moldavije uklju\u010duju:<\/p>\n\n<ul class=\"wp-block-list\">\n<li><strong>Vinski podrumi:<\/strong> Mile\u0219tii Mici (najve\u0107i vinski podrum na svijetu), Cricova (podzemni vinski grad)<\/li>\n<li><strong>Orheiul Vechi:<\/strong> Zadivljuju\u0107i \u0161piljski samostanski kompleks<\/li>\n<li><strong>Ki\u0161injev:<\/strong> Zelena prijestolnica s parkovima, muzejima i kafi\u0107ima<\/li>\n<li><strong>Soroca:<\/strong> Povijesna tvr\u0111ava i romska zajednica<\/li>\n<li><strong>Pridnjestrovlje:<\/strong> Vremenska kapsula sovjetske regije (za avanturisti\u010dke putnike)<\/li>\n<\/ul>\n\n<h3 class=\"wp-block-heading\">Koje je najbolje vrijeme za posjet Moldaviji?<\/h3>\n\n<p>Najbolje vrijeme je od <strong>svibnja do listopada<\/strong>, a rujan-listopad su posebno lijepi tijekom berbe gro\u017e\u0111a i vinskih festivala. Ljeta mogu biti vru\u0107a; Zime su hladne. <\/p>\n\n<div style=\"height:25px\" aria-hidden=\"true\" class=\"wp-block-spacer\"><\/div>\n\n<div class=\"wp-block-buttons is-content-justification-center is-layout-flex wp-container-core-buttons-is-layout-a89b3969 wp-block-buttons-is-layout-flex\">\n<div class=\"wp-block-button\"><a class=\"wp-block-button__link wp-element-button\" href=\"https:\/\/vignettego.com\/\" style=\"background-color:#e91e63;color:#ffffff;padding:15px 30px;font-size:18px;border-radius:8px;\">\ud83d\ude97 Preuzmite svoje europske vinjete s autocesta na VignetteGo \u2192<\/a><\/div>\n<\/div>\n\n<div style=\"height:25px\" aria-hidden=\"true\" class=\"wp-block-spacer\"><\/div>\n\n<h2 class=\"wp-block-heading\">\ud83c\udf77 Za\u0161to posjetiti Moldaviju?<\/h2>\n\n<p>Moldavija nudi jedinstveno putni\u010dko iskustvo kakvo se ne mo\u017ee na\u0107i nigdje drugdje u Europi:<\/p>\n\n<ul class=\"wp-block-list\">\n<li><strong>Svjetska klasa vina:<\/strong> Jedna od najstarijih vinskih regija na svijetu s nevjerojatnim podzemnim podrumima<\/li>\n<li><strong>Autenti\u010dna kultura:<\/strong> Tradicionalna sela, topla gostoljubivost i iskrena iskustva<\/li>\n<li><strong>Izvan utabanih staza:<\/strong> Vrlo malo turista zna\u010di autenti\u010dne interakcije<\/li>\n<li><strong>Povoljno:<\/strong> Jedna od najpovoljnijih europskih destinacija<\/li>\n<li><strong>Jedinstvena povijest:<\/strong> Fascinantna mje\u0161avina rumunjskih, ruskih i sovjetskih utjecaja<\/li>\n<li><strong>Prijateljski ljudi:<\/strong> Moldavci su poznati po svojoj gostoljubivosti<\/li>\n<\/ul>\n\n<h2 class=\"wp-block-heading\">\ud83d\udccd Zaklju\u010dak<\/h2>\n\n<p>Moldavija je podcijenjeni dragulj koji \u010deka da bude otkriven. Sustav cestovnih vinjeta je jednostavan i pristupa\u010dan\u2014samo nekoliko eura za tjednu kartu. U kombinaciji s nevjerojatno jeftinom <a href=\"https:\/\/vignettego.com\/highway-vignette-europe\/hr\/rumunjska-autocestovna-vigneta-2026-potpuni-vodic-za-rovinietu\/\">rumunjskom Rovinietom<\/a>, mo\u017eete istra\u017eiti ovaj kutak Europe s minimalnim bud\u017eetom.  <\/p>\n\n<p>Za najprakti\u010dnije iskustvo, kupite svoju moldavsku vinietu na <a href=\"https:\/\/vignettego.com\/\" title=\"VignetteGo - Europske vinjete s autocesta\">VignetteGo<\/a> prije putovanja. Vinjete za Moldaviju, Rumunjsku i bilo koju drugu zemlju na va\u0161oj ruti mo\u017eete dobiti u jednoj jednostavnoj transakciji. <\/p>\n\n<p><strong>Otkrijte Moldaviju! \ud83c\uddf2\ud83c\udde9\ud83c\udf77 <\/strong><\/p>\n\n<p><strong>Povezani vodi\u010di:<\/strong> <a href=\"https:\/\/vignettego.com\/highway-vignette-europe\/hr\/rumunjska-autocestovna-vigneta-2026-potpuni-vodic-za-rovinietu\/\">Romania Rovinieta<\/a> | Bulgaria <a href=\"https:\/\/vignettego.com\/highway-vignette-europe\/hr\/bugarska-autocesta-vignette-2026-potpuni-vodic-za-e-vignete\/\">E-Vignette<\/a> | <a href=\"https:\/\/vignettego.com\/\">Sve europske vinjete<\/a><\/p>\n","protected":false},"excerpt":{"rendered":"<p>Moldavija ostaje jedna od najmanje posje\u0107enih europskih zemalja \u2014 ali to se brzo mijenja dok avanturisti\u010dki putnici otkrivaju njezine svjetski poznate vinske regije, jedinstvenu sovjetsku ba\u0161tinu, toplu gostoljubivost i iznena\u0111uju\u0107e bogatu kulturu. Ako planirate putovanje automobilom do ovog skrivenog dragulja, morat \u0107ete razumjeti moldavski sustav cestovnih vinjeta, lokalno nazvan vinieta rutier\u0103. Ovaj sveobuhvatni vodi\u010d pokriva [&hellip;]<\/p>\n","protected":false},"author":0,"featured_media":0,"parent":0,"menu_order":0,"comment_status":"closed","ping_status":"closed","template":"","meta":{"footnotes":""},"class_list":["post-700","page","type-page","status-publish","hentry"],"_links":{"self":[{"href":"https:\/\/vignettego.com\/highway-vignette-europe\/hr\/wp-json\/wp\/v2\/pages\/700","targetHints":{"allow":["GET"]}}],"collection":[{"href":"https:\/\/vignettego.com\/highway-vignette-europe\/hr\/wp-json\/wp\/v2\/pages"}],"about":[{"href":"https:\/\/vignettego.com\/highway-vignette-europe\/hr\/wp-json\/wp\/v2\/types\/page"}],"replies":[{"embeddable":true,"href":"https:\/\/vignettego.com\/highway-vignette-europe\/hr\/wp-json\/wp\/v2\/comments?post=700"}],"version-history":[{"count":4,"href":"https:\/\/vignettego.com\/highway-vignette-europe\/hr\/wp-json\/wp\/v2\/pages\/700\/revisions"}],"predecessor-version":[{"id":1238,"href":"https:\/\/vignettego.com\/highway-vignette-europe\/hr\/wp-json\/wp\/v2\/pages\/700\/revisions\/1238"}],"wp:attachment":[{"href":"https:\/\/vignettego.com\/highway-vignette-europe\/hr\/wp-json\/wp\/v2\/media?parent=700"}],"curies":[{"name":"wp","href":"https:\/\/api.w.org\/{rel}","templated":true}]}}