{"id":670,"date":"2026-01-04T01:39:43","date_gmt":"2026-01-04T01:39:43","guid":{"rendered":"https:\/\/vignettego.com\/highway-vignette-europe\/rumunjska-autocestovna-vigneta-2026-potpuni-vodic-za-rovinietu\/"},"modified":"2026-01-04T12:39:41","modified_gmt":"2026-01-04T12:39:41","slug":"rumunjska-autocestovna-vigneta-2026-potpuni-vodic-za-rovinietu","status":"publish","type":"page","link":"https:\/\/vignettego.com\/highway-vignette-europe\/hr\/rumunjska-autocestovna-vigneta-2026-potpuni-vodic-za-rovinietu\/","title":{"rendered":"Rumunjska autocestovna vigneta 2026: Potpuni vodi\u010d za Rovinietu"},"content":{"rendered":"\n<script type=\"application\/ld+json\">{\n    \"@context\": \"https:\/\/schema.org\",\n    \"@graph\": [\n        {\n            \"@type\": \"Article\",\n            \"@id\": \"https:\/\/vignettego.com\/highway-vignette-europe\/romania-highway-vignette-guide\/#article\",\n            \"headline\": \"Romania Highway Vignette 2026: Complete Rovinieta Guide\",\n            \"description\": \"Everything about Romanian electronic highway vignettes (Rovinieta). Europe most affordable toll system! Learn about pricing, validity, Transylvania routes, and the famous Transf\u0103g\u0103r\u0103\u0219an road.\",\n            \"image\": \"https:\/\/vignettego.com\/highway-vignette-europe\/wp-content\/uploads\/2026\/09\/Highway-Vignette-Europe.jpg\",\n            \"datePublished\": \"2026-01-04\",\n            \"dateModified\": \"2026-01-04\",\n            \"author\": {\"@type\": \"Organization\", \"name\": \"VignetteGo\", \"url\": \"https:\/\/vignettego.com\"},\n            \"publisher\": {\"@type\": \"Organization\", \"name\": \"VignetteGo\"},\n            \"mainEntityOfPage\": {\"@type\": \"WebPage\", \"@id\": \"https:\/\/vignettego.com\/highway-vignette-europe\/romania-highway-vignette-guide\/\"},\n            \"articleSection\": \"Highway Vignettes\",\n            \"keywords\": [\"Romania vignette\", \"Rovinieta\", \"Romania highway toll\", \"Romanian motorway pass\", \"Transylvania road trip\", \"Transfagarasan\"],\n            \"inLanguage\": \"en\",\n            \"speakable\": {\"@type\": \"SpeakableSpecification\", \"cssSelector\": [\".article-intro\", \"#faq-section\"]}\n        },\n        {\n            \"@type\": \"BreadcrumbList\",\n            \"itemListElement\": [\n                {\"@type\": \"ListItem\", \"position\": 1, \"name\": \"VignetteGo\", \"item\": \"https:\/\/vignettego.com\/\"},\n                {\"@type\": \"ListItem\", \"position\": 2, \"name\": \"Highway Vignette Europe\", \"item\": \"https:\/\/vignettego.com\/highway-vignette-europe\/\"},\n                {\"@type\": \"ListItem\", \"position\": 3, \"name\": \"Romania Guide\", \"item\": \"https:\/\/vignettego.com\/highway-vignette-europe\/romania-highway-vignette-guide\/\"}\n            ]\n        },\n        {\n            \"@type\": \"FAQPage\",\n            \"mainEntity\": [\n                {\"@type\": \"Question\", \"name\": \"How much does the Romanian Rovinieta cost?\", \"acceptedAnswer\": {\"@type\": \"Answer\", \"text\": \"The Romanian Rovinieta is Europe cheapest highway vignette! A 7-day vignette costs approximately EUR 3.50, 30-day costs EUR 7, and annual costs just EUR 28.\"}},\n                {\"@type\": \"Question\", \"name\": \"Where can I buy the Romanian Rovinieta?\", \"acceptedAnswer\": {\"@type\": \"Answer\", \"text\": \"You can buy the Rovinieta online at VignetteGo or the official roviniete.ro website, or at gas stations and border crossings in Romania. Online purchase is recommended for convenience.\"}},\n                {\"@type\": \"Question\", \"name\": \"Is the Transf\u0103g\u0103r\u0103\u0219an road toll-free?\", \"acceptedAnswer\": {\"@type\": \"Answer\", \"text\": \"Yes, the Transf\u0103g\u0103r\u0103\u0219an (DN7C) is a national road, not a motorway, so no Rovinieta is needed specifically for it. However, you will likely use toll roads to reach it, so a Rovinieta is still recommended.\"}},\n                {\"@type\": \"Question\", \"name\": \"What are the fines for driving without Rovinieta?\", \"acceptedAnswer\": {\"@type\": \"Answer\", \"text\": \"Fines for driving without a valid Rovinieta range from EUR 50-200 depending on how far you traveled without one. With a 7-day vignette costing just EUR 3.50, there is no reason to risk a fine.\"}},\n                {\"@type\": \"Question\", \"name\": \"Which roads require Rovinieta in Romania?\", \"acceptedAnswer\": {\"@type\": \"Answer\", \"text\": \"The Rovinieta is required on all national roads (DN roads) and motorways (autostrada) in Romania. This includes the A1, A2, A3, A10, and all DN-numbered roads.\"}}\n            ]\n        }\n    ]\n}\n<\/script>\n\n<figure class=\"wp-block-image aligncenter size-large\"><img decoding=\"async\" src=\"https:\/\/vignettego.com\/highway-vignette-europe\/wp-content\/uploads\/2026\/09\/Highway-Vignette-Europe.jpg\" alt=\"Romania Rovinieta 2026 - Potpuni vodi&#x10D; kroz rumunjski sustav vinjeta na autocestama\" style=\"width:100%; height:auto; margin-bottom:20px;\"\/><\/figure>\n\n<p class=\"article-intro\">Rumunjska nudi neke od najspektakularnijih europskih destinacija za putovanja automobilom\u2014od legendarnih dvoraca Transilvanije do zadivljuju\u0107ih pla\u017ea Crnog mora, veli\u010danstvenih Karpata do jedinstvene delte Dunava. A evo najbolje vijesti: Rumunjska ima <strong>najpovoljniju europsku autocestovnu vinjetu<\/strong>, nazvanu <strong>Rovinieta<\/strong>. Za samo nekoliko eura za tjedan dana, istra\u017eivanje Rumunjske automobilom je iznimno povoljno. Ovaj sveobuhvatni vodi\u010d pokriva sve \u0161to trebate znati o rumunjskim cestama s naplatom cestarine u 2026. godini, uklju\u010duju\u0107i poznati Transf\u0103g\u0103r\u0103\u0219an \u2014 jednu od najboljih cestovnih cesta na svijetu.   <\/p>\n\n<div style=\"height:25px\" aria-hidden=\"true\" class=\"wp-block-spacer\"><\/div>\n\n<div class=\"wp-block-buttons is-content-justification-center is-layout-flex wp-container-core-buttons-is-layout-a89b3969 wp-block-buttons-is-layout-flex\">\n<div class=\"wp-block-button\"><a class=\"wp-block-button__link wp-element-button\" href=\"https:\/\/vignettego.com\/\" style=\"background-color:#0066cc;color:#ffffff;padding:15px 30px;font-size:18px;border-radius:8px;\">\ud83d\ude97 Preuzmite svoju rumunjsku rovinietu na VignetteGo<\/a><\/div>\n<\/div>\n\n<div style=\"height:25px\" aria-hidden=\"true\" class=\"wp-block-spacer\"><\/div>\n\n<h2 class=\"wp-block-heading\">\ud83c\uddf7\ud83c\uddf4 \u0160to je rumunjska rovinieta?<\/h2>\n\n<p>Rumunjska upravlja <strong>vremenski baziranim elektroni\u010dkim sustavom naplate cestarine<\/strong> nazvanim <strong>Rovinieta<\/strong> (od rumunjskog &#8220;cestovni vinjeta&#8221;). Sustav je potpuno digitalan\u2014va\u0161a registarska plo\u010dica registrirana je u centralnoj bazi podataka i potvr\u0111ena nadzornim kamerama diljem zemlje. Nije potrebna fizi\u010dka naljepnica; Sve je elektroni\u010dko.  <\/p>\n\n<p>Rovinieta pokriva sve dr\u017eavne ceste (DN &#8211; drum na\u021bional) i autoceste (autostrad\u0103) u Rumunjskoj. Sustavom upravlja CNAIR (Compania Na\u021bional\u0103 de Administrare a Infrastructurii Rutiere), a vinjete se mogu kupiti online, \u0161to ga \u010dini iznimno prakti\u010dnim za posjetitelje. <\/p>\n\n<h2 class=\"wp-block-heading\">\ud83d\udccb Rumunjske Rovinieta cijene 2026 \ud83d\udcb0. NAJJEFTINIJE U EUROPI!<\/h2>\n\n<p>Rumunjska nudi <strong>najpovoljnije cijene vinjeta na autocestama u cijeloj Europi<\/strong>. Evo za\u0161to bi Rumunjska trebala biti na vrhu svake liste putnika s ograni\u010denim bud\u017eetom: <\/p>\n\n<figure class=\"wp-block-table\"><table><thead><tr><th>Razdoblje valjanosti<\/th><th>Automobili (do 3,5t)<\/th><th>Motocikli<\/th><\/tr><\/thead><tbody><tr><td><strong>7 dana<\/strong><\/td><td>~EUR 3.50<\/td><td>~EUR 1,80<\/td><\/tr><tr><td><strong>30 dana<\/strong><\/td><td>~EUR 7.00<\/td><td>~EUR 3.50<\/td><\/tr><tr><td><strong>90 dana<\/strong><\/td><td>~EUR 13.00<\/td><td>~EUR 6,50<\/td><\/tr><tr><td><strong>Godi\u0161njak<\/strong><\/td><td>~EUR 28.00<\/td><td>~EUR 14.00<\/td><\/tr><\/tbody><\/table><\/figure>\n\n<p><strong>Da, dobro ste pro\u010ditali!<\/strong>  Tjedan neograni\u010dene vo\u017enje po svim rumunjskim dr\u017eavnim cestama i autocestama za samo 3,50 EUR. Usporedite to sa \u0160vicarskom (40 EUR za godi\u0161nju vinjetu, bez kra\u0107ih opcija) ili Austrijom (11,50 EUR za 10 dana) i vidjet \u0107ete za\u0161to je Rumunjska san za putnike. <\/p>\n\n<div style=\"height:25px\" aria-hidden=\"true\" class=\"wp-block-spacer\"><\/div>\n\n<div class=\"wp-block-buttons is-content-justification-center is-layout-flex wp-container-core-buttons-is-layout-a89b3969 wp-block-buttons-is-layout-flex\">\n<div class=\"wp-block-button\"><a class=\"wp-block-button__link wp-element-button\" href=\"https:\/\/vignettego.com\/\" style=\"background-color:#28a745;color:#ffffff;padding:15px 30px;font-size:18px;border-radius:8px;\">\u2705 Preuzmite svoje europske vinjete \u2013 sve zemlje \u2013 na VignetteGo<\/a><\/div>\n<\/div>\n\n<div style=\"height:25px\" aria-hidden=\"true\" class=\"wp-block-spacer\"><\/div>\n\n<h2 class=\"wp-block-heading\">\ud83d\udee3\ufe0f Rumunjska cestovna mre\u017ea<\/h2>\n\n<p>Rumunjska brzo \u0161iri svoju mre\u017eu autocesta, iako je ve\u0107i dio zemlje jo\u0161 uvijek povezan nacionalnim cestama (DN cestama). Evo glavnih ruta: <\/p>\n\n<h3 class=\"wp-block-heading\">A1 \u2013 Bukure\u0161t do Pite\u0219tija i dalje<\/h3>\n\n<p>Najstarija rumunjska autocesta koja povezuje <strong>Bukure\u0161t s Pite\u0219tijem<\/strong> (otprilike 110 km). Pro\u0161irenja prema Sibiuu su u tijeku. Ovo je glavna ruta prema Transilvaniji iz Bukure\u0161ta, koja se povezuje s DN7 i DN1 za daljnje putovanje.  <\/p>\n\n<h3 class=\"wp-block-heading\">A2 \u2013 Bukure\u0161t do Constan\u021be (Sun autocesta)<\/h3>\n\n<p><strong>Autostrada Soarelui<\/strong> (Sun\u010deva autocesta) povezuje <strong>Bukure\u0161t s Konstancom<\/strong> i obalom Crnog mora. Otprilike 200 km. Ovo je glavna ruta za odmor na pla\u017ei prema Mamaiji, Constan\u021bi, Vama Vecheu i drugim obalnim odmarali\u0161tima.  <\/p>\n\n<h3 class=\"wp-block-heading\">A3 \u2013 Transilvanijska autocesta (u izgradnji)<\/h3>\n\n<p>Kada bude dovr\u0161en, povezivat \u0107e Bukure\u0161t s Bra\u0219ovom, nastavljaju\u0107i kroz Transilvaniju do ma\u0111arske granice. Trenutno je otvoreno nekoliko dijelova, uklju\u010duju\u0107i podru\u010dje oko Turde i Cluj-Napoce. <\/p>\n\n<h3 class=\"wp-block-heading\">A10 \u2013 Sebe\u0219 do Turde<\/h3>\n\n<p>Dio budu\u0107eg koridora Transilvanije, koji povezuje klju\u010dne gradove u sredi\u0161njoj Rumunjskoj.<\/p>\n\n<h3 class=\"wp-block-heading\">DN1 \u2013 Klasi\u010dna transilvanska ruta<\/h3>\n\n<p>Legendarni <strong>DN1 (E60)<\/strong> povezuje Bukure\u0161t s Bra\u0161ovom, nastavljaju\u0107i kroz srce Transilvanije do Sibiua, Alba Iulije, Cluj-Napoce i dalje do Ma\u0111arske. Ova povijesna ruta prolazi kroz zadivljuju\u0107e planinske krajolike i srednjovjekovne gradove. <\/p>\n\n<h2 class=\"wp-block-heading\">\ud83c\udfd4\ufe0f Transf\u0103g\u0103r\u0103\u0219an \u2013 Najbolja cesta za vo\u017enju na svijetu<\/h2>\n\n<p><strong>Transf\u0103g\u0103r\u0103\u0219an autocesta (DN7C)<\/strong> nazvana je &#8220;najboljom cestom na svijetu&#8221; od strane Top Geara. Ova spektakularna planinska cesta prelazi planine F\u0103g\u0103ra\u0219 na nadmorskoj visini od 2.042 metra, s dramati\u010dnim o\u0161trim zavojima, tunelima i zadivljuju\u0107im pogledima. <\/p>\n\n<p><strong>Klju\u010dne informacije:<\/strong><\/p>\n\n<ul class=\"wp-block-list\">\n<li><strong>Trajanje:<\/strong> Otprilike 90 km planinske ceste<\/li>\n<li><strong>Otvoreno:<\/strong> Obi\u010dno od kraja lipnja do kraja listopada (ovisno o vremenskim uvjetima)<\/li>\n<li><strong>Ruta:<\/strong> Povezuje Curtea de Arge\u0219 sa Sibiuom preko planina F\u0103g\u0103ra\u0219<\/li>\n<li><strong>Istaknuto:<\/strong> Jezero B\u00e2lea (ledenja\u010dko jezero na vrhu), slap B\u00e2lea, zadivljuju\u0107i alpski krajolici<\/li>\n<li><strong>Cestarina:<\/strong> Sama Transf\u0103g\u0103r\u0103\u0219an je nacionalna cesta (DN), pa nema dodatne cestarine izvan Roviniete<\/li>\n<\/ul>\n\n<p><strong>Savjet stru\u010dnjaka:<\/strong> Cesta je iznimno popularna ljeti. Po\u010dnite rano ujutro kako biste izbjegli gu\u017eve i u\u017eivali u najboljem svjetlu za fotografiju. <\/p>\n\n<div style=\"height:25px\" aria-hidden=\"true\" class=\"wp-block-spacer\"><\/div>\n\n<div class=\"wp-block-buttons is-content-justification-center is-layout-flex wp-container-core-buttons-is-layout-a89b3969 wp-block-buttons-is-layout-flex\">\n<div class=\"wp-block-button\"><a class=\"wp-block-button__link wp-element-button\" href=\"https:\/\/vignettego.com\/\" style=\"background-color:#ff6600;color:#ffffff;padding:15px 30px;font-size:18px;border-radius:8px;\">\ud83d\uded2 Kupite rumunjsku Rovinietu sada \u2013 samo 3,50 EUR za 7 dana!<\/a><\/div>\n<\/div>\n\n<div style=\"height:25px\" aria-hidden=\"true\" class=\"wp-block-spacer\"><\/div>\n\n<h2 class=\"wp-block-heading\">\ud83d\udcbb Kako kupiti rumunjsku Rovinietu<\/h2>\n\n<p>Kupnja rumunjske Roviniete je jednostavna:<\/p>\n\n<h3 class=\"wp-block-heading\">Opcija 1: Online putem VignetteGo (preporu\u010deno)<\/h3>\n\n<ol class=\"wp-block-list\">\n<li><a href=\"https:\/\/vignettego.com\/\" title=\"Kupite rumunjsku Rovinietu online\">Posjetite VignetteGo.com<\/a><\/li>\n<li>Odaberite Rumunjsku i \u017eeljeno razdoblje valjanosti<\/li>\n<li>Unesite podatke o registraciji vozila (registarske plo\u010dice)<\/li>\n<li>Potpuna sigurna uplata<\/li>\n<li>Primite trenutnu potvrdu\u2014va\u017ee\u0107u odmah!<\/li>\n<\/ol>\n\n<h3 class=\"wp-block-heading\">Opcija 2: Slu\u017ebena roviniete.ro web stranica<\/h3>\n\n<p>Slu\u017ebena web stranica rumunjske cestovne uprave nudi izravnu kupnju na rumunjskom i engleskom jeziku.<\/p>\n\n<h3 class=\"wp-block-heading\">Opcija 3: Fizi\u010dka prodajna mjesta<\/h3>\n\n<p>Rovinieta se mo\u017ee kupiti na grani\u010dnim prijelazima, benzinskim postajama (Petrom, OMV, Mol, Rompetrol) i rumunjskim po\u0161tanskim uredima.<\/p>\n\n<h2 class=\"wp-block-heading\">\u26a0\ufe0f Kazne za vo\u017enju bez Roviniete<\/h2>\n\n<p>Unato\u010d iznimno niskoj cijeni, neki putnici nastoje izbje\u0107i kupnju Roviniete. To je pogre\u0161ka\u2014nov\u010dane kazne se provode: <\/p>\n\n<ul class=\"wp-block-list\">\n<li><strong>Standardna kazna:<\/strong> EUR 50-200, ovisno o prije\u0111enoj udaljenosti<\/li>\n<li><strong>Provedba:<\/strong> Automatski sustavi kamera diljem zemlje<\/li>\n<\/ul>\n\n<p><strong>S tjednom propusnicom koja ko\u0161ta 3,50 EUR naspram potencijalne kazne od 200 EUR, izbor je o\u010dit!<\/strong><\/p>\n\n<h2 class=\"wp-block-heading\">\ud83d\uddfa\ufe0f Popularne rumunjske cestovne rute<\/h2>\n\n<h3 class=\"wp-block-heading\">Bukure\u0161t do Bra\u0219ova (Ulaz u Transilvaniju)<\/h3>\n\n<p><strong>Udaljenost:<\/strong> ~170 km | <strong>Trajanje:<\/strong> 2,5-3 sata | <strong>Ruta:<\/strong> DN1 ili A3 (gdje su dostupni)<\/p>\n\n<p>Klasi\u010dna ruta u Transilvaniju. Bra\u0219ov je zadivljuju\u0107i srednjovjekovni grad okru\u017een planinama, savr\u0161en kao baza za istra\u017eivanje dvoraca (Bran, Pele\u0219) i Karpata. <\/p>\n\n<h3 class=\"wp-block-heading\">Bukure\u0161t do Konstanze (Crno more)<\/h3>\n\n<p><strong>Udaljenost:<\/strong> ~225 km | <strong>Trajanje:<\/strong> 2,5 sata | <strong>Ruta:<\/strong> A2 (Sun autocesta)<\/p>\n\n<p>Krenite prema obali Crnog mora najnovijom rumunjskom autocestom. Constan\u021ba je drevni lu\u010dki grad; u blizini je Mamaia najbolje ljetovali\u0161te na pla\u017ei. <\/p>\n\n<h3 class=\"wp-block-heading\">Transylvania Castle Circuit<\/h3>\n\n<p><strong>Ruta:<\/strong> Bra\u0219ov \u2192 dvorac Bran \u2192 dvorac R\u00e2\u0219nov \u2192 dvorac Pele\u0219 (Sinaia) \u2192 natrag u Bra\u0219ov<\/p>\n\n<p>Posjetite poznati dvorac Drakule (Bran), zadivljuju\u0107i dvorac Pele\u0219 i srednjovjekovnu tvr\u0111avu R\u00e2\u0219nov \u2014 sve u jednom jednodnevnom izletu iz Bra\u0219ova.<\/p>\n\n<h3 class=\"wp-block-heading\">Kompletna Transilvanijska turneja<\/h3>\n\n<p><strong>Ruta:<\/strong> Bukure\u0161t \u2192 Bra\u0219ov \u2192 Sighi\u0219oara \u2192 Sibiu \u2192 Transf\u0103g\u0103r\u0103\u0219an \u2192 Bukure\u0161t<\/p>\n\n<p>Krug od 5-7 dana koji pokriva najbolje od Transilvanije: srednjovjekovne gradove, planinske krajolike i legendarnu cestu Transf\u0103g\u0103r\u0103\u0219an.<\/p>\n\n<div style=\"height:25px\" aria-hidden=\"true\" class=\"wp-block-spacer\"><\/div>\n\n<div class=\"wp-block-buttons is-content-justification-center is-layout-flex wp-container-core-buttons-is-layout-a89b3969 wp-block-buttons-is-layout-flex\">\n<div class=\"wp-block-button\"><a class=\"wp-block-button__link wp-element-button\" href=\"https:\/\/vignettego.com\/\" style=\"background-color:#9c27b0;color:#ffffff;padding:15px 30px;font-size:18px;border-radius:8px;\">\ud83c\udf0d Planirajte svoju rumunjsku avanturu uz VignetteGo<\/a><\/div>\n<\/div>\n\n<div style=\"height:25px\" aria-hidden=\"true\" class=\"wp-block-spacer\"><\/div>\n\n<h2 class=\"wp-block-heading\">\ud83d\udca1 Savjeti za vo\u017enju u Rumunjskoj za 2026. godinu<\/h2>\n\n<h3 class=\"wp-block-heading\">Valuta<\/h3>\n\n<p>Rumunjska koristi <strong>rumunjski leu (RON),<\/strong> ali <strong>euro je \u0161iroko prihva\u0107en<\/strong> na benzinskim postajama, u hotelima i turisti\u010dkim podru\u010djima. Kreditne kartice prihva\u0107aju se gotovo svugdje u gradovima. Te\u010daj: pribli\u017eno 1 EUR = 5 RON.  <\/p>\n\n<h3 class=\"wp-block-heading\">Ograni\u010denja brzine<\/h3>\n\n<ul class=\"wp-block-list\">\n<li><strong>Autoceste:<\/strong> 130 km\/h<\/li>\n<li><strong>Nacionalne ceste (izvan gradova):<\/strong> 90-100 km\/h<\/li>\n<li><strong>Urbana podru\u010dja:<\/strong> 50 km\/h<\/li>\n<\/ul>\n\n<h3 class=\"wp-block-heading\">Stanje cesta<\/h3>\n\n<p>Autoceste su izvrsne. Nacionalne ceste variraju od dobrih do grubih, osobito u ruralnim podru\u010djima. Planinske ceste mogu biti izazovne\u2014vozite pa\u017eljivo i po\u0161tujte vremenske uvjete.  <\/p>\n\n<h3 class=\"wp-block-heading\">Gorivo<\/h3>\n\n<p>Gorivo je jeftinije nego u zapadnoj Europi. Glavni lanci uklju\u010duju Petrom, OMV, Mol, Rompetrol i Lukoil. <\/p>\n\n<h2 class=\"wp-block-heading\" id=\"faq-section\">\u2753 \u010cesto postavljana pitanja<\/h2>\n\n<h3 class=\"wp-block-heading\">Je li rumunjska Rovinieta stvarno toliko jeftina?<\/h3>\n\n<p>Da! S otprilike 3,50 EUR za 7 dana, Rumunjska ima najjeftinije cestarine u Europi. \u010cak i godi\u0161nja vinjeta (28 EUR) ko\u0161ta manje od kratkoro\u010dnih opcija u mnogim zemljama.  <\/p>\n\n<h3 class=\"wp-block-heading\">Kada mogu voziti Transf\u0103g\u0103r\u0103\u0219an?<\/h3>\n\n<p>Obi\u010dno krajem lipnja do kraja listopada, ovisno o vremenskim uvjetima. Visoki dio (iznad 1.800 m) zatvoren je zimi zbog snijega. Provjerite trenutni status prije planiranja.  <\/p>\n\n<h3 class=\"wp-block-heading\">Mogu li koristiti rumunjsku vinjetu u Moldaviji?<\/h3>\n\n<p>Ne, za Moldaviju vam treba posebna <a href=\"https:\/\/vignettego.com\/highway-vignette-europe\/hr\/moldova-road-vignette-2026-potpuni-vodic-kroz-vinietu\/\">moldavska vinieta<\/a> . Kupite oba na <a href=\"https:\/\/vignettego.com\/\" title=\"Europske vinjete\">VignetteGo<\/a>. <\/p>\n\n<div style=\"height:25px\" aria-hidden=\"true\" class=\"wp-block-spacer\"><\/div>\n\n<div class=\"wp-block-buttons is-content-justification-center is-layout-flex wp-container-core-buttons-is-layout-a89b3969 wp-block-buttons-is-layout-flex\">\n<div class=\"wp-block-button\"><a class=\"wp-block-button__link wp-element-button\" href=\"https:\/\/vignettego.com\/\" style=\"background-color:#e91e63;color:#ffffff;padding:15px 30px;font-size:18px;border-radius:8px;\">\ud83d\ude97 Preuzmite svoje europske vinjete s autocesta na VignetteGo \u2192<\/a><\/div>\n<\/div>\n\n<div style=\"height:25px\" aria-hidden=\"true\" class=\"wp-block-spacer\"><\/div>\n\n<h2 class=\"wp-block-heading\">\ud83c\udff0 Za\u0161to posjetiti Rumunjsku?<\/h2>\n\n<ul class=\"wp-block-list\">\n<li><strong>Transilvanija:<\/strong> Srednjovjekovni gradovi, dvorci i planinski krajolici<\/li>\n<li><strong>Transf\u0103g\u0103r\u0103\u0219an:<\/strong> Jedna od najboljih cestovnih cesta na svijetu<\/li>\n<li><strong>Obala Crnog mora:<\/strong> Prekrasne pla\u017ee i drevni gradovi<\/li>\n<li><strong>Dunavska delta:<\/strong> UNESCO-ov rezervat biosfere, nevjerojatno promatranje ptica<\/li>\n<li><strong>Pristupa\u010dno:<\/strong> Izvrsna vrijednost za smje\u0161taj, hranu i putovanja<\/li>\n<li><strong>Bogata kultura:<\/strong> Fascinantna mje\u0161avina latinskih, slavenskih i osmanskih utjecaja<\/li>\n<\/ul>\n\n<h2 class=\"wp-block-heading\">\ud83d\udccd Zaklju\u010dak<\/h2>\n\n<p>Rumunjska nudi nevjerojatnu vrijednost za putovanja\u2014od najjeftinijih cestarina u Europi do zadivljuju\u0107ih krajolika i bogate kulture. Bilo da lovite legende o Drakuli u Transilvaniji, osvajate Transf\u0103g\u0103r\u0103\u0219an ili se opu\u0161tate na pla\u017eama Crnog mora, Rumunjska pru\u017ea nezaboravna iskustva. <\/p>\n\n<p>Nabavite svoju Rovinietu u <a href=\"https:\/\/vignettego.com\/\" title=\"VignetteGo - Europske vinjete s autocesta\">VignetteGo<\/a>\u2014traje nekoliko minuta i ko\u0161ta manje od kave!<\/p>\n\n<p><strong>U\u017eivajte u Rumunjskoj! \ud83c\uddf7\ud83c\uddf4\ud83c\udfd4\ufe0f <\/strong><\/p>\n\n<p><strong>Povezani vodi\u010di:<\/strong> <a href=\"https:\/\/vignettego.com\/highway-vignette-europe\/hr\/madarska-autocestovna-vigneta-2026-potpuni-vodic-za-e-matricu\/\">Ma\u0111arska E-Matrica<\/a> | Bulgaria <a href=\"https:\/\/vignettego.com\/highway-vignette-europe\/hr\/bugarska-autocesta-vignette-2026-potpuni-vodic-za-e-vignete\/\">E-Vignette<\/a> | <a href=\"https:\/\/vignettego.com\/highway-vignette-europe\/hr\/moldova-road-vignette-2026-potpuni-vodic-kroz-vinietu\/\">Moldova Vinieta<\/a> | <a href=\"https:\/\/vignettego.com\/\">Sve europske vinjete<\/a><\/p>\n","protected":false},"excerpt":{"rendered":"<p>Rumunjska nudi neke od najspektakularnijih europskih destinacija za putovanja automobilom\u2014od legendarnih dvoraca Transilvanije do zadivljuju\u0107ih pla\u017ea Crnog mora, veli\u010danstvenih Karpata do jedinstvene delte Dunava. A evo najbolje vijesti: Rumunjska ima najpovoljniju europsku autocestovnu vinjetu, nazvanu Rovinieta. Za samo nekoliko eura za tjedan dana, istra\u017eivanje Rumunjske automobilom je iznimno povoljno. Ovaj sveobuhvatni vodi\u010d pokriva sve \u0161to [&hellip;]<\/p>\n","protected":false},"author":0,"featured_media":0,"parent":0,"menu_order":0,"comment_status":"closed","ping_status":"closed","template":"","meta":{"footnotes":""},"class_list":["post-670","page","type-page","status-publish","hentry"],"_links":{"self":[{"href":"https:\/\/vignettego.com\/highway-vignette-europe\/hr\/wp-json\/wp\/v2\/pages\/670","targetHints":{"allow":["GET"]}}],"collection":[{"href":"https:\/\/vignettego.com\/highway-vignette-europe\/hr\/wp-json\/wp\/v2\/pages"}],"about":[{"href":"https:\/\/vignettego.com\/highway-vignette-europe\/hr\/wp-json\/wp\/v2\/types\/page"}],"replies":[{"embeddable":true,"href":"https:\/\/vignettego.com\/highway-vignette-europe\/hr\/wp-json\/wp\/v2\/comments?post=670"}],"version-history":[{"count":4,"href":"https:\/\/vignettego.com\/highway-vignette-europe\/hr\/wp-json\/wp\/v2\/pages\/670\/revisions"}],"predecessor-version":[{"id":1250,"href":"https:\/\/vignettego.com\/highway-vignette-europe\/hr\/wp-json\/wp\/v2\/pages\/670\/revisions\/1250"}],"wp:attachment":[{"href":"https:\/\/vignettego.com\/highway-vignette-europe\/hr\/wp-json\/wp\/v2\/media?parent=670"}],"curies":[{"name":"wp","href":"https:\/\/api.w.org\/{rel}","templated":true}]}}