{"id":642,"date":"2026-01-04T01:38:57","date_gmt":"2026-01-04T01:38:57","guid":{"rendered":"https:\/\/vignettego.com\/highway-vignette-europe\/hrvatska-autocestovna-vigneta-2026-potpuni-enc-i-digitalni-vodic-za-naplatu-cestarine\/"},"modified":"2026-01-04T12:40:47","modified_gmt":"2026-01-04T12:40:47","slug":"hrvatska-autocestovna-vigneta-2026-potpuni-enc-i-digitalni-vodic-za-naplatu-cestarine","status":"publish","type":"page","link":"https:\/\/vignettego.com\/highway-vignette-europe\/hr\/hrvatska-autocestovna-vigneta-2026-potpuni-enc-i-digitalni-vodic-za-naplatu-cestarine\/","title":{"rendered":"Hrvatska autocestovna vigneta 2026: Potpuni ENC i digitalni vodi\u010d za naplatu cestarine"},"content":{"rendered":"\n<script type=\"application\/ld+json\">{\n    \"@context\": \"https:\/\/schema.org\",\n    \"@graph\": [\n        {\n            \"@type\": \"Article\",\n            \"@id\": \"https:\/\/vignettego.com\/highway-vignette-europe\/croatia-highway-vignette-guide\/#article\",\n            \"headline\": \"Croatia Highway Vignette 2026: Complete ENC & Digital Toll Guide\",\n            \"description\": \"Everything about Croatian highway tolls, ENC electronic system, and digital vignette options. Learn about toll prices, the stunning A1 coastal motorway, and how to reach Dubrovnik, Split, and other destinations.\",\n            \"image\": \"https:\/\/vignettego.com\/highway-vignette-europe\/wp-content\/uploads\/2026\/09\/Highway-Vignette-Europe.jpg\",\n            \"datePublished\": \"2026-01-04\",\n            \"dateModified\": \"2026-01-04\",\n            \"author\": {\"@type\": \"Organization\", \"name\": \"VignetteGo\", \"url\": \"https:\/\/vignettego.com\"},\n            \"publisher\": {\"@type\": \"Organization\", \"name\": \"VignetteGo\"},\n            \"mainEntityOfPage\": {\"@type\": \"WebPage\", \"@id\": \"https:\/\/vignettego.com\/highway-vignette-europe\/croatia-highway-vignette-guide\/\"},\n            \"articleSection\": \"Highway Vignettes\",\n            \"keywords\": [\"Croatia toll\", \"Croatia highway\", \"ENC Croatia\", \"Croatian motorway\", \"A1 Croatia\", \"Dubrovnik road trip\", \"Split highway\"],\n            \"inLanguage\": \"en\",\n            \"speakable\": {\"@type\": \"SpeakableSpecification\", \"cssSelector\": [\".article-intro\", \"#faq-section\"]}\n        },\n        {\n            \"@type\": \"BreadcrumbList\",\n            \"itemListElement\": [\n                {\"@type\": \"ListItem\", \"position\": 1, \"name\": \"VignetteGo\", \"item\": \"https:\/\/vignettego.com\/\"},\n                {\"@type\": \"ListItem\", \"position\": 2, \"name\": \"Highway Vignette Europe\", \"item\": \"https:\/\/vignettego.com\/highway-vignette-europe\/\"},\n                {\"@type\": \"ListItem\", \"position\": 3, \"name\": \"Croatia Guide\", \"item\": \"https:\/\/vignettego.com\/highway-vignette-europe\/croatia-highway-vignette-guide\/\"}\n            ]\n        },\n        {\n            \"@type\": \"FAQPage\",\n            \"mainEntity\": [\n                {\"@type\": \"Question\", \"name\": \"Does Croatia use vignettes or toll booths?\", \"acceptedAnswer\": {\"@type\": \"Answer\", \"text\": \"Croatia traditionally uses a distance-based toll system with toll booths, but now also offers digital vignette options (E-Vinjeta) for certain sections. Many visitors use a combination of both or the ENC electronic device.\"}},\n                {\"@type\": \"Question\", \"name\": \"How much does the Croatian motorway toll cost?\", \"acceptedAnswer\": {\"@type\": \"Answer\", \"text\": \"Croatian tolls are distance-based. Zagreb to Split costs approximately EUR 25, Zagreb to Rijeka about EUR 8, and Split to Dubrovnik around EUR 12. The A1 motorway to the coast is the main toll route.\"}},\n                {\"@type\": \"Question\", \"name\": \"What is the ENC system in Croatia?\", \"acceptedAnswer\": {\"@type\": \"Answer\", \"text\": \"ENC (Elektroni\u010dka Naplata Cestarine) is Croatia electronic toll collection device. It provides faster passage through dedicated ENC lanes and often offers discounts. Available at toll plazas and service areas.\"}},\n                {\"@type\": \"Question\", \"name\": \"Can I pay Croatian tolls with credit card?\", \"acceptedAnswer\": {\"@type\": \"Answer\", \"text\": \"Yes, credit and debit cards are accepted at Croatian toll booths. Cash payment in EUR is also widely accepted since Croatia adopted the Euro in January 2023.\"}},\n                {\"@type\": \"Question\", \"name\": \"Is there a digital vignette for Croatia?\", \"acceptedAnswer\": {\"@type\": \"Answer\", \"text\": \"Yes, Croatia now offers E-Vinjeta (electronic vignettes) for certain motorway sections, providing an alternative to traditional toll booth payment. These can be purchased online.\"}}\n            ]\n        }\n    ]\n}\n<\/script>\n\n<figure class=\"wp-block-image aligncenter size-large\"><img decoding=\"async\" src=\"https:\/\/vignettego.com\/highway-vignette-europe\/wp-content\/uploads\/2026\/09\/Highway-Vignette-Europe.jpg\" alt=\"Hrvatska cestarina 2026. - Potpuni vodi&#x10D; kroz hrvatski sustav autocestarine\" style=\"width:100%; height:auto; margin-bottom:20px;\"\/><\/figure>\n\n<p class=\"article-intro\">Hrvatska je jedno od najpopularnijih ljetnih odredi\u0161ta u Europi, poznata po svojoj zadivljuju\u0107oj jadranskoj obali, kristalno \u010distim vodama, povijesnim gradovima poput Dubrovnika i Splita te prekrasnim otocima. Vo\u017enja do Hrvatske otvara nevjerojatne mogu\u0107nosti \u2014 od drevnih dubrova\u010dkih zidina do zabavnih pla\u017ea Zr\u0107e, slapova Plitvi\u010dkih jezera do \u0161armantne Istre. Ovaj vodi\u010d obja\u0161njava sve o hrvatskom sustavu cestarine u 2026. godini, uklju\u010duju\u0107i <strong>ENC elektroni\u010dki sustav<\/strong>, <strong>opcije digitalnih vinjeta<\/strong> i prakti\u010dne savjete za va\u0161e hrvatsko putovanje automobilom.  <\/p>\n\n<div style=\"height:25px\" aria-hidden=\"true\" class=\"wp-block-spacer\"><\/div>\n\n<div class=\"wp-block-buttons is-content-justification-center is-layout-flex wp-container-core-buttons-is-layout-a89b3969 wp-block-buttons-is-layout-flex\">\n<div class=\"wp-block-button\"><a class=\"wp-block-button__link wp-element-button\" href=\"https:\/\/vignettego.com\/\" style=\"background-color:#0066cc;color:#ffffff;padding:15px 30px;font-size:18px;border-radius:8px;\">\ud83d\ude97 Preuzmite svoju hrvatsku digitalnu vinjetu na VignetteGo<\/a><\/div>\n<\/div>\n\n<div style=\"height:25px\" aria-hidden=\"true\" class=\"wp-block-spacer\"><\/div>\n\n<h2 class=\"wp-block-heading\">\ud83c\udded\ud83c\uddf7 Obja\u0161njenje hrvatskog sustava cestarine<\/h2>\n\n<p>Za razliku od ve\u0107ine srednjoeuropskih zemalja koje koriste vremenski ograni\u010dene vinjete, Hrvatska tradicionalno koristi <strong>sustav naplate cestarine temeljen na udaljenosti<\/strong> s fizi\u010dkim naplatnim ku\u0107icama. Uzimate kaznu pri ulasku na autocestu i pla\u0107ate prema prije\u0111enoj udaljenosti kad iza\u0111ete. Me\u0111utim, Hrvatska sada nudi <strong>i digitalne vinjete (E-Vinjeta)<\/strong> za odre\u0111ene dionice autoceste, pru\u017eaju\u0107i ve\u0107u fleksibilnost putnicima.  <\/p>\n\n<p>Hrvatskom mre\u017eom autocesta upravljaju <strong>HAC (Hrvatske Autoceste)<\/strong> i <strong>AZM (Autocesta Zagreb-Macelj).<\/strong> Od sije\u010dnja 2023. Hrvatska je usvojila <strong>euro (EUR)<\/strong> kao svoju valutu, \u010dime su pla\u0107anja olak\u0161ana posjetiteljima iz EU. <\/p>\n\n<h2 class=\"wp-block-heading\">\ud83d\udccb Opcije pla\u0107anja cestarine u Hrvatskoj<\/h2>\n\n<h3 class=\"wp-block-heading\">Opcija 1: Tradicionalne naplatne ku\u0107ice (naj\u010de\u0161\u0107e)<\/h3>\n\n<p>Uzmi kartu na ulazu, plati na izlazu. Prihva\u0107anje pla\u0107anja: <\/p>\n\n<ul class=\"wp-block-list\">\n<li><strong>Gotovina:<\/strong> EUR (vi\u0161e nije potrebna hrvatska kuna)<\/li>\n<li><strong>Kreditne\/debitne kartice:<\/strong> Visa, Mastercard je \u0161iroko prihva\u0107en<\/li>\n<li><strong>ENC ure\u0111aj:<\/strong> Elektroni\u010dko pla\u0107anje (vidi dolje)<\/li>\n<\/ul>\n\n<h3 class=\"wp-block-heading\">Opcija 2: ENC elektroni\u010dki ure\u0111aj<\/h3>\n\n<p><strong>ENC (Elektroni\u010dka Naplata Cestarine)<\/strong> je hrvatski elektroni\u010dki sustav naplate cestarine. Prednosti: <\/p>\n\n<ul class=\"wp-block-list\">\n<li>Br\u017ei prolaz kroz namjenske ENC trake<\/li>\n<li>Mogu\u0107i popusti na naknade za cestarinu<\/li>\n<li>Nema potrebe zaustavljati se na naplatnim ku\u0107icama<\/li>\n<li>Dostupno za kupnju na naplatnim postajama i servisnim podru\u010djima<\/li>\n<\/ul>\n\n<p>ENC ure\u0111aj pla\u0107a mali depozit i mo\u017ee se nadopuniti kreditom. Za \u010deste posjetitelje, toplo se preporu\u010duje. <\/p>\n\n<h3 class=\"wp-block-heading\">Opcija 3: Digitalna vinjeta (E-Vinjeta)<\/h3>\n\n<p>Hrvatska sada nudi <strong>E-Vinjeta<\/strong> (elektroni\u010dke vignete) za odre\u0111ene dionice autoceste, \u0161to vam omogu\u0107uje potpuno zaobila\u017eenje naplatnih ku\u0107ica. Dostupno na <a href=\"https:\/\/vignettego.com\/\" title=\"Hrvatska digitalna vinjeta\">VignetteGo<\/a>. <\/p>\n\n<div style=\"height:25px\" aria-hidden=\"true\" class=\"wp-block-spacer\"><\/div>\n\n<div class=\"wp-block-buttons is-content-justification-center is-layout-flex wp-container-core-buttons-is-layout-a89b3969 wp-block-buttons-is-layout-flex\">\n<div class=\"wp-block-button\"><a class=\"wp-block-button__link wp-element-button\" href=\"https:\/\/vignettego.com\/\" style=\"background-color:#28a745;color:#ffffff;padding:15px 30px;font-size:18px;border-radius:8px;\">\u2705 Nabavite europske vinjete \u2013 sve zemlje \u2013 na VignetteGo<\/a><\/div>\n<\/div>\n\n<div style=\"height:25px\" aria-hidden=\"true\" class=\"wp-block-spacer\"><\/div>\n\n<h2 class=\"wp-block-heading\">\ud83d\udcb0 Cijene cestarine na hrvatskim autocestama 2026.<\/h2>\n\n<p>Hrvatske cestarine se temelje na udaljenosti, pa cijena ovisi o va\u0161oj ruti. Evo pribli\u017enih cijena za uobi\u010dajene linije (Kategorija I &#8211; redovni automobili): <\/p>\n\n<figure class=\"wp-block-table\"><table><thead><tr><th>Ruta<\/th><th>Udaljenost<\/th><th>Pribli\u017ena cestarina <\/th><\/tr><\/thead><tbody><tr><td><strong>Zagreb \u2013 Split<\/strong><\/td><td>~400 km<\/td><td>~EUR 25<\/td><\/tr><tr><td><strong>Zagreb \u2013 Rijeka<\/strong><\/td><td>~170 km<\/td><td>~8 EUR<\/td><\/tr><tr><td><strong>Zagreb \u2013 Zadar<\/strong><\/td><td>~280 km<\/td><td>~EUR 17<\/td><\/tr><tr><td><strong>Split \u2013 Dubrovnik<\/strong><\/td><td>~220 km<\/td><td>~EUR 12<\/td><\/tr><tr><td><strong>Zagreb \u2013 Dubrovnik<\/strong><\/td><td>~600 km<\/td><td>~EUR 35<\/td><\/tr><tr><td><strong>Ljubljana \u2013 Zagreb<\/strong><\/td><td>~140 km<\/td><td>~EUR 7<\/td><\/tr><\/tbody><\/table><\/figure>\n\n<p><strong>Napomena:<\/strong> Cijene su pokazatelj. Stvarne cestarine mogu se malo razlikovati ovisno o odre\u0111enim ulaznim\/izlaznim to\u010dkama i kategoriji vozila. <\/p>\n\n<h2 class=\"wp-block-heading\">\ud83d\udee3\ufe0f Hrvatska mre\u017ea autocesta<\/h2>\n\n<p>Hrvatska ima izvrsnu mre\u017eu autocesta koja povezuje ve\u0107e gradove i obalu. Evo glavnih ruta: <\/p>\n\n<h3 class=\"wp-block-heading\">A1 \u2013 Dalmatinska autocesta<\/h3>\n\n<p>Najva\u017enija turisti\u010dka ruta povezuje <strong>Zagreb sa Splitom i nastavlja prema Dubrovniku<\/strong>. Ova zadivljuju\u0107a autocesta prolazi paralelno s Jadranskom obalom, nude\u0107i pristup svim glavnim obalnim destinacijama. Ukupna duljina: pribli\u017eno 550 km. Ima nekoliko impresivnih mostova i tunela kroz Dinarske Alpe.   <\/p>\n\n<h3 class=\"wp-block-heading\">A2 \u2013 Zagreb do Macelja (granica sa Slovenijom)<\/h3>\n\n<p>Povezuje Zagreb sa Slovenijom, nastavljaju\u0107i do Ljubljane i dalje. Glavna ruta za putnike koji dolaze iz Srednje Europe. Duljina: pribli\u017eno 60 km u Hrvatskoj.  <\/p>\n\n<h3 class=\"wp-block-heading\">A3 \u2013 Bregana do Lipovca<\/h3>\n\n<p>Isto\u010dno-zapadna ruta koja povezuje slovensku granicu (Bregana) preko Zagreba sa srpskom granicom (Lipovac). Dio europskog koridora E70. Duljina: pribli\u017eno 300 km.  <\/p>\n\n<h3 class=\"wp-block-heading\">A4 \u2013 Zagreb do Gori\u010dan (granica s Ma\u0111arskom)<\/h3>\n\n<p>Povezuje Zagreb s Ma\u0111arskom, glavnom rutom za putnike koji dolaze iz Budimpe\u0161te. Duljina: pribli\u017eno 97 km. <\/p>\n\n<h3 class=\"wp-block-heading\">A6 \u2013 obilaznica Rijeke<\/h3>\n\n<p>Povezuje A1 kod Bosiljeva s Rijekom i istarskim poluotokom. Neophodan za dolazak do Istre iz Zagreba. <\/p>\n\n<h3 class=\"wp-block-heading\">A7\/A8\/A9 \u2013 Istarski Y<\/h3>\n\n<p>Mre\u017ea autocesta koje slu\u017ee istarskom poluotoku, povezuju\u0107i Rijeku s Pulom i drugim istarskim destinacijama. Op\u0107enito je promet manji nego na A1. <\/p>\n\n<div style=\"height:25px\" aria-hidden=\"true\" class=\"wp-block-spacer\"><\/div>\n\n<div class=\"wp-block-buttons is-content-justification-center is-layout-flex wp-container-core-buttons-is-layout-a89b3969 wp-block-buttons-is-layout-flex\">\n<div class=\"wp-block-button\"><a class=\"wp-block-button__link wp-element-button\" href=\"https:\/\/vignettego.com\/\" style=\"background-color:#ff6600;color:#ffffff;padding:15px 30px;font-size:18px;border-radius:8px;\">\ud83d\uded2 Preuzmite svoje europske vinjete sada na VignetteGo<\/a><\/div>\n<\/div>\n\n<div style=\"height:25px\" aria-hidden=\"true\" class=\"wp-block-spacer\"><\/div>\n\n<h2 class=\"wp-block-heading\">\ud83d\uddfa\ufe0f Popularne hrvatske cestovne rute<\/h2>\n\n<h3 class=\"wp-block-heading\">Od Zagreba do Splita (A1 dalmatinska autocesta)<\/h3>\n\n<p><strong>Udaljenost:<\/strong> ~400 km | <strong>Trajanje:<\/strong> 4-4,5 sata | <strong>Cestarina:<\/strong> ~EUR 25<\/p>\n\n<p>Klasi\u010dna hrvatska ruta putovanja. A1 je moderna, dobro odr\u017eavana autocesta s izvrsnim podru\u010djima usluge. Razmislite o zaustavljanju u Nacionalnom parku Plitvi\u010dka jezera (izlaz Gornja Plo\u010da) \u2014 jednoj od najljep\u0161ih hrvatskih prirodnih atrakcija.  <\/p>\n\n<h3 class=\"wp-block-heading\">Od Zagreba do Dubrovnika<\/h3>\n\n<p><strong>Udaljenost:<\/strong> ~600 km | <strong>Trajanje:<\/strong> 5,5-6 sati | <strong>Cestarina:<\/strong> ~EUR 35<\/p>\n\n<p>Ultimativno hrvatsko putovanje automobilom, koje zavr\u0161ava u zadivljuju\u0107em gradu Dubrovniku. Napomena: ova ruta kratko prolazi kroz <strong>Bosnu i Hercegovinu<\/strong> na koridoru Neum (bez naplate cestarine, ali ponesite putovnicu). Alternativno, mo\u017eete koristiti Pelje\u0161acki most i ostati potpuno u Hrvatskoj.  <\/p>\n\n<h3 class=\"wp-block-heading\">Ljubljana (Slovenija) do Zagreba<\/h3>\n\n<p><strong>Udaljenost:<\/strong> ~140 km | <strong>Trajanje:<\/strong> 1,5-2 sata | <strong>Cestarina:<\/strong> ~EUR 7 (Hrvatska) + slovenska vinjeta<\/p>\n\n<p>Glavna ruta iz Srednje Europe. Za slovenski dio putovanja trebat \u0107e <a href=\"https:\/\/vignettego.com\/highway-vignette-europe\/hr\/slovenska-autocesta-vignette-2026-potpuni-vodic-za-e-vinjeta\/\">vam slovenski E-Vinjeta<\/a> . <\/p>\n\n<h3 class=\"wp-block-heading\">Tura istarske obale<\/h3>\n\n<p><strong>Ruta:<\/strong> Rijeka \u2192 Opatija \u2192 Pula \u2192 Rovinj \u2192 Pore\u010d \u2192 natrag u Rijeku<\/p>\n\n<p>Istra\u017eite prekrasni istarski poluotok s talijanskom kuhinjom, selima na brdima i \u0161armantnim obalnim gradovima. Manje je gu\u017eva nego na dalmatinskoj obali. <\/p>\n\n<h2 class=\"wp-block-heading\">\ud83d\udca1 Savjeti za vo\u017enju u Hrvatskoj za 2026.<\/h2>\n\n<h3 class=\"wp-block-heading\">Valuta<\/h3>\n\n<p>Od sije\u010dnja 2023. Hrvatska koristi <strong>euro (EUR).<\/strong> Nema potrebe za razmjenom novca ako dolazite iz druge zemlje eurozone. Kreditne kartice su \u0161iroko prihva\u0107ene.  <\/p>\n\n<h3 class=\"wp-block-heading\">Ograni\u010denja brzine<\/h3>\n\n<ul class=\"wp-block-list\">\n<li><strong>Autoceste:<\/strong> 130 km\/h<\/li>\n<li><strong>Nacionalne ceste:<\/strong> 90 km\/h<\/li>\n<li><strong>Urbana podru\u010dja:<\/strong> 50 km\/h<\/li>\n<\/ul>\n\n<h3 class=\"wp-block-heading\">Ljetni promet<\/h3>\n\n<p><strong>Upozorenje:<\/strong> Cesta A1 prema obali ima <strong>izuzetno gust promet<\/strong> tijekom srpnja i kolovoza, osobito subotom (dan presjedanja za tjedne najmove). Putujte rano ujutro ili kasno nave\u010der kako biste izbjegli najgore gu\u017eve. <\/p>\n\n<h3 class=\"wp-block-heading\">Potrebna oprema<\/h3>\n\n<ul class=\"wp-block-list\">\n<li>Trokut upozorenja<\/li>\n<li>Reflektiraju\u0107i prsluk<\/li>\n<li>Prva pomo\u0107<\/li>\n<li>Prednja svjetla upaljena u svakom trenutku tijekom vo\u017enje<\/li>\n<\/ul>\n\n<h2 class=\"wp-block-heading\" id=\"faq-section\">\u2753 \u010cesto postavljana pitanja<\/h2>\n\n<h3 class=\"wp-block-heading\">Trebam li vinjetu ili pla\u0107anje na naplatnim ku\u0107icama u Hrvatskoj?<\/h3>\n\n<p>Mo\u017eete koristiti bilo koji sustav. Tradicionalne naplatne ku\u0107ice rade na principu pla\u0107anja po kori\u0161tenju prema udaljenosti. Alternativno, digitalne vinjete (E-Vinjeta) sada su dostupne za odre\u0111ene dijelove.  <\/p>\n\n<h3 class=\"wp-block-heading\">Mogu li voziti do Dubrovnika bez napu\u0161tanja Hrvatske?<\/h3>\n\n<p>Da! Od otvaranja mosta Pelje\u0161ac 2022. godine, sada se mo\u017ee voziti od Splita do Dubrovnika bez prelaska kroz koridor Neuma u Bosni i Hercegovini. <\/p>\n\n<h3 class=\"wp-block-heading\">Je li ENC ure\u0111aj vrijedan toga?<\/h3>\n\n<p>Za \u010deste posjetitelje ili one koji ostaju vi\u0161e tjedana, da. Za jednu vo\u017enju, naplatne ku\u0107ice ili digitalne vinjete su prakti\u010dnije. <\/p>\n\n<div style=\"height:25px\" aria-hidden=\"true\" class=\"wp-block-spacer\"><\/div>\n\n<div class=\"wp-block-buttons is-content-justification-center is-layout-flex wp-container-core-buttons-is-layout-a89b3969 wp-block-buttons-is-layout-flex\">\n<div class=\"wp-block-button\"><a class=\"wp-block-button__link wp-element-button\" href=\"https:\/\/vignettego.com\/\" style=\"background-color:#e91e63;color:#ffffff;padding:15px 30px;font-size:18px;border-radius:8px;\">\ud83d\ude97 Preuzmite svoje europske vinjete s autocesta na VignetteGo \u2192<\/a><\/div>\n<\/div>\n\n<div style=\"height:25px\" aria-hidden=\"true\" class=\"wp-block-spacer\"><\/div>\n\n<h2 class=\"wp-block-heading\">\ud83c\udfd6\ufe0f Za\u0161to posjetiti Hrvatsku?<\/h2>\n\n<ul class=\"wp-block-list\">\n<li><strong>Zadivljuju\u0107a obala:<\/strong> Vi\u0161e od 1.000 otoka i kristalno \u010diste jadranske vode<\/li>\n<li><strong>Povijesni gradovi:<\/strong> Dubrovnik, Split, Zadar\u2014UNESCO-va svjetska ba\u0161tina<\/li>\n<li><strong>Lokacije Igre prijestolja:<\/strong> Dubrovnik je slu\u017eio kao Kraljeva luka<\/li>\n<li><strong>Plitvi\u010dka jezera:<\/strong> Spektakularni nacionalni park s kaskadnim slapovima<\/li>\n<li><strong>Istra:<\/strong> Kuhinja pod utjecajem Italije, lov na tartufe, sela na brdima<\/li>\n<li><strong>Scena zabave:<\/strong> Pla\u017ea Zr\u0107e je &#8220;hrvatska Ibiza&#8221;<\/li>\n<\/ul>\n\n<h2 class=\"wp-block-heading\">\ud83d\udccd Zaklju\u010dak<\/h2>\n\n<p>Hrvatska nudi neke od najnagra\u0111ivanijih europskih putovanja automobilom, od dramati\u010dne autoceste A1 do vijugavih obalnih cesta i \u0161armantnih istarskih sela. Bilo da preferirate tradicionalne naplatne ku\u0107ice, ENC elektroni\u010dki sustav ili nove opcije digitalnih vinjeta, kretanje po Hrvatskoj automobilom je jednostavno. <\/p>\n\n<p>Da biste do\u0161li do Hrvatske iz srednje Europe, vjerojatno \u0107ete pro\u0107i kroz <a href=\"https:\/\/vignettego.com\/highway-vignette-europe\/hr\/slovenska-autocesta-vignette-2026-potpuni-vodic-za-e-vinjeta\/\">Sloveniju<\/a> ili <a href=\"https:\/\/vignettego.com\/highway-vignette-europe\/hr\/madarska-autocestovna-vigneta-2026-potpuni-vodic-za-e-matricu\/\">Ma\u0111arsku<\/a>. Prona\u0111ite sve svoje vinjete na jednom mjestu na <a href=\"https:\/\/vignettego.com\/\" title=\"VignetteGo - Europske vinjete s autocesta\">VignetteGo<\/a>. <\/p>\n\n<p><strong>U\u017eivajte na hrvatskoj obali! \ud83c\udded\ud83c\uddf7\ud83c\udfd6\ufe0f <\/strong><\/p>\n\n<p><strong>Povezani vodi\u010di:<\/strong> <a href=\"https:\/\/vignettego.com\/highway-vignette-europe\/hr\/slovenska-autocesta-vignette-2026-potpuni-vodic-za-e-vinjeta\/\">Slovenija E-Vinjeta<\/a> | <a href=\"https:\/\/vignettego.com\/highway-vignette-europe\/hr\/madarska-autocestovna-vigneta-2026-potpuni-vodic-za-e-matricu\/\">Ma\u0111arska E-Matrica<\/a> | <a href=\"https:\/\/vignettego.com\/\">Sve europske vinjete<\/a><\/p>\n","protected":false},"excerpt":{"rendered":"<p>Hrvatska je jedno od najpopularnijih ljetnih odredi\u0161ta u Europi, poznata po svojoj zadivljuju\u0107oj jadranskoj obali, kristalno \u010distim vodama, povijesnim gradovima poput Dubrovnika i Splita te prekrasnim otocima. Vo\u017enja do Hrvatske otvara nevjerojatne mogu\u0107nosti \u2014 od drevnih dubrova\u010dkih zidina do zabavnih pla\u017ea Zr\u0107e, slapova Plitvi\u010dkih jezera do \u0161armantne Istre. Ovaj vodi\u010d obja\u0161njava sve o hrvatskom sustavu [&hellip;]<\/p>\n","protected":false},"author":0,"featured_media":0,"parent":0,"menu_order":0,"comment_status":"closed","ping_status":"closed","template":"","meta":{"footnotes":""},"class_list":["post-642","page","type-page","status-publish","hentry"],"_links":{"self":[{"href":"https:\/\/vignettego.com\/highway-vignette-europe\/hr\/wp-json\/wp\/v2\/pages\/642","targetHints":{"allow":["GET"]}}],"collection":[{"href":"https:\/\/vignettego.com\/highway-vignette-europe\/hr\/wp-json\/wp\/v2\/pages"}],"about":[{"href":"https:\/\/vignettego.com\/highway-vignette-europe\/hr\/wp-json\/wp\/v2\/types\/page"}],"replies":[{"embeddable":true,"href":"https:\/\/vignettego.com\/highway-vignette-europe\/hr\/wp-json\/wp\/v2\/comments?post=642"}],"version-history":[{"count":4,"href":"https:\/\/vignettego.com\/highway-vignette-europe\/hr\/wp-json\/wp\/v2\/pages\/642\/revisions"}],"predecessor-version":[{"id":1277,"href":"https:\/\/vignettego.com\/highway-vignette-europe\/hr\/wp-json\/wp\/v2\/pages\/642\/revisions\/1277"}],"wp:attachment":[{"href":"https:\/\/vignettego.com\/highway-vignette-europe\/hr\/wp-json\/wp\/v2\/media?parent=642"}],"curies":[{"name":"wp","href":"https:\/\/api.w.org\/{rel}","templated":true}]}}