{"id":619,"date":"2026-01-04T01:38:16","date_gmt":"2026-01-04T01:38:16","guid":{"rendered":"https:\/\/vignettego.com\/highway-vignette-europe\/slovenska-autocesta-vignette-2026-potpuni-vodic-za-e-vinjeta\/"},"modified":"2026-01-04T12:41:34","modified_gmt":"2026-01-04T12:41:34","slug":"slovenska-autocesta-vignette-2026-potpuni-vodic-za-e-vinjeta","status":"publish","type":"page","link":"https:\/\/vignettego.com\/highway-vignette-europe\/hr\/slovenska-autocesta-vignette-2026-potpuni-vodic-za-e-vinjeta\/","title":{"rendered":"Slovenska autocesta Vignette 2026: Potpuni vodi\u010d za E-Vinjeta"},"content":{"rendered":"\n<script type=\"application\/ld+json\">{\n    \"@context\": \"https:\/\/schema.org\",\n    \"@graph\": [\n        {\n            \"@type\": \"Article\",\n            \"@id\": \"https:\/\/vignettego.com\/highway-vignette-europe\/slovenia-highway-vignette-guide\/#article\",\n            \"headline\": \"Slovenia Highway Vignette 2026: Complete E-Vinjeta Guide\",\n            \"description\": \"Everything about the Slovenian E-Vinjeta 2026: prices, validity, how to buy online, and essential tips for driving on Slovenian motorways. Your complete guide to the electronic vignette system.\",\n            \"image\": \"https:\/\/vignettego.com\/highway-vignette-europe\/wp-content\/uploads\/2026\/09\/Highway-Vignette-Europe.jpg\",\n            \"datePublished\": \"2026-01-04\",\n            \"dateModified\": \"2026-01-04\",\n            \"author\": {\"@type\": \"Organization\", \"name\": \"VignetteGo\", \"url\": \"https:\/\/vignettego.com\"},\n            \"publisher\": {\"@type\": \"Organization\", \"name\": \"VignetteGo\"},\n            \"mainEntityOfPage\": {\"@type\": \"WebPage\", \"@id\": \"https:\/\/vignettego.com\/highway-vignette-europe\/slovenia-highway-vignette-guide\/\"},\n            \"articleSection\": \"Highway Vignettes\",\n            \"keywords\": [\"Slovenia vignette\", \"E-Vinjeta\", \"Slovenian motorway\", \"Ljubljana driving\", \"Bled road trip\", \"Slovenia toll\"],\n            \"inLanguage\": \"en\",\n            \"speakable\": {\"@type\": \"SpeakableSpecification\", \"cssSelector\": [\".article-intro\", \"#faq-section\"]}\n        },\n        {\n            \"@type\": \"BreadcrumbList\",\n            \"itemListElement\": [\n                {\"@type\": \"ListItem\", \"position\": 1, \"name\": \"VignetteGo\", \"item\": \"https:\/\/vignettego.com\/\"},\n                {\"@type\": \"ListItem\", \"position\": 2, \"name\": \"Highway Vignette Europe\", \"item\": \"https:\/\/vignettego.com\/highway-vignette-europe\/\"},\n                {\"@type\": \"ListItem\", \"position\": 3, \"name\": \"Slovenia Guide\", \"item\": \"https:\/\/vignettego.com\/highway-vignette-europe\/slovenia-highway-vignette-guide\/\"}\n            ]\n        },\n        {\n            \"@type\": \"FAQPage\",\n            \"mainEntity\": [\n                {\"@type\": \"Question\", \"name\": \"How much does a Slovenian E-Vinjeta cost?\", \"acceptedAnswer\": {\"@type\": \"Answer\", \"text\": \"For 2026, prices are: 7-day vignette EUR 16, 30-day vignette EUR 32, and annual vignette EUR 117 for standard vehicles (class 2A). These are approximate prices and may be adjusted.\"}},\n                {\"@type\": \"Question\", \"name\": \"Can I buy the Slovenian E-Vinjeta online?\", \"acceptedAnswer\": {\"@type\": \"Answer\", \"text\": \"Yes, you can purchase the E-Vinjeta online at VignetteGo or the official DARS website. Registration is linked to your license plate, so no physical sticker is needed.\"}},\n                {\"@type\": \"Question\", \"name\": \"Do I need a vignette for all roads in Slovenia?\", \"acceptedAnswer\": {\"@type\": \"Answer\", \"text\": \"No, only motorways (avtoceste) and expressways (hitre ceste) require a vignette. Regular national and local roads are free to use.\"}},\n                {\"@type\": \"Question\", \"name\": \"What if I drive without a vignette in Slovenia?\", \"acceptedAnswer\": {\"@type\": \"Answer\", \"text\": \"Fines for driving without a valid E-Vinjeta are significant\u2014EUR 300 to 800 for cars. Enforcement is done via cameras, so non-compliance is easily detected.\"}},\n                {\"@type\": \"Question\", \"name\": \"How long is the Slovenian vignette valid?\", \"acceptedAnswer\": {\"@type\": \"Answer\", \"text\": \"The 7-day E-Vinjeta is valid for 7 consecutive days from your chosen start date. The 30-day is valid for 30 days, and the annual runs from purchase date for one year.\"}}\n            ]\n        }\n    ]\n}\n<\/script>\n\n<figure class=\"wp-block-image aligncenter size-large\"><img decoding=\"async\" src=\"https:\/\/vignettego.com\/highway-vignette-europe\/wp-content\/uploads\/2026\/09\/Highway-Vignette-Europe.jpg\" alt=\"Slovenija E-Vinjeta 2026 - Potpuni vodi&#x10D; kroz slovensku autocestovnu vinjetu\" style=\"width:100%; height:auto; margin-bottom:20px;\"\/><\/figure>\n\n<p class=\"article-intro\">Slovenija mo\u017eda jeste mala, ali nudi nevjerojatnu raznolikost krajolika\u2014od zadivljuju\u0107ih Julijskih Alpa i smaragdnog jezera Bled do mediteranske obale i golemih kr\u0161kih \u0161pilja. Ova alpska zemlja klju\u010dna je tranzitna zemlja za putnike koji voze izme\u0111u srednje Europe i Jadrana. Ovaj vodi\u010d pokriva sve o <strong>slovenskoj E-Vinjeti (elektroni\u010dkoj vinjeti<\/strong> ) za 2026.: cijene, valjanost, gdje kupiti i klju\u010dne savjete za va\u0161e slovensko putovanje automobilom.  <\/p>\n\n<div style=\"height:25px\" aria-hidden=\"true\" class=\"wp-block-spacer\"><\/div>\n\n<div class=\"wp-block-buttons is-content-justification-center is-layout-flex wp-container-core-buttons-is-layout-a89b3969 wp-block-buttons-is-layout-flex\">\n<div class=\"wp-block-button\"><a class=\"wp-block-button__link wp-element-button\" href=\"https:\/\/vignettego.com\/\" style=\"background-color:#0066cc;color:#ffffff;padding:15px 30px;font-size:18px;border-radius:8px;\">\ud83d\ude97 Nabavite svoj slovenski E-Vinjeta na VignetteGo-u<\/a><\/div>\n<\/div>\n\n<div style=\"height:25px\" aria-hidden=\"true\" class=\"wp-block-spacer\"><\/div>\n\n<h2 class=\"wp-block-heading\">\ud83c\uddf8\ud83c\uddee \u0160to je slovenska E-Vinjeta?<\/h2>\n\n<p>Slovenija je 2022. pre\u0161la s fizi\u010dkih vinjeta na <strong>potpuno elektroni\u010dki sustav (E-Vinjeta).<\/strong> Nema vi\u0161e struganja starih naljepnica s vjetrobranskog stakla! E-Vinjeta je povezana s registarskom oznakom va\u0161eg vozila i registrirana u sredi\u0161njoj bazi podataka. Sustavi kamera du\u017e autocesta automatski provjeravaju status va\u0161e vinjete.   <\/p>\n\n<p>Sustavom upravlja <strong>DARS (Dru\u017eba za avtoceste v Republiki Sloveniji),<\/strong> dr\u017eavna tvrtka za autoceste. E-Vinjeta je obavezna na svim autocestama (autoceste) i brzim cestama (hitre ceste), ali ne i na redovnim cestama. <\/p>\n\n<h2 class=\"wp-block-heading\">\ud83d\udcb0 Cijene E-Vinjeta 2026<\/h2>\n\n<figure class=\"wp-block-table\"><table><thead><tr><th>Tip vinjete<\/th><th>Klasa 2A (Automobili &lt;1,3 m)<\/th><th>Klasa 2B (Ve\u0107a vozila)<\/th><\/tr><\/thead><tbody><tr><td><strong>7-dnevni<\/strong><\/td><td>EUR 16<\/td><td>EUR 32<\/td><\/tr><tr><td><strong>30-dnevni<\/strong><\/td><td>EUR 32<\/td><td>EUR 64<\/td><\/tr><tr><td><strong>Godi\u0161njak<\/strong><\/td><td>EUR 117<\/td><td>EUR 234<\/td><\/tr><\/tbody><\/table><\/figure>\n\n<p><strong>Klasifikacija vozila:<\/strong><\/p>\n\n<ul class=\"wp-block-list\">\n<li><strong>Razred 2A:<\/strong> Vozila s visinom osovine do 1,30 m (ve\u0107ina standardnih vagona)<\/li>\n<li><strong>Klasa 2B:<\/strong> Vozila s visinom osovine izme\u0111u 1,30 m i 1,60 m (ve\u0107i SUV-ovi, manji kombiji)<\/li>\n<\/ul>\n\n<p><strong>Savjet:<\/strong> Ako niste sigurni u svoju klasu vozila, izmjerite visinu od tla do sredi\u0161ta prednjeg kota\u010da\u2014to je visina va\u0161e osovine.<\/p>\n\n<h2 class=\"wp-block-heading\">\ud83d\uded2 Gdje kupiti slovensku E-Vinjetu<\/h2>\n\n<h3 class=\"wp-block-heading\">Online (preporu\u010deno)<\/h3>\n\n<p>Najlak\u0161i na\u010din za kupnju je online prije putovanja:<\/p>\n\n<ul class=\"wp-block-list\">\n<li><strong><a href=\"https:\/\/vignettego.com\/\">VignetteGo<\/a><\/strong> \u2013 Brza kupnja s trenutnom potvrdom<\/li>\n<li>Slu\u017ebena DARS e-vinjeta.si web stranica<\/li>\n<\/ul>\n\n<p>Prednosti online kupnje: nema \u010dekanja na grani\u010dnim benzinskim postajama, trenutna aktivacija, digitalna potvrda na va\u0161em telefonu.<\/p>\n\n<h3 class=\"wp-block-heading\">Fizi\u010dki bodovi za kupnju<\/h3>\n\n<ul class=\"wp-block-list\">\n<li>Benzinske postaje (Petrol, OMV, MOL) diljem Slovenije<\/li>\n<li>Grani\u010dni prijelazi<\/li>\n<li>Po\u0161te<\/li>\n<li>DARS korisni\u010dki centri<\/li>\n<\/ul>\n\n<div style=\"height:25px\" aria-hidden=\"true\" class=\"wp-block-spacer\"><\/div>\n\n<div class=\"wp-block-buttons is-content-justification-center is-layout-flex wp-container-core-buttons-is-layout-a89b3969 wp-block-buttons-is-layout-flex\">\n<div class=\"wp-block-button\"><a class=\"wp-block-button__link wp-element-button\" href=\"https:\/\/vignettego.com\/\" style=\"background-color:#28a745;color:#ffffff;padding:15px 30px;font-size:18px;border-radius:8px;\">\u2705 Preuzmite svoje europske vinjete \u2013 8 zemalja \u2013 na VignetteGo<\/a><\/div>\n<\/div>\n\n<div style=\"height:25px\" aria-hidden=\"true\" class=\"wp-block-spacer\"><\/div>\n\n<h2 class=\"wp-block-heading\">\ud83d\udee3\ufe0f Slovenska mre\u017ea autocesta<\/h2>\n\n<p>Mre\u017ea autocesta Slovenije tvori karakteristi\u010dan kri\u017eni uzorak, s Ljubljanom u sredi\u0161tu:<\/p>\n\n<h3 class=\"wp-block-heading\">A1 \u2013 \u0160entilj do Kopra (sjever-jug)<\/h3>\n\n<p>Prote\u017ee se od <strong>austrijske granice (\u0160entilj\/Spielfeld)<\/strong> kroz Maribor i Ljubljanu do <strong>Jadranske obale (Koper).<\/strong> Ovo je glavna ruta od Austrije do obale Hrvatske preko Slovenije. Ukupna duljina: pribli\u017eno 173 km.  <\/p>\n\n<h3 class=\"wp-block-heading\">A2 \u2013 Karavanke do Obre\u017eja (istok-zapad)<\/h3>\n\n<p>Povezuje <strong>Karavanke tunel (austrijska granica)<\/strong> kroz Ljubljanu s <strong>hrvatskom granicom (Obre\u017eje)<\/strong> prema Zagrebu. Glavni tranzitni koridor od Austrije do Hrvatske. Ukupna duljina: pribli\u017eno 173 km.  <\/p>\n\n<h3 class=\"wp-block-heading\">A3 \u2013 Ljubljanska obilaznica<\/h3>\n\n<p>Prstenasta cesta oko Ljubljane, koja povezuje autoceste A1 i A2. Klju\u010dno za izbjegavanje prometa u centru grada. <\/p>\n\n<h3 class=\"wp-block-heading\">A4 \u2013 Slivnica do Gru\u0161kovja<\/h3>\n\n<p>Povezuje Maribor s hrvatskom granicom kod Gru\u0161kovja, nastavljaju\u0107i prema Zagrebu kao alternativa ruti A2.<\/p>\n\n<h3 class=\"wp-block-heading\">A5 \u2013 Maribor do ma\u0111arske granice<\/h3>\n\n<p>Povezuje Maribor s Ma\u0111arskom, korisno za putnike koji dolaze iz Budimpe\u0161te ma\u0111arskim M70.<\/p>\n\n<h2 class=\"wp-block-heading\">\ud83d\uddfa\ufe0f Popularne rute kroz Sloveniju<\/h2>\n\n<h3 class=\"wp-block-heading\">Be\u010d do hrvatske obale (preko A2)<\/h3>\n\n<p><strong>Ruta:<\/strong> Be\u010d \u2192 Graz \u2192 Maribor \u2192 Ljubljana \u2192 Zagreb \u2192 Split\/Rijeka<\/p>\n\n<p>Klasi\u010dna ruta iz srednje Europe do Jadrana. Trebat \u0107e vam: <a href=\"https:\/\/vignettego.com\/highway-vignette-europe\/hr\/austria-highway-vignette-2026-potpuni-vodic-kroz-digitalne-vinjete\/\">austrijska vinjeta<\/a> + slovenska E-Vinjeta + <a href=\"https:\/\/vignettego.com\/highway-vignette-europe\/hr\/hrvatska-autocestovna-vigneta-2026-potpuni-enc-i-digitalni-vodic-za-naplatu-cestarine\/\">hrvatska cestarina<\/a>. <\/p>\n\n<h3 class=\"wp-block-heading\">M\u00fcnchen do hrvatske obale (preko Karavanke)<\/h3>\n\n<p><strong>Ruta:<\/strong> M\u00fcnchen \u2192 Salzburg \u2192 Villach \u2192 Karavanke tunel \u2192 Ljubljani \u2192 Zagreb<\/p>\n\n<p>Popularna ruta iz Njema\u010dke. Trebat \u0107e vam: austrijska vinjeta + slovenska E-Vinjeta + hrvatska cestarina. <\/p>\n\n<h3 class=\"wp-block-heading\">Budimpe\u0161ta do Ljubljane<\/h3>\n\n<p><strong>Ruta:<\/strong> Budimpe\u0161ta \u2192 preko M70 \u2192 Maribora \u2192 Ljubljane<\/p>\n\n<p>Izravna ruta iz Ma\u0111arske. Trebat \u0107e vam: <a href=\"https:\/\/vignettego.com\/highway-vignette-europe\/hr\/madarska-autocestovna-vigneta-2026-potpuni-vodic-za-e-matricu\/\">ma\u0111arska E-Matrica<\/a> + slovenska E-Vinjeta. <\/p>\n\n<div style=\"height:25px\" aria-hidden=\"true\" class=\"wp-block-spacer\"><\/div>\n\n<div class=\"wp-block-buttons is-content-justification-center is-layout-flex wp-container-core-buttons-is-layout-a89b3969 wp-block-buttons-is-layout-flex\">\n<div class=\"wp-block-button\"><a class=\"wp-block-button__link wp-element-button\" href=\"https:\/\/vignettego.com\/\" style=\"background-color:#ff6600;color:#ffffff;padding:15px 30px;font-size:18px;border-radius:8px;\">\ud83d\uded2 Naru\u010dite sve europske vinjete na VignetteGo<\/a><\/div>\n<\/div>\n\n<div style=\"height:25px\" aria-hidden=\"true\" class=\"wp-block-spacer\"><\/div>\n\n<h2 class=\"wp-block-heading\">\u26a0\ufe0f Va\u017ena pravila E-Vinjeta<\/h2>\n\n<h3 class=\"wp-block-heading\">Vrijeme po\u010detka valjanosti<\/h3>\n\n<p>Prilikom online kupnje mo\u017eete odabrati <strong>budu\u0107i datum po\u010detka<\/strong>. Vinjeta postaje va\u017ee\u0107a u 00:00 na odabrani datum. Savr\u0161eno za planiranje unaprijed!  <\/p>\n\n<h3 class=\"wp-block-heading\">Registracija registarskih plo\u010dica<\/h3>\n\n<p>E-Vinjeta je registrirana na <strong>va\u0161 to\u010dan registarski broj<\/strong>. Dvaput provjerite ima li tipfelera prilikom kupnje! Pogre\u0161ke se ne mogu lako ispraviti.  <\/p>\n\n<h3 class=\"wp-block-heading\">Kazne za nepo\u0161tivanje propisa<\/h3>\n\n<ul class=\"wp-block-list\">\n<li><strong>Standardna kazna:<\/strong> EUR 300-800 za putni\u010dka vozila<\/li>\n<li><strong>Pla\u0107anje na licu mjesta:<\/strong> Obi\u010dno je ni\u017ea ako se pla\u0107a odmah<\/li>\n<li>Provedba putem automatskih kamera sustava (ANPR)<\/li>\n<\/ul>\n\n<h3 class=\"wp-block-heading\">Koje ceste zahtijevaju vinjetu?<\/h3>\n\n<p>Samo ceste ozna\u010dene znakom autoceste (zeleno s bijelim oznakom &#8220;A&#8221;) zahtijevaju vinjetu. Obi\u010dne ceste (\u017euto ozna\u010dene nacionalne ceste) su besplatne. <\/p>\n\n<h2 class=\"wp-block-heading\">\ud83d\udca1 Savjeti za vo\u017enju u Sloveniji za 2026. godinu<\/h2>\n\n<h3 class=\"wp-block-heading\">Ograni\u010denja brzine<\/h3>\n\n<ul class=\"wp-block-list\">\n<li><strong>Autoceste:<\/strong> 130 km\/h<\/li>\n<li><strong>Brze ceste:<\/strong> 110 km\/h<\/li>\n<li><strong>Nacionalne ceste:<\/strong> 90 km\/h<\/li>\n<li><strong>Urbana podru\u010dja:<\/strong> 50 km\/h<\/li>\n<\/ul>\n\n<h3 class=\"wp-block-heading\">Potrebna oprema<\/h3>\n\n<ul class=\"wp-block-list\">\n<li>Trokut upozorenja<\/li>\n<li>Reflektiraju\u0107i prsluk (u vozilu, ne u prtlja\u017eniku)<\/li>\n<li>Prva pomo\u0107<\/li>\n<li><strong>Prednja svjetla:<\/strong> Mora biti uklju\u010den u svakom trenutku tijekom vo\u017enje<\/li>\n<li><strong>Zimska oprema:<\/strong> 15. studenog &#8211; 15. o\u017eujka potrebne su zimske gume ili lanci<\/li>\n<\/ul>\n\n<h3 class=\"wp-block-heading\">Savjeti za tunel Karavanke<\/h3>\n\n<p>Karavanski tunel koji povezuje Austriju i Sloveniju mo\u017ee imati <strong>zna\u010dajna ka\u0161njenja<\/strong> tijekom ljetnih vikenda. Razmislite o putovanju rano ujutro ili kasno nave\u010der. Provjerite prometni status na <a href=\"https:\/\/www.promet.si\/en\" target=\"_blank\" rel=\"noopener\">promet.si<\/a>.  <\/p>\n\n<h2 class=\"wp-block-heading\" id=\"faq-section\">\u2753 \u010cesto postavljana pitanja<\/h2>\n\n<h3 class=\"wp-block-heading\">Mogu li koristiti obi\u010dne ceste kako bih izbjegao kupnju vignete?<\/h3>\n\n<p>Tehni\u010dki da, ali to zna\u010dajno pove\u0107ava vrijeme putovanja. Na primjer, vo\u017enja od Ljubljane do Kopra traje 1 sat autocestom naspram 2+ sata na obi\u010dnim cestama. <\/p>\n\n<h3 class=\"wp-block-heading\">Trebaju li motocikli vinjetu?<\/h3>\n\n<p>Da, motocikli (klasa 1) zahtijevaju zasebnu kategoriju vinjeta po sni\u017eenim cijenama.<\/p>\n\n<h3 class=\"wp-block-heading\">\u0160to ako unajmim auto u Sloveniji?<\/h3>\n\n<p>Ve\u0107ina tvrtki za najam uklju\u010duje E-Vinjetu u najam ili je nudi kao dodatak. Provjerite prije nego \u0161to preuzmete vozilo. <\/p>\n\n<h3 class=\"wp-block-heading\">Pokriva li E-Vinjeta tunel Karavanke?<\/h3>\n\n<p>Da, Karavanke tunel izme\u0111u Austrije i Slovenije prekriven je slovenskom E-Vinjetom na slovenskoj strani. Tako\u0111er \u0107e vam trebati austrijska vinjeta za austrijsku stranu. <\/p>\n\n<div style=\"height:25px\" aria-hidden=\"true\" class=\"wp-block-spacer\"><\/div>\n\n<div class=\"wp-block-buttons is-content-justification-center is-layout-flex wp-container-core-buttons-is-layout-a89b3969 wp-block-buttons-is-layout-flex\">\n<div class=\"wp-block-button\"><a class=\"wp-block-button__link wp-element-button\" href=\"https:\/\/vignettego.com\/\" style=\"background-color:#e91e63;color:#ffffff;padding:15px 30px;font-size:18px;border-radius:8px;\">\ud83d\ude97 Preuzmite svoje europske vinjete s autocesta na VignetteGo \u2192<\/a><\/div>\n<\/div>\n\n<div style=\"height:25px\" aria-hidden=\"true\" class=\"wp-block-spacer\"><\/div>\n\n<h2 class=\"wp-block-heading\">\ud83c\udfd4\ufe0f Za\u0161to posjetiti Sloveniju?<\/h2>\n\n<ul class=\"wp-block-list\">\n<li><strong>Jezero Bled:<\/strong> Ikoni\u010dna oto\u010dna crkva u alpskom okru\u017eenju<\/li>\n<li><strong>Ljubljana:<\/strong> \u0160armantna prijestolnica s starim gradom bez automobila<\/li>\n<li><strong>Postojna \u0161pilja:<\/strong> Jedan od najve\u0107ih europskih \u0161piljskih sustava<\/li>\n<li><strong>Julijske Alpe:<\/strong> Spektakularni planinski krajolici, Nacionalni park Triglav<\/li>\n<li><strong>Piran:<\/strong> Prekrasni obalni grad u venecijanskom stilu<\/li>\n<li><strong>So\u010dka dolina:<\/strong> Smaragdna rijeka, savr\u0161ena za avanturisti\u010dke sportove<\/li>\n<li><strong>Vinske regije:<\/strong> Izvrsna lokalna vina, posebno iz Gori\u0161ke Brde<\/li>\n<\/ul>\n\n<h2 class=\"wp-block-heading\">\ud83d\udccd Zaklju\u010dak<\/h2>\n\n<p>Kompaktna veli\u010dina Slovenije olak\u0161ava istra\u017eivanje automobilom, a E-Vinjeta sustav je jednostavan za kori\u0161tenje. Bilo da prolazite na putu prema Hrvatskoj ili istra\u017eujete zadivljuju\u0107e krajolike Slovenije, prava vinjeta osigurava putovanje bez stresa. <\/p>\n\n<p>Za putovanja po vi\u0161e zemalja, kombinirajte svoj slovenski E-Vinjeta s vinjetama za <a href=\"https:\/\/vignettego.com\/highway-vignette-europe\/hr\/austria-highway-vignette-2026-potpuni-vodic-kroz-digitalne-vinjete\/\">Austriju<\/a>, <a href=\"https:\/\/vignettego.com\/highway-vignette-europe\/hr\/madarska-autocestovna-vigneta-2026-potpuni-vodic-za-e-matricu\/\">Ma\u0111arsku<\/a> i <a href=\"https:\/\/vignettego.com\/highway-vignette-europe\/hr\/hrvatska-autocestovna-vigneta-2026-potpuni-enc-i-digitalni-vodic-za-naplatu-cestarine\/\">Hrvatsku<\/a>. Prona\u0111ite sve svoje vinjete na jednom mjestu na <a href=\"https:\/\/vignettego.com\/\" title=\"VignetteGo - Europske vinjete s autocesta\">VignetteGo<\/a>. <\/p>\n\n<p><strong>U\u017eivajte u Sloveniji! \ud83c\uddf8\ud83c\uddee\ud83c\udfd4\ufe0f <\/strong><\/p>\n\n<p><strong>Povezani vodi\u010di:<\/strong> <a href=\"https:\/\/vignettego.com\/highway-vignette-europe\/hr\/austria-highway-vignette-2026-potpuni-vodic-kroz-digitalne-vinjete\/\">Austria Digital Vignette<\/a> | <a href=\"https:\/\/vignettego.com\/highway-vignette-europe\/hr\/hrvatska-autocestovna-vigneta-2026-potpuni-enc-i-digitalni-vodic-za-naplatu-cestarine\/\">Vodi\u010d za cestarinu u Hrvatskoj<\/a> | <a href=\"https:\/\/vignettego.com\/\">Sve europske vinjete<\/a><\/p>\n","protected":false},"excerpt":{"rendered":"<p>Slovenija mo\u017eda jeste mala, ali nudi nevjerojatnu raznolikost krajolika\u2014od zadivljuju\u0107ih Julijskih Alpa i smaragdnog jezera Bled do mediteranske obale i golemih kr\u0161kih \u0161pilja. Ova alpska zemlja klju\u010dna je tranzitna zemlja za putnike koji voze izme\u0111u srednje Europe i Jadrana. Ovaj vodi\u010d pokriva sve o slovenskoj E-Vinjeti (elektroni\u010dkoj vinjeti ) za 2026.: cijene, valjanost, gdje kupiti [&hellip;]<\/p>\n","protected":false},"author":0,"featured_media":0,"parent":0,"menu_order":0,"comment_status":"closed","ping_status":"closed","template":"","meta":{"footnotes":""},"class_list":["post-619","page","type-page","status-publish","hentry"],"_links":{"self":[{"href":"https:\/\/vignettego.com\/highway-vignette-europe\/hr\/wp-json\/wp\/v2\/pages\/619","targetHints":{"allow":["GET"]}}],"collection":[{"href":"https:\/\/vignettego.com\/highway-vignette-europe\/hr\/wp-json\/wp\/v2\/pages"}],"about":[{"href":"https:\/\/vignettego.com\/highway-vignette-europe\/hr\/wp-json\/wp\/v2\/types\/page"}],"replies":[{"embeddable":true,"href":"https:\/\/vignettego.com\/highway-vignette-europe\/hr\/wp-json\/wp\/v2\/comments?post=619"}],"version-history":[{"count":4,"href":"https:\/\/vignettego.com\/highway-vignette-europe\/hr\/wp-json\/wp\/v2\/pages\/619\/revisions"}],"predecessor-version":[{"id":1310,"href":"https:\/\/vignettego.com\/highway-vignette-europe\/hr\/wp-json\/wp\/v2\/pages\/619\/revisions\/1310"}],"wp:attachment":[{"href":"https:\/\/vignettego.com\/highway-vignette-europe\/hr\/wp-json\/wp\/v2\/media?parent=619"}],"curies":[{"name":"wp","href":"https:\/\/api.w.org\/{rel}","templated":true}]}}