{"id":598,"date":"2026-01-04T01:37:39","date_gmt":"2026-01-04T01:37:39","guid":{"rendered":"https:\/\/vignettego.com\/highway-vignette-europe\/madarska-autocestovna-vigneta-2026-potpuni-vodic-za-e-matricu\/"},"modified":"2026-01-04T12:39:58","modified_gmt":"2026-01-04T12:39:58","slug":"madarska-autocestovna-vigneta-2026-potpuni-vodic-za-e-matricu","status":"publish","type":"page","link":"https:\/\/vignettego.com\/highway-vignette-europe\/hr\/madarska-autocestovna-vigneta-2026-potpuni-vodic-za-e-matricu\/","title":{"rendered":"Ma\u0111arska autocestovna vigneta 2026: Potpuni vodi\u010d za E-Matricu"},"content":{"rendered":"\n<script type=\"application\/ld+json\">{\n    \"@context\": \"https:\/\/schema.org\",\n    \"@graph\": [\n        {\n            \"@type\": \"Article\",\n            \"@id\": \"https:\/\/vignettego.com\/highway-vignette-europe\/hungary-highway-vignette-guide\/#article\",\n            \"headline\": \"Hungary Highway Vignette 2026: Complete E-Matrica Guide\",\n            \"description\": \"Everything about the Hungarian E-Matrica system 2026: prices, validity, how to buy online, and essential tips for driving on Hungarian motorways. Your complete guide to the electronic vignette.\",\n            \"image\": \"https:\/\/vignettego.com\/highway-vignette-europe\/wp-content\/uploads\/2026\/09\/Highway-Vignette-Europe.jpg\",\n            \"datePublished\": \"2026-01-04\",\n            \"dateModified\": \"2026-01-04\",\n            \"author\": {\"@type\": \"Organization\", \"name\": \"VignetteGo\", \"url\": \"https:\/\/vignettego.com\"},\n            \"publisher\": {\"@type\": \"Organization\", \"name\": \"VignetteGo\"},\n            \"mainEntityOfPage\": {\"@type\": \"WebPage\", \"@id\": \"https:\/\/vignettego.com\/highway-vignette-europe\/hungary-highway-vignette-guide\/\"},\n            \"articleSection\": \"Highway Vignettes\",\n            \"keywords\": [\"Hungary vignette\", \"E-Matrica\", \"Hungarian motorway\", \"Budapest driving\", \"M1 motorway\", \"Hungary toll\"],\n            \"inLanguage\": \"en\",\n            \"speakable\": {\"@type\": \"SpeakableSpecification\", \"cssSelector\": [\".article-intro\", \"#faq-section\"]}\n        },\n        {\n            \"@type\": \"BreadcrumbList\",\n            \"itemListElement\": [\n                {\"@type\": \"ListItem\", \"position\": 1, \"name\": \"VignetteGo\", \"item\": \"https:\/\/vignettego.com\/\"},\n                {\"@type\": \"ListItem\", \"position\": 2, \"name\": \"Highway Vignette Europe\", \"item\": \"https:\/\/vignettego.com\/highway-vignette-europe\/\"},\n                {\"@type\": \"ListItem\", \"position\": 3, \"name\": \"Hungary Guide\", \"item\": \"https:\/\/vignettego.com\/highway-vignette-europe\/hungary-highway-vignette-guide\/\"}\n            ]\n        },\n        {\n            \"@type\": \"FAQPage\",\n            \"mainEntity\": [\n                {\"@type\": \"Question\", \"name\": \"How much does a Hungarian E-Matrica cost?\", \"acceptedAnswer\": {\"@type\": \"Answer\", \"text\": \"For 2026, the D1 category (standard cars) costs approximately: 10-day regional HUF 4,270, 10-day national HUF 5,950, monthly HUF 6,590, and annual HUF 57,420. Prices may be adjusted.\"}},\n                {\"@type\": \"Question\", \"name\": \"Can I buy the Hungarian E-Matrica online?\", \"acceptedAnswer\": {\"@type\": \"Answer\", \"text\": \"Yes, you can purchase the E-Matrica online at VignetteGo or the official Hungarian motorway website. Registration is linked to your license plate, so no physical sticker is needed.\"}},\n                {\"@type\": \"Question\", \"name\": \"What is the difference between regional and national E-Matrica?\", \"acceptedAnswer\": {\"@type\": \"Answer\", \"text\": \"Regional E-Matrica (D1 REGIONAL) covers only the main transit routes (M1, M5, M7 etc.), while National E-Matrica (D1) covers the entire motorway network including all M and R roads.\"}},\n                {\"@type\": \"Question\", \"name\": \"What if I drive without a vignette in Hungary?\", \"acceptedAnswer\": {\"@type\": \"Answer\", \"text\": \"Fines for driving without a valid E-Matrica are significant\u2014from HUF 14,875 to HUF 88,500 depending on vehicle category. Enforcement is done via cameras, so non-compliance is easily detected.\"}},\n                {\"@type\": \"Question\", \"name\": \"Do I need a vignette for all roads in Hungary?\", \"acceptedAnswer\": {\"@type\": \"Answer\", \"text\": \"No, only motorways (M roads) and expressways (R roads) require a vignette. Regular national roads and local roads are free to use.\"}}\n            ]\n        }\n    ]\n}\n<\/script>\n\n<figure class=\"wp-block-image aligncenter size-large\"><img decoding=\"async\" src=\"https:\/\/vignettego.com\/highway-vignette-europe\/wp-content\/uploads\/2026\/09\/Highway-Vignette-Europe.jpg\" alt=\"Hungary E-Matrica 2026 - Potpuni vodi&#x10D; kroz ma&#x111;arsku autocestovnu vinjetu\" style=\"width:100%; height:auto; margin-bottom:20px;\"\/><\/figure>\n\n<p class=\"article-intro\">Ma\u0111arska se nalazi na raskri\u017eju Srednje Europe, \u0161to je \u010dini klju\u010dnom tranzitnom zemljom za putnike koji putuju na Balkan, u Austriju, Slova\u010dku ili Rumunjsku. Od veli\u010danstvene zgrade parlamenta u Budimpe\u0161ti do termalnih kupki u H\u00e9v\u00edzu, vinskog kraja Tokaj i prostranih ravnica Puszte, Ma\u0111arska nudi bogata kulturna iskustva. Ovaj vodi\u010d pokriva sve o <strong>ma\u0111arskoj E-Matrici (elektroni\u010dkoj vinjeti<\/strong> ) za 2026.: cijene, vrste valjanosti, gdje kupiti i klju\u010dne savjete za vo\u017enju po ma\u0111arskim autocestama.  <\/p>\n\n<div style=\"height:25px\" aria-hidden=\"true\" class=\"wp-block-spacer\"><\/div>\n\n<div class=\"wp-block-buttons is-content-justification-center is-layout-flex wp-container-core-buttons-is-layout-a89b3969 wp-block-buttons-is-layout-flex\">\n<div class=\"wp-block-button\"><a class=\"wp-block-button__link wp-element-button\" href=\"https:\/\/vignettego.com\/\" style=\"background-color:#0066cc;color:#ffffff;padding:15px 30px;font-size:18px;border-radius:8px;\">\ud83d\ude97 Preuzmite svoj ma\u0111arski e-Matrica na VignetteGo-u<\/a><\/div>\n<\/div>\n\n<div style=\"height:25px\" aria-hidden=\"true\" class=\"wp-block-spacer\"><\/div>\n\n<h2 class=\"wp-block-heading\">\ud83c\udded\ud83c\uddfa \u0160to je ma\u0111arska E-Matrica?<\/h2>\n\n<p>Ma\u0111arska je bila jedna od prvih europskih zemalja koja je 2008. godine usvojila <strong>potpuno elektroni\u010dki sustav vinjeta (E-Matrica).<\/strong> Nije potrebna fizi\u010dka naljepnica\u2014broj registarske plo\u010dice va\u0161eg vozila registriran je u nacionalnoj bazi podataka o cestarinama, a sustavi kamera du\u017e autocesta automatski provjeravaju status va\u0161e vinjete. <\/p>\n\n<p>Sustav E-Matrica pokriva sve <strong>ma\u0111arske autoceste (M ceste)<\/strong> i <strong>brze ceste (R ceste).<\/strong> Redovne nacionalne ceste (glavne ceste s brojevima 1-9, sporedne ceste 10-99 itd.) slobodne su za kori\u0161tenje bez vinjeta. <\/p>\n\n<h2 class=\"wp-block-heading\">\ud83d\udcb0 Cijene E-Matrica 2026<\/h2>\n\n<p>Cijene su u ma\u0111arskim forintima (HUF). Ma\u0111arska koristi vlastitu valutu i nije usvojila euro. Trenutni te\u010daj je pribli\u017eno 1 EUR = 400 HUF.  <\/p>\n\n<h3 class=\"wp-block-heading\">Kategorija D1 (Automobili do 3,5 tone)<\/h3>\n\n<figure class=\"wp-block-table\"><table><thead><tr><th>Tip vinjete<\/th><th>Cijena (HUF)<\/th><th>Pribli\u017eno EUR <\/th><\/tr><\/thead><tbody><tr><td><strong>10-dnevni regionalni turnir<\/strong><\/td><td>4.270 HUF<\/td><td>~EUR 11<\/td><\/tr><tr><td><strong>10-dnevna nacionalna utrka<\/strong><\/td><td>HUF 5.950<\/td><td>~EUR 15<\/td><\/tr><tr><td><strong>Mjese\u010dni nacionalni<\/strong><\/td><td>6.590 HUF<\/td><td>~EUR 16<\/td><\/tr><tr><td><strong>Godi\u0161nje nacionalno natjecanje<\/strong><\/td><td>HUF 57.420<\/td><td>~EUR 143<\/td><\/tr><\/tbody><\/table><\/figure>\n\n<h3 class=\"wp-block-heading\">Regionalna vs Nacionalna E-Matrica<\/h3>\n\n<p><strong>Regionalne E-Matrice (D1 REGIONALNE):<\/strong> Obuhva\u0107a samo glavne tranzitne koridore:<\/p>\n\n<ul class=\"wp-block-list\">\n<li>M1 (Be\u010d-Budimpe\u0161ta)<\/li>\n<li>M5 (granica Budimpe\u0161ta-Seged-Srbija)<\/li>\n<li>M7 (granica Budimpe\u0161ta-jezero Balaton-Hrvatska)<\/li>\n<li>M3 (granica Budimpe\u0161ta, Debrecin i Ukrajina) \u2013 odabrani dijelovi<\/li>\n<li>M15, M30, M31, M35 \u2013 odabrane sekcije<\/li>\n<\/ul>\n\n<p><strong>Nacionalna E-Matrica (D1):<\/strong> Obuhva\u0107a <strong>cijelu mre\u017eu autocesta<\/strong>, uklju\u010duju\u0107i:<\/p>\n\n<ul class=\"wp-block-list\">\n<li>Sve M-ceste (M0, M1, M2, M3, M4, M5, M6, M7, M15, M30, M31, M35, M43, M44, M70, M85, M86)<\/li>\n<li>Sve R-ceste (brze ceste)<\/li>\n<\/ul>\n\n<p><strong>Savjet:<\/strong> Ako planirate istra\u017eivati Ma\u0111arsku izvan glavnih tranzitnih koridora (npr. posjetiti odmarali\u0161ta na jezeru Balaton, Pe\u010duhu, regiju Tokaj), nabavite Nacionalnu E-Matricu.<\/p>\n\n<h2 class=\"wp-block-heading\">\ud83d\uded2 Gdje kupiti ma\u0111arsku E-Matricu<\/h2>\n\n<h3 class=\"wp-block-heading\">Online (preporu\u010deno)<\/h3>\n\n<p>Najlak\u0161i na\u010din za kupnju je online prije putovanja:<\/p>\n\n<ul class=\"wp-block-list\">\n<li><strong><a href=\"https:\/\/vignettego.com\/\">VignetteGo<\/a><\/strong> \u2013 Brza kupnja s trenutnom potvrdom<\/li>\n<li>Slu\u017ebena web stranica ma\u0111arske autoceste (ematrica.nemzetiutdij.hu)<\/li>\n<\/ul>\n\n<p>Prednosti online kupnje: nema \u010dekanja na grani\u010dnim benzinskim postajama, trenutna aktivacija, digitalna potvrda na va\u0161em telefonu.<\/p>\n\n<h3 class=\"wp-block-heading\">Fizi\u010dki bodovi za kupnju<\/h3>\n\n<ul class=\"wp-block-list\">\n<li>Benzinske postaje (MOL, Shell, OMV) diljem Ma\u0111arske<\/li>\n<li>Grani\u010dni prijelazi<\/li>\n<li>Po\u0161te<\/li>\n<li>Centri za korisni\u010dku podr\u0161ku<\/li>\n<\/ul>\n\n<div style=\"height:25px\" aria-hidden=\"true\" class=\"wp-block-spacer\"><\/div>\n\n<div class=\"wp-block-buttons is-content-justification-center is-layout-flex wp-container-core-buttons-is-layout-a89b3969 wp-block-buttons-is-layout-flex\">\n<div class=\"wp-block-button\"><a class=\"wp-block-button__link wp-element-button\" href=\"https:\/\/vignettego.com\/\" style=\"background-color:#28a745;color:#ffffff;padding:15px 30px;font-size:18px;border-radius:8px;\">\u2705 Preuzmite europske vinjete \u2013 8 zemalja \u2013 na VignetteGo<\/a><\/div>\n<\/div>\n\n<div style=\"height:25px\" aria-hidden=\"true\" class=\"wp-block-spacer\"><\/div>\n\n<h2 class=\"wp-block-heading\">\ud83d\udee3\ufe0f Ma\u0111arska mre\u017ea autocesta<\/h2>\n\n<p>Mre\u017ea autocesta u Ma\u0111arskoj zra\u010di iz Budimpe\u0161te poput zvijezde, povezuju\u0107i glavni grad sa svim susjednim zemljama.<\/p>\n\n<h3 class=\"wp-block-heading\">M0 \u2013 Budimpe\u0161tanska obilaznica<\/h3>\n\n<p>Orbitalna autocesta oko Budimpe\u0161te, koja povezuje sve glavne radijalne autoceste. Neophodan za izbjegavanje prometa u centru grada prilikom prolaska kroz Ma\u0111arsku. <\/p>\n\n<h3 class=\"wp-block-heading\">M1 \u2013 Budimpe\u0161ta do Be\u010da<\/h3>\n\n<p>Glavni koridor prema <strong>Austriji<\/strong>, koji povezuje Budimpe\u0161tu s Be\u010dem preko Gy\u0151ra. Ukupna duljina: pribli\u017eno 170 km. Prelazi u Austriju kod Hegyeshaloma\/Nickelsdorfa. Trebat \u0107e vam austrijska <a href=\"https:\/\/vignettego.com\/highway-vignette-europe\/hr\/austria-highway-vignette-2026-potpuni-vodic-kroz-digitalne-vinjete\/\">vinjeta<\/a> da nastavite.   <\/p>\n\n<h3 class=\"wp-block-heading\">M3 \u2013 Budimpe\u0161ta do granice s Ukrajinom<\/h3>\n\n<p>Sjeveroisto\u010dni koridor prema <strong>Ukrajini i Slova\u010dkoj<\/strong>, prolaze\u0107i kroz Debrecen. Pristup vinskoj regiji Tokaj i Nacionalnom parku Hortobagy. <\/p>\n\n<h3 class=\"wp-block-heading\">M5 \u2013 Budimpe\u0161ta do granice sa Srbijom<\/h3>\n\n<p>Ju\u017eni koridor prema <strong>Srbiji<\/strong>, povezan sa Segedinom i nastavljaju\u0107i prema Subotici\/Beogradu. Ukupna duljina: pribli\u017eno 156 km. <\/p>\n\n<h3 class=\"wp-block-heading\">M6 \u2013 Budimpe\u0161ta do granice Hrvatske<\/h3>\n\n<p>Jugozapadni koridor prema <strong>Hrvatskoj (Barcs),<\/strong> prolaze\u0107i kroz Pe\u010duh. Alternativna ruta prema hrvatskoj obali zaobilaze\u0107i Sloveniju. <\/p>\n\n<h3 class=\"wp-block-heading\">M7 \u2013 Budimpe\u0161ta do jezera Balaton\/Hrvatska<\/h3>\n\n<p>Glavna turisti\u010dka ruta vodi do <strong>jezera Balaton<\/strong> i nastavlja prema <strong>Hrvatskoj (Letenye).<\/strong> Izuzetno je zauzeto tijekom ljetnih vikenda. Ukupna duljina: pribli\u017eno 232 km.  <\/p>\n\n<h3 class=\"wp-block-heading\">M15 \u2013 Rajka do Bratislave<\/h3>\n\n<p>Kratka autocesta koja povezuje <strong>Slova\u010dku<\/strong> i Bratislavu, odvaja se od M1. Trebat \u0107e vam slova\u010dka <a href=\"https:\/\/vignettego.com\/highway-vignette-europe\/hr\/slovacka-autocestovna-vigneta-2026-potpuni-vodic-kroz-dialnicna-znamka\/\">vinjeta<\/a> da nastavite. <\/p>\n\n<h3 class=\"wp-block-heading\">M70 \u2013 Letenje do slovenske granice<\/h3>\n\n<p>Kratka autocesta koja povezuje <strong>sa Slovenijom<\/strong>, nastavlja se kao slovenska A5. Trebat \u0107e vam <a href=\"https:\/\/vignettego.com\/highway-vignette-europe\/hr\/slovenska-autocesta-vignette-2026-potpuni-vodic-za-e-vinjeta\/\">slovenski E-Vinjeta<\/a> za nastavak. <\/p>\n\n<h2 class=\"wp-block-heading\">\ud83d\uddfa\ufe0f Popularne rute kroz Ma\u0111arsku<\/h2>\n\n<h3 class=\"wp-block-heading\">Be\u010d do Budimpe\u0161te (M1)<\/h3>\n\n<p><strong>Udaljenost:<\/strong> ~250 km | <strong>Trajanje:<\/strong> 2,5-3 sata | <strong>Potrebne su vinjete:<\/strong> Austrijski + Ma\u0111ar<\/p>\n\n<p>Klasi\u010dna srednjoeuropska ruta. Izvrsni uvjeti na autocesti. Razmislite o zaustavljanju u Gy\u0151ru\u2014prekrasnom baroknom gradu.  <\/p>\n\n<h3 class=\"wp-block-heading\">Budimpe\u0161ta do jezera Balaton (M7)<\/h3>\n\n<p><strong>Udaljenost:<\/strong> ~100 km (do Si\u00f3foka) | <strong>Trajanje:<\/strong> 1-1,5 sat<\/p>\n\n<p>Najve\u0107e jezero u Srednjoj Europi i Ma\u0111arska najbolja ljetna destinacija. M7 je izuzetno zagu\u0161en petkom i nedjeljom ljeti. <\/p>\n\n<h3 class=\"wp-block-heading\">Budimpe\u0161ta do hrvatske obale (preko M7\/M70)<\/h3>\n\n<p><strong>Ruta:<\/strong> Budimpe\u0161ta \u2192 jezero Balaton \u2192 Letenye \u2192 Zagreb \u2192 Split<\/p>\n\n<p>Alternativna ruta prema Hrvatskoj preko Ma\u0111arske i Slovenije. Potrebne vinjete: ma\u0111arska E-Matrica + <a href=\"https:\/\/vignettego.com\/highway-vignette-europe\/hr\/slovenska-autocesta-vignette-2026-potpuni-vodic-za-e-vinjeta\/\">slovenska E-Vinjeta<\/a> + <a href=\"https:\/\/vignettego.com\/highway-vignette-europe\/hr\/hrvatska-autocestovna-vigneta-2026-potpuni-enc-i-digitalni-vodic-za-naplatu-cestarine\/\">hrvatska cestarina<\/a>. <\/p>\n\n<h3 class=\"wp-block-heading\">Be\u010d do Rumunjske (preko M1, M0, M5, M43)<\/h3>\n\n<p><strong>Ruta:<\/strong> Be\u010d \u2192 Budimpe\u0161ta \u2192 Seged \u2192 Arad (Rumunjska)<\/p>\n\n<p>Glavna ruta iz zapadne Europe u Rumunjsku. Potrebne su vinjete: austrijska + ma\u0111arska + <a href=\"https:\/\/vignettego.com\/highway-vignette-europe\/hr\/rumunjska-autocestovna-vigneta-2026-potpuni-vodic-za-rovinietu\/\">rumunjska rovinieta<\/a>. <\/p>\n\n<div style=\"height:25px\" aria-hidden=\"true\" class=\"wp-block-spacer\"><\/div>\n\n<div class=\"wp-block-buttons is-content-justification-center is-layout-flex wp-container-core-buttons-is-layout-a89b3969 wp-block-buttons-is-layout-flex\">\n<div class=\"wp-block-button\"><a class=\"wp-block-button__link wp-element-button\" href=\"https:\/\/vignettego.com\/\" style=\"background-color:#ff6600;color:#ffffff;padding:15px 30px;font-size:18px;border-radius:8px;\">\ud83d\uded2 Naru\u010dite sve europske vinjete na VignetteGo<\/a><\/div>\n<\/div>\n\n<div style=\"height:25px\" aria-hidden=\"true\" class=\"wp-block-spacer\"><\/div>\n\n<h2 class=\"wp-block-heading\">\u26a0\ufe0f Va\u017ena E-Matrica pravila<\/h2>\n\n<h3 class=\"wp-block-heading\">Razdoblje valjanosti<\/h3>\n\n<ul class=\"wp-block-list\">\n<li><strong>10 dana:<\/strong> Vrijedi 10 uzastopnih dana, uklju\u010duju\u0107i dan kupnje<\/li>\n<li><strong>Mjese\u010dno:<\/strong> Vrijedi do istog datuma sljede\u0107eg mjeseca<\/li>\n<li><strong>Godi\u0161njak:<\/strong> Vrijedi jednu kalendarsku godinu od 1. sije\u010dnja do 31. prosinca, ili od datuma kupnje ako je kupljeno sredinom godine<\/li>\n<\/ul>\n\n<h3 class=\"wp-block-heading\">Registracija registarskih plo\u010dica<\/h3>\n\n<p>E-Matrica je registrirana na <strong>va\u0161 to\u010dan registarski broj<\/strong> i <strong>pozivni broj zemlje<\/strong>. Dvaput provjerite ima li tipfelera prilikom kupnje! Pogre\u0161ke zahtijevaju kupnju nove vinjete.  <\/p>\n\n<h3 class=\"wp-block-heading\">Kazne za nepo\u0161tivanje propisa<\/h3>\n\n<ul class=\"wp-block-list\">\n<li><strong>D1 kategorija (automobili):<\/strong> 14.875 HUF do 88.500 HUF<\/li>\n<li><strong>Pla\u0107anje na licu mjesta:<\/strong> Obi\u010dno ni\u017ea ako se pla\u0107a unutar 60 dana<\/li>\n<li>Provedba putem automatskih kamera sustava (ANPR)<\/li>\n<\/ul>\n\n<h2 class=\"wp-block-heading\">\ud83d\udca1 Savjeti za vo\u017enju u Ma\u0111arskoj za 2026.<\/h2>\n\n<h3 class=\"wp-block-heading\">Valuta<\/h3>\n\n<p>Ma\u0111arska koristi ma\u0111arsku <strong>forintu (HUF).<\/strong> Euri nisu \u0161iroko prihva\u0107eni osim na nekim postajama na granici. Kreditne kartice prihva\u0107aju gotovo svugdje.  <\/p>\n\n<h3 class=\"wp-block-heading\">Ograni\u010denja brzine<\/h3>\n\n<ul class=\"wp-block-list\">\n<li><strong>Autoceste:<\/strong> 130 km\/h<\/li>\n<li><strong>Brze ceste:<\/strong> 110 km\/h<\/li>\n<li><strong>Glavne ceste:<\/strong> 90 km\/h<\/li>\n<li><strong>Urbana podru\u010dja:<\/strong> 50 km\/h<\/li>\n<\/ul>\n\n<h3 class=\"wp-block-heading\">Potrebna oprema<\/h3>\n\n<ul class=\"wp-block-list\">\n<li>Trokut upozorenja<\/li>\n<li>Reflektiraju\u0107i prsluk<\/li>\n<li>Prva pomo\u0107<\/li>\n<li><strong>Prednja svjetla:<\/strong> Mora biti na vanjskim izgra\u0111enim podru\u010djima u svakom trenutku<\/li>\n<\/ul>\n\n<h3 class=\"wp-block-heading\">Politika nulte tolerancije na alkohol<\/h3>\n\n<p>Ma\u0111arska ima politiku <strong>nulte tolerancije<\/strong> na vo\u017enju pod utjecajem alkohola. Limit alkohola u krvi je 0,0%. Kazne su stroge.  <\/p>\n\n<h2 class=\"wp-block-heading\" id=\"faq-section\">\u2753 \u010cesto postavljana pitanja<\/h2>\n\n<h3 class=\"wp-block-heading\">Trebam li vinjetu za obilaznicu M0?<\/h3>\n\n<p>Da, obilaznica M0 Budimpe\u0161ta zahtijeva va\u017ee\u0107u E-Matricu.<\/p>\n\n<h3 class=\"wp-block-heading\">Mogu li koristiti regionalnu vinjetu za jezero Balaton?<\/h3>\n\n<p>Da, M7 do jezera Balaton pokriva regionalna E-Matrica. Me\u0111utim, ako planirate istra\u017eivati izvan glavnog M7 koridora, nabavite nacionalnu vinjetu. <\/p>\n\n<h3 class=\"wp-block-heading\">\u0160to ako unajmim auto u Ma\u0111arskoj?<\/h3>\n\n<p>Provjerite kod svoje tvrtke za najam \u2014 neke uklju\u010duju E-Matricu, druge zahtijevaju da je kupite zasebno. Provjerite prije nego \u0161to preuzmete vozilo. <\/p>\n\n<div style=\"height:25px\" aria-hidden=\"true\" class=\"wp-block-spacer\"><\/div>\n\n<div class=\"wp-block-buttons is-content-justification-center is-layout-flex wp-container-core-buttons-is-layout-a89b3969 wp-block-buttons-is-layout-flex\">\n<div class=\"wp-block-button\"><a class=\"wp-block-button__link wp-element-button\" href=\"https:\/\/vignettego.com\/\" style=\"background-color:#e91e63;color:#ffffff;padding:15px 30px;font-size:18px;border-radius:8px;\">\ud83d\ude97 Preuzmite svoje europske vinjete s autocesta na VignetteGo \u2192<\/a><\/div>\n<\/div>\n\n<div style=\"height:25px\" aria-hidden=\"true\" class=\"wp-block-spacer\"><\/div>\n\n<h2 class=\"wp-block-heading\">\ud83c\udff0 Za\u0161to posjetiti Ma\u0111arsku?<\/h2>\n\n<ul class=\"wp-block-list\">\n<li><strong>Budimpe\u0161ta:<\/strong> &#8220;Pariz Istoka&#8221; s zadivljuju\u0107om arhitekturom<\/li>\n<li><strong>Termalne kupke:<\/strong> Ma\u0111arska ima vi\u0161e od 1.000 prirodnih termalnih izvora<\/li>\n<li><strong>Jezero Balaton:<\/strong> Najve\u0107e jezero u srednjoj Europi, savr\u0161eno za ljeto<\/li>\n<li><strong>Vinska regija Tokaj:<\/strong> UNESCO-va svjetska ba\u0161tina slatka vina<\/li>\n<li><strong>Hortobagy:<\/strong> Prostrane ma\u0111arske ravnice, tradicionalni konjanici<\/li>\n<li><strong>Eger:<\/strong> Povijesni vinski grad, osmanska tvr\u0111ava<\/li>\n<\/ul>\n\n<h2 class=\"wp-block-heading\">\ud83d\udccd Zaklju\u010dak<\/h2>\n\n<p>Dobro odr\u017eavana mre\u017ea autocesta u Ma\u0111arskoj olak\u0161ava istra\u017eivanje ili prolazak kroz ovu fascinantnu zemlju. E-Matrica sustav je jednostavan \u2013 kupite online prije putovanja i u\u017eivajte u bezbri\u017enoj vo\u017enji. <\/p>\n\n<p>Za putovanja po vi\u0161e zemalja, kombinirajte svoj ma\u0111arski E-Matrica s vinjetama za <a href=\"https:\/\/vignettego.com\/highway-vignette-europe\/hr\/austria-highway-vignette-2026-potpuni-vodic-kroz-digitalne-vinjete\/\">Austriju<\/a>, <a href=\"https:\/\/vignettego.com\/highway-vignette-europe\/hr\/slovacka-autocestovna-vigneta-2026-potpuni-vodic-kroz-dialnicna-znamka\/\">Slova\u010dku<\/a>, <a href=\"https:\/\/vignettego.com\/highway-vignette-europe\/hr\/slovenska-autocesta-vignette-2026-potpuni-vodic-za-e-vinjeta\/\">Sloveniju<\/a> i <a href=\"https:\/\/vignettego.com\/highway-vignette-europe\/hr\/rumunjska-autocestovna-vigneta-2026-potpuni-vodic-za-rovinietu\/\">Rumunjsku<\/a>. Prona\u0111ite sve svoje vinjete na jednom mjestu na <a href=\"https:\/\/vignettego.com\/\" title=\"VignetteGo - Europske vinjete s autocesta\">VignetteGo<\/a>. <\/p>\n\n<p><strong>U\u017eivajte u Ma\u0111arskoj! \ud83c\udded\ud83c\uddfa\ud83c\udff0 <\/strong><\/p>\n\n<p><strong>Povezani vodi\u010di:<\/strong> <a href=\"https:\/\/vignettego.com\/highway-vignette-europe\/hr\/austria-highway-vignette-2026-potpuni-vodic-kroz-digitalne-vinjete\/\">Austria Digital Vignette<\/a> | <a href=\"https:\/\/vignettego.com\/highway-vignette-europe\/hr\/slovacka-autocestovna-vigneta-2026-potpuni-vodic-kroz-dialnicna-znamka\/\">Slova\u010dka vinjeta<\/a> | <a href=\"https:\/\/vignettego.com\/\">Sve europske vinjete<\/a><\/p>\n","protected":false},"excerpt":{"rendered":"<p>Ma\u0111arska se nalazi na raskri\u017eju Srednje Europe, \u0161to je \u010dini klju\u010dnom tranzitnom zemljom za putnike koji putuju na Balkan, u Austriju, Slova\u010dku ili Rumunjsku. Od veli\u010danstvene zgrade parlamenta u Budimpe\u0161ti do termalnih kupki u H\u00e9v\u00edzu, vinskog kraja Tokaj i prostranih ravnica Puszte, Ma\u0111arska nudi bogata kulturna iskustva. Ovaj vodi\u010d pokriva sve o ma\u0111arskoj E-Matrici (elektroni\u010dkoj [&hellip;]<\/p>\n","protected":false},"author":0,"featured_media":0,"parent":0,"menu_order":0,"comment_status":"closed","ping_status":"closed","template":"","meta":{"footnotes":""},"class_list":["post-598","page","type-page","status-publish","hentry"],"_links":{"self":[{"href":"https:\/\/vignettego.com\/highway-vignette-europe\/hr\/wp-json\/wp\/v2\/pages\/598","targetHints":{"allow":["GET"]}}],"collection":[{"href":"https:\/\/vignettego.com\/highway-vignette-europe\/hr\/wp-json\/wp\/v2\/pages"}],"about":[{"href":"https:\/\/vignettego.com\/highway-vignette-europe\/hr\/wp-json\/wp\/v2\/types\/page"}],"replies":[{"embeddable":true,"href":"https:\/\/vignettego.com\/highway-vignette-europe\/hr\/wp-json\/wp\/v2\/comments?post=598"}],"version-history":[{"count":4,"href":"https:\/\/vignettego.com\/highway-vignette-europe\/hr\/wp-json\/wp\/v2\/pages\/598\/revisions"}],"predecessor-version":[{"id":1259,"href":"https:\/\/vignettego.com\/highway-vignette-europe\/hr\/wp-json\/wp\/v2\/pages\/598\/revisions\/1259"}],"wp:attachment":[{"href":"https:\/\/vignettego.com\/highway-vignette-europe\/hr\/wp-json\/wp\/v2\/media?parent=598"}],"curies":[{"name":"wp","href":"https:\/\/api.w.org\/{rel}","templated":true}]}}