{"id":158,"date":"2025-09-30T22:27:07","date_gmt":"2025-09-30T22:27:07","guid":{"rendered":"https:\/\/vignettego.com\/highway-vignette-europe\/svicarska-vinjeta-za-autoceste-potpuni-vodic\/"},"modified":"2025-09-30T23:10:11","modified_gmt":"2025-09-30T23:10:11","slug":"svicarska-vinjeta-za-autoceste-potpuni-vodic","status":"publish","type":"page","link":"https:\/\/vignettego.com\/highway-vignette-europe\/hr\/svicarska-vinjeta-za-autoceste-potpuni-vodic\/","title":{"rendered":"\u0160vicarska vinjeta za autoceste: Potpuni vodi\u010d"},"content":{"rendered":"\n<p><strong>Vo\u017enja kroz \u0160vicarsku jedno je od najzanimljivijih cestovnih iskustava u Europi<\/strong> .  <\/p>\n\n<p>Zemlja je poznata po besprijekornim cestama, impresivnim tunelima i slikovitim alpskim krajolicima koji svako putovanje \u010dine nezaboravnim.  <\/p>\n\n<p>Ali prije nego \u0161to krenete na \u0161vicarsku autocestu, postoji jedan bitan zahtjev koji morate znati: <strong>\n  <a href=\"https:\/\/vignettego.com\/\" data-type=\"link\" data-id=\"https:\/\/vignettego.com\/\">\u0161vicarska vinjeta za autoceste<\/a>\n<\/strong> .<\/p>\n\n<div style=\"height:40px\" aria-hidden=\"true\" class=\"wp-block-spacer\"><\/div>\n\n<div class=\"wp-block-buttons is-content-justification-center is-layout-flex wp-container-core-buttons-is-layout-a89b3969 wp-block-buttons-is-layout-flex\">\n<div class=\"wp-block-button\"><a class=\"wp-block-button__link has-text-align-center wp-element-button\" href=\"https:\/\/vignettego.com\/\">\u0160vicarska vinjeta brza<\/a><\/div>\n<\/div>\n\n<div style=\"height:40px\" aria-hidden=\"true\" class=\"wp-block-spacer\"><\/div>\n\n<p>Ovaj sveobuhvatni vodi\u010d obja\u0161njava sve \u0161to trebate znati o \u0161vicarskom sustavu naplate cestarine na autocestama &#8211; uklju\u010duju\u0107i kako funkcionira vinjeta, koliko ko\u0161ta, gdje je kupiti, kako izbje\u0107i kazne i korisne savjete kako bi va\u0161e putovanje bilo glatko i bez stresa.  <\/p>\n\n<p>Bez obzira planirate li putovanje diljem Europe ili jednostavno prolazite kroz <strong>\u0160vicarsku<\/strong> na putu za Italiju ili Francusku, razumijevanje sustava vinjeta u\u0161tedjet \u0107e vam vrijeme, novac i potencijalne glavobolje.<\/p>\n\n<h2 class=\"wp-block-heading\">\u0160to je \u0161vicarska vinjeta za autoceste?<\/h2>\n\n<p><strong>\u0160vicarska vinjeta za autoceste je obavezna cestarina za sva vozila do 3,5 tona, uklju\u010duju\u0107i automobile, kombije, motocikle i kampere, koja koriste \u0161vicarske autoceste ( <em>Autobahnen<\/em> ) i brze ceste ( <em>Autostrassen<\/em> ).  <\/strong><\/p>\n\n<p>Za razliku od mnogih europskih zemalja koje napla\u0107uju cestarinu na temelju prije\u0111ene udaljenosti ili odre\u0111enih dionica cesta, \u0160vicarska koristi jednostavan <strong>\n  <em>sustav godi\u0161njih vinjeta<\/em>\n<\/strong> . Nakon kupnje, vinjeta omogu\u0107uje neograni\u010deno putovanje na mre\u017ei autocesta u zemlji tijekom razdoblja va\u017eenja. <\/p>\n\n<p>Sustav je jednostavan: ako planirate voziti bilo kojom autocestom, \u010dak i na kratkoj udaljenosti, morate imati va\u017ee\u0107u <a href=\"https:\/\/vignettego.com\/\">vinjetu<\/a> . Neposjedovanje iste mo\u017ee rezultirati zna\u010dajnim kaznama. <\/p>\n\n<h3 class=\"wp-block-heading\">Klju\u010dne \u010dinjenice na prvi pogled<\/h3>\n\n<ul class=\"wp-block-list\">\n<li>Obavezno za sva vozila do 3,5 tona koja koriste autoceste ili brze ceste<\/li>\n\n\n\n<li>Vrijedi za cijelu \u0161vicarsku mre\u017eu autocesta \u2014 jedna vinjeta pokriva sve rute<\/li>\n\n\n\n<li>Fiksna godi\u0161nja naknada umjesto cestarine po kilometru<\/li>\n\n\n\n<li>Vozila preko 3,5 tona podlije\u017eu zasebnoj naknadi za te\u0161ka vozila (LSVA)<\/li>\n<\/ul>\n\n<h2 class=\"wp-block-heading\">Cijena \u0161vicarske vinjete za 2026.<\/h2>\n\n<p>\u0160vicarski sustav naplate cestarine je osvje\u017eavaju\u0107e jednostavan. Postoji samo jedna vrsta <em>vinjete<\/em> dostupna za privatna vozila i vrijedi cijelu godinu: <\/p>\n\n<figure class=\"wp-block-table\"><table class=\"has-fixed-layout\"><thead><tr><th>Vrsta vozila<\/th><th>Cijena<\/th><th>Valjanost<\/th><\/tr><\/thead><tbody><tr><td>Automobili, kombiji, kamperi (\u2264 3,5 tone)<\/td><td>40 CHF (oko 42 \u20ac)<\/td><td>1 kalendarska godina (od 1. prosinca do 31. sije\u010dnja sljede\u0107e godine)<\/td><\/tr><tr><td>Motocikli<\/td><td>40 CHF (oko 42 \u20ac)<\/td><td>1 kalendarska godina (od 1. prosinca do 31. sije\u010dnja sljede\u0107e godine)<\/td><\/tr><\/tbody><\/table><\/figure>\n\n<p>Ne postoje kratkoro\u010dne opcije poput 7-dnevnih ili jednomjese\u010dnih propusnica. \u010cak i ako u\u0111ete u zemlju na jedan dan, morat \u0107ete kupiti godi\u0161nju <a href=\"https:\/\/vignettego.com\/\">vinjetu<\/a> .   <\/p>\n\n<p>Iako se ovo mo\u017ee \u010diniti skupim za kratke posjete, postaje izvrsna vrijednost ako planirate vi\u0161e putovanja ili dulji boravak.<\/p>\n\n<div style=\"height:40px\" aria-hidden=\"true\" class=\"wp-block-spacer\"><\/div>\n\n<h2 class=\"wp-block-heading\">Gdje i kako kupiti \u0161vicarsku vinjetu<\/h2>\n\n<p><strong>\n  <em>\n    <a href=\"https:\/\/vignettego.com\/\">\u0160vicarsku vinjetu za autocestu<\/a>\n  <\/em>\n<\/strong> mo\u017eete kupiti na dva glavna na\u010dina: kao tradicionalnu fizi\u010dku naljepnicu ili kao digitalnu vinjetu povezanu s registarskom plo\u010dicom va\u0161eg vozila. Obje opcije su va\u017ee\u0107e i pravno priznate. <\/p>\n\n<h3 class=\"wp-block-heading\">1. Vinjeta s fizi\u010dkom naljepnicom<\/h3>\n\n<p>Tradicionalna vinjeta je mala naljepnica koja se mora pri\u010dvrstiti na vjetrobransko staklo va\u0161eg vozila. I dalje je popularna opcija za mnoge voza\u010de i \u0161iroko je dostupna diljem Europe. <\/p>\n\n<p><strong>Gdje kupiti naljepnicu vinjetu:<\/strong><\/p>\n\n<ul class=\"wp-block-list\">\n<li>Na \u0161vicarskim grani\u010dnim prijelazima i carinarnicama<\/li>\n\n\n\n<li>Na benzinskim postajama u blizini \u0161vicarske granice (u Njema\u010dkoj, Austriji, Italiji, Francuskoj)<\/li>\n\n\n\n<li>U \u0161vicarskim po\u0161tanskim uredima i automobilskim organizacijama<\/li>\n\n\n\n<li>Od automobilskih klubova kao \u0161to su ADAC ili \u00d6AMTC<\/li>\n<\/ul>\n\n<div style=\"height:40px\" aria-hidden=\"true\" class=\"wp-block-spacer\"><\/div>\n\n<div class=\"wp-block-buttons is-content-justification-center is-layout-flex wp-container-core-buttons-is-layout-a89b3969 wp-block-buttons-is-layout-flex\">\n<div class=\"wp-block-button\"><a class=\"wp-block-button__link wp-element-button\" href=\"https:\/\/vignettego.com\/\">VignetteGO &#8211; brzo nabavite vinjetu<\/a><\/div>\n<\/div>\n\n<div style=\"height:40px\" aria-hidden=\"true\" class=\"wp-block-spacer\"><\/div>\n\n<p><strong>Kako se nanosi:<\/strong> Skinite za\u0161titni sloj i zalijepite vinjetu na unutarnju stranu vjetrobranskog stakla, po mogu\u0107nosti u gornji lijevi kut ili iza retrovizora. Nakon uklanjanja, naljepnica se ne mo\u017ee ponovno upotrijebiti niti prenijeti na drugo vozilo. <\/p>\n\n<h3 class=\"wp-block-heading\">2. Digitalna vinjeta (preporu\u010deno)<\/h3>\n\n<p>Od 2023. godine \u0160vicarska nudi opciju <a href=\"https:\/\/vignettego.com\/\">digitalne vinjete<\/a> . Ova verzija povezana je s va\u0161om registarskom plo\u010dicom i eliminira potrebu za fizi\u010dkom naljepnicom. To je prakti\u010dno rje\u0161enje, posebno za one koji \u010desto mijenjaju vozila ili \u017eele izbje\u0107i gnjava\u017eu s lijepljenjem i skidanjem naljepnice.  <\/p>\n\n<p><strong>Prednosti digitalne vinjete:<\/strong><\/p>\n\n<ul class=\"wp-block-list\">\n<li>Brza i jednostavna online kupnja \u2014 dovr\u0161ite postupak za nekoliko minuta<\/li>\n\n\n\n<li>Nema potrebe za pri\u010dvr\u0161\u0107ivanjem ili uklanjanjem i\u010dega s vjetrobranskog stakla<\/li>\n\n\n\n<li>Mo\u017ee se lako a\u017eurirati ako promijenite vjetrobransko staklo ili registarsku plo\u010dicu<\/li>\n\n\n\n<li>Dostupne su opcije automatske obnove<\/li>\n<\/ul>\n\n<p><strong>Gdje kupiti online:<\/strong> Jedan od najjednostavnijih na\u010dina je putem slu\u017ebene \u0161vicarske platforme ili putem pouzdanih online pru\u017eatelja usluga. Ako \u017eelite u\u0161tedjeti vrijeme i izbje\u0107i redove na granici, <a href=\"https:\/\/vignettego.com\/\" target=\"_blank\" rel=\"noreferrer noopener\">\u0161vicarsku vinjetu mo\u017eete kupiti online ovdje<\/a> za samo nekoliko minuta. <\/p>\n\n<p><a href=\"https:\/\/vignettego.com\/\" target=\"_blank\" rel=\"noreferrer noopener\">Kupite svoju \u0161vicarsku vinjetu online odmah<\/a><\/p>\n\n<div style=\"height:40px\" aria-hidden=\"true\" class=\"wp-block-spacer\"><\/div>\n\n<h2 class=\"wp-block-heading\">Fizi\u010dko vs. digitalno: \u0161to odabrati?<\/h2>\n\n<p><strong>Obje opcije pru\u017eaju isto zakonsko pravo kori\u0161tenja \u0161vicarskih autocesta, ali digitalna vinjeta je sve popularnija zbog svoje prakti\u010dnosti.  <\/strong><\/p>\n\n<p>Ako unajmite automobil u \u0160vicarskoj, gotovo uvijek \u0107e uklju\u010divati \u200b\u200bvinjetu. Me\u0111utim, ako unajmite automobil u inozemstvu i planirate do\u0107i u \u0160vicarsku, provjerite ima li vozilo ve\u0107 vinjetu &#8211; ve\u0107ina je nema. <\/p>\n\n<p>Ako cijenite fleksibilnost i jednostavnost, digitalna vinjeta je bolji izbor. S druge strane, ako je radije kupujete na licu mjesta ili ne \u017eelite unositi podatke o registarskoj plo\u010dici online, fizi\u010dka verzija ostaje sigurna opcija. <\/p>\n\n<h2 class=\"wp-block-heading\">Razdoblje va\u017eenja i obnova<\/h2>\n\n<p>Jo\u0161 jedna prednost \u0161vicarskog sustava je njegovo velikodu\u0161no razdoblje va\u017eenja. Svaka vinjeta vrijedi 14 mjeseci, a ne samo 12. To zna\u010di da je mo\u017eete koristiti dvije zime ili dva ljeta ako pametno isplanirate svoja putovanja.  <\/p>\n\n<ul class=\"wp-block-list\">\n<li><strong>Datum po\u010detka:<\/strong> 1. prosinca prethodne godine<\/li>\n\n\n\n<li><strong>Datum zavr\u0161etka:<\/strong> 31. sije\u010dnja sljede\u0107e godine<\/li>\n<\/ul>\n\n<p>Na primjer, vinjeta za 2026. godinu vrijedi od 1. prosinca 2024. do 31. sije\u010dnja 2026. Ako je kupite ranije, efektivno dobivate dva dodatna mjeseca bez dodatnih tro\u0161kova. <\/p>\n\n<div style=\"height:40px\" aria-hidden=\"true\" class=\"wp-block-spacer\"><\/div>\n\n<div class=\"wp-block-buttons is-content-justification-center is-layout-flex wp-container-core-buttons-is-layout-a89b3969 wp-block-buttons-is-layout-flex\">\n<div class=\"wp-block-button\"><a class=\"wp-block-button__link wp-element-button\" href=\"https:\/\/vignettego.com\/\">e-vinjete za autoceste<\/a><\/div>\n<\/div>\n\n<div style=\"height:40px\" aria-hidden=\"true\" class=\"wp-block-spacer\"><\/div>\n\n<h2 class=\"wp-block-heading\">Trebaju li strani voza\u010di vinjetu?<\/h2>\n\n<p><strong>Da. Zahtjev za vinjetu odnosi se na sva vozila, bez obzira na to gdje su registrirana.   <\/strong><\/p>\n\n<p>Ako ulazite u \u0160vicarsku iz susjedne zemlje, morate kupiti vinjetu prije ili odmah po ulasku na mre\u017eu autocesta. Policija \u010desto provjerava vozila u blizini grani\u010dnih prijelaza, ulaza na autocestu i odmori\u0161ta. <\/p>\n\n<p>\u010cak i ako samo prolazite kroz \u0160vicarsku sat vremena, i dalje vam je potrebna. Poku\u0161aj vo\u017enje bez vinjete ne isplati se riskirati &#8211; kazne su visoke, a provedba je stroga. <\/p>\n\n<p><a href=\"https:\/\/vignettego.com\/\" target=\"_blank\" rel=\"noreferrer noopener\">Kupite \u0161vicarsku vinjetu za nekoliko minuta<\/a><\/p>\n\n<div style=\"height:39px\" aria-hidden=\"true\" class=\"wp-block-spacer\"><\/div>\n\n<h2 class=\"wp-block-heading\">Kazne i penali za vo\u017enju bez vinjete<\/h2>\n\n<p><strong>Vo\u017enja \u0161vicarskim autocestama bez va\u017ee\u0107e vinjete smatra se ozbiljnim prometnim prekr\u0161ajem.  <\/strong><\/p>\n\n<p>Vlasti strogo provode zahtjev za vinjetama, a kazne su visoke kako bi se obeshrabrilo nepo\u0161tivanje. Ako vas zaustavi policija ili vas uhvate tijekom kontrole na cesti bez vinjete, suo\u010dit \u0107ete se sa: <\/p>\n\n<ul class=\"wp-block-list\">\n<li>Standardna kazna od <strong>200 CHF<\/strong> (oko 210 \u20ac)<\/li>\n\n\n\n<li>Neposredna obveza <a href=\"https:\/\/vignettego.com\/\">kupnje vinjete<\/a> na licu mjesta<\/li>\n<\/ul>\n\n<p>Nema razdoblja odgode niti iznimki. Zahtjev po\u010dinje od trenutka kada u\u0111ete na autocestu ili brzu cestu. \u010cak i ako vozite samo jedan kilometar bez vinjete, i dalje ste odgovorni za punu kaznu.    <\/p>\n\n<p>Vrijedi napomenuti da se kazne ne izdaju samo na grani\u010dnim prijelazima ve\u0107 i duboko u zemlji, gdje su nasumi\u010dne provjere na cesti uobi\u010dajene.<\/p>\n\n<p>Budu\u0107i da je cijena vinjete toliko niska u usporedbi s kaznom, uvijek je pametnije kupiti je unaprijed. Kupnja online prije putovanja najlak\u0161i je na\u010din da izbjegnete nepotrebne probleme. <\/p>\n\n<p><a href=\"https:\/\/vignettego.com\/\" target=\"_blank\" rel=\"noreferrer noopener\">Kupite svoju \u0161vicarsku vinjetu i izbjegnite kazne<\/a><\/p>\n\n<div style=\"height:40px\" aria-hidden=\"true\" class=\"wp-block-spacer\"><\/div>\n\n<h2 class=\"wp-block-heading\">Posebne cestarine i iznimke<\/h2>\n\n<p><strong>Iako vinjeta od 40 CHF pokriva gotovo cijelu \u0161vicarsku mre\u017eu autocesta, postoji nekoliko tunela i planinskih ruta gdje se primjenjuju dodatne cestarine.  <\/strong><\/p>\n\n<p>To su obi\u010dno dugotrajni, skupi infrastrukturni projekti koji zahtijevaju zasebne naknade za odr\u017eavanje.<\/p>\n\n<figure class=\"wp-block-table\"><table class=\"has-fixed-layout\"><thead><tr><th>Ruta \/ Tunel<\/th><th>Dodatna cestarina<\/th><th>Bilje\u0161ke<\/th><\/tr><\/thead><tbody><tr><td>Veliki tunel St. Bernard (granica s Italijom)<\/td><td>~30 CHF<\/td><td>Pla\u0107anje na naplatnoj ku\u0107ici ili online<\/td><\/tr><tr><td>Tunel Munt la Schera (do Livigna, Italija)<\/td><td>~15\u201330 CHF<\/td><td>Sezonska cesta, cestarina varira ovisno o dobu godine<\/td><\/tr><tr><td>Prolaz San Bernardino<\/td><td>Uklju\u010deno<\/td><td>Nema dodatne cestarine, ali ovisi o vremenskim uvjetima<\/td><\/tr><\/tbody><\/table><\/figure>\n\n<p>Vozila preko 3,5 tona, poput te\u0161kih kampera, kamiona ili autobusa, podlije\u017eu <strong>Naknadi za te\u0161ka vozila (LSVA)<\/strong> . Ovaj se porez izra\u010dunava na temelju udaljenosti, te\u017eine i kategorije emisija, a obi\u010dno se pla\u0107a zasebno putem prijevozni\u010dkih tvrtki ili u carinarnicama. <\/p>\n\n<div style=\"height:40px\" aria-hidden=\"true\" class=\"wp-block-spacer\"><\/div>\n\n<div class=\"wp-block-buttons is-content-justification-center is-layout-flex wp-container-core-buttons-is-layout-a89b3969 wp-block-buttons-is-layout-flex\">\n<div class=\"wp-block-button\"><a class=\"wp-block-button__link wp-element-button\">Najpouzdanija usluga e-vinjete u Europi<\/a><\/div>\n<\/div>\n\n<div style=\"height:40px\" aria-hidden=\"true\" class=\"wp-block-spacer\"><\/div>\n\n<h2 class=\"wp-block-heading\">Savjeti za vo\u017enju u \u0160vicarskoj<\/h2>\n\n<p><strong>\u0160vicarska je poznata po strogim prometnim propisima i dobro odr\u017eavanoj infrastrukturi.  <\/strong><\/p>\n\n<p>Po\u0161tivanje pravila ne samo da vas \u010duva, ve\u0107 vam poma\u017ee i u izbjegavanju skupih kazni. Evo nekoliko korisnih savjeta prije nego \u0161to krenete na cestu: <\/p>\n\n<ul class=\"wp-block-list\">\n<li><strong>Ograni\u010denja brzine:<\/strong> 120 km\/h na autocestama, 100 km\/h na dvosmjernim cestama, 80 km\/h na seoskim cestama, 50 km\/h u gradovima.<\/li>\n\n\n\n<li><strong>Zimske gume:<\/strong> Nisu zakonski obavezne, ali se toplo preporu\u010duju od studenog do o\u017eujka, posebno u planinskim regijama.<\/li>\n\n\n\n<li><strong>Svjetla:<\/strong> Kratka svjetla su obavezna tijekom dana.<\/li>\n\n\n\n<li><strong>Mobiteli:<\/strong> Kori\u0161tenje telefona bez handsfree sustava je ilegalno i ka\u017enjava se visokim nov\u010danim kaznama.<\/li>\n\n\n\n<li><strong>Ograni\u010denje alkohola:<\/strong> 0,5\u2030 (ni\u017ee za nove voza\u010de i profesionalne voza\u010de).<\/li>\n\n\n\n<li><strong>Parkiranje:<\/strong> Propisi o parkiranju strogo se provode. Uvijek koristite ozna\u010dena mjesta i obratite pozornost na vremenska ograni\u010denja. <\/li>\n<\/ul>\n\n<p>\u0160vicarska tako\u0111er ima neke od najslikovitijih ruta u Europi, kao \u0161to su prijevoj Furka, prijevoj Gotthard i cesta Bernina.  <\/p>\n\n<p>Iako za ove ceste mo\u017eda nije potrebna vinjeta ako nisu dio mre\u017ee autocesta, \u010desto se zatvaraju zimi zbog snijega, stoga uvijek provjerite sezonske uvjete prije putovanja.<\/p>\n\n<div style=\"height:40px\" aria-hidden=\"true\" class=\"wp-block-spacer\"><\/div>\n\n<h2 class=\"wp-block-heading\">Alternativne strategije za kratka putovanja<\/h2>\n\n<p>Ako planirate tranzit kroz \u0160vicarsku i smatrate da je 40 CHF previ\u0161e za kratko putovanje, postoji nekoliko alternativa &#8211; iako svaka dolazi sa svojim nedostacima:<\/p>\n\n<ul class=\"wp-block-list\">\n<li><strong>Koristite ceste koje nisu autoceste:<\/strong> Ceste ozna\u010dene plavim znakovima su besplatne, ali su sporije i \u010desto prolaze kroz gradove i sela.<\/li>\n\n\n\n<li><strong>Parkiraj i vozi se:<\/strong> Parkiraj automobil blizu granice i putuj u \u0160vicarsku vlakom. \u0160vicarska \u017eeljezni\u010dka mre\u017ea je brza, pouzdana i pokriva \u010dak i udaljene planinske gradove. <\/li>\n\n\n\n<li><strong>U\u010dinite to dijelom putovanja:<\/strong> Ako ionako pla\u0107ate vinjetu, planirajte zaustavljanja u \u0161vicarskim gradovima ili prirodnim atrakcijama kako biste izvukli vi\u0161e iz svog posjeta.<\/li>\n<\/ul>\n\n<p>U kona\u010dnici, vinjeta od 40 CHF mala je cijena za neograni\u010den pristup jednoj od najboljih cestovnih mre\u017ea na svijetu. Za ve\u0107inu putnika, to se itekako isplati. <\/p>\n\n<div style=\"height:40px\" aria-hidden=\"true\" class=\"wp-block-spacer\"><\/div>\n\n<h2 class=\"wp-block-heading\">\u010cesto postavljana pitanja (FAQs)<\/h2>\n\n<h3 class=\"wp-block-heading\">Trebam li vinjetu ako vozim samo sporednim cestama?<\/h3>\n\n<p>Ne. Vinjeta je potrebna samo za autoceste i brze ceste, koje su ozna\u010dene zelenim znakovima s bijelim brojevima. Ceste ozna\u010dene plavim znakovima mogu se slobodno koristiti bez vinjete.  <\/p>\n\n<h3 class=\"wp-block-heading\">Mogu li prenijeti vinjetu na drugo vozilo?<\/h3>\n\n<p>Ne. I fizi\u010dke i digitalne vinjete vezane su za odre\u0111eno vozilo. Fizi\u010dke vinjete se uni\u0161tavaju prilikom uklanjanja, a digitalne vinjete se povezuju s registarskom plo\u010dicom unesenom prilikom kupnje.  <\/p>\n\n<h3 class=\"wp-block-heading\">\u0160to se doga\u0111a ako promijenim registarsku oznaku?<\/h3>\n\n<p>Ako imate digitalnu vinjetu, obi\u010dno mo\u017eete a\u017eurirati podatke o registraciji putem interneta. Za fizi\u010dku vinjetu morat \u0107ete kupiti novu. <\/p>\n\n<h3 class=\"wp-block-heading\">Jesu li najamni automobili u \u0160vicarskoj ve\u0107 opremljeni vinjetom?<\/h3>\n\n<p>Ve\u0107ina automobila za najam preuzetih u \u0160vicarskoj uklju\u010duje vinjetu u cijenu. Me\u0111utim, vozila iznajmljena izvan \u0160vicarske obi\u010dno je nemaju. Uvijek se unaprijed raspitajte kod tvrtke za najam.  <\/p>\n\n<h3 class=\"wp-block-heading\">Nudi li \u0160vicarska kratkoro\u010dne vinjete za turiste?<\/h3>\n\n<p>Ne. Za razliku od Austrije ili Slovenije, \u0160vicarska nudi samo godi\u0161nju vinjetu. \u010cak i ako posje\u0107ujete samo jedan dan, morate kupiti cjelogodi\u0161nju kartu.  <\/p>\n\n<div style=\"height:40px\" aria-hidden=\"true\" class=\"wp-block-spacer\"><\/div>\n\n<h2 class=\"wp-block-heading\">Zavr\u0161ne misli: Mala investicija za vrhunsko iskustvo vo\u017enje<\/h2>\n\n<p>\u0160vicarska vinjeta za autoceste jedan je od najjednostavnijih i najisplativijih sustava naplate cestarine u Europi. Za fiksnu naknadu od 40 CHF godi\u0161nje dobivate neograni\u010den pristup cestovnoj mre\u017ei koja je sigurna, brza i slikovita.   <\/p>\n\n<p>Pogodnost nestajanja na naplatnim ku\u0107icama i kvaliteta \u0161vicarske infrastrukture \u010dine ga bitnim dijelom svakog putovanja automobilom u regiji.<\/p>\n\n<p>Bilo da istra\u017eujete slikovita alpska sela, vozite se do svjetski poznatih skijali\u0161ta ili jednostavno prelazite zemlju kao dio ve\u0107eg europskog putovanja, vinjeta nudi mir i bezbri\u017eno iskustvo.  <\/p>\n\n<p><strong>Ne riskirajte kazne ili ka\u0161njenja \u2014 nabavite vinjetu prije putovanja i u\u017eivajte u \u0161vicarskim cestama onako kako su zami\u0161ljene.<\/strong><\/p>\n\n<p><a href=\"https:\/\/vignettego.com\/\" target=\"_blank\" rel=\"noreferrer noopener\">Kupite svoju \u0161vicarsku vinjetu online ve\u0107 danas<\/a><\/p>\n\n<p>Kupite svoju slu\u017ebenu \u0161vicarsku vinjetu za autoceste online na <a href=\"https:\/\/vignettego.com\/\" target=\"_blank\" rel=\"noreferrer noopener\">VignetteGo<\/a> i budite spremni za vo\u017enju za nekoliko minuta.<\/p>\n\n<div style=\"height:40px\" aria-hidden=\"true\" class=\"wp-block-spacer\"><\/div>\n\n<div class=\"wp-block-buttons is-content-justification-center is-layout-flex wp-container-core-buttons-is-layout-a89b3969 wp-block-buttons-is-layout-flex\">\n<div class=\"wp-block-button\"><a class=\"wp-block-button__link wp-element-button\" href=\"https:\/\/vignettego.com\/\">Isprobajte VignetteGO.com<\/a><\/div>\n<\/div>\n\n<div style=\"height:40px\" aria-hidden=\"true\" class=\"wp-block-spacer\"><\/div>\n\n<p><strong>OZNAKE:<\/strong><\/p>\n\n<p class=\"has-medium-font-size\">\u0160vicarska vinjeta za autoceste, \u0160vicarska cestarina za autoceste, Kupite \u0161vicarsku vinjetu online, \u0160vicarski porez na ceste 2026., \u0160vicarski vodi\u010d za vo\u017enju, Propusnica za autocestu \u0160vicarska, \u0160vicarska naljepnica za autocestu, <a href=\"https:\/\/vignettego.com\/\">Digitalna vinjeta \u0160vicarska<\/a> , Obja\u0161njenje \u0161vicarskih cesta s naplatom cestarine, Savjeti za putovanje automobilom u \u0160vicarsku, Putovanje automobilom u \u0160vicarsku, Pravila vo\u017enje u \u0160vicarskoj, Cijena vinjete u \u0160vicarskoj, Gdje kupiti \u0161vicarsku vinjetu, Izbjegnite kazne za \u0161vicarske vinjete, \u0160vicarska mre\u017ea autocesta, Godi\u0161nja vinjeta \u0160vicarska, \u0160vicarska dozvola za autocestu, Putovanje automobilom u \u0160vicarsku<\/p>\n\n<p><\/p>\n","protected":false},"excerpt":{"rendered":"<p>Vo\u017enja kroz \u0160vicarsku jedno je od najzanimljivijih cestovnih iskustava u Europi . Zemlja je poznata po besprijekornim cestama, impresivnim tunelima i slikovitim alpskim krajolicima koji svako putovanje \u010dine nezaboravnim. Ali prije nego \u0161to krenete na \u0161vicarsku autocestu, postoji jedan bitan zahtjev koji morate znati: \u0161vicarska vinjeta za autoceste . Ovaj sveobuhvatni vodi\u010d obja\u0161njava sve \u0161to [&hellip;]<\/p>\n","protected":false},"author":1,"featured_media":40,"parent":0,"menu_order":0,"comment_status":"closed","ping_status":"closed","template":"","meta":{"footnotes":""},"class_list":["post-158","page","type-page","status-publish","has-post-thumbnail","hentry"],"_links":{"self":[{"href":"https:\/\/vignettego.com\/highway-vignette-europe\/hr\/wp-json\/wp\/v2\/pages\/158","targetHints":{"allow":["GET"]}}],"collection":[{"href":"https:\/\/vignettego.com\/highway-vignette-europe\/hr\/wp-json\/wp\/v2\/pages"}],"about":[{"href":"https:\/\/vignettego.com\/highway-vignette-europe\/hr\/wp-json\/wp\/v2\/types\/page"}],"author":[{"embeddable":true,"href":"https:\/\/vignettego.com\/highway-vignette-europe\/hr\/wp-json\/wp\/v2\/users\/1"}],"replies":[{"embeddable":true,"href":"https:\/\/vignettego.com\/highway-vignette-europe\/hr\/wp-json\/wp\/v2\/comments?post=158"}],"version-history":[{"count":1,"href":"https:\/\/vignettego.com\/highway-vignette-europe\/hr\/wp-json\/wp\/v2\/pages\/158\/revisions"}],"predecessor-version":[{"id":159,"href":"https:\/\/vignettego.com\/highway-vignette-europe\/hr\/wp-json\/wp\/v2\/pages\/158\/revisions\/159"}],"wp:featuredmedia":[{"embeddable":true,"href":"https:\/\/vignettego.com\/highway-vignette-europe\/hr\/wp-json\/wp\/v2\/media\/40"}],"wp:attachment":[{"href":"https:\/\/vignettego.com\/highway-vignette-europe\/hr\/wp-json\/wp\/v2\/media?parent=158"}],"curies":[{"name":"wp","href":"https:\/\/api.w.org\/{rel}","templated":true}]}}