{"id":479,"date":"2026-01-04T01:39:43","date_gmt":"2026-01-04T01:39:43","guid":{"rendered":"https:\/\/vignettego.com\/highway-vignette-europe\/vignette-highway-na-romaine-2026-treoir-rovinieta-comhlanaigh\/"},"modified":"2026-01-04T12:42:50","modified_gmt":"2026-01-04T12:42:50","slug":"vignette-highway-na-romaine-2026-treoir-rovinieta-comhlanaigh","status":"publish","type":"page","link":"https:\/\/vignettego.com\/highway-vignette-europe\/ga\/vignette-highway-na-romaine-2026-treoir-rovinieta-comhlanaigh\/","title":{"rendered":"Vignette Highway na R\u00f3m\u00e1ine 2026: Treoir Rovinieta Comhl\u00e1naigh"},"content":{"rendered":"\n<script type=\"application\/ld+json\">{\n    \"@context\": \"https:\/\/schema.org\",\n    \"@graph\": [\n        {\n            \"@type\": \"Article\",\n            \"@id\": \"https:\/\/vignettego.com\/highway-vignette-europe\/romania-highway-vignette-guide\/#article\",\n            \"headline\": \"Romania Highway Vignette 2026: Complete Rovinieta Guide\",\n            \"description\": \"Everything about Romanian electronic highway vignettes (Rovinieta). Europe most affordable toll system! Learn about pricing, validity, Transylvania routes, and the famous Transf\u0103g\u0103r\u0103\u0219an road.\",\n            \"image\": \"https:\/\/vignettego.com\/highway-vignette-europe\/wp-content\/uploads\/2026\/09\/Highway-Vignette-Europe.jpg\",\n            \"datePublished\": \"2026-01-04\",\n            \"dateModified\": \"2026-01-04\",\n            \"author\": {\"@type\": \"Organization\", \"name\": \"VignetteGo\", \"url\": \"https:\/\/vignettego.com\"},\n            \"publisher\": {\"@type\": \"Organization\", \"name\": \"VignetteGo\"},\n            \"mainEntityOfPage\": {\"@type\": \"WebPage\", \"@id\": \"https:\/\/vignettego.com\/highway-vignette-europe\/romania-highway-vignette-guide\/\"},\n            \"articleSection\": \"Highway Vignettes\",\n            \"keywords\": [\"Romania vignette\", \"Rovinieta\", \"Romania highway toll\", \"Romanian motorway pass\", \"Transylvania road trip\", \"Transfagarasan\"],\n            \"inLanguage\": \"en\",\n            \"speakable\": {\"@type\": \"SpeakableSpecification\", \"cssSelector\": [\".article-intro\", \"#faq-section\"]}\n        },\n        {\n            \"@type\": \"BreadcrumbList\",\n            \"itemListElement\": [\n                {\"@type\": \"ListItem\", \"position\": 1, \"name\": \"VignetteGo\", \"item\": \"https:\/\/vignettego.com\/\"},\n                {\"@type\": \"ListItem\", \"position\": 2, \"name\": \"Highway Vignette Europe\", \"item\": \"https:\/\/vignettego.com\/highway-vignette-europe\/\"},\n                {\"@type\": \"ListItem\", \"position\": 3, \"name\": \"Romania Guide\", \"item\": \"https:\/\/vignettego.com\/highway-vignette-europe\/romania-highway-vignette-guide\/\"}\n            ]\n        },\n        {\n            \"@type\": \"FAQPage\",\n            \"mainEntity\": [\n                {\"@type\": \"Question\", \"name\": \"How much does the Romanian Rovinieta cost?\", \"acceptedAnswer\": {\"@type\": \"Answer\", \"text\": \"The Romanian Rovinieta is Europe cheapest highway vignette! A 7-day vignette costs approximately EUR 3.50, 30-day costs EUR 7, and annual costs just EUR 28.\"}},\n                {\"@type\": \"Question\", \"name\": \"Where can I buy the Romanian Rovinieta?\", \"acceptedAnswer\": {\"@type\": \"Answer\", \"text\": \"You can buy the Rovinieta online at VignetteGo or the official roviniete.ro website, or at gas stations and border crossings in Romania. Online purchase is recommended for convenience.\"}},\n                {\"@type\": \"Question\", \"name\": \"Is the Transf\u0103g\u0103r\u0103\u0219an road toll-free?\", \"acceptedAnswer\": {\"@type\": \"Answer\", \"text\": \"Yes, the Transf\u0103g\u0103r\u0103\u0219an (DN7C) is a national road, not a motorway, so no Rovinieta is needed specifically for it. However, you will likely use toll roads to reach it, so a Rovinieta is still recommended.\"}},\n                {\"@type\": \"Question\", \"name\": \"What are the fines for driving without Rovinieta?\", \"acceptedAnswer\": {\"@type\": \"Answer\", \"text\": \"Fines for driving without a valid Rovinieta range from EUR 50-200 depending on how far you traveled without one. With a 7-day vignette costing just EUR 3.50, there is no reason to risk a fine.\"}},\n                {\"@type\": \"Question\", \"name\": \"Which roads require Rovinieta in Romania?\", \"acceptedAnswer\": {\"@type\": \"Answer\", \"text\": \"The Rovinieta is required on all national roads (DN roads) and motorways (autostrada) in Romania. This includes the A1, A2, A3, A10, and all DN-numbered roads.\"}}\n            ]\n        }\n    ]\n}\n<\/script>\n\n<figure class=\"wp-block-image aligncenter size-large\"><img decoding=\"async\" src=\"https:\/\/vignettego.com\/highway-vignette-europe\/wp-content\/uploads\/2026\/09\/Highway-Vignette-Europe.jpg\" alt=\"An R&#xF3;m&#xE1;in Rovinieta 2026 - Treoir ioml&#xE1;n ar ch&#xF3;ras vignette mh&#xF3;rbhealaigh na R&#xF3;m&#xE1;ine\" style=\"width:100%; height:auto; margin-bottom:20px;\"\/><\/figure>\n\n<p class=\"article-intro\">Cuireann an R\u00f3m\u00e1in cuid de na cinn scr\u00edbe turas b\u00f3thair is iontacha san Eoraip &#8211; \u00f3 na caisle\u00e1in legendary Transylvania go dt\u00ed na tr\u00e1nna n\u00e9al na Mara Duibhe, na Sl\u00e9ibhte maorga Carpathian go dt\u00ed an Delta Dan\u00f3ib uath\u00fail. Agus seo an nuacht is fearr: T\u00e1 <strong>an R\u00f3m\u00e1in an vignette mh\u00f3rbhealaigh is inacmhainne san Eoraip<\/strong>, ar a dtugtar an <strong>Rovinieta<\/strong>. Ag ach c\u00fapla euro ar feadh seachtaine, t\u00e1 ini\u00fachadh na R\u00f3m\u00e1ine i gcarr thar a bheith cairdi\u00fail don bhuis\u00e9ad. Cl\u00fada\u00edonn an treoir chuimsitheach seo gach rud a theasta\u00edonn uait a fh\u00e1il faoi dhola-bh\u00f3ithre na R\u00f3m\u00e1ine i 2026, lena n-\u00e1ir\u00edtear an Transf\u0103g\u0103r\u0103\u0219an c\u00e1ili\u00fail &#8211; ceann de na b\u00f3ithre tiom\u00e1na is fearr ar domhan.   <\/p>\n\n<div style=\"height:25px\" aria-hidden=\"true\" class=\"wp-block-spacer\"><\/div>\n\n<div class=\"wp-block-buttons is-content-justification-center is-layout-flex wp-container-core-buttons-is-layout-a89b3969 wp-block-buttons-is-layout-flex\">\n<div class=\"wp-block-button\"><a class=\"wp-block-button__link wp-element-button\" href=\"https:\/\/vignettego.com\/\" style=\"background-color:#0066cc;color:#ffffff;padding:15px 30px;font-size:18px;border-radius:8px;\">\ud83d\ude97 Faigh Do Rovinieta R\u00f3m\u00e1inis ag VignetteGo<\/a><\/div>\n<\/div>\n\n<div style=\"height:25px\" aria-hidden=\"true\" class=\"wp-block-spacer\"><\/div>\n\n<h2 class=\"wp-block-heading\">\ud83c\uddf7\ud83c\uddf4 Cad \u00e9 an rovinieta R\u00f3m\u00e1inis?<\/h2>\n\n<p>Oibr\u00edonn an R\u00f3m\u00e1in <strong>c\u00f3ras dola leictreonach ambhunaithe<\/strong> ar a dtugtar <strong>an Rovinieta<\/strong> (\u00f3 &#8220;vignette b\u00f3thair&#8221; sa R\u00f3m\u00e1inis). T\u00e1 an c\u00f3ras go hioml\u00e1n digiteach &#8211; t\u00e1 do phl\u00e1ta cead\u00fanais cl\u00e1raithe i mbunachar sonra\u00ed l\u00e1rnach agus f\u00edoraithe ag ceamara\u00ed forfheidhmithe ar fud na t\u00edre. N\u00edl aon ghream\u00e1n fisici\u00fail ag teast\u00e1il; T\u00e1 gach rud leictreonach.  <\/p>\n\n<p>Cl\u00fada\u00edonn an Rovinieta gach b\u00f3thar n\u00e1isi\u00fanta (DN &#8211; drum na\u021bional) agus m\u00f3tarbheala\u00ed (autostrad\u0103) sa R\u00f3m\u00e1in. T\u00e1 an c\u00f3ras \u00e1 bhainisti\u00fa ag CNAIR (Compania Na\u021bional\u0103 de Administrare a Infrastructurii Rutiere), agus is f\u00e9idir vignettes a cheannach ar l\u00edne, rud a fh\u00e1gann go bhfuil s\u00e9 thar a bheith \u00e1isi\u00fail do chuairteoir\u00ed. <\/p>\n\n<h2 class=\"wp-block-heading\">\ud83d\udccb Praghs\u00e1il Rovinieta na R\u00f3m\u00e1ine 2026 \ud83d\udcb0 IS SAOIRE SAN EORAIP!<\/h2>\n\n<p>Cuireann an R\u00f3m\u00e1in na <strong>praghsanna vignette mh\u00f3rbhealaigh is inacmhainne ar f\u00e1il i ngach ceann den Eoraip<\/strong>. Seo an f\u00e1th gur ch\u00f3ir go mbeadh an R\u00f3m\u00e1in ar bharr gach liosta b\u00f3thair buis\u00e9id: <\/p>\n\n<figure class=\"wp-block-table\"><table><thead><tr><th>Tr\u00e9imhse Bhail\u00edochta<\/th><th>Gluaiste\u00e1in (suas le 3.5t)<\/th><th>Gluaisrothair<\/th><\/tr><\/thead><tbody><tr><td><strong>Laethanta 7<\/strong><\/td><td>~ EUR 3.50<\/td><td>~ EUR 1.80<\/td><\/tr><tr><td><strong>Laethanta 30<\/strong><\/td><td>~ EUR 7.00<\/td><td>~ EUR 3.50<\/td><\/tr><tr><td><strong>Laethanta 90<\/strong><\/td><td>~ EUR 13.00<\/td><td>~ EUR 6.50<\/td><\/tr><tr><td><strong>Bliant\u00fail<\/strong><\/td><td>~ EUR 28.00<\/td><td>~ EUR 14.00<\/td><\/tr><\/tbody><\/table><\/figure>\n\n<p><strong>Sea, l\u00e9igh t\u00fa \u00e9 sin ceart!<\/strong>  Seachtain de thiom\u00e1int gan teorainn ar bh\u00f3ithre n\u00e1isi\u00fanta agus m\u00f3tarbheala\u00ed uile na R\u00f3m\u00e1ine ar EUR 3.50 amh\u00e1in. D\u00e9an compar\u00e1id idir seo agus an Eilv\u00e9is (EUR 40 don vignette bliant\u00fail, gan aon roghanna n\u00edos giorra) n\u00f3 an Ostair (EUR 11.50 ar feadh 10 l\u00e1), agus feicfidh t\u00fa c\u00e9n f\u00e1th go bhfuil an R\u00f3m\u00e1in ina aisling b\u00f3thair. <\/p>\n\n<div style=\"height:25px\" aria-hidden=\"true\" class=\"wp-block-spacer\"><\/div>\n\n<div class=\"wp-block-buttons is-content-justification-center is-layout-flex wp-container-core-buttons-is-layout-a89b3969 wp-block-buttons-is-layout-flex\">\n<div class=\"wp-block-button\"><a class=\"wp-block-button__link wp-element-button\" href=\"https:\/\/vignettego.com\/\" style=\"background-color:#28a745;color:#ffffff;padding:15px 30px;font-size:18px;border-radius:8px;\">\u2705 Faigh Do Vignettes Eorpacha \u2013 Gach T\u00edr \u2013 ag VignetteGo<\/a><\/div>\n<\/div>\n\n<div style=\"height:25px\" aria-hidden=\"true\" class=\"wp-block-spacer\"><\/div>\n\n<h2 class=\"wp-block-heading\">\ud83d\udee3\ufe0f Gr\u00e9as\u00e1n B\u00f3ithre na R\u00f3m\u00e1ine<\/h2>\n\n<p>T\u00e1 an R\u00f3m\u00e1in ag leathn\u00fa a l\u00edonra m\u00f3tarbheala\u00ed go tapa, c\u00e9 go bhfuil cuid mh\u00f3r den t\u00edr f\u00f3s ag freastal ar bh\u00f3ithre n\u00e1isi\u00fanta (b\u00f3ithre DN). Seo iad na pr\u00edomhbheala\u00ed: <\/p>\n\n<h3 class=\"wp-block-heading\">A1 \u2013 B\u00facairist go Pite\u0219ti agus n\u00edos faide i gc\u00e9in<\/h3>\n\n<p>An m\u00f3tarbhealach R\u00f3m\u00e1inis is sine, ag nascadh <strong>B\u00facairist le Pite\u0219ti<\/strong> (thart ar 110 km). T\u00e1 s\u00ednt\u00ed i dtreo Sibiu ar si\u00fal. Is \u00e9 seo an bealach is m\u00f3 i dtreo Transylvania \u00f3 B\u00facairist, ag nascadh leis an DN7 agus DN1 le haghaidh taistil ar aghaidh.  <\/p>\n\n<h3 class=\"wp-block-heading\">A2 &#8211; B\u00facairist go Constan\u021ba (M\u00f3tarbhealach na Gr\u00e9ine)<\/h3>\n\n<p>Nascann an <strong>Autostrada Soarelui<\/strong> (M\u00f3tarbhealach na Gr\u00e9ine) <strong>B\u00facairist le Constan\u021ba<\/strong> agus c\u00f3sta na Mara Duibhe. Thart ar 200 km. Is \u00e9 seo an pr\u00edomhbhealach le haghaidh laethanta saoire tr\u00e1 go Mamaia, Constan\u021ba, Vama Veche, agus ionaid saoire c\u00f3sta eile.  <\/p>\n\n<h3 class=\"wp-block-heading\">A3 \u2013 M\u00f3tarbhealach Transylvania (\u00e1 th\u00f3g\u00e1il)<\/h3>\n\n<p>Nuair a bheidh s\u00e9 cr\u00edochnaithe, nascfaidh s\u00e9 B\u00facairist le Bra\u0219ov, ag lean\u00faint tr\u00ed Transylvania go dt\u00ed teorainn na hUng\u00e1ire. Faoi l\u00e1thair, t\u00e1 roinnt rann\u00f3ga oscailte, lena n-\u00e1ir\u00edtear timpeall Turda agus Cluj-Napoca. <\/p>\n\n<h3 class=\"wp-block-heading\">A10 \u2013 Sebe\u0219 go Turda<\/h3>\n\n<p>Cuid de chonair Transylvania amach anseo, a nascann pr\u00edomhchathracha i l\u00e1r na R\u00f3m\u00e1ine.<\/p>\n\n<h3 class=\"wp-block-heading\">DN1 &#8211; Bealach Clasaiceach Transylvania<\/h3>\n\n<p>Nascann an <strong>legendary DN1 (E60)<\/strong> B\u00facairist le Bra\u0219ov, ag lean\u00faint tr\u00ed chro\u00edl\u00e1r Transylvania go Sibiu, Alba Iulia, Cluj-Napoca, agus n\u00edos faide anonn go dt\u00ed an Ung\u00e1ir. T\u00e9ann an bealach stairi\u00fail seo tr\u00ed radharcra sl\u00e9ibhe iontacha agus bailte me\u00e1naoiseacha. <\/p>\n\n<h2 class=\"wp-block-heading\">\ud83c\udfd4\ufe0f An Transf\u0103g\u0103r\u0103\u0219an &#8211; B\u00f3thar Tiom\u00e1na is Fearr ar Domhan<\/h2>\n\n<p>T\u00e1 an <strong>Transf\u0103g\u0103r\u0103\u0219an Highway (DN7C)<\/strong> ar a dtugtar &#8220;an b\u00f3thar is fearr ar domhan&#8221; ag Top Gear. Trasna\u00edonn an b\u00f3thar sl\u00e9ibhe iontach seo Sl\u00e9ibhte F\u0103g\u0103ra\u0219 ag airde 2,042 m\u00e9adar, le casadh hairpin dr\u00e1mat\u00fail, toll\u00e1in, agus radhairc iontacha. <\/p>\n\n<p><strong>Eochairfhaisn\u00e9is:<\/strong><\/p>\n\n<ul class=\"wp-block-list\">\n<li><strong>Fad:<\/strong> Thart ar 90 km de bh\u00f3thar sl\u00e9ibhe<\/li>\n<li><strong>Oscailte:<\/strong> De ghn\u00e1th go d\u00e9anach i m\u00ed an Mheithimh go deireadh mh\u00ed Dheireadh F\u00f3mhair (ag brath ar an aimsir)<\/li>\n<li><strong>Bealach:<\/strong> Ceangla\u00edonn Curtea de Arge\u0219 le Sibiu tr\u00ed Shl\u00e9ibhte F\u0103g\u0103ra\u0219<\/li>\n<li><strong>Buaicphoint\u00ed:<\/strong> Loch B\u00e2lea (loch oighreach ag an mbarr), Eas B\u00e2lea, radharcra alpach n\u00e9al<\/li>\n<li><strong>Dola:<\/strong> Is b\u00f3thar n\u00e1isi\u00fanta (DN) \u00e9 an Transf\u0103g\u0103r\u0103\u0219an f\u00e9in, mar sin n\u00edl aon dola breise n\u00edos faide n\u00e1 an Rovinieta<\/li>\n<\/ul>\n\n<p><strong>Leid Pro:<\/strong> T\u00e1 an-t\u00f3ir ar an mb\u00f3thar i rith an tsamhraidh. Tosaigh go luath ar maidin chun sluaite a sheachaint agus taitneamh a bhaint as an solas grianghrafad\u00f3ireachta is fearr. <\/p>\n\n<div style=\"height:25px\" aria-hidden=\"true\" class=\"wp-block-spacer\"><\/div>\n\n<div class=\"wp-block-buttons is-content-justification-center is-layout-flex wp-container-core-buttons-is-layout-a89b3969 wp-block-buttons-is-layout-flex\">\n<div class=\"wp-block-button\"><a class=\"wp-block-button__link wp-element-button\" href=\"https:\/\/vignettego.com\/\" style=\"background-color:#ff6600;color:#ffffff;padding:15px 30px;font-size:18px;border-radius:8px;\">\ud83d\uded2 Ceannaigh Rovinieta R\u00f3m\u00e1inis Anois &#8211; Just EUR 3.50 ar feadh 7 l\u00e1!<\/a><\/div>\n<\/div>\n\n<div style=\"height:25px\" aria-hidden=\"true\" class=\"wp-block-spacer\"><\/div>\n\n<h2 class=\"wp-block-heading\">\ud83d\udcbb Conas a Cheannach Rovinieta R\u00f3m\u00e1inis<\/h2>\n\n<p>T\u00e1 Rovinieta R\u00f3m\u00e1inis a cheannach simpl\u00ed:<\/p>\n\n<h3 class=\"wp-block-heading\">Rogha 1: Ar l\u00edne tr\u00ed VignetteGo (Molta)<\/h3>\n\n<ol class=\"wp-block-list\">\n<li>Tabhair cuairt <a href=\"https:\/\/vignettego.com\/\" title=\"Ceannaigh Rovinieta R&#xF3;m&#xE1;inis ar l&#xED;ne\">ar VignetteGo.com<\/a><\/li>\n<li>Roghnaigh an R\u00f3m\u00e1in agus an tr\u00e9imhse bhail\u00edochta at\u00e1 ag teast\u00e1il uait<\/li>\n<li>Cuir isteach sonra\u00ed cl\u00e1r\u00fach\u00e1in feithicle (pl\u00e1ta cead\u00fanais)<\/li>\n<li>\u00cdoca\u00edocht shl\u00e1n a chomhl\u00e1n\u00fa<\/li>\n<li>Faigh dearbh\u00fa l\u00e1ithreach &#8211; bail\u00ed l\u00e1ithreach!<\/li>\n<\/ol>\n\n<h3 class=\"wp-block-heading\">Rogha 2: Su\u00edomh Gr\u00e9as\u00e1in Oifigi\u00fail roviniete.ro<\/h3>\n\n<p>Tairgeann su\u00edomh Gr\u00e9as\u00e1in oifigi\u00fail \u00fadar\u00e1s b\u00f3ithre na R\u00f3m\u00e1ine ceannach d\u00edreach i R\u00f3m\u00e1inis agus i mB\u00e9arla.<\/p>\n\n<h3 class=\"wp-block-heading\">Rogha 3: Point\u00ed D\u00edola Fisici\u00fala<\/h3>\n\n<p>Is f\u00e9idir Rovinieta a cheannach ag trasrianta teorann, st\u00e1isi\u00fain gh\u00e1is (Petrom, OMV, Mol, Rompetrol), agus oifig\u00ed poist na R\u00f3m\u00e1ine.<\/p>\n\n<h2 class=\"wp-block-heading\">\u26a0\ufe0f F\u00edne\u00e1lacha as tiom\u00e1int gan rovinieta<\/h2>\n\n<p>In ainneoin an chostais thar a bheith \u00edseal, d\u00e9anann roinnt taistealaithe iarracht an Rovinieta a sheachaint. Is bot\u00fan \u00e9 seo &#8211; cuirtear f\u00edne\u00e1lacha i bhfeidhm: <\/p>\n\n<ul class=\"wp-block-list\">\n<li><strong>F\u00edne\u00e1il chaighde\u00e1nach:<\/strong> EUR 50-200 ag brath ar an achar taistil<\/li>\n<li><strong>Forfheidhmi\u00fa:<\/strong> C\u00f3rais ceamara uathoibr\u00edocha ar fud na t\u00edre<\/li>\n<\/ul>\n\n<p><strong>Le pas seachtaine a chosna\u00edonn EUR 3.50 vs f\u00edne\u00e1il f\u00e9ideartha EUR 200, t\u00e1 an rogha soil\u00e9ir!<\/strong><\/p>\n\n<h2 class=\"wp-block-heading\">\ud83d\uddfa\ufe0f Beala\u00ed Turas B\u00f3thair na R\u00f3m\u00e1ine Coitianta<\/h2>\n\n<h3 class=\"wp-block-heading\">B\u00facairist go Bra\u0219ov (Geata go Transylvania)<\/h3>\n\n<p><strong>Fad:<\/strong> ~ 170 km | <strong>Fad ama:<\/strong> 2.5-3 uair an chloig | <strong>Bealach:<\/strong> DN1 n\u00f3 A3 (i gc\u00e1s at\u00e1 ar f\u00e1il)<\/p>\n\n<p>An bealach clasaiceach isteach i Transylvania. Is cathair mhe\u00e1naoiseach n\u00e9al \u00ed Bra\u0219ov timpeallaithe ag sl\u00e9ibhte, foirfe mar bhonn chun caisle\u00e1in (Bran, Pele\u0219) agus na Carpathians a ini\u00fachadh. <\/p>\n\n<h3 class=\"wp-block-heading\">B\u00facairist go Constan\u021ba (An Mhuir Dhubh)<\/h3>\n\n<p><strong>Fad:<\/strong> ~ 225 km | <strong>Fad ama:<\/strong> 2.5 uair an chloig | <strong>Bealach:<\/strong> A2 (M\u00f3tarbhealach na Gr\u00e9ine)<\/p>\n\n<p>Ceann go dt\u00ed c\u00f3sta na Mara Duibhe ar mh\u00f3tarbhealach is nua na R\u00f3m\u00e1ine. Is cathair chalafoirt \u00e1rsa \u00ed Constan\u021ba; in aice l\u00e1imhe Is \u00e9 Mamaia an t-ionad tr\u00e1 barr t\u00edre. <\/p>\n\n<h3 class=\"wp-block-heading\">Cuaird Chaisle\u00e1n Transylvania<\/h3>\n\n<p><strong>Bealach:<\/strong> Bra\u0219ov \u2192 Caisle\u00e1n Bran \u2192 R\u00e2\u0219nov \u2192 Caisle\u00e1n Pele\u0219 (Sinaia) \u2192 ar ais go Bra\u0219ov<\/p>\n\n<p>Tabhair cuairt ar chaisle\u00e1n c\u00e1ili\u00fail Dracula (Bran), Caisle\u00e1n n\u00e9al Pele\u0219, agus fortress me\u00e1naoiseach R\u00e2\u0219nov &#8211; go l\u00e9ir i dturas lae amh\u00e1in \u00f3 Bra\u0219ov.<\/p>\n\n<h3 class=\"wp-block-heading\">Turas Transylvania Comhl\u00e1naigh<\/h3>\n\n<p><strong>Bealach:<\/strong> B\u00facairist \u2192 Bra\u0219ov \u2192 Sighi\u0219oara \u2192 Sibiu \u2192 Transf\u0103g\u0103r\u0103\u0219an \u2192 B\u00facairist<\/p>\n\n<p>Ciorcad 5-7 l\u00e1 a chl\u00fada\u00edonn an chuid is fearr de Transylvania: cathracha me\u00e1naoiseacha, radharcra sl\u00e9ibhe, agus an b\u00f3thar legendary Transf\u0103g\u0103r\u0103\u0219an.<\/p>\n\n<div style=\"height:25px\" aria-hidden=\"true\" class=\"wp-block-spacer\"><\/div>\n\n<div class=\"wp-block-buttons is-content-justification-center is-layout-flex wp-container-core-buttons-is-layout-a89b3969 wp-block-buttons-is-layout-flex\">\n<div class=\"wp-block-button\"><a class=\"wp-block-button__link wp-element-button\" href=\"https:\/\/vignettego.com\/\" style=\"background-color:#9c27b0;color:#ffffff;padding:15px 30px;font-size:18px;border-radius:8px;\">\ud83c\udf0d Plean\u00e1il Do Eachtra\u00edochta R\u00f3m\u00e1inis le VignetteGo<\/a><\/div>\n<\/div>\n\n<div style=\"height:25px\" aria-hidden=\"true\" class=\"wp-block-spacer\"><\/div>\n\n<h2 class=\"wp-block-heading\">\ud83d\udca1 Leideanna Tiom\u00e1na na R\u00f3m\u00e1ine do 2026<\/h2>\n\n<h3 class=\"wp-block-heading\">Airgeadra<\/h3>\n\n<p>\u00das\u00e1ideann an <strong>R\u00f3m\u00e1in Leu na R\u00f3m\u00e1ine (RON),<\/strong> ach <strong>glactar leis an Euro go forleathan<\/strong> ag st\u00e1isi\u00fain g\u00e1is, \u00f3st\u00e1in, agus ceantair turas\u00f3ireachta. Glactar le c\u00e1rta\u00ed creidmheasa beagnach i ngach \u00e1it i gcathracha. R\u00e1ta malairte: thart ar 1 EUR = 5 RON.  <\/p>\n\n<h3 class=\"wp-block-heading\">Luasteorainneacha<\/h3>\n\n<ul class=\"wp-block-list\">\n<li><strong>M\u00f3tarbheala\u00ed:<\/strong> 130 km \/ h<\/li>\n<li><strong>B\u00f3ithre n\u00e1isi\u00fanta (lasmuigh de bhailte):<\/strong> 90-100 km\/u<\/li>\n<li><strong>Ceantair uirbeacha:<\/strong> 50 km\/h<\/li>\n<\/ul>\n\n<h3 class=\"wp-block-heading\">Coinn\u00edollacha B\u00f3thair<\/h3>\n\n<p>T\u00e1 m\u00f3tarbheala\u00ed ar fheabhas. Athra\u00edonn b\u00f3ithre n\u00e1isi\u00fanta \u00f3 mhaith go garbh, go h\u00e1irithe i gceantair thuaithe. Is f\u00e9idir le b\u00f3ithre sl\u00e9ibhe a bheith d\u00fashl\u00e1nach &#8211; tiom\u00e1int go c\u00faramach agus meas a bheith acu ar choinn\u00edollacha aimsire.  <\/p>\n\n<h3 class=\"wp-block-heading\">Breosla<\/h3>\n\n<p>T\u00e1 breosla n\u00edos saoire n\u00e1 Iarthar na hEorpa. I measc na slabhra\u00ed m\u00f3ra t\u00e1 Petrom, OMV, Mol, Rompetrol, agus Lukoil. <\/p>\n\n<h2 class=\"wp-block-heading\" id=\"faq-section\">\u2753 Ceisteanna Coitianta<\/h2>\n\n<h3 class=\"wp-block-heading\">An bhfuil an Rovinieta R\u00f3m\u00e1inis i nd\u00e1ir\u00edre chomh saor?<\/h3>\n\n<p>T\u00e1! Ag thart ar EUR 3.50 ar feadh 7 l\u00e1, t\u00e1 na dola\u00ed mh\u00f3rbhealaigh is saoire san Eoraip ag an R\u00f3m\u00e1in. Cosna\u00edonn fi\u00fa an vignette bliant\u00fail (EUR 28) n\u00edos l\u00fa n\u00e1 roghanna gearrth\u00e9armacha go leor t\u00edortha.  <\/p>\n\n<h3 class=\"wp-block-heading\">Cathain is f\u00e9idir liom an Transf\u0103g\u0103r\u0103\u0219an a thiom\u00e1int?<\/h3>\n\n<p>De ghn\u00e1th go d\u00e9anach i m\u00ed an Mheithimh go deireadh mh\u00ed Dheireadh F\u00f3mhair, ag brath ar an aimsir. T\u00e1 an chuid ard (os cionn 1,800m) d\u00fanta sa gheimhreadh mar gheall ar shneachta. Seice\u00e1il an st\u00e1das reatha sula nd\u00e9anann t\u00fa plean\u00e1il.  <\/p>\n\n<h3 class=\"wp-block-heading\">An f\u00e9idir liom vignette na R\u00f3m\u00e1ine a \u00fas\u00e1id sa Mhold\u00f3iv?<\/h3>\n\n<p>N\u00edl, teasta\u00edonn <a href=\"https:\/\/vignettego.com\/highway-vignette-europe\/ga\/vignette-bothar-na-moldoive-2026-treoir-vinieta-comhlanaigh\/\">vinieta Mold\u00f3vach<\/a> ar leith uait don Mhold\u00f3iv. Ceannaigh an d\u00e1 cheann ag <a href=\"https:\/\/vignettego.com\/\" title=\"F&#xED;n&#xE9;id&#xED; Eorpacha\">VignetteGo<\/a>. <\/p>\n\n<div style=\"height:25px\" aria-hidden=\"true\" class=\"wp-block-spacer\"><\/div>\n\n<div class=\"wp-block-buttons is-content-justification-center is-layout-flex wp-container-core-buttons-is-layout-a89b3969 wp-block-buttons-is-layout-flex\">\n<div class=\"wp-block-button\"><a class=\"wp-block-button__link wp-element-button\" href=\"https:\/\/vignettego.com\/\" style=\"background-color:#e91e63;color:#ffffff;padding:15px 30px;font-size:18px;border-radius:8px;\">\ud83d\ude97 Faigh Do Vignettes Highway Eorpach ag VignetteGo \u2192<\/a><\/div>\n<\/div>\n\n<div style=\"height:25px\" aria-hidden=\"true\" class=\"wp-block-spacer\"><\/div>\n\n<h2 class=\"wp-block-heading\">\ud83c\udff0 C\u00e9n f\u00e1th cuairt a thabhairt ar an R\u00f3m\u00e1in?<\/h2>\n\n<ul class=\"wp-block-list\">\n<li><strong>Transylvania:<\/strong> Cathracha, caisle\u00e1in, agus t\u00edrdhreacha sl\u00e9ibhe me\u00e1naoiseacha<\/li>\n<li><strong>An Transf\u0103g\u0103r\u0103\u0219an:<\/strong> Ceann de na b\u00f3ithre tiom\u00e1na is fearr ar domhan<\/li>\n<li><strong>C\u00f3sta na Mara Duibhe:<\/strong> Tr\u00e1nna \u00e1ille agus cathracha \u00e1rsa<\/li>\n<li><strong>Delta na Dan\u00f3ibe:<\/strong> C\u00falchiste bithsf\u00e9ar UNESCO, faire \u00e9an iontach<\/li>\n<li><strong>Inacmhainne:<\/strong> Luach iontach le haghaidh l\u00f3ist\u00edn, bia, agus taisteal<\/li>\n<li><strong>Cult\u00far Saibhir:<\/strong> Measc\u00e1n suimi\u00fail de thionchar Laidine, Slavach agus Ottoman<\/li>\n<\/ul>\n\n<h2 class=\"wp-block-heading\">\ud83d\udccd Concl\u00faid<\/h2>\n\n<p>Cuireann an R\u00f3m\u00e1in luach turas b\u00f3thair dochreidte ar f\u00e1il &#8211; \u00f3 na dola\u00ed mh\u00f3rbhealaigh is saoire san Eoraip go radharcra n\u00e9al agus cult\u00far saibhir. Cib\u00e9 an bhfuil t\u00fa ag chasing finsc\u00e9alta Dracula i Transylvania, conquering an Transf\u0103g\u0103r\u0103\u0219an, n\u00f3 sc\u00edth a ligean ar thr\u00e1nna na Mara Duibhe, seachadann an R\u00f3m\u00e1in eisp\u00e9iris gan chuimhneamh. <\/p>\n\n<p>Faigh do Rovinieta ag <a href=\"https:\/\/vignettego.com\/\" title=\"VignetteGo - Vignettes mh&#xF3;rbhealaigh na hEorpa\">VignetteGo<\/a> &#8211; t\u00f3gann s\u00e9 n\u00f3im\u00e9ad agus cosna\u00edonn s\u00e9 n\u00edos l\u00fa n\u00e1 caife!<\/p>\n\n<p><strong>Bain sult as an R\u00f3m\u00e1in! \ud83c\uddf7\ud83c\uddf4\ud83c\udfd4\ufe0f <\/strong><\/p>\n\n<p><strong>Treoracha Gaolmhara:<\/strong> <a href=\"https:\/\/vignettego.com\/highway-vignette-europe\/ga\/hungary-highway-vignette-2026-complete-e-matrica-guide-ga\/\">An Ung\u00e1ir E-Matrica<\/a> | <a href=\"https:\/\/vignettego.com\/highway-vignette-europe\/ga\/vignette-highway-na-bulgaire-2026-treoir-e-vignette-comhlanaigh\/\">An Bhulg\u00e1ir E-Vignette<\/a> | <a href=\"https:\/\/vignettego.com\/highway-vignette-europe\/ga\/vignette-bothar-na-moldoive-2026-treoir-vinieta-comhlanaigh\/\">An Mhold\u00f3iv Vinieta<\/a> | <a href=\"https:\/\/vignettego.com\/\">Gach Vignettes Eorpach<\/a><\/p>\n","protected":false},"excerpt":{"rendered":"<p>Cuireann an R\u00f3m\u00e1in cuid de na cinn scr\u00edbe turas b\u00f3thair is iontacha san Eoraip &#8211; \u00f3 na caisle\u00e1in legendary Transylvania go dt\u00ed na tr\u00e1nna n\u00e9al na Mara Duibhe, na Sl\u00e9ibhte maorga Carpathian go dt\u00ed an Delta Dan\u00f3ib uath\u00fail. Agus seo an nuacht is fearr: T\u00e1 an R\u00f3m\u00e1in an vignette mh\u00f3rbhealaigh is inacmhainne san Eoraip, ar [&hellip;]<\/p>\n","protected":false},"author":0,"featured_media":0,"parent":0,"menu_order":0,"comment_status":"closed","ping_status":"closed","template":"","meta":{"footnotes":""},"class_list":["post-479","page","type-page","status-publish","hentry"],"_links":{"self":[{"href":"https:\/\/vignettego.com\/highway-vignette-europe\/ga\/wp-json\/wp\/v2\/pages\/479","targetHints":{"allow":["GET"]}}],"collection":[{"href":"https:\/\/vignettego.com\/highway-vignette-europe\/ga\/wp-json\/wp\/v2\/pages"}],"about":[{"href":"https:\/\/vignettego.com\/highway-vignette-europe\/ga\/wp-json\/wp\/v2\/types\/page"}],"replies":[{"embeddable":true,"href":"https:\/\/vignettego.com\/highway-vignette-europe\/ga\/wp-json\/wp\/v2\/comments?post=479"}],"version-history":[{"count":4,"href":"https:\/\/vignettego.com\/highway-vignette-europe\/ga\/wp-json\/wp\/v2\/pages\/479\/revisions"}],"predecessor-version":[{"id":1386,"href":"https:\/\/vignettego.com\/highway-vignette-europe\/ga\/wp-json\/wp\/v2\/pages\/479\/revisions\/1386"}],"wp:attachment":[{"href":"https:\/\/vignettego.com\/highway-vignette-europe\/ga\/wp-json\/wp\/v2\/media?parent=479"}],"curies":[{"name":"wp","href":"https:\/\/api.w.org\/{rel}","templated":true}]}}