{"id":434,"date":"2026-01-04T01:38:57","date_gmt":"2026-01-04T01:38:57","guid":{"rendered":"https:\/\/vignettego.com\/highway-vignette-europe\/vignette-highway-na-croite-2026-treoir-iomlan-enc-dola-digiteach\/"},"modified":"2026-01-04T12:42:36","modified_gmt":"2026-01-04T12:42:36","slug":"vignette-highway-na-croite-2026-treoir-iomlan-enc-dola-digiteach","status":"publish","type":"page","link":"https:\/\/vignettego.com\/highway-vignette-europe\/ga\/vignette-highway-na-croite-2026-treoir-iomlan-enc-dola-digiteach\/","title":{"rendered":"Vignette Highway na Cr\u00f3ite 2026: Treoir Ioml\u00e1n ENC &amp; Dola Digiteach"},"content":{"rendered":"\n<script type=\"application\/ld+json\">{\n    \"@context\": \"https:\/\/schema.org\",\n    \"@graph\": [\n        {\n            \"@type\": \"Article\",\n            \"@id\": \"https:\/\/vignettego.com\/highway-vignette-europe\/croatia-highway-vignette-guide\/#article\",\n            \"headline\": \"Croatia Highway Vignette 2026: Complete ENC & Digital Toll Guide\",\n            \"description\": \"Everything about Croatian highway tolls, ENC electronic system, and digital vignette options. Learn about toll prices, the stunning A1 coastal motorway, and how to reach Dubrovnik, Split, and other destinations.\",\n            \"image\": \"https:\/\/vignettego.com\/highway-vignette-europe\/wp-content\/uploads\/2026\/09\/Highway-Vignette-Europe.jpg\",\n            \"datePublished\": \"2026-01-04\",\n            \"dateModified\": \"2026-01-04\",\n            \"author\": {\"@type\": \"Organization\", \"name\": \"VignetteGo\", \"url\": \"https:\/\/vignettego.com\"},\n            \"publisher\": {\"@type\": \"Organization\", \"name\": \"VignetteGo\"},\n            \"mainEntityOfPage\": {\"@type\": \"WebPage\", \"@id\": \"https:\/\/vignettego.com\/highway-vignette-europe\/croatia-highway-vignette-guide\/\"},\n            \"articleSection\": \"Highway Vignettes\",\n            \"keywords\": [\"Croatia toll\", \"Croatia highway\", \"ENC Croatia\", \"Croatian motorway\", \"A1 Croatia\", \"Dubrovnik road trip\", \"Split highway\"],\n            \"inLanguage\": \"en\",\n            \"speakable\": {\"@type\": \"SpeakableSpecification\", \"cssSelector\": [\".article-intro\", \"#faq-section\"]}\n        },\n        {\n            \"@type\": \"BreadcrumbList\",\n            \"itemListElement\": [\n                {\"@type\": \"ListItem\", \"position\": 1, \"name\": \"VignetteGo\", \"item\": \"https:\/\/vignettego.com\/\"},\n                {\"@type\": \"ListItem\", \"position\": 2, \"name\": \"Highway Vignette Europe\", \"item\": \"https:\/\/vignettego.com\/highway-vignette-europe\/\"},\n                {\"@type\": \"ListItem\", \"position\": 3, \"name\": \"Croatia Guide\", \"item\": \"https:\/\/vignettego.com\/highway-vignette-europe\/croatia-highway-vignette-guide\/\"}\n            ]\n        },\n        {\n            \"@type\": \"FAQPage\",\n            \"mainEntity\": [\n                {\"@type\": \"Question\", \"name\": \"Does Croatia use vignettes or toll booths?\", \"acceptedAnswer\": {\"@type\": \"Answer\", \"text\": \"Croatia traditionally uses a distance-based toll system with toll booths, but now also offers digital vignette options (E-Vinjeta) for certain sections. Many visitors use a combination of both or the ENC electronic device.\"}},\n                {\"@type\": \"Question\", \"name\": \"How much does the Croatian motorway toll cost?\", \"acceptedAnswer\": {\"@type\": \"Answer\", \"text\": \"Croatian tolls are distance-based. Zagreb to Split costs approximately EUR 25, Zagreb to Rijeka about EUR 8, and Split to Dubrovnik around EUR 12. The A1 motorway to the coast is the main toll route.\"}},\n                {\"@type\": \"Question\", \"name\": \"What is the ENC system in Croatia?\", \"acceptedAnswer\": {\"@type\": \"Answer\", \"text\": \"ENC (Elektroni\u010dka Naplata Cestarine) is Croatia electronic toll collection device. It provides faster passage through dedicated ENC lanes and often offers discounts. Available at toll plazas and service areas.\"}},\n                {\"@type\": \"Question\", \"name\": \"Can I pay Croatian tolls with credit card?\", \"acceptedAnswer\": {\"@type\": \"Answer\", \"text\": \"Yes, credit and debit cards are accepted at Croatian toll booths. Cash payment in EUR is also widely accepted since Croatia adopted the Euro in January 2023.\"}},\n                {\"@type\": \"Question\", \"name\": \"Is there a digital vignette for Croatia?\", \"acceptedAnswer\": {\"@type\": \"Answer\", \"text\": \"Yes, Croatia now offers E-Vinjeta (electronic vignettes) for certain motorway sections, providing an alternative to traditional toll booth payment. These can be purchased online.\"}}\n            ]\n        }\n    ]\n}\n<\/script>\n\n<figure class=\"wp-block-image aligncenter size-large\"><img decoding=\"async\" src=\"https:\/\/vignettego.com\/highway-vignette-europe\/wp-content\/uploads\/2026\/09\/Highway-Vignette-Europe.jpg\" alt=\"Dola Mh&#xF3;rbhealaigh na Cr&#xF3;ite 2026 - Treoir ioml&#xE1;n ar ch&#xF3;ras dola m&#xF3;tarbhealaigh na Cr&#xF3;ite\" style=\"width:100%; height:auto; margin-bottom:20px;\"\/><\/figure>\n\n<p class=\"article-intro\">T\u00e1 an Chr\u00f3it ar cheann de na cinn scr\u00edbe samhraidh is coitianta san Eoraip, a bhfuil c\u00e1il air mar gheall ar a ch\u00f3sta n\u00e9al Aidriad, uisc\u00ed criostail-soil\u00e9ir, cathracha stairi\u00fala cos\u00fail le Dubrovnik agus Split, agus oile\u00e1in \u00e1lainn. Oscla\u00edonn tiom\u00e1int go dt\u00ed an Chr\u00f3it f\u00e9idearthachta\u00ed dochreidte &#8211; \u00f3 bhalla\u00ed \u00e1rsa Dubrovnik go tr\u00e1nna p\u00e1irt\u00ed Zr\u0107e, easanna Lochanna Plitvice go Istria a fheictear. M\u00edn\u00edonn an treoir seo gach rud faoi ch\u00f3ras dola mh\u00f3rbhealaigh na Cr\u00f3ite in 2026, lena n-\u00e1ir\u00edtear <strong>an c\u00f3ras leictreonach ENC<\/strong>, <strong>roghanna vignette digiteacha<\/strong>, agus leideanna praitici\u00fala do do thuras b\u00f3thair Cr\u00f3itis.  <\/p>\n\n<div style=\"height:25px\" aria-hidden=\"true\" class=\"wp-block-spacer\"><\/div>\n\n<div class=\"wp-block-buttons is-content-justification-center is-layout-flex wp-container-core-buttons-is-layout-a89b3969 wp-block-buttons-is-layout-flex\">\n<div class=\"wp-block-button\"><a class=\"wp-block-button__link wp-element-button\" href=\"https:\/\/vignettego.com\/\" style=\"background-color:#0066cc;color:#ffffff;padding:15px 30px;font-size:18px;border-radius:8px;\">\ud83d\ude97 Faigh Do Vignette Digiteach Cr\u00f3itis ag VignetteGo<\/a><\/div>\n<\/div>\n\n<div style=\"height:25px\" aria-hidden=\"true\" class=\"wp-block-spacer\"><\/div>\n\n<h2 class=\"wp-block-heading\">\ud83c\udded\ud83c\uddf7 M\u00edni\u00fa ar Ch\u00f3ras Dola na Cr\u00f3ite<\/h2>\n\n<p>Murab ionann agus an chuid is m\u00f3 de th\u00edortha L\u00e1r na hEorpa a \u00fas\u00e1ideann vignettes am-bhunaithe, d&#8217;oibrigh an Chr\u00f3it <strong>go traidisi\u00fanta c\u00f3ras dola-bhunaithe<\/strong> le bothanna dola fisici\u00fala. T\u00f3gann t\u00fa tic\u00e9ad nuair a th\u00e9ann t\u00fa isteach sa mh\u00f3tarbhealach agus \u00edocann t\u00fa bunaithe ar an achar a thaisteala\u00edonn t\u00fa nuair a fh\u00e1gann t\u00fa. Mar sin f\u00e9in, cuireann an Chr\u00f3it <strong>roghanna vignette digiteacha (E-Vinjeta)<\/strong> ar f\u00e1il anois do chodanna m\u00f3tarbhealaigh \u00e1irithe, ag sol\u00e1thar n\u00edos m\u00f3 sol\u00fabthachta do thaistealaithe.  <\/p>\n\n<p>T\u00e1 l\u00edonra m\u00f3tarbheala\u00ed na Cr\u00f3ite \u00e1 bhainisti\u00fa ag <strong>HAC (Hrvatske Autoceste)<\/strong> agus <strong>AZM (Autocesta Zagreb-Macelj).<\/strong> \u00d3 Ean\u00e1ir 2023 i leith, t\u00e1 an <strong>Euro (EUR)<\/strong> glactha ag an gCr\u00f3it mar airgeadra, rud a fh\u00e1gann go bhfuil \u00edoca\u00edochta\u00ed n\u00edos \u00e9asca do chuairteoir\u00ed an Aontais. <\/p>\n\n<h2 class=\"wp-block-heading\">\ud83d\udccb Roghanna \u00cdoca\u00edochta Dola na Cr\u00f3ite<\/h2>\n\n<h3 class=\"wp-block-heading\">Rogha 1: Bothanna dola traidisi\u00fanta (is coitianta)<\/h3>\n\n<p>T\u00f3g tic\u00e9ad ag an mbealach isteach, \u00edoc ag an mbealach amach. \u00cdoca\u00edocht glactha: <\/p>\n\n<ul class=\"wp-block-list\">\n<li><strong>Airgead tirim:<\/strong> EUR (n\u00edl aon gh\u00e1 le Cr\u00f3itis Kuna a thuilleadh)<\/li>\n<li><strong>C\u00e1rta\u00ed Creidmheasa\/Dochair:<\/strong> Visa, Mastercard glactar leis go forleathan<\/li>\n<li><strong>Gl\u00e9as ENC:<\/strong> \u00cdoca\u00edocht leictreonach (f\u00e9ach th\u00edos)<\/li>\n<\/ul>\n\n<h3 class=\"wp-block-heading\">Rogha 2: Gl\u00e9as Leictreonach ENC<\/h3>\n\n<p><strong>Is \u00e9 ENC (Elektroni\u010dka Naplata Cestarine)<\/strong> c\u00f3ras bailithe dola\u00ed leictreonach na Cr\u00f3ite. Sochair: <\/p>\n\n<ul class=\"wp-block-list\">\n<li>Pas\u00e1iste n\u00edos tap\u00fala tr\u00ed l\u00e1na\u00ed tiomnaithe ENC<\/li>\n<li>Lascain\u00ed f\u00e9ideartha ar th\u00e1ill\u00ed dola<\/li>\n<li>N\u00ed g\u00e1 stopadh ag bothanna dola<\/li>\n<li>Ar f\u00e1il le ceannach ag dola-phl\u00e1is agus limist\u00e9ir seirbh\u00edse<\/li>\n<\/ul>\n\n<p>Cosna\u00edonn an gl\u00e9as ENC \u00e9arlais bheag agus is f\u00e9idir \u00e9 a bhreisi\u00fa le creidmheas. Do chuairteoir\u00ed go minic, moltar go m\u00f3r \u00e9. <\/p>\n\n<h3 class=\"wp-block-heading\">Rogha 3: Vignette Digiteach (E-Vinjeta)<\/h3>\n\n<p>Cuireann an Chr\u00f3it <strong>E-Vinjeta (vignettes<\/strong> leictreonacha) ar f\u00e1il anois do chodanna \u00e1irithe m\u00f3tarbhealaigh, rud a ligeann duit bothanna dola a sheachbh\u00f3thar go hioml\u00e1n. Ar f\u00e1il ag <a href=\"https:\/\/vignettego.com\/\" title=\"Vignette digiteach Cr&#xF3;itis\">VignetteGo<\/a>. <\/p>\n\n<div style=\"height:25px\" aria-hidden=\"true\" class=\"wp-block-spacer\"><\/div>\n\n<div class=\"wp-block-buttons is-content-justification-center is-layout-flex wp-container-core-buttons-is-layout-a89b3969 wp-block-buttons-is-layout-flex\">\n<div class=\"wp-block-button\"><a class=\"wp-block-button__link wp-element-button\" href=\"https:\/\/vignettego.com\/\" style=\"background-color:#28a745;color:#ffffff;padding:15px 30px;font-size:18px;border-radius:8px;\">\u2705 Faigh Vignettes na hEorpa \u2013 Gach T\u00edr \u2013 ag VignetteGo<\/a><\/div>\n<\/div>\n\n<div style=\"height:25px\" aria-hidden=\"true\" class=\"wp-block-spacer\"><\/div>\n\n<h2 class=\"wp-block-heading\">\ud83d\udcb0 Praghsanna Dola M\u00f3tarbhealaigh na Cr\u00f3ite 2026<\/h2>\n\n<p>T\u00e1 dola\u00ed Cr\u00f3itis bunaithe ar achar, mar sin braitheann an costas ar do bhealach. Seo praghsanna neasacha do bheala\u00ed coitianta (Catag\u00f3ir I &#8211; gluaiste\u00e1in rialta): <\/p>\n\n<figure class=\"wp-block-table\"><table><thead><tr><th>Bealach<\/th><th>Fad<\/th><th>Thart ar Dola <\/th><\/tr><\/thead><tbody><tr><td><strong>Zagreb &#8211; Scoilt<\/strong><\/td><td>~ 400 km<\/td><td>~ EUR 25<\/td><\/tr><tr><td><strong>Zagreb \u2013 Rijeka<\/strong><\/td><td>~ 170 km<\/td><td>~ EUR 8<\/td><\/tr><tr><td><strong>Zagreb \u2013 Zadar<\/strong><\/td><td>~ 280 km<\/td><td>~ EUR 17<\/td><\/tr><tr><td><strong>Scoilt \u2013 Dubrovnik<\/strong><\/td><td>~ 220 km<\/td><td>~ EUR 12<\/td><\/tr><tr><td><strong>Zagreb \u2013 Dubrovnik<\/strong><\/td><td>~ 600 km<\/td><td>~ EUR 35<\/td><\/tr><tr><td><strong>Ljubljana \u2013 Zagreb<\/strong><\/td><td>~ 140 km<\/td><td>~ EUR 7<\/td><\/tr><\/tbody><\/table><\/figure>\n\n<p><strong>N\u00f3ta:<\/strong> Is praghsanna t\u00e1scacha iad. D&#8217;fh\u00e9adfadh dola\u00ed iarbh\u00edr a bheith beag\u00e1n \u00e9ags\u00fail bunaithe ar phoint\u00ed iontr\u00e1la\/imeachta sonracha agus catag\u00f3ir feithicle. <\/p>\n\n<h2 class=\"wp-block-heading\">\ud83d\udee3\ufe0f L\u00edonra M\u00f3tarbheala\u00ed na Cr\u00f3ite<\/h2>\n\n<p>T\u00e1 l\u00edonra m\u00f3tarbheala\u00ed den scoth ag an gCr\u00f3it a nascann cathracha m\u00f3ra agus an c\u00f3sta. Seo iad na pr\u00edomhbheala\u00ed: <\/p>\n\n<h3 class=\"wp-block-heading\">A1 &#8211; M\u00f3tarbhealach Dalmatian<\/h3>\n\n<p>An bealach turas\u00f3ireachta is t\u00e1bhachta\u00ed, ag nascadh <strong>Zagreb le Scoilt agus ag lean\u00faint ar aghaidh i dtreo Dubrovnik<\/strong>. Ritheann an m\u00f3tarbhealach n\u00e9al seo comhthreomhar le c\u00f3sta Aidriad, ag tairiscint rochtain ar gach ceann scr\u00edbe c\u00f3sta m\u00f3r. Fad ioml\u00e1n: thart ar 550 km. T\u00e1 roinnt droichid agus toll\u00e1in m\u00f3rthaibhseacha tr\u00ed na hAlpa Dinaric.   <\/p>\n\n<h3 class=\"wp-block-heading\">A2 \u2013 Zagreb go Macelj (Teorainn na Sl\u00f3iv\u00e9ine)<\/h3>\n\n<p>Ceangla\u00edonn s\u00e9 Zagreb leis an tSl\u00f3iv\u00e9in, ag lean\u00faint ar aghaidh go Ljubljana agus n\u00edos faide i gc\u00e9in. An pr\u00edomhbhealach do thaistealaithe a thagann \u00f3 L\u00e1r na hEorpa. Fad: thart ar 60 km sa Chr\u00f3it.  <\/p>\n\n<h3 class=\"wp-block-heading\">A3 \u2013 Bregana go Lipovac<\/h3>\n\n<p>Bealach thoir-thiar a nascann teorainn na Sl\u00f3iv\u00e9ine (Bregana) tr\u00ed Zagreb go teorainn na Seirbia (Lipovac). Cuid de chonair Eorpach E70. Fad: thart ar 300 km.  <\/p>\n\n<h3 class=\"wp-block-heading\">A4 \u2013 Zagreb go Gori\u010dan (teorainn na hUng\u00e1ire)<\/h3>\n\n<p>Ceangla\u00edonn Zagreb leis an Ung\u00e1ir, an pr\u00edomhbhealach do thaistealaithe a thagann \u00f3 B\u00fadaipeist. Fad: thart ar 97 km. <\/p>\n\n<h3 class=\"wp-block-heading\">A6 \u2013 Seachbh\u00f3thar Rijeka<\/h3>\n\n<p>Ceangla\u00edonn an A1 ag Bosiljevo le Rijeka agus leithinis Istrian. Riachtanach chun Istria a bhaint amach \u00f3 Zagreb. <\/p>\n\n<h3 class=\"wp-block-heading\">A7\/A8\/A9 \u2013 Istrian Y<\/h3>\n\n<p>L\u00edonra m\u00f3tarbheala\u00ed a fhreastala\u00edonn ar leithinis Istrian, ag nascadh Rijeka le Pula agus cinn scr\u00edbe eile Istrian. Go ginear\u00e1lta tr\u00e1cht n\u00edos \u00edsle n\u00e1 an A1. <\/p>\n\n<div style=\"height:25px\" aria-hidden=\"true\" class=\"wp-block-spacer\"><\/div>\n\n<div class=\"wp-block-buttons is-content-justification-center is-layout-flex wp-container-core-buttons-is-layout-a89b3969 wp-block-buttons-is-layout-flex\">\n<div class=\"wp-block-button\"><a class=\"wp-block-button__link wp-element-button\" href=\"https:\/\/vignettego.com\/\" style=\"background-color:#ff6600;color:#ffffff;padding:15px 30px;font-size:18px;border-radius:8px;\">\ud83d\uded2 Faigh do Vignettes Eorpacha Anois ag VignetteGo<\/a><\/div>\n<\/div>\n\n<div style=\"height:25px\" aria-hidden=\"true\" class=\"wp-block-spacer\"><\/div>\n\n<h2 class=\"wp-block-heading\">\ud83d\uddfa\ufe0f Beala\u00ed Turas B\u00f3thair Cr\u00f3itis Coitianta<\/h2>\n\n<h3 class=\"wp-block-heading\">Zagreb go Scoilt (M\u00f3tarbhealach Dalmatian A1)<\/h3>\n\n<p><strong>Fad:<\/strong> ~ 400 km | <strong>Fad ama:<\/strong> 4-4.5 uair an chloig | <strong>Dola:<\/strong> ~EUR 25<\/p>\n\n<p>Bealach turas b\u00f3thair clasaiceach na Cr\u00f3ite. Is m\u00f3tarbhealach nua-aimseartha, dea-chothabh\u00e1ilte \u00e9 an A1 le limist\u00e9ir seirbh\u00edse den scoth. Smaoinigh ar stopadh ag P\u00e1irc N\u00e1isi\u00fanta Lochanna Plitvice (bealach amach Gornja Plo\u010da) &#8211; ceann de na nithe is \u00e1ille n\u00e1d\u00fartha sa Chr\u00f3it.  <\/p>\n\n<h3 class=\"wp-block-heading\">Zagreb go Dubrovnik<\/h3>\n\n<p><strong>Fad:<\/strong> ~ 600 km | <strong>Fad ama:<\/strong> 5.5-6 uair an chloig | <strong>Dola:<\/strong> ~EUR 35<\/p>\n\n<p>An turas b\u00f3thair deiridh Cr\u00f3itis, ag cr\u00edochn\u00fa ag cathair n\u00e9al m\u00fartha Dubrovnik. Tabhair faoi deara go dt\u00e9ann an bealach seo tr\u00edd an <strong>mBoisnia agus an Heirseagaiv\u00e9in<\/strong> go hachomair ag conair Neum (gan dola, ach pas a iompar). Mar mhalairt air sin, t\u00f3g Droichead Pelje\u0161ac chun fanacht go hioml\u00e1n sa Chr\u00f3it.  <\/p>\n\n<h3 class=\"wp-block-heading\">Ljubljana (an tSl\u00f3iv\u00e9in) go Zagreb<\/h3>\n\n<p><strong>Fad:<\/strong> ~ 140 km | <strong>Fad ama:<\/strong> 1.5-2 uair an chloig | <strong>Dola:<\/strong> ~EUR 7 (An Chr\u00f3it) + vignette Sl\u00f3iv\u00e9inis<\/p>\n\n<p>An pr\u00edomhbhealach \u00f3 L\u00e1r na hEorpa. Beidh <a href=\"https:\/\/vignettego.com\/highway-vignette-europe\/ga\/vignette-highway-na-sloiveine-2026-treoir-e-vinjeta-comhlanaigh\/\">E-Vinjeta Sl\u00f3iv\u00e9inis<\/a> ag teast\u00e1il uait don chuid Sl\u00f3iv\u00e9inis den turas. <\/p>\n\n<h3 class=\"wp-block-heading\">Turas C\u00f3sta Istrian<\/h3>\n\n<p><strong>Bealach:<\/strong> Rijeka \u2192 Opatija \u2192 Pula \u2192 Rovinj \u2192 Pore\u010d \u2192 ar ais go Rijeka<\/p>\n\n<p>D\u00e9an ini\u00fachadh ar leithinis \u00e1lainn Istrian lena eala\u00edn faoi thionchar na hIod\u00e1ile, sr\u00e1idbhailte ar bharr cnoic, agus bailte c\u00f3sta a fheictear. N\u00edos l\u00fa pl\u00f3daithe n\u00e1 c\u00f3sta na Dalmatia. <\/p>\n\n<h2 class=\"wp-block-heading\">\ud83d\udca1 Leideanna Tiom\u00e1na na Cr\u00f3ite do 2026<\/h2>\n\n<h3 class=\"wp-block-heading\">Airgeadra<\/h3>\n\n<p>\u00d3 Ean\u00e1ir 2023 i leith, \u00fas\u00e1ideann an <strong>Chr\u00f3it an Euro (EUR).<\/strong> N\u00ed g\u00e1 airgead a mhalart\u00fa m\u00e1 thagann t\u00fa \u00f3 th\u00edr eile i limist\u00e9ar an euro. Glactar go forleathan le c\u00e1rta\u00ed creidmheasa.  <\/p>\n\n<h3 class=\"wp-block-heading\">Luasteorainneacha<\/h3>\n\n<ul class=\"wp-block-list\">\n<li><strong>M\u00f3tarbheala\u00ed:<\/strong> 130 km \/ h<\/li>\n<li><strong>B\u00f3ithre n\u00e1isi\u00fanta:<\/strong> 90 km\/h<\/li>\n<li><strong>Ceantair uirbeacha:<\/strong> 50 km\/h<\/li>\n<\/ul>\n\n<h3 class=\"wp-block-heading\">Tr\u00e1cht an tSamhraidh<\/h3>\n\n<p><strong>Rabhadh:<\/strong> B\u00edonn <strong>tr\u00e1cht an-trom<\/strong> ar an A1 go dt\u00ed an c\u00f3sta i rith mh\u00ed I\u00fail agus L\u00fanasa, go h\u00e1irithe ar an Satharn (l\u00e1 athraithe do ch\u00edosanna seachtaini\u00fala). Taisteal go luath ar maidin n\u00f3 go d\u00e9anach tr\u00e1thn\u00f3na chun an br\u00fa tr\u00e1chta is measa a sheachaint. <\/p>\n\n<h3 class=\"wp-block-heading\">Trealamh Riachtanach<\/h3>\n\n<ul class=\"wp-block-list\">\n<li>Triant\u00e1n rabhaidh<\/li>\n<li>D\u00edlsi\u00fa machnamhach<\/li>\n<li>Trealamh garchabhrach<\/li>\n<li>Ceannsoilse ar si\u00fal i gc\u00f3na\u00ed agus t\u00fa ag tiom\u00e1int<\/li>\n<\/ul>\n\n<h2 class=\"wp-block-heading\" id=\"faq-section\">\u2753 Ceisteanna Coitianta<\/h2>\n\n<h3 class=\"wp-block-heading\">An dteasta\u00edonn vignette uaim n\u00f3 \u00edoc ag bothanna dola sa Chr\u00f3it?<\/h3>\n\n<p>Is f\u00e9idir leat ceachtar c\u00f3ras a \u00fas\u00e1id. Oibr\u00edonn bothanna dola traidisi\u00fanta ar bhonn \u00edoc-as-you-go cianbhunaithe. Mar mhalairt air sin, t\u00e1 vignettes digiteacha (E-Vinjeta) ar f\u00e1il anois do rann\u00f3ga \u00e1irithe.  <\/p>\n\n<h3 class=\"wp-block-heading\">An f\u00e9idir liom tiom\u00e1int go Dubrovnik gan an Chr\u00f3it a fh\u00e1g\u00e1il?<\/h3>\n\n<p>T\u00e1! \u00d3 oscla\u00edodh Droichead Pelje\u0161ac in 2022, is f\u00e9idir leat tiom\u00e1int anois \u00f3 Split go Dubrovnik gan trasn\u00fa tr\u00ed chonair Neum na Boisnia-Heirseagaiv\u00e9ine. <\/p>\n\n<h3 class=\"wp-block-heading\">An fi\u00fa an gl\u00e9as ENC?<\/h3>\n\n<p>Do chuairteoir\u00ed minic n\u00f3 d\u00f3ibh si\u00fad a fhanann roinnt seachtain\u00ed, t\u00e1. Maidir le turas amh\u00e1in, t\u00e1 bothanna dola n\u00f3 vignettes digiteacha n\u00edos praitici\u00fala. <\/p>\n\n<div style=\"height:25px\" aria-hidden=\"true\" class=\"wp-block-spacer\"><\/div>\n\n<div class=\"wp-block-buttons is-content-justification-center is-layout-flex wp-container-core-buttons-is-layout-a89b3969 wp-block-buttons-is-layout-flex\">\n<div class=\"wp-block-button\"><a class=\"wp-block-button__link wp-element-button\" href=\"https:\/\/vignettego.com\/\" style=\"background-color:#e91e63;color:#ffffff;padding:15px 30px;font-size:18px;border-radius:8px;\">\ud83d\ude97 Faigh Do Vignettes Highway Eorpach ag VignetteGo \u2192<\/a><\/div>\n<\/div>\n\n<div style=\"height:25px\" aria-hidden=\"true\" class=\"wp-block-spacer\"><\/div>\n\n<h2 class=\"wp-block-heading\">\ud83c\udfd6\ufe0f C\u00e9n f\u00e1th cuairt a thabhairt ar an gCr\u00f3it?<\/h2>\n\n<ul class=\"wp-block-list\">\n<li><strong>C\u00f3sta n\u00e9al:<\/strong> Os cionn 1,000 oile\u00e1n agus uisc\u00ed criostail-soil\u00e9ire Aidriad<\/li>\n<li><strong>Cathracha Stairi\u00fala:<\/strong> Dubrovnik, Scoilt, Zadar-L\u00e1ithre\u00e1in Oidhreachta Domhanda UNESCO<\/li>\n<li><strong>Su\u00edomhanna Game of Thrones:<\/strong> Bh\u00ed Dubrovnik mar Kings Landing<\/li>\n<li><strong>Lochanna Plitvice:<\/strong> P\u00e1irc n\u00e1isi\u00fanta iontach le easanna casc\u00e1ideacha<\/li>\n<li><strong>Istria:<\/strong> Eala\u00edn faoi thionchar na hIod\u00e1ile, fiach trufail, sr\u00e1idbhailte ar bharr cnoic<\/li>\n<li><strong>Radharc C\u00f3isire:<\/strong> Is \u00e9 Zr\u0107e Beach an &#8220;Cr\u00f3itis Ibiza&#8221;<\/li>\n<\/ul>\n\n<h2 class=\"wp-block-heading\">\ud83d\udccd Concl\u00faid<\/h2>\n\n<p>Cuireann an Chr\u00f3it cuid de na turais bh\u00f3thair is luachmhaire san Eoraip ar f\u00e1il, \u00f3n m\u00f3tarbhealach dr\u00e1mat\u00fail A1 go dt\u00ed na b\u00f3ithre c\u00f3sta foirceannadh agus sr\u00e1idbhailte Istrian a fheictear. Cib\u00e9 an fearr leat bothanna dola traidisi\u00fanta, an c\u00f3ras leictreonach ENC, n\u00f3 na roghanna vignette digiteacha nua, t\u00e1 s\u00e9 simpl\u00ed dul timpeall na Cr\u00f3ite i gcarr. <\/p>\n\n<p>Chun an Chr\u00f3it a bhaint amach \u00f3 L\u00e1r na hEorpa, is d\u00f3cha go rachaidh t\u00fa tr\u00edd an <a href=\"https:\/\/vignettego.com\/highway-vignette-europe\/ga\/vignette-highway-na-sloiveine-2026-treoir-e-vinjeta-comhlanaigh\/\">tSl\u00f3iv\u00e9in<\/a> n\u00f3 an <a href=\"https:\/\/vignettego.com\/highway-vignette-europe\/ga\/hungary-highway-vignette-2026-complete-e-matrica-guide-ga\/\">Ung\u00e1ir<\/a>. Faigh do chuid vignettes go l\u00e9ir in aon \u00e1it amh\u00e1in ag <a href=\"https:\/\/vignettego.com\/\" title=\"VignetteGo - Vignettes mh&#xF3;rbhealaigh na hEorpa\">VignetteGo<\/a>. <\/p>\n\n<p><strong>Bain sult as c\u00f3sta na Cr\u00f3ite! \ud83c\udded\ud83c\uddf7\ud83c\udfd6\ufe0f <\/strong><\/p>\n\n<p><strong>Treoracha gaolmhara:<\/strong> <a href=\"https:\/\/vignettego.com\/highway-vignette-europe\/ga\/vignette-highway-na-sloiveine-2026-treoir-e-vinjeta-comhlanaigh\/\">An tSl\u00f3iv\u00e9in E-Vinjeta<\/a> | <a href=\"https:\/\/vignettego.com\/highway-vignette-europe\/ga\/hungary-highway-vignette-2026-complete-e-matrica-guide-ga\/\">An Ung\u00e1ir E-Matrica<\/a> | <a href=\"https:\/\/vignettego.com\/\">Gach Vignettes Eorpach<\/a><\/p>\n","protected":false},"excerpt":{"rendered":"<p>T\u00e1 an Chr\u00f3it ar cheann de na cinn scr\u00edbe samhraidh is coitianta san Eoraip, a bhfuil c\u00e1il air mar gheall ar a ch\u00f3sta n\u00e9al Aidriad, uisc\u00ed criostail-soil\u00e9ir, cathracha stairi\u00fala cos\u00fail le Dubrovnik agus Split, agus oile\u00e1in \u00e1lainn. Oscla\u00edonn tiom\u00e1int go dt\u00ed an Chr\u00f3it f\u00e9idearthachta\u00ed dochreidte &#8211; \u00f3 bhalla\u00ed \u00e1rsa Dubrovnik go tr\u00e1nna p\u00e1irt\u00ed Zr\u0107e, easanna [&hellip;]<\/p>\n","protected":false},"author":0,"featured_media":0,"parent":0,"menu_order":0,"comment_status":"closed","ping_status":"closed","template":"","meta":{"footnotes":""},"class_list":["post-434","page","type-page","status-publish","hentry"],"_links":{"self":[{"href":"https:\/\/vignettego.com\/highway-vignette-europe\/ga\/wp-json\/wp\/v2\/pages\/434","targetHints":{"allow":["GET"]}}],"collection":[{"href":"https:\/\/vignettego.com\/highway-vignette-europe\/ga\/wp-json\/wp\/v2\/pages"}],"about":[{"href":"https:\/\/vignettego.com\/highway-vignette-europe\/ga\/wp-json\/wp\/v2\/types\/page"}],"replies":[{"embeddable":true,"href":"https:\/\/vignettego.com\/highway-vignette-europe\/ga\/wp-json\/wp\/v2\/comments?post=434"}],"version-history":[{"count":4,"href":"https:\/\/vignettego.com\/highway-vignette-europe\/ga\/wp-json\/wp\/v2\/pages\/434\/revisions"}],"predecessor-version":[{"id":1382,"href":"https:\/\/vignettego.com\/highway-vignette-europe\/ga\/wp-json\/wp\/v2\/pages\/434\/revisions\/1382"}],"wp:attachment":[{"href":"https:\/\/vignettego.com\/highway-vignette-europe\/ga\/wp-json\/wp\/v2\/media?parent=434"}],"curies":[{"name":"wp","href":"https:\/\/api.w.org\/{rel}","templated":true}]}}