{"id":139,"date":"2025-09-05T00:55:51","date_gmt":"2025-09-05T00:55:51","guid":{"rendered":"https:\/\/vignettego.com\/highway-vignette-europe\/vignettes-e-mhorbhealaigh-san-eoraip-treoir-taistil-2025-soileir-daonna-gan-aon-bholadh\/"},"modified":"2026-01-05T22:13:38","modified_gmt":"2026-01-05T22:13:38","slug":"vignettes-e-mhorbhealaigh-san-eoraip-treoir-taistil-2025-soileir-daonna-gan-aon-bholadh","status":"publish","type":"page","link":"https:\/\/vignettego.com\/highway-vignette-europe\/ga\/","title":{"rendered":"Vignettes E-Mh\u00f3rbhealaigh san Eoraip: Treoir Taistil 2025 (soil\u00e9ir, daonna, gan aon bholadh)"},"content":{"rendered":"\n<p><em><a href=\"https:\/\/vignettego.com\/\">Vignette Mh\u00f3rbhealaigh<\/a> na hEorpa: C\u00e1 bhfuil Ceann de dh\u00edth ort &amp; Conas a Cheannach (Treoir 2026)<\/em><\/p>\n\n<p>M\u00e1 t\u00e1 turas b\u00f3thair trasna na hEorpa \u00e1 phlean\u00e1il agat, casfaidh t\u00fa ar fhocal a bhfuil cuma fhaiseanta air ach a chialla\u00edonn i nd\u00e1ir\u00edre \u201crochtain b\u00f3thair r\u00e9amh\u00edoctha\u201d: <strong><a href=\"https:\/\/vignettego.com\/\">vignette<\/a><\/strong> .  <\/p>\n\n<p>Smaoinigh air mar phas digiteach at\u00e1 nasctha le do phl\u00e1ta cead\u00fanais a ligeann duit m\u00f3rbheala\u00ed \u00e1irithe a \u00fas\u00e1id ar feadh tr\u00e9imhse socraithe. Smaoineamh simpl\u00ed &#8211; praiseach i gcleachtas, mar go bhfuil na rialacha \u00e9ags\u00fail \u00f3 th\u00edr go t\u00edr. <\/p>\n\n<div style=\"height:30px\" aria-hidden=\"true\" class=\"wp-block-spacer\"><\/div>\n\n<div class=\"wp-block-buttons is-content-justification-center is-layout-flex wp-container-core-buttons-is-layout-a89b3969 wp-block-buttons-is-layout-flex\">\n<div class=\"wp-block-button\"><a class=\"wp-block-button__link wp-element-button\" href=\"https:\/\/vignettego.com\/\">Ini\u00fachadh a dh\u00e9anamh ar VignetteGo<\/a><\/div>\n<\/div>\n\n<div style=\"height:30px\" aria-hidden=\"true\" class=\"wp-block-spacer\"><\/div>\n\n<p>Seo th\u00edos treoir chairdi\u00fail, simpl\u00ed a chabhr\u00f3idh leat tuiscint a fh\u00e1il ar na h\u00e1iteanna a n-\u00fas\u00e1idtear vignettes, conas an ceann ceart a cheannach, c\u00e9 chomh fada agus a mhaireann siad, agus conas f\u00edne\u00e1lacha pianmhara a sheachaint. Tabharfaidh m\u00e9 seicliosta \u00e9asca duit freisin ar f\u00e9idir leat a lean\u00faint sula dtosa\u00edonn t\u00fa an t-inneall. <\/p>\n\n<p><\/p>\n\n<hr class=\"wp-block-separator has-alpha-channel-opacity\"\/>\n\n<h2 class=\"wp-block-heading\">TL;DR (an freagra tapaidh)<\/h2>\n\n<ul class=\"wp-block-list\">\n<li><strong>I gc\u00e1s ina bhfuil g\u00e1 le <a href=\"https:\/\/vignettego.com\/\">vignette mh\u00f3rbhealaigh<\/a> (gluaiste\u00e1in phaisin\u00e9ir\u00ed, M1 \u2264 3.5t) san AE:<\/strong> <strong>an Ostair, an tSeicia, an Ung\u00e1ir, an R\u00f3m\u00e1in, an tSl\u00f3vaic, an tSl\u00f3iv\u00e9in, an Bhulg\u00e1ir.<\/strong><br\/> (\u00das\u00e1ideann an Eilv\u00e9is vignette freisin, ach n\u00edl s\u00e9 san AE.)<\/li>\n\n\n\n<li><strong>I gc\u00e1s nach n-\u00fas\u00e1ideann t\u00fa vignettes:<\/strong> b\u00edonn formh\u00f3r na dt\u00edortha eile san AE ag brath ar <strong>bhothanna <a href=\"https:\/\/vignettego.com\/\">dola\u00ed<\/a> , dola\u00ed saorshreabhadh, n\u00f3 gan aon t\u00e1ill\u00ed<\/strong> do ghluaiste\u00e1in (m.sh., an Fhrainc, an Iod\u00e1il, an Sp\u00e1inn, an Phortaing\u00e9il, an Chr\u00f3it, an Pholainn, M50 na h\u00c9ireann, droichid na Danmhairge\/na Sualainne).<\/li>\n\n\n\n<li><strong>C\u00e9 chomh fada a mhaireann vignettes:<\/strong> de ghn\u00e1th is rogha <strong>ghearrth\u00e9armach<\/strong> (thart ar sheachtain\/10 l\u00e1), <strong>m\u00edos\u00fail<\/strong> agus <strong>bliant\u00fail<\/strong> iad. Cuireann roinnt \u00e1iteanna roghanna <strong>1 lae<\/strong> n\u00f3 <strong>deireadh seachtaine<\/strong> ar f\u00e1il freisin. <\/li>\n\n\n\n<li><strong>Conas a cheannach:<\/strong> ar l\u00edne i gceann c\u00fapla n\u00f3im\u00e9ad. Roghn\u00f3idh t\u00fa do <strong>th\u00edr<\/strong> , <strong>d\u2019fheithicil<\/strong> , <strong>do dh\u00e1ta tosaithe<\/strong> , agus <strong>do bhail\u00edocht<\/strong> . T\u00e1 an pas ceangailte le do <strong>phl\u00e1ta cead\u00fanais<\/strong> .  <\/li>\n\n\n\n<li><strong>Na bot\u00fain is m\u00f3 le seachaint:<\/strong> sreang pl\u00e1ta m\u00edcheart, d\u00e1ta\/am tosaithe m\u00edcheart, n\u00f3 glacadh leis go n-oibr\u00edonn vignette amh\u00e1in i dt\u00edortha \u00e9ags\u00fala (n\u00ed oibr\u00edonn).<\/li>\n<\/ul>\n\n<div style=\"height:30px\" aria-hidden=\"true\" class=\"wp-block-spacer\"><\/div>\n\n<div class=\"wp-block-buttons is-content-justification-center is-layout-flex wp-container-core-buttons-is-layout-a89b3969 wp-block-buttons-is-layout-flex\">\n<div class=\"wp-block-button\"><a class=\"wp-block-button__link wp-element-button\" href=\"https:\/\/vignettego.com\/\">Tosaigh Anois \u2013 VignetteGo<\/a><\/div>\n<\/div>\n\n<div style=\"height:30px\" aria-hidden=\"true\" class=\"wp-block-spacer\"><\/div>\n\n<hr class=\"wp-block-separator has-alpha-channel-opacity\"\/>\n\n<h2 class=\"wp-block-heading\">Cad go d\u00edreach is vignette ann?<\/h2>\n\n<p>Is <a href=\"https:\/\/vignettego.com\/\">pas mh\u00f3rbhealaigh<\/a> <strong>bunaithe ar am<\/strong> \u00e9 <strong>vignette<\/strong> . Murab ionann agus geata dola a ghearrann t\u00e1ille ort in aghaidh an chilim\u00e9adair n\u00f3 an rann\u00e1in, ceada\u00edonn vignette taisteal gan teorainn ar an ngr\u00e9as\u00e1n \u00e1bhartha le linn a bhail\u00edochta (seachas roinnt eisceachta\u00ed \u00e1iti\u00fala). Sa l\u00e1 at\u00e1 inniu ann, is <strong>digiteach<\/strong> den chuid is m\u00f3 \u00e9, mar sin <strong>n\u00edl aon ghream\u00e1n<\/strong> ann &#8211; seice\u00e1lann ceamara\u00ed forfheidhmithe do phl\u00e1ta.  <\/p>\n\n<p>Pr\u00edomhphoint\u00ed:<\/p>\n\n<ul class=\"wp-block-list\">\n<li><strong>Nasctha le do phl\u00e1ta:<\/strong> d\u00e9an seice\u00e1il thr\u00ed ar charachtair agus ar ch\u00f3d t\u00edre.<\/li>\n\n\n\n<li><strong>Bosca ama:<\/strong> roghna\u00edonn t\u00fa cathain a thosa\u00edonn an bhail\u00edocht (l\u00e1ithreach n\u00f3 d\u00e1ta sa todhcha\u00ed).<\/li>\n\n\n\n<li><strong>T\u00e1 t\u00e1bhacht le haicme na feithicle:<\/strong> glactar leis i bhformh\u00f3r na rialacha th\u00edos gur gluaiste\u00e1n paisin\u00e9ir\u00ed caighde\u00e1nach (M1 \u2264 3.5 t) at\u00e1 i gceist.<\/li>\n<\/ul>\n\n<p><\/p>\n\n<hr class=\"wp-block-separator has-alpha-channel-opacity\"\/>\n\n<h2 class=\"wp-block-heading\">C\u00e1 mbeidh ceann de dh\u00edth ort (gluaiste\u00e1in phaisin\u00e9ir\u00ed)<\/h2>\n\n<p><strong>T\u00edortha AE a \u00fas\u00e1ideann c\u00f3ras vign\u00e9id do ghluaiste\u00e1in:<\/strong><\/p>\n\n<ul class=\"wp-block-list\">\n<li><strong>An Ostair (AT)<\/strong><\/li>\n\n\n\n<li><strong>An tSeicia (CZ)<\/strong><\/li>\n\n\n\n<li><strong>An Ung\u00e1ir (HU)<\/strong><\/li>\n\n\n\n<li><strong>An R\u00f3m\u00e1in (RO)<\/strong> (ar a dtugtar go minic <em><a href=\"https:\/\/vignettego.com\/\">roviniet\u0103<\/a><\/em> )<\/li>\n\n\n\n<li><strong>An tSl\u00f3vaic (SK)<\/strong><\/li>\n\n\n\n<li><strong>An tSl\u00f3iv\u00e9in (SI)<\/strong><\/li>\n\n\n\n<li><strong>An Bhulg\u00e1ir (BG)<\/strong><\/li>\n<\/ul>\n\n<p><strong>Neamh-AE ach tiom\u00e1inte go coitianta:<\/strong><\/p>\n\n<ul class=\"wp-block-list\">\n<li><strong>An Eilv\u00e9is (CH)<\/strong> \u2014 vignette ag teast\u00e1il (rogha dhigiteach ar f\u00e1il).<\/li>\n<\/ul>\n\n<div style=\"height:30px\" aria-hidden=\"true\" class=\"wp-block-spacer\"><\/div>\n\n<div class=\"wp-block-buttons is-content-justification-center is-layout-flex wp-container-core-buttons-is-layout-a89b3969 wp-block-buttons-is-layout-flex\">\n<div class=\"wp-block-button\"><a class=\"wp-block-button__link wp-element-button\" href=\"https:\/\/vignettego.com\/\">Bain triail as VignetteGo<\/a><\/div>\n<\/div>\n\n<div style=\"height:30px\" aria-hidden=\"true\" class=\"wp-block-spacer\"><\/div>\n\n<p>I gc\u00e1s gach duine eile, b\u00ed ag s\u00fail le <strong>bothanna dola<\/strong> (dola\u00ed tic\u00e9ad isteach\/amach n\u00f3 dola\u00ed ceamara gan bhacainn\u00ed), <strong>t\u00e1ill\u00ed droichid<\/strong> , n\u00f3 <strong>gan aon mhuirir<\/strong> ar mh\u00f3rbheala\u00ed do ghluaiste\u00e1in.<\/p>\n\n<blockquote class=\"wp-block-quote is-layout-flow wp-block-quote-is-layout-flow\">\n<p><strong>Rabhadh:<\/strong> <strong>N\u00ed<\/strong> chumhda\u00edonn <a href=\"https:\/\/vignettego.com\/\">r\u00edomh-vign\u00e9id<\/a> a cheanna\u00edtear do th\u00edr amh\u00e1in t\u00edr eile. An bhfuil c\u00faig th\u00edr vign\u00e9id agat? Teasta\u00edonn c\u00faig vign\u00e9id ar leith uait.  <\/p>\n<\/blockquote>\n\n<hr class=\"wp-block-separator has-alpha-channel-opacity\"\/>\n\n<h2 class=\"wp-block-heading\">Roghanna tipici\u00fala bail\u00edochta agus a gciall<\/h2>\n\n<p>B\u00edonn na tairiscint\u00ed \u00e9ags\u00fail \u00f3 th\u00edr go t\u00edr, ach i gc\u00e1s gluaiste\u00e1n is minic a fheicfidh t\u00fa:<\/p>\n\n<ul class=\"wp-block-list\">\n<li><strong>Gearrth\u00e9armach<\/strong> : thart ar <strong>7\u201310 l\u00e1<\/strong> (iontach do laethanta saoire n\u00f3 do thurais deireadh seachtaine)<\/li>\n\n\n\n<li><strong>M\u00edos\u00fail<\/strong> : ~ <strong>30 l\u00e1<\/strong> \u00f3n d\u00e1ta tosaithe a roghnaigh t\u00fa<\/li>\n\n\n\n<li><strong>Bliant\u00fail<\/strong> : bliain f\u00e9ilire n\u00f3 12 mh\u00ed \u00f3n t\u00fas (ag brath ar an t\u00edr)<\/li>\n\n\n\n<li><strong>Breise\u00e1in \u00f3c\u00e1ideacha<\/strong> : pasanna <strong>1 lae<\/strong> n\u00f3 <strong>deireadh seachtaine<\/strong> m\u00e1s f\u00e9idir<\/li>\n<\/ul>\n\n<p><strong>Leid ghairmi\u00fail:<\/strong> M\u00e1 sh\u00edneann do thuras thar roinnt m\u00edonna (m.sh., deireadh mh\u00ed an Mheithimh \u2192 t\u00fas mh\u00ed I\u00fail), d\u00e9an compar\u00e1id idir dh\u00e1 thuras gearrth\u00e9armacha agus ceann m\u00edos\u00fail amh\u00e1in\u2014f\u00e9adfaidh praghsanna iontas a chur ort.<\/p>\n\n<div style=\"height:30px\" aria-hidden=\"true\" class=\"wp-block-spacer\"><\/div>\n\n<div class=\"wp-block-buttons is-content-justification-center is-layout-flex wp-container-core-buttons-is-layout-a89b3969 wp-block-buttons-is-layout-flex\">\n<div class=\"wp-block-button\"><a class=\"wp-block-button__link wp-element-button\" href=\"https:\/\/vignettego.com\/\">Tosaigh le VignetteGo<\/a><\/div>\n<\/div>\n\n<div style=\"height:30px\" aria-hidden=\"true\" class=\"wp-block-spacer\"><\/div>\n\n<hr class=\"wp-block-separator has-alpha-channel-opacity\"\/>\n\n<h2 class=\"wp-block-heading\">Conas a oibr\u00edonn praghs\u00e1il (i mB\u00e9arla simpl\u00ed)<\/h2>\n\n<ul class=\"wp-block-list\">\n<li>Is <strong>t\u00e1ill\u00ed comhr\u00e9idhe<\/strong> iad <a href=\"https:\/\/vignettego.com\/\">vignettes<\/a> le haghaidh fuinneog ama.<\/li>\n\n\n\n<li>Athra\u00edonn praghsanna <strong>de r\u00e9ir t\u00edre<\/strong> agus uaireanta de r\u00e9ir <strong>aicme feithicle<\/strong> (gluaiste\u00e1n vs. veain, rialacha leant\u00f3ra, srl.).<\/li>\n\n\n\n<li>Is minic a \u00edocfaidh t\u00fa in <strong>airgeadra \u00e1iti\u00fail<\/strong> ; is f\u00e9idir le ceannach tr\u00ed sheirbh\u00eds ilt\u00edre <strong>d\u2019airgeadra<\/strong> a thaispe\u00e1int ar mhaithe le soil\u00e9ireacht.<\/li>\n<\/ul>\n\n<p>In ionad uimhreacha cruinne a mheabhr\u00fa (athra\u00edonn siad), socraigh <strong>an fad ar dt\u00fas<\/strong> agus ceannaigh an rogha meaitse\u00e1la do gach t\u00edr ar do bhealach.<\/p>\n\n<p><\/p>\n\n<hr class=\"wp-block-separator has-alpha-channel-opacity\"\/>\n\n<h2 class=\"wp-block-heading\">Ceannach: c\u00e9im ar ch\u00e9im a oibr\u00edonn go h\u00e9asca<\/h2>\n\n<ol class=\"wp-block-list\">\n<li><strong>Liostaigh do th\u00edortha<\/strong> (na cinn a bhfuil vignettes orthu amh\u00e1in).<\/li>\n\n\n\n<li>I gc\u00e1s gach ceann acu, roghnaigh an <strong>bhail\u00edocht<\/strong> (gearrth\u00e9armach\/m\u00edos\u00fail\/bliant\u00fail) agus <strong>an d\u00e1ta tosaigh<\/strong> .<\/li>\n\n\n\n<li>Cuir isteach <strong>t\u00edr an phl\u00e1ta<\/strong> (m.sh., CZ\/DE\/AT) agus <strong>teaghr\u00e1n an phl\u00e1ta<\/strong> d\u00edreach mar at\u00e1 s\u00e9 ar do chl\u00e1r\u00fa.<\/li>\n\n\n\n<li>Cuir <strong>r\u00edomhphost teagmh\u00e1la<\/strong> agus <strong>uimhir theileaf\u00f3in<\/strong> leis (le haghaidh admh\u00e1lacha agus fol\u00e1irimh).<\/li>\n\n\n\n<li>\u00cdoc go sl\u00e1n agus seice\u00e1il an <strong>deimhni\u00fa<\/strong> \u2014 d\u00e9an cinnte go bhfuil <strong>an pl\u00e1ta<\/strong> agus <strong>na d\u00e1ta\u00ed<\/strong> ceart.<\/li>\n\n\n\n<li><strong>S\u00e1bh\u00e1il\/priont\u00e1il<\/strong> do dheimhnithe (PDFanna\/admh\u00e1lacha).<\/li>\n\n\n\n<li>M\u00e1 athra\u00edonn pleananna, seice\u00e1il an f\u00e9idir do vignette a <strong>choigeart\u00fa n\u00f3 ais\u00edoca\u00edocht a fh\u00e1il<\/strong> (b\u00edonn rialacha \u00e9ags\u00fail).<\/li>\n<\/ol>\n\n<div style=\"height:30px\" aria-hidden=\"true\" class=\"wp-block-spacer\"><\/div>\n\n<div class=\"wp-block-buttons is-content-justification-center is-layout-flex wp-container-core-buttons-is-layout-a89b3969 wp-block-buttons-is-layout-flex\">\n<div class=\"wp-block-button\"><a class=\"wp-block-button__link wp-element-button\" href=\"https:\/\/vignettego.com\/\">Bain triail as VignetteGo<\/a><\/div>\n<\/div>\n\n<div style=\"height:30px\" aria-hidden=\"true\" class=\"wp-block-spacer\"><\/div>\n\n<hr class=\"wp-block-separator has-alpha-channel-opacity\"\/>\n\n<h2 class=\"wp-block-heading\">Bot\u00fain choitianta (ionas nach bhfoghlaim\u00edonn t\u00fa ar an mbealach crua)<\/h2>\n\n<ul class=\"wp-block-list\">\n<li><strong>Pl\u00e1ta m\u00edcheart<\/strong> : \u201cO\u201d i gcoinne \u201c0\u201d, sp\u00e1s breise, c\u00f3d t\u00edre m\u00edcheart\u2014n\u00ed bheidh c\u00faram ar na ceamara\u00ed gur cl\u00f3scr\u00edobh a bh\u00ed ann.<\/li>\n\n\n\n<li><strong>Neamhoiri\u00fanacht d\u00e1ta\/ama tosaithe<\/strong> : n\u00ed chosn\u00f3idh <a href=\"https:\/\/vignettego.com\/\">evignette<\/a> socraithe go dt\u00ed <em>am\u00e1rach<\/em> th\u00fa <em>inniu<\/em> .<\/li>\n\n\n\n<li><strong>Ag glacadh leis go n-oibr\u00edonn pas amh\u00e1in i ngach \u00e1it<\/strong> : n\u00ed oibr\u00edonn. Ceannaigh in aghaidh na t\u00edre. <\/li>\n\n\n\n<li><strong>Ag tiom\u00e1int carr ar c\u00edos<\/strong> : deimhnigh an uimhir phl\u00e1ta deiridh (athra\u00edonn roinnt gn\u00edomhaireachta\u00ed carranna ag an n\u00f3im\u00e9ad deireanach).<\/li>\n\n\n\n<li><strong>Ilthiom\u00e1naithe<\/strong> : leanann an vignette an <strong>carr<\/strong> , n\u00ed an duine.<\/li>\n\n\n\n<li><strong>Leant\u00f3ir\u00ed\/bosca\u00ed d\u00edon<\/strong> : b\u00edonn ranganna speisialta i roinnt t\u00edortha\u2014l\u00e9igh na rialacha sula gceanna\u00edonn t\u00fa.<\/li>\n<\/ul>\n\n<div style=\"height:30px\" aria-hidden=\"true\" class=\"wp-block-spacer\"><\/div>\n\n<div class=\"wp-block-buttons is-content-justification-center is-layout-flex wp-container-core-buttons-is-layout-a89b3969 wp-block-buttons-is-layout-flex\">\n<div class=\"wp-block-button\"><a class=\"wp-block-button__link wp-element-button\" href=\"https:\/\/vignettego.com\/\">Tosaigh Anois \u2013 VignetteGo<\/a><\/div>\n<\/div>\n\n<div style=\"height:30px\" aria-hidden=\"true\" class=\"wp-block-spacer\"><\/div>\n\n<hr class=\"wp-block-separator has-alpha-channel-opacity\"\/>\n\n<h2 class=\"wp-block-heading\"><a href=\"https:\/\/vignettego.com\/\">Vignetta\u00ed<\/a> vs. b\u00f3ithre dola vs. t\u00e1ill\u00ed cathrach<\/h2>\n\n<ul class=\"wp-block-list\">\n<li><strong>Vignette<\/strong> : pas bunaithe ar am do l\u00edonra mh\u00f3rbhealaigh (samhail \u201cs\u00ednti\u00fais\u201d na hEorpa).<\/li>\n\n\n\n<li><strong>B\u00f3ithre dola<\/strong> : \u00edoc as an achar\/codanna (m.sh., an Iod\u00e1il, an Fhrainc, an Sp\u00e1inn, codanna den Chr\u00f3it\/an Pholainn).<\/li>\n\n\n\n<li><strong>Dola\u00ed saorshreafa<\/strong> : gan aon bhothanna\u2014l\u00e9ann ceamara\u00ed do phl\u00e1ta, <strong>\u00edocann t\u00fa ar l\u00edne ina dhiaidh sin<\/strong> (m.sh., M50 na h\u00c9ireann, str\u00e1ic\u00ed roghnaithe Francacha\/Portaing\u00e9ileacha).<\/li>\n\n\n\n<li><strong>Muirir cathrach\/LEZ<\/strong> : t\u00e1ill\u00ed uirbeacha ar leithligh n\u00f3 criosanna comhshaoil \u200b\u200b\u2014 <strong>nach bhfuil<\/strong> cl\u00fadaithe ag vignettes.<\/li>\n<\/ul>\n\n<p>Agus turas fada \u00e1 phlean\u00e1il agat, b\u2019fh\u00e9idir go mbeadh <strong>measc\u00e1n<\/strong> de dh\u00edth ort: vignette do th\u00edr amh\u00e1in, <strong>t\u00e1ille droichid<\/strong> i dt\u00edr eile, agus <strong>t\u00e1ille cathrach<\/strong> ar theacht duit.<\/p>\n\n<p><\/p>\n\n<hr class=\"wp-block-separator has-alpha-channel-opacity\"\/>\n\n<h2 class=\"wp-block-heading\">Liosta seice\u00e1la r\u00e9amh-thurais simpl\u00ed (c\u00f3ipe\u00e1il\/greamaigh seo)<\/h2>\n\n<ul class=\"wp-block-list\">\n<li>Bealach map\u00e1ilte le <strong>liosta t\u00edortha<\/strong><\/li>\n\n\n\n<li>Do gach t\u00edr vignette: <strong>fad<\/strong> + <strong>d\u00e1ta tosaigh<\/strong> roghnaithe<\/li>\n\n\n\n<li><strong>T\u00edr an phl\u00e1ta<\/strong> + <strong>an pl\u00e1ta cruinn<\/strong> deimhnithe (cuid\u00edonn an grianghraf)<\/li>\n\n\n\n<li><strong>R\u00edomhphost agus uimhir theileaf\u00f3in<\/strong> curtha leis le haghaidh dearbhuithe agus meabhr\u00fach\u00e1in<\/li>\n\n\n\n<li>PDFanna s\u00e1bh\u00e1ilte chuig an bhf\u00f3n \/ scamall<\/li>\n\n\n\n<li>M\u00e1s rud \u00e9 go bhfuil t\u00fa ar c\u00edos: deimhnigh <strong>an pl\u00e1ta deiridh<\/strong> sula dtrasna\u00edonn t\u00fa an teorainn<\/li>\n\n\n\n<li>Coinnigh <strong>beag\u00e1n airgid\/c\u00e1rta<\/strong> i leataobh le haghaidh dola\u00ed n\u00f3 droichid gan choinne<\/li>\n<\/ul>\n\n<div style=\"height:30px\" aria-hidden=\"true\" class=\"wp-block-spacer\"><\/div>\n\n<div class=\"wp-block-buttons is-content-justification-center is-layout-flex wp-container-core-buttons-is-layout-a89b3969 wp-block-buttons-is-layout-flex\">\n<div class=\"wp-block-button\"><a class=\"wp-block-button__link wp-element-button\" href=\"https:\/\/vignettego.com\/\">Tosaigh le VignetteGo<\/a><\/div>\n<\/div>\n\n<div style=\"height:30px\" aria-hidden=\"true\" class=\"wp-block-spacer\"><\/div>\n\n<hr class=\"wp-block-separator has-alpha-channel-opacity\"\/>\n\n<h2 class=\"wp-block-heading\">Ceisteanna Coitianta (na ruda\u00ed a chuireann daoine i gc\u00f3na\u00ed)<\/h2>\n\n<p><strong>An bhfuil \u201c <a href=\"https:\/\/vignettego.com\/\">vignette AE<\/a> \u201d amh\u00e1in bail\u00ed don Eoraip ar fad?<\/strong><br\/>N\u00edl. T\u00e1 vignettes <strong>saini\u00fail don t\u00edr<\/strong> . <\/p>\n\n<p><strong>An f\u00e9idir liom d\u00e1ta\u00ed a athr\u00fa n\u00f3 ais\u00edoca\u00edocht a fh\u00e1il?<\/strong><br\/>Uaireanta, ach b\u00edonn na rialacha \u00e9ags\u00fail. Ceada\u00edonn roinnt pasanna digiteacha <strong>d\u00e1ta\u00ed tosaithe amach anseo<\/strong> agus athruithe teoranta; b\u00edonn cinn eile <strong>cr\u00edochnaitheach<\/strong> nuair a bh\u00edonn siad gn\u00edomhach. Seice\u00e1il coinn\u00edollacha na t\u00edre ar leith i gc\u00f3na\u00ed.  <\/p>\n\n<p><strong>An bhfuil g\u00e1 le vignettes ar ghluaisrothair?<\/strong><br\/>Is minic a bh\u00edonn (uaireanta ar phraghas n\u00edos \u00edsle), ach b\u00edonn na sonra\u00ed \u00e9ags\u00fail \u00f3 th\u00edr go t\u00edr.<\/p>\n\n<p><strong>Cad a tharla\u00edonn m\u00e1 thiom\u00e1inim gan vignette bail\u00ed?<\/strong><br\/> Is f\u00e9idir <strong>t\u00e1ill\u00ed n\u00f3 f\u00edne\u00e1lacha ar an toirt<\/strong> a bheith mar thoradh ar fhorfheidhmi\u00fa uathoibrithe agus seice\u00e1lacha cois b\u00f3thair \u2014 i bhfad n\u00edos airde n\u00e1 an vignette f\u00e9in de ghn\u00e1th.<\/p>\n\n<p><strong>An gcl\u00fada\u00edonn <a href=\"https:\/\/vignettego.com\/\">vignettes<\/a> pl\u00f3d\u00fa cathrach n\u00f3 criosanna \u00edseal-asta\u00edochta\u00ed?<\/strong><br\/> N\u00edl. Is muirir \u00e1iti\u00fala ar leithligh iad sin lena rialacha f\u00e9in. <\/p>\n\n<p><\/p>\n\n<hr class=\"wp-block-separator has-alpha-channel-opacity\"\/>\n\n<h2 class=\"wp-block-heading\">Focal deiridh<\/h2>\n\n<p>Is furasta vignettes a dh\u00e9anamh nuair a bh\u00edonn a fhios agat an patr\u00fan: <strong>t\u00edr \u2192 bail\u00edocht \u2192 pl\u00e1ta \u2192 d\u00e1ta tosaigh \u2192 dearbh\u00fa<\/strong> . D\u00e9an \u00e9 sin do gach t\u00edr vignette ar do bhealach, agus beidh t\u00fa ar fheabhas.   <\/p>\n\n<p>M\u00e1s mian leat \u00e1it amh\u00e1in a bheith agat chun d\u00e9ile\u00e1il le roinnt t\u00edortha in aon iarracht amh\u00e1in, bain \u00fas\u00e1id as seirbh\u00eds a thaca\u00edonn le <strong>hilteangacha agus il-airgeadra\u00ed<\/strong> , a sheolann <strong>deimhnithe PDF<\/strong> , agus\u2014go hid\u00e9alach\u2014a chuireann meabhr\u00fach\u00e1in chugat sula rachaidh do phas in \u00e9ag.<\/p>\n\n<p>Is f\u00e9idir leat triail a bhaint as VignetteGo.com:<\/p>\n\n<div style=\"height:30px\" aria-hidden=\"true\" class=\"wp-block-spacer\"><\/div>\n\n<div class=\"wp-block-buttons is-content-justification-center is-layout-flex wp-container-core-buttons-is-layout-a89b3969 wp-block-buttons-is-layout-flex\">\n<div class=\"wp-block-button\"><a class=\"wp-block-button__link wp-element-button\" href=\"https:\/\/vignettego.com\/\">Ini\u00fachadh a dh\u00e9anamh ar VignetteGo<\/a><\/div>\n<\/div>\n\n<div style=\"height:30px\" aria-hidden=\"true\" class=\"wp-block-spacer\"><\/div>\n\n<h2 class=\"wp-block-heading\">Clibeanna:<\/h2>\n\n<p class=\"has-medium-font-size\">vignette, dola, <a href=\"https:\/\/vignettego.com\/\">bealach dola<\/a> , geata dola, both dola, c\u00e1rta dola, pas dola, clib dola, tic\u00e9ad dola, c\u00e1in b\u00f3thair, t\u00e1ille b\u00f3thair, pas b\u00f3thair, gream\u00e1n, cead, pas, evignette, r-vignette, <a href=\"https:\/\/vignettego.com\/\">gream\u00e1n dola<\/a> , pas mh\u00f3rbhealaigh, m\u00f3tarbhealach, pas carr<\/p>\n\n<p><\/p>\n","protected":false},"excerpt":{"rendered":"<p>Vignette Mh\u00f3rbhealaigh na hEorpa: C\u00e1 bhfuil Ceann de dh\u00edth ort &amp; Conas a Cheannach (Treoir 2026) M\u00e1 t\u00e1 turas b\u00f3thair trasna na hEorpa \u00e1 phlean\u00e1il agat, casfaidh t\u00fa ar fhocal a bhfuil cuma fhaiseanta air ach a chialla\u00edonn i nd\u00e1ir\u00edre \u201crochtain b\u00f3thair r\u00e9amh\u00edoctha\u201d: vignette . Smaoinigh air mar phas digiteach at\u00e1 nasctha le do phl\u00e1ta [&hellip;]<\/p>\n","protected":false},"author":1,"featured_media":140,"parent":0,"menu_order":0,"comment_status":"open","ping_status":"closed","template":"","meta":{"footnotes":""},"class_list":["post-139","page","type-page","status-publish","has-post-thumbnail","hentry"],"_links":{"self":[{"href":"https:\/\/vignettego.com\/highway-vignette-europe\/ga\/wp-json\/wp\/v2\/pages\/139","targetHints":{"allow":["GET"]}}],"collection":[{"href":"https:\/\/vignettego.com\/highway-vignette-europe\/ga\/wp-json\/wp\/v2\/pages"}],"about":[{"href":"https:\/\/vignettego.com\/highway-vignette-europe\/ga\/wp-json\/wp\/v2\/types\/page"}],"author":[{"embeddable":true,"href":"https:\/\/vignettego.com\/highway-vignette-europe\/ga\/wp-json\/wp\/v2\/users\/1"}],"replies":[{"embeddable":true,"href":"https:\/\/vignettego.com\/highway-vignette-europe\/ga\/wp-json\/wp\/v2\/comments?post=139"}],"version-history":[{"count":1,"href":"https:\/\/vignettego.com\/highway-vignette-europe\/ga\/wp-json\/wp\/v2\/pages\/139\/revisions"}],"predecessor-version":[{"id":141,"href":"https:\/\/vignettego.com\/highway-vignette-europe\/ga\/wp-json\/wp\/v2\/pages\/139\/revisions\/141"}],"wp:featuredmedia":[{"embeddable":true,"href":"https:\/\/vignettego.com\/highway-vignette-europe\/ga\/wp-json\/wp\/v2\/media\/140"}],"wp:attachment":[{"href":"https:\/\/vignettego.com\/highway-vignette-europe\/ga\/wp-json\/wp\/v2\/media?parent=139"}],"curies":[{"name":"wp","href":"https:\/\/api.w.org\/{rel}","templated":true}]}}