{"id":1036,"date":"2026-01-04T01:37:39","date_gmt":"2026-01-04T01:37:39","guid":{"rendered":"https:\/\/vignettego.com\/highway-vignette-europe\/hungary-highway-vignette-2026-complete-e-matrica-guide-ga\/"},"modified":"2026-01-04T12:43:41","modified_gmt":"2026-01-04T12:43:41","slug":"hungary-highway-vignette-2026-complete-e-matrica-guide-ga","status":"publish","type":"page","link":"https:\/\/vignettego.com\/highway-vignette-europe\/ga\/hungary-highway-vignette-2026-complete-e-matrica-guide-ga\/","title":{"rendered":"Vignette Highway na hUng\u00e1ire 2026: Treoir E-Matrica Comhl\u00e1naigh"},"content":{"rendered":"\n<script type=\"application\/ld+json\">{\n    \"@context\": \"https:\/\/schema.org\",\n    \"@graph\": [\n        {\n            \"@type\": \"Article\",\n            \"@id\": \"https:\/\/vignettego.com\/highway-vignette-europe\/hungary-highway-vignette-guide\/#article\",\n            \"headline\": \"Hungary Highway Vignette 2026: Complete E-Matrica Guide\",\n            \"description\": \"Everything about the Hungarian E-Matrica system 2026: prices, validity, how to buy online, and essential tips for driving on Hungarian motorways. Your complete guide to the electronic vignette.\",\n            \"image\": \"https:\/\/vignettego.com\/highway-vignette-europe\/wp-content\/uploads\/2026\/09\/Highway-Vignette-Europe.jpg\",\n            \"datePublished\": \"2026-01-04\",\n            \"dateModified\": \"2026-01-04\",\n            \"author\": {\"@type\": \"Organization\", \"name\": \"VignetteGo\", \"url\": \"https:\/\/vignettego.com\"},\n            \"publisher\": {\"@type\": \"Organization\", \"name\": \"VignetteGo\"},\n            \"mainEntityOfPage\": {\"@type\": \"WebPage\", \"@id\": \"https:\/\/vignettego.com\/highway-vignette-europe\/hungary-highway-vignette-guide\/\"},\n            \"articleSection\": \"Highway Vignettes\",\n            \"keywords\": [\"Hungary vignette\", \"E-Matrica\", \"Hungarian motorway\", \"Budapest driving\", \"M1 motorway\", \"Hungary toll\"],\n            \"inLanguage\": \"en\",\n            \"speakable\": {\"@type\": \"SpeakableSpecification\", \"cssSelector\": [\".article-intro\", \"#faq-section\"]}\n        },\n        {\n            \"@type\": \"BreadcrumbList\",\n            \"itemListElement\": [\n                {\"@type\": \"ListItem\", \"position\": 1, \"name\": \"VignetteGo\", \"item\": \"https:\/\/vignettego.com\/\"},\n                {\"@type\": \"ListItem\", \"position\": 2, \"name\": \"Highway Vignette Europe\", \"item\": \"https:\/\/vignettego.com\/highway-vignette-europe\/\"},\n                {\"@type\": \"ListItem\", \"position\": 3, \"name\": \"Hungary Guide\", \"item\": \"https:\/\/vignettego.com\/highway-vignette-europe\/hungary-highway-vignette-guide\/\"}\n            ]\n        },\n        {\n            \"@type\": \"FAQPage\",\n            \"mainEntity\": [\n                {\"@type\": \"Question\", \"name\": \"How much does a Hungarian E-Matrica cost?\", \"acceptedAnswer\": {\"@type\": \"Answer\", \"text\": \"For 2026, the D1 category (standard cars) costs approximately: 10-day regional HUF 4,270, 10-day national HUF 5,950, monthly HUF 6,590, and annual HUF 57,420. Prices may be adjusted.\"}},\n                {\"@type\": \"Question\", \"name\": \"Can I buy the Hungarian E-Matrica online?\", \"acceptedAnswer\": {\"@type\": \"Answer\", \"text\": \"Yes, you can purchase the E-Matrica online at VignetteGo or the official Hungarian motorway website. Registration is linked to your license plate, so no physical sticker is needed.\"}},\n                {\"@type\": \"Question\", \"name\": \"What is the difference between regional and national E-Matrica?\", \"acceptedAnswer\": {\"@type\": \"Answer\", \"text\": \"Regional E-Matrica (D1 REGIONAL) covers only the main transit routes (M1, M5, M7 etc.), while National E-Matrica (D1) covers the entire motorway network including all M and R roads.\"}},\n                {\"@type\": \"Question\", \"name\": \"What if I drive without a vignette in Hungary?\", \"acceptedAnswer\": {\"@type\": \"Answer\", \"text\": \"Fines for driving without a valid E-Matrica are significant\u2014from HUF 14,875 to HUF 88,500 depending on vehicle category. Enforcement is done via cameras, so non-compliance is easily detected.\"}},\n                {\"@type\": \"Question\", \"name\": \"Do I need a vignette for all roads in Hungary?\", \"acceptedAnswer\": {\"@type\": \"Answer\", \"text\": \"No, only motorways (M roads) and expressways (R roads) require a vignette. Regular national roads and local roads are free to use.\"}}\n            ]\n        }\n    ]\n}\n<\/script>\n\n<figure class=\"wp-block-image aligncenter size-large\"><img decoding=\"async\" src=\"https:\/\/vignettego.com\/highway-vignette-europe\/wp-content\/uploads\/2026\/09\/Highway-Vignette-Europe.jpg\" alt=\"An Ung&#xE1;ir E-Matrica 2026 - Treoir ioml&#xE1;n maidir le vignette mh&#xF3;rbhealaigh na hUng&#xE1;ire\" style=\"width:100%; height:auto; margin-bottom:20px;\"\/><\/figure>\n\n<p class=\"article-intro\">T\u00e1 an Ung\u00e1ir suite ag crosbh\u00f3thar L\u00e1r na hEorpa, rud a fh\u00e1gann go bhfuil s\u00ed ina pr\u00edomhth\u00edr idirthurais do thaistealaithe at\u00e1 ag dul go dt\u00ed na Balc\u00e1in, an Ostair, an tSl\u00f3vaic, n\u00f3 an R\u00f3m\u00e1in. \u00d3 fhoirgneamh iontach na Parlaiminte i mB\u00fadaipeist go folcad\u00e1in theirmeacha H\u00e9v\u00edz, t\u00edr f\u00edona Tokaj, agus machair\u00ed ollmh\u00f3ra an Puszta, cuireann an Ung\u00e1ir eisp\u00e9iris chult\u00fartha saibhir ar f\u00e1il. Cl\u00fada\u00edonn an treoir seo gach rud faoi <strong>E-Matrica na hUng\u00e1ire (vignette leictreonach)<\/strong> do 2026: praghsanna, cine\u00e1lacha bail\u00edochta, c\u00e1 h\u00e1it le ceannach, agus leideanna riachtanacha maidir le tiom\u00e1int ar mh\u00f3tarbheala\u00ed na hUng\u00e1ire.  <\/p>\n\n<div style=\"height:25px\" aria-hidden=\"true\" class=\"wp-block-spacer\"><\/div>\n\n<div class=\"wp-block-buttons is-content-justification-center is-layout-flex wp-container-core-buttons-is-layout-a89b3969 wp-block-buttons-is-layout-flex\">\n<div class=\"wp-block-button\"><a class=\"wp-block-button__link wp-element-button\" href=\"https:\/\/vignettego.com\/\" style=\"background-color:#0066cc;color:#ffffff;padding:15px 30px;font-size:18px;border-radius:8px;\">\ud83d\ude97 Faigh Do E-Matrica Ung\u00e1iris ag VignetteGo<\/a><\/div>\n<\/div>\n\n<div style=\"height:25px\" aria-hidden=\"true\" class=\"wp-block-spacer\"><\/div>\n\n<h2 class=\"wp-block-heading\">\ud83c\udded\ud83c\uddfa Cad \u00e9 E-Matrica na hUng\u00e1ire?<\/h2>\n\n<p>Bh\u00ed an Ung\u00e1ir ar cheann de na ch\u00e9ad t\u00edortha Eorpacha a ghlac <strong>le c\u00f3ras vignette go hioml\u00e1n leictreonach (E-Matrica)<\/strong> siar in 2008. N\u00edl aon ghream\u00e1n fisiceach ag teast\u00e1il &#8211; t\u00e1 d&#8217;uimhir phl\u00e1ta cead\u00fanais feithicle cl\u00e1raithe sa bhunachar sonra\u00ed dola n\u00e1isi\u00fanta, agus f\u00edora\u00edonn c\u00f3rais ceamara feadh na m\u00f3tarbheala\u00ed do st\u00e1das vignette go huathoibr\u00edoch. <\/p>\n\n<p>Cl\u00fada\u00edonn an c\u00f3ras E-Matrica <strong>m\u00f3tarbheala\u00ed uile na hUng\u00e1ire (b\u00f3ithre M)<\/strong> agus <strong>luasbheala\u00ed (b\u00f3ithre R).<\/strong> T\u00e1 gn\u00e1thbh\u00f3ithre n\u00e1isi\u00fanta (pr\u00edomhbh\u00f3ithre uimhrithe 1-9, b\u00f3ithre t\u00e1naisteacha 10-99, srl.) saor in aisce le h\u00fas\u00e1id gan vignette. <\/p>\n\n<h2 class=\"wp-block-heading\">\ud83d\udcb0 Praghsanna E-Matrica 2026<\/h2>\n\n<p>T\u00e1 praghsanna i bhForint na hUng\u00e1ire (HUF). \u00das\u00e1ideann an Ung\u00e1ir a hairgeadra f\u00e9in agus n\u00edor ghlac s\u00ed leis an Euro. Is \u00e9 an r\u00e1ta malairte reatha thart ar EUR 1 = HUF 400.  <\/p>\n\n<h3 class=\"wp-block-heading\">Catag\u00f3ir D1 (Gluaiste\u00e1in suas le 3.5 tonna)<\/h3>\n\n<figure class=\"wp-block-table\"><table><thead><tr><th>Cine\u00e1l Vignette<\/th><th>Praghas (HUF)<\/th><th>Thart ar EUR <\/th><\/tr><\/thead><tbody><tr><td><strong>R\u00e9igi\u00fanach 10 L\u00e1<\/strong><\/td><td>HUF 4,270<\/td><td>~ EUR 11<\/td><\/tr><tr><td><strong>N\u00e1isi\u00fanta 10 L\u00e1<\/strong><\/td><td>HUF 5,950<\/td><td>~ EUR 15<\/td><\/tr><tr><td><strong>M\u00edos\u00fail N\u00e1isi\u00fanta<\/strong><\/td><td>HUF 6,590<\/td><td>~ EUR 16<\/td><\/tr><tr><td><strong>N\u00e1isi\u00fanta Bliant\u00fail<\/strong><\/td><td>HUF 57,420<\/td><td>~ EUR 143<\/td><\/tr><\/tbody><\/table><\/figure>\n\n<h3 class=\"wp-block-heading\">R\u00e9igi\u00fanach vs N\u00e1isi\u00fanta E-Matrica<\/h3>\n\n<p><strong>E-Matrica R\u00e9igi\u00fanach (D1 R\u00c9IGI\u00daNACH):<\/strong> N\u00ed chumhda\u00edtear ach na pr\u00edomhchonair\u00ed idirthurais:<\/p>\n\n<ul class=\"wp-block-list\">\n<li>M1 (V\u00edn-B\u00fadaipeist)<\/li>\n<li>M5 (teorainn B\u00fadaipeist-Szeged-an tSeirbia)<\/li>\n<li>M7 (teorainn B\u00fadaipeist-Loch Balaton-an Chr\u00f3it)<\/li>\n<li>M3 (teorainn B\u00fadaipeist-Debrecen-an \u00dacr\u00e1in) \u2013 codanna roghnaithe<\/li>\n<li>M15, M30, M31, M35 \u2013 codanna roghnaithe<\/li>\n<\/ul>\n\n<p><strong>E-Matrica N\u00e1isi\u00fanta (D1):<\/strong> Cl\u00fada\u00edonn s\u00e9 an <strong>gr\u00e9as\u00e1n m\u00f3tarbheala\u00ed ar fad<\/strong>, lena n-\u00e1ir\u00edtear:<\/p>\n\n<ul class=\"wp-block-list\">\n<li>Gach M-bh\u00f3thar (M0, M1, M2, M3, M4, M5, M6, M7, M15, M30, M31, M35, M43, M44, M70, M85, M86)<\/li>\n<li>Gach R-bh\u00f3thar (luasbheala\u00ed)<\/li>\n<\/ul>\n\n<p><strong>Leid:<\/strong> M\u00e1 t\u00e1 s\u00e9 ar intinn agat ini\u00fachadh a dh\u00e9anamh ar an Ung\u00e1ir n\u00edos faide n\u00e1 na pr\u00edomhchonair\u00ed idirthurais (m.sh., cuairt a thabhairt ar ionaid saoire Loch Balaton, P\u00e9cs, r\u00e9igi\u00fan Tokaj), faigh an E-Matrica N\u00e1isi\u00fanta.<\/p>\n\n<h2 class=\"wp-block-heading\">\ud83d\uded2 C\u00e1 h\u00e1it a nd\u00e9anfaidh m\u00e9 an E-Matrica Ung\u00e1iris a cheannach<\/h2>\n\n<h3 class=\"wp-block-heading\">Ar L\u00edne (Molta)<\/h3>\n\n<p>Is \u00e9 an bealach is \u00e9asca le ceannach n\u00e1 ar l\u00edne roimh do thuras:<\/p>\n\n<ul class=\"wp-block-list\">\n<li><strong><a href=\"https:\/\/vignettego.com\/\">VignetteGo<\/a><\/strong> &#8211; Ceannach tapa le deimhni\u00fa an toirt<\/li>\n<li>Su\u00edomh gr\u00e9as\u00e1in oifigi\u00fail mh\u00f3tarbhealaigh na hUng\u00e1ire (ematrica.nemzetiutdij.hu)<\/li>\n<\/ul>\n\n<p>Bunt\u00e1ist\u00ed ceannaigh ar l\u00edne: gan fanacht ag st\u00e1isi\u00fain gh\u00e1is teorann, gn\u00edomhacht\u00fa l\u00e1ithreach, deimhni\u00fa digiteach ar do ghuth\u00e1n.<\/p>\n\n<h3 class=\"wp-block-heading\">Point\u00ed Ceannaigh Fhisici\u00fala<\/h3>\n\n<ul class=\"wp-block-list\">\n<li>St\u00e1isi\u00fain gh\u00e1is (MOL, Shell, OMV) ar fud na hUng\u00e1ire<\/li>\n<li>Point\u00ed trasnaithe teorann<\/li>\n<li>Oifig\u00ed Poist<\/li>\n<li>Ionaid seirbh\u00edse do chustaim\u00e9ir\u00ed<\/li>\n<\/ul>\n\n<div style=\"height:25px\" aria-hidden=\"true\" class=\"wp-block-spacer\"><\/div>\n\n<div class=\"wp-block-buttons is-content-justification-center is-layout-flex wp-container-core-buttons-is-layout-a89b3969 wp-block-buttons-is-layout-flex\">\n<div class=\"wp-block-button\"><a class=\"wp-block-button__link wp-element-button\" href=\"https:\/\/vignettego.com\/\" style=\"background-color:#28a745;color:#ffffff;padding:15px 30px;font-size:18px;border-radius:8px;\">\u2705 Faigh Vignettes Eorpacha \u2013 8 dt\u00edr \u2013 ag VignetteGo<\/a><\/div>\n<\/div>\n\n<div style=\"height:25px\" aria-hidden=\"true\" class=\"wp-block-spacer\"><\/div>\n\n<h2 class=\"wp-block-heading\">\ud83d\udee3\ufe0f L\u00edonra M\u00f3tarbheala\u00ed na hUng\u00e1ire<\/h2>\n\n<p>Radies l\u00edonra m\u00f3tarbheala\u00ed na hUng\u00e1ire \u00f3 B\u00fadaipeist cos\u00fail le r\u00e9alta, ag nascadh an phr\u00edomhchathair le gach t\u00edr chomharsanachta.<\/p>\n\n<h3 class=\"wp-block-heading\">M0 \u2013 Cuarbh\u00f3thar B\u00fadaipeist<\/h3>\n\n<p>An m\u00f3tarbhealach fithiseach timpeall B\u00fadaipeist, a nascann na m\u00f3tarbheala\u00ed gathacha m\u00f3ra go l\u00e9ir. Riachtanach chun tr\u00e1cht l\u00e1r na cathrach a sheachaint agus t\u00fa ag idirthuras na hUng\u00e1ire. <\/p>\n\n<h3 class=\"wp-block-heading\">M1 \u2013 B\u00fadaipeist go V\u00edn<\/h3>\n\n<p>An phr\u00edomhchonair go dt\u00ed <strong>an Ostair<\/strong>, ag nascadh B\u00fadaipeist le V\u00edn tr\u00ed Gy\u0151r. Fad ioml\u00e1n: thart ar 170 km. Crosanna chun na hOstaire ag Hegyeshalom \/ Nickelsdorf. Beidh <a href=\"https:\/\/vignettego.com\/highway-vignette-europe\/ga\/austria-highway-vignette-2026-complete-digitale-vignette-guide-ga\/\">vignette na hOstaire<\/a> ag teast\u00e1il uait chun lean\u00faint ar aghaidh.   <\/p>\n\n<h3 class=\"wp-block-heading\">M3 \u2013 Teorainn B\u00fadaipeist go dt\u00ed an \u00dacr\u00e1in<\/h3>\n\n<p>Conair thoir thuaidh i dtreo na <strong>h\u00dacr\u00e1ine agus na Sl\u00f3vaice<\/strong>, ag dul tr\u00ed Debrecen. Rochtain ar r\u00e9igi\u00fan f\u00edona Tokaj agus P\u00e1irc N\u00e1isi\u00fanta Hortobagy. <\/p>\n\n<h3 class=\"wp-block-heading\">M5 \u2013 Teorainn B\u00fadaipeist go dt\u00ed an tSeirbia<\/h3>\n\n<p>Conair Theas i dtreo <strong>na Seirbia<\/strong>, ag nascadh le Szeged agus ag lean\u00faint ar aghaidh go Subotica\/B\u00e9algr\u00e1d. Fad ioml\u00e1n: thart ar 156 km. <\/p>\n\n<h3 class=\"wp-block-heading\">M6 \u2013 Teorainn B\u00fadaipeist go dt\u00ed an Chr\u00f3it<\/h3>\n\n<p>Conair thiar theas i dtreo <strong>na Cr\u00f3ite (Barcs),<\/strong> ag dul tr\u00ed P\u00e9cs. Bealach malartach chuig c\u00f3sta na Cr\u00f3ite ag seachaint na Sl\u00f3iv\u00e9ine. <\/p>\n\n<h3 class=\"wp-block-heading\">M7 \u2013 B\u00fadaipeist go Loch Balaton\/An Chr\u00f3it<\/h3>\n\n<p>An bealach saoire is m\u00f3 go <strong>Loch Balaton<\/strong> agus ag lean\u00faint ar aghaidh go dt\u00ed <strong>an Chr\u00f3it (Letenye).<\/strong> Thar a bheith gn\u00f3thach i rith deireadh seachtaine an tsamhraidh. Fad ioml\u00e1n: thart ar 232 km.  <\/p>\n\n<h3 class=\"wp-block-heading\">M15 \u2013 Rajka go dt\u00ed an Bhratasl\u00e1iv<\/h3>\n\n<p>M\u00f3tarbhealach gearr a nascann leis an <strong>tSl\u00f3vaic<\/strong> agus leis an mBratasl\u00e1iv, brainse \u00f3n M1. Beidh <a href=\"https:\/\/vignettego.com\/highway-vignette-europe\/ga\/vignette-highway-na-slovaice-2026-treoir-iomlan-dialnicna-znamka\/\">vignette Sl\u00f3vaicis<\/a> ag teast\u00e1il uait chun lean\u00faint ar aghaidh. <\/p>\n\n<h3 class=\"wp-block-heading\">M70 \u2013 Letenye go teorainn na Sl\u00f3iv\u00e9ine<\/h3>\n\n<p>M\u00f3tarbhealach gearr a nascann leis an <strong>tSl\u00f3iv\u00e9in<\/strong>, ag lean\u00faint ar aghaidh mar an A5 Sl\u00f3iv\u00e9inis. Beidh <a href=\"https:\/\/vignettego.com\/highway-vignette-europe\/ga\/vignette-highway-na-sloiveine-2026-treoir-e-vinjeta-comhlanaigh\/\">E-Vinjeta Sl\u00f3iv\u00e9inis<\/a> ag teast\u00e1il uait chun lean\u00faint ar aghaidh. <\/p>\n\n<h2 class=\"wp-block-heading\">\ud83d\uddfa\ufe0f Beala\u00ed Coitianta Tr\u00edd an Ung\u00e1ir<\/h2>\n\n<h3 class=\"wp-block-heading\">V\u00edn go B\u00fadaipeist (M1)<\/h3>\n\n<p><strong>Fad:<\/strong> ~ 250 km | <strong>Fad ama:<\/strong> 2.5-3 uair an chloig | <strong>Vignettes ag teast\u00e1il:<\/strong> An Ostair + Ung\u00e1iris<\/p>\n\n<p>Bealach clasaiceach L\u00e1r na hEorpa. Coinn\u00edollacha m\u00f3tarbhealaigh den scoth. Smaoinigh ar stopadh ag Gy\u0151r &#8211; cathair \u00e1lainn Bhar\u00f3cach.  <\/p>\n\n<h3 class=\"wp-block-heading\">B\u00fadaipeist go Loch Balaton (M7)<\/h3>\n\n<p><strong>Fad:<\/strong> ~ 100 km (go Si\u00f3fok) | <strong>Fad ama:<\/strong> 1-1.5 uair an chloig<\/p>\n\n<p>An loch is m\u00f3 i L\u00e1r na hEorpa agus an ceann scr\u00edbe samhraidh is fearr san Ung\u00e1ir. B\u00edonn an M7 thar a bheith pl\u00f3daithe ar Aoine agus Domhnach an tsamhraidh. <\/p>\n\n<h3 class=\"wp-block-heading\">B\u00fadaipeist go C\u00f3sta na Cr\u00f3ite (via M7 \/ M70)<\/h3>\n\n<p><strong>Bealach:<\/strong> B\u00fadaipeist \u2192 Loch Balaton \u2192 Letenye \u2192 Zagreb \u2192 Split<\/p>\n\n<p>Bealach malartach chun na Cr\u00f3ite tr\u00edd an Ung\u00e1ir agus an tSl\u00f3iv\u00e9in. Vignettes ag teast\u00e1il: E-Matrica na hUng\u00e1ire + <a href=\"https:\/\/vignettego.com\/highway-vignette-europe\/ga\/vignette-highway-na-sloiveine-2026-treoir-e-vinjeta-comhlanaigh\/\">E-Vinjeta na Sl\u00f3iv\u00e9ine<\/a> + <a href=\"https:\/\/vignettego.com\/highway-vignette-europe\/ga\/vignette-highway-na-croite-2026-treoir-iomlan-enc-dola-digiteach\/\">dola\u00ed Cr\u00f3itis<\/a>. <\/p>\n\n<h3 class=\"wp-block-heading\">V\u00edn go dt\u00ed an R\u00f3m\u00e1in (via M1, M0, M5, M43)<\/h3>\n\n<p><strong>Bealach:<\/strong> V\u00edn \u2192 B\u00fadaipeist \u2192 Szeged \u2192 Arad (An R\u00f3m\u00e1in)<\/p>\n\n<p>An pr\u00edomhbhealach \u00f3 Iarthar na hEorpa go dt\u00ed an R\u00f3m\u00e1in. Vignettes ag teast\u00e1il: Na hOstaire + Ung\u00e1iris + <a href=\"https:\/\/vignettego.com\/highway-vignette-europe\/ga\/vignette-highway-na-romaine-2026-treoir-rovinieta-comhlanaigh\/\">Rovinieta na R\u00f3m\u00e1ine<\/a>. <\/p>\n\n<div style=\"height:25px\" aria-hidden=\"true\" class=\"wp-block-spacer\"><\/div>\n\n<div class=\"wp-block-buttons is-content-justification-center is-layout-flex wp-container-core-buttons-is-layout-a89b3969 wp-block-buttons-is-layout-flex\">\n<div class=\"wp-block-button\"><a class=\"wp-block-button__link wp-element-button\" href=\"https:\/\/vignettego.com\/\" style=\"background-color:#ff6600;color:#ffffff;padding:15px 30px;font-size:18px;border-radius:8px;\">\ud83d\uded2 Ord\u00fa Gach Vignettes Eorpach ag VignetteGo<\/a><\/div>\n<\/div>\n\n<div style=\"height:25px\" aria-hidden=\"true\" class=\"wp-block-spacer\"><\/div>\n\n<h2 class=\"wp-block-heading\">\u26a0\ufe0f Rialacha T\u00e1bhachtacha E-Matrica<\/h2>\n\n<h3 class=\"wp-block-heading\">Tr\u00e9imhse Bhail\u00edochta<\/h3>\n\n<ul class=\"wp-block-list\">\n<li><strong>10-L\u00e1:<\/strong> Bail\u00ed ar feadh 10 l\u00e1 as a ch\u00e9ile lena n-\u00e1ir\u00edtear l\u00e1 ceannaigh<\/li>\n<li><strong>M\u00edos\u00fail:<\/strong> Bail\u00ed go dt\u00ed an d\u00e1ta c\u00e9anna an mh\u00ed seo chugainn<\/li>\n<li><strong>Bliant\u00fail:<\/strong> Bail\u00ed ar feadh bliana f\u00e9ilire amh\u00e1in \u00f3n 1 Ean\u00e1ir go dt\u00ed an 31 Nollaig, n\u00f3 \u00f3n d\u00e1ta ceannaigh m\u00e1 cheanna\u00edtear \u00e9 i l\u00e1r na bliana<\/li>\n<\/ul>\n\n<h3 class=\"wp-block-heading\">Cl\u00e1r\u00fa Pl\u00e1ta Cead\u00fanais<\/h3>\n\n<p>T\u00e1 an E-Matrica cl\u00e1raithe le <strong>d&#8217;uimhir phl\u00e1ta cead\u00fanais cruinn<\/strong> agus do <strong>ch\u00f3d t\u00edre<\/strong>. Seice\u00e1il faoi dh\u00f3 le haghaidh typos agus t\u00fa ag ceannach! \u00c9il\u00edonn bot\u00fain vignette nua a cheannach.  <\/p>\n\n<h3 class=\"wp-block-heading\">F\u00edne\u00e1lacha i leith Neamhchomhl\u00edonadh<\/h3>\n\n<ul class=\"wp-block-list\">\n<li><strong>Catag\u00f3ir D1 (gluaiste\u00e1in):<\/strong> HUF 14,875 go HUF 88,500<\/li>\n<li><strong>\u00cdoca\u00edocht ar an l\u00e1thair:<\/strong> De ghn\u00e1th n\u00edos \u00edsle m\u00e1 \u00edoctar \u00e9 laistigh de 60 l\u00e1<\/li>\n<li>Forfheidhmi\u00fa tr\u00ed ch\u00f3rais ceamara uathoibr\u00edocha (ANPR)<\/li>\n<\/ul>\n\n<h2 class=\"wp-block-heading\">\ud83d\udca1 Leideanna Tiom\u00e1na na hUng\u00e1ire do 2026<\/h2>\n\n<h3 class=\"wp-block-heading\">Airgeadra<\/h3>\n\n<p>\u00das\u00e1ideann an Ung\u00e1ir <strong>Forint na hUng\u00e1ire (HUF).<\/strong> N\u00ed ghlactar le euro go forleathan ach amh\u00e1in ag roinnt st\u00e1isi\u00fan g\u00e1is teorann. Glactar le c\u00e1rta\u00ed creidmheasa beagnach i ngach \u00e1it.  <\/p>\n\n<h3 class=\"wp-block-heading\">Luasteorainneacha<\/h3>\n\n<ul class=\"wp-block-list\">\n<li><strong>M\u00f3tarbheala\u00ed:<\/strong> 130 km \/ h<\/li>\n<li><strong>Luasbheala\u00ed:<\/strong> 110 km \/ h<\/li>\n<li><strong>Pr\u00edomhbh\u00f3ithre:<\/strong> 90 km \/ h<\/li>\n<li><strong>Ceantair uirbeacha:<\/strong> 50 km\/h<\/li>\n<\/ul>\n\n<h3 class=\"wp-block-heading\">Trealamh Riachtanach<\/h3>\n\n<ul class=\"wp-block-list\">\n<li>Triant\u00e1n rabhaidh<\/li>\n<li>D\u00edlsi\u00fa machnamhach<\/li>\n<li>Trealamh garchabhrach<\/li>\n<li><strong>Ceannsoilse:<\/strong> Caithfidh s\u00e9 a bheith ar limist\u00e9ir lasmuigh de limist\u00e9ir th\u00f3gtha i gc\u00f3na\u00ed<\/li>\n<\/ul>\n\n<h3 class=\"wp-block-heading\">Beartas Alc\u00f3il Caoinfhulaingt Nialasach<\/h3>\n\n<p>T\u00e1 polasa\u00ed <strong>lamh\u00e1ltais nialasach<\/strong> ag an Ung\u00e1ir maidir le tiom\u00e1int faoi thionchar an \u00f3il. Is \u00e9 0.0% an teorainn alc\u00f3il fola. T\u00e1 pion\u00f3is dian.  <\/p>\n\n<h2 class=\"wp-block-heading\" id=\"faq-section\">\u2753 Ceisteanna Coitianta<\/h2>\n\n<h3 class=\"wp-block-heading\">An dteasta\u00edonn vignette uaim do chuarbh\u00f3thar an M0?<\/h3>\n\n<p>Sea, teasta\u00edonn E-Matrica bail\u00ed \u00f3 chuarbh\u00f3thar an M0 B\u00fadaipeist.<\/p>\n\n<h3 class=\"wp-block-heading\">An f\u00e9idir liom an vignette r\u00e9igi\u00fanach a \u00fas\u00e1id do Loch Balaton?<\/h3>\n\n<p>Sea, t\u00e1 an M7 go Loch Balaton cl\u00fadaithe ag an E-Matrica r\u00e9igi\u00fanach. Mar sin f\u00e9in, m\u00e1 t\u00e1 s\u00e9 ar intinn agat ini\u00fachadh a dh\u00e9anamh n\u00edos faide n\u00e1 pr\u00edomhchonair an M7, faigh an vignette n\u00e1isi\u00fanta. <\/p>\n\n<h3 class=\"wp-block-heading\">Cad a tharla\u00edonn m\u00e1 t\u00e1 carr ar c\u00edos agam san Ung\u00e1ir?<\/h3>\n\n<p>Seice\u00e1il le do chuideachta ar c\u00edos &#8211; t\u00e1 an E-Matrica i measc cuid acu, \u00e9il\u00edonn daoine eile ort \u00e9 a cheannach ar leithligh. F\u00edoraigh sula dt\u00f3gann t\u00fa an fheithicil. <\/p>\n\n<div style=\"height:25px\" aria-hidden=\"true\" class=\"wp-block-spacer\"><\/div>\n\n<div class=\"wp-block-buttons is-content-justification-center is-layout-flex wp-container-core-buttons-is-layout-a89b3969 wp-block-buttons-is-layout-flex\">\n<div class=\"wp-block-button\"><a class=\"wp-block-button__link wp-element-button\" href=\"https:\/\/vignettego.com\/\" style=\"background-color:#e91e63;color:#ffffff;padding:15px 30px;font-size:18px;border-radius:8px;\">\ud83d\ude97 Faigh Do Vignettes Highway Eorpach ag VignetteGo \u2192<\/a><\/div>\n<\/div>\n\n<div style=\"height:25px\" aria-hidden=\"true\" class=\"wp-block-spacer\"><\/div>\n\n<h2 class=\"wp-block-heading\">\ud83c\udff0 C\u00e9n f\u00e1th cuairt a thabhairt ar an Ung\u00e1ir?<\/h2>\n\n<ul class=\"wp-block-list\">\n<li><strong>B\u00fadaipeist:<\/strong> &#8220;P\u00e1ras an Oirthir&#8221; le hailtireacht n\u00e9al<\/li>\n<li><strong>Folcad\u00e1in Teirmeach:<\/strong> T\u00e1 os cionn 1,000 sprionga\u00ed te n\u00e1d\u00fartha ag an Ung\u00e1ir<\/li>\n<li><strong>Loch Balaton:<\/strong> An loch is m\u00f3 i L\u00e1r na hEorpa, foirfe don samhradh<\/li>\n<li><strong>R\u00e9igi\u00fan F\u00edon Tokaj:<\/strong> F\u00edonta milis Oidhreachta Domhanda UNESCO<\/li>\n<li><strong>Hortobagy:<\/strong> Machair\u00ed ollmh\u00f3ra na hUng\u00e1ire, marcaigh thraidisi\u00fanta<\/li>\n<li><strong>Eger:<\/strong> Baile f\u00edona stairi\u00fail, fortress Ottoman<\/li>\n<\/ul>\n\n<h2 class=\"wp-block-heading\">\ud83d\udccd Concl\u00faid<\/h2>\n\n<p>D\u00e9anann l\u00edonra m\u00f3tarbheala\u00ed dea-chothabh\u00e1ilte na hUng\u00e1ire \u00e9asca ini\u00fachadh n\u00f3 idirthuras a dh\u00e9anamh tr\u00edd an t\u00edr iontach seo. T\u00e1 an c\u00f3ras E-Matrica simpl\u00ed &#8211; ceannaigh ar l\u00edne roimh do thuras, agus bain taitneamh as tiom\u00e1int saor \u00f3 hassle. <\/p>\n\n<p>Maidir le turais bh\u00f3thair ilt\u00edre, comhcheangail do E-Matrica Ung\u00e1iris le vignettes don <a href=\"https:\/\/vignettego.com\/highway-vignette-europe\/ga\/austria-highway-vignette-2026-complete-digitale-vignette-guide-ga\/\">Ostair, an<\/a> <a href=\"https:\/\/vignettego.com\/highway-vignette-europe\/ga\/vignette-highway-na-slovaice-2026-treoir-iomlan-dialnicna-znamka\/\">tSl\u00f3vaic<\/a>, an <a href=\"https:\/\/vignettego.com\/highway-vignette-europe\/ga\/vignette-highway-na-sloiveine-2026-treoir-e-vinjeta-comhlanaigh\/\">tSl\u00f3iv\u00e9in<\/a>, agus an <a href=\"https:\/\/vignettego.com\/highway-vignette-europe\/ga\/vignette-highway-na-romaine-2026-treoir-rovinieta-comhlanaigh\/\">R\u00f3m\u00e1in<\/a>. Faigh do chuid vignettes go l\u00e9ir in aon \u00e1it amh\u00e1in ag <a href=\"https:\/\/vignettego.com\/\" title=\"VignetteGo - Vignettes mh&#xF3;rbhealaigh na hEorpa\">VignetteGo<\/a>. <\/p>\n\n<p><strong>Bain sult as an Ung\u00e1ir! \ud83c\udded\ud83c\uddfa\ud83c\udff0 <\/strong><\/p>\n\n<p><strong>Treoracha Gaolmhara:<\/strong> <a href=\"https:\/\/vignettego.com\/highway-vignette-europe\/ga\/austria-highway-vignette-2026-complete-digitale-vignette-guide-ga\/\">Vignette Digiteach na hOstaire<\/a> | <a href=\"https:\/\/vignettego.com\/highway-vignette-europe\/ga\/vignette-highway-na-slovaice-2026-treoir-iomlan-dialnicna-znamka\/\">An tSl\u00f3vaic Vignette<\/a> | <a href=\"https:\/\/vignettego.com\/\">Gach Vignettes Eorpach<\/a><\/p>\n","protected":false},"excerpt":{"rendered":"<p>T\u00e1 an Ung\u00e1ir suite ag crosbh\u00f3thar L\u00e1r na hEorpa, rud a fh\u00e1gann go bhfuil s\u00ed ina pr\u00edomhth\u00edr idirthurais do thaistealaithe at\u00e1 ag dul go dt\u00ed na Balc\u00e1in, an Ostair, an tSl\u00f3vaic, n\u00f3 an R\u00f3m\u00e1in. \u00d3 fhoirgneamh iontach na Parlaiminte i mB\u00fadaipeist go folcad\u00e1in theirmeacha H\u00e9v\u00edz, t\u00edr f\u00edona Tokaj, agus machair\u00ed ollmh\u00f3ra an Puszta, cuireann an [&hellip;]<\/p>\n","protected":false},"author":0,"featured_media":0,"parent":0,"menu_order":0,"comment_status":"closed","ping_status":"closed","template":"","meta":{"footnotes":""},"class_list":["post-1036","page","type-page","status-publish","hentry"],"_links":{"self":[{"href":"https:\/\/vignettego.com\/highway-vignette-europe\/ga\/wp-json\/wp\/v2\/pages\/1036","targetHints":{"allow":["GET"]}}],"collection":[{"href":"https:\/\/vignettego.com\/highway-vignette-europe\/ga\/wp-json\/wp\/v2\/pages"}],"about":[{"href":"https:\/\/vignettego.com\/highway-vignette-europe\/ga\/wp-json\/wp\/v2\/types\/page"}],"replies":[{"embeddable":true,"href":"https:\/\/vignettego.com\/highway-vignette-europe\/ga\/wp-json\/wp\/v2\/comments?post=1036"}],"version-history":[{"count":3,"href":"https:\/\/vignettego.com\/highway-vignette-europe\/ga\/wp-json\/wp\/v2\/pages\/1036\/revisions"}],"predecessor-version":[{"id":1426,"href":"https:\/\/vignettego.com\/highway-vignette-europe\/ga\/wp-json\/wp\/v2\/pages\/1036\/revisions\/1426"}],"wp:attachment":[{"href":"https:\/\/vignettego.com\/highway-vignette-europe\/ga\/wp-json\/wp\/v2\/media?parent=1036"}],"curies":[{"name":"wp","href":"https:\/\/api.w.org\/{rel}","templated":true}]}}