{"id":616,"date":"2026-01-04T01:38:57","date_gmt":"2026-01-04T01:38:57","guid":{"rendered":"https:\/\/vignettego.com\/highway-vignette-europe\/vignette-autoroutiere-croatie-2026-guide-complet-de-lenc-et-du-peage-numerique\/"},"modified":"2026-01-04T12:40:47","modified_gmt":"2026-01-04T12:40:47","slug":"vignette-autoroutiere-croatie-2026-guide-complet-de-lenc-et-du-peage-numerique","status":"publish","type":"page","link":"https:\/\/vignettego.com\/highway-vignette-europe\/fr\/vignette-autoroutiere-croatie-2026-guide-complet-de-lenc-et-du-peage-numerique\/","title":{"rendered":"Vignette autorouti\u00e8re croatie 2026 : Guide complet de l\u2019ENC et du p\u00e9age num\u00e9rique"},"content":{"rendered":"\n<script type=\"application\/ld+json\">{\n    \"@context\": \"https:\/\/schema.org\",\n    \"@graph\": [\n        {\n            \"@type\": \"Article\",\n            \"@id\": \"https:\/\/vignettego.com\/highway-vignette-europe\/croatia-highway-vignette-guide\/#article\",\n            \"headline\": \"Croatia Highway Vignette 2026: Complete ENC & Digital Toll Guide\",\n            \"description\": \"Everything about Croatian highway tolls, ENC electronic system, and digital vignette options. Learn about toll prices, the stunning A1 coastal motorway, and how to reach Dubrovnik, Split, and other destinations.\",\n            \"image\": \"https:\/\/vignettego.com\/highway-vignette-europe\/wp-content\/uploads\/2026\/09\/Highway-Vignette-Europe.jpg\",\n            \"datePublished\": \"2026-01-04\",\n            \"dateModified\": \"2026-01-04\",\n            \"author\": {\"@type\": \"Organization\", \"name\": \"VignetteGo\", \"url\": \"https:\/\/vignettego.com\"},\n            \"publisher\": {\"@type\": \"Organization\", \"name\": \"VignetteGo\"},\n            \"mainEntityOfPage\": {\"@type\": \"WebPage\", \"@id\": \"https:\/\/vignettego.com\/highway-vignette-europe\/croatia-highway-vignette-guide\/\"},\n            \"articleSection\": \"Highway Vignettes\",\n            \"keywords\": [\"Croatia toll\", \"Croatia highway\", \"ENC Croatia\", \"Croatian motorway\", \"A1 Croatia\", \"Dubrovnik road trip\", \"Split highway\"],\n            \"inLanguage\": \"en\",\n            \"speakable\": {\"@type\": \"SpeakableSpecification\", \"cssSelector\": [\".article-intro\", \"#faq-section\"]}\n        },\n        {\n            \"@type\": \"BreadcrumbList\",\n            \"itemListElement\": [\n                {\"@type\": \"ListItem\", \"position\": 1, \"name\": \"VignetteGo\", \"item\": \"https:\/\/vignettego.com\/\"},\n                {\"@type\": \"ListItem\", \"position\": 2, \"name\": \"Highway Vignette Europe\", \"item\": \"https:\/\/vignettego.com\/highway-vignette-europe\/\"},\n                {\"@type\": \"ListItem\", \"position\": 3, \"name\": \"Croatia Guide\", \"item\": \"https:\/\/vignettego.com\/highway-vignette-europe\/croatia-highway-vignette-guide\/\"}\n            ]\n        },\n        {\n            \"@type\": \"FAQPage\",\n            \"mainEntity\": [\n                {\"@type\": \"Question\", \"name\": \"Does Croatia use vignettes or toll booths?\", \"acceptedAnswer\": {\"@type\": \"Answer\", \"text\": \"Croatia traditionally uses a distance-based toll system with toll booths, but now also offers digital vignette options (E-Vinjeta) for certain sections. Many visitors use a combination of both or the ENC electronic device.\"}},\n                {\"@type\": \"Question\", \"name\": \"How much does the Croatian motorway toll cost?\", \"acceptedAnswer\": {\"@type\": \"Answer\", \"text\": \"Croatian tolls are distance-based. Zagreb to Split costs approximately EUR 25, Zagreb to Rijeka about EUR 8, and Split to Dubrovnik around EUR 12. The A1 motorway to the coast is the main toll route.\"}},\n                {\"@type\": \"Question\", \"name\": \"What is the ENC system in Croatia?\", \"acceptedAnswer\": {\"@type\": \"Answer\", \"text\": \"ENC (Elektroni\u010dka Naplata Cestarine) is Croatia electronic toll collection device. It provides faster passage through dedicated ENC lanes and often offers discounts. Available at toll plazas and service areas.\"}},\n                {\"@type\": \"Question\", \"name\": \"Can I pay Croatian tolls with credit card?\", \"acceptedAnswer\": {\"@type\": \"Answer\", \"text\": \"Yes, credit and debit cards are accepted at Croatian toll booths. Cash payment in EUR is also widely accepted since Croatia adopted the Euro in January 2023.\"}},\n                {\"@type\": \"Question\", \"name\": \"Is there a digital vignette for Croatia?\", \"acceptedAnswer\": {\"@type\": \"Answer\", \"text\": \"Yes, Croatia now offers E-Vinjeta (electronic vignettes) for certain motorway sections, providing an alternative to traditional toll booth payment. These can be purchased online.\"}}\n            ]\n        }\n    ]\n}\n<\/script>\n\n<figure class=\"wp-block-image aligncenter size-large\"><img decoding=\"async\" src=\"https:\/\/vignettego.com\/highway-vignette-europe\/wp-content\/uploads\/2026\/09\/Highway-Vignette-Europe.jpg\" alt=\"P&#xE9;age de l&#x2019;autoroute croate 2026 - Guide complet du syst&#xE8;me de p&#xE9;age autoroutier croate\" style=\"width:100%; height:auto; margin-bottom:20px;\"\/><\/figure>\n\n<p class=\"article-intro\">La Croatie est l\u2019une des destinations estivales les plus pris\u00e9es en Europe, c\u00e9l\u00e8bre pour sa magnifique c\u00f4te adriatique, ses eaux cristallines, ses villes historiques comme Dubrovnik et Split, ainsi que ses magnifiques \u00eeles. Conduire jusqu\u2019en Croatie ouvre des possibilit\u00e9s incroyables \u2014 des anciens murs de Dubrovnik aux plages festives de Zr\u0107e, des cascades des lacs de Plitvice en passant par la charmante Istrie. Ce guide explique tout sur le syst\u00e8me de p\u00e9age autoroutier croate en 2026, y compris le <strong>syst\u00e8me \u00e9lectronique ENC<\/strong>, <strong>les options de vignettes num\u00e9riques<\/strong> et des conseils pratiques pour votre road trip croate.  <\/p>\n\n<div style=\"height:25px\" aria-hidden=\"true\" class=\"wp-block-spacer\"><\/div>\n\n<div class=\"wp-block-buttons is-content-justification-center is-layout-flex wp-container-core-buttons-is-layout-a89b3969 wp-block-buttons-is-layout-flex\">\n<div class=\"wp-block-button\"><a class=\"wp-block-button__link wp-element-button\" href=\"https:\/\/vignettego.com\/\" style=\"background-color:#0066cc;color:#ffffff;padding:15px 30px;font-size:18px;border-radius:8px;\">\ud83d\ude97 Obtenez votre vignette num\u00e9rique croate sur VignetteGo<\/a><\/div>\n<\/div>\n\n<div style=\"height:25px\" aria-hidden=\"true\" class=\"wp-block-spacer\"><\/div>\n\n<h2 class=\"wp-block-heading\">\ud83c\udded\ud83c\uddf7 Explication du syst\u00e8me de p\u00e9age croate<\/h2>\n\n<p>Contrairement \u00e0 la plupart des pays d\u2019Europe centrale qui utilisent des vignettes temporelles, la Croatie a traditionnellement utilis\u00e9 un <strong>syst\u00e8me de p\u00e9age bas\u00e9 sur la distance<\/strong> avec des postes de p\u00e9age physiques. Vous prenez un billet en entrant sur l\u2019autoroute et payez en fonction de la distance parcourue \u00e0 la sortie. Cependant, la Croatie propose d\u00e9sormais <strong>\u00e9galement des options de vignettes num\u00e9riques (E-Vinjeta)<\/strong> pour certains tron\u00e7ons d\u2019autoroute, offrant ainsi plus de flexibilit\u00e9 aux voyageurs.  <\/p>\n\n<p>Le r\u00e9seau autoroutier croate est g\u00e9r\u00e9 par <strong>HAC (Hrvatske Autoceste)<\/strong> et <strong>AZM (Autocesta Zagreb-Macelj).<\/strong> Depuis janvier 2023, la Croatie a adopt\u00e9 <strong>l\u2019euro (EUR)<\/strong> comme monnaie, facilitant ainsi les paiements pour les visiteurs de l\u2019UE. <\/p>\n\n<h2 class=\"wp-block-heading\">\ud83d\udccb Options de paiement des p\u00e9ages croates<\/h2>\n\n<h3 class=\"wp-block-heading\">Option 1 : Postes de p\u00e9age traditionnels (les plus courants)<\/h3>\n\n<p>Prenez un billet \u00e0 l\u2019entr\u00e9e, payez \u00e0 la sortie. Paiement accept\u00e9 : <\/p>\n\n<ul class=\"wp-block-list\">\n<li><strong>Liquidit\u00e9s :<\/strong> EUR (plus besoin de kuna croate)<\/li>\n<li><strong>Cartes de cr\u00e9dit\/d\u00e9bit :<\/strong> Visa, Mastercard largement accept\u00e9s<\/li>\n<li><strong>Dispositif ENC :<\/strong> Paiement \u00e9lectronique (voir ci-dessous)<\/li>\n<\/ul>\n\n<h3 class=\"wp-block-heading\">Option 2 : Dispositif \u00e9lectronique ENC<\/h3>\n\n<p><strong>ENC (Elektroni\u010dka Naplata Cestarine)<\/strong> est le syst\u00e8me croate de collecte \u00e9lectronique des p\u00e9ages. Avantages : <\/p>\n\n<ul class=\"wp-block-list\">\n<li>Passage plus rapide \u00e0 travers des voies ENC d\u00e9di\u00e9es<\/li>\n<li>R\u00e9ductions potentielles sur les frais de p\u00e9age<\/li>\n<li>Pas besoin de s\u2019arr\u00eater aux postes de p\u00e9age<\/li>\n<li>Disponible \u00e0 l\u2019achat dans les postes de p\u00e9age et les zones de service<\/li>\n<\/ul>\n\n<p>L\u2019appareil ENC co\u00fbte un petit acompte et peut \u00eatre compl\u00e9t\u00e9 par un cr\u00e9dit. Pour les visiteurs fr\u00e9quents, il est fortement recommand\u00e9. <\/p>\n\n<h3 class=\"wp-block-heading\">Option 3 : Vignette num\u00e9rique (E-Vinjeta)<\/h3>\n\n<p>La Croatie propose <strong>d\u00e9sormais des E-Vinjeta<\/strong> (vignettes \u00e9lectroniques) pour certaines sections d\u2019autoroute, vous permettant de contourner compl\u00e8tement les postes de p\u00e9age. Disponible sur <a href=\"https:\/\/vignettego.com\/\" title=\"Vignette num&#xE9;rique croate\">VignetteGo<\/a>. <\/p>\n\n<div style=\"height:25px\" aria-hidden=\"true\" class=\"wp-block-spacer\"><\/div>\n\n<div class=\"wp-block-buttons is-content-justification-center is-layout-flex wp-container-core-buttons-is-layout-a89b3969 wp-block-buttons-is-layout-flex\">\n<div class=\"wp-block-button\"><a class=\"wp-block-button__link wp-element-button\" href=\"https:\/\/vignettego.com\/\" style=\"background-color:#28a745;color:#ffffff;padding:15px 30px;font-size:18px;border-radius:8px;\">\u2705 Obtenez des vignettes europ\u00e9ennes \u2013 tous les pays \u2013 sur VignetteGo<\/a><\/div>\n<\/div>\n\n<div style=\"height:25px\" aria-hidden=\"true\" class=\"wp-block-spacer\"><\/div>\n\n<h2 class=\"wp-block-heading\">\ud83d\udcb0 Prix des p\u00e9ages sur les autoroutes croates 2026<\/h2>\n\n<p>Les p\u00e9ages croates sont bas\u00e9s sur la distance, donc le co\u00fbt d\u00e9pend de votre itin\u00e9raire. Voici les prix approximatifs des itin\u00e9raires courants (Cat\u00e9gorie I &#8211; voitures classiques) : <\/p>\n\n<figure class=\"wp-block-table\"><table><thead><tr><th>Itin\u00e9raire<\/th><th>Distance<\/th><th>P\u00e9age approximatif <\/th><\/tr><\/thead><tbody><tr><td><strong>Zagreb \u2013 Split<\/strong><\/td><td>~400 km<\/td><td>~EUR 25<\/td><\/tr><tr><td><strong>Zagreb \u2013 Rijeka<\/strong><\/td><td>~170 km<\/td><td>~EUR 8<\/td><\/tr><tr><td><strong>Zagreb \u2013 Zadar<\/strong><\/td><td>~280 km<\/td><td>~EUR 17<\/td><\/tr><tr><td><strong>Split \u2013 Dubrovnik<\/strong><\/td><td>~220 km<\/td><td>~EUR 12<\/td><\/tr><tr><td><strong>Zagreb \u2013 Dubrovnik<\/strong><\/td><td>~600 km<\/td><td>~35 EUR<\/td><\/tr><tr><td><strong>Ljubljana \u2013 Zagreb<\/strong><\/td><td>~140 km<\/td><td>~EUR 7<\/td><\/tr><\/tbody><\/table><\/figure>\n\n<p><strong>Note :<\/strong> Les prix sont indicatifs. Les p\u00e9ages r\u00e9els peuvent l\u00e9g\u00e8rement varier selon les points d\u2019entr\u00e9e\/sortie sp\u00e9cifiques et la cat\u00e9gorie du v\u00e9hicule. <\/p>\n\n<h2 class=\"wp-block-heading\">\ud83d\udee3\ufe0f R\u00e9seau autoroutier croate<\/h2>\n\n<p>La Croatie dispose d\u2019un excellent r\u00e9seau autoroutier reliant les grandes villes et la c\u00f4te. Voici les principaux itin\u00e9raires : <\/p>\n\n<h3 class=\"wp-block-heading\">A1 \u2013 L\u2019autoroute dalmate<\/h3>\n\n<p>L\u2019itin\u00e9raire touristique le plus important, <strong>reliant Zagreb \u00e0 Split et continuant vers Dubrovnik<\/strong>. Cette superbe autoroute longe la c\u00f4te adriatique, offrant un acc\u00e8s \u00e0 toutes les principales destinations c\u00f4ti\u00e8res. Longueur totale : environ 550 km. Pr\u00e9sente plusieurs ponts et tunnels impressionnants \u00e0 travers les Alpes dinariques.   <\/p>\n\n<h3 class=\"wp-block-heading\">A2 \u2013 Zagreb \u00e0 Macelj (fronti\u00e8re slov\u00e8ne)<\/h3>\n\n<p>Relie Zagreb \u00e0 la Slov\u00e9nie, se poursuivant vers Ljubljana et au-del\u00e0. La principale route pour les voyageurs venant d\u2019Europe centrale. Longueur : environ 60 km en Croatie.  <\/p>\n\n<h3 class=\"wp-block-heading\">A3 \u2013 Bregana \u00e0 Lipovac<\/h3>\n\n<p>Itin\u00e9raire est-ouest reliant la fronti\u00e8re slov\u00e8ne (Bregana) \u00e0 travers Zagreb \u00e0 la fronti\u00e8re serbe (Lipovac). Faisant partie du corridor europ\u00e9en E70. Longueur : environ 300 km.  <\/p>\n\n<h3 class=\"wp-block-heading\">A4 \u2013 Zagreb \u00e0 Gori\u010dan (fronti\u00e8re hongroise)<\/h3>\n\n<p>Relie Zagreb \u00e0 la Hongrie, la principale route pour les voyageurs venant de Budapest. Longueur : environ 97 km. <\/p>\n\n<h3 class=\"wp-block-heading\">A6 \u2013 D\u00e9viation de Rijeka<\/h3>\n\n<p>Relie l\u2019A1 \u00e0 Bosiljevo \u00e0 Rijeka et \u00e0 la p\u00e9ninsule d\u2019Istrie. Essentiel pour atteindre l\u2019Istrie depuis Zagreb. <\/p>\n\n<h3 class=\"wp-block-heading\">A7\/A8\/A9 \u2013 Istrian Y<\/h3>\n\n<p>R\u00e9seau d\u2019autoroutes desservant la p\u00e9ninsule d\u2019Istrie, reliant Rijeka \u00e0 Pula et d\u2019autres destinations istriennes. Trafic g\u00e9n\u00e9ralement plus faible que l\u2019A1. <\/p>\n\n<div style=\"height:25px\" aria-hidden=\"true\" class=\"wp-block-spacer\"><\/div>\n\n<div class=\"wp-block-buttons is-content-justification-center is-layout-flex wp-container-core-buttons-is-layout-a89b3969 wp-block-buttons-is-layout-flex\">\n<div class=\"wp-block-button\"><a class=\"wp-block-button__link wp-element-button\" href=\"https:\/\/vignettego.com\/\" style=\"background-color:#ff6600;color:#ffffff;padding:15px 30px;font-size:18px;border-radius:8px;\">\ud83d\uded2 Procurez-vous vos vignettes europ\u00e9ennes d\u00e8s maintenant sur VignetteGo<\/a><\/div>\n<\/div>\n\n<div style=\"height:25px\" aria-hidden=\"true\" class=\"wp-block-spacer\"><\/div>\n\n<h2 class=\"wp-block-heading\">\ud83d\uddfa\ufe0f Itin\u00e9raires croates populaires pour les road trips<\/h2>\n\n<h3 class=\"wp-block-heading\">Zagreb \u00e0 Split (autoroute A1 dalmate)<\/h3>\n\n<p><strong>Distance :<\/strong> ~400 km | <strong>Dur\u00e9e :<\/strong> 4-4,5 heures | <strong>P\u00e9age :<\/strong> ~EUR 25<\/p>\n\n<p>L\u2019itin\u00e9raire classique croate pour le road trip. L\u2019A1 est une autoroute moderne et bien entretenue, avec d\u2019excellentes zones de service. Envisagez de vous arr\u00eater au parc national des lacs de Plitvice (sortie Gornja Plo\u010da) \u2014 l\u2019une des plus belles attractions naturelles de la Croatie.  <\/p>\n\n<h3 class=\"wp-block-heading\">Zagreb \u00e0 Dubrovnik<\/h3>\n\n<p><strong>Distance :<\/strong> ~600 km | <strong>Dur\u00e9e :<\/strong> 5,5-6 heures | <strong>P\u00e9age :<\/strong> ~EUR 35<\/p>\n\n<p>Le road trip ultime en Croatie, se terminant dans la magnifique ville fortifi\u00e9e de Dubrovnik. Notez que cet itin\u00e9raire traverse bri\u00e8vement <strong>la Bosnie-Herz\u00e9govine<\/strong> par le corridor de Neum (pas de p\u00e9age, mais portez un passeport). Sinon, prenez le pont de Pelje\u0161ac pour rester enti\u00e8rement en Croatie.  <\/p>\n\n<h3 class=\"wp-block-heading\">Ljubljana (Slov\u00e9nie) \u00e0 Zagreb<\/h3>\n\n<p><strong>Distance :<\/strong> ~140 km | <strong>Dur\u00e9e :<\/strong> 1,5-2 heures | <strong>P\u00e9age :<\/strong> ~EUR 7 (Croatie) + vignette slov\u00e8ne<\/p>\n\n<p>La principale route depuis l\u2019Europe centrale. Vous aurez besoin d\u2019une <a href=\"https:\/\/vignettego.com\/highway-vignette-europe\/fr\/vignette-de-lautoroute-slovene-2026-guide-complet-de-vinjeta\/\">E-Vinjeta slov\u00e8ne<\/a> pour la portion slov\u00e8ne du voyage. <\/p>\n\n<h3 class=\"wp-block-heading\">Circuit de la c\u00f4te d\u2019Istrie<\/h3>\n\n<p><strong>Itin\u00e9raire :<\/strong> Rijeka \u2192 Opatija \u2192 Pula \u2192 Rovinj \u2192 Pore\u010d \u2192 retour \u00e0 Rijeka<\/p>\n\n<p>Explorez la magnifique p\u00e9ninsule d\u2019Istrie avec sa cuisine d\u2019influence italienne, ses villages perch\u00e9s sur les collines et ses charmantes villes c\u00f4ti\u00e8res. Moins fr\u00e9quent\u00e9e que la c\u00f4te dalmate. <\/p>\n\n<h2 class=\"wp-block-heading\">\ud83d\udca1 Conseils de conduite en Croatie pour 2026<\/h2>\n\n<h3 class=\"wp-block-heading\">Monnaie<\/h3>\n\n<p>Depuis janvier 2023, la Croatie utilise <strong>l\u2019euro (EUR).<\/strong> Pas besoin d\u2019\u00e9changer de l\u2019argent si vous venez d\u2019un autre pays de la zone euro. Les cartes de cr\u00e9dit sont largement accept\u00e9es.  <\/p>\n\n<h3 class=\"wp-block-heading\">Limites de vitesse<\/h3>\n\n<ul class=\"wp-block-list\">\n<li><strong>Autoroutes :<\/strong> 130 km\/h<\/li>\n<li><strong>Routes nationales :<\/strong> 90 km\/h<\/li>\n<li><strong>Zones urbaines :<\/strong> 50 km\/h<\/li>\n<\/ul>\n\n<h3 class=\"wp-block-heading\">Trafic d\u2019\u00e9t\u00e9<\/h3>\n\n<p><strong>Avertissement :<\/strong> L\u2019A1 vers la c\u00f4te conna\u00eet <strong>un trafic extr\u00eamement intense<\/strong> en juillet et ao\u00fbt, surtout le samedi (jour de changement pour les locations hebdomadaires). Voyagez t\u00f4t le matin ou en fin de soir\u00e9e pour \u00e9viter les pires congestions. <\/p>\n\n<h3 class=\"wp-block-heading\">\u00c9quipement requis<\/h3>\n\n<ul class=\"wp-block-list\">\n<li>Triangle d\u2019avertissement<\/li>\n<li>Gilet r\u00e9fl\u00e9chissant<\/li>\n<li>Trousse de premiers secours<\/li>\n<li>Phares allum\u00e9s en permanence pendant la conduite<\/li>\n<\/ul>\n\n<h2 class=\"wp-block-heading\" id=\"faq-section\">\u2753 Questions fr\u00e9quemment pos\u00e9es<\/h2>\n\n<h3 class=\"wp-block-heading\">Ai-je besoin d\u2019une vignette ou de payer aux postes de p\u00e9age en Croatie ?<\/h3>\n\n<p>Vous pouvez utiliser l\u2019un ou l\u2019autre syst\u00e8me. Les postes de p\u00e9age traditionnels fonctionnent selon la distance et le paiement \u00e0 l\u2019usage. Alternativement, des vignettes num\u00e9riques (E-Vinjeta) sont d\u00e9sormais disponibles pour certaines sections.  <\/p>\n\n<h3 class=\"wp-block-heading\">Puis-je conduire jusqu\u2019\u00e0 Dubrovnik sans quitter la Croatie ?<\/h3>\n\n<p>Oui ! Depuis l\u2019ouverture du pont de Pelje\u0161ac en 2022, vous pouvez d\u00e9sormais conduire de Split \u00e0 Dubrovnik sans traverser le corridor de Bosnie-Herz\u00e9govine Neum. <\/p>\n\n<h3 class=\"wp-block-heading\">L\u2019appareil ENC en vaut-il la peine ?<\/h3>\n\n<p>Pour les visiteurs fr\u00e9quents ou ceux qui restent plusieurs semaines, oui. Pour un trajet unique, les postes de p\u00e9age ou les vignettes num\u00e9riques sont plus pratiques. <\/p>\n\n<div style=\"height:25px\" aria-hidden=\"true\" class=\"wp-block-spacer\"><\/div>\n\n<div class=\"wp-block-buttons is-content-justification-center is-layout-flex wp-container-core-buttons-is-layout-a89b3969 wp-block-buttons-is-layout-flex\">\n<div class=\"wp-block-button\"><a class=\"wp-block-button__link wp-element-button\" href=\"https:\/\/vignettego.com\/\" style=\"background-color:#e91e63;color:#ffffff;padding:15px 30px;font-size:18px;border-radius:8px;\">\ud83d\ude97 Procurez-vous vos vignettes sur les routes europ\u00e9ennes sur VignetteGo \u2192<\/a><\/div>\n<\/div>\n\n<div style=\"height:25px\" aria-hidden=\"true\" class=\"wp-block-spacer\"><\/div>\n\n<h2 class=\"wp-block-heading\">\ud83c\udfd6\ufe0f Pourquoi visiter la Croatie ?<\/h2>\n\n<ul class=\"wp-block-list\">\n<li><strong>Un littoral \u00e9poustouflant :<\/strong> Plus de 1 000 \u00eeles et eaux adriatiques cristallines<\/li>\n<li><strong>Villes historiques :<\/strong> Dubrovnik, Split, Zadar \u2014 sites du patrimoine mondial de l\u2019UNESCO<\/li>\n<li><strong>Lieux de Game of Thrones :<\/strong> Dubrovnik servait de Port-R\u00e9al<\/li>\n<li><strong>Lacs de Plitvice :<\/strong> Parc national spectaculaire avec des cascades<\/li>\n<li><strong>Istria :<\/strong> Cuisine d\u2019influence italienne, chasse \u00e0 la truffe, villages en colline<\/li>\n<li><strong>Sc\u00e8ne de f\u00eate :<\/strong> La plage de Zr\u0107e est \u00ab l\u2019Ibiza croate \u00bb<\/li>\n<\/ul>\n\n<h2 class=\"wp-block-heading\">\ud83d\udccd Conclusion<\/h2>\n\n<p>La Croatie offre certains des road trips les plus gratifiants d\u2019Europe, de l\u2019autoroute A1 spectaculaire aux routes c\u00f4ti\u00e8res sinueuses et aux charmants villages istriens. Que vous pr\u00e9f\u00e9riez les postes de p\u00e9age traditionnels, le syst\u00e8me \u00e9lectronique ENC ou les nouvelles options de vignettes num\u00e9riques, se d\u00e9placer en Croatie en voiture est simple. <\/p>\n\n<p>Pour rejoindre la Croatie depuis l\u2019Europe centrale, vous devrez probablement passer par la <a href=\"https:\/\/vignettego.com\/highway-vignette-europe\/fr\/vignette-de-lautoroute-slovene-2026-guide-complet-de-vinjeta\/\">Slov\u00e9nie<\/a> ou <a href=\"https:\/\/vignettego.com\/highway-vignette-europe\/fr\/vignette-de-lautoroute-hongroise-2026-guide-complet-de-le-matrica\/\">la Hongrie<\/a>. R\u00e9unissez toutes vos vignettes au m\u00eame endroit sur <a href=\"https:\/\/vignettego.com\/\" title=\"VignetteGo - Vignettes europ&#xE9;ennes sur les routes\">VignetteGo<\/a>. <\/p>\n\n<p><strong>Profitez de la c\u00f4te croate ! \ud83c\udded\ud83c\uddf7\ud83c\udfd6\ufe0f <\/strong><\/p>\n\n<p><strong>Guides associ\u00e9s :<\/strong> <a href=\"https:\/\/vignettego.com\/highway-vignette-europe\/fr\/vignette-de-lautoroute-slovene-2026-guide-complet-de-vinjeta\/\">Slov\u00e9nie E-Vinjeta<\/a> | <a href=\"https:\/\/vignettego.com\/highway-vignette-europe\/fr\/vignette-de-lautoroute-hongroise-2026-guide-complet-de-le-matrica\/\">E-Matrica de Hongrie<\/a> | <a href=\"https:\/\/vignettego.com\/\">Toutes les vignettes europ\u00e9ennes<\/a><\/p>\n","protected":false},"excerpt":{"rendered":"<p>La Croatie est l\u2019une des destinations estivales les plus pris\u00e9es en Europe, c\u00e9l\u00e8bre pour sa magnifique c\u00f4te adriatique, ses eaux cristallines, ses villes historiques comme Dubrovnik et Split, ainsi que ses magnifiques \u00eeles. Conduire jusqu\u2019en Croatie ouvre des possibilit\u00e9s incroyables \u2014 des anciens murs de Dubrovnik aux plages festives de Zr\u0107e, des cascades des lacs [&hellip;]<\/p>\n","protected":false},"author":0,"featured_media":0,"parent":0,"menu_order":0,"comment_status":"closed","ping_status":"closed","template":"","meta":{"footnotes":""},"class_list":["post-616","page","type-page","status-publish","hentry"],"_links":{"self":[{"href":"https:\/\/vignettego.com\/highway-vignette-europe\/fr\/wp-json\/wp\/v2\/pages\/616","targetHints":{"allow":["GET"]}}],"collection":[{"href":"https:\/\/vignettego.com\/highway-vignette-europe\/fr\/wp-json\/wp\/v2\/pages"}],"about":[{"href":"https:\/\/vignettego.com\/highway-vignette-europe\/fr\/wp-json\/wp\/v2\/types\/page"}],"replies":[{"embeddable":true,"href":"https:\/\/vignettego.com\/highway-vignette-europe\/fr\/wp-json\/wp\/v2\/comments?post=616"}],"version-history":[{"count":4,"href":"https:\/\/vignettego.com\/highway-vignette-europe\/fr\/wp-json\/wp\/v2\/pages\/616\/revisions"}],"predecessor-version":[{"id":1274,"href":"https:\/\/vignettego.com\/highway-vignette-europe\/fr\/wp-json\/wp\/v2\/pages\/616\/revisions\/1274"}],"wp:attachment":[{"href":"https:\/\/vignettego.com\/highway-vignette-europe\/fr\/wp-json\/wp\/v2\/media?parent=616"}],"curies":[{"name":"wp","href":"https:\/\/api.w.org\/{rel}","templated":true}]}}