{"id":177,"date":"2025-09-30T22:27:07","date_gmt":"2025-09-30T22:27:07","guid":{"rendered":"https:\/\/vignettego.com\/highway-vignette-europe\/vignette-de-lautoroute-suisse-le-guide-complet\/"},"modified":"2025-09-30T23:10:41","modified_gmt":"2025-09-30T23:10:41","slug":"vignette-de-lautoroute-suisse-le-guide-complet","status":"publish","type":"page","link":"https:\/\/vignettego.com\/highway-vignette-europe\/fr\/vignette-de-lautoroute-suisse-le-guide-complet\/","title":{"rendered":"Vignette de l&#8217;autoroute suisse : Le guide complet"},"content":{"rendered":"\n<p><strong>La travers\u00e9e de la Suisse est l&#8217;une des exp\u00e9riences routi\u00e8res les plus \u00e9poustouflantes d&#8217;Europe.<\/strong> <\/p>\n\n<p>Le pays est c\u00e9l\u00e8bre pour ses routes impeccables, ses tunnels impressionnants et ses paysages alpins pittoresques qui rendent chaque voyage inoubliable.  <\/p>\n\n<p>Mais avant de vous engager sur une autoroute suisse, il y a une condition essentielle que vous devez conna\u00eetre : la <strong>\n  <a href=\"https:\/\/vignettego.com\/\" data-type=\"link\" data-id=\"https:\/\/vignettego.com\/\">vignette autorouti\u00e8re suisse<\/a>\n<\/strong>.<\/p>\n\n<div style=\"height:40px\" aria-hidden=\"true\" class=\"wp-block-spacer\"><\/div>\n\n<div class=\"wp-block-buttons is-content-justification-center is-layout-flex wp-container-core-buttons-is-layout-a89b3969 wp-block-buttons-is-layout-flex\">\n<div class=\"wp-block-button\"><a class=\"wp-block-button__link has-text-align-center wp-element-button\" href=\"https:\/\/vignettego.com\/\">Vignette suisse rapide<\/a><\/div>\n<\/div>\n\n<div style=\"height:40px\" aria-hidden=\"true\" class=\"wp-block-spacer\"><\/div>\n\n<p>Ce guide complet explique tout ce qu&#8217;il faut savoir sur le syst\u00e8me de p\u00e9age autoroutier suisse : comment fonctionne la vignette, combien elle co\u00fbte, o\u00f9 l&#8217;acheter, comment \u00e9viter les amendes et des conseils utiles pour que votre voyage se d\u00e9roule sans encombre et sans stress.  <\/p>\n\n<p>Que vous planifiez un voyage \u00e0 travers l&#8217;Europe ou que vous passiez simplement par la <strong>Suisse<\/strong> sur votre route vers l&#8217;Italie ou la France, la compr\u00e9hension du syst\u00e8me de vignettes vous fera gagner du temps et de l&#8217;argent, et vous \u00e9pargnera d&#8217;\u00e9ventuels maux de t\u00eate.<\/p>\n\n<h2 class=\"wp-block-heading\">Qu&#8217;est-ce que la vignette autorouti\u00e8re suisse ?<\/h2>\n\n<p><strong>La vignette autorouti\u00e8re suisse est une carte de p\u00e9age obligatoire pour tous les v\u00e9hicules jusqu&#8217;\u00e0 3,5 tonnes, y compris les voitures, les camionnettes, les motos et les camping-cars, qui empruntent les autoroutes<em>(Autobahnen<\/em>) et les voies rapides<em>(Autostrassen<\/em>) suisses.  <\/strong><\/p>\n\n<p>Contrairement \u00e0 de nombreux pays europ\u00e9ens qui imposent des p\u00e9ages en fonction de la distance parcourue ou de tron\u00e7ons routiers sp\u00e9cifiques, la Suisse utilise un simple syst\u00e8me de vignette annuelle. <strong>\n  <em>syst\u00e8me de vignette annuelle<\/em>\n<\/strong>. Une fois achet\u00e9e, la vignette permet de circuler de mani\u00e8re illimit\u00e9e sur le r\u00e9seau autoroutier du pays pendant toute la dur\u00e9e de sa validit\u00e9. <\/p>\n\n<p>Le syst\u00e8me est simple : si vous envisagez de conduire sur une autoroute, m\u00eame pour une courte distance, vous devez avoir une <a href=\"https:\/\/vignettego.com\/\">vignette<\/a> valide. L&#8217;absence de vignette peut entra\u00eener des amendes importantes. <\/p>\n\n<h3 class=\"wp-block-heading\">Faits marquants en un coup d&#8217;\u0153il<\/h3>\n\n<ul class=\"wp-block-list\">\n<li>Obligatoire pour tous les v\u00e9hicules jusqu&#8217;\u00e0 3,5 tonnes empruntant les autoroutes ou les voies rapides<\/li>\n\n\n\n<li>Valable pour l&#8217;ensemble du r\u00e9seau autoroutier suisse &#8211; une seule vignette couvre tous les itin\u00e9raires<\/li>\n\n\n\n<li>Redevance annuelle forfaitaire au lieu de frais de p\u00e9age par kilom\u00e8tre<\/li>\n\n\n\n<li>Les v\u00e9hicules de plus de 3,5 tonnes sont soumis \u00e0 une redevance poids lourds distincte (RPLP).<\/li>\n<\/ul>\n\n<h2 class=\"wp-block-heading\">Prix de la vignette suisse pour 2026<\/h2>\n\n<p>Le syst\u00e8me de p\u00e9age suisse est d&#8217;une simplicit\u00e9 rafra\u00eechissante. Il n&#8217;existe qu&#8217;un seul type de <em>vignette<\/em> pour les v\u00e9hicules priv\u00e9s, valable pour une ann\u00e9e enti\u00e8re : <\/p>\n\n<figure class=\"wp-block-table\"><table class=\"has-fixed-layout\"><thead><tr><th>Type de v\u00e9hicule<\/th><th>Prix<\/th><th>Validit\u00e9<\/th><\/tr><\/thead><tbody><tr><td>Voitures, camionnettes, camping-cars (\u2264 3,5 tonnes)<\/td><td>CHF 40 (environ \u20ac42)<\/td><td>1 ann\u00e9e civile (du 1er d\u00e9cembre au 31 janvier de l&#8217;ann\u00e9e suivante)<\/td><\/tr><tr><td>Motos<\/td><td>CHF 40 (environ \u20ac42)<\/td><td>1 ann\u00e9e civile (du 1er d\u00e9cembre au 31 janvier de l&#8217;ann\u00e9e suivante)<\/td><\/tr><\/tbody><\/table><\/figure>\n\n<p>Il n&#8217;existe pas d&#8217;options \u00e0 court terme telles que les laissez-passer de 7 jours ou d&#8217;un mois. M\u00eame si vous entrez dans le pays pour une seule journ\u00e9e, vous devrez acheter la <a href=\"https:\/\/vignettego.com\/\">vignette<\/a> annuelle.   <\/p>\n\n<p>Si cela peut sembler cher pour des visites de courte dur\u00e9e, cela devient un excellent rapport qualit\u00e9-prix si vous pr\u00e9voyez plusieurs voyages ou un s\u00e9jour prolong\u00e9.<\/p>\n\n<div style=\"height:40px\" aria-hidden=\"true\" class=\"wp-block-spacer\"><\/div>\n\n<h2 class=\"wp-block-heading\">O\u00f9 et comment acheter la vignette suisse<\/h2>\n\n<p>Vous pouvez acheter votre <strong>\n  <em>\n    <a href=\"https:\/\/vignettego.com\/\">vignette autorouti\u00e8re suisse<\/a>\n  <\/em>\n<\/strong> de deux mani\u00e8res principales : sous forme d&#8217;autocollant physique traditionnel ou sous forme de vignette num\u00e9rique li\u00e9e \u00e0 la plaque d&#8217;immatriculation de votre v\u00e9hicule. Les deux options sont valables et l\u00e9galement reconnues. <\/p>\n\n<h3 class=\"wp-block-heading\">1. Vignette de l&#8217;autocollant physique<\/h3>\n\n<p>La vignette traditionnelle est un petit autocollant qui doit \u00eatre appos\u00e9 sur le pare-brise de votre v\u00e9hicule. Elle reste une option populaire pour de nombreux conducteurs et est largement disponible dans toute l&#8217;Europe. <\/p>\n\n<p><strong>O\u00f9 acheter l&#8217;autocollant Vignette :<\/strong><\/p>\n\n<ul class=\"wp-block-list\">\n<li>Aux postes fronti\u00e8res et aux bureaux de douane suisses<\/li>\n\n\n\n<li>Dans les stations-service situ\u00e9es \u00e0 proximit\u00e9 de la fronti\u00e8re suisse (en Allemagne, en Autriche, en Italie et en France)<\/li>\n\n\n\n<li>Dans les bureaux de poste et les organisations automobiles suisses<\/li>\n\n\n\n<li>De clubs automobiles tels que l&#8217;ADAC ou l&#8217;\u00d6AMTC<\/li>\n<\/ul>\n\n<div style=\"height:40px\" aria-hidden=\"true\" class=\"wp-block-spacer\"><\/div>\n\n<div class=\"wp-block-buttons is-content-justification-center is-layout-flex wp-container-core-buttons-is-layout-a89b3969 wp-block-buttons-is-layout-flex\">\n<div class=\"wp-block-button\"><a class=\"wp-block-button__link wp-element-button\" href=\"https:\/\/vignettego.com\/\">VignetteGO &#8211; obtenez Vignette rapidement<\/a><\/div>\n<\/div>\n\n<div style=\"height:40px\" aria-hidden=\"true\" class=\"wp-block-spacer\"><\/div>\n\n<p><strong>Comment l&#8217;appliquer :<\/strong> D\u00e9collez la couche protectrice et collez la vignette sur la face int\u00e9rieure de votre pare-brise, de pr\u00e9f\u00e9rence dans le coin sup\u00e9rieur gauche ou derri\u00e8re le r\u00e9troviseur. Une fois d\u00e9coll\u00e9e, la vignette ne peut \u00eatre ni r\u00e9utilis\u00e9e ni transf\u00e9r\u00e9e sur un autre v\u00e9hicule. <\/p>\n\n<h3 class=\"wp-block-heading\">2. Vignette num\u00e9rique (recommand\u00e9e)<\/h3>\n\n<p>Depuis 2023, la Suisse propose une option de <a href=\"https:\/\/vignettego.com\/\">vignette num\u00e9rique<\/a>. Cette version est li\u00e9e \u00e0 votre plaque d&#8217;immatriculation et \u00e9limine la n\u00e9cessit\u00e9 d&#8217;une vignette physique. C&#8217;est une solution pratique, en particulier pour les personnes qui changent fr\u00e9quemment de v\u00e9hicule ou qui veulent \u00e9viter de devoir appliquer et retirer la vignette.  <\/p>\n\n<p><strong>Avantages de la vignette num\u00e9rique :<\/strong><\/p>\n\n<ul class=\"wp-block-list\">\n<li>Achat en ligne rapide et facile &#8211; terminez le processus en quelques minutes<\/li>\n\n\n\n<li>Pas besoin de fixer ou d&#8217;enlever quoi que ce soit de votre pare-brise<\/li>\n\n\n\n<li>Peut \u00eatre facilement mis \u00e0 jour si vous changez de pare-brise ou de plaque d&#8217;immatriculation<\/li>\n\n\n\n<li>Possibilit\u00e9 de renouvellement automatique<\/li>\n<\/ul>\n\n<p><strong>O\u00f9 l&#8217;acheter en ligne :<\/strong> L&#8217;un des moyens les plus simples est de passer par la plateforme officielle suisse ou par des fournisseurs en ligne de confiance. Si vous voulez gagner du temps et \u00e9viter les files d&#8217;attente \u00e0 la fronti\u00e8re, vous pouvez <a href=\"https:\/\/vignettego.com\/\" target=\"_blank\" rel=\"noreferrer noopener\">acheter votre vignette suisse en ligne ici en<\/a> quelques minutes seulement. <\/p>\n\n<p><a href=\"https:\/\/vignettego.com\/\" target=\"_blank\" rel=\"noreferrer noopener\">Achetez d\u00e8s maintenant votre vignette suisse en ligne<\/a><\/p>\n\n<div style=\"height:40px\" aria-hidden=\"true\" class=\"wp-block-spacer\"><\/div>\n\n<h2 class=\"wp-block-heading\">Physique ou num\u00e9rique : Que choisir ?<\/h2>\n\n<p><strong>Les deux options donnent le m\u00eame droit l\u00e9gal de circuler sur les autoroutes suisses, mais la vignette num\u00e9rique est de plus en plus populaire en raison de sa commodit\u00e9.  <\/strong><\/p>\n\n<p>Si vous louez une voiture en Suisse, elle sera presque toujours munie d&#8217;une vignette. Toutefois, si vous louez un v\u00e9hicule \u00e0 l&#8217;\u00e9tranger et que vous pr\u00e9voyez d&#8217;entrer en Suisse, v\u00e9rifiez si le v\u00e9hicule en poss\u00e8de d\u00e9j\u00e0 une. <\/p>\n\n<p>Si vous privil\u00e9giez la flexibilit\u00e9 et la simplicit\u00e9, la vignette num\u00e9rique est le meilleur choix. En revanche, si vous pr\u00e9f\u00e9rez l&#8217;acheter sur place ou si vous ne voulez pas saisir les donn\u00e9es de votre plaque d&#8217;immatriculation en ligne, la version physique reste une option s\u00fbre. <\/p>\n\n<h2 class=\"wp-block-heading\">P\u00e9riode de validit\u00e9 et renouvellement<\/h2>\n\n<p>Un autre avantage du syst\u00e8me suisse est sa dur\u00e9e de validit\u00e9 g\u00e9n\u00e9reuse. Chaque vignette est valable 14 mois, et pas seulement 12. Cela signifie que vous pouvez l&#8217;utiliser pendant deux hivers ou deux \u00e9t\u00e9s si vous planifiez judicieusement vos voyages.  <\/p>\n\n<ul class=\"wp-block-list\">\n<li><strong>Date de d\u00e9but :<\/strong> 1er d\u00e9cembre de l&#8217;ann\u00e9e pr\u00e9c\u00e9dente<\/li>\n\n\n\n<li><strong>Date de fin :<\/strong> 31 janvier de l&#8217;ann\u00e9e suivante<\/li>\n<\/ul>\n\n<p>Par exemple, la vignette 2026 est valable du 1er d\u00e9cembre 2024 au 31 janvier 2026. Si vous l&#8217;achetez \u00e0 l&#8217;avance, vous b\u00e9n\u00e9ficiez de deux mois suppl\u00e9mentaires sans frais additionnels. <\/p>\n\n<div style=\"height:40px\" aria-hidden=\"true\" class=\"wp-block-spacer\"><\/div>\n\n<div class=\"wp-block-buttons is-content-justification-center is-layout-flex wp-container-core-buttons-is-layout-a89b3969 wp-block-buttons-is-layout-flex\">\n<div class=\"wp-block-button\"><a class=\"wp-block-button__link wp-element-button\" href=\"https:\/\/vignettego.com\/\">e-Vignettes autorouti\u00e8res<\/a><\/div>\n<\/div>\n\n<div style=\"height:40px\" aria-hidden=\"true\" class=\"wp-block-spacer\"><\/div>\n\n<h2 class=\"wp-block-heading\">Les conducteurs \u00e9trangers ont-ils besoin d&#8217;une vignette ?<\/h2>\n\n<p><strong>Oui, l&#8217;obligation d&#8217;apposer une vignette s&#8217;applique \u00e0 tous les v\u00e9hicules, quel que soit leur lieu d&#8217;immatriculation.   <\/strong><\/p>\n\n<p>Si vous arrivez en Suisse en provenance d&#8217;un pays voisin, vous devez acheter une vignette avant ou imm\u00e9diatement apr\u00e8s l&#8217;entr\u00e9e sur le r\u00e9seau autoroutier. La police contr\u00f4le fr\u00e9quemment les v\u00e9hicules pr\u00e8s des postes fronti\u00e8res, des entr\u00e9es d&#8217;autoroutes et des aires de repos. <\/p>\n\n<p>M\u00eame si vous ne faites que transiter par la Suisse pendant une heure, vous avez besoin d&#8217;une vignette. Tenter de conduire sans vignette n&#8217;en vaut pas la peine : les amendes sont sal\u00e9es et l&#8217;application de la loi est stricte. <\/p>\n\n<p><a href=\"https:\/\/vignettego.com\/\" target=\"_blank\" rel=\"noreferrer noopener\">Acheter Swiss Vignette en quelques minutes<\/a><\/p>\n\n<div style=\"height:39px\" aria-hidden=\"true\" class=\"wp-block-spacer\"><\/div>\n\n<h2 class=\"wp-block-heading\">Amendes et sanctions pour conduite sans vignette<\/h2>\n\n<p><strong>Conduire sur les autoroutes suisses sans vignette valable est consid\u00e9r\u00e9 comme une infraction grave.  <\/strong><\/p>\n\n<p>Les autorit\u00e9s appliquent strictement l&#8217;obligation de d\u00e9tenir une vignette et les amendes sont \u00e9lev\u00e9es pour d\u00e9courager les contrevenants. Si vous \u00eates arr\u00eat\u00e9 par la police ou pris lors d&#8217;un contr\u00f4le routier sans vignette, vous risquez.. : <\/p>\n\n<ul class=\"wp-block-list\">\n<li>Une amende standard de <strong>200 CHF<\/strong> (environ 210 \u20ac)<\/li>\n\n\n\n<li>Obligation imm\u00e9diate d&#8217;<a href=\"https:\/\/vignettego.com\/\">acheter une vignette<\/a> sur place<\/li>\n<\/ul>\n\n<p>Il n&#8217;y a pas de d\u00e9lai de gr\u00e2ce ni d&#8217;exception. L&#8217;obligation commence d\u00e8s que vous entrez sur une autoroute ou une voie rapide. M\u00eame si vous ne parcourez qu&#8217;un seul kilom\u00e8tre sans vignette, vous \u00eates redevable de l&#8217;int\u00e9gralit\u00e9 de l&#8217;amende.    <\/p>\n\n<p>Il convient de noter que les amendes sont inflig\u00e9es non seulement aux postes fronti\u00e8res, mais aussi \u00e0 l&#8217;int\u00e9rieur du pays, o\u00f9 les contr\u00f4les routiers al\u00e9atoires sont fr\u00e9quents.<\/p>\n\n<p>Le co\u00fbt de la vignette \u00e9tant tr\u00e8s faible par rapport \u00e0 la p\u00e9nalit\u00e9, il est toujours plus sage de l&#8217;acheter \u00e0 l&#8217;avance. L&#8217;achat en ligne avant votre voyage est le moyen le plus simple d&#8217;\u00e9viter les probl\u00e8mes inutiles. <\/p>\n\n<p><a href=\"https:\/\/vignettego.com\/\" target=\"_blank\" rel=\"noreferrer noopener\">Achetez votre vignette suisse et \u00e9vitez les amendes<\/a><\/p>\n\n<div style=\"height:40px\" aria-hidden=\"true\" class=\"wp-block-spacer\"><\/div>\n\n<h2 class=\"wp-block-heading\">P\u00e9ages sp\u00e9ciaux et exceptions<\/h2>\n\n<p><strong>La vignette de 40 francs couvre la quasi-totalit\u00e9 du r\u00e9seau autoroutier suisse, mais il existe quelques tunnels et routes de montagne pour lesquels des p\u00e9ages suppl\u00e9mentaires sont appliqu\u00e9s.  <\/strong><\/p>\n\n<p>Il s&#8217;agit g\u00e9n\u00e9ralement de projets d&#8217;infrastructure longs et co\u00fbteux qui n\u00e9cessitent des frais de maintenance distincts.<\/p>\n\n<figure class=\"wp-block-table\"><table class=\"has-fixed-layout\"><thead><tr><th>Route \/ Tunnel<\/th><th>P\u00e9age suppl\u00e9mentaire<\/th><th>Notes<\/th><\/tr><\/thead><tbody><tr><td>Tunnel du Grand-Saint-Bernard (fronti\u00e8re italienne)<\/td><td>~CHF 30<\/td><td>Payable au p\u00e9age ou en ligne<\/td><\/tr><tr><td>Tunnel de Munt la Schera (vers Livigno, Italie)<\/td><td>~CHF 15-30<\/td><td>Route saisonni\u00e8re, le p\u00e9age varie selon la p\u00e9riode de l&#8217;ann\u00e9e<\/td><\/tr><tr><td>Col du San Bernardino<\/td><td>Inclus<\/td><td>Pas de p\u00e9age suppl\u00e9mentaire, mais en fonction des conditions m\u00e9t\u00e9orologiques<\/td><\/tr><\/tbody><\/table><\/figure>\n\n<p>Les v\u00e9hicules de plus de 3,5 tonnes, tels que les camping-cars, les camions ou les bus, sont soumis \u00e0 la <strong>redevance sur le trafic des poids lourds (RPLP)<\/strong>. Cette taxe est calcul\u00e9e en fonction de la distance, du poids et de la cat\u00e9gorie d&#8217;\u00e9missions. Elle est g\u00e9n\u00e9ralement pay\u00e9e s\u00e9par\u00e9ment par les entreprises de transport ou aux bureaux de douane. <\/p>\n\n<div style=\"height:40px\" aria-hidden=\"true\" class=\"wp-block-spacer\"><\/div>\n\n<div class=\"wp-block-buttons is-content-justification-center is-layout-flex wp-container-core-buttons-is-layout-a89b3969 wp-block-buttons-is-layout-flex\">\n<div class=\"wp-block-button\"><a class=\"wp-block-button__link wp-element-button\">Le service de vignettes \u00e9lectroniques le plus fiable d&#8217;Europe<\/a><\/div>\n<\/div>\n\n<div style=\"height:40px\" aria-hidden=\"true\" class=\"wp-block-spacer\"><\/div>\n\n<h2 class=\"wp-block-heading\">Conseils de conduite pour la Suisse<\/h2>\n\n<p><strong>La Suisse est connue pour son code de la route strict et ses infrastructures bien entretenues.  <\/strong><\/p>\n\n<p>Le respect des r\u00e8gles vous permet non seulement d&#8217;assurer votre s\u00e9curit\u00e9, mais aussi d&#8217;\u00e9viter des amendes co\u00fbteuses. Voici quelques conseils utiles avant de prendre la route : <\/p>\n\n<ul class=\"wp-block-list\">\n<li><strong>Limitations de vitesse :<\/strong> 120 km\/h sur les autoroutes, 100 km\/h sur les routes \u00e0 deux voies, 80 km\/h sur les routes de campagne, 50 km\/h dans les villes.<\/li>\n\n\n\n<li><strong>Pneus d&#8217;hiver :<\/strong> ils ne sont pas l\u00e9galement obligatoires mais sont fortement recommand\u00e9s de novembre \u00e0 mars, en particulier dans les r\u00e9gions montagneuses.<\/li>\n\n\n\n<li><strong>Feux :<\/strong> Les feux de croisement sont obligatoires le jour.<\/li>\n\n\n\n<li><strong>T\u00e9l\u00e9phones portables :<\/strong> L&#8217;utilisation d&#8217;un t\u00e9l\u00e9phone sans syst\u00e8me mains libres est ill\u00e9gale et passible d&#8217;une lourde amende.<\/li>\n\n\n\n<li><strong>Taux d&#8217;alcool\u00e9mie :<\/strong> 0,5\u2030 (inf\u00e9rieur pour les nouveaux conducteurs et les conducteurs professionnels).<\/li>\n\n\n\n<li><strong>Stationnement :<\/strong> Les r\u00e8gles de stationnement sont strictement appliqu\u00e9es. Utilisez toujours les places marqu\u00e9es et respectez les limites de temps. <\/li>\n<\/ul>\n\n<p>La Suisse poss\u00e8de \u00e9galement certaines des routes les plus pittoresques d&#8217;Europe, comme le col de la Furka, le col du Saint-Gothard et la route de la Bernina.  <\/p>\n\n<p>Bien que ces routes ne n\u00e9cessitent pas de vignette si elles ne font pas partie du r\u00e9seau autoroutier, elles sont souvent ferm\u00e9es en hiver en raison de la neige, alors v\u00e9rifiez toujours les conditions saisonni\u00e8res avant de voyager.<\/p>\n\n<div style=\"height:40px\" aria-hidden=\"true\" class=\"wp-block-spacer\"><\/div>\n\n<h2 class=\"wp-block-heading\">Strat\u00e9gies alternatives pour les voyages de courte dur\u00e9e<\/h2>\n\n<p>Si vous pr\u00e9voyez de transiter par la Suisse et que vous estimez que 40 francs suisses, c&#8217;est trop pour un court trajet, il existe quelques solutions de rechange, bien que chacune d&#8217;entre elles comporte des compromis :<\/p>\n\n<ul class=\"wp-block-list\">\n<li><strong>Utilisez les routes non autorouti\u00e8res :<\/strong> Les routes signal\u00e9es par des panneaux bleus sont gratuites, mais elles sont plus lentes et traversent souvent des villes et des villages.<\/li>\n\n\n\n<li><strong>Parcage et transport :<\/strong> Garez votre voiture pr\u00e8s de la fronti\u00e8re et voyagez en Suisse en train. Le r\u00e9seau ferroviaire suisse est rapide, fiable et couvre m\u00eame les villes de montagne \u00e9loign\u00e9es. <\/li>\n\n\n\n<li><strong>Int\u00e9grez-la \u00e0 votre voyage :<\/strong> Si vous payez la vignette de toute fa\u00e7on, pr\u00e9voyez des arr\u00eats dans des villes suisses ou des attractions naturelles pour rentabiliser votre visite.<\/li>\n<\/ul>\n\n<p>En fin de compte, la vignette de 40 francs suisses est un prix modique pour un acc\u00e8s illimit\u00e9 \u00e0 l&#8217;un des meilleurs r\u00e9seaux routiers du monde. Pour la plupart des voyageurs, l&#8217;investissement en vaut la peine. <\/p>\n\n<div style=\"height:40px\" aria-hidden=\"true\" class=\"wp-block-spacer\"><\/div>\n\n<h2 class=\"wp-block-heading\">Foire aux questions (FAQ)<\/h2>\n\n<h3 class=\"wp-block-heading\">Ai-je besoin d&#8217;une vignette si je ne circule que sur des routes secondaires ?<\/h3>\n\n<p>Non. La vignette n&#8217;est n\u00e9cessaire que pour les autoroutes et les voies rapides, qui sont signal\u00e9es par des panneaux verts avec des chiffres blancs. Les routes signal\u00e9es par des panneaux bleus peuvent \u00eatre emprunt\u00e9es sans vignette.  <\/p>\n\n<h3 class=\"wp-block-heading\">Puis-je transf\u00e9rer ma vignette sur un autre v\u00e9hicule ?<\/h3>\n\n<p>Non. Les vignettes physiques et num\u00e9riques sont toutes deux li\u00e9es \u00e0 un v\u00e9hicule sp\u00e9cifique. Les vignettes physiques sont d\u00e9truites lorsqu&#8217;elles sont retir\u00e9es et les vignettes num\u00e9riques sont li\u00e9es \u00e0 la plaque d&#8217;immatriculation saisie lors de l&#8217;achat.  <\/p>\n\n<h3 class=\"wp-block-heading\">Que se passe-t-il si je change de plaque d&#8217;immatriculation ?<\/h3>\n\n<p>Si vous avez une vignette num\u00e9rique, vous pouvez g\u00e9n\u00e9ralement mettre \u00e0 jour les d\u00e9tails de l&#8217;enregistrement en ligne. Pour une vignette physique, vous devrez en acheter une nouvelle. <\/p>\n\n<h3 class=\"wp-block-heading\">Les voitures de location en Suisse sont-elles d\u00e9j\u00e0 \u00e9quip\u00e9es d&#8217;une vignette ?<\/h3>\n\n<p>La plupart des v\u00e9hicules de location pris en charge en Suisse incluent une vignette dans le prix. Toutefois, les v\u00e9hicules lou\u00e9s \u00e0 l&#8217;\u00e9tranger ne le sont g\u00e9n\u00e9ralement pas. V\u00e9rifiez toujours \u00e0 l&#8217;avance aupr\u00e8s de l&#8217;entreprise de location.  <\/p>\n\n<h3 class=\"wp-block-heading\">La Suisse propose-t-elle des vignettes de courte dur\u00e9e pour les touristes ?<\/h3>\n\n<p>Non. Contrairement \u00e0 l&#8217;Autriche ou \u00e0 la Slov\u00e9nie, la Suisse ne propose qu&#8217;une vignette annuelle. M\u00eame si vous ne venez qu&#8217;une seule journ\u00e9e, vous devez acheter la carte annuelle.  <\/p>\n\n<div style=\"height:40px\" aria-hidden=\"true\" class=\"wp-block-spacer\"><\/div>\n\n<h2 class=\"wp-block-heading\">R\u00e9flexions finales : Un petit investissement pour une exp\u00e9rience de conduite haut de gamme<\/h2>\n\n<p>La vignette autorouti\u00e8re suisse est l&#8217;un des syst\u00e8mes de p\u00e9age les plus simples et les plus rentables d&#8217;Europe. Pour un montant forfaitaire de 40 francs suisses par an, vous b\u00e9n\u00e9ficiez d&#8217;un acc\u00e8s illimit\u00e9 \u00e0 un r\u00e9seau routier s\u00fbr, rapide et pittoresque.   <\/p>\n\n<p>La commodit\u00e9 de ne pas avoir \u00e0 s&#8217;arr\u00eater aux p\u00e9ages et la qualit\u00e9 des infrastructures suisses en font un \u00e9l\u00e9ment essentiel de tout voyage dans la r\u00e9gion.<\/p>\n\n<p>Que vous exploriez de pittoresques villages alpins, que vous vous rendiez dans des stations de ski de renomm\u00e9e mondiale ou que vous traversiez simplement le pays dans le cadre d&#8217;un voyage europ\u00e9en plus vaste, la vignette vous offre la tranquillit\u00e9 d&#8217;esprit et une exp\u00e9rience sans tracas.  <\/p>\n\n<p><strong>Ne risquez pas d&#8217;amendes ou de retards &#8211; obtenez votre vignette avant de voyager et profitez des routes suisses comme elles ont \u00e9t\u00e9 con\u00e7ues pour \u00eatre v\u00e9cues.<\/strong><\/p>\n\n<p><a href=\"https:\/\/vignettego.com\/\" target=\"_blank\" rel=\"noreferrer noopener\">Achetez votre vignette suisse en ligne d\u00e8s aujourd&#8217;hui<\/a><\/p>\n\n<p>Achetez votre vignette officielle suisse en ligne sur <a href=\"https:\/\/vignettego.com\/\" target=\"_blank\" rel=\"noreferrer noopener\">VignetteGo<\/a> et soyez pr\u00eat \u00e0 prendre la route en quelques minutes.<\/p>\n\n<div style=\"height:40px\" aria-hidden=\"true\" class=\"wp-block-spacer\"><\/div>\n\n<div class=\"wp-block-buttons is-content-justification-center is-layout-flex wp-container-core-buttons-is-layout-a89b3969 wp-block-buttons-is-layout-flex\">\n<div class=\"wp-block-button\"><a class=\"wp-block-button__link wp-element-button\" href=\"https:\/\/vignettego.com\/\">Essayez VignetteGO.com<\/a><\/div>\n<\/div>\n\n<div style=\"height:40px\" aria-hidden=\"true\" class=\"wp-block-spacer\"><\/div>\n\n<p><strong>TAGS :<\/strong><\/p>\n\n<p class=\"has-medium-font-size\">Vignette autorouti\u00e8re suisse, P\u00e9age autoroutier suisse, Acheter la vignette suisse en ligne, Taxe routi\u00e8re suisse 2026, Guide de la conduite en Suisse, Permis autoroutier suisse, <a href=\"https:\/\/vignettego.com\/\">Vignette num\u00e9rique suisse<\/a>, Les routes \u00e0 p\u00e9age suisses expliqu\u00e9es, Conseils pour voyager en voiture en Suisse, Voyage en voiture en Suisse, R\u00e8gles de conduite en Suisse, Co\u00fbt de la vignette suisse, O\u00f9 acheter la vignette suisse, \u00c9viter les amendes de la vignette suisse, R\u00e9seau autoroutier suisse, Vignette annuelle suisse, Permis autoroutier suisse, Voyager en voiture en Suisse<\/p>\n\n<p><\/p>\n","protected":false},"excerpt":{"rendered":"<p>La travers\u00e9e de la Suisse est l&#8217;une des exp\u00e9riences routi\u00e8res les plus \u00e9poustouflantes d&#8217;Europe. Le pays est c\u00e9l\u00e8bre pour ses routes impeccables, ses tunnels impressionnants et ses paysages alpins pittoresques qui rendent chaque voyage inoubliable. Mais avant de vous engager sur une autoroute suisse, il y a une condition essentielle que vous devez conna\u00eetre : [&hellip;]<\/p>\n","protected":false},"author":1,"featured_media":98,"parent":0,"menu_order":0,"comment_status":"closed","ping_status":"closed","template":"","meta":{"footnotes":""},"class_list":["post-177","page","type-page","status-publish","has-post-thumbnail","hentry"],"_links":{"self":[{"href":"https:\/\/vignettego.com\/highway-vignette-europe\/fr\/wp-json\/wp\/v2\/pages\/177","targetHints":{"allow":["GET"]}}],"collection":[{"href":"https:\/\/vignettego.com\/highway-vignette-europe\/fr\/wp-json\/wp\/v2\/pages"}],"about":[{"href":"https:\/\/vignettego.com\/highway-vignette-europe\/fr\/wp-json\/wp\/v2\/types\/page"}],"author":[{"embeddable":true,"href":"https:\/\/vignettego.com\/highway-vignette-europe\/fr\/wp-json\/wp\/v2\/users\/1"}],"replies":[{"embeddable":true,"href":"https:\/\/vignettego.com\/highway-vignette-europe\/fr\/wp-json\/wp\/v2\/comments?post=177"}],"version-history":[{"count":1,"href":"https:\/\/vignettego.com\/highway-vignette-europe\/fr\/wp-json\/wp\/v2\/pages\/177\/revisions"}],"predecessor-version":[{"id":179,"href":"https:\/\/vignettego.com\/highway-vignette-europe\/fr\/wp-json\/wp\/v2\/pages\/177\/revisions\/179"}],"wp:featuredmedia":[{"embeddable":true,"href":"https:\/\/vignettego.com\/highway-vignette-europe\/fr\/wp-json\/wp\/v2\/media\/98"}],"wp:attachment":[{"href":"https:\/\/vignettego.com\/highway-vignette-europe\/fr\/wp-json\/wp\/v2\/media?parent=177"}],"curies":[{"name":"wp","href":"https:\/\/api.w.org\/{rel}","templated":true}]}}