{"id":641,"date":"2026-01-04T01:39:43","date_gmt":"2026-01-04T01:39:43","guid":{"rendered":"https:\/\/vignettego.com\/highway-vignette-europe\/romania-highway-vignette-2026-taydellinen-rovinieta-opas\/"},"modified":"2026-01-04T12:40:29","modified_gmt":"2026-01-04T12:40:29","slug":"romania-highway-vignette-2026-taydellinen-rovinieta-opas","status":"publish","type":"page","link":"https:\/\/vignettego.com\/highway-vignette-europe\/fi\/romania-highway-vignette-2026-taydellinen-rovinieta-opas\/","title":{"rendered":"Romania Highway Vignette 2026: T\u00e4ydellinen Rovinieta-opas"},"content":{"rendered":"\n<script type=\"application\/ld+json\">{\n    \"@context\": \"https:\/\/schema.org\",\n    \"@graph\": [\n        {\n            \"@type\": \"Article\",\n            \"@id\": \"https:\/\/vignettego.com\/highway-vignette-europe\/romania-highway-vignette-guide\/#article\",\n            \"headline\": \"Romania Highway Vignette 2026: Complete Rovinieta Guide\",\n            \"description\": \"Everything about Romanian electronic highway vignettes (Rovinieta). Europe most affordable toll system! Learn about pricing, validity, Transylvania routes, and the famous Transf\u0103g\u0103r\u0103\u0219an road.\",\n            \"image\": \"https:\/\/vignettego.com\/highway-vignette-europe\/wp-content\/uploads\/2026\/09\/Highway-Vignette-Europe.jpg\",\n            \"datePublished\": \"2026-01-04\",\n            \"dateModified\": \"2026-01-04\",\n            \"author\": {\"@type\": \"Organization\", \"name\": \"VignetteGo\", \"url\": \"https:\/\/vignettego.com\"},\n            \"publisher\": {\"@type\": \"Organization\", \"name\": \"VignetteGo\"},\n            \"mainEntityOfPage\": {\"@type\": \"WebPage\", \"@id\": \"https:\/\/vignettego.com\/highway-vignette-europe\/romania-highway-vignette-guide\/\"},\n            \"articleSection\": \"Highway Vignettes\",\n            \"keywords\": [\"Romania vignette\", \"Rovinieta\", \"Romania highway toll\", \"Romanian motorway pass\", \"Transylvania road trip\", \"Transfagarasan\"],\n            \"inLanguage\": \"en\",\n            \"speakable\": {\"@type\": \"SpeakableSpecification\", \"cssSelector\": [\".article-intro\", \"#faq-section\"]}\n        },\n        {\n            \"@type\": \"BreadcrumbList\",\n            \"itemListElement\": [\n                {\"@type\": \"ListItem\", \"position\": 1, \"name\": \"VignetteGo\", \"item\": \"https:\/\/vignettego.com\/\"},\n                {\"@type\": \"ListItem\", \"position\": 2, \"name\": \"Highway Vignette Europe\", \"item\": \"https:\/\/vignettego.com\/highway-vignette-europe\/\"},\n                {\"@type\": \"ListItem\", \"position\": 3, \"name\": \"Romania Guide\", \"item\": \"https:\/\/vignettego.com\/highway-vignette-europe\/romania-highway-vignette-guide\/\"}\n            ]\n        },\n        {\n            \"@type\": \"FAQPage\",\n            \"mainEntity\": [\n                {\"@type\": \"Question\", \"name\": \"How much does the Romanian Rovinieta cost?\", \"acceptedAnswer\": {\"@type\": \"Answer\", \"text\": \"The Romanian Rovinieta is Europe cheapest highway vignette! A 7-day vignette costs approximately EUR 3.50, 30-day costs EUR 7, and annual costs just EUR 28.\"}},\n                {\"@type\": \"Question\", \"name\": \"Where can I buy the Romanian Rovinieta?\", \"acceptedAnswer\": {\"@type\": \"Answer\", \"text\": \"You can buy the Rovinieta online at VignetteGo or the official roviniete.ro website, or at gas stations and border crossings in Romania. Online purchase is recommended for convenience.\"}},\n                {\"@type\": \"Question\", \"name\": \"Is the Transf\u0103g\u0103r\u0103\u0219an road toll-free?\", \"acceptedAnswer\": {\"@type\": \"Answer\", \"text\": \"Yes, the Transf\u0103g\u0103r\u0103\u0219an (DN7C) is a national road, not a motorway, so no Rovinieta is needed specifically for it. However, you will likely use toll roads to reach it, so a Rovinieta is still recommended.\"}},\n                {\"@type\": \"Question\", \"name\": \"What are the fines for driving without Rovinieta?\", \"acceptedAnswer\": {\"@type\": \"Answer\", \"text\": \"Fines for driving without a valid Rovinieta range from EUR 50-200 depending on how far you traveled without one. With a 7-day vignette costing just EUR 3.50, there is no reason to risk a fine.\"}},\n                {\"@type\": \"Question\", \"name\": \"Which roads require Rovinieta in Romania?\", \"acceptedAnswer\": {\"@type\": \"Answer\", \"text\": \"The Rovinieta is required on all national roads (DN roads) and motorways (autostrada) in Romania. This includes the A1, A2, A3, A10, and all DN-numbered roads.\"}}\n            ]\n        }\n    ]\n}\n<\/script>\n\n<figure class=\"wp-block-image aligncenter size-large\"><img decoding=\"async\" src=\"https:\/\/vignettego.com\/highway-vignette-europe\/wp-content\/uploads\/2026\/09\/Highway-Vignette-Europe.jpg\" alt=\"Romania Rovinieta 2026 &#x2013; T&#xE4;ydellinen opas Romanian maantievinjettij&#xE4;rjestelm&#xE4;&#xE4;n\" style=\"width:100%; height:auto; margin-bottom:20px;\"\/><\/figure>\n\n<p class=\"article-intro\">Romania tarjoaa joitakin Euroopan upeimmista road trip -kohteista \u2013 legendaarisista Transilvanian linnoista upeille Mustanmeren rannoille, majesteettisille Karpaattivuorille ja ainutlaatuiseen Tonavan suistoon. Ja t\u00e4ss\u00e4 on parhaat uutiset: Romanialla on <strong>Euroopan edullisin moottoritievinjetti<\/strong>, nimelt\u00e4\u00e4n <strong>Rovinieta<\/strong>. Vain muutamalla eurolla viikossa Romanian tutkiminen autolla on eritt\u00e4in edullista. T\u00e4m\u00e4 kattava opas kattaa kaiken, mit\u00e4 sinun tarvitsee tiet\u00e4\u00e4 Romanian maksullisista teist\u00e4 vuonna 2026, mukaan lukien kuuluisa Transf\u0103g\u0103r\u0103\u0219an\u2014yksi maailman parhaista ajoteist\u00e4.   <\/p>\n\n<div style=\"height:25px\" aria-hidden=\"true\" class=\"wp-block-spacer\"><\/div>\n\n<div class=\"wp-block-buttons is-content-justification-center is-layout-flex wp-container-core-buttons-is-layout-a89b3969 wp-block-buttons-is-layout-flex\">\n<div class=\"wp-block-button\"><a class=\"wp-block-button__link wp-element-button\" href=\"https:\/\/vignettego.com\/\" style=\"background-color:#0066cc;color:#ffffff;padding:15px 30px;font-size:18px;border-radius:8px;\">\ud83d\ude97 Hanki romanialainen rovinieta VignetteGo:sta<\/a><\/div>\n<\/div>\n\n<div style=\"height:25px\" aria-hidden=\"true\" class=\"wp-block-spacer\"><\/div>\n\n<h2 class=\"wp-block-heading\">\ud83c\uddf7\ud83c\uddf4 Mik\u00e4 on romanialainen rovinieta?<\/h2>\n\n<p>Romania k\u00e4ytt\u00e4\u00e4 <strong>aikaperusteista s\u00e4hk\u00f6ist\u00e4 maksuj\u00e4rjestelm\u00e4\u00e4<\/strong> nimelt\u00e4 <strong>Rovinieta<\/strong> (romaniaksi &#8220;road vignette&#8221;). J\u00e4rjestelm\u00e4 on t\u00e4ysin digitaalinen \u2013 rekisterikilpesi on rekister\u00f6ity keskitettyyn tietokantaan ja vahvistettu valvontakameroilla ymp\u00e4ri maata. Fyysist\u00e4 tarraa ei tarvita; Kaikki on s\u00e4hk\u00f6ist\u00e4.  <\/p>\n\n<p>Rovinieta kattaa kaikki kansalliset tiet (DN &#8211; drum na\u021bional) ja moottoritiet (autostrad\u0103) Romaniassa. J\u00e4rjestelm\u00e4\u00e4 hallinnoi CNAIR (Compania Na\u021bional\u0103 de Administrare a Infrastructurii Rutiere), ja vinjettej\u00e4 voi ostaa verkosta, mik\u00e4 tekee siit\u00e4 eritt\u00e4in k\u00e4tev\u00e4n vierailijoille. <\/p>\n\n<h2 class=\"wp-block-heading\">\ud83d\udccb Romanian Rovinietan hinnoittelu 2026 \ud83d\udcb0 HALVIN EUROOPASSA!<\/h2>\n\n<p>Romania tarjoaa edullisimmat <strong>maantievinjetin hinnat koko Euroopassa<\/strong>. T\u00e4ss\u00e4 syy, miksi Romanian tulisi olla jokaisen budjettimatkailijan listan k\u00e4rjess\u00e4: <\/p>\n\n<figure class=\"wp-block-table\"><table><thead><tr><th>Voimassaoloaika<\/th><th>Autot (enint\u00e4\u00e4n 3,5 tonnia)<\/th><th>Moottoripy\u00f6r\u00e4t<\/th><\/tr><\/thead><tbody><tr><td><strong>7 p\u00e4iv\u00e4\u00e4<\/strong><\/td><td>~EUR 3,50<\/td><td>~EUR 1,80<\/td><\/tr><tr><td><strong>30 p\u00e4iv\u00e4\u00e4<\/strong><\/td><td>~EUR 7.00<\/td><td>~EUR 3,50<\/td><\/tr><tr><td><strong>90 p\u00e4iv\u00e4\u00e4<\/strong><\/td><td>~EUR 13.00<\/td><td>~EUR 6,50<\/td><\/tr><tr><td><strong>Vuosittainen<\/strong><\/td><td>~EUR 28,00<\/td><td>~EUR 14,00<\/td><\/tr><\/tbody><\/table><\/figure>\n\n<p><strong>Kyll\u00e4, luit oikein!<\/strong>  Viikko rajatonta ajoa kaikilla Romanian kansallisilla teill\u00e4 ja moottoriteill\u00e4 vain 3,50 eurolla. Vertaa t\u00e4t\u00e4 Sveitsiin (40 euroa vuosittaisesta vinjetist\u00e4, ei lyhyempi\u00e4 vaihtoehtoja) tai It\u00e4valtaan (11,50 euroa 10 p\u00e4iv\u00e4lt\u00e4), niin ymm\u00e4rr\u00e4t, miksi Romania on road tripin unelma. <\/p>\n\n<div style=\"height:25px\" aria-hidden=\"true\" class=\"wp-block-spacer\"><\/div>\n\n<div class=\"wp-block-buttons is-content-justification-center is-layout-flex wp-container-core-buttons-is-layout-a89b3969 wp-block-buttons-is-layout-flex\">\n<div class=\"wp-block-button\"><a class=\"wp-block-button__link wp-element-button\" href=\"https:\/\/vignettego.com\/\" style=\"background-color:#28a745;color:#ffffff;padding:15px 30px;font-size:18px;border-radius:8px;\">\u2705 Saat eurooppalaiset vinjettisi \u2013 kaikki maat \u2013 VignetteGo:sta<\/a><\/div>\n<\/div>\n\n<div style=\"height:25px\" aria-hidden=\"true\" class=\"wp-block-spacer\"><\/div>\n\n<h2 class=\"wp-block-heading\">\ud83d\udee3\ufe0f Romanian tieverkosto<\/h2>\n\n<p>Romania on laajentanut moottoritieverkostoaan nopeasti, vaikka suurta osaa maasta palvelevat edelleen kansalliset tiet (DN-tiet). T\u00e4ss\u00e4 ovat p\u00e4\u00e4reitit: <\/p>\n\n<h3 class=\"wp-block-heading\">A1 \u2013 Bukarestista Pite\u0219tiin ja sen j\u00e4lkeen<\/h3>\n\n<p>Vanhin Romanian moottoritie, joka yhdist\u00e4\u00e4 <strong>Bukarestin Pite\u0219tiin<\/strong> (noin 110 km). Laajennukset Sibiun suuntaan ovat k\u00e4ynniss\u00e4. T\u00e4m\u00e4 on p\u00e4\u00e4reitti Transilvaniaan Bukarestista, yhdist\u00e4en DN7:\u00e4\u00e4n ja DN1:een jatkomatkoja varten.  <\/p>\n\n<h3 class=\"wp-block-heading\">A2 \u2013 Bukarestista Constan\u021baan (Sun-moottoritie)<\/h3>\n\n<p><strong>Autostrada Soarelui<\/strong> (Aurinkotie) yhdist\u00e4\u00e4 <strong>Bukarestin Constan\u021baan<\/strong> ja Mustanmeren rannikolle. Noin 200 km. T\u00e4m\u00e4 on p\u00e4\u00e4reitti rantalomille Mamaiaan, Constan\u021baan, Vama Vecheen ja muihin rannikkokohteisiin.  <\/p>\n\n<h3 class=\"wp-block-heading\">A3 \u2013 Transilvanian moottoritie (rakenteilla)<\/h3>\n\n<p>Valmistuttuaan se yhdist\u00e4\u00e4 Bukarestin Bra\u0219oviin ja jatkaa Transilvanian kautta Unkarin rajalle. T\u00e4ll\u00e4 hetkell\u00e4 useita osuuksia on avoinna, mukaan lukien Turdan ja Cluj-Napocan ymp\u00e4rist\u00f6ss\u00e4. <\/p>\n\n<h3 class=\"wp-block-heading\">A10 \u2013 Sebe\u0219\u2013Turda<\/h3>\n\n<p>Osa tulevaa Transilvanian k\u00e4yt\u00e4v\u00e4\u00e4, joka yhdist\u00e4\u00e4 keskeiset kaupungit Keski-Romaniassa.<\/p>\n\n<h3 class=\"wp-block-heading\">DN1 \u2013 Klassinen Transilvanian reitti<\/h3>\n\n<p>Legendaarinen <strong>DN1 (E60)<\/strong> yhdist\u00e4\u00e4 Bukarestin Bra\u0219oviin, jatkaen Transilvanian syd\u00e4men kautta Sibiuun, Alba Iuliaan, Cluj-Napocaan ja edelleen Unkariin. T\u00e4m\u00e4 historiallinen reitti kulkee upeiden vuoristomaisemien ja keskiaikaisten kaupunkien l\u00e4pi. <\/p>\n\n<h2 class=\"wp-block-heading\">\ud83c\udfd4\ufe0f Transf\u0103g\u0103r\u0103\u0219an \u2013 maailman paras ajotie<\/h2>\n\n<p><strong>Transf\u0103g\u0103r\u0103\u0219an-moottoritiet\u00e4 (DN7C)<\/strong> on Top Gearin toimesta kutsuttu &#8220;maailman parhaaksi tieksi&#8221;. T\u00e4m\u00e4 upea vuoristotie ylitt\u00e4\u00e4 F\u0103g\u0103ra\u0219-vuoret 2 042 metrin korkeudessa, tarjoten dramaattisia hiusneulamutkia, tunneleita ja henke\u00e4salpaavia n\u00e4kymi\u00e4. <\/p>\n\n<p><strong>Keskeiset tiedot:<\/strong><\/p>\n\n<ul class=\"wp-block-list\">\n<li><strong>Pituus:<\/strong> Noin 90 km vuoristotiet\u00e4<\/li>\n<li><strong>Avaa:<\/strong> Yleens\u00e4 kes\u00e4kuun lopusta lokakuun loppuun (s\u00e4\u00e4st\u00e4 riippuen)<\/li>\n<li><strong>Reitti:<\/strong> Yhdist\u00e4\u00e4 Curtea de Arge\u0219in Sibiuun F\u0103g\u0103ra\u0219-vuorten kautta<\/li>\n<li><strong>Kohokohdat:<\/strong> B\u00e2lea-j\u00e4rvi (j\u00e4\u00e4tikk\u00f6j\u00e4rvi huipulla), B\u00e2lea-vesiputous, upea alppimaisema<\/li>\n<li><strong>Maksu:<\/strong> Transf\u0103g\u0103r\u0103\u0219an itsess\u00e4\u00e4n on kansallinen tie (DN), joten Rovinietan j\u00e4lkeen ei ole lis\u00e4maksuja<\/li>\n<\/ul>\n\n<p><strong>Vinkki:<\/strong> Tie on eritt\u00e4in suosittu kes\u00e4isin. Aloita aikaisin aamulla v\u00e4ltt\u00e4\u00e4ksesi v\u00e4kijoukot ja nauttiaksesi parhaasta valokuvausvalosta. <\/p>\n\n<div style=\"height:25px\" aria-hidden=\"true\" class=\"wp-block-spacer\"><\/div>\n\n<div class=\"wp-block-buttons is-content-justification-center is-layout-flex wp-container-core-buttons-is-layout-a89b3969 wp-block-buttons-is-layout-flex\">\n<div class=\"wp-block-button\"><a class=\"wp-block-button__link wp-element-button\" href=\"https:\/\/vignettego.com\/\" style=\"background-color:#ff6600;color:#ffffff;padding:15px 30px;font-size:18px;border-radius:8px;\">\ud83d\uded2 Osta romanialainen rovinieta nyt \u2013 vain 3,50 euroa 7 p\u00e4iv\u00e4n ajalta!<\/a><\/div>\n<\/div>\n\n<div style=\"height:25px\" aria-hidden=\"true\" class=\"wp-block-spacer\"><\/div>\n\n<h2 class=\"wp-block-heading\">\ud83d\udcbb Kuinka ostaa romanialaista rovinietaa<\/h2>\n\n<p>Romanialaisen Rovinietan ostaminen on helppoa:<\/p>\n\n<h3 class=\"wp-block-heading\">Vaihtoehto 1: Verkossa VignetteGon kautta (Suositeltava)<\/h3>\n\n<ol class=\"wp-block-list\">\n<li>Vieraile <a href=\"https:\/\/vignettego.com\/\" title=\"Osta romanialainen rovinieta verkosta\">VignetteGo.com<\/a><\/li>\n<li>Valitse Romania ja haluamasi voimassaoloaika<\/li>\n<li>Sy\u00f6t\u00e4 ajoneuvosi rekisteritiedot (rekisterikilpi)<\/li>\n<li>T\u00e4ydellinen turvallinen maksu<\/li>\n<li>Saat v\u00e4litt\u00f6m\u00e4n vahvistuksen\u2014voimassa heti!<\/li>\n<\/ol>\n\n<h3 class=\"wp-block-heading\">Vaihtoehto 2: Virallinen roviniete.ro verkkosivusto<\/h3>\n\n<p>Romanian virallinen tieviranomaisen verkkosivusto tarjoaa suoran ostamisen romaniaksi ja englanniksi.<\/p>\n\n<h3 class=\"wp-block-heading\">Vaihtoehto 3: Fyysiset myyntipisteet<\/h3>\n\n<p>Rovinietaa voi ostaa rajanylityspaikoilta, huoltoasemilta (Petrom, OMV, Mol, Rompetrol) ja Romanian posteista.<\/p>\n\n<h2 class=\"wp-block-heading\">\u26a0\ufe0f Sakot ajamisesta ilman Rovinietaa<\/h2>\n\n<p>Vaikka hinta on uskomattoman alhainen, jotkut matkailijat yritt\u00e4v\u00e4t v\u00e4ltt\u00e4\u00e4 Rovinietan ostamista. T\u00e4m\u00e4 on virhe \u2013 sakkoja valvotaan: <\/p>\n\n<ul class=\"wp-block-list\">\n<li><strong>Tavallinen sakko:<\/strong> 50\u2013200 euroa riippuen matkasta<\/li>\n<li><strong>Valvonta:<\/strong> Automaattiset kameraj\u00e4rjestelm\u00e4t ymp\u00e4ri maata<\/li>\n<\/ul>\n\n<p><strong>Kun viikkolippu maksaa 3,50 euroa verrattuna mahdolliseen 200 euron sakkoon, valinta on selv\u00e4!<\/strong><\/p>\n\n<h2 class=\"wp-block-heading\">\ud83d\uddfa\ufe0f Suositut romanialaiset road trip -reitit<\/h2>\n\n<h3 class=\"wp-block-heading\">Bukarestista Bra\u0219oviin (Portti Transilvaniaan)<\/h3>\n\n<p><strong>Et\u00e4isyys:<\/strong> ~170 km | <strong>Kesto:<\/strong> 2,5\u20133 tuntia | <strong>Reitti:<\/strong> DN1 tai A3 (jos saatavilla)<\/p>\n\n<p>Klassinen reitti Transilvaniaan. Bra\u0219ov on upea keskiaikainen kaupunki, jota ymp\u00e4r\u00f6iv\u00e4t vuoret, t\u00e4ydellinen tukikohta linnojen (Bran, Pele\u0219) ja Karpaattien tutkimiselle. <\/p>\n\n<h3 class=\"wp-block-heading\">Bukarestista Konstan\u021baan (Mustameri)<\/h3>\n\n<p><strong>Et\u00e4isyys:<\/strong> ~225 km | <strong>Kesto:<\/strong> 2,5 tuntia | <strong>Reitti:<\/strong> A2 (Sun-moottoritie)<\/p>\n\n<p>Suuntaa Mustanmeren rannikolle Romanian uusinta moottoritiet\u00e4 pitkin. Constan\u021ba on muinainen satamakaupunki; l\u00e4heinen Mamaia on maaseudun huippurantaresortti. <\/p>\n\n<h3 class=\"wp-block-heading\">Transylvania Castle -rata<\/h3>\n\n<p><strong>Reitti:<\/strong> Bra\u0219ov \u2192 Branin linna \u2192 R\u00e2\u0219nov \u2192 Pele\u0219in linna (Sinaia) \u2192 takaisin Bra\u0219oviin<\/p>\n\n<p>Vieraile Draculan kuuluisassa linnassa (Bran), upeassa Pele\u0219in linnassa ja keskiaikaisessa R\u00e2\u0219novin linnoituksessa \u2013 kaikki yhdell\u00e4 p\u00e4iv\u00e4retkell\u00e4 Bra\u0219ovista.<\/p>\n\n<h3 class=\"wp-block-heading\">Koko Transilvanian kierros<\/h3>\n\n<p><strong>Reitti:<\/strong> Bukarest \u2192 Bra\u0219ov \u2192 Sighi\u0219oara \u2192 Sibiu \u2192 Transf\u0103g\u0103r\u0103\u0219an \u2192 Bukarest<\/p>\n\n<p>5\u20137 p\u00e4iv\u00e4n kierros, joka kattaa Transilvanian parhaat puolet: keskiaikaiset kaupungit, vuoristomaisemat ja legendaarisen Transf\u0103g\u0103r\u0103\u0219an-tien.<\/p>\n\n<div style=\"height:25px\" aria-hidden=\"true\" class=\"wp-block-spacer\"><\/div>\n\n<div class=\"wp-block-buttons is-content-justification-center is-layout-flex wp-container-core-buttons-is-layout-a89b3969 wp-block-buttons-is-layout-flex\">\n<div class=\"wp-block-button\"><a class=\"wp-block-button__link wp-element-button\" href=\"https:\/\/vignettego.com\/\" style=\"background-color:#9c27b0;color:#ffffff;padding:15px 30px;font-size:18px;border-radius:8px;\">\ud83c\udf0d Suunnittele romanialainen seikkailusi VignetteGo:n avulla<\/a><\/div>\n<\/div>\n\n<div style=\"height:25px\" aria-hidden=\"true\" class=\"wp-block-spacer\"><\/div>\n\n<h2 class=\"wp-block-heading\">\ud83d\udca1 Romanian ajovinkkej\u00e4 vuodelle 2026<\/h2>\n\n<h3 class=\"wp-block-heading\">Valuutta<\/h3>\n\n<p>Romania k\u00e4ytt\u00e4\u00e4 <strong>romanialaista Leu&#8217;ta (RON),<\/strong> mutta <strong>euro on laajasti hyv\u00e4ksytty<\/strong> huoltoasemilla, hotelleissa ja turistialueilla. Luottokortteja hyv\u00e4ksyt\u00e4\u00e4n l\u00e4hes kaikkialla kaupungeissa. Valuuttakurssi: noin 1 EUR = 5 RON.  <\/p>\n\n<h3 class=\"wp-block-heading\">Nopeusrajoitukset<\/h3>\n\n<ul class=\"wp-block-list\">\n<li><strong>Moottoritiet:<\/strong> 130 km\/h<\/li>\n<li><strong>Kansalliset tiet (kaupunkien ulkopuolella):<\/strong> 90\u2013100 km\/h<\/li>\n<li><strong>Kaupunkialueet:<\/strong> 50 km\/h<\/li>\n<\/ul>\n\n<h3 class=\"wp-block-heading\">Tieolosuhteet<\/h3>\n\n<p>Moottoritiet ovat erinomaisia. Kansalliset tiet vaihtelevat hyvist\u00e4 karuihin, erityisesti maaseutualueilla. Vuoristotiet voivat olla haastavia \u2013 aja varovasti ja kunnioita s\u00e4\u00e4olosuhteita.  <\/p>\n\n<h3 class=\"wp-block-heading\">Polttoaine<\/h3>\n\n<p>Polttoaine on halvempi kuin L\u00e4nsi-Euroopassa. Merkitt\u00e4vi\u00e4 ketjuja ovat Petrom, OMV, Mol, Rompetrol ja Lukoil. <\/p>\n\n<h2 class=\"wp-block-heading\" id=\"faq-section\">\u2753 Usein kysytyt kysymykset<\/h2>\n\n<h3 class=\"wp-block-heading\">Onko romanialainen Rovinieta todella niin halpa?<\/h3>\n\n<p>Kyll\u00e4! Noin 3,50 euroa seitsem\u00e4lt\u00e4 p\u00e4iv\u00e4lt\u00e4 Romanialla on Euroopan halvimmat tiemaksut. Jopa vuosittainen vinjetti (28 euroa) maksaa v\u00e4hemm\u00e4n kuin monien maiden lyhytaikaiset optiot.  <\/p>\n\n<h3 class=\"wp-block-heading\">Milloin voin ajaa Transf\u0103g\u0103r\u0103\u0219anilla?<\/h3>\n\n<p>Tyypillisesti kes\u00e4kuun lopusta lokakuun loppuun, s\u00e4\u00e4st\u00e4 riippuen. Korkea osuus (yli 1 800 m) on talvella suljettu lumen vuoksi. Tarkista nykytilanne ennen suunnittelua.  <\/p>\n\n<h3 class=\"wp-block-heading\">Voinko k\u00e4ytt\u00e4\u00e4 romanialaista vinjetti\u00e4 Moldovassa?<\/h3>\n\n<p>Ei, tarvitset erillisen <a href=\"https:\/\/vignettego.com\/highway-vignette-europe\/fi\/moldova-road-vignette-2026-taydellinen-vinieta-opas\/\">moldovalaisen vinietan<\/a> Moldovalle. Osta molemmat <a href=\"https:\/\/vignettego.com\/\" title=\"Eurooppalaiset vinjetit\">VignetteGosta<\/a>. <\/p>\n\n<div style=\"height:25px\" aria-hidden=\"true\" class=\"wp-block-spacer\"><\/div>\n\n<div class=\"wp-block-buttons is-content-justification-center is-layout-flex wp-container-core-buttons-is-layout-a89b3969 wp-block-buttons-is-layout-flex\">\n<div class=\"wp-block-button\"><a class=\"wp-block-button__link wp-element-button\" href=\"https:\/\/vignettego.com\/\" style=\"background-color:#e91e63;color:#ffffff;padding:15px 30px;font-size:18px;border-radius:8px;\">\ud83d\ude97 Hanki eurooppalaiset moottoritiekohtauksesi osoitteessa VignetteGo \u2192<\/a><\/div>\n<\/div>\n\n<div style=\"height:25px\" aria-hidden=\"true\" class=\"wp-block-spacer\"><\/div>\n\n<h2 class=\"wp-block-heading\">\ud83c\udff0 Miksi vierailla Romaniassa?<\/h2>\n\n<ul class=\"wp-block-list\">\n<li><strong>Transilvania:<\/strong> Keskiaikaiset kaupungit, linnat ja vuoristomaisemat<\/li>\n<li><strong>Transf\u0103g\u0103r\u0103\u0219an:<\/strong> Yksi maailman parhaista ajoteist\u00e4<\/li>\n<li><strong>Mustanmeren rannikko:<\/strong> Kauniit rannat ja muinaiset kaupungit<\/li>\n<li><strong>Tonavan suisto:<\/strong> UNESCO:n biosf\u00e4\u00e4rialue, upea lintubongaus<\/li>\n<li><strong>Edullista:<\/strong> Erinomainen arvo majoitukselle, ruoalle ja matkustamiselle<\/li>\n<li><strong>Rikas kulttuuri:<\/strong> Kiehtova sekoitus latinalaisia, slaavilaisia ja ottomaanilaisia vaikutteita<\/li>\n<\/ul>\n\n<h2 class=\"wp-block-heading\">\ud83d\udccd Yhteenveto<\/h2>\n\n<p>Romania tarjoaa uskomatonta automatkan hintaa \u2013 Euroopan halvimmista tiemaksuista upeisiin maisemiin ja rikkaaseen kulttuuriin. Olitpa sitten jahtaamassa Dracula-legendoja Transilvaniassa, valloittamassa Transf\u0103g\u0103r\u0103\u0219ania tai rentoutumassa Mustanmeren rannoilla, Romania tarjoaa unohtumattomia kokemuksia. <\/p>\n\n<p>Hanki Rovinietasi <a href=\"https:\/\/vignettego.com\/\" title=\"VignetteGo &#x2013; Euroopan moottoritiekohtaukset\">VignetteGosta<\/a>\u2014se vie minuutteja ja maksaa v\u00e4hemm\u00e4n kuin kahvi!<\/p>\n\n<p><strong>Nauti Romaniasta! \ud83c\uddf7\ud83c\uddf4\ud83c\udfd4\ufe0f <\/strong><\/p>\n\n<p><strong>Aiheeseen liittyv\u00e4t oppaat:<\/strong> <a href=\"https:\/\/vignettego.com\/highway-vignette-europe\/fi\/unkarin-moottoritievinjetti-2026-taydellinen-e-matrica-opas\/\">Unkarin E-Matrica<\/a> | <a href=\"https:\/\/vignettego.com\/highway-vignette-europe\/fi\/bulgaria-highway-vignette-2026-taydellinen-e-vignette-opas\/\">Bulgaria E-Vignette<\/a> | <a href=\"https:\/\/vignettego.com\/highway-vignette-europe\/fi\/moldova-road-vignette-2026-taydellinen-vinieta-opas\/\">Moldova Vinieta<\/a> | <a href=\"https:\/\/vignettego.com\/\">Kaikki eurooppalaiset vinjetit<\/a><\/p>\n","protected":false},"excerpt":{"rendered":"<p>Romania tarjoaa joitakin Euroopan upeimmista road trip -kohteista \u2013 legendaarisista Transilvanian linnoista upeille Mustanmeren rannoille, majesteettisille Karpaattivuorille ja ainutlaatuiseen Tonavan suistoon. Ja t\u00e4ss\u00e4 on parhaat uutiset: Romanialla on Euroopan edullisin moottoritievinjetti, nimelt\u00e4\u00e4n Rovinieta. Vain muutamalla eurolla viikossa Romanian tutkiminen autolla on eritt\u00e4in edullista. T\u00e4m\u00e4 kattava opas kattaa kaiken, mit\u00e4 sinun tarvitsee tiet\u00e4\u00e4 Romanian maksullisista teist\u00e4 [&hellip;]<\/p>\n","protected":false},"author":0,"featured_media":0,"parent":0,"menu_order":0,"comment_status":"closed","ping_status":"closed","template":"","meta":{"footnotes":""},"class_list":["post-641","page","type-page","status-publish","hentry"],"_links":{"self":[{"href":"https:\/\/vignettego.com\/highway-vignette-europe\/fi\/wp-json\/wp\/v2\/pages\/641","targetHints":{"allow":["GET"]}}],"collection":[{"href":"https:\/\/vignettego.com\/highway-vignette-europe\/fi\/wp-json\/wp\/v2\/pages"}],"about":[{"href":"https:\/\/vignettego.com\/highway-vignette-europe\/fi\/wp-json\/wp\/v2\/types\/page"}],"replies":[{"embeddable":true,"href":"https:\/\/vignettego.com\/highway-vignette-europe\/fi\/wp-json\/wp\/v2\/comments?post=641"}],"version-history":[{"count":4,"href":"https:\/\/vignettego.com\/highway-vignette-europe\/fi\/wp-json\/wp\/v2\/pages\/641\/revisions"}],"predecessor-version":[{"id":1273,"href":"https:\/\/vignettego.com\/highway-vignette-europe\/fi\/wp-json\/wp\/v2\/pages\/641\/revisions\/1273"}],"wp:attachment":[{"href":"https:\/\/vignettego.com\/highway-vignette-europe\/fi\/wp-json\/wp\/v2\/media?parent=641"}],"curies":[{"name":"wp","href":"https:\/\/api.w.org\/{rel}","templated":true}]}}