{"id":620,"date":"2026-01-04T01:38:57","date_gmt":"2026-01-04T01:38:57","guid":{"rendered":"https:\/\/vignettego.com\/highway-vignette-europe\/kroatian-moottoritievintti-2026-taydellinen-enc-ja-digitaalinen-tietulliopas\/"},"modified":"2026-01-04T12:40:47","modified_gmt":"2026-01-04T12:40:47","slug":"kroatian-moottoritievintti-2026-taydellinen-enc-ja-digitaalinen-tietulliopas","status":"publish","type":"page","link":"https:\/\/vignettego.com\/highway-vignette-europe\/fi\/kroatian-moottoritievintti-2026-taydellinen-enc-ja-digitaalinen-tietulliopas\/","title":{"rendered":"Kroatian moottoritievintti 2026: T\u00e4ydellinen ENC- ja digitaalinen tietulliopas"},"content":{"rendered":"\n<script type=\"application\/ld+json\">{\n    \"@context\": \"https:\/\/schema.org\",\n    \"@graph\": [\n        {\n            \"@type\": \"Article\",\n            \"@id\": \"https:\/\/vignettego.com\/highway-vignette-europe\/croatia-highway-vignette-guide\/#article\",\n            \"headline\": \"Croatia Highway Vignette 2026: Complete ENC & Digital Toll Guide\",\n            \"description\": \"Everything about Croatian highway tolls, ENC electronic system, and digital vignette options. Learn about toll prices, the stunning A1 coastal motorway, and how to reach Dubrovnik, Split, and other destinations.\",\n            \"image\": \"https:\/\/vignettego.com\/highway-vignette-europe\/wp-content\/uploads\/2026\/09\/Highway-Vignette-Europe.jpg\",\n            \"datePublished\": \"2026-01-04\",\n            \"dateModified\": \"2026-01-04\",\n            \"author\": {\"@type\": \"Organization\", \"name\": \"VignetteGo\", \"url\": \"https:\/\/vignettego.com\"},\n            \"publisher\": {\"@type\": \"Organization\", \"name\": \"VignetteGo\"},\n            \"mainEntityOfPage\": {\"@type\": \"WebPage\", \"@id\": \"https:\/\/vignettego.com\/highway-vignette-europe\/croatia-highway-vignette-guide\/\"},\n            \"articleSection\": \"Highway Vignettes\",\n            \"keywords\": [\"Croatia toll\", \"Croatia highway\", \"ENC Croatia\", \"Croatian motorway\", \"A1 Croatia\", \"Dubrovnik road trip\", \"Split highway\"],\n            \"inLanguage\": \"en\",\n            \"speakable\": {\"@type\": \"SpeakableSpecification\", \"cssSelector\": [\".article-intro\", \"#faq-section\"]}\n        },\n        {\n            \"@type\": \"BreadcrumbList\",\n            \"itemListElement\": [\n                {\"@type\": \"ListItem\", \"position\": 1, \"name\": \"VignetteGo\", \"item\": \"https:\/\/vignettego.com\/\"},\n                {\"@type\": \"ListItem\", \"position\": 2, \"name\": \"Highway Vignette Europe\", \"item\": \"https:\/\/vignettego.com\/highway-vignette-europe\/\"},\n                {\"@type\": \"ListItem\", \"position\": 3, \"name\": \"Croatia Guide\", \"item\": \"https:\/\/vignettego.com\/highway-vignette-europe\/croatia-highway-vignette-guide\/\"}\n            ]\n        },\n        {\n            \"@type\": \"FAQPage\",\n            \"mainEntity\": [\n                {\"@type\": \"Question\", \"name\": \"Does Croatia use vignettes or toll booths?\", \"acceptedAnswer\": {\"@type\": \"Answer\", \"text\": \"Croatia traditionally uses a distance-based toll system with toll booths, but now also offers digital vignette options (E-Vinjeta) for certain sections. Many visitors use a combination of both or the ENC electronic device.\"}},\n                {\"@type\": \"Question\", \"name\": \"How much does the Croatian motorway toll cost?\", \"acceptedAnswer\": {\"@type\": \"Answer\", \"text\": \"Croatian tolls are distance-based. Zagreb to Split costs approximately EUR 25, Zagreb to Rijeka about EUR 8, and Split to Dubrovnik around EUR 12. The A1 motorway to the coast is the main toll route.\"}},\n                {\"@type\": \"Question\", \"name\": \"What is the ENC system in Croatia?\", \"acceptedAnswer\": {\"@type\": \"Answer\", \"text\": \"ENC (Elektroni\u010dka Naplata Cestarine) is Croatia electronic toll collection device. It provides faster passage through dedicated ENC lanes and often offers discounts. Available at toll plazas and service areas.\"}},\n                {\"@type\": \"Question\", \"name\": \"Can I pay Croatian tolls with credit card?\", \"acceptedAnswer\": {\"@type\": \"Answer\", \"text\": \"Yes, credit and debit cards are accepted at Croatian toll booths. Cash payment in EUR is also widely accepted since Croatia adopted the Euro in January 2023.\"}},\n                {\"@type\": \"Question\", \"name\": \"Is there a digital vignette for Croatia?\", \"acceptedAnswer\": {\"@type\": \"Answer\", \"text\": \"Yes, Croatia now offers E-Vinjeta (electronic vignettes) for certain motorway sections, providing an alternative to traditional toll booth payment. These can be purchased online.\"}}\n            ]\n        }\n    ]\n}\n<\/script>\n\n<figure class=\"wp-block-image aligncenter size-large\"><img decoding=\"async\" src=\"https:\/\/vignettego.com\/highway-vignette-europe\/wp-content\/uploads\/2026\/09\/Highway-Vignette-Europe.jpg\" alt=\"Kroatian moottoritiemaksu 2026 &#x2013; T&#xE4;ydellinen opas Kroatian moottoritiemaksuj&#xE4;rjestelm&#xE4;&#xE4;n\" style=\"width:100%; height:auto; margin-bottom:20px;\"\/><\/figure>\n\n<p class=\"article-intro\">Kroatia on yksi Euroopan suosituimmista kes\u00e4kohteista, kuuluisa upeasta Adrianmeren rannikostaan, kristallinkirkkaista vesist\u00e4\u00e4n, historiallisista kaupungeistaan kuten Dubrovnik ja Split sek\u00e4 kauniista saaristaan. Ajaminen Kroatiaan avaa uskomattomia mahdollisuuksia \u2013 Dubrovnikin muinaisista muureista Zr\u0107en juhlarannoille, Plitvicen j\u00e4rvien vesiputouksille ja vieh\u00e4tt\u00e4v\u00e4\u00e4n Istriaan. T\u00e4m\u00e4 opas selitt\u00e4\u00e4 kaiken Kroatian tiemaksuj\u00e4rjestelm\u00e4st\u00e4 vuonna 2026, mukaan lukien <strong>ENC-s\u00e4hk\u00f6j\u00e4rjestelm\u00e4n<\/strong>, <strong>digitaaliset vinjetit<\/strong> ja k\u00e4yt\u00e4nn\u00f6n vinkit Kroatian road tripillesi.  <\/p>\n\n<div style=\"height:25px\" aria-hidden=\"true\" class=\"wp-block-spacer\"><\/div>\n\n<div class=\"wp-block-buttons is-content-justification-center is-layout-flex wp-container-core-buttons-is-layout-a89b3969 wp-block-buttons-is-layout-flex\">\n<div class=\"wp-block-button\"><a class=\"wp-block-button__link wp-element-button\" href=\"https:\/\/vignettego.com\/\" style=\"background-color:#0066cc;color:#ffffff;padding:15px 30px;font-size:18px;border-radius:8px;\">\ud83d\ude97 Hanki kroatialainen digitaalinen vinjettisi VignetteGo:sta<\/a><\/div>\n<\/div>\n\n<div style=\"height:25px\" aria-hidden=\"true\" class=\"wp-block-spacer\"><\/div>\n\n<h2 class=\"wp-block-heading\">\ud83c\udded\ud83c\uddf7 Kroatian tietullij\u00e4rjestelm\u00e4n selitys<\/h2>\n\n<p>Toisin kuin useimmat Keski-Euroopan maat, jotka k\u00e4ytt\u00e4v\u00e4t aikaperusteisia vinjettej\u00e4, Kroatia on perinteisesti k\u00e4ytt\u00e4nyt <strong>et\u00e4isyyspohjaista maksuj\u00e4rjestelm\u00e4\u00e4<\/strong> , jossa on fyysisi\u00e4 maksupisteit\u00e4. Otat lipun moottoritielle tullessa ja maksat sen mukaan, kuinka pitk\u00e4 matka on kuljettu poistuessasi. Kuitenkin Kroatia tarjoaa nyt <strong>my\u00f6s digitaalisia vinjettivaihtoehtoja (E-Vinjeta<\/strong> ) tietyille moottoritieosuuksille, mik\u00e4 tarjoaa matkustajille enemm\u00e4n joustavuutta.  <\/p>\n\n<p>Kroatian moottoritieverkostoa hallinnoivat <strong>HAC (Hrvatske Autoceste)<\/strong> ja <strong>AZM (Autocesta Zagreb-Macelj).<\/strong> Tammikuusta 2023 l\u00e4htien Kroatia on ottanut valuutakseen <strong>euron (EUR<\/strong> ), mik\u00e4 helpottaa maksuja EU-vierailijoille. <\/p>\n\n<h2 class=\"wp-block-heading\">\ud83d\udccb Kroatian maksuvaihtoehdot<\/h2>\n\n<h3 class=\"wp-block-heading\">Vaihtoehto 1: Perinteiset maksupisteet (yleisin)<\/h3>\n\n<p>Ota lippu sis\u00e4\u00e4nk\u00e4ynnill\u00e4, maksa ulosk\u00e4ynnill\u00e4. Maksu hyv\u00e4ksytty: <\/p>\n\n<ul class=\"wp-block-list\">\n<li><strong>K\u00e4teinen:<\/strong> EUR (ei en\u00e4\u00e4 tarvita kroatialaista kunaa)<\/li>\n<li><strong>Luotto-\/pankkikortit:<\/strong> Visa ja Mastercard ovat laajasti hyv\u00e4ksyttyj\u00e4<\/li>\n<li><strong>ENC-laite:<\/strong> S\u00e4hk\u00f6inen maksu (ks. alla)<\/li>\n<\/ul>\n\n<h3 class=\"wp-block-heading\">Vaihtoehto 2: ENC-elektroninen laite<\/h3>\n\n<p><strong>ENC (Elektroni\u010dka Naplata Cestarine)<\/strong> on Kroatian s\u00e4hk\u00f6inen tietullij\u00e4rjestelm\u00e4. Hy\u00f6dyt: <\/p>\n\n<ul class=\"wp-block-list\">\n<li>Nopeampi kulku omistettujen ENC-kaistojen l\u00e4pi<\/li>\n<li>Mahdollisia alennuksia tietullimaksuista<\/li>\n<li>Ei tarvitse pys\u00e4hty\u00e4 tullipisteill\u00e4<\/li>\n<li>Saatavilla tietullipisteilt\u00e4 ja palvelualueilta<\/li>\n<\/ul>\n\n<p>ENC-laite maksaa pienen k\u00e4sirahan ja sen voi t\u00e4ydent\u00e4\u00e4 luotolla. Usein vierailijoille se on eritt\u00e4in suositeltavaa. <\/p>\n\n<h3 class=\"wp-block-heading\">Vaihtoehto 3: Digitaalinen vinjetti (E-Vinjeta)<\/h3>\n\n<p>Kroatia tarjoaa nyt <strong>E-Vinjetan<\/strong> (elektronisia vinjettej\u00e4) tietyille moottoritieosuuksille, jolloin voit ohittaa tullipisteet kokonaan. Saatavilla <a href=\"https:\/\/vignettego.com\/\" title=\"Kroatialainen digitaalinen vinjetti\">VignetteGo<\/a>:ssa. <\/p>\n\n<div style=\"height:25px\" aria-hidden=\"true\" class=\"wp-block-spacer\"><\/div>\n\n<div class=\"wp-block-buttons is-content-justification-center is-layout-flex wp-container-core-buttons-is-layout-a89b3969 wp-block-buttons-is-layout-flex\">\n<div class=\"wp-block-button\"><a class=\"wp-block-button__link wp-element-button\" href=\"https:\/\/vignettego.com\/\" style=\"background-color:#28a745;color:#ffffff;padding:15px 30px;font-size:18px;border-radius:8px;\">\u2705 Saat eurooppalaiset vinjetit \u2013 kaikki maat \u2013 VignetteGo:sta<\/a><\/div>\n<\/div>\n\n<div style=\"height:25px\" aria-hidden=\"true\" class=\"wp-block-spacer\"><\/div>\n\n<h2 class=\"wp-block-heading\">\ud83d\udcb0 Kroatian moottoritien tiemaksut 2026<\/h2>\n\n<p>Kroatian tullimaksut perustuvat et\u00e4isyyteen, joten hinta riippuu reitist\u00e4si. T\u00e4ss\u00e4 ovat likim\u00e4\u00e4r\u00e4iset hinnat yleisille reiteille (Kategoria I &#8211; tavalliset autot): <\/p>\n\n<figure class=\"wp-block-table\"><table><thead><tr><th>Reitti<\/th><th>Et\u00e4isyys<\/th><th>Noin tietullimaksu <\/th><\/tr><\/thead><tbody><tr><td><strong>Zagreb \u2013 Split<\/strong><\/td><td>~400 km<\/td><td>~EUR 25<\/td><\/tr><tr><td><strong>Zagreb \u2013 Rijeka<\/strong><\/td><td>~170 km<\/td><td>~EUR 8<\/td><\/tr><tr><td><strong>Zagreb \u2013 Zadar<\/strong><\/td><td>~280 km<\/td><td>~EUR 17<\/td><\/tr><tr><td><strong>Split \u2013 Dubrovnik<\/strong><\/td><td>~220 km<\/td><td>~EUR 12<\/td><\/tr><tr><td><strong>Zagreb \u2013 Dubrovnik<\/strong><\/td><td>~600 km<\/td><td>~EUR 35<\/td><\/tr><tr><td><strong>Ljubljana \u2013 Zagreb<\/strong><\/td><td>~140 km<\/td><td>~EUR 7<\/td><\/tr><\/tbody><\/table><\/figure>\n\n<p><strong>Huomautus:<\/strong> Hinnat kertovat siit\u00e4. Todelliset maksut voivat vaihdella hieman riippuen tietyist\u00e4 sis\u00e4\u00e4n- ja ulosk\u00e4yntipaikoista sek\u00e4 ajoneuvoluokasta. <\/p>\n\n<h2 class=\"wp-block-heading\">\ud83d\udee3\ufe0f Kroatian moottoritieverkosto<\/h2>\n\n<p>Kroatialla on erinomainen moottoritieverkosto, joka yhdist\u00e4\u00e4 suuret kaupungit ja rannikon. T\u00e4ss\u00e4 ovat p\u00e4\u00e4reitit: <\/p>\n\n<h3 class=\"wp-block-heading\">A1 \u2013 Dalmatian moottoritie<\/h3>\n\n<p>T\u00e4rkein matkailureitti, joka yhdist\u00e4\u00e4 <strong>Zagrebin Splitiin ja jatkuu kohti Dubrovnikia<\/strong>. T\u00e4m\u00e4 upea moottoritie kulkee Adrianmeren rannan rinnalla tarjoten p\u00e4\u00e4syn kaikkiin t\u00e4rkeimpiin rannikkokohteisiin. Kokonaispituus: noin 550 km. Alueella on useita vaikuttavia siltoja ja tunneleita Dinaarien Alppien l\u00e4pi.   <\/p>\n\n<h3 class=\"wp-block-heading\">A2 \u2013 Zagrebista Maceljiin (Slovenian raja)<\/h3>\n\n<p>Yhdist\u00e4\u00e4 Zagrebin Sloveniaan, jatkuen Ljubljanaan ja sen yli. P\u00e4\u00e4reitti Keski-Euroopasta tuleville matkailijoille. Pituus: noin 60 km Kroatiassa.  <\/p>\n\n<h3 class=\"wp-block-heading\">A3 \u2013 Breganasta Lipovaciin<\/h3>\n\n<p>It\u00e4-l\u00e4nsi-suuntainen reitti, joka yhdist\u00e4\u00e4 Slovenian rajan (Bregana) Zagrebin kautta Serbian rajalle (Lipovac). Osa Euroopan E70-k\u00e4yt\u00e4v\u00e4\u00e4. Pituus: noin 300 km.  <\/p>\n\n<h3 class=\"wp-block-heading\">A4 \u2013 Zagrebista Gori\u010daniin (Unkarin raja)<\/h3>\n\n<p>Yhdist\u00e4\u00e4 Zagrebin Unkariin, joka on Budapestista tulevien matkustajien p\u00e4\u00e4reitti. Pituus: noin 97 km. <\/p>\n\n<h3 class=\"wp-block-heading\">A6 \u2013 Rijekan ohitustie<\/h3>\n\n<p>Yhdist\u00e4\u00e4 A1-tien Bosiljevossa Rijekaan ja Istrian niemimaalle. V\u00e4ltt\u00e4m\u00e4t\u00f6n Istriaan p\u00e4\u00e4semiseksi Zagrebista. <\/p>\n\n<h3 class=\"wp-block-heading\">A7\/A8\/A9 \u2013 Istrialainen Y<\/h3>\n\n<p>Moottoritieverkosto palvelee Istrian niemimaata yhdist\u00e4en Rijekan Pulaan ja muihin Istrian kohteisiin. Yleisesti ottaen v\u00e4hemm\u00e4n liikennett\u00e4 kuin A1:ll\u00e4. <\/p>\n\n<div style=\"height:25px\" aria-hidden=\"true\" class=\"wp-block-spacer\"><\/div>\n\n<div class=\"wp-block-buttons is-content-justification-center is-layout-flex wp-container-core-buttons-is-layout-a89b3969 wp-block-buttons-is-layout-flex\">\n<div class=\"wp-block-button\"><a class=\"wp-block-button__link wp-element-button\" href=\"https:\/\/vignettego.com\/\" style=\"background-color:#ff6600;color:#ffffff;padding:15px 30px;font-size:18px;border-radius:8px;\">\ud83d\uded2 Saat eurooppalaiset vinjettisi nyt VignetteGo:sta<\/a><\/div>\n<\/div>\n\n<div style=\"height:25px\" aria-hidden=\"true\" class=\"wp-block-spacer\"><\/div>\n\n<h2 class=\"wp-block-heading\">\ud83d\uddfa\ufe0f Suositut kroatialaiset road trip -reitit<\/h2>\n\n<h3 class=\"wp-block-heading\">Zagrebista Splitiin (A1 Dalmatian moottoritie)<\/h3>\n\n<p><strong>Matka:<\/strong> ~400 km | <strong>Kesto:<\/strong> 4\u20134,5 tuntia | <strong>Tietulli:<\/strong> ~EUR 25<\/p>\n\n<p>Klassinen kroatialainen road trip -reitti. A1 on moderni, hyvin hoidettu moottoritie, jolla on erinomaiset palvelualueet. Harkitse pys\u00e4htymist\u00e4 Plitvicen j\u00e4rvien kansallispuistossa (Gornja Plo\u010dan ulosk\u00e4ynti) \u2013 yhteen Kroatian kauneimmista luonnonn\u00e4ht\u00e4vyyksist\u00e4.  <\/p>\n\n<h3 class=\"wp-block-heading\">Zagrebista Dubrovnikiin<\/h3>\n\n<p><strong>Et\u00e4isyys:<\/strong> ~600 km | <strong>Kesto:<\/strong> 5,5\u20136 tuntia | <strong>Tietulli:<\/strong> ~EUR 35<\/p>\n\n<p>T\u00e4ydellinen kroatialainen road trip, joka p\u00e4\u00e4ttyy upeaan muurien ymp\u00e4r\u00f6im\u00e4\u00e4n Dubrovnikin kaupunkiin. Huomaa, ett\u00e4 t\u00e4m\u00e4 reitti kulkee lyhyesti <strong>Bosnia ja Hertsegovinan<\/strong> l\u00e4pi Neum-k\u00e4yt\u00e4v\u00e4ll\u00e4 (ei maksua, mutta passi mukana). Vaihtoehtoisesti voit ottaa Pelje\u0161acin sillan ja pysy\u00e4 kokonaan Kroatiassa.  <\/p>\n\n<h3 class=\"wp-block-heading\">Ljubljanasta (Slovenia) Zagrebiin<\/h3>\n\n<p><strong>Matka:<\/strong> ~140 km | <strong>Kesto:<\/strong> 1,5\u20132 tuntia | <strong>Maksu:<\/strong> ~EUR 7 (Kroatia) + Slovenian vinjetti<\/p>\n\n<p>P\u00e4\u00e4reitti Keski-Euroopasta. Tarvitset <a href=\"https:\/\/vignettego.com\/highway-vignette-europe\/fi\/slovenian-moottoritievignette-2026-taydellinen-e-vinjeta-opas\/\">slovenialaisen E-Vinjetan<\/a> matkan Slovenian osuudelle. <\/p>\n\n<h3 class=\"wp-block-heading\">Istrian rannikon kierros<\/h3>\n\n<p><strong>Reitti:<\/strong> Rijeka \u2192 Opatija \u2192 Pula \u2192 Rovinj \u2192 Pore\u010d \u2192 takaisin Rijekaan<\/p>\n\n<p>Tutustu kauniiseen Istrian niemimaalle, jossa on italialaisvaikutteisia keitti\u00f6it\u00e4, kukkulakyli\u00e4 ja vieh\u00e4tt\u00e4vi\u00e4 rannikkokaupunkeja. V\u00e4hemm\u00e4n ruuhkaista kuin Dalmatian rannikolla. <\/p>\n\n<h2 class=\"wp-block-heading\">\ud83d\udca1 Kroatian ajovinkkej\u00e4 vuodelle 2026<\/h2>\n\n<h3 class=\"wp-block-heading\">Valuutta<\/h3>\n\n<p>Tammikuusta 2023 l\u00e4htien Kroatia k\u00e4ytt\u00e4\u00e4 <strong>euroa (EUR).<\/strong> Ei tarvitse vaihtaa rahaa, jos tulet toisesta euroalueen maasta. Luottokortit ovat laajasti hyv\u00e4ksyttyj\u00e4.  <\/p>\n\n<h3 class=\"wp-block-heading\">Nopeusrajoitukset<\/h3>\n\n<ul class=\"wp-block-list\">\n<li><strong>Moottoritiet:<\/strong> 130 km\/h<\/li>\n<li><strong>Kansalliset tiet:<\/strong> 90 km\/h<\/li>\n<li><strong>Kaupunkialueet:<\/strong> 50 km\/h<\/li>\n<\/ul>\n\n<h3 class=\"wp-block-heading\">Kes\u00e4liikenne<\/h3>\n\n<p><strong>Varoitus:<\/strong> A1-tiell\u00e4 rannikolle on <strong>eritt\u00e4in vilkasta<\/strong> liikennett\u00e4 hein\u00e4- ja elokuussa, erityisesti lauantaisin (viikoittaisten vuokrausten vaihtop\u00e4iv\u00e4). Matkusta aikaisin aamulla tai my\u00f6h\u00e4\u00e4n illalla v\u00e4ltt\u00e4\u00e4ksesi pahimman ruuhkan. <\/p>\n\n<h3 class=\"wp-block-heading\">Vaaditut laitteet<\/h3>\n\n<ul class=\"wp-block-list\">\n<li>Varoituskolmio<\/li>\n<li>Heijastinliivi<\/li>\n<li>Ensiapupakkaus<\/li>\n<li>Ajovalot p\u00e4\u00e4ll\u00e4 koko ajan ajon aikana<\/li>\n<\/ul>\n\n<h2 class=\"wp-block-heading\" id=\"faq-section\">\u2753 Usein kysytyt kysymykset<\/h2>\n\n<h3 class=\"wp-block-heading\">Tarvitsenko vinjetin tai maksanko maksupisteiss\u00e4 Kroatiassa?<\/h3>\n\n<p>Voit k\u00e4ytt\u00e4\u00e4 kumpaakin j\u00e4rjestelm\u00e4\u00e4. Perinteiset tietullipisteet toimivat et\u00e4maksupohjaisella maksamalla k\u00e4yt\u00f6n perusteella. Vaihtoehtoisesti digitaaliset vinjetit (E-Vinjeta) ovat nyt saatavilla tietyille osuudille.  <\/p>\n\n<h3 class=\"wp-block-heading\">Voinko ajaa Dubrovnikiin ilman, ett\u00e4 l\u00e4hden Kroatiasta?<\/h3>\n\n<p>Kyll\u00e4! Pelje\u0161acin sillan avaamisen j\u00e4lkeen vuonna 2022 voit nyt ajaa Splitist\u00e4 Dubrovnikiin ylitt\u00e4m\u00e4tt\u00e4 Bosnia-Hertsegovinan Neum-k\u00e4yt\u00e4v\u00e4\u00e4. <\/p>\n\n<h3 class=\"wp-block-heading\">Onko ENC-laite sen arvoinen?<\/h3>\n\n<p>Usein vierailijoille tai useamman viikon viikoille, kyll\u00e4. Yhdell\u00e4 matkalla maksupisteet tai digitaaliset vinjetit ovat k\u00e4yt\u00e4nn\u00f6llisempi\u00e4. <\/p>\n\n<div style=\"height:25px\" aria-hidden=\"true\" class=\"wp-block-spacer\"><\/div>\n\n<div class=\"wp-block-buttons is-content-justification-center is-layout-flex wp-container-core-buttons-is-layout-a89b3969 wp-block-buttons-is-layout-flex\">\n<div class=\"wp-block-button\"><a class=\"wp-block-button__link wp-element-button\" href=\"https:\/\/vignettego.com\/\" style=\"background-color:#e91e63;color:#ffffff;padding:15px 30px;font-size:18px;border-radius:8px;\">\ud83d\ude97 Hanki eurooppalaiset moottoritiekohtauksesi osoitteessa VignetteGo \u2192<\/a><\/div>\n<\/div>\n\n<div style=\"height:25px\" aria-hidden=\"true\" class=\"wp-block-spacer\"><\/div>\n\n<h2 class=\"wp-block-heading\">\ud83c\udfd6\ufe0f Miksi vierailla Kroatiassa?<\/h2>\n\n<ul class=\"wp-block-list\">\n<li><strong>Upea rannikko:<\/strong> Yli 1 000 saarta ja kristallinkirkkaat Adrianmeren vedet<\/li>\n<li><strong>Historialliset kaupungit:<\/strong> Dubrovnik, Split, Zadar \u2014 UNESCO:n maailmanperint\u00f6kohteita<\/li>\n<li><strong>Game of Thronesin kuvauspaikat:<\/strong> Dubrovnik toimi Kuninkaansatamana<\/li>\n<li><strong>Plitvicen j\u00e4rvet:<\/strong> Upea kansallispuisto, jossa putoavat vesiputoukset<\/li>\n<li><strong>Istria:<\/strong> Italialaisvaikutteinen keitti\u00f6, tryffelinmets\u00e4stys, kukkulakyl\u00e4t<\/li>\n<li><strong>Juhlakohtaus:<\/strong> Zr\u0107e Beach on &#8220;Kroatian Ibiza&#8221;<\/li>\n<\/ul>\n\n<h2 class=\"wp-block-heading\">\ud83d\udccd Yhteenveto<\/h2>\n\n<p>Kroatia tarjoaa joitakin Euroopan palkitsevimpia automatkoja, dramaattisesta A1-moottoritielt\u00e4 mutkitteleville rannikkoteille ja vieh\u00e4tt\u00e4viin istrialaisiin kyliin. Olitpa sitten suosinut perinteisi\u00e4 tietullipisteit\u00e4, ENC:n elektronista j\u00e4rjestelm\u00e4\u00e4 tai uusia digitaalisia vinjettivaihtoehtoja, Kroatiassa liikkuminen autolla on helppoa. <\/p>\n\n<p>Saavuttaaksesi Kroatiaan Keski-Euroopasta, kuljet todenn\u00e4k\u00f6isesti <a href=\"https:\/\/vignettego.com\/highway-vignette-europe\/fi\/slovenian-moottoritievignette-2026-taydellinen-e-vinjeta-opas\/\">Slovenian<\/a> tai <a href=\"https:\/\/vignettego.com\/highway-vignette-europe\/fi\/unkarin-moottoritievinjetti-2026-taydellinen-e-matrica-opas\/\">Unkarin<\/a> kautta. Saat kaikki kohtauksesi yhteen paikkaan <a href=\"https:\/\/vignettego.com\/\" title=\"VignetteGo &#x2013; Euroopan moottoritiekohtaukset\">VignetteGosta<\/a>. <\/p>\n\n<p><strong>Nauti Kroatian rannikosta! \ud83c\udded\ud83c\uddf7\ud83c\udfd6\ufe0f <\/strong><\/p>\n\n<p><strong>Aiheeseen liittyv\u00e4t oppaat:<\/strong> <a href=\"https:\/\/vignettego.com\/highway-vignette-europe\/fi\/slovenian-moottoritievignette-2026-taydellinen-e-vinjeta-opas\/\">Slovenia E-Vinjeta<\/a> | <a href=\"https:\/\/vignettego.com\/highway-vignette-europe\/fi\/unkarin-moottoritievinjetti-2026-taydellinen-e-matrica-opas\/\">Unkarin E-Matrica<\/a> | <a href=\"https:\/\/vignettego.com\/\">Kaikki eurooppalaiset vinjetit<\/a><\/p>\n","protected":false},"excerpt":{"rendered":"<p>Kroatia on yksi Euroopan suosituimmista kes\u00e4kohteista, kuuluisa upeasta Adrianmeren rannikostaan, kristallinkirkkaista vesist\u00e4\u00e4n, historiallisista kaupungeistaan kuten Dubrovnik ja Split sek\u00e4 kauniista saaristaan. Ajaminen Kroatiaan avaa uskomattomia mahdollisuuksia \u2013 Dubrovnikin muinaisista muureista Zr\u0107en juhlarannoille, Plitvicen j\u00e4rvien vesiputouksille ja vieh\u00e4tt\u00e4v\u00e4\u00e4n Istriaan. T\u00e4m\u00e4 opas selitt\u00e4\u00e4 kaiken Kroatian tiemaksuj\u00e4rjestelm\u00e4st\u00e4 vuonna 2026, mukaan lukien ENC-s\u00e4hk\u00f6j\u00e4rjestelm\u00e4n, digitaaliset vinjetit ja k\u00e4yt\u00e4nn\u00f6n vinkit Kroatian [&hellip;]<\/p>\n","protected":false},"author":0,"featured_media":0,"parent":0,"menu_order":0,"comment_status":"closed","ping_status":"closed","template":"","meta":{"footnotes":""},"class_list":["post-620","page","type-page","status-publish","hentry"],"_links":{"self":[{"href":"https:\/\/vignettego.com\/highway-vignette-europe\/fi\/wp-json\/wp\/v2\/pages\/620","targetHints":{"allow":["GET"]}}],"collection":[{"href":"https:\/\/vignettego.com\/highway-vignette-europe\/fi\/wp-json\/wp\/v2\/pages"}],"about":[{"href":"https:\/\/vignettego.com\/highway-vignette-europe\/fi\/wp-json\/wp\/v2\/types\/page"}],"replies":[{"embeddable":true,"href":"https:\/\/vignettego.com\/highway-vignette-europe\/fi\/wp-json\/wp\/v2\/comments?post=620"}],"version-history":[{"count":4,"href":"https:\/\/vignettego.com\/highway-vignette-europe\/fi\/wp-json\/wp\/v2\/pages\/620\/revisions"}],"predecessor-version":[{"id":1276,"href":"https:\/\/vignettego.com\/highway-vignette-europe\/fi\/wp-json\/wp\/v2\/pages\/620\/revisions\/1276"}],"wp:attachment":[{"href":"https:\/\/vignettego.com\/highway-vignette-europe\/fi\/wp-json\/wp\/v2\/media?parent=620"}],"curies":[{"name":"wp","href":"https:\/\/api.w.org\/{rel}","templated":true}]}}