{"id":359,"date":"2026-01-04T01:13:10","date_gmt":"2026-01-04T01:13:10","guid":{"rendered":"https:\/\/vignettego.com\/highway-vignette-europe\/slovakian-moottoritievinjetti-2026-taydellinen-dialnicna-znamka-opas\/"},"modified":"2026-01-04T12:43:03","modified_gmt":"2026-01-04T12:43:03","slug":"slovakian-moottoritievinjetti-2026-taydellinen-dialnicna-znamka-opas","status":"publish","type":"page","link":"https:\/\/vignettego.com\/highway-vignette-europe\/fi\/slovakian-moottoritievinjetti-2026-taydellinen-dialnicna-znamka-opas\/","title":{"rendered":"Slovakian moottoritievinjetti 2026: T\u00e4ydellinen Dia\u013eni\u010dn\u00e1 Zn\u00e1mka -opas"},"content":{"rendered":"\n<script type=\"application\/ld+json\">{\n    \"@context\": \"https:\/\/schema.org\",\n    \"@graph\": [\n        {\n            \"@type\": \"Article\",\n            \"@id\": \"https:\/\/vignettego.com\/highway-vignette-europe\/slovakia-highway-vignette-guide\/#article\",\n            \"headline\": \"Slovakia Highway Vignette 2026: Complete E-Znamka Guide\",\n            \"description\": \"Everything about the Slovak E-Znamka system 2026: prices, validity, how to buy online, and essential tips for driving on Slovak motorways. Your complete guide to the electronic vignette.\",\n            \"image\": \"https:\/\/vignettego.com\/highway-vignette-europe\/wp-content\/uploads\/2026\/09\/Highway-Vignette-Europe.jpg\",\n            \"datePublished\": \"2026-01-04\",\n            \"dateModified\": \"2026-01-04\",\n            \"author\": {\"@type\": \"Organization\", \"name\": \"VignetteGo\", \"url\": \"https:\/\/vignettego.com\"},\n            \"publisher\": {\"@type\": \"Organization\", \"name\": \"VignetteGo\"},\n            \"mainEntityOfPage\": {\"@type\": \"WebPage\", \"@id\": \"https:\/\/vignettego.com\/highway-vignette-europe\/slovakia-highway-vignette-guide\/\"},\n            \"articleSection\": \"Highway Vignettes\",\n            \"keywords\": [\"Slovakia vignette\", \"E-Znamka\", \"Slovak motorway\", \"Bratislava driving\", \"High Tatras road trip\", \"Slovakia toll\"],\n            \"inLanguage\": \"en\",\n            \"speakable\": {\"@type\": \"SpeakableSpecification\", \"cssSelector\": [\".article-intro\", \"#faq-section\"]}\n        },\n        {\n            \"@type\": \"BreadcrumbList\",\n            \"itemListElement\": [\n                {\"@type\": \"ListItem\", \"position\": 1, \"name\": \"VignetteGo\", \"item\": \"https:\/\/vignettego.com\/\"},\n                {\"@type\": \"ListItem\", \"position\": 2, \"name\": \"Highway Vignette Europe\", \"item\": \"https:\/\/vignettego.com\/highway-vignette-europe\/\"},\n                {\"@type\": \"ListItem\", \"position\": 3, \"name\": \"Slovakia Guide\", \"item\": \"https:\/\/vignettego.com\/highway-vignette-europe\/slovakia-highway-vignette-guide\/\"}\n            ]\n        },\n        {\n            \"@type\": \"FAQPage\",\n            \"mainEntity\": [\n                {\"@type\": \"Question\", \"name\": \"How much does a Slovak E-Znamka cost?\", \"acceptedAnswer\": {\"@type\": \"Answer\", \"text\": \"For 2026, prices are approximately: 10-day vignette EUR 12, 30-day vignette EUR 17, and annual vignette EUR 60 for vehicles up to 3.5 tonnes. Prices may be adjusted annually.\"}},\n                {\"@type\": \"Question\", \"name\": \"Can I buy the Slovak E-Znamka online?\", \"acceptedAnswer\": {\"@type\": \"Answer\", \"text\": \"Yes, you can purchase the E-Znamka online at VignetteGo or the official Slovak eznamka.sk website. Registration is linked to your license plate, so no physical sticker is needed.\"}},\n                {\"@type\": \"Question\", \"name\": \"Do I need a vignette for all roads in Slovakia?\", \"acceptedAnswer\": {\"@type\": \"Answer\", \"text\": \"No, only motorways (dia\u013enice - D roads) and expressways (r\u00fdchlostn\u00e9 cesty - R roads) require a vignette. Regular national roads (cesty I., II., III. triedy) are free.\"}},\n                {\"@type\": \"Question\", \"name\": \"What if I drive without a vignette in Slovakia?\", \"acceptedAnswer\": {\"@type\": \"Answer\", \"text\": \"Fines for driving without a valid E-Znamka range from EUR 100 to EUR 500. Enforcement is done via cameras, so non-compliance is easily detected.\"}},\n                {\"@type\": \"Question\", \"name\": \"Is the Slovak vignette valid immediately after purchase?\", \"acceptedAnswer\": {\"@type\": \"Answer\", \"text\": \"Yes, the E-Znamka is valid immediately from the time of purchase, or you can select a future start date when buying online.\"}}\n            ]\n        }\n    ]\n}\n<\/script>\n\n<figure class=\"wp-block-image aligncenter size-large\"><img decoding=\"async\" src=\"https:\/\/vignettego.com\/highway-vignette-europe\/wp-content\/uploads\/2026\/09\/Highway-Vignette-Europe.jpg\" alt=\"Slovakia E-Znamka 2026 &#x2013; T&#xE4;ydellinen opas Slovakian maantiekohtaukseen\" style=\"width:100%; height:auto; margin-bottom:20px;\"\/><\/figure>\n\n<p class=\"article-intro\">Slovakia on Keski-Euroopan piilotettu helmi, tarjoten upeita vuoristomaisemia Korkeilla Tatroilla, vieh\u00e4tt\u00e4vi\u00e4 keskiaikaisia kaupunkeja kuten Bardejovia ja Levo\u010daa, salaper\u00e4isi\u00e4 linnoja ja erinomaisia kylpyl\u00f6it\u00e4. Olitpa sitten matkalla Slovakian kautta Puolaan, Ukrainaan tai Unkariin tai tutkimassa t\u00e4t\u00e4 kaunista maata, tarvitset <strong>slovakialaisen E-Znamkan (elektronisen vinjetti)<\/strong>. T\u00e4m\u00e4 opas kattaa kaiken Slovakian vinjettij\u00e4rjestelm\u00e4st\u00e4 vuodelle 2026: hinnat, voimassaolo, ostopaikan ja olennaiset vinkit ajamiseen Slovakian moottoriteill\u00e4.  <\/p>\n\n<div style=\"height:25px\" aria-hidden=\"true\" class=\"wp-block-spacer\"><\/div>\n\n<div class=\"wp-block-buttons is-content-justification-center is-layout-flex wp-container-core-buttons-is-layout-a89b3969 wp-block-buttons-is-layout-flex\">\n<div class=\"wp-block-button\"><a class=\"wp-block-button__link wp-element-button\" href=\"https:\/\/vignettego.com\/\" style=\"background-color:#0066cc;color:#ffffff;padding:15px 30px;font-size:18px;border-radius:8px;\">\ud83d\ude97 Hanki slovakialainen e-znamkasi VignetteGo:sta<\/a><\/div>\n<\/div>\n\n<div style=\"height:25px\" aria-hidden=\"true\" class=\"wp-block-spacer\"><\/div>\n\n<h2 class=\"wp-block-heading\">\ud83c\uddf8\ud83c\uddf0 Mik\u00e4 on slovakialainen E-Znamka?<\/h2>\n\n<p>Slovakia siirtyi fyysisist\u00e4 tarrakohtauksista t\u00e4ysin <strong>s\u00e4hk\u00f6iseen j\u00e4rjestelm\u00e4\u00e4n (E-Znamka)<\/strong> vuonna 2016. Ei en\u00e4\u00e4 vanhojen tarrojen raapimista tuulilasista! E-Znamka on linkitetty ajoneuvosi rekisterinumeroon ja rekister\u00f6ity keskitettyyn tietokantaan. Moottoriteiden varrella olevat kameraj\u00e4rjestelm\u00e4t varmistavat automaattisesti vignettitilannesi.   <\/p>\n\n<p>J\u00e4rjestelm\u00e4\u00e4 hallinnoi <strong>Kansallinen moottoritieyhti\u00f6 (NDS \u2013 N\u00e1rodn\u00e1 dia\u013eni\u010dn\u00e1 spolo\u010dnos\u0165).<\/strong> E-Znamka on pakollinen kaikilla moottoriteill\u00e4 (dia\u013enice &#8211; D tiet) ja moottoriteill\u00e4 (r\u00fdchlostn\u00e9 cesty &#8211; R), mutta ei tavallisilla valtateill\u00e4. <\/p>\n\n<h2 class=\"wp-block-heading\">\ud83d\udcb0 E-Znamkan hinnat 2026<\/h2>\n\n<p>Slovakia k\u00e4ytt\u00e4\u00e4 euroa (EUR) valuuttanaan, mik\u00e4 tekee maksuista helppoja muiden euroalueen maista tuleville vierailijoille.<\/p>\n\n<figure class=\"wp-block-table\"><table><thead><tr><th>Vinjettityyppi<\/th><th>Ajoneuvot jopa 3,5 tonniin asti<\/th><\/tr><\/thead><tbody><tr><td><strong>10-p\u00e4iv\u00e4inen<\/strong><\/td><td>EUR 12<\/td><\/tr><tr><td><strong>30-p\u00e4iv\u00e4inen<\/strong><\/td><td>EUR 17<\/td><\/tr><tr><td><strong>365-Day (vuosittainen)<\/strong><\/td><td>EUR 60<\/td><\/tr><\/tbody><\/table><\/figure>\n\n<p><strong>Huomautus:<\/strong> Hinnat ovat enint\u00e4\u00e4n 3,5 tonnin ajoneuvoille. Suuremmat ajoneuvot kuuluvat s\u00e4hk\u00f6isen tietullij\u00e4rjestelm\u00e4n piiriin ja maksavat kilometrilt\u00e4. <\/p>\n\n<h2 class=\"wp-block-heading\">\ud83d\uded2 Mist\u00e4 ostaa slovakialainen e-znamka<\/h2>\n\n<h3 class=\"wp-block-heading\">Verkossa (Suositeltava)<\/h3>\n\n<p>Helpoin tapa ostaa on verkosta ennen matkaa:<\/p>\n\n<ul class=\"wp-block-list\">\n<li><strong><a href=\"https:\/\/vignettego.com\/\">VignetteGo<\/a><\/strong> \u2013 Nopea ostos v\u00e4litt\u00f6m\u00e4ll\u00e4 vahvistuksella<\/li>\n<li>Virallinen Slovakian eznamka.sk verkkosivusto<\/li>\n<\/ul>\n\n<p>Verkkokaupan edut: ei odottamista rajahuoltoasemilla, v\u00e4lit\u00f6n aktivointi, digitaalinen vahvistus puhelimella, mahdollisuus valita tuleva aloitusp\u00e4iv\u00e4.<\/p>\n\n<h3 class=\"wp-block-heading\">Fyysiset ostopisteet<\/h3>\n\n<ul class=\"wp-block-list\">\n<li>Huoltoasemat (OMV, Shell, Slovnaft) ymp\u00e4ri Slovakiaa<\/li>\n<li>Rajanylityspaikat<\/li>\n<li>Postitoimistot<\/li>\n<li>NDS:n asiakaspalvelukeskukset<\/li>\n<\/ul>\n\n<div style=\"height:25px\" aria-hidden=\"true\" class=\"wp-block-spacer\"><\/div>\n\n<div class=\"wp-block-buttons is-content-justification-center is-layout-flex wp-container-core-buttons-is-layout-a89b3969 wp-block-buttons-is-layout-flex\">\n<div class=\"wp-block-button\"><a class=\"wp-block-button__link wp-element-button\" href=\"https:\/\/vignettego.com\/\" style=\"background-color:#28a745;color:#ffffff;padding:15px 30px;font-size:18px;border-radius:8px;\">\u2705 Saat eurooppalaiset vinjetit \u2013 8 maata \u2013 VignetteGo:sta<\/a><\/div>\n<\/div>\n\n<div style=\"height:25px\" aria-hidden=\"true\" class=\"wp-block-spacer\"><\/div>\n\n<h2 class=\"wp-block-heading\">\ud83d\udee3\ufe0f Slovakian moottoritieverkosto<\/h2>\n\n<p>Slovakian moottoritieverkosto yhdist\u00e4\u00e4 p\u00e4\u00e4kaupunki Bratislavan suuriin kaupunkeihin ja naapurimaihin. Verkkoa laajennetaan edelleen, erityisesti D1-reitti\u00e4 Ko\u0161iceen. <\/p>\n\n<h3 class=\"wp-block-heading\">D1 \u2013 Bratislavasta Ko\u0161iceen (p\u00e4\u00e4k\u00e4yt\u00e4v\u00e4)<\/h3>\n\n<p>P\u00e4\u00e4asiallinen it\u00e4-l\u00e4nsi-suuntainen k\u00e4yt\u00e4v\u00e4, joka yhdist\u00e4\u00e4 <strong>Bratislavan<\/strong> <strong>Ko\u0161iceen<\/strong>, kulkien \u017dilinan ja Korkea-Tatran alueen kautta. T\u00e4m\u00e4 on Slovakian moottoritieverkon selk\u00e4ranka. Huomautus: Jotkut osuudet ovat viel\u00e4 rakenteilla, mik\u00e4 vaatii poikkeamia tavallisia teit\u00e4 pitkin. Kokonaispituus valmistuessaan: noin 450 km.   <\/p>\n\n<h3 class=\"wp-block-heading\">D2 \u2013 Bratislavasta T\u0161ekin rajalle<\/h3>\n\n<p>Yhdist\u00e4\u00e4 Bratislavan pohjoiseen <strong>T\u0161ekkiin<\/strong>, jatkaen kohti Brnoa ja Prahaa. V\u00e4ltt\u00e4m\u00e4t\u00f6n matkailijoille, jotka tulevat tai suuntaavat <a href=\"https:\/\/vignettego.com\/highway-vignette-europe\/fi\/tsekin-valtatievignette-2026-lopullinen-e-znamka-opas\/\">T\u0161ekkiin<\/a>. Kokonaispituus: noin 60 km.  <\/p>\n\n<h3 class=\"wp-block-heading\">D3 \u2013 \u017dilinasta Puolan rajaan<\/h3>\n\n<p>Yhdist\u00e4\u00e4 \u017dilinan <strong>Puolan rajaan Skalit\u00e9ssa<\/strong> ja jatkaa Krakovaan. Suosittu reitti matkailijoille Etel\u00e4-Puolaan. Kokonaispituus: noin 60 km.  <\/p>\n\n<h3 class=\"wp-block-heading\">D4 \u2013 Bratislavan keh\u00e4tie<\/h3>\n\n<p>Bratislavan kiertotie yhdist\u00e4\u00e4 D1:n, D2:n ja reitit It\u00e4valtaan ja Unkariin. V\u00e4ltt\u00e4m\u00e4t\u00f6n Bratislavan keskustan liikenteen v\u00e4ltt\u00e4miseksi. <\/p>\n\n<h3 class=\"wp-block-heading\">R Expressways<\/h3>\n\n<p>Slovakiassa on my\u00f6s useita moottoriteit\u00e4 (R-teit\u00e4), jotka vaativat vinjetin:<\/p>\n\n<ul class=\"wp-block-list\">\n<li><strong>R1:<\/strong> Trnavasta Bansk\u00e1 Bystricaan<\/li>\n<li><strong>R2:<\/strong> Ko\u0161icen ohitustie<\/li>\n<li><strong>R3:<\/strong> \u017dilina Martinille<\/li>\n<li><strong>R4:<\/strong> Ko\u0161ice\u2013Unkarin raja<\/li>\n<li><strong>R6:<\/strong> Belu\u0161an ja T\u0161ekin v\u00e4linen raja<\/li>\n<\/ul>\n\n<h2 class=\"wp-block-heading\">\ud83d\uddfa\ufe0f Suositut reitit Slovakian l\u00e4pi<\/h2>\n\n<h3 class=\"wp-block-heading\">Wienist\u00e4 Bratislavaan<\/h3>\n\n<p><strong>Matka:<\/strong> ~65 km | <strong>Kesto:<\/strong> 45-60 minuuttia | <strong>Tarvitaan vinjettej\u00e4:<\/strong> It\u00e4valta + Slovakia<\/p>\n\n<p>Kaksi p\u00e4\u00e4kaupunkia ovat h\u00e4mm\u00e4stytt\u00e4v\u00e4n l\u00e4hell\u00e4 \u2013 yksi Euroopan lyhyimmist\u00e4 p\u00e4\u00e4kaupunkien v\u00e4lisist\u00e4 et\u00e4isyyksist\u00e4. D4-keh\u00e4tie tarjoaa suoran yhteyden. <\/p>\n\n<h3 class=\"wp-block-heading\">Bratislavasta Prahaan (D2:n ja T\u0161ekin moottoriteiden kautta)<\/h3>\n\n<p><strong>Matka:<\/strong> ~330 km | <strong>Kesto:<\/strong> 3,5\u20134 tuntia | <strong>Tarvitaan vinjettej\u00e4:<\/strong> Slovaki + <a href=\"https:\/\/vignettego.com\/highway-vignette-europe\/fi\/tsekin-valtatievignette-2026-lopullinen-e-znamka-opas\/\">t\u0161ekki<\/a><\/p>\n\n<p>Suora moottoritieyhteys p\u00e4\u00e4kaupunkien v\u00e4lill\u00e4 Brnon kautta. Erinomaiset tieolosuhteet kauttaaltaan. <\/p>\n\n<h3 class=\"wp-block-heading\">Bratislavasta Budapestiin (Unkarin kautta)<\/h3>\n\n<p><strong>Matka:<\/strong> ~200 km | <strong>Kesto:<\/strong> 2\u20132,5 tuntia | <strong>Tarvitaan vinjettej\u00e4:<\/strong> Slovakialainen + <a href=\"https:\/\/vignettego.com\/highway-vignette-europe\/fi\/unkarin-moottoritievinjetti-2026-taydellinen-e-matrica-opas\/\">unkarilainen E-Matrica<\/a><\/p>\n\n<p>Nopea yhteys p\u00e4\u00e4kaupunkien v\u00e4lill\u00e4 D2:n ja Unkarin M15\/M1:n kautta.<\/p>\n\n<h3 class=\"wp-block-heading\">Bratislavasta Korkea-Tatroihin (D1:n kautta)<\/h3>\n\n<p><strong>Matka:<\/strong> ~330 km | <strong>Kesto:<\/strong> 4\u20134,5 tuntia<\/p>\n\n<p>Huomautus: D1 ei ole viel\u00e4 t\u00e4ysin valmis, joten odotettavissa on joitakin osuuksia tavallisilla teill\u00e4. Upea vuoristomaisema odottaa! <\/p>\n\n<h3 class=\"wp-block-heading\">Krakovasta Bratislavaan (Puolan ja Slovakian kautta)<\/h3>\n\n<p><strong>Matka:<\/strong> ~300 km | <strong>Kesto:<\/strong> 3,5\u20134 tuntia | <strong>Tarvitaan vinjettej\u00e4:<\/strong> Slovakia (Puolan moottoritiet k\u00e4ytt\u00e4v\u00e4t per km -maksua)<\/p>\n\n<p>D3-tiet\u00e4 pitkin \u017dilinan kautta tai Trsten\u00e1n rajanylityspaikan kautta.<\/p>\n\n<div style=\"height:25px\" aria-hidden=\"true\" class=\"wp-block-spacer\"><\/div>\n\n<div class=\"wp-block-buttons is-content-justification-center is-layout-flex wp-container-core-buttons-is-layout-a89b3969 wp-block-buttons-is-layout-flex\">\n<div class=\"wp-block-button\"><a class=\"wp-block-button__link wp-element-button\" href=\"https:\/\/vignettego.com\/\" style=\"background-color:#ff6600;color:#ffffff;padding:15px 30px;font-size:18px;border-radius:8px;\">\ud83d\uded2 Tilaa kaikki eurooppalaiset vinjetit VignetteGo:sta<\/a><\/div>\n<\/div>\n\n<div style=\"height:25px\" aria-hidden=\"true\" class=\"wp-block-spacer\"><\/div>\n\n<h2 class=\"wp-block-heading\">\u26a0\ufe0f T\u00e4rke\u00e4t E-Znamka-s\u00e4\u00e4nn\u00f6t<\/h2>\n\n<h3 class=\"wp-block-heading\">Voimassaoloaika<\/h3>\n\n<ul class=\"wp-block-list\">\n<li><strong>10-p\u00e4iv\u00e4inen:<\/strong> Voimassa 10 per\u00e4kk\u00e4ist\u00e4 p\u00e4iv\u00e4\u00e4 valitusta aloitusp\u00e4iv\u00e4st\u00e4<\/li>\n<li><strong>30-p\u00e4iv\u00e4inen:<\/strong> Voimassa 30 per\u00e4kk\u00e4ist\u00e4 p\u00e4iv\u00e4\u00e4 valitusta aloitusp\u00e4iv\u00e4st\u00e4<\/li>\n<li><strong>365-p\u00e4iv\u00e4:<\/strong> Voimassa vuoden ajan valitusta aloitusp\u00e4iv\u00e4st\u00e4<\/li>\n<\/ul>\n\n<h3 class=\"wp-block-heading\">Rekisterikilven rekister\u00f6inti<\/h3>\n\n<p>E-Znamka on rekister\u00f6ity <strong>tarkalleen sinun rekisterikilvellesi<\/strong> ja <strong>maakoodillesi<\/strong>. Tarkista viel\u00e4 kirjoitusvirheet ostaessasi! Virheet vaativat uuden vinjetin ostamista.  <\/p>\n\n<h3 class=\"wp-block-heading\">Sakot noudattamatta j\u00e4tt\u00e4misest\u00e4<\/h3>\n\n<ul class=\"wp-block-list\">\n<li><strong>Tavallinen sakko:<\/strong> EUR 100\u2013EUR 500<\/li>\n<li><strong>V\u00e4hennetty sakko:<\/strong> Jos maksat 15 p\u00e4iv\u00e4n kuluessa<\/li>\n<li>Valvonta automaattisten kameraj\u00e4rjestelmien (ANPR) avulla<\/li>\n<\/ul>\n\n<h2 class=\"wp-block-heading\">\ud83d\udca1 Slovakian ajovinkkej\u00e4 vuodelle 2026<\/h2>\n\n<h3 class=\"wp-block-heading\">Nopeusrajoitukset<\/h3>\n\n<ul class=\"wp-block-list\">\n<li><strong>Moottoritiet:<\/strong> 130 km\/h<\/li>\n<li><strong>Moottoritiet:<\/strong> 130 km\/h<\/li>\n<li><strong>P\u00e4\u00e4v\u00e4yl\u00e4t asuttujen alueiden ulkopuolella:<\/strong> 90 km\/h<\/li>\n<li><strong>Kaupunkialueet:<\/strong> 50 km\/h<\/li>\n<\/ul>\n\n<h3 class=\"wp-block-heading\">Vaaditut laitteet<\/h3>\n\n<ul class=\"wp-block-list\">\n<li>Varoituskolmio<\/li>\n<li>Heijastinliivi<\/li>\n<li>Ensiapupakkaus<\/li>\n<li><strong>Ajovalot:<\/strong> Sen t\u00e4ytyy olla p\u00e4\u00e4ll\u00e4 koko ajan ajon aikana (p\u00e4iv\u00e4ll\u00e4 ja y\u00f6ll\u00e4)<\/li>\n<li><strong>Talvivarusteet:<\/strong> 15. marraskuuta &#8211; 31. maaliskuuta talvirenkaat vaaditaan olosuhteiden salliessa<\/li>\n<\/ul>\n\n<h3 class=\"wp-block-heading\">Nollatoleranssin alkoholipolitiikka<\/h3>\n\n<p>Slovakialla on <strong>nollatoleranssi<\/strong> rattijuopumuksen suhteen. Veren alkoholiraja on 0,0 %. Rangaistukset ovat ankaria.  <\/p>\n\n<h2 class=\"wp-block-heading\" id=\"faq-section\">\u2753 Usein kysytyt kysymykset<\/h2>\n\n<h3 class=\"wp-block-heading\">Onko D1-moottoritie valmis?<\/h3>\n\n<p>Ei, osa D1-moottoritien osuuksista \u017dilinan ja Ko\u0161icen v\u00e4lill\u00e4 on viel\u00e4 rakenteilla. Navigointisovellukset ohjaavat sinut vaihtoehtoisia teit\u00e4 pitkin tarvittaessa. <\/p>\n\n<h3 class=\"wp-block-heading\">Tarvitsenko vinjetin ylitt\u00e4\u00e4kseni It\u00e4vallasta Unkariin Slovakian kautta?<\/h3>\n\n<p>Kyll\u00e4, jos k\u00e4yt\u00e4t Slovakian moottoriteit\u00e4. Reitti Wienist\u00e4 Budapestiin Bratislavan kautta vaatii slovakialaisen E-Znamkan Slovakian osuudelle. <\/p>\n\n<h3 class=\"wp-block-heading\">Ent\u00e4 Bratislavan keskusta?<\/h3>\n\n<p>Bratislavassa tavallisilla teill\u00e4 ei tarvita vignettej\u00e4. Vain moottoritieosuudet (D1, D2, D4) vaativat vinjetin. <\/p>\n\n<h3 class=\"wp-block-heading\">Voinko k\u00e4ytt\u00e4\u00e4 tavallisia teit\u00e4 v\u00e4ltt\u00e4\u00e4kseni vinjetin ostamisen?<\/h3>\n\n<p>Kyll\u00e4, mutta se pident\u00e4\u00e4 merkitt\u00e4v\u00e4sti matka-aikaa, erityisesti pidemmill\u00e4 matkoilla. Esimerkiksi Bratislavan ja \u017dilinan v\u00e4lill\u00e4 kest\u00e4\u00e4 2 tuntia D1-tiell\u00e4 verrattuna tavallisilla teill\u00e4 3,5+ tuntiin. <\/p>\n\n<div style=\"height:25px\" aria-hidden=\"true\" class=\"wp-block-spacer\"><\/div>\n\n<div class=\"wp-block-buttons is-content-justification-center is-layout-flex wp-container-core-buttons-is-layout-a89b3969 wp-block-buttons-is-layout-flex\">\n<div class=\"wp-block-button\"><a class=\"wp-block-button__link wp-element-button\" href=\"https:\/\/vignettego.com\/\" style=\"background-color:#e91e63;color:#ffffff;padding:15px 30px;font-size:18px;border-radius:8px;\">\ud83d\ude97 Hanki eurooppalaiset moottoritiekohtauksesi osoitteessa VignetteGo \u2192<\/a><\/div>\n<\/div>\n\n<div style=\"height:25px\" aria-hidden=\"true\" class=\"wp-block-spacer\"><\/div>\n\n<h2 class=\"wp-block-heading\">\ud83c\udfd4\ufe0f Miksi vierailla Slovakiassa?<\/h2>\n\n<ul class=\"wp-block-list\">\n<li><strong>Korkeat Taratrat:<\/strong> Maailman pienimm\u00e4t korkeat vuoret \u2013 upea alppimaisema<\/li>\n<li><strong>Bratislava:<\/strong> Vieh\u00e4tt\u00e4v\u00e4 p\u00e4\u00e4kaupunki, jossa on vilkas vanhankaupunki ja Tonavan jokiranta<\/li>\n<li><strong>Spi\u0161in linna:<\/strong> Yksi Keski-Euroopan suurimmista linnakomplekseista (UNESCO)<\/li>\n<li><strong>Puukirkot:<\/strong> It\u00e4-Slovakiassa ainutlaatuiset UNESCO-luokitellut puukirkot<\/li>\n<li><strong>L\u00e4mp\u00f6kylpyl\u00f6t:<\/strong> Erinomaiset l\u00e4mp\u00f6keskukset kuten Pie\u0161\u0165any, Tren\u010dianske Teplice<\/li>\n<li><strong>Slovakian paratiisi:<\/strong> Upea kansallispuisto, jossa on rotkoja, vesiputouksia ja via ferrata -polkuja<\/li>\n<li><strong>Viinialue:<\/strong> V\u00e4h\u00e4n tunnetut viinialueet, erityisesti Tokaj id\u00e4ss\u00e4<\/li>\n<\/ul>\n\n<h2 class=\"wp-block-heading\">\ud83d\udccd Yhteenveto<\/h2>\n\n<p>Slovakia tarjoaa t\u00e4ydellisen yhdistelm\u00e4n luonnonkauneutta, rikasta historiaa ja keskieurooppalaista vieh\u00e4tyst\u00e4. E-Znamka-j\u00e4rjestelm\u00e4 on suoraviivainen \u2013 osta verkosta ennen matkaasi ja nauti vaivattomasta ajamisesta Slovakian moottoriteill\u00e4. <\/p>\n\n<p>Monimaan automatkoihin yhdist\u00e4 slovakialainen E-Znamka ja kohtaukset <a href=\"https:\/\/vignettego.com\/highway-vignette-europe\/fi\/tsekin-valtatievignette-2026-lopullinen-e-znamka-opas\/\">T\u0161ekist\u00e4<\/a>, <a href=\"https:\/\/vignettego.com\/highway-vignette-europe\/fi\/austria-highway-vignette-2026-taydellinen-digitale-vinjettiopas\/\">It\u00e4vallasta<\/a>, <a href=\"https:\/\/vignettego.com\/highway-vignette-europe\/fi\/unkarin-moottoritievinjetti-2026-taydellinen-e-matrica-opas\/\">Unkarista<\/a> ja <a href=\"https:\/\/vignettego.com\/highway-vignette-europe\/fi\/slovenian-moottoritievignette-2026-taydellinen-e-vinjeta-opas\/\">Sloveniasta<\/a>. Saat kaikki kohtauksesi yhteen paikkaan <a href=\"https:\/\/vignettego.com\/\" title=\"VignetteGo &#x2013; Euroopan moottoritiekohtaukset\">VignetteGosta<\/a>. <\/p>\n\n<p><strong>Nauti Slovakiasta! \ud83c\uddf8\ud83c\uddf0\ud83c\udfd4\ufe0f <\/strong><\/p>\n\n<p><strong>Aiheeseen liittyv\u00e4t oppaat:<\/strong> <a href=\"https:\/\/vignettego.com\/highway-vignette-europe\/fi\/tsekin-valtatievignette-2026-lopullinen-e-znamka-opas\/\">T\u0161ekkil\u00e4inen E-Znamka<\/a> | <a href=\"https:\/\/vignettego.com\/highway-vignette-europe\/fi\/unkarin-moottoritievinjetti-2026-taydellinen-e-matrica-opas\/\">Unkarin E-Matrica<\/a> | <a href=\"https:\/\/vignettego.com\/\">Kaikki eurooppalaiset vinjetit<\/a><\/p>\n","protected":false},"excerpt":{"rendered":"<p>Slovakia on Keski-Euroopan piilotettu helmi, tarjoten upeita vuoristomaisemia Korkeilla Tatroilla, vieh\u00e4tt\u00e4vi\u00e4 keskiaikaisia kaupunkeja kuten Bardejovia ja Levo\u010daa, salaper\u00e4isi\u00e4 linnoja ja erinomaisia kylpyl\u00f6it\u00e4. Olitpa sitten matkalla Slovakian kautta Puolaan, Ukrainaan tai Unkariin tai tutkimassa t\u00e4t\u00e4 kaunista maata, tarvitset slovakialaisen E-Znamkan (elektronisen vinjetti). T\u00e4m\u00e4 opas kattaa kaiken Slovakian vinjettij\u00e4rjestelm\u00e4st\u00e4 vuodelle 2026: hinnat, voimassaolo, ostopaikan ja olennaiset vinkit [&hellip;]<\/p>\n","protected":false},"author":0,"featured_media":0,"parent":0,"menu_order":0,"comment_status":"closed","ping_status":"closed","template":"","meta":{"footnotes":""},"class_list":["post-359","page","type-page","status-publish","hentry"],"_links":{"self":[{"href":"https:\/\/vignettego.com\/highway-vignette-europe\/fi\/wp-json\/wp\/v2\/pages\/359","targetHints":{"allow":["GET"]}}],"collection":[{"href":"https:\/\/vignettego.com\/highway-vignette-europe\/fi\/wp-json\/wp\/v2\/pages"}],"about":[{"href":"https:\/\/vignettego.com\/highway-vignette-europe\/fi\/wp-json\/wp\/v2\/types\/page"}],"replies":[{"embeddable":true,"href":"https:\/\/vignettego.com\/highway-vignette-europe\/fi\/wp-json\/wp\/v2\/comments?post=359"}],"version-history":[{"count":4,"href":"https:\/\/vignettego.com\/highway-vignette-europe\/fi\/wp-json\/wp\/v2\/pages\/359\/revisions"}],"predecessor-version":[{"id":1396,"href":"https:\/\/vignettego.com\/highway-vignette-europe\/fi\/wp-json\/wp\/v2\/pages\/359\/revisions\/1396"}],"wp:attachment":[{"href":"https:\/\/vignettego.com\/highway-vignette-europe\/fi\/wp-json\/wp\/v2\/media?parent=359"}],"curies":[{"name":"wp","href":"https:\/\/api.w.org\/{rel}","templated":true}]}}