{"id":73,"date":"2025-09-05T00:55:51","date_gmt":"2025-09-05T00:55:51","guid":{"rendered":"https:\/\/vignettego.com\/highway-vignette-europe\/maantee-e-vignette-euroopas-selge-inimlik-ilma-pehmendusteta\/"},"modified":"2026-01-05T22:13:21","modified_gmt":"2026-01-05T22:13:21","slug":"maantee-e-vignette-euroopas-selge-inimlik-ilma-pehmendusteta","status":"publish","type":"page","link":"https:\/\/vignettego.com\/highway-vignette-europe\/et\/","title":{"rendered":"Maantee E-Vignette Euroopas: (selge, inimlik, ilma pehmendusteta)."},"content":{"rendered":"\n<p><em><a href=\"https:\/\/vignettego.com\/\">Maantee vinjett<\/a> Euroopas: (2026 Guide): Kus on vaja ja kuidas osta (2026 Guide)<\/em><\/p>\n\n<p>Kui plaanite autoreisi l\u00e4bi Euroopa, p\u00f5rkute kiiresti s\u00f5nasse, mis k\u00f5lab v\u00e4ljam\u00f5eldud, kuid tegelikult t\u00e4hendab lihtsalt &#8220;ettemaksuga maantee\u00fchendust&#8221;: <strong><a href=\"https:\/\/vignettego.com\/\">vinjett<\/a><\/strong>.  <\/p>\n\n<p>M\u00f5elge sellest kui teie numbrim\u00e4rgiga seotud digitaalsest passist, mis v\u00f5imaldab teil kasutada teatavaid maanteid kindlaksm\u00e4\u00e4ratud aja jooksul. Lihtne idee &#8211; praktikas keeruline, sest eeskirjad on riigiti erinevad. <\/p>\n\n<div style=\"height:30px\" aria-hidden=\"true\" class=\"wp-block-spacer\"><\/div>\n\n<div class=\"wp-block-buttons is-content-justification-center is-layout-flex wp-container-core-buttons-is-layout-a89b3969 wp-block-buttons-is-layout-flex\">\n<div class=\"wp-block-button\"><a class=\"wp-block-button__link wp-element-button\" href=\"https:\/\/vignettego.com\/\">Avasta VignetteGo<\/a><\/div>\n<\/div>\n\n<div style=\"height:30px\" aria-hidden=\"true\" class=\"wp-block-spacer\"><\/div>\n\n<p>J\u00e4rgnevalt on esitatud s\u00f5bralik ja selgepiiriline juhend, mis aitab teil m\u00f5ista, kus vinjette kasutatakse, kuidas osta \u00f5iget vinjetti, kui kaua need kestavad ja kuidas v\u00e4ltida valusaid trahve. Samuti annan teile lihtsa kontrollnimekirja, mida saate j\u00e4rgida enne mootori k\u00e4ivitamist. <\/p>\n\n<p><\/p>\n\n<hr class=\"wp-block-separator has-alpha-channel-opacity\"\/>\n\n<h2 class=\"wp-block-heading\">TL;DR (kiire vastus)<\/h2>\n\n<ul class=\"wp-block-list\">\n<li><strong>Kui ELis on vaja <a href=\"https:\/\/vignettego.com\/\">maanteevignette<\/a> (s\u00f5iduautod, M1 \u2264 3,5t):<\/strong> <strong>Austria, T\u0161ehhi, Ungari, Rumeenia, Slovakkia, Sloveenia, Bulgaaria.<\/strong><br\/>(ka \u0160veits kasutab vinjetti, kuid see ei kuulu ELi).<\/li>\n\n\n\n<li><strong>Kui te ei kasuta vinjette:<\/strong> enamik teisi ELi riike kasutab <strong><a href=\"https:\/\/vignettego.com\/\">teemaksupunkte<\/a>, tasuta teemaksu v\u00f5i ei v\u00f5ta<\/strong> autodelt <strong>makse<\/strong> (nt Prantsusmaa, Itaalia, Hispaania, Portugal, Horvaatia, Poola, Iirimaa M50, Taani\/Rootsi sillad).<\/li>\n\n\n\n<li><strong>Kui kaua vinjette kestab:<\/strong> tavaliselt <strong>l\u00fchiajaline<\/strong> (umbes n\u00e4dal\/10 p\u00e4eva), <strong>igakuine<\/strong> ja <strong>aastane<\/strong> v\u00f5imalus. M\u00f5nes kohas pakutakse ka <strong>1-p\u00e4evaseid<\/strong> v\u00f5i <strong>n\u00e4dalavahetuse<\/strong> variante. <\/li>\n\n\n\n<li><strong>Kuidas osta:<\/strong> veebis m\u00f5ne minutiga. Te valite <strong>riigi<\/strong>, <strong>s\u00f5iduki<\/strong>, <strong>alguskuup\u00e4eva<\/strong> ja <strong>kehtivuse<\/strong>. Pass on seotud teie <strong>numbrim\u00e4rgiga<\/strong>.  <\/li>\n\n\n\n<li><strong>Suurimad vead, mida tuleks v\u00e4ltida:<\/strong> vale plaadijada, vale alguskuup\u00e4ev\/kellaaeg v\u00f5i eeldus, et \u00fcks vinjett t\u00f6\u00f6tab mitmes riigis (see ei toimi).<\/li>\n<\/ul>\n\n<div style=\"height:30px\" aria-hidden=\"true\" class=\"wp-block-spacer\"><\/div>\n\n<div class=\"wp-block-buttons is-content-justification-center is-layout-flex wp-container-core-buttons-is-layout-a89b3969 wp-block-buttons-is-layout-flex\">\n<div class=\"wp-block-button\"><a class=\"wp-block-button__link wp-element-button\" href=\"https:\/\/vignettego.com\/\">Alusta kohe &#8211; VignetteGo<\/a><\/div>\n<\/div>\n\n<div style=\"height:30px\" aria-hidden=\"true\" class=\"wp-block-spacer\"><\/div>\n\n<hr class=\"wp-block-separator has-alpha-channel-opacity\"\/>\n\n<h2 class=\"wp-block-heading\">Mis t\u00e4pselt on vinjett?<\/h2>\n\n<p><strong>Vinjett<\/strong> on <strong>ajap\u00f5hine<\/strong> <a href=\"https:\/\/vignettego.com\/\">maanteepass<\/a>. Erinevalt teemaksupiletist, mis v\u00f5tab tasu kilomeetri v\u00f5i l\u00f5igu kohta, v\u00f5imaldab vinjett selle kehtivusaja jooksul piiramatut s\u00f5itu asjaomases v\u00f5rgustikus (m\u00f5ningate kohalike eranditega). T\u00e4nap\u00e4eval on see enamasti <strong>digitaalne<\/strong>, seega <strong>ei ole kleebise-j\u00e4relevalvekaamerad<\/strong>teie numbrim\u00e4rki kontrollivad.  <\/p>\n\n<p>P\u00f5hipunktid:<\/p>\n\n<ul class=\"wp-block-list\">\n<li><strong>Seotud teie plaadiga:<\/strong> kontrollige kolmekordselt t\u00e4hem\u00e4rke ja riigikoodi.<\/li>\n\n\n\n<li><strong>Ajaline:<\/strong> valite ise, millal kehtivus algab (kohe v\u00f5i tulevikus).<\/li>\n\n\n\n<li><strong>S\u00f5idukiklass on oluline:<\/strong> enamik allpool esitatud eeskirjadest eeldab tavalist s\u00f5iduautot (M1 \u2264 3,5 t).<\/li>\n<\/ul>\n\n<p><\/p>\n\n<hr class=\"wp-block-separator has-alpha-channel-opacity\"\/>\n\n<h2 class=\"wp-block-heading\">Kui teil on seda vaja (s\u00f5iduautod)<\/h2>\n\n<p><strong>ELi riigid, kes kasutavad autode jaoks vinjettide s\u00fcsteemi:<\/strong><\/p>\n\n<ul class=\"wp-block-list\">\n<li><strong>Austria (AT)<\/strong><\/li>\n\n\n\n<li><strong>T\u0161ehhi Vabariik (CZ)<\/strong><\/li>\n\n\n\n<li><strong>Ungari (HU)<\/strong><\/li>\n\n\n\n<li><strong>Rumeenia (RO)<\/strong> (sageli nimetatakse <em><a href=\"https:\/\/vignettego.com\/\">roviniet\u0103<\/a><\/em>)<\/li>\n\n\n\n<li><strong>Slovakkia (SK)<\/strong><\/li>\n\n\n\n<li><strong>Sloveenia (SI)<\/strong><\/li>\n\n\n\n<li><strong>Bulgaaria (BG)<\/strong><\/li>\n<\/ul>\n\n<p><strong>V\u00e4ljaspool ELi, kuid \u00fcldiselt juhitud:<\/strong><\/p>\n\n<ul class=\"wp-block-list\">\n<li><strong>\u0160veits (CH)<\/strong> &#8211; n\u00f5utav vinjett (saadaval digitaalne v\u00f5imalus).<\/li>\n<\/ul>\n\n<div style=\"height:30px\" aria-hidden=\"true\" class=\"wp-block-spacer\"><\/div>\n\n<div class=\"wp-block-buttons is-content-justification-center is-layout-flex wp-container-core-buttons-is-layout-a89b3969 wp-block-buttons-is-layout-flex\">\n<div class=\"wp-block-button\"><a class=\"wp-block-button__link wp-element-button\" href=\"https:\/\/vignettego.com\/\">Proovige VignetteGo<\/a><\/div>\n<\/div>\n\n<div style=\"height:30px\" aria-hidden=\"true\" class=\"wp-block-spacer\"><\/div>\n\n<p>K\u00f5igi teiste jaoks on oodata <strong>teemaksupunkte<\/strong> (piletiga sisse-v\u00e4lja v\u00f5i ilma t\u00f5kkepuudeta kaameratolli), <strong>sillamaksu<\/strong> v\u00f5i autoteede <strong>maksude puudumist<\/strong>.<\/p>\n\n<blockquote class=\"wp-block-quote is-layout-flow wp-block-quote-is-layout-flow\">\n<p><strong>Head-up:<\/strong> \u00dche riigi jaoks ostetud <a href=\"https:\/\/vignettego.com\/\">e-m\u00e4rgis<\/a> <strong>ei<\/strong> h\u00f5lma teist riiki. Viie vinjeti riikide \u00fcletamine? Teil on vaja viit eraldi vinjetti.  <\/p>\n<\/blockquote>\n\n<hr class=\"wp-block-separator has-alpha-channel-opacity\"\/>\n\n<h2 class=\"wp-block-heading\">T\u00fc\u00fcpilised kehtivusvalikud ja nende t\u00e4hendus<\/h2>\n\n<p>Pakkumised varieeruvad riigiti, kuid autode puhul n\u00e4ete tavaliselt:<\/p>\n\n<ul class=\"wp-block-list\">\n<li><strong>L\u00fchiajaline<\/strong>: umbes <strong>7-10 p\u00e4eva<\/strong> (sobib suurep\u00e4raselt puhkuseks v\u00f5i n\u00e4dalavahetuse reisiks)<\/li>\n\n\n\n<li><strong>Igakuiselt<\/strong>: Alates valitud alguskuup\u00e4evast ~30<strong>p\u00e4eva<\/strong> <\/li>\n\n\n\n<li><strong>Aastane<\/strong>: kalendriaasta v\u00f5i 12 kuud alates algusest (s\u00f5ltub riigist).<\/li>\n\n\n\n<li><strong>Juhuslikud lisad<\/strong>: <strong>1 p\u00e4eva<\/strong> v\u00f5i <strong>n\u00e4dalavahetuse<\/strong> passid, kui need on saadaval<\/li>\n<\/ul>\n\n<p><strong>Pro n\u00f5uanne:<\/strong> kui teie reis j\u00e4\u00e4b mitme kuu vahele (nt juuni l\u00f5pp \u2192 juuli algus), v\u00f5rrelge kahte l\u00fchiajalist ja \u00fchte igakuist reisi &#8211; hinnad v\u00f5ivad teid \u00fcllatada.<\/p>\n\n<div style=\"height:30px\" aria-hidden=\"true\" class=\"wp-block-spacer\"><\/div>\n\n<div class=\"wp-block-buttons is-content-justification-center is-layout-flex wp-container-core-buttons-is-layout-a89b3969 wp-block-buttons-is-layout-flex\">\n<div class=\"wp-block-button\"><a class=\"wp-block-button__link wp-element-button\" href=\"https:\/\/vignettego.com\/\">Alusta VignetteGoga<\/a><\/div>\n<\/div>\n\n<div style=\"height:30px\" aria-hidden=\"true\" class=\"wp-block-spacer\"><\/div>\n\n<hr class=\"wp-block-separator has-alpha-channel-opacity\"\/>\n\n<h2 class=\"wp-block-heading\">Kuidas hinnakujundus toimib (lihtsas inglise keeles)<\/h2>\n\n<ul class=\"wp-block-list\">\n<li><a href=\"https:\/\/vignettego.com\/\">Vinjettide<\/a> puhul on tegemist <strong>kindla tasu maksmisega<\/strong> ajaakna eest.<\/li>\n\n\n\n<li>Hinnad erinevad <strong>riigiti<\/strong> ja m\u00f5nikord ka <strong>s\u00f5idukiklassiti<\/strong> (s\u00f5iduauto vs. kaubik, haagise eeskirjad jne).<\/li>\n\n\n\n<li>Sageli maksate <strong>kohalikus v\u00e4\u00e4ringus<\/strong>; kui ostate mitme riigi teenuse kaudu, saate selguse huvides n\u00e4idata <strong>oma v\u00e4\u00e4ringut<\/strong>.<\/li>\n<\/ul>\n\n<p>Selle asemel, et meelde j\u00e4tta t\u00e4pseid numbreid (need muutuvad), otsustage <strong>k\u00f5igepealt kestus<\/strong> ja ostke iga marsruudil oleva riigi jaoks sobiv variant.<\/p>\n\n<p><\/p>\n\n<hr class=\"wp-block-separator has-alpha-channel-opacity\"\/>\n\n<h2 class=\"wp-block-heading\">Ostmine: samm-sammult, mis lihtsalt t\u00f6\u00f6tab<\/h2>\n\n<ol class=\"wp-block-list\">\n<li><strong>Loetlege oma riigid<\/strong> (ainult need, millel on vinjetid).<\/li>\n\n\n\n<li>Valige iga\u00fche jaoks <strong>kehtivus<\/strong> (l\u00fchiajaline\/kuu\/aastane) ja <strong>alguskuup\u00e4ev<\/strong>.<\/li>\n\n\n\n<li>Sisestage <strong>numbrim\u00e4rkide riik<\/strong> (nt CZ\/DE\/AT) ja <strong>numbrim\u00e4rkide rida<\/strong> t\u00e4pselt nii, nagu see on teie registreeringus.<\/li>\n\n\n\n<li>Lisage <strong>kontaktisiku e-posti aadress<\/strong> ja <strong>telefon<\/strong> (kviitungite ja hoiatuste jaoks).<\/li>\n\n\n\n<li>Makske kindlalt ja kontrollige <strong>kinnitust &#8211;<\/strong>veenduge, et <strong>plaat<\/strong> ja <strong>kuup\u00e4evad<\/strong> on \u00f5iged.<\/li>\n\n\n\n<li><strong>Salvestage\/tr\u00fckkige<\/strong> oma kinnitused (PDF-dokumendid\/t\u00f5endid).<\/li>\n\n\n\n<li>Kui plaanid muutuvad, kontrollige, kas teie vinjetti saab <strong>kohandada v\u00f5i raha tagasi maksta<\/strong> (reeglid on erinevad).<\/li>\n<\/ol>\n\n<div style=\"height:30px\" aria-hidden=\"true\" class=\"wp-block-spacer\"><\/div>\n\n<div class=\"wp-block-buttons is-content-justification-center is-layout-flex wp-container-core-buttons-is-layout-a89b3969 wp-block-buttons-is-layout-flex\">\n<div class=\"wp-block-button\"><a class=\"wp-block-button__link wp-element-button\" href=\"https:\/\/vignettego.com\/\">Proovige VignetteGo<\/a><\/div>\n<\/div>\n\n<div style=\"height:30px\" aria-hidden=\"true\" class=\"wp-block-spacer\"><\/div>\n\n<hr class=\"wp-block-separator has-alpha-channel-opacity\"\/>\n\n<h2 class=\"wp-block-heading\">\u00dchised probleemid (et sa ei \u00f5piks raskelt)<\/h2>\n\n<ul class=\"wp-block-list\">\n<li><strong>Vale plaat<\/strong>: &#8220;O&#8221; vs &#8220;0&#8221;, lisav\u00e4lja, vale riigikood &#8211; kaamerad ei hooli sellest, et tegemist oli tr\u00fckivigastusega.<\/li>\n\n\n\n<li><strong>Alguskuup\u00e4ev\/aeg ei sobi<\/strong>: <em>homseks<\/em> seatud <a href=\"https:\/\/vignettego.com\/\">evignette<\/a> ei kaitse teid <em>t\u00e4na<\/em>.<\/li>\n\n\n\n<li><strong>Eeldades, et \u00fcks l\u00e4bip\u00e4\u00e4s t\u00f6\u00f6tab k\u00f5ikjal<\/strong>: see ei toimi. Osta iga riigi kohta. <\/li>\n\n\n\n<li><strong>Rendiautoga s\u00f5itmine<\/strong>: kinnitage l\u00f5plik numbrim\u00e4rk (m\u00f5ned agentuurid vahetavad autosid viimasel minutil).<\/li>\n\n\n\n<li><strong>Mitu juhti<\/strong>: vinjett j\u00e4rgib <strong>autot<\/strong>, mitte isikut.<\/li>\n\n\n\n<li><strong>Haagised\/katusekastid<\/strong>: m\u00f5nes riigis on eriklassid &#8211; uurige eeskirju enne ostmist.<\/li>\n<\/ul>\n\n<div style=\"height:30px\" aria-hidden=\"true\" class=\"wp-block-spacer\"><\/div>\n\n<div class=\"wp-block-buttons is-content-justification-center is-layout-flex wp-container-core-buttons-is-layout-a89b3969 wp-block-buttons-is-layout-flex\">\n<div class=\"wp-block-button\"><a class=\"wp-block-button__link wp-element-button\" href=\"https:\/\/vignettego.com\/\">Alusta kohe &#8211; VignetteGo<\/a><\/div>\n<\/div>\n\n<div style=\"height:30px\" aria-hidden=\"true\" class=\"wp-block-spacer\"><\/div>\n\n<hr class=\"wp-block-separator has-alpha-channel-opacity\"\/>\n\n<h2 class=\"wp-block-heading\"><a href=\"https:\/\/vignettego.com\/\">Vignette<\/a> vs. teemaksud vs. linnamaksud<\/h2>\n\n<ul class=\"wp-block-list\">\n<li><strong>Vignette<\/strong>: ajap\u00f5hine kiirteev\u00f5rgu pilet (Euroopa &#8220;tellimusmudel&#8221;).<\/li>\n\n\n\n<li><strong>Teemaksuga teed<\/strong>: tasuline l\u00e4bis\u00f5it (nt Itaalias, Prantsusmaal, Hispaanias, osades Horvaatias\/Poolas).<\/li>\n\n\n\n<li><strong>Vabavoolumaksud<\/strong>: ei ole kabinette &#8211; kaamerad loevad teie numbrim\u00e4rki, te <strong>maksate p\u00e4rast seda internetis<\/strong> (nt Iirimaa M50, valitud Prantsuse\/Portugali teel\u00f5igud).<\/li>\n\n\n\n<li><strong>Linna\/LEZ tasud<\/strong>: eraldi linnamaksud v\u00f5i <strong>keskkonnav\u00f6\u00f6ndid<\/strong> &#8211; ei ole kaetud vinjettidega.<\/li>\n<\/ul>\n\n<p>Pika reisi planeerimisel v\u00f5ib teil olla vaja <strong>kombinatsiooni<\/strong>: vinjett \u00fches riigis, <strong>sillamaks<\/strong> teises riigis ja <strong>linnamaks<\/strong> saabumisel.<\/p>\n\n<p><\/p>\n\n<hr class=\"wp-block-separator has-alpha-channel-opacity\"\/>\n\n<h2 class=\"wp-block-heading\">Lihtne reisieelne kontrollnimekiri (kopeeri\/ kleebi see sisse)<\/h2>\n\n<ul class=\"wp-block-list\">\n<li>Marsruut kaardistatud koos <strong>riikide nimekirjaga<\/strong><\/li>\n\n\n\n<li>Iga vinjettiriigi puhul: <strong>kestus<\/strong> + valitud <strong>alguskuup\u00e4ev<\/strong> <\/li>\n\n\n\n<li><strong>Plaadi riik<\/strong> + <strong>t\u00e4pne plaat<\/strong> kinnitatud (foto aitab)<\/li>\n\n\n\n<li><strong>E-post ja telefon<\/strong> lisatud kinnituste ja meeldetuletuste jaoks<\/li>\n\n\n\n<li>PDF-failide salvestamine telefoni\/pilve<\/li>\n\n\n\n<li>Rentimise korral: kinnitage enne piiri\u00fcletust <strong>l\u00f5plik plaat<\/strong>.<\/li>\n\n\n\n<li>Hoidke <strong>v\u00e4ike sularaha\/kaardipuhver<\/strong> ootamatute teemaksude v\u00f5i sildade jaoks.<\/li>\n<\/ul>\n\n<div style=\"height:30px\" aria-hidden=\"true\" class=\"wp-block-spacer\"><\/div>\n\n<div class=\"wp-block-buttons is-content-justification-center is-layout-flex wp-container-core-buttons-is-layout-a89b3969 wp-block-buttons-is-layout-flex\">\n<div class=\"wp-block-button\"><a class=\"wp-block-button__link wp-element-button\" href=\"https:\/\/vignettego.com\/\">Alusta VignetteGoga<\/a><\/div>\n<\/div>\n\n<div style=\"height:30px\" aria-hidden=\"true\" class=\"wp-block-spacer\"><\/div>\n\n<hr class=\"wp-block-separator has-alpha-channel-opacity\"\/>\n\n<h2 class=\"wp-block-heading\">KKK (asjad, mida inimesed alati k\u00fcsivad)<\/h2>\n\n<p><strong>Kas \u00fcks &#8220;<a href=\"https:\/\/vignettego.com\/\">ELi vinjett<\/a>&#8221; kehtib kogu Euroopas?<\/strong><br\/>Ei. Vinjetid on <strong>riigip\u00f5hised<\/strong>. <\/p>\n\n<p><strong>Kas ma saan kuup\u00e4evi muuta v\u00f5i raha tagasi saada?<\/strong><br\/>M\u00f5nikord, kuid reeglid on erinevad. M\u00f5ned digipassid lubavad <strong>tulevasi alguskuup\u00e4evi<\/strong> ja piiratud muudatusi; teised on <strong>l\u00f5plikud<\/strong>, kui need on juba aktiivsed. Kontrollige alati konkreetse riigi tingimusi.  <\/p>\n\n<p><strong>Kas mootorrattad vajavad vinjette?<\/strong><br\/>Sageli jah (m\u00f5nikord madalama hinnaga), kuid \u00fcksikasjad on riigiti erinevad.<\/p>\n\n<p><strong>Mis juhtub, kui ma s\u00f5idan ilma kehtiva vinjetita?<\/strong><br\/>Automaatne j\u00f5ustamine ja liikluskontrollid v\u00f5ivad kaasa tuua <strong>kohapealseid tasusid v\u00f5i trahve &#8211; tavaliselt<\/strong>palju suuremaid kui vinjett ise.<\/p>\n\n<p><strong>Kas <a href=\"https:\/\/vignettego.com\/\">vinjetid<\/a> katavad ka linna ummikuid v\u00f5i v\u00e4hese emissiooniga tsoone?<\/strong><br\/>Ei. Need on eraldi kohalikud tasud, millel on oma eeskirjad. <\/p>\n\n<p><\/p>\n\n<hr class=\"wp-block-separator has-alpha-channel-opacity\"\/>\n\n<h2 class=\"wp-block-heading\">L\u00f5pps\u00f5na<\/h2>\n\n<p>Vinjettide kasutamine on lihtne, kui tunned skeemi: <strong>riik \u2192 kehtivus \u2192 plaat \u2192 alguskuup\u00e4ev \u2192 kinnitus<\/strong>. Tehke seda iga vinjettiriigi puhul oma marsruudil ja te olete kuldne.   <\/p>\n\n<p>Kui soovite, et \u00fcks koht k\u00e4sitleks mitut riiki korraga, kasutage teenust, mis toetab <strong>mitut keelt ja mitut valuutat<\/strong>, saadab <strong>PDF-kinnitusi<\/strong> ja &#8211; ideaalis &#8211; tuletab teile meelde, enne kui teie pass aegub.<\/p>\n\n<p>Saate proovida VignetteGo.com:<\/p>\n\n<div style=\"height:30px\" aria-hidden=\"true\" class=\"wp-block-spacer\"><\/div>\n\n<div class=\"wp-block-buttons is-content-justification-center is-layout-flex wp-container-core-buttons-is-layout-a89b3969 wp-block-buttons-is-layout-flex\">\n<div class=\"wp-block-button\"><a class=\"wp-block-button__link wp-element-button\" href=\"https:\/\/vignettego.com\/\">Avasta VignetteGo<\/a><\/div>\n<\/div>\n\n<div style=\"height:30px\" aria-hidden=\"true\" class=\"wp-block-spacer\"><\/div>\n\n<h2 class=\"wp-block-heading\">Sildid:<\/h2>\n\n<p class=\"has-medium-font-size\">vinjett, teemaks, <a href=\"https:\/\/vignettego.com\/\">teemaks<\/a>, teemaksupunkt, teemaksupunkt, teemaksukaart, teemaksupass, teemaksupilet, teemaksupilet, teemaks, teemaks, teetasu, teepass, kleebis, luba, pass, evignette, e-vignette, <a href=\"https:\/\/vignettego.com\/\">tollsticker<\/a>, highwaypass, motorwaypass, carpass.<\/p>\n\n<p><\/p>\n","protected":false},"excerpt":{"rendered":"<p>Maantee vinjett Euroopas: (2026 Guide): Kus on vaja ja kuidas osta (2026 Guide) Kui plaanite autoreisi l\u00e4bi Euroopa, p\u00f5rkute kiiresti s\u00f5nasse, mis k\u00f5lab v\u00e4ljam\u00f5eldud, kuid tegelikult t\u00e4hendab lihtsalt &#8220;ettemaksuga maantee\u00fchendust&#8221;: vinjett. M\u00f5elge sellest kui teie numbrim\u00e4rgiga seotud digitaalsest passist, mis v\u00f5imaldab teil kasutada teatavaid maanteid kindlaksm\u00e4\u00e4ratud aja jooksul. Lihtne idee &#8211; praktikas keeruline, sest eeskirjad [&hellip;]<\/p>\n","protected":false},"author":1,"featured_media":75,"parent":0,"menu_order":0,"comment_status":"open","ping_status":"closed","template":"","meta":{"footnotes":""},"class_list":["post-73","page","type-page","status-publish","has-post-thumbnail","hentry"],"_links":{"self":[{"href":"https:\/\/vignettego.com\/highway-vignette-europe\/et\/wp-json\/wp\/v2\/pages\/73","targetHints":{"allow":["GET"]}}],"collection":[{"href":"https:\/\/vignettego.com\/highway-vignette-europe\/et\/wp-json\/wp\/v2\/pages"}],"about":[{"href":"https:\/\/vignettego.com\/highway-vignette-europe\/et\/wp-json\/wp\/v2\/types\/page"}],"author":[{"embeddable":true,"href":"https:\/\/vignettego.com\/highway-vignette-europe\/et\/wp-json\/wp\/v2\/users\/1"}],"replies":[{"embeddable":true,"href":"https:\/\/vignettego.com\/highway-vignette-europe\/et\/wp-json\/wp\/v2\/comments?post=73"}],"version-history":[{"count":1,"href":"https:\/\/vignettego.com\/highway-vignette-europe\/et\/wp-json\/wp\/v2\/pages\/73\/revisions"}],"predecessor-version":[{"id":77,"href":"https:\/\/vignettego.com\/highway-vignette-europe\/et\/wp-json\/wp\/v2\/pages\/73\/revisions\/77"}],"wp:featuredmedia":[{"embeddable":true,"href":"https:\/\/vignettego.com\/highway-vignette-europe\/et\/wp-json\/wp\/v2\/media\/75"}],"wp:attachment":[{"href":"https:\/\/vignettego.com\/highway-vignette-europe\/et\/wp-json\/wp\/v2\/media?parent=73"}],"curies":[{"name":"wp","href":"https:\/\/api.w.org\/{rel}","templated":true}]}}