{"id":646,"date":"2026-01-04T01:39:43","date_gmt":"2026-01-04T01:39:43","guid":{"rendered":"https:\/\/vignettego.com\/highway-vignette-europe\/rumeenia-maantee-vignett-2026-taielik-rovinieta-juhend\/"},"modified":"2026-01-04T12:40:16","modified_gmt":"2026-01-04T12:40:16","slug":"rumeenia-maantee-vignett-2026-taielik-rovinieta-juhend","status":"publish","type":"page","link":"https:\/\/vignettego.com\/highway-vignette-europe\/et\/rumeenia-maantee-vignett-2026-taielik-rovinieta-juhend\/","title":{"rendered":"Rumeenia maantee vignett 2026: t\u00e4ielik Rovinieta juhend"},"content":{"rendered":"\n<script type=\"application\/ld+json\">{\n    \"@context\": \"https:\/\/schema.org\",\n    \"@graph\": [\n        {\n            \"@type\": \"Article\",\n            \"@id\": \"https:\/\/vignettego.com\/highway-vignette-europe\/romania-highway-vignette-guide\/#article\",\n            \"headline\": \"Romania Highway Vignette 2026: Complete Rovinieta Guide\",\n            \"description\": \"Everything about Romanian electronic highway vignettes (Rovinieta). Europe most affordable toll system! Learn about pricing, validity, Transylvania routes, and the famous Transf\u0103g\u0103r\u0103\u0219an road.\",\n            \"image\": \"https:\/\/vignettego.com\/highway-vignette-europe\/wp-content\/uploads\/2026\/09\/Highway-Vignette-Europe.jpg\",\n            \"datePublished\": \"2026-01-04\",\n            \"dateModified\": \"2026-01-04\",\n            \"author\": {\"@type\": \"Organization\", \"name\": \"VignetteGo\", \"url\": \"https:\/\/vignettego.com\"},\n            \"publisher\": {\"@type\": \"Organization\", \"name\": \"VignetteGo\"},\n            \"mainEntityOfPage\": {\"@type\": \"WebPage\", \"@id\": \"https:\/\/vignettego.com\/highway-vignette-europe\/romania-highway-vignette-guide\/\"},\n            \"articleSection\": \"Highway Vignettes\",\n            \"keywords\": [\"Romania vignette\", \"Rovinieta\", \"Romania highway toll\", \"Romanian motorway pass\", \"Transylvania road trip\", \"Transfagarasan\"],\n            \"inLanguage\": \"en\",\n            \"speakable\": {\"@type\": \"SpeakableSpecification\", \"cssSelector\": [\".article-intro\", \"#faq-section\"]}\n        },\n        {\n            \"@type\": \"BreadcrumbList\",\n            \"itemListElement\": [\n                {\"@type\": \"ListItem\", \"position\": 1, \"name\": \"VignetteGo\", \"item\": \"https:\/\/vignettego.com\/\"},\n                {\"@type\": \"ListItem\", \"position\": 2, \"name\": \"Highway Vignette Europe\", \"item\": \"https:\/\/vignettego.com\/highway-vignette-europe\/\"},\n                {\"@type\": \"ListItem\", \"position\": 3, \"name\": \"Romania Guide\", \"item\": \"https:\/\/vignettego.com\/highway-vignette-europe\/romania-highway-vignette-guide\/\"}\n            ]\n        },\n        {\n            \"@type\": \"FAQPage\",\n            \"mainEntity\": [\n                {\"@type\": \"Question\", \"name\": \"How much does the Romanian Rovinieta cost?\", \"acceptedAnswer\": {\"@type\": \"Answer\", \"text\": \"The Romanian Rovinieta is Europe cheapest highway vignette! A 7-day vignette costs approximately EUR 3.50, 30-day costs EUR 7, and annual costs just EUR 28.\"}},\n                {\"@type\": \"Question\", \"name\": \"Where can I buy the Romanian Rovinieta?\", \"acceptedAnswer\": {\"@type\": \"Answer\", \"text\": \"You can buy the Rovinieta online at VignetteGo or the official roviniete.ro website, or at gas stations and border crossings in Romania. Online purchase is recommended for convenience.\"}},\n                {\"@type\": \"Question\", \"name\": \"Is the Transf\u0103g\u0103r\u0103\u0219an road toll-free?\", \"acceptedAnswer\": {\"@type\": \"Answer\", \"text\": \"Yes, the Transf\u0103g\u0103r\u0103\u0219an (DN7C) is a national road, not a motorway, so no Rovinieta is needed specifically for it. However, you will likely use toll roads to reach it, so a Rovinieta is still recommended.\"}},\n                {\"@type\": \"Question\", \"name\": \"What are the fines for driving without Rovinieta?\", \"acceptedAnswer\": {\"@type\": \"Answer\", \"text\": \"Fines for driving without a valid Rovinieta range from EUR 50-200 depending on how far you traveled without one. With a 7-day vignette costing just EUR 3.50, there is no reason to risk a fine.\"}},\n                {\"@type\": \"Question\", \"name\": \"Which roads require Rovinieta in Romania?\", \"acceptedAnswer\": {\"@type\": \"Answer\", \"text\": \"The Rovinieta is required on all national roads (DN roads) and motorways (autostrada) in Romania. This includes the A1, A2, A3, A10, and all DN-numbered roads.\"}}\n            ]\n        }\n    ]\n}\n<\/script>\n\n<figure class=\"wp-block-image aligncenter size-large\"><img decoding=\"async\" src=\"https:\/\/vignettego.com\/highway-vignette-europe\/wp-content\/uploads\/2026\/09\/Highway-Vignette-Europe.jpg\" alt=\"Rumeenia Rovinieta 2026 &#x2013; t&#xE4;ielik juhend Rumeenia maanteede vignettis&#xFC;steemi kohta\" style=\"width:100%; height:auto; margin-bottom:20px;\"\/><\/figure>\n\n<p class=\"article-intro\">Rumeenia pakub m\u00f5ningaid Euroopa k\u00f5ige suurejoonelisemaid autoreiside sihtkohti \u2013 alates Transilvaania legendaarsetest lossidest kuni vapustavate Musta mere randadeni, majesteetlikest Karpaatide m\u00e4gedest kuni ainulaadse Doonau deltani. Ja siin on parim uudis: Rumeenias on <strong>Euroopa k\u00f5ige taskukohasem maanteevignett<\/strong>, mida nimetatakse <strong>Rovinietaks<\/strong>. Vaid m\u00f5ne euro eest n\u00e4dalas on Rumeenia avastamine autoga uskumatult soodsam. See p\u00f5hjalik juhend h\u00f5lmab k\u00f5ike, mida peate teadma Rumeenia tasuliste teede kohta aastal 2026, sealhulgas kuulsat Transf\u0103g\u0103r\u0103\u0219ani \u2013 \u00fcht maailma parimat s\u00f5iduteid.   <\/p>\n\n<div style=\"height:25px\" aria-hidden=\"true\" class=\"wp-block-spacer\"><\/div>\n\n<div class=\"wp-block-buttons is-content-justification-center is-layout-flex wp-container-core-buttons-is-layout-a89b3969 wp-block-buttons-is-layout-flex\">\n<div class=\"wp-block-button\"><a class=\"wp-block-button__link wp-element-button\" href=\"https:\/\/vignettego.com\/\" style=\"background-color:#0066cc;color:#ffffff;padding:15px 30px;font-size:18px;border-radius:8px;\">\ud83d\ude97 Hangi oma Rumeenia Rovinieta VignetteGo-st<\/a><\/div>\n<\/div>\n\n<div style=\"height:25px\" aria-hidden=\"true\" class=\"wp-block-spacer\"><\/div>\n\n<h2 class=\"wp-block-heading\">\ud83c\uddf7\ud83c\uddf4 Mis on Rumeenia rovinieta?<\/h2>\n\n<p>Rumeenia kasutab <strong>ajap\u00f5hist elektroonilist tasus\u00fcsteemi<\/strong> nimega <strong>Rovinieta<\/strong> (rumeenia keeles &#8220;road vignette&#8221;). S\u00fcsteem on t\u00e4ielikult digitaalne \u2013 sinu numbrim\u00e4rk on registreeritud keskandmebaasis ja kinnitatud j\u00e4relevalvekaameratega \u00fcle kogu riigi. F\u00fc\u00fcsilist kleebist pole vaja; K\u00f5ik on elektrooniline.  <\/p>\n\n<p>Rovinieta h\u00f5lmab k\u00f5iki riigiteid (DN &#8211; drum na\u021bional) ja kiirteid (autostrad\u0103) Rumeenias. S\u00fcsteemi haldab CNAIR (Compania Na\u021bional\u0103 de Administrare a Infrastructurii Rutiere) ning vinjette saab osta veebist, mis teeb selle k\u00fclastajatele \u00e4\u00e4rmiselt mugavaks. <\/p>\n\n<h2 class=\"wp-block-heading\">\ud83d\udccb Rumeenia Rovinieta hinnad 2026 \ud83d\udcb0 ODAVAIM EUROOPAS!<\/h2>\n\n<p>Rumeenia pakub k\u00f5ige <strong>taskukohasemaid maanteevinjeti hindu kogu Euroopas<\/strong>. Siin on p\u00f5hjus, miks Rumeenia peaks olema iga eelarvelise maanteereisi nimekirja tipus: <\/p>\n\n<figure class=\"wp-block-table\"><table><thead><tr><th>Kehtivusaeg<\/th><th>Autod (kuni 3,5t)<\/th><th>Mootorrattad<\/th><\/tr><\/thead><tbody><tr><td><strong>7 p\u00e4eva<\/strong><\/td><td>~EUR 3,50<\/td><td>~EUR 1,80<\/td><\/tr><tr><td><strong>30 p\u00e4eva<\/strong><\/td><td>~EUR 7.00<\/td><td>~EUR 3,50<\/td><\/tr><tr><td><strong>90 p\u00e4eva<\/strong><\/td><td>~EUR 13.00<\/td><td>~EUR 6.50<\/td><\/tr><tr><td><strong>Aastaraamat<\/strong><\/td><td>~EUR 28.00<\/td><td>~EUR 14.00<\/td><\/tr><\/tbody><\/table><\/figure>\n\n<p><strong>Jah, sa lugesid \u00f5igesti!<\/strong>  N\u00e4dal piiramatut s\u00f5itu k\u00f5igil Rumeenia riigiteedel ja kiirteedel vaid 3,50 euro eest. V\u00f5rdle seda \u0160veitsiga (40 eurot aastase vinjeti eest, l\u00fchemaid valikuid pole) v\u00f5i Austriaga (11,50 eurot 10 p\u00e4eva eest) ja n\u00e4ed, miks Rumeenia on maanteereisi unistus. <\/p>\n\n<div style=\"height:25px\" aria-hidden=\"true\" class=\"wp-block-spacer\"><\/div>\n\n<div class=\"wp-block-buttons is-content-justification-center is-layout-flex wp-container-core-buttons-is-layout-a89b3969 wp-block-buttons-is-layout-flex\">\n<div class=\"wp-block-button\"><a class=\"wp-block-button__link wp-element-button\" href=\"https:\/\/vignettego.com\/\" style=\"background-color:#28a745;color:#ffffff;padding:15px 30px;font-size:18px;border-radius:8px;\">\u2705 Hangi oma Euroopa vinjetid \u2013 k\u00f5ik riigid \u2013 VignetteGo&#8217;st<\/a><\/div>\n<\/div>\n\n<div style=\"height:25px\" aria-hidden=\"true\" class=\"wp-block-spacer\"><\/div>\n\n<h2 class=\"wp-block-heading\">\ud83d\udee3\ufe0f Rumeenia teedev\u00f5rk<\/h2>\n\n<p>Rumeenia on kiiresti laiendanud oma kiirteede v\u00f5rku, kuigi suur osa riigist on endiselt teenindatud riigimaanteedega (DN teed). Siin on peamised marsruudid: <\/p>\n\n<h3 class=\"wp-block-heading\">A1 \u2013 Bukarestist Pite\u0219ti&#8217;ni ja kaugemale<\/h3>\n\n<p>Vanim Rumeenia kiirtee, mis <strong>\u00fchendab Bukaresti Pite\u0219tiga<\/strong> (umbes 110 km). Pikendused Sibiu suunas j\u00e4tkuvad. See on peamine marsruut Transilvaaniasse Bukarestist, \u00fchendades DN7 ja DN1-ga edasiliikumiseks.  <\/p>\n\n<h3 class=\"wp-block-heading\">A2 \u2013 Bukarestist Constan\u021basse (Sun kiirtee)<\/h3>\n\n<p><strong>Autostrada Soarelui<\/strong> (P\u00e4ikese kiirtee) \u00fchendab <strong>Bukaresti Constan\u021ba<\/strong> ja Musta mere rannikuga. Umbes 200 km. See on peamine marsruut rannapuhkusteks Mamaiasse, Constan\u021basse, Vama Vechesse ja teistesse rannikukuurortidesse.  <\/p>\n\n<h3 class=\"wp-block-heading\">A3 \u2013 Transilvaania kiirtee (ehitusj\u00e4rgus)<\/h3>\n\n<p>Valmides \u00fchendab see Bukaresti Bra\u0219oviga, j\u00e4tkates Transilvaania kaudu Ungari piirini. Praegu on avatud mitmed l\u00f5igud, sealhulgas Turda ja Cluj-Napoca \u00fcmbruses. <\/p>\n\n<h3 class=\"wp-block-heading\">A10 \u2013 Sebe\u0219ist Turdani<\/h3>\n\n<p>Osa tulevasest Transilvaania koridorist, mis \u00fchendab v\u00f5tmelinnu Rumeenia keskosas.<\/p>\n\n<h3 class=\"wp-block-heading\">DN1 \u2013 Klassikaline Transilvaania marsruut<\/h3>\n\n<p>Legendaarne <strong>DN1 (E60)<\/strong> \u00fchendab Bukaresti Bra\u0219oviga, j\u00e4tkates Transilvaania s\u00fcdame kaudu Sibiu, Alba Iulia, Cluj-Napoca ja edasi Ungarisse. See ajalooline marsruut l\u00e4bib vapustavat m\u00e4gimaastikku ja keskaegseid linnu. <\/p>\n\n<h2 class=\"wp-block-heading\">\ud83c\udfd4\ufe0f Transf\u0103g\u0103r\u0103\u0219an \u2013 maailma parim s\u00f5idutee<\/h2>\n\n<p><strong>Transf\u0103g\u0103r\u0103\u0219ani maanteed (DN7C)<\/strong> on Top Geari poolt nimetatud &#8220;maailma parimaks teeks&#8221;. See muljetavaldav m\u00e4gitee l\u00e4bib F\u0103g\u0103ra\u0219i m\u00e4gesid 2 042 meetri k\u00f5rgusel, pakkudes dramaatilisi juuksen\u00f5elp\u00f6\u00f6rdeid, tunneleid ja hingematvaid vaateid. <\/p>\n\n<p><strong>Oluline info:<\/strong><\/p>\n\n<ul class=\"wp-block-list\">\n<li><strong>Pikkus:<\/strong> Umbes 90 km m\u00e4giteed<\/li>\n<li><strong>Ava:<\/strong> Tavaliselt juuni l\u00f5pust oktoobri l\u00f5puni (s\u00f5ltuvalt ilmast)<\/li>\n<li><strong>Marsruut:<\/strong> \u00dchendab Curtea de Arge\u0219i Sibiuga l\u00e4bi F\u0103g\u0103ra\u0219i m\u00e4gede<\/li>\n<li><strong>Olulisemad hetked:<\/strong> B\u00e2lea j\u00e4rv (liustikuj\u00e4rv tipus), B\u00e2lea juga, vapustav alpimaastik<\/li>\n<li><strong>Tasu:<\/strong> Transf\u0103g\u0103r\u0103\u0219an ise on riigitee (DN), seega Rovinieta j\u00e4rel t\u00e4iendavat tasu ei ole<\/li>\n<\/ul>\n\n<p><strong>Nipp:<\/strong> Tee on suvel v\u00e4ga populaarne. Alusta varahommikul, et v\u00e4ltida rahvahulki ja nautida parimat fotograafiavalgust. <\/p>\n\n<div style=\"height:25px\" aria-hidden=\"true\" class=\"wp-block-spacer\"><\/div>\n\n<div class=\"wp-block-buttons is-content-justification-center is-layout-flex wp-container-core-buttons-is-layout-a89b3969 wp-block-buttons-is-layout-flex\">\n<div class=\"wp-block-button\"><a class=\"wp-block-button__link wp-element-button\" href=\"https:\/\/vignettego.com\/\" style=\"background-color:#ff6600;color:#ffffff;padding:15px 30px;font-size:18px;border-radius:8px;\">\ud83d\uded2 Osta Rumeenia Rovinieta kohe \u2013 vaid EUR 3,50 7 p\u00e4eva eest!<\/a><\/div>\n<\/div>\n\n<div style=\"height:25px\" aria-hidden=\"true\" class=\"wp-block-spacer\"><\/div>\n\n<h2 class=\"wp-block-heading\">\ud83d\udcbb Kuidas osta Rumeenia rovinietat<\/h2>\n\n<p>Rumeenia Rovinieta ostmine on lihtne:<\/p>\n\n<h3 class=\"wp-block-heading\">Variant 1: veebis VignetteGo kaudu (soovitatav)<\/h3>\n\n<ol class=\"wp-block-list\">\n<li>K\u00fclasta <a href=\"https:\/\/vignettego.com\/\" title=\"Osta Rumeenia Rovinieta veebist\">VignetteGo.com<\/a><\/li>\n<li>Vali Rumeenia ja soovitud kehtivusaeg<\/li>\n<li>Sisesta oma s\u00f5iduki registreerimisandmed (numbrim\u00e4rk)<\/li>\n<li>T\u00e4ielik turvaline makse<\/li>\n<li>Saa kohene kinnitus \u2013 kehtib kohe!<\/li>\n<\/ol>\n\n<h3 class=\"wp-block-heading\">Variant 2: roviniete.ro ametlik veebileht<\/h3>\n\n<p>Rumeenia ametlik teeameti veebileht pakub otsest ostmist nii rumeenia kui inglise keeles.<\/p>\n\n<h3 class=\"wp-block-heading\">Variant 3: F\u00fc\u00fcsilised m\u00fc\u00fcgipunktid<\/h3>\n\n<p>Rovinietat saab osta piiripunktidest, bensiinijaamadest (Petrom, OMV, Mol, Rompetrol) ja Rumeenia postkontoritest.<\/p>\n\n<h2 class=\"wp-block-heading\">\u26a0\ufe0f Trahvid s\u00f5idu eest ilma Rovinietata<\/h2>\n\n<p>Vaatamata uskumatult madalale hinnale p\u00fc\u00fcavad m\u00f5ned reisijad Rovinieta ostmist v\u00e4ltida. See on viga \u2013 trahve rakendatakse: <\/p>\n\n<ul class=\"wp-block-list\">\n<li><strong>Standardtrahv:<\/strong> 50\u2013200 eurot, s\u00f5ltuvalt l\u00e4bitud kaugusest<\/li>\n<li><strong>J\u00f5ustamine:<\/strong> Automaatsed kaameras\u00fcsteemid \u00fcle kogu riigi<\/li>\n<\/ul>\n\n<p><strong>N\u00e4dalap\u00e4\u00e4sme, mis maksab 3,50 eurot, v\u00f5rreldes v\u00f5imaliku 200 euro suuruse trahviga, on valik ilmne!<\/strong><\/p>\n\n<h2 class=\"wp-block-heading\">\ud83d\uddfa\ufe0f Populaarsed Rumeenia maanteereiside marsruudid<\/h2>\n\n<h3 class=\"wp-block-heading\">Bukarestist Bra\u0219ovini (v\u00e4rav Transilvaaniasse)<\/h3>\n\n<p><strong>Kaugus:<\/strong> ~170 km | <strong>Kestus:<\/strong> 2,5-3 tundi | <strong>Marsruut:<\/strong> DN1 v\u00f5i A3 (kui saadaval)<\/p>\n\n<p>Klassikaline marsruut Transilvaaniasse. Bra\u0219ov on vapustav keskaegne linn, mida \u00fcmbritsevad m\u00e4ed, ideaalne baas losside (Bran, Pele\u0219) ja Karpaatide avastamiseks. <\/p>\n\n<h3 class=\"wp-block-heading\">Bukarestist kuni Constan\u021bani (Must meri)<\/h3>\n\n<p><strong>Kaugus:<\/strong> ~225 km | <strong>Kestus:<\/strong> 2,5 tundi | <strong>Marsruut:<\/strong> A2 (P\u00e4ikese kiirtee)<\/p>\n\n<p>S\u00f5ida Musta mere rannikule Rumeenia uusimal maanteel. Constan\u021ba on iidne sadamalinn; l\u00e4hedal asuv Mamaia on maapiirkonna tipptasemel rannakuurort. <\/p>\n\n<h3 class=\"wp-block-heading\">Transilvaania lossi ringrada<\/h3>\n\n<p><strong>Marsruut:<\/strong> Bra\u0219ov \u2192 Brani loss \u2192 R\u00e2\u0219nov \u2192 Pele\u0219i loss (Sinaia) \u2192 tagasi Bra\u0219ovile<\/p>\n\n<p>K\u00fclasta Dracula kuulsat lossi (Bran), vapustavat Pele\u0219i lossi ja keskaegset R\u00e2\u0219novi kindlust \u2013 k\u00f5ik \u00fche p\u00e4evareisiga Bra\u0219ovist.<\/p>\n\n<h3 class=\"wp-block-heading\">T\u00e4ielik Transilvaania tuur<\/h3>\n\n<p><strong>Marsruut:<\/strong> Bukarest \u2192 Bra\u0219ov \u2192 Sighi\u0219oara \u2192 Sibiu \u2192 Transf\u0103g\u0103r\u0103\u0219an \u2192 Bukarest<\/p>\n\n<p>5\u20137-p\u00e4evane ringrada, mis h\u00f5lmab Transilvaania parimaid: keskaegseid linnu, m\u00e4givaateid ja legendaarset Transf\u0103g\u0103r\u0103\u0219ani teed.<\/p>\n\n<div style=\"height:25px\" aria-hidden=\"true\" class=\"wp-block-spacer\"><\/div>\n\n<div class=\"wp-block-buttons is-content-justification-center is-layout-flex wp-container-core-buttons-is-layout-a89b3969 wp-block-buttons-is-layout-flex\">\n<div class=\"wp-block-button\"><a class=\"wp-block-button__link wp-element-button\" href=\"https:\/\/vignettego.com\/\" style=\"background-color:#9c27b0;color:#ffffff;padding:15px 30px;font-size:18px;border-radius:8px;\">\ud83c\udf0d Planeeri oma Rumeenia seiklus VignetteGo-ga<\/a><\/div>\n<\/div>\n\n<div style=\"height:25px\" aria-hidden=\"true\" class=\"wp-block-spacer\"><\/div>\n\n<h2 class=\"wp-block-heading\">\ud83d\udca1 Rumeenia s\u00f5idun\u00f5uanded aastaks 2026<\/h2>\n\n<h3 class=\"wp-block-heading\">Valuuta<\/h3>\n\n<p>Rumeenia kasutab <strong>Rumeenia Leu&#8217;d (RON),<\/strong> kuid <strong>euro on laialdaselt aktsepteeritud<\/strong> bensiinijaamades, hotellides ja turismipiirkondades. Krediitkaarte aktsepteeritakse peaaegu k\u00f5ikjal linnades. Vahetuskurss: ligikaudu 1 EUR = 5 RON.  <\/p>\n\n<h3 class=\"wp-block-heading\">Kiirusepiirangud<\/h3>\n\n<ul class=\"wp-block-list\">\n<li><strong>Maanteed:<\/strong> 130 km\/h<\/li>\n<li><strong>Riigiteed (linnast v\u00e4ljaspool):<\/strong> 90\u2013100 km\/h<\/li>\n<li><strong>Linnapiirkonnad:<\/strong> 50 km\/h<\/li>\n<\/ul>\n\n<h3 class=\"wp-block-heading\">Teeolud<\/h3>\n\n<p>Kiirteed on suurep\u00e4rased. Riigimaanteed varieeruvad headest kuni konarlikuni, eriti maapiirkondades. M\u00e4giteed v\u00f5ivad olla v\u00e4ljakutsuvad \u2013 s\u00f5ida ettevaatlikult ja austa ilmastikutingimusi.  <\/p>\n\n<h3 class=\"wp-block-heading\">K\u00fctus<\/h3>\n\n<p>K\u00fctus on odavam kui L\u00e4\u00e4ne-Euroopa. Peamised ketid on Petrom, OMV, Mol, Rompetrol ja Lukoil. <\/p>\n\n<h2 class=\"wp-block-heading\" id=\"faq-section\">\u2753 Korduma kippuvad k\u00fcsimused<\/h2>\n\n<h3 class=\"wp-block-heading\">Kas Rumeenia Rovinieta on t\u00f5esti nii odav?<\/h3>\n\n<p>Jah! Umbes 3,50 euro eest 7 p\u00e4eva eest on Rumeenias Euroopa odavaimad maanteetasud. Isegi aastane vinjett (28 eurot) maksab v\u00e4hem kui paljude riikide l\u00fchiajalised valikud.  <\/p>\n\n<h3 class=\"wp-block-heading\">Millal ma saan Transf\u0103g\u0103r\u0103\u0219aniga s\u00f5ita?<\/h3>\n\n<p>Tavaliselt toimub see juuni l\u00f5pust oktoobri l\u00f5puni, s\u00f5ltuvalt ilmast. K\u00f5rge l\u00f5ik (\u00fcle 1800 m) on talvel lume t\u00f5ttu suletud. Kontrolli enne planeerimist praegust olukorda.  <\/p>\n\n<h3 class=\"wp-block-heading\">Kas ma saan Moldovas kasutada Rumeenia vinjetti?<\/h3>\n\n<p>Ei, Moldova jaoks on vaja eraldi <a href=\"https:\/\/vignettego.com\/highway-vignette-europe\/et\/moldova-road-vignette-2026-taielik-vinieta-juhend\/\">Moldova vinietat<\/a> . Osta m\u00f5lemad <a href=\"https:\/\/vignettego.com\/\" title=\"Euroopa vignetid\">VignetteGo-st<\/a>. <\/p>\n\n<div style=\"height:25px\" aria-hidden=\"true\" class=\"wp-block-spacer\"><\/div>\n\n<div class=\"wp-block-buttons is-content-justification-center is-layout-flex wp-container-core-buttons-is-layout-a89b3969 wp-block-buttons-is-layout-flex\">\n<div class=\"wp-block-button\"><a class=\"wp-block-button__link wp-element-button\" href=\"https:\/\/vignettego.com\/\" style=\"background-color:#e91e63;color:#ffffff;padding:15px 30px;font-size:18px;border-radius:8px;\">\ud83d\ude97 Hangi oma Euroopa maanteevinjetid aadressil VignetteGo \u2192<\/a><\/div>\n<\/div>\n\n<div style=\"height:25px\" aria-hidden=\"true\" class=\"wp-block-spacer\"><\/div>\n\n<h2 class=\"wp-block-heading\">\ud83c\udff0 Miks k\u00fclastada Rumeeniat?<\/h2>\n\n<ul class=\"wp-block-list\">\n<li><strong>Transilvaania:<\/strong> Keskaegsed linnad, lossid ja m\u00e4gimaastikud<\/li>\n<li><strong>Transf\u0103g\u0103r\u0103\u0219an:<\/strong> \u00dcks maailma parimaid s\u00f5iduteid<\/li>\n<li><strong>Musta mere rannik:<\/strong> Kaunid rannad ja iidsed linnad<\/li>\n<li><strong>Doonau delta:<\/strong> UNESCO biosf\u00e4\u00e4ri kaitseala, h\u00e4mmastav linnuvaatlus<\/li>\n<li><strong>Taskukohane:<\/strong> Suurep\u00e4rane v\u00e4\u00e4rtus majutuse, toidu ja reisimise osas<\/li>\n<li><strong>Rikkalik kultuur:<\/strong> P\u00f5nev segu ladina, slaavi ja osmanite m\u00f5jutustest<\/li>\n<\/ul>\n\n<h2 class=\"wp-block-heading\">\ud83d\udccd Kokkuv\u00f5te<\/h2>\n\n<p>Rumeenia pakub uskumatut autoreiside v\u00e4\u00e4rtust \u2013 alates Euroopa odavaimatest maanteetasudest kuni kaunite maastike ja rikkaliku kultuurini. Olgu sa siis Dracula legendide tagaajamine Transilvaanias, Transf\u0103g\u0103r\u0103\u0219ani vallutamine v\u00f5i Musta mere randadel l\u00f5\u00f5gastumine, Rumeenia pakub unustamatuid elamusi. <\/p>\n\n<p>Hangi oma Rovinieta <a href=\"https:\/\/vignettego.com\/\" title=\"VignetteGo &#x2013; Euroopa maanteevinjetid\">VignetteGo-st<\/a> \u2013 see v\u00f5tab vaid minuteid ja maksab v\u00e4hem kui kohv!<\/p>\n\n<p><strong>Naudi Rumeeniat! \ud83c\uddf7\ud83c\uddf4\ud83c\udfd4\ufe0f <\/strong><\/p>\n\n<p><strong>Seotud juhendid:<\/strong> <a href=\"https:\/\/vignettego.com\/highway-vignette-europe\/et\/ungari-maantee-vignett-2026-taielik-e-matrica-juhend\/\">Ungari E-Matrica<\/a> | <a href=\"https:\/\/vignettego.com\/highway-vignette-europe\/et\/bulgaaria-maanteevinjett-2026-taielik-e-vinjeti-juhend\/\">Bulgaaria E-Vignette<\/a> | <a href=\"https:\/\/vignettego.com\/highway-vignette-europe\/et\/moldova-road-vignette-2026-taielik-vinieta-juhend\/\">Moldova Vinieta<\/a> | <a href=\"https:\/\/vignettego.com\/\">K\u00f5ik Euroopa vinjetid<\/a><\/p>\n","protected":false},"excerpt":{"rendered":"<p>Rumeenia pakub m\u00f5ningaid Euroopa k\u00f5ige suurejoonelisemaid autoreiside sihtkohti \u2013 alates Transilvaania legendaarsetest lossidest kuni vapustavate Musta mere randadeni, majesteetlikest Karpaatide m\u00e4gedest kuni ainulaadse Doonau deltani. Ja siin on parim uudis: Rumeenias on Euroopa k\u00f5ige taskukohasem maanteevignett, mida nimetatakse Rovinietaks. Vaid m\u00f5ne euro eest n\u00e4dalas on Rumeenia avastamine autoga uskumatult soodsam. See p\u00f5hjalik juhend h\u00f5lmab k\u00f5ike, [&hellip;]<\/p>\n","protected":false},"author":0,"featured_media":0,"parent":0,"menu_order":0,"comment_status":"closed","ping_status":"closed","template":"","meta":{"footnotes":""},"class_list":["post-646","page","type-page","status-publish","hentry"],"_links":{"self":[{"href":"https:\/\/vignettego.com\/highway-vignette-europe\/et\/wp-json\/wp\/v2\/pages\/646","targetHints":{"allow":["GET"]}}],"collection":[{"href":"https:\/\/vignettego.com\/highway-vignette-europe\/et\/wp-json\/wp\/v2\/pages"}],"about":[{"href":"https:\/\/vignettego.com\/highway-vignette-europe\/et\/wp-json\/wp\/v2\/types\/page"}],"replies":[{"embeddable":true,"href":"https:\/\/vignettego.com\/highway-vignette-europe\/et\/wp-json\/wp\/v2\/comments?post=646"}],"version-history":[{"count":4,"href":"https:\/\/vignettego.com\/highway-vignette-europe\/et\/wp-json\/wp\/v2\/pages\/646\/revisions"}],"predecessor-version":[{"id":1269,"href":"https:\/\/vignettego.com\/highway-vignette-europe\/et\/wp-json\/wp\/v2\/pages\/646\/revisions\/1269"}],"wp:attachment":[{"href":"https:\/\/vignettego.com\/highway-vignette-europe\/et\/wp-json\/wp\/v2\/media?parent=646"}],"curies":[{"name":"wp","href":"https:\/\/api.w.org\/{rel}","templated":true}]}}