{"id":603,"date":"2026-01-04T01:38:16","date_gmt":"2026-01-04T01:38:16","guid":{"rendered":"https:\/\/vignettego.com\/highway-vignette-europe\/sloveenia-maantee-vignett-2026-taielik-e-vinjeta-juhend\/"},"modified":"2026-01-04T12:41:20","modified_gmt":"2026-01-04T12:41:20","slug":"sloveenia-maantee-vignett-2026-taielik-e-vinjeta-juhend","status":"publish","type":"page","link":"https:\/\/vignettego.com\/highway-vignette-europe\/et\/sloveenia-maantee-vignett-2026-taielik-e-vinjeta-juhend\/","title":{"rendered":"Sloveenia maantee vignett 2026: t\u00e4ielik E-Vinjeta juhend"},"content":{"rendered":"\n<script type=\"application\/ld+json\">{\n    \"@context\": \"https:\/\/schema.org\",\n    \"@graph\": [\n        {\n            \"@type\": \"Article\",\n            \"@id\": \"https:\/\/vignettego.com\/highway-vignette-europe\/slovenia-highway-vignette-guide\/#article\",\n            \"headline\": \"Slovenia Highway Vignette 2026: Complete E-Vinjeta Guide\",\n            \"description\": \"Everything about the Slovenian E-Vinjeta 2026: prices, validity, how to buy online, and essential tips for driving on Slovenian motorways. Your complete guide to the electronic vignette system.\",\n            \"image\": \"https:\/\/vignettego.com\/highway-vignette-europe\/wp-content\/uploads\/2026\/09\/Highway-Vignette-Europe.jpg\",\n            \"datePublished\": \"2026-01-04\",\n            \"dateModified\": \"2026-01-04\",\n            \"author\": {\"@type\": \"Organization\", \"name\": \"VignetteGo\", \"url\": \"https:\/\/vignettego.com\"},\n            \"publisher\": {\"@type\": \"Organization\", \"name\": \"VignetteGo\"},\n            \"mainEntityOfPage\": {\"@type\": \"WebPage\", \"@id\": \"https:\/\/vignettego.com\/highway-vignette-europe\/slovenia-highway-vignette-guide\/\"},\n            \"articleSection\": \"Highway Vignettes\",\n            \"keywords\": [\"Slovenia vignette\", \"E-Vinjeta\", \"Slovenian motorway\", \"Ljubljana driving\", \"Bled road trip\", \"Slovenia toll\"],\n            \"inLanguage\": \"en\",\n            \"speakable\": {\"@type\": \"SpeakableSpecification\", \"cssSelector\": [\".article-intro\", \"#faq-section\"]}\n        },\n        {\n            \"@type\": \"BreadcrumbList\",\n            \"itemListElement\": [\n                {\"@type\": \"ListItem\", \"position\": 1, \"name\": \"VignetteGo\", \"item\": \"https:\/\/vignettego.com\/\"},\n                {\"@type\": \"ListItem\", \"position\": 2, \"name\": \"Highway Vignette Europe\", \"item\": \"https:\/\/vignettego.com\/highway-vignette-europe\/\"},\n                {\"@type\": \"ListItem\", \"position\": 3, \"name\": \"Slovenia Guide\", \"item\": \"https:\/\/vignettego.com\/highway-vignette-europe\/slovenia-highway-vignette-guide\/\"}\n            ]\n        },\n        {\n            \"@type\": \"FAQPage\",\n            \"mainEntity\": [\n                {\"@type\": \"Question\", \"name\": \"How much does a Slovenian E-Vinjeta cost?\", \"acceptedAnswer\": {\"@type\": \"Answer\", \"text\": \"For 2026, prices are: 7-day vignette EUR 16, 30-day vignette EUR 32, and annual vignette EUR 117 for standard vehicles (class 2A). These are approximate prices and may be adjusted.\"}},\n                {\"@type\": \"Question\", \"name\": \"Can I buy the Slovenian E-Vinjeta online?\", \"acceptedAnswer\": {\"@type\": \"Answer\", \"text\": \"Yes, you can purchase the E-Vinjeta online at VignetteGo or the official DARS website. Registration is linked to your license plate, so no physical sticker is needed.\"}},\n                {\"@type\": \"Question\", \"name\": \"Do I need a vignette for all roads in Slovenia?\", \"acceptedAnswer\": {\"@type\": \"Answer\", \"text\": \"No, only motorways (avtoceste) and expressways (hitre ceste) require a vignette. Regular national and local roads are free to use.\"}},\n                {\"@type\": \"Question\", \"name\": \"What if I drive without a vignette in Slovenia?\", \"acceptedAnswer\": {\"@type\": \"Answer\", \"text\": \"Fines for driving without a valid E-Vinjeta are significant\u2014EUR 300 to 800 for cars. Enforcement is done via cameras, so non-compliance is easily detected.\"}},\n                {\"@type\": \"Question\", \"name\": \"How long is the Slovenian vignette valid?\", \"acceptedAnswer\": {\"@type\": \"Answer\", \"text\": \"The 7-day E-Vinjeta is valid for 7 consecutive days from your chosen start date. The 30-day is valid for 30 days, and the annual runs from purchase date for one year.\"}}\n            ]\n        }\n    ]\n}\n<\/script>\n\n<figure class=\"wp-block-image aligncenter size-large\"><img decoding=\"async\" src=\"https:\/\/vignettego.com\/highway-vignette-europe\/wp-content\/uploads\/2026\/09\/Highway-Vignette-Europe.jpg\" alt=\"Sloveenia E-Vinjeta 2026 &#x2013; T&#xE4;ielik juhend Sloveenia maanteede vinjetile\" style=\"width:100%; height:auto; margin-bottom:20px;\"\/><\/figure>\n\n<p class=\"article-intro\">Sloveenia v\u00f5ib k\u00fcll olla v\u00e4ike, kuid pakub uskumatult mitmekesist maastike \u2013 alates vapustavatest Juliuse Alpidest ja smaragdrohelisest Lake Bledist kuni Vahemere ranniku ja avarate karstikoobasteni. See Alpide riik on oluline transiidiriik reisijatele, kes s\u00f5idavad Kesk-Euroopa ja Aadria mere vahel. See juhend k\u00e4sitleb k\u00f5ike <strong>Sloveenia E-Vinjeta (elektrooniline vignett)<\/strong> kohta 2026. aastaks: hinnad, kehtivus, kust osta ja olulised n\u00f5uanded sinu Sloveenia autoreisiks.  <\/p>\n\n<div style=\"height:25px\" aria-hidden=\"true\" class=\"wp-block-spacer\"><\/div>\n\n<div class=\"wp-block-buttons is-content-justification-center is-layout-flex wp-container-core-buttons-is-layout-a89b3969 wp-block-buttons-is-layout-flex\">\n<div class=\"wp-block-button\"><a class=\"wp-block-button__link wp-element-button\" href=\"https:\/\/vignettego.com\/\" style=\"background-color:#0066cc;color:#ffffff;padding:15px 30px;font-size:18px;border-radius:8px;\">\ud83d\ude97 Hangi oma Sloveenia e-Vinjeta VignetteGo-st<\/a><\/div>\n<\/div>\n\n<div style=\"height:25px\" aria-hidden=\"true\" class=\"wp-block-spacer\"><\/div>\n\n<h2 class=\"wp-block-heading\">\ud83c\uddf8\ud83c\uddee Mis on Sloveenia E-Vinjeta?<\/h2>\n\n<p>Sloveenia l\u00e4ks 2022. aastal \u00fcle f\u00fc\u00fcsilistelt kleebiste vinjettidelt t\u00e4ielikult <strong>elektroonilisele s\u00fcsteemile (E-Vinjeta<\/strong> ). Ei mingit vanade kleebiste kraapimist esiklaasilt! E-Vinjeta on seotud teie s\u00f5iduki numbrim\u00e4rgiga ja registreeritud keskandmebaasis. Kaameras\u00fcsteemid maanteedel kontrollivad automaatselt sinu vigneti staatust.   <\/p>\n\n<p>S\u00fcsteemi haldab riiklik maanteeettev\u00f5te <strong>DARS (Dru\u017eba za avtoceste v Republiki Sloveniji<\/strong>). E-Vinjeta on kohustuslik k\u00f5igil kiirteedel (avtoceste) ja kiirteedel (hitre ceste), kuid mitte tavap\u00e4rastel teedel. <\/p>\n\n<h2 class=\"wp-block-heading\">\ud83d\udcb0 E-Vinjeta hinnad 2026<\/h2>\n\n<figure class=\"wp-block-table\"><table><thead><tr><th>Vinjeti t\u00fc\u00fcp<\/th><th>2A klass (autod &lt;1,3 m)<\/th><th>Klass 2B (suuremad s\u00f5idukid)<\/th><\/tr><\/thead><tbody><tr><td><strong>7-p\u00e4evane<\/strong><\/td><td>EUR 16<\/td><td>EUR 32<\/td><\/tr><tr><td><strong>30-p\u00e4evane<\/strong><\/td><td>EUR 32<\/td><td>EUR 64<\/td><\/tr><tr><td><strong>Aastaraamat<\/strong><\/td><td>EUR 117<\/td><td>EUR 234<\/td><\/tr><\/tbody><\/table><\/figure>\n\n<p><strong>S\u00f5idukite klassifikatsioon:<\/strong><\/p>\n\n<ul class=\"wp-block-list\">\n<li><strong>2A klass:<\/strong> S\u00f5idukid, mille telje k\u00f5rgus on kuni 1,30 m (enamik standardautosid)<\/li>\n<li><strong>2B klass:<\/strong> S\u00f5idukid, mille teljek\u00f5rgus j\u00e4\u00e4b vahemikku 1,30 m kuni 1,60 m (suuremad maasturid, v\u00e4ikesed kaubikud)<\/li>\n<\/ul>\n\n<p><strong>N\u00f5uanne:<\/strong> Kui sa pole oma s\u00f5idukiklassi suhtes kindel, m\u00f5\u00f5da k\u00f5rgus maapinnast esiratta keskpunktini \u2013 see on sinu telje k\u00f5rgus.<\/p>\n\n<h2 class=\"wp-block-heading\">\ud83d\uded2 Kust osta Sloveenia E-Vinjetat<\/h2>\n\n<h3 class=\"wp-block-heading\">Veebis (soovitatav)<\/h3>\n\n<p>Lihtsaim viis osta on enne reisi veebis:<\/p>\n\n<ul class=\"wp-block-list\">\n<li><strong><a href=\"https:\/\/vignettego.com\/\">VignetteGo<\/a><\/strong> \u2013 Kiire ost kohese kinnitusega<\/li>\n<li>DARS e-vinjeta.si ametlik veebileht<\/li>\n<\/ul>\n\n<p>Veebip\u00f5hised ostueelised: ei pea piiri bensiinijaamades ootama, kohene aktiveerimine, digitaalne kinnitus telefonis.<\/p>\n\n<h3 class=\"wp-block-heading\">F\u00fc\u00fcsilised ostupunktid<\/h3>\n\n<ul class=\"wp-block-list\">\n<li>Bensiinijaamad (bensiinijaam, OMV, MOL) \u00fcle kogu Sloveenia<\/li>\n<li>Piiri\u00fcletuspunktid<\/li>\n<li>Postkontorid<\/li>\n<li>DARS-i kliendikeskused<\/li>\n<\/ul>\n\n<div style=\"height:25px\" aria-hidden=\"true\" class=\"wp-block-spacer\"><\/div>\n\n<div class=\"wp-block-buttons is-content-justification-center is-layout-flex wp-container-core-buttons-is-layout-a89b3969 wp-block-buttons-is-layout-flex\">\n<div class=\"wp-block-button\"><a class=\"wp-block-button__link wp-element-button\" href=\"https:\/\/vignettego.com\/\" style=\"background-color:#28a745;color:#ffffff;padding:15px 30px;font-size:18px;border-radius:8px;\">\u2705 Hangi oma Euroopa vinjetid \u2013 8 riiki \u2013 VignetteGo&#8217;st<\/a><\/div>\n<\/div>\n\n<div style=\"height:25px\" aria-hidden=\"true\" class=\"wp-block-spacer\"><\/div>\n\n<h2 class=\"wp-block-heading\">\ud83d\udee3\ufe0f Sloveenia kiirteev\u00f5rk<\/h2>\n\n<p>Sloveenia kiirteev\u00f5rk moodustab iseloomuliku ristmustri, mille keskmes on Ljubljana:<\/p>\n\n<h3 class=\"wp-block-heading\">A1 \u2013 \u0160entilj kuni Koper (p\u00f5hja-l\u00f5una)<\/h3>\n\n<p>Kulgeb <strong>Austria piirilt (\u0160entilj\/Spielfeld)<\/strong> l\u00e4bi Maribori ja Ljubljana kuni <strong>Aadria mere rannikuni (Koper).<\/strong> See on peamine tee Austriast Horvaatia rannikule l\u00e4bi Sloveenia. Kogupikkus: ligikaudu 173 km.  <\/p>\n\n<h3 class=\"wp-block-heading\">A2 \u2013 Karavanke kuni Obre\u017eje (ida-l\u00e4\u00e4s)<\/h3>\n\n<p>\u00dchendab <strong>Karavanke tunneli (Austria piir)<\/strong> l\u00e4bi Ljubljana <strong>Horvaatia piiriga (Obre\u017eje)<\/strong> Zagrebi suunas. Peamine transiitkoridor Austriast Horvaatiasse. Kogupikkus: ligikaudu 173 km.  <\/p>\n\n<h3 class=\"wp-block-heading\">A3 \u2013 Ljubljana ringtee<\/h3>\n\n<p>Ringtee Ljubljana \u00fcmber, mis \u00fchendab A1 ja A2 maanteid. Oluline kesklinna liikluse v\u00e4ltimiseks. <\/p>\n\n<h3 class=\"wp-block-heading\">A4 \u2013 Slivnica kuni Gru\u0161kovje<\/h3>\n\n<p>\u00dchendab Maribori Horvaatia piiriga Gru\u0161kovjes, j\u00e4tkates Zagrebi suunas alternatiivina A2 marsruudile.<\/p>\n\n<h3 class=\"wp-block-heading\">A5 \u2013 Mariborist Ungari piirini<\/h3>\n\n<p>\u00dchendab Maribori Ungariga, mis on kasulik reisijatele, kes tulevad Budapestist m\u00f6\u00f6da Ungari M70.<\/p>\n\n<h2 class=\"wp-block-heading\">\ud83d\uddfa\ufe0f Populaarsed marsruudid l\u00e4bi Sloveenia<\/h2>\n\n<h3 class=\"wp-block-heading\">Viinist Horvaatia rannikule (m\u00f6\u00f6da A2)<\/h3>\n\n<p><strong>Marsruut:<\/strong> Viin \u2192 Graz, \u2192 Maribor \u2192 Ljubljana \u2192 Zagreb \u2192 Split\/Rijeka<\/p>\n\n<p>Klassikaline marsruut Kesk-Euroopast Aadria merele. Sul on vaja: <a href=\"https:\/\/vignettego.com\/highway-vignette-europe\/et\/austria-maanteede-vignett-2026-taielik-digitale-vinjeti-juhend\/\">Austria vignett<\/a> + Sloveenia E-Vinjeta + <a href=\"https:\/\/vignettego.com\/highway-vignette-europe\/et\/horvaatia-maanteede-vignett-2026-taielik-enc-ja-digitaalne-teemaksu-juhend\/\">Horvaatia teemaksud<\/a>. <\/p>\n\n<h3 class=\"wp-block-heading\">M\u00fcnchenist Horvaatia rannikule (Karavanke kaudu)<\/h3>\n\n<p><strong>Marsruut:<\/strong> M\u00fcnchen \u2192 Salzburg \u2192 Villach \u2192 Karavanke tunnel \u2192 Ljubljana \u2192 Zagreb<\/p>\n\n<p>Populaarne marsruut Saksamaalt. Sul on vaja: Austria vignett + Sloveenia E-Vinjeta + Horvaatia teemaksud. <\/p>\n\n<h3 class=\"wp-block-heading\">Budapestist Ljubljanani<\/h3>\n\n<p><strong>Marsruut:<\/strong> Budapest \u2192 m\u00f6\u00f6da M70 \u2192 Maribori \u2192 Ljubljana<\/p>\n\n<p>Otsetee Ungarist. Vaja: <a href=\"https:\/\/vignettego.com\/highway-vignette-europe\/et\/ungari-maantee-vignett-2026-taielik-e-matrica-juhend\/\">Ungari E-Matrica<\/a> + Sloveenia E-Vinjeta. <\/p>\n\n<div style=\"height:25px\" aria-hidden=\"true\" class=\"wp-block-spacer\"><\/div>\n\n<div class=\"wp-block-buttons is-content-justification-center is-layout-flex wp-container-core-buttons-is-layout-a89b3969 wp-block-buttons-is-layout-flex\">\n<div class=\"wp-block-button\"><a class=\"wp-block-button__link wp-element-button\" href=\"https:\/\/vignettego.com\/\" style=\"background-color:#ff6600;color:#ffffff;padding:15px 30px;font-size:18px;border-radius:8px;\">\ud83d\uded2 Telli k\u00f5ik Euroopa vinjetid VignetteGo-st<\/a><\/div>\n<\/div>\n\n<div style=\"height:25px\" aria-hidden=\"true\" class=\"wp-block-spacer\"><\/div>\n\n<h2 class=\"wp-block-heading\">\u26a0\ufe0f Olulised E-Vinjeta reeglid<\/h2>\n\n<h3 class=\"wp-block-heading\">Kehtivuse algusaeg<\/h3>\n\n<p>Veebist ostes saad valida <strong>tulevase alguskuup\u00e4eva<\/strong>. Vignett muutub kehtivaks valitud kuup\u00e4eval kell 00:00. Ideaalne etteplaneerimiseks!  <\/p>\n\n<h3 class=\"wp-block-heading\">Numbrim\u00e4rgi registreerimine<\/h3>\n\n<p>E-Vinjeta on registreeritud t\u00e4pselt sinu <strong>numbrim\u00e4rgi<\/strong> j\u00e4rgi. Kontrolli ostu ajal tr\u00fckivigu! Vigu ei saa lihtsalt parandada.  <\/p>\n\n<h3 class=\"wp-block-heading\">Trahvid mittet\u00e4itmise eest<\/h3>\n\n<ul class=\"wp-block-list\">\n<li><strong>Standardtrahv:<\/strong> 300\u2013800 eurot s\u00f5iduautodele<\/li>\n<li><strong>Kohapealne makse:<\/strong> Tavaliselt madalam, kui makstakse kohe<\/li>\n<li>J\u00f5ustamine automaatsete kaameras\u00fcsteemide (ANPR) kaudu<\/li>\n<\/ul>\n\n<h3 class=\"wp-block-heading\">Millistel teedel on vigneti vajamine?<\/h3>\n\n<p>Ainult maanteem\u00e4rgiga (roheline valge &#8220;A&#8221; t\u00e4hisega) m\u00e4rgitud teed vajavad vignetti. Tavalised teed (kollase m\u00e4rgiga riigiteed) on tasuta. <\/p>\n\n<h2 class=\"wp-block-heading\">\ud83d\udca1 Sloveenia s\u00f5idun\u00f5uanded aastaks 2026<\/h2>\n\n<h3 class=\"wp-block-heading\">Kiirusepiirangud<\/h3>\n\n<ul class=\"wp-block-list\">\n<li><strong>Maanteed:<\/strong> 130 km\/h<\/li>\n<li><strong>Kiirteed:<\/strong> 110 km\/h<\/li>\n<li><strong>Riigiteed:<\/strong> 90 km\/h<\/li>\n<li><strong>Linnapiirkonnad:<\/strong> 50 km\/h<\/li>\n<\/ul>\n\n<h3 class=\"wp-block-heading\">Vajalik varustus<\/h3>\n\n<ul class=\"wp-block-list\">\n<li>Hoiatuskolmnurk<\/li>\n<li>Helkurvest (s\u00f5idukis, mitte pagasiruumis)<\/li>\n<li>Esmaabikomplekt<\/li>\n<li><strong>Esituled:<\/strong> Peab s\u00f5idu ajal kogu aeg sees olema<\/li>\n<li><strong>Talvine varustus:<\/strong> 15. november \u2013 15. m\u00e4rts talverehvid v\u00f5i ketid on vajalikud<\/li>\n<\/ul>\n\n<h3 class=\"wp-block-heading\">Karavanke tunnelin\u00f5uanded<\/h3>\n\n<p>Karavanke tunnel, mis \u00fchendab Austriat ja Sloveeniat, v\u00f5ib suven\u00e4dalavahetustel <strong>p\u00f5hjustada m\u00e4rkimisv\u00e4\u00e4rseid viivitusi<\/strong> . Kaalu reisimist varahommikul v\u00f5i hilis\u00f5htul. Kontrolli liikluse <a href=\"https:\/\/www.promet.si\/en\" target=\"_blank\" rel=\"noopener\">staatust promet.si<\/a>.  <\/p>\n\n<h2 class=\"wp-block-heading\" id=\"faq-section\">\u2753 Korduma kippuvad k\u00fcsimused<\/h2>\n\n<h3 class=\"wp-block-heading\">Kas ma v\u00f5in kasutada tavalisi teid, et v\u00e4ltida vinjeti ostmist?<\/h3>\n\n<p>Tehniliselt jah, aga see pikendab oluliselt reisiaega. N\u00e4iteks Ljubljanast Koperisse kestab maanteel 1 tund, tavateel 2+ tundi. <\/p>\n\n<h3 class=\"wp-block-heading\">Kas mootorrattad vajavad vignetti?<\/h3>\n\n<p>Jah, mootorrattad (klass 1) vajavad eraldi vignette-kategooriat soodushinnaga.<\/p>\n\n<h3 class=\"wp-block-heading\">Mis siis, kui ma rendin auto Sloveenias?<\/h3>\n\n<p>Enamik rendifirmasid lisab E-Vinjeta rendipaketti v\u00f5i pakub seda lisana. Kontrolli enne s\u00f5iduki pealev\u00f5tmist. <\/p>\n\n<h3 class=\"wp-block-heading\">Kas E-Vinjeta katab Karavanke tunneli?<\/h3>\n\n<p>Jah, Karavanke tunnel Austria ja Sloveenia vahel on kaetud Sloveenia E-Vinjeta poolt Sloveenia poolel. Austria poole jaoks on vaja ka Austria vinjetti. <\/p>\n\n<div style=\"height:25px\" aria-hidden=\"true\" class=\"wp-block-spacer\"><\/div>\n\n<div class=\"wp-block-buttons is-content-justification-center is-layout-flex wp-container-core-buttons-is-layout-a89b3969 wp-block-buttons-is-layout-flex\">\n<div class=\"wp-block-button\"><a class=\"wp-block-button__link wp-element-button\" href=\"https:\/\/vignettego.com\/\" style=\"background-color:#e91e63;color:#ffffff;padding:15px 30px;font-size:18px;border-radius:8px;\">\ud83d\ude97 Hangi oma Euroopa maanteevinjetid aadressil VignetteGo \u2192<\/a><\/div>\n<\/div>\n\n<div style=\"height:25px\" aria-hidden=\"true\" class=\"wp-block-spacer\"><\/div>\n\n<h2 class=\"wp-block-heading\">\ud83c\udfd4\ufe0f Miks k\u00fclastada Sloveeniat?<\/h2>\n\n<ul class=\"wp-block-list\">\n<li><strong>Lake Bled:<\/strong> Ikooniline saare kirik Alpide keskkonnas<\/li>\n<li><strong>Ljubljana:<\/strong> V\u00f5luv pealinn autovaba vanalinnaga<\/li>\n<li><strong>Postojna koobas:<\/strong> \u00dcks Euroopa suurimaid koopas\u00fcsteeme<\/li>\n<li><strong>Julian Alpid:<\/strong> Suurejooneline m\u00e4givaade, Triglavi rahvuspark<\/li>\n<li><strong>Piranid:<\/strong> Kaunis Veneetsia stiilis rannikulinn<\/li>\n<li><strong>So\u010da org:<\/strong> Emerald River, ideaalne seiklusspordiks<\/li>\n<li><strong>Veinipiirkonnad:<\/strong> Suurep\u00e4rased kohalikud veinid, eriti Gori\u0161ka Brdast<\/li>\n<\/ul>\n\n<h2 class=\"wp-block-heading\">\ud83d\udccd Kokkuv\u00f5te<\/h2>\n\n<p>Sloveenia kompaktne suurus teeb autoga avastamise lihtsaks ning E-Vinjeta s\u00fcsteem on lihtne kasutada. Olgu sa teel Horvaatiasse v\u00f5i avastad Sloveenia kauneid maastikke, \u00f5ige vignett tagab muretu teekonna. <\/p>\n\n<p>Mitme riigi autoreisideks \u00fchenda oma Sloveenia E-Vinjeta stseenidega <a href=\"https:\/\/vignettego.com\/highway-vignette-europe\/et\/austria-maanteede-vignett-2026-taielik-digitale-vinjeti-juhend\/\">Austriast<\/a>, <a href=\"https:\/\/vignettego.com\/highway-vignette-europe\/et\/ungari-maantee-vignett-2026-taielik-e-matrica-juhend\/\">Ungarist<\/a> ja <a href=\"https:\/\/vignettego.com\/highway-vignette-europe\/et\/horvaatia-maanteede-vignett-2026-taielik-enc-ja-digitaalne-teemaksu-juhend\/\">Horvaatiast<\/a>. Kogu k\u00f5ik oma vinjetid \u00fches kohas <a href=\"https:\/\/vignettego.com\/\" title=\"VignetteGo &#x2013; Euroopa maanteevinjetid\">VignetteGo-s<\/a>. <\/p>\n\n<p><strong>Naudi Sloveeniat! \ud83c\uddf8\ud83c\uddee\ud83c\udfd4\ufe0f <\/strong><\/p>\n\n<p><strong>Seotud juhendid:<\/strong> <a href=\"https:\/\/vignettego.com\/highway-vignette-europe\/et\/austria-maanteede-vignett-2026-taielik-digitale-vinjeti-juhend\/\">Austria digitaalne vignett<\/a> | <a href=\"https:\/\/vignettego.com\/highway-vignette-europe\/et\/horvaatia-maanteede-vignett-2026-taielik-enc-ja-digitaalne-teemaksu-juhend\/\">Horvaatia teemaksu juhend<\/a> | <a href=\"https:\/\/vignettego.com\/\">K\u00f5ik Euroopa vinjetid<\/a><\/p>\n","protected":false},"excerpt":{"rendered":"<p>Sloveenia v\u00f5ib k\u00fcll olla v\u00e4ike, kuid pakub uskumatult mitmekesist maastike \u2013 alates vapustavatest Juliuse Alpidest ja smaragdrohelisest Lake Bledist kuni Vahemere ranniku ja avarate karstikoobasteni. See Alpide riik on oluline transiidiriik reisijatele, kes s\u00f5idavad Kesk-Euroopa ja Aadria mere vahel. See juhend k\u00e4sitleb k\u00f5ike Sloveenia E-Vinjeta (elektrooniline vignett) kohta 2026. aastaks: hinnad, kehtivus, kust osta ja [&hellip;]<\/p>\n","protected":false},"author":0,"featured_media":0,"parent":0,"menu_order":0,"comment_status":"closed","ping_status":"closed","template":"","meta":{"footnotes":""},"class_list":["post-603","page","type-page","status-publish","hentry"],"_links":{"self":[{"href":"https:\/\/vignettego.com\/highway-vignette-europe\/et\/wp-json\/wp\/v2\/pages\/603","targetHints":{"allow":["GET"]}}],"collection":[{"href":"https:\/\/vignettego.com\/highway-vignette-europe\/et\/wp-json\/wp\/v2\/pages"}],"about":[{"href":"https:\/\/vignettego.com\/highway-vignette-europe\/et\/wp-json\/wp\/v2\/types\/page"}],"replies":[{"embeddable":true,"href":"https:\/\/vignettego.com\/highway-vignette-europe\/et\/wp-json\/wp\/v2\/comments?post=603"}],"version-history":[{"count":4,"href":"https:\/\/vignettego.com\/highway-vignette-europe\/et\/wp-json\/wp\/v2\/pages\/603\/revisions"}],"predecessor-version":[{"id":1301,"href":"https:\/\/vignettego.com\/highway-vignette-europe\/et\/wp-json\/wp\/v2\/pages\/603\/revisions\/1301"}],"wp:attachment":[{"href":"https:\/\/vignettego.com\/highway-vignette-europe\/et\/wp-json\/wp\/v2\/media?parent=603"}],"curies":[{"name":"wp","href":"https:\/\/api.w.org\/{rel}","templated":true}]}}