{"id":184,"date":"2025-09-30T22:27:07","date_gmt":"2025-09-30T22:27:07","guid":{"rendered":"https:\/\/vignettego.com\/highway-vignette-europe\/sveitsi-maantee-vinjett-taielik-teejuht\/"},"modified":"2025-09-30T23:10:56","modified_gmt":"2025-09-30T23:10:56","slug":"sveitsi-maantee-vinjett-taielik-teejuht","status":"publish","type":"page","link":"https:\/\/vignettego.com\/highway-vignette-europe\/et\/sveitsi-maantee-vinjett-taielik-teejuht\/","title":{"rendered":"\u0160veitsi maantee vinjett: T\u00e4ielik teejuht"},"content":{"rendered":"\n<p><strong>S\u00f5itmine l\u00e4bi \u0160veitsi on \u00fcks hingematvamaid teeelamusi Euroopas<\/strong>.  <\/p>\n\n<p>Riik on kuulus oma laitmatute teede, muljetavaldavate tunnelite ja maaliliste alpimaastike poolest, mis muudavad iga reisi unustamatuks.  <\/p>\n\n<p>Kuid enne, kui te \u0160veitsi kiirteele asute, on \u00fcks oluline n\u00f5ue, mida peate teadma: see on <strong>\n  <a href=\"https:\/\/vignettego.com\/\" data-type=\"link\" data-id=\"https:\/\/vignettego.com\/\">\u0160veitsi kiirtee vinjett<\/a>\n<\/strong>.<\/p>\n\n<div style=\"height:40px\" aria-hidden=\"true\" class=\"wp-block-spacer\"><\/div>\n\n<div class=\"wp-block-buttons is-content-justification-center is-layout-flex wp-container-core-buttons-is-layout-a89b3969 wp-block-buttons-is-layout-flex\">\n<div class=\"wp-block-button\"><a class=\"wp-block-button__link has-text-align-center wp-element-button\" href=\"https:\/\/vignettego.com\/\">\u0160veitsi vinjett kiire<\/a><\/div>\n<\/div>\n\n<div style=\"height:40px\" aria-hidden=\"true\" class=\"wp-block-spacer\"><\/div>\n\n<p>Selles p\u00f5hjalikus juhendis selgitatakse k\u00f5ike, mida peate teadma \u0160veitsi kiirteemaksus\u00fcsteemi kohta &#8211; sealhulgas seda, kuidas vinjett t\u00f6\u00f6tab, kui palju see maksab, kust seda osta, kuidas v\u00e4ltida trahve ja kasulikke n\u00f5uandeid, et muuta s\u00f5it sujuvaks ja stressivabaks.  <\/p>\n\n<p>Olenemata sellest, kas plaanite Euroopa-\u00fclese autoreisi v\u00f5i lihtsalt l\u00e4bite <strong>\u0160veitsi<\/strong> teel Itaaliasse v\u00f5i Prantsusmaale, aitab vinjettide s\u00fcsteemi m\u00f5istmine s\u00e4\u00e4sta aega, raha ja v\u00f5imalikku peavalu.<\/p>\n\n<h2 class=\"wp-block-heading\">Mis on \u0160veitsi maantee vinjett?<\/h2>\n\n<p><strong>\u0160veitsi maanteevignette on kohustuslik teemaksupilet, mis on vajalik k\u00f5igile kuni 3,5-tonnistele s\u00f5idukitele, sealhulgas s\u00f5iduautodele, kaubikutele, mootorratastele ja matkaautodele, mis kasutavad \u0160veitsi kiirteid<em>(Autobahnen<\/em>) ja kiirteid<em>(Autostrassen<\/em>).  <\/strong><\/p>\n\n<p>Erinevalt paljudest Euroopa riikidest, kus teemaksud s\u00f5ltuvad l\u00e4bitud vahemaast v\u00f5i konkreetsetest teel\u00f5ikudest, kasutatakse \u0160veitsis lihtsat <strong>\n  <em>aastane vinjettide s\u00fcsteem<\/em>\n<\/strong>. Kui vinjett on ostetud, v\u00f5imaldab see kehtivusaja jooksul piiramatult s\u00f5ita riigi kiirteev\u00f5rgustikul. <\/p>\n\n<p>S\u00fcsteem on lihtne: kui te kavatsete s\u00f5ita mis tahes kiirteel, isegi l\u00fchikest vahemaad, peab teil olema kehtiv <a href=\"https:\/\/vignettego.com\/\">vinjett<\/a>. Vigneti puudumise korral v\u00f5idakse m\u00e4\u00e4rata m\u00e4rkimisv\u00e4\u00e4rne trahv. <\/p>\n\n<h3 class=\"wp-block-heading\">Peamised faktid l\u00fchidalt<\/h3>\n\n<ul class=\"wp-block-list\">\n<li>Kohustuslik k\u00f5igile kuni 3,5-tonnistele s\u00f5idukitele, mis kasutavad kiirteid v\u00f5i kiirteid.<\/li>\n\n\n\n<li>Kehtib kogu \u0160veitsi kiirteede v\u00f5rgustiku jaoks &#8211; \u00fcks vinjett h\u00f5lmab k\u00f5iki marsruute.<\/li>\n\n\n\n<li>Aastane kindlasummaline tasu kilomeetrip\u00f5histe teemaksude asemel<\/li>\n\n\n\n<li>\u00dcle 3,5 tonni kaaluvate s\u00f5idukite suhtes kohaldatakse eraldi raskeveokimaksu (LSVA).<\/li>\n<\/ul>\n\n<h2 class=\"wp-block-heading\">\u0160veitsi vinjeti hind aastaks 2026<\/h2>\n\n<p>\u0160veitsi teemaksus\u00fcsteem on v\u00e4rskendavalt lihtne. Eraautodele on saadaval ainult \u00fchte t\u00fc\u00fcpi <em>vinjett<\/em>, mis kehtib terve aasta: <\/p>\n\n<figure class=\"wp-block-table\"><table class=\"has-fixed-layout\"><thead><tr><th>S\u00f5iduki t\u00fc\u00fcp<\/th><th>Hind<\/th><th>Kehtivus<\/th><\/tr><\/thead><tbody><tr><td>S\u00f5iduautod, kaubikud, haagissuvilad (\u2264 3,5 tonni)<\/td><td>40 \u0160veitsi franki (umbes 42 eurot)<\/td><td>1 kalendriaasta (1. detsembrist kuni j\u00e4rgmise aasta 31. jaanuarini).<\/td><\/tr><tr><td>Mootorrattad<\/td><td>40 \u0160veitsi franki (umbes 42 eurot)<\/td><td>1 kalendriaasta (1. detsembrist kuni j\u00e4rgmise aasta 31. jaanuarini).<\/td><\/tr><\/tbody><\/table><\/figure>\n\n<p>L\u00fchiajalisi v\u00f5imalusi, n\u00e4iteks 7-p\u00e4evaseid v\u00f5i 1-kuulisi pileteid, ei ole. Isegi kui sisenete riiki \u00fcheks p\u00e4evaks, peate ostma <a href=\"https:\/\/vignettego.com\/\">aastavigneti<\/a>.   <\/p>\n\n<p>Kuigi see v\u00f5ib tunduda l\u00fchikeste k\u00fclastuste puhul kallis, muutub see suurep\u00e4raseks, kui plaanite mitu reisi v\u00f5i pikemat viibimist.<\/p>\n\n<div style=\"height:40px\" aria-hidden=\"true\" class=\"wp-block-spacer\"><\/div>\n\n<h2 class=\"wp-block-heading\">Kus ja kuidas osta \u0160veitsi vinjetti<\/h2>\n\n<p>Saate osta oma <strong>\n  <em>\n    <a href=\"https:\/\/vignettego.com\/\">\u0160veitsi kiirtee vinjeti<\/a>\n  <\/em>\n<\/strong> peamiselt kahel viisil: traditsioonilise f\u00fc\u00fcsilise kleebisena v\u00f5i digitaalse vinjetina, mis on seotud teie s\u00f5iduki numbrim\u00e4rgiga. M\u00f5lemad variandid on kehtivad ja \u00f5iguslikult tunnustatud. <\/p>\n\n<h3 class=\"wp-block-heading\">1. F\u00fc\u00fcsiline kleebis vinjett<\/h3>\n\n<p>Traditsiooniline vinjett on v\u00e4ike kleebis, mis tuleb kinnitada teie s\u00f5iduki tuuleklaasile. See on endiselt populaarne valik paljude juhtide jaoks ja on laialdaselt saadaval kogu Euroopas. <\/p>\n\n<p><strong>Kust osta kleebisvignette:<\/strong><\/p>\n\n<ul class=\"wp-block-list\">\n<li>\u0160veitsi piiripunktides ja tolliasutustes<\/li>\n\n\n\n<li>\u0160veitsi piiri l\u00e4hedal asuvates tanklates (Saksamaal, Austrias, Itaalias, Prantsusmaal).<\/li>\n\n\n\n<li>\u0160veitsi postkontorites ja autospordiorganisatsioonides<\/li>\n\n\n\n<li>Autoklubidelt nagu ADAC v\u00f5i \u00d6AMTC.<\/li>\n<\/ul>\n\n<div style=\"height:40px\" aria-hidden=\"true\" class=\"wp-block-spacer\"><\/div>\n\n<div class=\"wp-block-buttons is-content-justification-center is-layout-flex wp-container-core-buttons-is-layout-a89b3969 wp-block-buttons-is-layout-flex\">\n<div class=\"wp-block-button\"><a class=\"wp-block-button__link wp-element-button\" href=\"https:\/\/vignettego.com\/\">VignetteGO &#8211; saada Vignette kiiresti<\/a><\/div>\n<\/div>\n\n<div style=\"height:40px\" aria-hidden=\"true\" class=\"wp-block-spacer\"><\/div>\n\n<p><strong>Kuidas seda rakendada:<\/strong> Koorige kaitsekiht maha ja kleepige vinjett tuuleklaasi sisek\u00fcljele, eelistatavalt vasakusse \u00fclanurka v\u00f5i tahavaatepeegli taha. P\u00e4rast eemaldamist ei saa kleebist uuesti kasutada ega teisele s\u00f5idukile \u00fcle kanda. <\/p>\n\n<h3 class=\"wp-block-heading\">2. Digitaalne vinjett (soovitatav)<\/h3>\n\n<p>Alates 2023. aastast pakub \u0160veits <a href=\"https:\/\/vignettego.com\/\">digitaalset vinjetti<\/a>. See versioon on seotud teie numbrim\u00e4rgiga ja kaotab vajaduse f\u00fc\u00fcsilise kleebise j\u00e4rele. See on mugav lahendus, eriti neile, kes vahetavad sageli s\u00f5idukit v\u00f5i soovivad v\u00e4ltida kleebise kinnitamise ja eemaldamisega kaasnevat vaeva.  <\/p>\n\n<p><strong>Digitaalse vinjeti eelised:<\/strong><\/p>\n\n<ul class=\"wp-block-list\">\n<li>Kiire ja lihtne veebip\u00f5hine ostmine &#8211; l\u00f5petage protsess m\u00f5ne minutiga.<\/li>\n\n\n\n<li>Tuuleklaasile ei ole vaja midagi kinnitada ega eemaldada.<\/li>\n\n\n\n<li>Saab h\u00f5lpsasti uuendada, kui vahetate tuuleklaasi v\u00f5i numbrim\u00e4rki.<\/li>\n\n\n\n<li>Saadaval on automaatse uuendamise v\u00f5imalused<\/li>\n<\/ul>\n\n<p><strong>Kust seda veebist osta:<\/strong> \u00dcks lihtsamaid viise on l\u00e4bi ametliku \u0160veitsi platvormi v\u00f5i usaldusv\u00e4\u00e4rsete veebipakkujate kaudu. Kui soovite aega s\u00e4\u00e4sta ja v\u00e4ltida j\u00e4rjekordi piiril, saate <a href=\"https:\/\/vignettego.com\/\" target=\"_blank\" rel=\"noreferrer noopener\">\u0160veitsi vinjeti osta veebist<\/a> vaid m\u00f5ne minutiga. <\/p>\n\n<p><a href=\"https:\/\/vignettego.com\/\" target=\"_blank\" rel=\"noreferrer noopener\">Osta oma \u0160veitsi vinjett n\u00fc\u00fcd veebis<\/a><\/p>\n\n<div style=\"height:40px\" aria-hidden=\"true\" class=\"wp-block-spacer\"><\/div>\n\n<h2 class=\"wp-block-heading\">F\u00fc\u00fcsiline vs digitaalne: Kumba peaksite valima?<\/h2>\n\n<p><strong>M\u00f5lemad v\u00f5imalused annavad sama seadusliku \u00f5iguse kasutada \u0160veitsi kiirteid, kuid digitaalse vinjeti kasutamine on selle mugavuse t\u00f5ttu \u00fcha populaarsem.  <\/strong><\/p>\n\n<p>Kui rendite \u0160veitsis auto, on peaaegu alati olemas vinjett. Kui aga rendite s\u00f5idukit v\u00e4lismaal ja kavatsete s\u00f5ita \u0160veitsi, kontrollige, kas s\u00f5idukil on juba vinjett olemas &#8211; enamasti ei ole. <\/p>\n\n<p>Kui hindate paindlikkust ja lihtsust, on digitaalne vinjett parem valik. Kui te aga eelistate seda kohapeal osta v\u00f5i ei soovi oma numbrim\u00e4rgi andmeid veebis sisestada, j\u00e4\u00e4b f\u00fc\u00fcsiline versioon turvaliseks valikuks. <\/p>\n\n<h2 class=\"wp-block-heading\">Kehtivusaeg ja uuendamine<\/h2>\n\n<p>Veel \u00fcks \u0160veitsi s\u00fcsteemi eelis on selle suurejooneline kehtivusaeg. Iga vinjett kehtib 14 kuud, mitte ainult 12 kuud. See t\u00e4hendab, et v\u00f5ite seda kasutada kaks talve v\u00f5i kaks suve, kui planeerite oma reise targalt.  <\/p>\n\n<ul class=\"wp-block-list\">\n<li><strong>Alguskuup\u00e4ev:<\/strong> eelmise aasta 1. detsember<\/li>\n\n\n\n<li><strong>L\u00f5ppt\u00e4htaeg:<\/strong> j\u00e4rgmise aasta 31. jaanuar<\/li>\n<\/ul>\n\n<p>N\u00e4iteks 2026. aasta vinjett kehtib 1. detsembrist 2024 kuni 31. jaanuarini 2026. Kui ostate selle varakult, saate kaks lisakuud ilma lisakuludeta. <\/p>\n\n<div style=\"height:40px\" aria-hidden=\"true\" class=\"wp-block-spacer\"><\/div>\n\n<div class=\"wp-block-buttons is-content-justification-center is-layout-flex wp-container-core-buttons-is-layout-a89b3969 wp-block-buttons-is-layout-flex\">\n<div class=\"wp-block-button\"><a class=\"wp-block-button__link wp-element-button\" href=\"https:\/\/vignettego.com\/\">Maantee e-m\u00e4rkmikud<\/a><\/div>\n<\/div>\n\n<div style=\"height:40px\" aria-hidden=\"true\" class=\"wp-block-spacer\"><\/div>\n\n<h2 class=\"wp-block-heading\">Kas v\u00e4lismaised s\u00f5idukijuhid vajavad vinjetti?<\/h2>\n\n<p><strong>Jah. Vignette&#8217;i n\u00f5ue kehtib k\u00f5igi s\u00f5idukite suhtes, olenemata sellest, kus need on registreeritud.   <\/strong><\/p>\n\n<p>Kui s\u00f5idate \u0160veitsi naaberriigist, peate ostma vinjeti enne v\u00f5i kohe p\u00e4rast kiirteev\u00f5rku sisenemist. Politsei kontrollib sageli s\u00f5idukeid piiripunktide, kiirteede sisses\u00f5iduteede ja puhkealade juures. <\/p>\n\n<p>Isegi kui te lihtsalt s\u00f5idate l\u00e4bi \u0160veitsi \u00fche tunni jooksul, on teil ikkagi vaja sellist s\u00f5idukit. Ilma vinjetita s\u00f5itmise katse ei ole riski v\u00e4\u00e4rt &#8211; trahvid on suured ja nende t\u00e4itmine on range. <\/p>\n\n<p><a href=\"https:\/\/vignettego.com\/\" target=\"_blank\" rel=\"noreferrer noopener\">Osta \u0160veitsi vinjett minutitega<\/a><\/p>\n\n<div style=\"height:39px\" aria-hidden=\"true\" class=\"wp-block-spacer\"><\/div>\n\n<h2 class=\"wp-block-heading\">Trahvid ja karistused vinjetita s\u00f5itmise eest<\/h2>\n\n<p><strong>Ilma kehtiva vinjetita s\u00f5itmine \u0160veitsi kiirteedel on t\u00f5sine liiklusrikkumine.  <\/strong><\/p>\n\n<p>Ametiasutused j\u00f5ustavad vinjettin\u00f5uet rangelt ja trahvid on k\u00f5rged, et takistada n\u00f5uete t\u00e4itmata j\u00e4tmist. Kui teid peatab politsei v\u00f5i teid tabatakse teekontrolli k\u00e4igus ilma vinjetita, siis ootab teid ees: <\/p>\n\n<ul class=\"wp-block-list\">\n<li>standardne trahv <strong>200 \u0160veitsi franki<\/strong> (umbes 210 eurot).<\/li>\n\n\n\n<li>Kohene kohustus <a href=\"https:\/\/vignettego.com\/\">osta vinjett<\/a> kohapeal.<\/li>\n<\/ul>\n\n<p>Mingit ajapikendusperioodi ja erandeid ei ole. N\u00f5ue algab hetkest, mil sisenete kiirteele v\u00f5i kiirteele. Isegi kui te s\u00f5idate vaid \u00fche kilomeetri ilma vinjetita, tuleb teil ikkagi maksta kogu trahv.    <\/p>\n\n<p>V\u00e4\u00e4rib m\u00e4rkimist, et trahve ei m\u00e4\u00e4rata mitte ainult piiri\u00fcletuspunktides, vaid ka riigi siseselt, kus on tavalised juhuslikud maanteekontrollid.<\/p>\n\n<p>Kuna vinjeti hind on v\u00f5rreldes trahviga nii madal, on alati targem osta vinjett ette. Enne reisi veebist ostmine on k\u00f5ige lihtsam viis, et v\u00e4ltida tarbetuid probleeme. <\/p>\n\n<p><a href=\"https:\/\/vignettego.com\/\" target=\"_blank\" rel=\"noreferrer noopener\">Ostke oma \u0160veitsi vinjett ja v\u00e4ltige trahve<\/a><\/p>\n\n<div style=\"height:40px\" aria-hidden=\"true\" class=\"wp-block-spacer\"><\/div>\n\n<h2 class=\"wp-block-heading\">Erilised teemaksud ja erandid<\/h2>\n\n<p><strong>Kuigi 40 \u0160veitsi frangi teemaksum\u00e4rk katab peaaegu kogu \u0160veitsi kiirteev\u00f5rgustiku, on m\u00f5ned tunnelid ja m\u00e4giteed, kus kehtib t\u00e4iendav teemaks.  <\/strong><\/p>\n\n<p>Need on tavaliselt pikad ja kallid infrastruktuuriprojektid, mis n\u00f5uavad eraldi hooldustasu.<\/p>\n\n<figure class=\"wp-block-table\"><table class=\"has-fixed-layout\"><thead><tr><th>Marsruut \/ tunnel<\/th><th>T\u00e4iendav teemaks<\/th><th>M\u00e4rkused<\/th><\/tr><\/thead><tbody><tr><td>Suur Saint-Bernhardi tunnel (Itaalia piir)<\/td><td>~30 CHF<\/td><td>Maksab teemaksupunktis v\u00f5i internetis<\/td><\/tr><tr><td>Munt la Schera tunnel (Livignosse, Itaalia)<\/td><td>~15-30 CHF<\/td><td>Hooajaline tee, teemaksud s\u00f5ltuvad aastaajast.<\/td><\/tr><tr><td>San Bernardino pass<\/td><td>Lisatud<\/td><td>Lisatasu ei n\u00f5uta, kuid see s\u00f5ltub ilmastikuoludest.<\/td><\/tr><\/tbody><\/table><\/figure>\n\n<p>\u00dcle 3,5 tonni kaaluvate s\u00f5idukite, n\u00e4iteks raskeveokite, veoautode ja busside suhtes kohaldatakse <strong>raskeveokimaksu (LSVA<\/strong>). See maks arvutatakse vahemaa, kaalu ja heitmekategooria alusel ning seda makstakse tavaliselt eraldi transpordiettev\u00f5tete kaudu v\u00f5i tolliasutustes. <\/p>\n\n<div style=\"height:40px\" aria-hidden=\"true\" class=\"wp-block-spacer\"><\/div>\n\n<div class=\"wp-block-buttons is-content-justification-center is-layout-flex wp-container-core-buttons-is-layout-a89b3969 wp-block-buttons-is-layout-flex\">\n<div class=\"wp-block-button\"><a class=\"wp-block-button__link wp-element-button\">Euroopa k\u00f5ige usaldusv\u00e4\u00e4rsem e-vignettide teenus<\/a><\/div>\n<\/div>\n\n<div style=\"height:40px\" aria-hidden=\"true\" class=\"wp-block-spacer\"><\/div>\n\n<h2 class=\"wp-block-heading\">N\u00f5uanded \u0160veitsis s\u00f5itmiseks<\/h2>\n\n<p><strong>\u0160veits on tuntud oma rangete liiklusseaduste ja h\u00e4sti hooldatud infrastruktuuri poolest.  <\/strong><\/p>\n\n<p>Eeskirjade j\u00e4rgimine ei hoia teid mitte ainult ohutuna, vaid aitab teil ka v\u00e4ltida kulukaid trahve. Siin on m\u00f5ned kasulikud n\u00f5uanded enne teele minekut: <\/p>\n\n<ul class=\"wp-block-list\">\n<li><strong>Kiiruspiirangud:<\/strong> 120 km\/h kiirteedel, 100 km\/h kahesuunalistel maanteedel, 80 km\/h maapiirkondade teedel, 50 km\/h linnades.<\/li>\n\n\n\n<li><strong>Talverehvid:<\/strong> ei ole seadusega n\u00f5utavad, kuid on v\u00e4ga soovitavad novembrist m\u00e4rtsini, eriti m\u00e4gistes piirkondades.<\/li>\n\n\n\n<li><strong>Tuled:<\/strong> Valgustid: p\u00e4evasel ajal on l\u00e4hitulelaternad kohustuslikud.<\/li>\n\n\n\n<li><strong>Mobiiltelefonid:<\/strong> Telefoni kasutamine ilma k\u00e4ed-vabad s\u00fcsteemita on ebaseaduslik ja selle eest karistatakse karmi trahviga.<\/li>\n\n\n\n<li><strong>Alkoholi piirnorm:<\/strong> 0,5\u2030 (madalam uute juhtide ja kutseliste juhtide puhul).<\/li>\n\n\n\n<li><strong>Parkimine:<\/strong> Parkimisreeglid on rangelt tagatud. Kasutage alati t\u00e4histatud kohti ja p\u00f6\u00f6rake t\u00e4helepanu ajalistele piirangutele. <\/li>\n<\/ul>\n\n<p>\u0160veitsis on ka m\u00f5ned Euroopa k\u00f5ige maalilisemad marsruudid, n\u00e4iteks Furka pass, Gotthardi pass ja Bernina tee.  <\/p>\n\n<p>Kuigi need teed ei pruugi vajada vinjetti, kui need ei ole osa kiirteev\u00f5rgustikust, on need talvel sageli lume t\u00f5ttu suletud, seega kontrollige alati enne reisimist hooajalisi tingimusi.<\/p>\n\n<div style=\"height:40px\" aria-hidden=\"true\" class=\"wp-block-spacer\"><\/div>\n\n<h2 class=\"wp-block-heading\">Alternatiivsed strateegiad l\u00fchikeste reiside jaoks<\/h2>\n\n<p>Kui te plaanite l\u00e4bida \u0160veitsi ja teile tundub, et 40 \u0160veitsi franki on l\u00fchikese reisi jaoks liiga palju, siis on olemas m\u00f5ned alternatiivid &#8211; kuigi iga\u00fchel neist on omad kompromissid:<\/p>\n\n<ul class=\"wp-block-list\">\n<li><strong>Kasutage kiirteev\u00e4liseid teid:<\/strong> Siniste m\u00e4rkidega t\u00e4histatud teed on tasuta, kuid need on aeglasemad ja kulgevad sageli l\u00e4bi linnade ja k\u00fclade.<\/li>\n\n\n\n<li><strong>Pargi ja s\u00f5ida:<\/strong> Parkige oma auto piiri l\u00e4hedal ja s\u00f5itke rongiga \u0160veitsi. \u0160veitsi raudteev\u00f5rk on kiire ja usaldusv\u00e4\u00e4rne ning katab isegi k\u00f5rvalised m\u00e4gilinnad. <\/li>\n\n\n\n<li><strong>Tehke sellest osa reisist:<\/strong> Kui maksate vinjeti eest niikuinii, siis planeerige peatusi \u0160veitsi linnades v\u00f5i looduslikes vaatamisv\u00e4\u00e4rsustes, et saada oma k\u00fclastusest rohkem kasu.<\/li>\n<\/ul>\n\n<p>L\u00f5ppkokkuv\u00f5ttes on 40 \u0160veitsi franki vinjett v\u00e4ike hind piiramatu juurdep\u00e4\u00e4su eest \u00fchele maailma parimale teedev\u00f5rgule. Enamiku reisijate jaoks on see investeeringut v\u00e4\u00e4rt. <\/p>\n\n<div style=\"height:40px\" aria-hidden=\"true\" class=\"wp-block-spacer\"><\/div>\n\n<h2 class=\"wp-block-heading\">Korduma kippuvad k\u00fcsimused (KKK)<\/h2>\n\n<h3 class=\"wp-block-heading\">Kas ma vajan vinjetti, kui s\u00f5idan ainult k\u00f5rvalteedel?<\/h3>\n\n<p>Ei. Vignette on n\u00f5utav ainult kiirteede ja kiirteede puhul, mida t\u00e4histavad rohelised, valgete numbritega t\u00e4hised. Siniste m\u00e4rkidega t\u00e4histatud maanteid v\u00f5ib vabalt kasutada ilma vinjetita.  <\/p>\n\n<h3 class=\"wp-block-heading\">Kas ma saan oma vinjeti \u00fcle kanda teisele s\u00f5idukile?<\/h3>\n\n<p>Ei. Nii f\u00fc\u00fcsiline kui ka digitaalne vinjett on seotud konkreetse s\u00f5idukiga. F\u00fc\u00fcsilised vinjetid h\u00e4vitatakse, kui need eemaldatakse, ja digitaalsed vinjetid on seotud ostmisel sisestatud numbrim\u00e4rgiga.  <\/p>\n\n<h3 class=\"wp-block-heading\">Mis juhtub, kui ma muudan oma numbrim\u00e4rki?<\/h3>\n\n<p>Kui teil on digitaalne vinjett, saate tavaliselt registreerimisandmeid veebis ajakohastada. F\u00fc\u00fcsilise vinjeti puhul peate ostma uue vinjeti. <\/p>\n\n<h3 class=\"wp-block-heading\">Kas \u0160veitsis on rendiautod juba varustatud vinjetiga?<\/h3>\n\n<p>Enamik \u0160veitsis renditud autosid sisaldab vinjeti hinda. V\u00e4ljaspool \u0160veitsi renditud s\u00f5idukite puhul seda tavaliselt ei tehta. Kontrollige seda alati eelnevalt rendifirmast.  <\/p>\n\n<h3 class=\"wp-block-heading\">Kas \u0160veits pakub turistidele l\u00fchiajalisi vinjeteid?<\/h3>\n\n<p>Ei. Erinevalt Austriast ja Sloveeniast pakub \u0160veits ainult aastavignette. Isegi kui te k\u00fclastate riiki \u00fche p\u00e4eva, peate ostma aastapileti.  <\/p>\n\n<div style=\"height:40px\" aria-hidden=\"true\" class=\"wp-block-spacer\"><\/div>\n\n<h2 class=\"wp-block-heading\">L\u00f5plikud m\u00f5tted: V\u00e4ike investeering premium s\u00f5iduelamuse eest<\/h2>\n\n<p>\u0160veitsi maanteevignette on \u00fcks lihtsamaid ja kuluefektiivsemaid teemaksus\u00fcsteeme Euroopas. Kindla 40 \u0160veitsi frangi suuruse aastamaksu eest saate piiramatu juurdep\u00e4\u00e4su turvalisele, kiirele ja maalilisele teedev\u00f5rgule.   <\/p>\n\n<p>Mugavus, et ei pea peatuma teemaksupunktides, ja \u0160veitsi infrastruktuuri kvaliteet teevad sellest olulise osa iga piirkonna teekonnaga seotud reisist.<\/p>\n\n<p>Vignette pakub meelerahu ja probleemideta kogemust, olenemata sellest, kas te avastate maalilisi alpik\u00fclasid, s\u00f5idate maailmatasemel suusakuurortidesse v\u00f5i lihtsalt l\u00e4bite riiki osana suuremast Euroopa reisist.  <\/p>\n\n<p><strong>\u00c4rge riskige trahvide v\u00f5i hilinemistega &#8211; hankige vinjett enne reisi ja nautige \u0160veitsi teid nii, nagu need on m\u00f5eldud kogemiseks.<\/strong><\/p>\n\n<p><a href=\"https:\/\/vignettego.com\/\" target=\"_blank\" rel=\"noreferrer noopener\">Ostke oma \u0160veitsi vinjett online t\u00e4na<\/a><\/p>\n\n<p>Ostke oma ametlik \u0160veitsi maanteevignette veebis <a href=\"https:\/\/vignettego.com\/\" target=\"_blank\" rel=\"noreferrer noopener\">VignetteGo<\/a> &#8216;st ja olge valmis minuti jooksul teele minema.<\/p>\n\n<div style=\"height:40px\" aria-hidden=\"true\" class=\"wp-block-spacer\"><\/div>\n\n<div class=\"wp-block-buttons is-content-justification-center is-layout-flex wp-container-core-buttons-is-layout-a89b3969 wp-block-buttons-is-layout-flex\">\n<div class=\"wp-block-button\"><a class=\"wp-block-button__link wp-element-button\" href=\"https:\/\/vignettego.com\/\">Proovige VignetteGO.com<\/a><\/div>\n<\/div>\n\n<div style=\"height:40px\" aria-hidden=\"true\" class=\"wp-block-spacer\"><\/div>\n\n<p><strong>TAGS:<\/strong><\/p>\n\n<p class=\"has-medium-font-size\">\u0160veitsi maanteevignette, \u0160veitsi kiirteemaks, \u0160veitsi vinjeti ostmine online, \u0160veitsi teemaks 2026, \u0160veitsi s\u00f5idujuhend, \u0160veitsi kiirteepass, \u0160veitsi kiirteekleebis, \u0160veitsi kiirteekleebis, \u0160veitsi <a href=\"https:\/\/vignettego.com\/\">teemaksud<\/a>, \u0160veitsi teemaksud selgitatud, \u0160veitsi autos\u00f5idu n\u00f5uanded, \u0160veitsi teekonnale, \u0160veitsi s\u00f5idu eeskirjad, \u0160veitsi vinjeti maksumus, kust osta \u0160veitsi vinjetti, \u0160veitsi vinjeti trahvide v\u00e4ltimine, \u0160veitsi kiirteede v\u00f5rk, \u0160veitsi aastavignette, \u0160veitsi kiirteeluba, \u0160veitsi autoga reisimine, \u0160veits<\/p>\n\n<p><\/p>\n","protected":false},"excerpt":{"rendered":"<p>S\u00f5itmine l\u00e4bi \u0160veitsi on \u00fcks hingematvamaid teeelamusi Euroopas. Riik on kuulus oma laitmatute teede, muljetavaldavate tunnelite ja maaliliste alpimaastike poolest, mis muudavad iga reisi unustamatuks. Kuid enne, kui te \u0160veitsi kiirteele asute, on \u00fcks oluline n\u00f5ue, mida peate teadma: see on \u0160veitsi kiirtee vinjett . Selles p\u00f5hjalikus juhendis selgitatakse k\u00f5ike, mida peate teadma \u0160veitsi kiirteemaksus\u00fcsteemi [&hellip;]<\/p>\n","protected":false},"author":1,"featured_media":75,"parent":0,"menu_order":0,"comment_status":"closed","ping_status":"closed","template":"","meta":{"footnotes":""},"class_list":["post-184","page","type-page","status-publish","has-post-thumbnail","hentry"],"_links":{"self":[{"href":"https:\/\/vignettego.com\/highway-vignette-europe\/et\/wp-json\/wp\/v2\/pages\/184","targetHints":{"allow":["GET"]}}],"collection":[{"href":"https:\/\/vignettego.com\/highway-vignette-europe\/et\/wp-json\/wp\/v2\/pages"}],"about":[{"href":"https:\/\/vignettego.com\/highway-vignette-europe\/et\/wp-json\/wp\/v2\/types\/page"}],"author":[{"embeddable":true,"href":"https:\/\/vignettego.com\/highway-vignette-europe\/et\/wp-json\/wp\/v2\/users\/1"}],"replies":[{"embeddable":true,"href":"https:\/\/vignettego.com\/highway-vignette-europe\/et\/wp-json\/wp\/v2\/comments?post=184"}],"version-history":[{"count":1,"href":"https:\/\/vignettego.com\/highway-vignette-europe\/et\/wp-json\/wp\/v2\/pages\/184\/revisions"}],"predecessor-version":[{"id":185,"href":"https:\/\/vignettego.com\/highway-vignette-europe\/et\/wp-json\/wp\/v2\/pages\/184\/revisions\/185"}],"wp:featuredmedia":[{"embeddable":true,"href":"https:\/\/vignettego.com\/highway-vignette-europe\/et\/wp-json\/wp\/v2\/media\/75"}],"wp:attachment":[{"href":"https:\/\/vignettego.com\/highway-vignette-europe\/et\/wp-json\/wp\/v2\/media?parent=184"}],"curies":[{"name":"wp","href":"https:\/\/api.w.org\/{rel}","templated":true}]}}