{"id":204,"date":"2025-09-30T22:27:07","date_gmt":"2025-09-30T22:27:07","guid":{"rendered":"https:\/\/vignettego.com\/highway-vignette-europe\/vineta-de-la-autopista-suiza-la-guia-completa\/"},"modified":"2025-09-30T23:11:27","modified_gmt":"2025-09-30T23:11:27","slug":"vineta-de-la-autopista-suiza-la-guia-completa","status":"publish","type":"page","link":"https:\/\/vignettego.com\/highway-vignette-europe\/es\/vineta-de-la-autopista-suiza-la-guia-completa\/","title":{"rendered":"Vi\u00f1eta de la Autopista Suiza: La Gu\u00eda Completa"},"content":{"rendered":"\n<p><strong>Conducir por Suiza es una de las experiencias por carretera m\u00e1s impresionantes de Europa<\/strong>.  <\/p>\n\n<p>El pa\u00eds es famoso por sus carreteras inmaculadas, sus impresionantes t\u00faneles y sus pintorescos paisajes alpinos, que hacen que cada viaje sea inolvidable.  <\/p>\n\n<p>Pero antes de emprender el viaje por una autopista suiza, hay un requisito esencial que debes conocer: la <strong>\n  <a href=\"https:\/\/vignettego.com\/\" data-type=\"link\" data-id=\"https:\/\/vignettego.com\/\">vi\u00f1eta de la autopista suiza<\/a>\n<\/strong>.<\/p>\n\n<div style=\"height:40px\" aria-hidden=\"true\" class=\"wp-block-spacer\"><\/div>\n\n<div class=\"wp-block-buttons is-content-justification-center is-layout-flex wp-container-core-buttons-is-layout-a89b3969 wp-block-buttons-is-layout-flex\">\n<div class=\"wp-block-button\"><a class=\"wp-block-button__link has-text-align-center wp-element-button\" href=\"https:\/\/vignettego.com\/\">Vi\u00f1eta Suiza R\u00e1pida<\/a><\/div>\n<\/div>\n\n<div style=\"height:40px\" aria-hidden=\"true\" class=\"wp-block-spacer\"><\/div>\n\n<p>Esta completa gu\u00eda explica todo lo que necesitas saber sobre el sistema de peaje de las autopistas suizas: c\u00f3mo funciona la vi\u00f1eta, cu\u00e1nto cuesta, d\u00f3nde comprarla, c\u00f3mo evitar las multas y consejos \u00fatiles para que tu viaje sea tranquilo y sin estr\u00e9s.  <\/p>\n\n<p>Tanto si planeas un viaje por carretera a trav\u00e9s de Europa como si simplemente pasas por <strong>Suiza<\/strong> de camino a Italia o Francia, entender el sistema de vi\u00f1etas te ahorrar\u00e1 tiempo, dinero y posibles dolores de cabeza.<\/p>\n\n<h2 class=\"wp-block-heading\">\u00bfQu\u00e9 es la vi\u00f1eta de la autopista suiza?<\/h2>\n\n<p><strong>La vi\u00f1eta de autopista suiza es un pase de peaje obligatorio para todos los veh\u00edculos de hasta 3,5 toneladas, incluidos turismos, furgonetas, motocicletas y autocaravanas, que utilicen las autopistas<em>(Autobahnen<\/em>) y autov\u00edas<em>(Autostrassen<\/em>) suizas.  <\/strong><\/p>\n\n<p>A diferencia de muchos pa\u00edses europeos que cobran peajes en funci\u00f3n de la distancia recorrida o de tramos concretos de carretera, Suiza utiliza un sencillo sistema de vi\u00f1eta anual <strong>\n  <em>sistema de vi\u00f1eta anual<\/em>\n<\/strong>. Una vez adquirida, la vi\u00f1eta permite viajar de forma ilimitada por la red de autopistas del pa\u00eds durante su periodo de validez. <\/p>\n\n<p>El sistema es sencillo: si piensas conducir por cualquier autopista, aunque sea una distancia corta, debes tener una <a href=\"https:\/\/vignettego.com\/\">vi\u00f1eta<\/a> v\u00e1lida. No mostrarla puede acarrear multas importantes. <\/p>\n\n<h3 class=\"wp-block-heading\">Resumen de los hechos clave<\/h3>\n\n<ul class=\"wp-block-list\">\n<li>Obligatorio para todos los veh\u00edculos de hasta 3,5 toneladas que utilicen autopistas o autov\u00edas<\/li>\n\n\n\n<li>V\u00e1lido para toda la red de autopistas suizas: una vi\u00f1eta cubre todas las rutas<\/li>\n\n\n\n<li>Cuota anual fija en lugar de peaje por kil\u00f3metro<\/li>\n\n\n\n<li>Los veh\u00edculos de m\u00e1s de 3,5 toneladas est\u00e1n sujetos a una tasa aparte para veh\u00edculos pesados (LSVA)<\/li>\n<\/ul>\n\n<h2 class=\"wp-block-heading\">Precio de la vi\u00f1eta suiza para 2026<\/h2>\n\n<p>El sistema de peaje suizo es refrescantemente sencillo. S\u00f3lo hay un tipo de <em>vi\u00f1eta<\/em> disponible para los veh\u00edculos privados, y es v\u00e1lida para todo un a\u00f1o: <\/p>\n\n<figure class=\"wp-block-table\"><table class=\"has-fixed-layout\"><thead><tr><th>Tipo de veh\u00edculo<\/th><th>Precio<\/th><th>Validez<\/th><\/tr><\/thead><tbody><tr><td>Coches, furgonetas, autocaravanas (\u2264 3,5 toneladas)<\/td><td>40 CHF (unos 42 \u20ac)<\/td><td>1 a\u00f1o natural (del 1 de diciembre al 31 de enero del a\u00f1o siguiente)<\/td><\/tr><tr><td>Motos<\/td><td>40 CHF (unos 42 \u20ac)<\/td><td>1 a\u00f1o natural (del 1 de diciembre al 31 de enero del a\u00f1o siguiente)<\/td><\/tr><\/tbody><\/table><\/figure>\n\n<p>No hay opciones a corto plazo, como pases de 7 d\u00edas o de 1 mes. Aunque entres en el pa\u00eds por un solo d\u00eda, tendr\u00e1s que comprar la <a href=\"https:\/\/vignettego.com\/\">vi\u00f1eta<\/a> anual.   <\/p>\n\n<p>Aunque esto puede parecer caro para visitas cortas, se convierte en un valor excelente si planeas varios viajes o una estancia prolongada.<\/p>\n\n<div style=\"height:40px\" aria-hidden=\"true\" class=\"wp-block-spacer\"><\/div>\n\n<h2 class=\"wp-block-heading\">D\u00f3nde y c\u00f3mo comprar la Vi\u00f1eta Suiza<\/h2>\n\n<p>Puedes comprar tu <strong>\n  <em>\n    <a href=\"https:\/\/vignettego.com\/\">vi\u00f1eta de autopista suiza<\/a>\n  <\/em>\n<\/strong> de dos formas principales: como pegatina f\u00edsica tradicional o como vi\u00f1eta digital vinculada a la matr\u00edcula de tu veh\u00edculo. Ambas opciones son v\u00e1lidas y est\u00e1n legalmente reconocidas. <\/p>\n\n<h3 class=\"wp-block-heading\">1. Vi\u00f1eta adhesiva f\u00edsica<\/h3>\n\n<p>La vi\u00f1eta tradicional es una peque\u00f1a pegatina adhesiva que debes pegar en el parabrisas de tu veh\u00edculo. Sigue siendo una opci\u00f3n popular para muchos conductores y est\u00e1 ampliamente disponible en toda Europa. <\/p>\n\n<p><strong>D\u00f3nde comprar la vi\u00f1eta adhesiva:<\/strong><\/p>\n\n<ul class=\"wp-block-list\">\n<li>En los pasos fronterizos y aduanas suizas<\/li>\n\n\n\n<li>En las gasolineras cercanas a la frontera suiza (en Alemania, Austria, Italia, Francia)<\/li>\n\n\n\n<li>En las oficinas de correos y organizaciones automovil\u00edsticas suizas<\/li>\n\n\n\n<li>De clubes automovil\u00edsticos como el ADAC o el \u00d6AMTC<\/li>\n<\/ul>\n\n<div style=\"height:40px\" aria-hidden=\"true\" class=\"wp-block-spacer\"><\/div>\n\n<div class=\"wp-block-buttons is-content-justification-center is-layout-flex wp-container-core-buttons-is-layout-a89b3969 wp-block-buttons-is-layout-flex\">\n<div class=\"wp-block-button\"><a class=\"wp-block-button__link wp-element-button\" href=\"https:\/\/vignettego.com\/\">VignetteGO &#8211; consigue Vignette r\u00e1pidamente<\/a><\/div>\n<\/div>\n\n<div style=\"height:40px\" aria-hidden=\"true\" class=\"wp-block-spacer\"><\/div>\n\n<p><strong>C\u00f3mo aplicarlo:<\/strong> Despega la capa protectora y pega la vi\u00f1eta en el interior de tu parabrisas, preferiblemente en la esquina superior izquierda o detr\u00e1s del espejo retrovisor. Una vez despegada, la pegatina no puede reutilizarse ni transferirse a otro veh\u00edculo. <\/p>\n\n<h3 class=\"wp-block-heading\">2. Vi\u00f1eta digital (Recomendada)<\/h3>\n\n<p>Desde 2023, Suiza ofrece una opci\u00f3n de <a href=\"https:\/\/vignettego.com\/\">vi\u00f1eta digital<\/a>. Esta versi\u00f3n est\u00e1 vinculada a tu matr\u00edcula y elimina la necesidad de una pegatina f\u00edsica. Es una soluci\u00f3n c\u00f3moda, sobre todo para quienes cambian a menudo de veh\u00edculo o quieren evitar la molestia de poner y quitar la pegatina.  <\/p>\n\n<p><strong>Ventajas de la Vi\u00f1eta Digital:<\/strong><\/p>\n\n<ul class=\"wp-block-list\">\n<li>Compra en l\u00ednea f\u00e1cil y r\u00e1pida: completa el proceso en unos minutos<\/li>\n\n\n\n<li>No necesitas fijar ni quitar nada de tu parabrisas<\/li>\n\n\n\n<li>Se puede actualizar f\u00e1cilmente si cambias el parabrisas o la matr\u00edcula<\/li>\n\n\n\n<li>Opciones de renovaci\u00f3n autom\u00e1tica disponibles<\/li>\n<\/ul>\n\n<p><strong>D\u00f3nde comprarlo en l\u00ednea:<\/strong> Una de las formas m\u00e1s sencillas es a trav\u00e9s de la plataforma oficial suiza o de proveedores online de confianza. Si quieres ahorrar tiempo y evitar colas en la frontera, puedes <a href=\"https:\/\/vignettego.com\/\" target=\"_blank\" rel=\"noreferrer noopener\">comprar tu vi\u00f1eta suiza en l\u00ednea aqu\u00ed<\/a> en s\u00f3lo unos minutos. <\/p>\n\n<p><a href=\"https:\/\/vignettego.com\/\" target=\"_blank\" rel=\"noreferrer noopener\">Compra ahora tu vi\u00f1eta suiza en l\u00ednea<\/a><\/p>\n\n<div style=\"height:40px\" aria-hidden=\"true\" class=\"wp-block-spacer\"><\/div>\n\n<h2 class=\"wp-block-heading\">F\u00edsico vs Digital: \u00bfCu\u00e1l debes elegir?<\/h2>\n\n<p><strong>Ambas opciones proporcionan el mismo derecho legal a utilizar las autopistas suizas, pero la vi\u00f1eta digital es cada vez m\u00e1s popular por su comodidad.  <\/strong><\/p>\n\n<p>Si alquilas un coche en Suiza, casi siempre incluir\u00e1 una vi\u00f1eta. Sin embargo, si la alquilas en el extranjero y piensas conducir en Suiza, comprueba si el veh\u00edculo ya tiene una: la mayor\u00eda no la tienen. <\/p>\n\n<p>Si valoras la flexibilidad y la sencillez, la vi\u00f1eta digital es la mejor opci\u00f3n. En cambio, si prefieres comprarla in situ o no quieres introducir los datos de tu matr\u00edcula por Internet, la versi\u00f3n f\u00edsica sigue siendo una opci\u00f3n segura. <\/p>\n\n<h2 class=\"wp-block-heading\">Periodo de validez y renovaci\u00f3n<\/h2>\n\n<p>Otra ventaja del sistema suizo es su generoso periodo de validez. Cada vi\u00f1eta es v\u00e1lida durante 14 meses, no s\u00f3lo 12. Esto significa que puedes utilizarla durante dos inviernos o dos veranos si planificas bien tus viajes.  <\/p>\n\n<ul class=\"wp-block-list\">\n<li><strong>Fecha de inicio:<\/strong> 1 de diciembre del a\u00f1o anterior<\/li>\n\n\n\n<li><strong>Fecha de finalizaci\u00f3n:<\/strong> 31 de enero del a\u00f1o siguiente<\/li>\n<\/ul>\n\n<p>Por ejemplo, la vi\u00f1eta 2026 es v\u00e1lida desde el 1 de diciembre de 2024 hasta el 31 de enero de 2026. Si la compras con antelaci\u00f3n, obtendr\u00e1s dos meses m\u00e1s sin coste adicional. <\/p>\n\n<div style=\"height:40px\" aria-hidden=\"true\" class=\"wp-block-spacer\"><\/div>\n\n<div class=\"wp-block-buttons is-content-justification-center is-layout-flex wp-container-core-buttons-is-layout-a89b3969 wp-block-buttons-is-layout-flex\">\n<div class=\"wp-block-button\"><a class=\"wp-block-button__link wp-element-button\" href=\"https:\/\/vignettego.com\/\">Vi\u00f1etas electr\u00f3nicas de autopistas<\/a><\/div>\n<\/div>\n\n<div style=\"height:40px\" aria-hidden=\"true\" class=\"wp-block-spacer\"><\/div>\n\n<h2 class=\"wp-block-heading\">\u00bfNecesitan vi\u00f1eta los conductores extranjeros?<\/h2>\n\n<p><strong>S\u00ed. El requisito de la vi\u00f1eta se aplica a todos los veh\u00edculos, independientemente de d\u00f3nde est\u00e9n matriculados.   <\/strong><\/p>\n\n<p>Si entras en Suiza desde un pa\u00eds vecino, debes comprar una vi\u00f1eta antes o inmediatamente despu\u00e9s de entrar en la red de autopistas. La polic\u00eda controla con frecuencia los veh\u00edculos cerca de los pasos fronterizos, las entradas a las autopistas y las \u00e1reas de descanso. <\/p>\n\n<p>Aunque s\u00f3lo vayas a transitar por Suiza durante una hora, necesitar\u00e1s una. No merece la pena arriesgarse a conducir sin vi\u00f1eta: las multas son elevadas y la aplicaci\u00f3n de las normas, estricta. <\/p>\n\n<p><a href=\"https:\/\/vignettego.com\/\" target=\"_blank\" rel=\"noreferrer noopener\">Comprar vi\u00f1eta suiza en minutos<\/a><\/p>\n\n<div style=\"height:39px\" aria-hidden=\"true\" class=\"wp-block-spacer\"><\/div>\n\n<h2 class=\"wp-block-heading\">Multas y sanciones por conducir sin vi\u00f1eta<\/h2>\n\n<p><strong>Conducir por las autopistas suizas sin una vi\u00f1eta v\u00e1lida se considera una infracci\u00f3n de tr\u00e1fico grave.  <\/strong><\/p>\n\n<p>Las autoridades hacen cumplir estrictamente el requisito de la vi\u00f1eta, y las multas son elevadas para disuadir del incumplimiento. Si te para la polic\u00eda o te sorprende en una inspecci\u00f3n en carretera sin vi\u00f1eta, te enfrentar\u00e1s a: <\/p>\n\n<ul class=\"wp-block-list\">\n<li>Una multa ordinaria de <strong>200 CHF<\/strong> (unos 210 euros)<\/li>\n\n\n\n<li>Obligaci\u00f3n inmediata de <a href=\"https:\/\/vignettego.com\/\">comprar una vi\u00f1eta<\/a> en el acto<\/li>\n<\/ul>\n\n<p>No hay periodo de gracia ni excepciones. La obligaci\u00f3n comienza en el momento en que entras en una autopista o autov\u00eda. Aunque conduzcas un solo kil\u00f3metro sin vi\u00f1eta, tendr\u00e1s que pagar la multa completa.    <\/p>\n\n<p>Cabe se\u00f1alar que las multas se imponen no s\u00f3lo en los pasos fronterizos, sino tambi\u00e9n en el interior del pa\u00eds, donde son frecuentes los controles aleatorios en carretera.<\/p>\n\n<p>Dado que el coste de la vi\u00f1eta es tan bajo en comparaci\u00f3n con la penalizaci\u00f3n, siempre es m\u00e1s prudente comprar una por adelantado. Comprarla por Internet antes del viaje es la forma m\u00e1s f\u00e1cil de evitar problemas innecesarios. <\/p>\n\n<p><a href=\"https:\/\/vignettego.com\/\" target=\"_blank\" rel=\"noreferrer noopener\">Compra tu vi\u00f1eta suiza y evita multas<\/a><\/p>\n\n<div style=\"height:40px\" aria-hidden=\"true\" class=\"wp-block-spacer\"><\/div>\n\n<h2 class=\"wp-block-heading\">Peajes especiales y excepciones<\/h2>\n\n<p><strong>Aunque la vi\u00f1eta de 40 CHF cubre casi toda la red de autopistas suizas, hay algunos t\u00faneles y rutas de monta\u00f1a donde se aplican peajes adicionales.  <\/strong><\/p>\n\n<p>Suelen ser proyectos de infraestructuras largos y costosos que requieren cuotas de mantenimiento aparte.<\/p>\n\n<figure class=\"wp-block-table\"><table class=\"has-fixed-layout\"><thead><tr><th>Ruta \/ T\u00fanel<\/th><th>Peaje adicional<\/th><th>Notas<\/th><\/tr><\/thead><tbody><tr><td>T\u00fanel del Gran San Bernardo (frontera con Italia)<\/td><td>~CHF 30<\/td><td>Se paga en el peaje o por Internet<\/td><\/tr><tr><td>T\u00fanel de Munt la Schera (a Livigno, Italia)<\/td><td>~CHF 15-30<\/td><td>Carretera estacional, el peaje var\u00eda seg\u00fan la \u00e9poca del a\u00f1o<\/td><\/tr><tr><td>Paso de San Bernardino<\/td><td>Incluye<\/td><td>Sin peaje adicional, pero depende de las condiciones meteorol\u00f3gicas<\/td><\/tr><\/tbody><\/table><\/figure>\n\n<p>Los veh\u00edculos de m\u00e1s de 3,5 toneladas, como autocaravanas pesadas, camiones o autobuses, est\u00e1n sujetos a la <strong>Tasa de Veh\u00edculos Pesados (LSVA)<\/strong>. Esta tasa se calcula en funci\u00f3n de la distancia, el peso y la categor\u00eda de emisiones, y suele pagarse por separado a trav\u00e9s de las empresas de transporte o en las aduanas. <\/p>\n\n<div style=\"height:40px\" aria-hidden=\"true\" class=\"wp-block-spacer\"><\/div>\n\n<div class=\"wp-block-buttons is-content-justification-center is-layout-flex wp-container-core-buttons-is-layout-a89b3969 wp-block-buttons-is-layout-flex\">\n<div class=\"wp-block-button\"><a class=\"wp-block-button__link wp-element-button\">El servicio de vi\u00f1etas electr\u00f3nicas m\u00e1s fiable de Europa<\/a><\/div>\n<\/div>\n\n<div style=\"height:40px\" aria-hidden=\"true\" class=\"wp-block-spacer\"><\/div>\n\n<h2 class=\"wp-block-heading\">Consejos para conducir por Suiza<\/h2>\n\n<p><strong>Suiza es conocida por sus estrictas leyes de tr\u00e1fico y sus infraestructuras bien mantenidas.  <\/strong><\/p>\n\n<p>Respetar las normas no s\u00f3lo te mantiene seguro, sino que tambi\u00e9n te ayuda a evitar costosas multas. Aqu\u00ed tienes algunos consejos \u00fatiles antes de salir a la carretera: <\/p>\n\n<ul class=\"wp-block-list\">\n<li><strong>L\u00edmites de velocidad:<\/strong> 120 km\/h en autopistas, 100 km\/h en autov\u00edas, 80 km\/h en carreteras rurales, 50 km\/h en ciudades.<\/li>\n\n\n\n<li><strong>Neum\u00e1ticos de invierno:<\/strong> No son obligatorios legalmente, pero son muy recomendables de noviembre a marzo, sobre todo en regiones monta\u00f1osas.<\/li>\n\n\n\n<li><strong>Las luces:<\/strong> Las luces de cruce son obligatorias durante el d\u00eda.<\/li>\n\n\n\n<li><strong>Tel\u00e9fonos m\u00f3viles:<\/strong> Utilizar un tel\u00e9fono sin un sistema de manos libres es ilegal y est\u00e1 fuertemente multado.<\/li>\n\n\n\n<li><strong>L\u00edmite de alcohol:<\/strong> 0,5\u2030 (m\u00e1s bajo para conductores noveles y profesionales).<\/li>\n\n\n\n<li><strong>Aparcamiento:<\/strong> Las normas de aparcamiento se aplican estrictamente. Utiliza siempre las plazas se\u00f1alizadas y presta atenci\u00f3n a los l\u00edmites de tiempo. <\/li>\n<\/ul>\n\n<p>Suiza tambi\u00e9n tiene algunas de las rutas m\u00e1s pintorescas de Europa, como el Paso de Furka, el Paso de San Gotardo y la Ruta del Bernina.  <\/p>\n\n<p>Aunque estas carreteras pueden no requerir vi\u00f1eta si no forman parte de la red de autopistas, suelen cerrarse en invierno debido a la nieve, as\u00ed que comprueba siempre las condiciones estacionales antes de viajar.<\/p>\n\n<div style=\"height:40px\" aria-hidden=\"true\" class=\"wp-block-spacer\"><\/div>\n\n<h2 class=\"wp-block-heading\">Estrategias alternativas para viajes cortos<\/h2>\n\n<p>Si tienes previsto atravesar Suiza en tr\u00e1nsito y te parece que 40 CHF es demasiado para un viaje breve, hay algunas alternativas, aunque cada una de ellas tiene sus contrapartidas:<\/p>\n\n<ul class=\"wp-block-list\">\n<li><strong>Utiliza carreteras que no sean autopistas:<\/strong> Las carreteras marcadas con se\u00f1ales azules son gratuitas, pero son m\u00e1s lentas y a menudo atraviesan ciudades y pueblos.<\/li>\n\n\n\n<li><strong>Aparca y viaja:<\/strong> Aparca tu coche cerca de la frontera y viaja a Suiza en tren. La red ferroviaria suiza es r\u00e1pida, fiable y cubre incluso las ciudades de monta\u00f1a m\u00e1s remotas. <\/li>\n\n\n\n<li><strong>Haz que forme parte de un viaje:<\/strong> Si vas a pagar la vi\u00f1eta de todos modos, planifica paradas en ciudades suizas o atracciones naturales para sacar m\u00e1s partido a tu visita.<\/li>\n<\/ul>\n\n<p>En definitiva, la vi\u00f1eta de 40 CHF es un precio peque\u00f1o por el acceso ilimitado a una de las mejores redes de carreteras del mundo. Para la mayor\u00eda de los viajeros, la inversi\u00f3n merece la pena. <\/p>\n\n<div style=\"height:40px\" aria-hidden=\"true\" class=\"wp-block-spacer\"><\/div>\n\n<h2 class=\"wp-block-heading\">Preguntas m\u00e1s frecuentes (FAQ)<\/h2>\n\n<h3 class=\"wp-block-heading\">\u00bfNecesito una vi\u00f1eta si s\u00f3lo conduzco por carreteras secundarias?<\/h3>\n\n<p>No. La vi\u00f1eta s\u00f3lo es necesaria para las autopistas y autov\u00edas, que est\u00e1n indicadas con se\u00f1ales verdes con n\u00fameros blancos. Las carreteras se\u00f1alizadas con se\u00f1ales azules se pueden utilizar libremente sin vi\u00f1eta.  <\/p>\n\n<h3 class=\"wp-block-heading\">\u00bfPuedo transferir mi vi\u00f1eta a otro veh\u00edculo?<\/h3>\n\n<p>No. Tanto la vi\u00f1eta f\u00edsica como la digital est\u00e1n vinculadas a un veh\u00edculo concreto. Las vi\u00f1etas f\u00edsicas se destruyen cuando se retiran, y las digitales est\u00e1n vinculadas a la matr\u00edcula introducida durante la compra.  <\/p>\n\n<h3 class=\"wp-block-heading\">\u00bfQu\u00e9 pasa si cambio de matr\u00edcula?<\/h3>\n\n<p>Si tienes una vi\u00f1eta digital, normalmente puedes actualizar los datos de registro en l\u00ednea. Si tienes una vi\u00f1eta f\u00edsica, tendr\u00e1s que comprar una nueva. <\/p>\n\n<h3 class=\"wp-block-heading\">\u00bfLos coches de alquiler en Suiza ya est\u00e1n equipados con una vi\u00f1eta?<\/h3>\n\n<p>La mayor\u00eda de los coches de alquiler que se recogen en Suiza incluyen una vi\u00f1eta en el precio. Sin embargo, los veh\u00edculos alquilados fuera de Suiza no suelen incluirla. Compru\u00e9balo siempre antes con la empresa de alquiler.  <\/p>\n\n<h3 class=\"wp-block-heading\">\u00bfOfrece Suiza vi\u00f1etas de corta duraci\u00f3n para turistas?<\/h3>\n\n<p>No. A diferencia de Austria o Eslovenia, Suiza s\u00f3lo ofrece una vi\u00f1eta anual. Aunque est\u00e9s de visita un solo d\u00eda, debes adquirir el pase para todo el a\u00f1o.  <\/p>\n\n<div style=\"height:40px\" aria-hidden=\"true\" class=\"wp-block-spacer\"><\/div>\n\n<h2 class=\"wp-block-heading\">Reflexiones finales: Una peque\u00f1a inversi\u00f3n para una experiencia de conducci\u00f3n premium<\/h2>\n\n<p>La vi\u00f1eta de autopista suiza es uno de los sistemas de peaje m\u00e1s sencillos y econ\u00f3micos de Europa. Por una tarifa plana de 40 CHF al a\u00f1o, obtienes acceso ilimitado a una red de carreteras segura, r\u00e1pida y pintoresca.   <\/p>\n\n<p>La comodidad de no tener que parar en los peajes y la calidad de las infraestructuras suizas lo convierten en una parte esencial de cualquier viaje por carretera en la regi\u00f3n.<\/p>\n\n<p>Tanto si est\u00e1s explorando pintorescos pueblos alpinos, conduciendo hasta estaciones de esqu\u00ed de categor\u00eda mundial, o simplemente cruzando el pa\u00eds como parte de un viaje europeo m\u00e1s largo, la vi\u00f1eta te ofrece tranquilidad y una experiencia sin complicaciones.  <\/p>\n\n<p><strong>No te arriesgues a multas o retrasos: consigue tu vi\u00f1eta antes de viajar y disfruta de las carreteras suizas como se debe.<\/strong><\/p>\n\n<p><a href=\"https:\/\/vignettego.com\/\" target=\"_blank\" rel=\"noreferrer noopener\">Compra hoy tu vi\u00f1eta suiza en l\u00ednea<\/a><\/p>\n\n<p>Compra tu vi\u00f1eta oficial de autopista suiza online en <a href=\"https:\/\/vignettego.com\/\" target=\"_blank\" rel=\"noreferrer noopener\">VignetteGo<\/a> y prep\u00e1rate para salir a la carretera en cuesti\u00f3n de minutos.<\/p>\n\n<div style=\"height:40px\" aria-hidden=\"true\" class=\"wp-block-spacer\"><\/div>\n\n<div class=\"wp-block-buttons is-content-justification-center is-layout-flex wp-container-core-buttons-is-layout-a89b3969 wp-block-buttons-is-layout-flex\">\n<div class=\"wp-block-button\"><a class=\"wp-block-button__link wp-element-button\" href=\"https:\/\/vignettego.com\/\">Prueba VignetteGO.com<\/a><\/div>\n<\/div>\n\n<div style=\"height:40px\" aria-hidden=\"true\" class=\"wp-block-spacer\"><\/div>\n\n<p><strong>TAGS:<\/strong><\/p>\n\n<p class=\"has-medium-font-size\">Vi\u00f1eta autopista Suiza, Peaje autopista Suiza, Comprar vi\u00f1eta Suiza online, Impuesto de circulaci\u00f3n Suiza 2026, Gu\u00eda de conducci\u00f3n Suiza, Forfait autopista Suiza, Adhesivo autopista Suiza, <a href=\"https:\/\/vignettego.com\/\">Vi\u00f1eta digital Suiza<\/a>, Autopistas de peaje Suiza explicadas, Consejos para viajar en coche por Suiza, Viaje por carretera Suiza, Normas de conducci\u00f3n Suiza, Coste vi\u00f1eta Suiza, D\u00f3nde comprar vi\u00f1eta Suiza, Evitar multas vi\u00f1eta Suiza, Red de autopistas suizas, Vi\u00f1eta anual Suiza, Permiso autopista Suiza, Viajar en coche por Suiza<\/p>\n\n<p><\/p>\n","protected":false},"excerpt":{"rendered":"<p>Conducir por Suiza es una de las experiencias por carretera m\u00e1s impresionantes de Europa. El pa\u00eds es famoso por sus carreteras inmaculadas, sus impresionantes t\u00faneles y sus pintorescos paisajes alpinos, que hacen que cada viaje sea inolvidable. Pero antes de emprender el viaje por una autopista suiza, hay un requisito esencial que debes conocer: la [&hellip;]<\/p>\n","protected":false},"author":1,"featured_media":68,"parent":0,"menu_order":0,"comment_status":"closed","ping_status":"closed","template":"","meta":{"footnotes":""},"class_list":["post-204","page","type-page","status-publish","has-post-thumbnail","hentry"],"_links":{"self":[{"href":"https:\/\/vignettego.com\/highway-vignette-europe\/es\/wp-json\/wp\/v2\/pages\/204","targetHints":{"allow":["GET"]}}],"collection":[{"href":"https:\/\/vignettego.com\/highway-vignette-europe\/es\/wp-json\/wp\/v2\/pages"}],"about":[{"href":"https:\/\/vignettego.com\/highway-vignette-europe\/es\/wp-json\/wp\/v2\/types\/page"}],"author":[{"embeddable":true,"href":"https:\/\/vignettego.com\/highway-vignette-europe\/es\/wp-json\/wp\/v2\/users\/1"}],"replies":[{"embeddable":true,"href":"https:\/\/vignettego.com\/highway-vignette-europe\/es\/wp-json\/wp\/v2\/comments?post=204"}],"version-history":[{"count":1,"href":"https:\/\/vignettego.com\/highway-vignette-europe\/es\/wp-json\/wp\/v2\/pages\/204\/revisions"}],"predecessor-version":[{"id":206,"href":"https:\/\/vignettego.com\/highway-vignette-europe\/es\/wp-json\/wp\/v2\/pages\/204\/revisions\/206"}],"wp:featuredmedia":[{"embeddable":true,"href":"https:\/\/vignettego.com\/highway-vignette-europe\/es\/wp-json\/wp\/v2\/media\/68"}],"wp:attachment":[{"href":"https:\/\/vignettego.com\/highway-vignette-europe\/es\/wp-json\/wp\/v2\/media?parent=204"}],"curies":[{"name":"wp","href":"https:\/\/api.w.org\/{rel}","templated":true}]}}