{"id":1093,"date":"2026-01-04T01:41:02","date_gmt":"2026-01-04T01:41:02","guid":{"rendered":"https:\/\/vignettego.com\/highway-vignette-europe\/vineta-autopista-bulgaria-2026\/"},"modified":"2026-01-04T12:42:21","modified_gmt":"2026-01-04T12:42:21","slug":"vineta-autopista-bulgaria-2026","status":"publish","type":"page","link":"https:\/\/vignettego.com\/highway-vignette-europe\/es\/vineta-autopista-bulgaria-2026\/","title":{"rendered":"Vi\u00f1eta de la Autopista de Bulgaria 2026: Gu\u00eda completa de la vi\u00f1eta electr\u00f3nica"},"content":{"rendered":"\n<script type=\"application\/ld+json\">{\n    \"@context\": \"https:\/\/schema.org\",\n    \"@graph\": [\n        {\n            \"@type\": \"Article\",\n            \"@id\": \"https:\/\/vignettego.com\/highway-vignette-europe\/bulgaria-highway-vignette-guide\/#article\",\n            \"headline\": \"Bulgaria Highway Vignette 2026: Complete E-Vignette Guide\",\n            \"description\": \"Everything about Bulgarian electronic highway vignettes (E-Vignette). Learn about the unique weekend vignette option, pricing, validity periods, motorway network, and how to avoid fines in Bulgaria.\",\n            \"image\": \"https:\/\/vignettego.com\/highway-vignette-europe\/wp-content\/uploads\/2026\/09\/Highway-Vignette-Europe.jpg\",\n            \"datePublished\": \"2026-01-04\",\n            \"dateModified\": \"2026-01-04\",\n            \"author\": {\"@type\": \"Organization\", \"name\": \"VignetteGo\", \"url\": \"https:\/\/vignettego.com\"},\n            \"publisher\": {\"@type\": \"Organization\", \"name\": \"VignetteGo\"},\n            \"mainEntityOfPage\": {\"@type\": \"WebPage\", \"@id\": \"https:\/\/vignettego.com\/highway-vignette-europe\/bulgaria-highway-vignette-guide\/\"},\n            \"articleSection\": \"Highway Vignettes\",\n            \"keywords\": [\"Bulgarian vignette\", \"E-Vignette Bulgaria\", \"Bulgaria highway toll\", \"Bulgarian motorway pass\", \"Bulgaria Autobahn toll\", \"weekend vignette Bulgaria\"],\n            \"inLanguage\": \"en\",\n            \"speakable\": {\"@type\": \"SpeakableSpecification\", \"cssSelector\": [\".article-intro\", \"#faq-section\"]}\n        },\n        {\n            \"@type\": \"BreadcrumbList\",\n            \"itemListElement\": [\n                {\"@type\": \"ListItem\", \"position\": 1, \"name\": \"VignetteGo\", \"item\": \"https:\/\/vignettego.com\/\"},\n                {\"@type\": \"ListItem\", \"position\": 2, \"name\": \"Highway Vignette Europe\", \"item\": \"https:\/\/vignettego.com\/highway-vignette-europe\/\"},\n                {\"@type\": \"ListItem\", \"position\": 3, \"name\": \"Bulgaria Guide\", \"item\": \"https:\/\/vignettego.com\/highway-vignette-europe\/bulgaria-highway-vignette-guide\/\"}\n            ]\n        },\n        {\n            \"@type\": \"FAQPage\",\n            \"mainEntity\": [\n                {\"@type\": \"Question\", \"name\": \"How much does the Bulgarian highway vignette cost?\", \"acceptedAnswer\": {\"@type\": \"Answer\", \"text\": \"The Bulgarian e-vignette costs approximately BGN 15 (~EUR 7.50) for 7 days, BGN 30 (~EUR 15) for one month, and BGN 97 (~EUR 50) for one year. There is also a unique weekend vignette for BGN 10 (~EUR 5).\"}},\n                {\"@type\": \"Question\", \"name\": \"What is the Bulgarian weekend vignette?\", \"acceptedAnswer\": {\"@type\": \"Answer\", \"text\": \"Bulgaria offers a unique weekend vignette valid from Friday 12:00 to Sunday 23:59 for just BGN 10 (~EUR 5). Perfect for quick beach trips to the Black Sea coast.\"}},\n                {\"@type\": \"Question\", \"name\": \"Can I buy Bulgarian e-vignette online?\", \"acceptedAnswer\": {\"@type\": \"Answer\", \"text\": \"Yes, you can purchase the Bulgarian e-vignette online through VignetteGo or the official bgtoll.bg website. The vignette is valid immediately after purchase.\"}},\n                {\"@type\": \"Question\", \"name\": \"What are the fines for driving without a vignette in Bulgaria?\", \"acceptedAnswer\": {\"@type\": \"Answer\", \"text\": \"Driving without a valid e-vignette in Bulgaria can result in fines of BGN 300 (~EUR 150) for first offenses, and up to BGN 3,000 (~EUR 1,500) for repeat violations.\"}},\n                {\"@type\": \"Question\", \"name\": \"Which roads require a vignette in Bulgaria?\", \"acceptedAnswer\": {\"@type\": \"Answer\", \"text\": \"All Bulgarian motorways (avtomaistrali) and first-class national roads require a valid e-vignette. This includes the A1 Trakiya, A2 Hemus, and A3 Struma motorways.\"}}\n            ]\n        }\n    ]\n}\n<\/script>\n\n<figure class=\"wp-block-image aligncenter size-large\"><img decoding=\"async\" src=\"https:\/\/vignettego.com\/highway-vignette-europe\/wp-content\/uploads\/2026\/09\/Highway-Vignette-Europe.jpg\" alt=\"E-Vignette b&#xFA;lgara 2026 - Gu&#xED;a completa de vi&#xF1;etas electr&#xF3;nicas de carreteras en Bulgaria\" style=\"width:100%; height:auto; margin-bottom:20px;\"\/><\/figure>\n\n<p class=\"article-intro\">\u00bfPlaneando un viaje por carretera a Bulgaria en 2026? Ya sea que vayas a las soleadas playas del Mar Negro, explores antiguas ruinas tracias, descubras la vibrante cultura de Sof\u00eda o esquies en las impresionantes estaciones de monta\u00f1a, entender el sistema de peaje de las autopistas b\u00falgaras es esencial. Bulgaria opera un <strong>sistema de vi\u00f1etas totalmente electr\u00f3nicas (e-vignette)<\/strong> con algunas opciones \u00fanicas, incluyendo una <strong>vi\u00f1eta de fin<\/strong> de semana econ\u00f3mica, perfecta para escapadas r\u00e1pidas. Esta gu\u00eda completa cubre todo lo que necesitas saber sobre las autopistas de peaje b\u00falgaras, precios, opciones de compra y c\u00f3mo evitar costosas multas.   <\/p>\n\n<div style=\"height:25px\" aria-hidden=\"true\" class=\"wp-block-spacer\"><\/div>\n\n<div class=\"wp-block-buttons is-content-justification-center is-layout-flex wp-container-core-buttons-is-layout-a89b3969 wp-block-buttons-is-layout-flex\">\n<div class=\"wp-block-button\"><a class=\"wp-block-button__link wp-element-button\" href=\"https:\/\/vignettego.com\/\" style=\"background-color:#0066cc;color:#ffffff;padding:15px 30px;font-size:18px;border-radius:8px;\">\ud83d\ude97 Consigue tu e-vi\u00f1eta b\u00falgara en VignetteGo<\/a><\/div>\n<\/div>\n\n<div style=\"height:25px\" aria-hidden=\"true\" class=\"wp-block-spacer\"><\/div>\n\n<h2 class=\"wp-block-heading\">\ud83c\udde7\ud83c\uddec \u00bfQu\u00e9 es la e-vi\u00f1eta b\u00falgara?<\/h2>\n\n<p>Bulgaria pas\u00f3 a un <strong>sistema de peaje totalmente electr\u00f3nico<\/strong> para veh\u00edculos de pasajeros en 2019, eliminando la necesidad de vi\u00f1etas f\u00edsicas con pegatinas. La <strong>e-vi\u00f1eta b\u00falgara<\/strong> (b\u00falgaro: \u0435\u043b\u0435\u043a\u0442\u0440\u043e\u043d\u043d\u0430 \u0432\u0438\u043d\u0435\u0442\u043a\u0430) es una autorizaci\u00f3n digital que permite a tu veh\u00edculo utilizar autopistas de peaje en todo el pa\u00eds. Tu matr\u00edcula est\u00e1 registrado en una base de datos central y verificado autom\u00e1ticamente por c\u00e1maras de control situadas a lo largo de todas las carreteras de peaje.  <\/p>\n\n<p>El sistema est\u00e1 gestionado por la <strong>Agencia de Infraestructura Vial (RIA)<\/strong> a trav\u00e9s del portal oficial de bgtoll.bg. El sistema de vi\u00f1eta electr\u00f3nica ofrece varias ventajas respecto al antiguo sistema f\u00edsico de pegatinas: no es necesario mostrar nada en el parabrisas, se activa al instante, compra online f\u00e1cil y no hay riesgo de da\u00f1os o robos en las pegatinas. <\/p>\n\n<h2 class=\"wp-block-heading\">\ud83d\udccb Precios de las vi\u00f1etas electr\u00f3nicas b\u00falgaras 2026<\/h2>\n\n<p>Bulgaria ofrece algunos de los peajes de carretera m\u00e1s asequibles de Europa, con varias opciones de validez para adaptarse a diferentes necesidades de viaje. Aqu\u00ed est\u00e1 la estructura completa de precios para 2026: <\/p>\n\n<figure class=\"wp-block-table\"><table><thead><tr><th>Periodo de validez<\/th><th>Categor\u00eda 3 (coches hasta 3,5t)<\/th><th>Categor\u00eda 2 (Motocicletas)<\/th><th>Aprox. EUR <\/th><\/tr><\/thead><tbody><tr><td><strong>\ud83c\udf89 Fin de semana<\/strong><\/td><td>BGN 10<\/td><td>BGN 5<\/td><td>~EUR 5<\/td><\/tr><tr><td><strong>7 d\u00edas<\/strong><\/td><td>BGN 15<\/td><td>BGN 8<\/td><td>~EUR 7,50<\/td><\/tr><tr><td><strong>1 mes<\/strong><\/td><td>BGN 30<\/td><td>BGN 15<\/td><td>~EUR 15<\/td><\/tr><tr><td><strong>3 meses<\/strong><\/td><td>BGN 54<\/td><td>BGN 27<\/td><td>~EUR 27<\/td><\/tr><tr><td><strong>Anual<\/strong><\/td><td>BGN 97<\/td><td>BGN 50<\/td><td>~EUR 50<\/td><\/tr><\/tbody><\/table><\/figure>\n\n<h3 class=\"wp-block-heading\">\ud83c\udf89 La vi\u00f1eta \u00fanica del fin de semana<\/h3>\n\n<p>Bulgaria es uno de los pocos pa\u00edses europeos que ofrece una <strong>vi\u00f1eta de fin de semana<\/strong>, \u00a1una opci\u00f3n genial para escapadas r\u00e1pidas! Esta vi\u00f1eta especial es v\u00e1lida desde <strong>el viernes a las 12:00 hasta el domingo a las 23:59<\/strong>, perfecta para excursiones de fin de semana a la costa del Mar Negro o a estaciones de monta\u00f1a. Con solo 10 BGN (aproximadamente 5 EUR), ofrece un valor excepcional para viajes cortos.  <\/p>\n\n<div style=\"height:25px\" aria-hidden=\"true\" class=\"wp-block-spacer\"><\/div>\n\n<div class=\"wp-block-buttons is-content-justification-center is-layout-flex wp-container-core-buttons-is-layout-a89b3969 wp-block-buttons-is-layout-flex\">\n<div class=\"wp-block-button\"><a class=\"wp-block-button__link wp-element-button\" href=\"https:\/\/vignettego.com\/\" style=\"background-color:#28a745;color:#ffffff;padding:15px 30px;font-size:18px;border-radius:8px;\">\u2705 Consigue vi\u00f1etas europeas de 8 pa\u00edses en VignetteGo<\/a><\/div>\n<\/div>\n\n<div style=\"height:25px\" aria-hidden=\"true\" class=\"wp-block-spacer\"><\/div>\n\n<h2 class=\"wp-block-heading\">\ud83d\udee3\ufe0f Red de autopistas b\u00falgaras<\/h2>\n\n<p>Bulgaria ha estado expandiendo r\u00e1pidamente su red de autopistas en los \u00faltimos a\u00f1os. Aqu\u00ed tienes las principales carreteras donde necesitar\u00e1s una e-vi\u00f1eta v\u00e1lida: <\/p>\n\n<h3 class=\"wp-block-heading\">Autopista A1 Trakiya (\u0410\u0432\u0442\u043e\u043c\u0430\u0433\u0438\u0441\u0442\u0440\u0430\u043b\u0430 \u0422\u0440\u0430\u043a\u0438\u044f)<\/h3>\n\n<p>La autopista m\u00e1s importante de Bulgaria, conecta <strong>Sof\u00eda con Burgas<\/strong> , en la costa del Mar Negro, pasando por Plovdiv. Longitud total: aproximadamente 360 km. Esta es la ruta principal para los veraneantes que se dirigen a resorts populares como Sunny Beach, Nessebar y Sozopol. La autopista atraviesa el hermoso valle tracio, ofreciendo vistas panor\u00e1micas de los Balcanes y las monta\u00f1as R\u00f3dope.   <\/p>\n\n<h3 class=\"wp-block-heading\">Autopista A2 Hemus (\u0410\u0432\u0442\u043e\u043c\u0430\u0433\u0438\u0441\u0442\u0440\u0430\u043b\u0430 \u0425\u0435\u043c\u0443\u0441)<\/h3>\n\n<p>Conecta <strong>Sof\u00eda con Varna<\/strong>, la segunda ciudad m\u00e1s grande de Bulgaria y un importante puerto del Mar Negro. Actualmente en construcci\u00f3n en algunos tramos, pero cuando est\u00e9 terminado tendr\u00e1 aproximadamente 430 km. La ruta atraviesa la hist\u00f3rica ciudad de Veliko Tarnovo. Esta es la ruta preferida para los viajeros que se dirigen a Golden Sands, Albena y otros complejos tur\u00edsticos del norte del Mar Negro.   <\/p>\n\n<h3 class=\"wp-block-heading\">Autopista A3 Struma (\u0410\u0432\u0442\u043e\u043c\u0430\u0433\u0438\u0441\u0442\u0440\u0430\u043b\u0430 \u0421\u0442\u0440\u0443\u043c\u0430)<\/h3>\n\n<p>Va desde <strong>Sof\u00eda hasta la frontera griega<\/strong> pasando por Blagoevgrad, siguiendo el valle del r\u00edo Struma. Aproximadamente 150 km completados. Esta autopista es esencial para los viajeros que se dirigen a Grecia o a las monta\u00f1as del suroeste de Bulgaria, incluyendo la popular estaci\u00f3n de esqu\u00ed de Bansko.  <\/p>\n\n<h3 class=\"wp-block-heading\">Autopista A4 Maritsa (\u0410\u0432\u0442\u043e\u043c\u0430\u0433\u0438\u0441\u0442\u0440\u0430\u043b\u0430 \u041c\u0430\u0440\u0438\u0446\u0430)<\/h3>\n\n<p>Conecta <strong>Plovdiv con la frontera turca<\/strong> en Kapitan Andreevo. Aproximadamente 117 km. Esta es la ruta principal para los viajeros que se dirigen a Estambul y Turqu\u00eda.  <\/p>\n\n<h2 class=\"wp-block-heading\">\ud83d\udcbb C\u00f3mo comprar una e-vi\u00f1eta b\u00falgara<\/h2>\n\n<p>Comprar una e-vi\u00f1eta b\u00falgara es sencillo. Estas son tus opciones: <\/p>\n\n<h3 class=\"wp-block-heading\">Opci\u00f3n 1: Online a trav\u00e9s de VignetteGo (Recomendado)<\/h3>\n\n<ol class=\"wp-block-list\">\n<li>Visita <a href=\"https:\/\/vignettego.com\/\" title=\"Compra e-vi&#xF1;etas b&#xFA;lgaras online\">VignetteGo.com<\/a><\/li>\n<li>Selecciona Bulgaria y el periodo de validez que deseas<\/li>\n<li>Introduce los datos de tu matr\u00edcula de veh\u00edculo (matr\u00edcula)<\/li>\n<li>Pago seguro completo<\/li>\n<li>Recibe confirmaci\u00f3n instant\u00e1nea: \u00a1tu vi\u00f1eta es v\u00e1lida de inmediato!<\/li>\n<\/ol>\n\n<p><strong>Ventajas de VignetteGo:<\/strong> Soporte multiling\u00fce, interfaz sencilla, posibilidad de comprar vi\u00f1etas para varios pa\u00edses europeos en una sola transacci\u00f3n, atenci\u00f3n al cliente 24\/7 y entrega digital instant\u00e1nea.<\/p>\n\n<h3 class=\"wp-block-heading\">Opci\u00f3n 2: P\u00e1gina web oficial de bgtoll.bg<\/h3>\n\n<p>El portal oficial b\u00falgaro de peaje en bgtoll.bg ofrece compra directa. Disponible en b\u00falgaro e ingl\u00e9s. <\/p>\n\n<h3 class=\"wp-block-heading\">Opci\u00f3n 3: Puntos de Venta F\u00edsicos<\/h3>\n\n<p>Las vi\u00f1etas electr\u00f3nicas tambi\u00e9n pueden adquirirse en:<\/p>\n\n<ul class=\"wp-block-list\">\n<li>Puntos de paso fronterizo<\/li>\n<li>Gasolineras en toda Bulgaria<\/li>\n<li>Oficinas de correos<\/li>\n<li>Emisoras OMV, Shell y Lukoil<\/li>\n<\/ul>\n\n<div style=\"height:25px\" aria-hidden=\"true\" class=\"wp-block-spacer\"><\/div>\n\n<div class=\"wp-block-buttons is-content-justification-center is-layout-flex wp-container-core-buttons-is-layout-a89b3969 wp-block-buttons-is-layout-flex\">\n<div class=\"wp-block-button\"><a class=\"wp-block-button__link wp-element-button\" href=\"https:\/\/vignettego.com\/\" style=\"background-color:#ff6600;color:#ffffff;padding:15px 30px;font-size:18px;border-radius:8px;\">\ud83d\uded2 Compra ahora la vi\u00f1eta electr\u00f3nica b\u00falgara \u2013 Entrega instant\u00e1nea<\/a><\/div>\n<\/div>\n\n<div style=\"height:25px\" aria-hidden=\"true\" class=\"wp-block-spacer\"><\/div>\n\n<h2 class=\"wp-block-heading\">\u26a0\ufe0f Multas por conducir sin vi\u00f1eta en Bulgaria<\/h2>\n\n<p>Las autoridades b\u00falgaras se toman en serio las infracciones de peaje. Si te pillan conduciendo por autopistas de peaje sin una e-vi\u00f1eta v\u00e1lida, te enfrentas a sanciones importantes: <\/p>\n\n<ul class=\"wp-block-list\">\n<li><strong>Primera infracci\u00f3n:<\/strong> BGN 300 (~EUR 150)<\/li>\n<li><strong>Reincidencia:<\/strong> Hasta 3.000 BGN (~1.500 EUR)<\/li>\n<li><strong>Veh\u00edculos comerciales:<\/strong> Se aplican multas m\u00e1s altas<\/li>\n<\/ul>\n\n<p><strong>Importante:<\/strong> La aplicaci\u00f3n de la ley se realiza autom\u00e1ticamente mediante c\u00e1maras que leen las matr\u00edculas. No puede que te detengan de inmediato; las multas pueden imponerse d\u00edas o semanas despu\u00e9s de la infracci\u00f3n y pueden enviarse a tu pa\u00eds de origen. Con una vi\u00f1eta de fin de semana que cuesta solo 5 euros, \u00a1no hay absolutamente ning\u00fan motivo para arriesgarse a una multa de 150+ euros!  <\/p>\n\n<h2 class=\"wp-block-heading\">\ud83d\uddfa\ufe0f Rutas populares de viajes por carretera en Bulgaria<\/h2>\n\n<h3 class=\"wp-block-heading\">Sof\u00eda a Playa Soleada \/ Burgas (Costa del Mar Negro)<\/h3>\n\n<p><strong>Distancia:<\/strong> ~400 km | <strong>Duraci\u00f3n:<\/strong> 4-4,5 horas | <strong>Ruta:<\/strong> Autopista A1 Trakiya<\/p>\n\n<p>La ruta m\u00e1s popular para vacaciones en la playa. La autopista A1 ofrece excelentes condiciones de carretera hasta la costa. Haz una parada en <strong>Plovdiv<\/strong> por el camino para explorar una de las ciudades m\u00e1s antiguas de Europa habitada de forma continua, con su hermoso casco antiguo y su anfiteatro romano.  <\/p>\n\n<h3 class=\"wp-block-heading\">Sof\u00eda a Varna \/ Arenas Doradas<\/h3>\n\n<p><strong>Distancia:<\/strong> ~450 km | <strong>Duraci\u00f3n:<\/strong> 5-6 horas | <strong>Ruta:<\/strong> A2 Hemus (parcialmente) + E85<\/p>\n\n<p>Dir\u00edgete a Bulgaria, la costa norte del Mar Negro y las zonas tur\u00edsticas alrededor de Varna. Considera detenerte en <strong>Veliko Tarnovo<\/strong>, la capital medieval con su impresionante fortaleza de Tsarevets. <\/p>\n\n<h3 class=\"wp-block-heading\">Sof\u00eda a Bansko (estaci\u00f3n de esqu\u00ed)<\/h3>\n\n<p><strong>Distancia:<\/strong> ~160 km | <strong>Duraci\u00f3n:<\/strong> 2-2,5 horas | <strong>Ruta:<\/strong> A3 Struma + carreteras locales<\/p>\n\n<p>El principal destino de esqu\u00ed de Bulgaria ofrece excelentes pistas y precios significativamente m\u00e1s bajos que las estaciones de Europa Occidental. El encantador casco antiguo de Bansko cuenta con tabernas tradicionales (mehanas) con m\u00fasica folcl\u00f3rica en directo. <\/p>\n\n<h3 class=\"wp-block-heading\">Sof\u00eda a Plovdiv<\/h3>\n\n<p><strong>Distancia:<\/strong> ~150 km | <strong>Duraci\u00f3n:<\/strong> 1,5-2 horas | <strong>Ruta:<\/strong> A1 Trakiya<\/p>\n\n<p>Un viaje r\u00e1pido a Bulgaria, la segunda ciudad m\u00e1s grande y Capital Europea de la Cultura en 2019. No te pierdas el Estadio Romano, el Teatro Antiguo y el colorido casco antiguo. <\/p>\n\n<div style=\"height:25px\" aria-hidden=\"true\" class=\"wp-block-spacer\"><\/div>\n\n<div class=\"wp-block-buttons is-content-justification-center is-layout-flex wp-container-core-buttons-is-layout-a89b3969 wp-block-buttons-is-layout-flex\">\n<div class=\"wp-block-button\"><a class=\"wp-block-button__link wp-element-button\" href=\"https:\/\/vignettego.com\/\" style=\"background-color:#9c27b0;color:#ffffff;padding:15px 30px;font-size:18px;border-radius:8px;\">\ud83c\udf0d Planifica tu viaje por carretera por Europa con VignetteGo<\/a><\/div>\n<\/div>\n\n<div style=\"height:25px\" aria-hidden=\"true\" class=\"wp-block-spacer\"><\/div>\n\n<h2 class=\"wp-block-heading\">\ud83d\udca1 Consejos de conducci\u00f3n para Bulgaria en 2026<\/h2>\n\n<h3 class=\"wp-block-heading\">Moneda y pagos<\/h3>\n\n<p>Bulgaria utiliza el <strong>Lev b\u00falgaro (BGN).<\/strong> Aunque Bulgaria es miembro de la UE, a\u00fan no ha adoptado el euro. Las tarjetas de cr\u00e9dito son ampliamente aceptadas en gasolineras y ciudades, pero llevan algo de efectivo para establecimientos peque\u00f1os y peajes en puntos de compra f\u00edsicos. Tipo de cambio: aproximadamente 1 EUR = 1,95 BGN.   <\/p>\n\n<h3 class=\"wp-block-heading\">L\u00edmites de velocidad<\/h3>\n\n<ul class=\"wp-block-list\">\n<li><strong>Autopistas:<\/strong> 140 km\/h<\/li>\n<li><strong>Carreteras principales fuera de las ciudades:<\/strong> 90 km\/h<\/li>\n<li><strong>Zonas urbanas:<\/strong> 50 km\/h<\/li>\n<li><strong>Zonas residenciales:<\/strong> 20-30 km\/h<\/li>\n<\/ul>\n\n<p><strong>Nota:<\/strong> Las c\u00e1maras de velocidad son comunes en las autopistas b\u00falgaras. Las multas por exceso de velocidad pueden ser considerables. <\/p>\n\n<h3 class=\"wp-block-heading\">Precios del combustible<\/h3>\n\n<p>Bulgaria tiene algunos de los precios de combustible m\u00e1s bajos de la UE, lo que la convierte en un pa\u00eds asequible para viajes por carretera. Las principales cadenas de combustible incluyen OMV, Shell, Lukoil y Gasolina. <\/p>\n\n<h3 class=\"wp-block-heading\">Condiciones de la carretera<\/h3>\n\n<p>Las autopistas suelen estar en excelente estado. Las carreteras secundarias var\u00edan en calidad; algunas carreteras de monta\u00f1a pueden ser complicadas, especialmente en invierno. El uso de neum\u00e1ticos de invierno es obligatorio del 15 de noviembre al 1 de marzo.  <\/p>\n\n<h2 class=\"wp-block-heading\" id=\"faq-section\">\u2753 Preguntas frecuentes<\/h2>\n\n<h3 class=\"wp-block-heading\">\u00bfCu\u00e1nto tiempo es v\u00e1lida la e-vi\u00f1eta b\u00falgara?<\/h3>\n\n<p>La validez depende del tipo que compres: fin de semana (viernes mediod\u00eda a domingo medianoche), 7 d\u00edas, 1 mes, 3 meses o anual. La vi\u00f1eta se vuelve v\u00e1lida inmediatamente tras la compra o a partir de una fecha de inicio especificada. <\/p>\n\n<h3 class=\"wp-block-heading\">\u00bfPuedo usar la vi\u00f1eta b\u00falgara en otros pa\u00edses?<\/h3>\n\n<p>No, la e-vi\u00f1eta b\u00falgara solo es v\u00e1lida en Bulgaria. Para viajar por varios pa\u00edses, visita <a href=\"https:\/\/vignettego.com\/\" title=\"Vi&#xF1;etas europeas de carreteras\">VignetteGo<\/a> para comprar vi\u00f1etas de todos los pa\u00edses de tu ruta. <\/p>\n\n<h3 class=\"wp-block-heading\">\u00bfQu\u00e9 pasa si introduzco el n\u00famero de matr\u00edcula equivocado?<\/h3>\n\n<p>Revisa dos veces tus datos de registro antes de confirmar la compra. Si cometes un error, puede que necesites comprar una nueva vi\u00f1eta; generalmente no es posible que se reembolsen datos incorrectos. <\/p>\n\n<h3 class=\"wp-block-heading\">\u00bfHay alguna alternativa gratuita en Bulgaria?<\/h3>\n\n<p>S\u00ed, puedes usar carreteras secundarias (Clase II y III) sin vi\u00f1ete, pero estas son m\u00e1s lentas y suelen estar en peor estado. Para cualquier distancia significativa, las autopistas con vi\u00f1eta son significativamente m\u00e1s r\u00e1pidas y seguras. <\/p>\n\n<h3 class=\"wp-block-heading\">\u00bfNecesito algo m\u00e1s para conducir en Bulgaria?<\/h3>\n\n<p>Adem\u00e1s de la e-vi\u00f1eta, aseg\u00farate de tener: carn\u00e9 de conducir v\u00e1lido, documento de matr\u00edcula del veh\u00edculo, comprobante de seguro (Green Card), tri\u00e1ngulo de advertencia, botiqu\u00edn de primeros auxilios y chaleco reflectante. Los faros deben estar encendidos en todo momento mientras se conduce. <\/p>\n\n<div style=\"height:25px\" aria-hidden=\"true\" class=\"wp-block-spacer\"><\/div>\n\n<div class=\"wp-block-buttons is-content-justification-center is-layout-flex wp-container-core-buttons-is-layout-a89b3969 wp-block-buttons-is-layout-flex\">\n<div class=\"wp-block-button\"><a class=\"wp-block-button__link wp-element-button\" href=\"https:\/\/vignettego.com\/\" style=\"background-color:#e91e63;color:#ffffff;padding:15px 30px;font-size:18px;border-radius:8px;\">\ud83d\ude97 Consigue tus vi\u00f1etas de carreteras europeas en VignetteGo \u2192<\/a><\/div>\n<\/div>\n\n<div style=\"height:25px\" aria-hidden=\"true\" class=\"wp-block-spacer\"><\/div>\n\n<h2 class=\"wp-block-heading\">\ud83c\udfd6\ufe0f \u00bfPor qu\u00e9 visitar Bulgaria?<\/h2>\n\n<p>Bulgaria ofrece un valor incre\u00edble para los viajeros, con una belleza natural impresionante, una rica historia y una c\u00e1lida hospitalidad, todo ello a precios significativamente m\u00e1s bajos que en Europa Occidental. Esto es lo que hace especial a Bulgaria: <\/p>\n\n<ul class=\"wp-block-list\">\n<li><strong>Costa del Mar Negro:<\/strong> Playas hermosas, resorts vibrantes como Sunny Beach y Golden Sands, y ciudades hist\u00f3ricas como Nessebar (Patrimonio Mundial de la UNESCO)<\/li>\n<li><strong>Estaciones de monta\u00f1a:<\/strong> Esqu\u00ed asequible en Bansko, Borovets y Pamporovo<\/li>\n<li><strong>Historia antigua:<\/strong> Tumbas tracias, ruinas romanas, fortalezas medievales<\/li>\n<li><strong>Regi\u00f3n vin\u00edcola:<\/strong> Bulgaria es una de las regiones productoras de vino m\u00e1s antiguas del mundo<\/li>\n<li><strong>Sof\u00eda:<\/strong> Una capital din\u00e1mica con una fascinante mezcla de arquitectura antigua, otomana, sovi\u00e9tica y moderna<\/li>\n<li><strong>Precios asequibles:<\/strong> Uno de los destinos m\u00e1s econ\u00f3micos de la UE<\/li>\n<\/ul>\n\n<h2 class=\"wp-block-heading\">\ud83d\udccd Conclusi\u00f3n<\/h2>\n\n<p>El sistema de vi\u00f1etas electr\u00f3nicas de Bulgaria es sencillo y asequible. Con opciones que van desde un pase de fin de semana de 5 EUR hasta una vi\u00f1eta anual de 50 EUR, puedes explorar este hermoso pa\u00eds sin gastar una fortuna. La opci\u00f3n \u00fanica de vi\u00f1etas de fin de semana hace que Bulgaria sea perfecta para escapadas espont\u00e1neas a la costa del Mar Negro.  <\/p>\n\n<p>Para una experiencia de compra m\u00e1s c\u00f3moda y para obtener vi\u00f1etas de varios pa\u00edses europeos en una sola transacci\u00f3n, utiliza <a href=\"https:\/\/vignettego.com\/\" title=\"VignetteGo - Tu fuente para vi&#xF1;etas europeas de carreteras\">VignetteGo<\/a>. La compra dura solo unos minutos y tu vi\u00f1eta es v\u00e1lida de inmediato. <\/p>\n\n<p><strong>\u00a1Disfruta de tu viaje por carretera por Bulgaria! \ud83c\udde7\ud83c\uddec\ud83c\udfd6\ufe0f <\/strong><\/p>\n\n<p><strong>Gu\u00edas relacionadas:<\/strong> <a href=\"https:\/\/vignettego.com\/highway-vignette-europe\/es\/vineta-autopista-rumania-2026\/\">Ruman\u00eda Rovinieta<\/a> | <a href=\"https:\/\/vignettego.com\/highway-vignette-europe\/es\/vineta-autopista-hungria-2026\/\">Hungr\u00eda E-Matrica<\/a> | <a href=\"https:\/\/vignettego.com\/\">Todas las vi\u00f1etas europeas<\/a><\/p>\n","protected":false},"excerpt":{"rendered":"<p>\u00bfPlaneando un viaje por carretera a Bulgaria en 2026? Ya sea que vayas a las soleadas playas del Mar Negro, explores antiguas ruinas tracias, descubras la vibrante cultura de Sof\u00eda o esquies en las impresionantes estaciones de monta\u00f1a, entender el sistema de peaje de las autopistas b\u00falgaras es esencial. Bulgaria opera un sistema de vi\u00f1etas [&hellip;]<\/p>\n","protected":false},"author":0,"featured_media":0,"parent":0,"menu_order":0,"comment_status":"closed","ping_status":"closed","template":"","meta":{"footnotes":""},"class_list":["post-1093","page","type-page","status-publish","hentry"],"_links":{"self":[{"href":"https:\/\/vignettego.com\/highway-vignette-europe\/es\/wp-json\/wp\/v2\/pages\/1093","targetHints":{"allow":["GET"]}}],"collection":[{"href":"https:\/\/vignettego.com\/highway-vignette-europe\/es\/wp-json\/wp\/v2\/pages"}],"about":[{"href":"https:\/\/vignettego.com\/highway-vignette-europe\/es\/wp-json\/wp\/v2\/types\/page"}],"replies":[{"embeddable":true,"href":"https:\/\/vignettego.com\/highway-vignette-europe\/es\/wp-json\/wp\/v2\/comments?post=1093"}],"version-history":[{"count":3,"href":"https:\/\/vignettego.com\/highway-vignette-europe\/es\/wp-json\/wp\/v2\/pages\/1093\/revisions"}],"predecessor-version":[{"id":1360,"href":"https:\/\/vignettego.com\/highway-vignette-europe\/es\/wp-json\/wp\/v2\/pages\/1093\/revisions\/1360"}],"wp:attachment":[{"href":"https:\/\/vignettego.com\/highway-vignette-europe\/es\/wp-json\/wp\/v2\/media?parent=1093"}],"curies":[{"name":"wp","href":"https:\/\/api.w.org\/{rel}","templated":true}]}}