{"id":1090,"date":"2026-01-04T01:38:57","date_gmt":"2026-01-04T01:38:57","guid":{"rendered":"https:\/\/vignettego.com\/highway-vignette-europe\/peaje-autopista-croacia-2026\/"},"modified":"2026-01-04T12:49:24","modified_gmt":"2026-01-04T12:49:24","slug":"peaje-autopista-croacia-2026","status":"publish","type":"page","link":"https:\/\/vignettego.com\/highway-vignette-europe\/es\/peaje-autopista-croacia-2026\/","title":{"rendered":"Vi\u00f1eta de la autopista de Croacia 2026: Gu\u00eda completa de peajes ENC y digital"},"content":{"rendered":"\n<script type=\"application\/ld+json\">{\n    \"@context\": \"https:\/\/schema.org\",\n    \"@graph\": [\n        {\n            \"@type\": \"Article\",\n            \"@id\": \"https:\/\/vignettego.com\/highway-vignette-europe\/croatia-highway-vignette-guide\/#article\",\n            \"headline\": \"Croatia Highway Vignette 2026: Complete ENC & Digital Toll Guide\",\n            \"description\": \"Everything about Croatian highway tolls, ENC electronic system, and digital vignette options. Learn about toll prices, the stunning A1 coastal motorway, and how to reach Dubrovnik, Split, and other destinations.\",\n            \"image\": \"https:\/\/vignettego.com\/highway-vignette-europe\/wp-content\/uploads\/2026\/09\/Highway-Vignette-Europe.jpg\",\n            \"datePublished\": \"2026-01-04\",\n            \"dateModified\": \"2026-01-04\",\n            \"author\": {\"@type\": \"Organization\", \"name\": \"VignetteGo\", \"url\": \"https:\/\/vignettego.com\"},\n            \"publisher\": {\"@type\": \"Organization\", \"name\": \"VignetteGo\"},\n            \"mainEntityOfPage\": {\"@type\": \"WebPage\", \"@id\": \"https:\/\/vignettego.com\/highway-vignette-europe\/croatia-highway-vignette-guide\/\"},\n            \"articleSection\": \"Highway Vignettes\",\n            \"keywords\": [\"Croatia toll\", \"Croatia highway\", \"ENC Croatia\", \"Croatian motorway\", \"A1 Croatia\", \"Dubrovnik road trip\", \"Split highway\"],\n            \"inLanguage\": \"en\",\n            \"speakable\": {\"@type\": \"SpeakableSpecification\", \"cssSelector\": [\".article-intro\", \"#faq-section\"]}\n        },\n        {\n            \"@type\": \"BreadcrumbList\",\n            \"itemListElement\": [\n                {\"@type\": \"ListItem\", \"position\": 1, \"name\": \"VignetteGo\", \"item\": \"https:\/\/vignettego.com\/\"},\n                {\"@type\": \"ListItem\", \"position\": 2, \"name\": \"Highway Vignette Europe\", \"item\": \"https:\/\/vignettego.com\/highway-vignette-europe\/\"},\n                {\"@type\": \"ListItem\", \"position\": 3, \"name\": \"Croatia Guide\", \"item\": \"https:\/\/vignettego.com\/highway-vignette-europe\/croatia-highway-vignette-guide\/\"}\n            ]\n        },\n        {\n            \"@type\": \"FAQPage\",\n            \"mainEntity\": [\n                {\"@type\": \"Question\", \"name\": \"Does Croatia use vignettes or toll booths?\", \"acceptedAnswer\": {\"@type\": \"Answer\", \"text\": \"Croatia traditionally uses a distance-based toll system with toll booths, but now also offers digital vignette options (E-Vinjeta) for certain sections. Many visitors use a combination of both or the ENC electronic device.\"}},\n                {\"@type\": \"Question\", \"name\": \"How much does the Croatian motorway toll cost?\", \"acceptedAnswer\": {\"@type\": \"Answer\", \"text\": \"Croatian tolls are distance-based. Zagreb to Split costs approximately EUR 25, Zagreb to Rijeka about EUR 8, and Split to Dubrovnik around EUR 12. The A1 motorway to the coast is the main toll route.\"}},\n                {\"@type\": \"Question\", \"name\": \"What is the ENC system in Croatia?\", \"acceptedAnswer\": {\"@type\": \"Answer\", \"text\": \"ENC (Elektroni\u010dka Naplata Cestarine) is Croatia electronic toll collection device. It provides faster passage through dedicated ENC lanes and often offers discounts. Available at toll plazas and service areas.\"}},\n                {\"@type\": \"Question\", \"name\": \"Can I pay Croatian tolls with credit card?\", \"acceptedAnswer\": {\"@type\": \"Answer\", \"text\": \"Yes, credit and debit cards are accepted at Croatian toll booths. Cash payment in EUR is also widely accepted since Croatia adopted the Euro in January 2023.\"}},\n                {\"@type\": \"Question\", \"name\": \"Is there a digital vignette for Croatia?\", \"acceptedAnswer\": {\"@type\": \"Answer\", \"text\": \"Yes, Croatia now offers E-Vinjeta (electronic vignettes) for certain motorway sections, providing an alternative to traditional toll booth payment. These can be purchased online.\"}}\n            ]\n        }\n    ]\n}\n<\/script>\n\n<figure class=\"wp-block-image aligncenter size-large\"><img decoding=\"async\" src=\"https:\/\/vignettego.com\/highway-vignette-europe\/wp-content\/uploads\/2026\/09\/Highway-Vignette-Europe.jpg\" alt=\"Peaje de la Autopista de Croacia 2026 - Gu&#xED;a completa del sistema de peaje de autopistas croata\" style=\"width:100%; height:auto; margin-bottom:20px;\"\/><\/figure>\n\n<p class=\"article-intro\">Croacia es uno de los destinos veraniegos m\u00e1s populares de Europa, famosa por su impresionante costa adri\u00e1tica, aguas cristalinas, ciudades hist\u00f3ricas como Dubrovnik y Split, y hermosas islas. Conducir hasta Croacia abre posibilidades incre\u00edbles: desde las antiguas murallas de Dubrovnik hasta las fiestas playas de Zr\u0107e, las cascadas de los lagos de Plitvice y la encantadora Istria. Esta gu\u00eda explica todo sobre el sistema de peaje de las autopistas de Croacia en 2026, incluyendo el <strong>sistema electr\u00f3nico ENC<\/strong>, <strong>opciones de vi\u00f1etas digitales<\/strong> y consejos pr\u00e1cticos para tu viaje por carretera croata.  <\/p>\n\n<div style=\"height:25px\" aria-hidden=\"true\" class=\"wp-block-spacer\"><\/div>\n\n<div class=\"wp-block-buttons is-content-justification-center is-layout-flex wp-container-core-buttons-is-layout-a89b3969 wp-block-buttons-is-layout-flex\">\n<div class=\"wp-block-button\"><a class=\"wp-block-button__link wp-element-button\" href=\"https:\/\/vignettego.com\/\" style=\"background-color:#0066cc;color:#ffffff;padding:15px 30px;font-size:18px;border-radius:8px;\">\ud83d\ude97 Consigue tu vi\u00f1eta digital croata en VignetteGo<\/a><\/div>\n<\/div>\n\n<div style=\"height:25px\" aria-hidden=\"true\" class=\"wp-block-spacer\"><\/div>\n\n<h2 class=\"wp-block-heading\">\ud83c\udded\ud83c\uddf7 Explicaci\u00f3n del sistema de peaje croata<\/h2>\n\n<p>A diferencia de la mayor\u00eda de pa\u00edses de Europa Central que utilizan vi\u00f1etas basadas en el tiempo, Croacia ha gestionado tradicionalmente un <strong>sistema de peaje basado en distancias<\/strong> con cabinas f\u00edsicas. Al entrar en la autopista se pone una multa y se paga en funci\u00f3n de la distancia recorrida al salir. Sin embargo, Croacia ahora tambi\u00e9n <strong>ofrece opciones de vi\u00f1etas digitales (E-Vinjeta)<\/strong> para ciertos tramos de autopista, lo que ofrece m\u00e1s flexibilidad para los viajeros.  <\/p>\n\n<p>La red de autopistas croata est\u00e1 gestionada por <strong>HAC (Hrvatske Autoceste)<\/strong> y <strong>AZM (Autocesta Zagreb-Macelj).<\/strong> Desde enero de 2023, Croacia ha adoptado el <strong>euro (EUR)<\/strong> como su moneda, facilitando los pagos a los visitantes de la UE. <\/p>\n\n<h2 class=\"wp-block-heading\">\ud83d\udccb Opciones de pago de peaje en Croacia<\/h2>\n\n<h3 class=\"wp-block-heading\">Opci\u00f3n 1: Peajes tradicionales (los m\u00e1s comunes)<\/h3>\n\n<p>Toma un billete en la entrada y paga en la salida. Pago aceptado: <\/p>\n\n<ul class=\"wp-block-list\">\n<li><strong>Efectivo:<\/strong> EUR (ya no hace falta la kuna croata)<\/li>\n<li><strong>Tarjetas de cr\u00e9dito\/d\u00e9bito:<\/strong> Visa, Mastercard ampliamente aceptados<\/li>\n<li><strong>Dispositivo ENC:<\/strong> Pago electr\u00f3nico (v\u00e9ase m\u00e1s abajo)<\/li>\n<\/ul>\n\n<h3 class=\"wp-block-heading\">Opci\u00f3n 2: Dispositivo electr\u00f3nico ENC<\/h3>\n\n<p><strong>ENC (Elektroni\u010dka Naplata Cestarine)<\/strong> es el sistema electr\u00f3nico de cobro de peajes de Croacia. Beneficios: <\/p>\n\n<ul class=\"wp-block-list\">\n<li>Paso m\u00e1s r\u00e1pido por carriles dedicados a la ENC<\/li>\n<li>Posibles descuentos en los peajes<\/li>\n<li>No hace falta parar en los peajes<\/li>\n<li>Disponible para su compra en peajes y \u00e1reas de servicio<\/li>\n<\/ul>\n\n<p>El dispositivo ENC cuesta un peque\u00f1o dep\u00f3sito y se puede complementar con cr\u00e9dito. Para visitantes frecuentes, es muy recomendable. <\/p>\n\n<h3 class=\"wp-block-heading\">Opci\u00f3n 3: Vi\u00f1eta digital (E-Vinjeta)<\/h3>\n\n<p>Croacia ahora ofrece <strong>E-Vinjeta<\/strong> (vi\u00f1etas electr\u00f3nicas) para ciertos tramos de autopista, permiti\u00e9ndote saltarte por completo las cabinas de peaje. Disponible en <a href=\"https:\/\/vignettego.com\/\" title=\"Vi&#xF1;eta digital croata\">VignetteGo<\/a>. <\/p>\n\n<div style=\"height:25px\" aria-hidden=\"true\" class=\"wp-block-spacer\"><\/div>\n\n<div class=\"wp-block-buttons is-content-justification-center is-layout-flex wp-container-core-buttons-is-layout-a89b3969 wp-block-buttons-is-layout-flex\">\n<div class=\"wp-block-button\"><a class=\"wp-block-button__link wp-element-button\" href=\"https:\/\/vignettego.com\/\" style=\"background-color:#28a745;color:#ffffff;padding:15px 30px;font-size:18px;border-radius:8px;\">\u2705 Consigue vi\u00f1etas europeas \u2013 de todos los pa\u00edses \u2013 en VignetteGo<\/a><\/div>\n<\/div>\n\n<div style=\"height:25px\" aria-hidden=\"true\" class=\"wp-block-spacer\"><\/div>\n\n<h2 class=\"wp-block-heading\">\ud83d\udcb0 Precios de peaje en las autopistas croatas 2026<\/h2>\n\n<p>Los peajes croatas se basan en la distancia, as\u00ed que el coste depende de tu ruta. Aqu\u00ed se muestran precios aproximados para las rutas comunes (Categor\u00eda I &#8211; coches normales): <\/p>\n\n<figure class=\"wp-block-table\"><table><thead><tr><th>Recorrido<\/th><th>Distancia<\/th><th>Peaje aproximado <\/th><\/tr><\/thead><tbody><tr><td><strong>Zagreb \u2013 Divisi\u00f3n<\/strong><\/td><td>~400 km<\/td><td>~EUR 25<\/td><\/tr><tr><td><strong>Zagreb \u2013 Rijeka<\/strong><\/td><td>~170 km<\/td><td>~EUR 8<\/td><\/tr><tr><td><strong>Zagreb \u2013 Zadar<\/strong><\/td><td>~280 km<\/td><td>~EUR 17<\/td><\/tr><tr><td><strong>Split \u2013 Dubrovnik<\/strong><\/td><td>~220 km<\/td><td>~EUR 12<\/td><\/tr><tr><td><strong>Zagreb \u2013 Dubrovnik<\/strong><\/td><td>~600 km<\/td><td>~EUR 35<\/td><\/tr><tr><td><strong>Liubliana \u2013 Zagreb<\/strong><\/td><td>~140 km<\/td><td>~EUR 7<\/td><\/tr><\/tbody><\/table><\/figure>\n\n<p><strong>Nota:<\/strong> Los precios son indicativos. Los peajes reales pueden variar ligeramente seg\u00fan los puntos de entrada\/salida espec\u00edficos y la categor\u00eda del veh\u00edculo. <\/p>\n\n<h2 class=\"wp-block-heading\">\ud83d\udee3\ufe0f Red de autopistas croata<\/h2>\n\n<p>Croacia cuenta con una excelente red de autopistas que conecta las principales ciudades y la costa. Estas son las rutas principales: <\/p>\n\n<h3 class=\"wp-block-heading\">A1 \u2013 La autopista d\u00e1lmata<\/h3>\n\n<p>La ruta tur\u00edstica m\u00e1s importante, conecta <strong>Zagreb con Split y contin\u00faa hacia Dubrovnik<\/strong>. Esta impresionante autopista discurre paralela a la costa adri\u00e1tica, ofreciendo acceso a todos los principales destinos costeros. Longitud total: aproximadamente 550 km. Cuenta con varios puentes y t\u00faneles impresionantes a trav\u00e9s de los Alpes Din\u00e1ricos.   <\/p>\n\n<h3 class=\"wp-block-heading\">A2 \u2013 Zagreb a Macelj (frontera con Eslovenia)<\/h3>\n\n<p>Conecta Zagreb con Eslovenia, continuando hasta Liubliana y m\u00e1s all\u00e1. La principal ruta para viajeros que vienen de Europa Central. Longitud: aproximadamente 60 km en Croacia.  <\/p>\n\n<h3 class=\"wp-block-heading\">A3 \u2013 Bregana a Lipovac<\/h3>\n\n<p>Ruta este-oeste que conecta la frontera eslovena (Bregana) a trav\u00e9s de Zagreb con la frontera serbia (Lipovac). Parte del corredor europeo E70. Longitud: aproximadamente 300 km.  <\/p>\n\n<h3 class=\"wp-block-heading\">A4 \u2013 Zagreb a Gori\u010dan (frontera con Hungr\u00eda)<\/h3>\n\n<p>Conecta Zagreb con Hungr\u00eda, la principal ruta para los viajeros que vienen de Budapest. Longitud: aproximadamente 97 km. <\/p>\n\n<h3 class=\"wp-block-heading\">A6 \u2013 Desv\u00edo de Rijeka<\/h3>\n\n<p>Conecta la A1 en Bosiljevo con Rijeka y la pen\u00ednsula de Istria. Esencial para llegar a Istria desde Zagreb. <\/p>\n\n<h3 class=\"wp-block-heading\">A7\/A8\/A9 \u2013 Istria Y<\/h3>\n\n<p>Red de autopistas que sirve a la pen\u00ednsula de Istria, conectando Rijeka con Pula y otros destinos istrianos. Generalmente tiene menos tr\u00e1fico que la A1. <\/p>\n\n<div style=\"height:25px\" aria-hidden=\"true\" class=\"wp-block-spacer\"><\/div>\n\n<div class=\"wp-block-buttons is-content-justification-center is-layout-flex wp-container-core-buttons-is-layout-a89b3969 wp-block-buttons-is-layout-flex\">\n<div class=\"wp-block-button\"><a class=\"wp-block-button__link wp-element-button\" href=\"https:\/\/vignettego.com\/\" style=\"background-color:#ff6600;color:#ffffff;padding:15px 30px;font-size:18px;border-radius:8px;\">\ud83d\uded2 Consigue ahora tus vi\u00f1etas europeas en VignetteGo<\/a><\/div>\n<\/div>\n\n<div style=\"height:25px\" aria-hidden=\"true\" class=\"wp-block-spacer\"><\/div>\n\n<h2 class=\"wp-block-heading\">\ud83d\uddfa\ufe0f Rutas de viajes por carretera populares en Croacia<\/h2>\n\n<h3 class=\"wp-block-heading\">Zagreb a Split (Autopista A1 D\u00e1lmata)<\/h3>\n\n<p><strong>Distancia:<\/strong> ~400 km | <strong>Duraci\u00f3n:<\/strong> 4-4,5 horas | <strong>Peaje:<\/strong> ~EUR 25<\/p>\n\n<p>La ruta cl\u00e1sica de viaje por carretera croata. La A1 es una autopista moderna y bien mantenida con excelentes \u00e1reas de servicio. Considera detenerte en el Parque Nacional de los Lagos de Plitvice (salida Gornja Plo\u010da), una de las atracciones naturales m\u00e1s bellas de Croacia.  <\/p>\n\n<h3 class=\"wp-block-heading\">Zagreb a Dubrovnik<\/h3>\n\n<p><strong>Distancia:<\/strong> ~600 km | <strong>Duraci\u00f3n:<\/strong> 5,5-6 horas | <strong>Peaje:<\/strong> ~EUR 35<\/p>\n\n<p>El viaje por carretera definitivo a Croacia, que termina en la impresionante ciudad amurallada de Dubrovnik. Cabe se\u00f1alar que esta ruta pasa brevemente por <strong>Bosnia y Herzegovina<\/strong> por el corredor de Neum (sin peaje, pero con pasaporte). Alternativamente, toma el puente de Pelje\u0161ac para quedarte completamente en Croacia.  <\/p>\n\n<h3 class=\"wp-block-heading\">Liubliana (Eslovenia) a Zagreb<\/h3>\n\n<p><strong>Distancia:<\/strong> ~140 km | <strong>Duraci\u00f3n:<\/strong> 1,5-2 horas | <strong>Peaje:<\/strong> ~EUR 7 (Croacia) + vi\u00f1eta eslovena<\/p>\n\n<p>La ruta principal desde Europa Central. Necesitar\u00e1s una <a href=\"https:\/\/vignettego.com\/highway-vignette-europe\/es\/vineta-autopista-eslovenia-2026\/\">E-Vinjeta eslovena<\/a> para la parte eslovena del viaje. <\/p>\n\n<h3 class=\"wp-block-heading\">Ruta por la Costa de Istria<\/h3>\n\n<p><strong>Ruta:<\/strong> Rijeka \u2192 Opatija \u2192 Pula \u2192 Rovinj \u2192 Pore\u010d \u2192 de vuelta a Rijeka<\/p>\n\n<p>Explora la hermosa pen\u00ednsula de Istria, con su gastronom\u00eda de influencia italiana, sus pueblos en la cima de las colinas y sus encantadores pueblos costeros. Menos concurrida que la costa d\u00e1lmata. <\/p>\n\n<h2 class=\"wp-block-heading\">\ud83d\udca1 Consejos de Conducci\u00f3n para Croacia en 2026<\/h2>\n\n<h3 class=\"wp-block-heading\">Moneda<\/h3>\n\n<p>Desde enero de 2023, Croacia utiliza el <strong>euro (EUR).<\/strong> No hace falta cambiar dinero si vienes de otro pa\u00eds de la Eurozona. Las tarjetas de cr\u00e9dito son ampliamente aceptadas.  <\/p>\n\n<h3 class=\"wp-block-heading\">L\u00edmites de velocidad<\/h3>\n\n<ul class=\"wp-block-list\">\n<li><strong>Autopistas:<\/strong> 130 km\/h<\/li>\n<li><strong>Carreteras nacionales:<\/strong> 90 km\/h<\/li>\n<li><strong>Zonas urbanas:<\/strong> 50 km\/h<\/li>\n<\/ul>\n\n<h3 class=\"wp-block-heading\">Tr\u00e1fico de verano<\/h3>\n\n<p><strong>Advertencia:<\/strong> La A1 hacia la costa sufre <strong>un tr\u00e1fico extremadamente intenso<\/strong> durante julio y agosto, especialmente los s\u00e1bados (d\u00eda de cambio para alquileres semanales). Viaja temprano por la ma\u00f1ana o a \u00faltima hora de la noche para evitar la peor congesti\u00f3n. <\/p>\n\n<h3 class=\"wp-block-heading\">Equipamiento Necesario<\/h3>\n\n<ul class=\"wp-block-list\">\n<li>Tri\u00e1ngulo de advertencia<\/li>\n<li>Chaleco reflectante<\/li>\n<li>Botiqu\u00edn<\/li>\n<li>Faros encendidos en todo momento mientras se conduce<\/li>\n<\/ul>\n\n<h2 class=\"wp-block-heading\" id=\"faq-section\">\u2753 Preguntas frecuentes<\/h2>\n\n<h3 class=\"wp-block-heading\">\u00bfNecesito una vi\u00f1eta o pago en las cabinas de peaje en Croacia?<\/h3>\n\n<p>Puedes usar cualquiera de los dos sistemas. Las cabinas de peaje tradicionales funcionan por la distancia y el pago por uso. Alternativamente, ahora est\u00e1n disponibles vi\u00f1etas digitales (E-Vinjeta) para ciertas secciones.  <\/p>\n\n<h3 class=\"wp-block-heading\">\u00bfPuedo conducir hasta Dubrovnik sin salir de Croacia?<\/h3>\n\n<p>\u00a1S\u00ed! Desde la apertura del puente de Pelje\u0161ac en 2022, ahora se puede conducir desde Split hasta Dubrovnik sin cruzar el corredor de Bosnia-Herzegovina Neum. <\/p>\n\n<h3 class=\"wp-block-heading\">\u00bfMerece la pena el dispositivo ENC?<\/h3>\n\n<p>Para visitantes frecuentes o para quienes se quedan varias semanas, s\u00ed. Para un solo viaje, las cabinas de peaje o las vi\u00f1etas digitales son m\u00e1s pr\u00e1cticas. <\/p>\n\n<div style=\"height:25px\" aria-hidden=\"true\" class=\"wp-block-spacer\"><\/div>\n\n<div class=\"wp-block-buttons is-content-justification-center is-layout-flex wp-container-core-buttons-is-layout-a89b3969 wp-block-buttons-is-layout-flex\">\n<div class=\"wp-block-button\"><a class=\"wp-block-button__link wp-element-button\" href=\"https:\/\/vignettego.com\/\" style=\"background-color:#e91e63;color:#ffffff;padding:15px 30px;font-size:18px;border-radius:8px;\">\ud83d\ude97 Consigue tus vi\u00f1etas de carreteras europeas en VignetteGo \u2192<\/a><\/div>\n<\/div>\n\n<div style=\"height:25px\" aria-hidden=\"true\" class=\"wp-block-spacer\"><\/div>\n\n<h2 class=\"wp-block-heading\">\ud83c\udfd6\ufe0f \u00bfPor qu\u00e9 visitar Croacia?<\/h2>\n\n<ul class=\"wp-block-list\">\n<li><strong>Costa impresionante:<\/strong> M\u00e1s de 1.000 islas y aguas cristalinas del Adri\u00e1tico<\/li>\n<li><strong>Ciudades hist\u00f3ricas:<\/strong> Dubrovnik, Split, Zadar\u2014Patrimonio Mundial de la UNESCO<\/li>\n<li><strong>Localizaciones de Juego de Tronos:<\/strong> Dubrovnik sirvi\u00f3 como Desembarco del Rey<\/li>\n<li><strong>Lagos de Plitvice:<\/strong> Parque nacional espectacular con cascadas<\/li>\n<li><strong>Istria:<\/strong> Cocina de influencia italiana, b\u00fasqueda de trufas, pueblos en las colinas<\/li>\n<li><strong>Escena de la fiesta:<\/strong> La playa de Zr\u0107e es la &#8220;Ibiza croata&#8221;<\/li>\n<\/ul>\n\n<h2 class=\"wp-block-heading\">\ud83d\udccd Conclusi\u00f3n<\/h2>\n\n<p>Croacia ofrece algunos de los viajes por carretera m\u00e1s gratificantes de Europa, desde la dram\u00e1tica autopista A1 hasta las sinuosas carreteras costeras y los encantadores pueblos istrianos. Tanto si prefieres las cabinas de peaje tradicionales, el sistema electr\u00f3nico ENC o las nuevas opciones digitales de vi\u00f1etas, moverse por Croacia en coche es sencillo. <\/p>\n\n<p>Para llegar a Croacia desde Europa Central, probablemente pasar\u00e1s por <a href=\"https:\/\/vignettego.com\/highway-vignette-europe\/es\/vineta-autopista-eslovenia-2026\/\">Eslovenia<\/a> o <a href=\"https:\/\/vignettego.com\/highway-vignette-europe\/es\/vineta-autopista-hungria-2026\/\">Hungr\u00eda<\/a>. Re\u00fane todas tus vi\u00f1etas en un solo lugar en <a href=\"https:\/\/vignettego.com\/\" title=\"VignetteGo - Vi&#xF1;etas europeas de carreteras\">VignetteGo<\/a>. <\/p>\n\n<p><strong>\u00a1Disfruta de la costa croata! \ud83c\udded\ud83c\uddf7\ud83c\udfd6\ufe0f <\/strong><\/p>\n\n<p><strong>Gu\u00edas relacionadas:<\/strong> <a href=\"https:\/\/vignettego.com\/highway-vignette-europe\/es\/vineta-autopista-eslovenia-2026\/\">Slovenia E-Vinjeta<\/a> | <a href=\"https:\/\/vignettego.com\/highway-vignette-europe\/es\/vineta-autopista-hungria-2026\/\">Hungr\u00eda E-Matrica<\/a> | <a href=\"https:\/\/vignettego.com\/\">Todas las vi\u00f1etas europeas<\/a><\/p>\n","protected":false},"excerpt":{"rendered":"<p>Croacia es uno de los destinos veraniegos m\u00e1s populares de Europa, famosa por su impresionante costa adri\u00e1tica, aguas cristalinas, ciudades hist\u00f3ricas como Dubrovnik y Split, y hermosas islas. Conducir hasta Croacia abre posibilidades incre\u00edbles: desde las antiguas murallas de Dubrovnik hasta las fiestas playas de Zr\u0107e, las cascadas de los lagos de Plitvice y la [&hellip;]<\/p>\n","protected":false},"author":0,"featured_media":0,"parent":0,"menu_order":0,"comment_status":"closed","ping_status":"closed","template":"","meta":{"footnotes":""},"class_list":["post-1090","page","type-page","status-publish","hentry"],"_links":{"self":[{"href":"https:\/\/vignettego.com\/highway-vignette-europe\/es\/wp-json\/wp\/v2\/pages\/1090","targetHints":{"allow":["GET"]}}],"collection":[{"href":"https:\/\/vignettego.com\/highway-vignette-europe\/es\/wp-json\/wp\/v2\/pages"}],"about":[{"href":"https:\/\/vignettego.com\/highway-vignette-europe\/es\/wp-json\/wp\/v2\/types\/page"}],"replies":[{"embeddable":true,"href":"https:\/\/vignettego.com\/highway-vignette-europe\/es\/wp-json\/wp\/v2\/comments?post=1090"}],"version-history":[{"count":3,"href":"https:\/\/vignettego.com\/highway-vignette-europe\/es\/wp-json\/wp\/v2\/pages\/1090\/revisions"}],"predecessor-version":[{"id":1461,"href":"https:\/\/vignettego.com\/highway-vignette-europe\/es\/wp-json\/wp\/v2\/pages\/1090\/revisions\/1461"}],"wp:attachment":[{"href":"https:\/\/vignettego.com\/highway-vignette-europe\/es\/wp-json\/wp\/v2\/media?parent=1090"}],"curies":[{"name":"wp","href":"https:\/\/api.w.org\/{rel}","templated":true}]}}