{"id":1089,"date":"2026-01-04T01:38:16","date_gmt":"2026-01-04T01:38:16","guid":{"rendered":"https:\/\/vignettego.com\/highway-vignette-europe\/vineta-autopista-eslovenia-2026\/"},"modified":"2026-01-04T12:50:10","modified_gmt":"2026-01-04T12:50:10","slug":"vineta-autopista-eslovenia-2026","status":"publish","type":"page","link":"https:\/\/vignettego.com\/highway-vignette-europe\/es\/vineta-autopista-eslovenia-2026\/","title":{"rendered":"Vi\u00f1eta de la Carretera de Eslovenia 2026: Gu\u00eda completa de E-Vinjeta"},"content":{"rendered":"\n<script type=\"application\/ld+json\">{\n    \"@context\": \"https:\/\/schema.org\",\n    \"@graph\": [\n        {\n            \"@type\": \"Article\",\n            \"@id\": \"https:\/\/vignettego.com\/highway-vignette-europe\/slovenia-highway-vignette-guide\/#article\",\n            \"headline\": \"Slovenia Highway Vignette 2026: Complete E-Vinjeta Guide\",\n            \"description\": \"Everything about the Slovenian E-Vinjeta 2026: prices, validity, how to buy online, and essential tips for driving on Slovenian motorways. Your complete guide to the electronic vignette system.\",\n            \"image\": \"https:\/\/vignettego.com\/highway-vignette-europe\/wp-content\/uploads\/2026\/09\/Highway-Vignette-Europe.jpg\",\n            \"datePublished\": \"2026-01-04\",\n            \"dateModified\": \"2026-01-04\",\n            \"author\": {\"@type\": \"Organization\", \"name\": \"VignetteGo\", \"url\": \"https:\/\/vignettego.com\"},\n            \"publisher\": {\"@type\": \"Organization\", \"name\": \"VignetteGo\"},\n            \"mainEntityOfPage\": {\"@type\": \"WebPage\", \"@id\": \"https:\/\/vignettego.com\/highway-vignette-europe\/slovenia-highway-vignette-guide\/\"},\n            \"articleSection\": \"Highway Vignettes\",\n            \"keywords\": [\"Slovenia vignette\", \"E-Vinjeta\", \"Slovenian motorway\", \"Ljubljana driving\", \"Bled road trip\", \"Slovenia toll\"],\n            \"inLanguage\": \"en\",\n            \"speakable\": {\"@type\": \"SpeakableSpecification\", \"cssSelector\": [\".article-intro\", \"#faq-section\"]}\n        },\n        {\n            \"@type\": \"BreadcrumbList\",\n            \"itemListElement\": [\n                {\"@type\": \"ListItem\", \"position\": 1, \"name\": \"VignetteGo\", \"item\": \"https:\/\/vignettego.com\/\"},\n                {\"@type\": \"ListItem\", \"position\": 2, \"name\": \"Highway Vignette Europe\", \"item\": \"https:\/\/vignettego.com\/highway-vignette-europe\/\"},\n                {\"@type\": \"ListItem\", \"position\": 3, \"name\": \"Slovenia Guide\", \"item\": \"https:\/\/vignettego.com\/highway-vignette-europe\/slovenia-highway-vignette-guide\/\"}\n            ]\n        },\n        {\n            \"@type\": \"FAQPage\",\n            \"mainEntity\": [\n                {\"@type\": \"Question\", \"name\": \"How much does a Slovenian E-Vinjeta cost?\", \"acceptedAnswer\": {\"@type\": \"Answer\", \"text\": \"For 2026, prices are: 7-day vignette EUR 16, 30-day vignette EUR 32, and annual vignette EUR 117 for standard vehicles (class 2A). These are approximate prices and may be adjusted.\"}},\n                {\"@type\": \"Question\", \"name\": \"Can I buy the Slovenian E-Vinjeta online?\", \"acceptedAnswer\": {\"@type\": \"Answer\", \"text\": \"Yes, you can purchase the E-Vinjeta online at VignetteGo or the official DARS website. Registration is linked to your license plate, so no physical sticker is needed.\"}},\n                {\"@type\": \"Question\", \"name\": \"Do I need a vignette for all roads in Slovenia?\", \"acceptedAnswer\": {\"@type\": \"Answer\", \"text\": \"No, only motorways (avtoceste) and expressways (hitre ceste) require a vignette. Regular national and local roads are free to use.\"}},\n                {\"@type\": \"Question\", \"name\": \"What if I drive without a vignette in Slovenia?\", \"acceptedAnswer\": {\"@type\": \"Answer\", \"text\": \"Fines for driving without a valid E-Vinjeta are significant\u2014EUR 300 to 800 for cars. Enforcement is done via cameras, so non-compliance is easily detected.\"}},\n                {\"@type\": \"Question\", \"name\": \"How long is the Slovenian vignette valid?\", \"acceptedAnswer\": {\"@type\": \"Answer\", \"text\": \"The 7-day E-Vinjeta is valid for 7 consecutive days from your chosen start date. The 30-day is valid for 30 days, and the annual runs from purchase date for one year.\"}}\n            ]\n        }\n    ]\n}\n<\/script>\n\n<figure class=\"wp-block-image aligncenter size-large\"><img decoding=\"async\" src=\"https:\/\/vignettego.com\/highway-vignette-europe\/wp-content\/uploads\/2026\/09\/Highway-Vignette-Europe.jpg\" alt=\"Slovenia E-Vinjeta 2026 - Gu&#xED;a completa de la vi&#xF1;eta de la autopista eslovena\" style=\"width:100%; height:auto; margin-bottom:20px;\"\/><\/figure>\n\n<p class=\"article-intro\">Eslovenia puede ser peque\u00f1a, pero ofrece una incre\u00edble variedad de paisajes\u2014desde los impresionantes Alpes Julianos y el esmeralda lago de Bled hasta la costa mediterr\u00e1nea y las vastas cuevas k\u00e1rsticas. Esta naci\u00f3n alpina es un pa\u00eds clave de tr\u00e1nsito para los viajeros que circulan entre Europa Central y el Adri\u00e1tico. Esta gu\u00eda cubre todo sobre la <strong>E-Vinjeta eslovena (vi\u00f1eta electr\u00f3nica)<\/strong> para 2026: precios, validez, d\u00f3nde comprar y consejos esenciales para tu viaje por carretera por Eslovenia.  <\/p>\n\n<div style=\"height:25px\" aria-hidden=\"true\" class=\"wp-block-spacer\"><\/div>\n\n<div class=\"wp-block-buttons is-content-justification-center is-layout-flex wp-container-core-buttons-is-layout-a89b3969 wp-block-buttons-is-layout-flex\">\n<div class=\"wp-block-button\"><a class=\"wp-block-button__link wp-element-button\" href=\"https:\/\/vignettego.com\/\" style=\"background-color:#0066cc;color:#ffffff;padding:15px 30px;font-size:18px;border-radius:8px;\">\ud83d\ude97 Consigue tu e-Vinjeta eslovena en VignetteGo<\/a><\/div>\n<\/div>\n\n<div style=\"height:25px\" aria-hidden=\"true\" class=\"wp-block-spacer\"><\/div>\n\n<h2 class=\"wp-block-heading\">\ud83c\uddf8\ud83c\uddee \u00bfQu\u00e9 es el E-Vinjeta esloveno?<\/h2>\n\n<p>Eslovenia pas\u00f3 de vi\u00f1etas f\u00edsicas con pegatinas a un <strong>sistema completamente electr\u00f3nico (E-Vinjeta)<\/strong> en 2022. \u00a1No m\u00e1s raspar pegatinas viejas del parabrisas! El E-Vinjeta est\u00e1 vinculado al n\u00famero de matr\u00edcula de tu veh\u00edculo y registrado en una base de datos central. Los sistemas de c\u00e1maras a lo largo de las autopistas verifican autom\u00e1ticamente el estado de tu vi\u00f1eta.   <\/p>\n\n<p>El sistema est\u00e1 gestionado por <strong>DARS (Dru\u017eba za avtoceste v Republiki Sloveniji),<\/strong> la empresa estatal de autopistas. La E-Vinjeta es obligatoria en todas las autopistas (avtoceste) y autopistas (hitre ceste), pero no en las carreteras convencionales. <\/p>\n\n<h2 class=\"wp-block-heading\">\ud83d\udcb0 Precios de E-Vinjeta 2026<\/h2>\n\n<figure class=\"wp-block-table\"><table><thead><tr><th>Tipo de vi\u00f1eta<\/th><th>Clase 2A (coches &lt;1,3 m)<\/th><th>Clase 2B (Veh\u00edculos m\u00e1s grandes)<\/th><\/tr><\/thead><tbody><tr><td><strong>7-Day<\/strong><\/td><td>EUR 16<\/td><td>EUR 32<\/td><\/tr><tr><td><strong>30 d\u00edas<\/strong><\/td><td>EUR 32<\/td><td>EUR 64<\/td><\/tr><tr><td><strong>Anual<\/strong><\/td><td>EUR 117<\/td><td>EUR 234<\/td><\/tr><\/tbody><\/table><\/figure>\n\n<p><strong>Clasificaci\u00f3n del veh\u00edculo:<\/strong><\/p>\n\n<ul class=\"wp-block-list\">\n<li><strong>Clase 2A:<\/strong> Veh\u00edculos con altura de eje de hasta 1,30 m (la mayor\u00eda de los coches est\u00e1ndar)<\/li>\n<li><strong>Clase 2B:<\/strong> Veh\u00edculos con altura de eje entre 1,30 m y 1,60 m (SUVs m\u00e1s grandes, furgonetas peque\u00f1as)<\/li>\n<\/ul>\n\n<p><strong>Propina:<\/strong> Si no tienes claro la clase de tu veh\u00edculo, mide la altura desde el suelo hasta el centro de la rueda delantera: esta es la altura del eje.<\/p>\n\n<h2 class=\"wp-block-heading\">\ud83d\uded2 D\u00f3nde comprar el e-Vinjeta esloveno<\/h2>\n\n<h3 class=\"wp-block-heading\">Online (recomendado)<\/h3>\n\n<p>La forma m\u00e1s sencilla de comprar es online antes de tu viaje:<\/p>\n\n<ul class=\"wp-block-list\">\n<li><strong><a href=\"https:\/\/vignettego.com\/\">VignetteGo<\/a><\/strong> \u2013 Compra r\u00e1pida con confirmaci\u00f3n instant\u00e1nea<\/li>\n<li>P\u00e1gina oficial de la e-vinjeta.si DARS<\/li>\n<\/ul>\n\n<p>Ventajas de la compra online: no tener que esperar en gasolineras fronterizas, activaci\u00f3n instant\u00e1nea, confirmaci\u00f3n digital en el m\u00f3vil.<\/p>\n\n<h3 class=\"wp-block-heading\">Puntos de compra f\u00edsica<\/h3>\n\n<ul class=\"wp-block-list\">\n<li>Gasolineras (Petrol, OMV, MOL) en toda Eslovenia<\/li>\n<li>Puntos de paso fronterizo<\/li>\n<li>Oficinas de correos<\/li>\n<li>Centros de atenci\u00f3n al cliente de DARS<\/li>\n<\/ul>\n\n<div style=\"height:25px\" aria-hidden=\"true\" class=\"wp-block-spacer\"><\/div>\n\n<div class=\"wp-block-buttons is-content-justification-center is-layout-flex wp-container-core-buttons-is-layout-a89b3969 wp-block-buttons-is-layout-flex\">\n<div class=\"wp-block-button\"><a class=\"wp-block-button__link wp-element-button\" href=\"https:\/\/vignettego.com\/\" style=\"background-color:#28a745;color:#ffffff;padding:15px 30px;font-size:18px;border-radius:8px;\">\u2705 Consigue tus vi\u00f1etas europeas \u2013 8 pa\u00edses \u2013 en VignetteGo<\/a><\/div>\n<\/div>\n\n<div style=\"height:25px\" aria-hidden=\"true\" class=\"wp-block-spacer\"><\/div>\n\n<h2 class=\"wp-block-heading\">\ud83d\udee3\ufe0f Red de Autopistas de Eslovenia<\/h2>\n\n<p>La red de autopistas de Eslovenia forma un patr\u00f3n transversal caracter\u00edstico, con Liubliana en el centro:<\/p>\n\n<h3 class=\"wp-block-heading\">A1 \u2013 \u0160entilj a Koper (norte-sur)<\/h3>\n\n<p>Va desde la <strong>frontera austr\u00edaca (\u0160entilj\/Spielfeld)<\/strong> pasando por Maribor y Liubliana hasta la <strong>costa adri\u00e1tica (Koper).<\/strong> Esta es la ruta principal desde Austria hasta la costa croata pasando por Eslovenia. Longitud total: aproximadamente 173 km.  <\/p>\n\n<h3 class=\"wp-block-heading\">A2 \u2013 Karavanke a Obre\u017eje (este-oeste)<\/h3>\n\n<p>Conecta el <strong>t\u00fanel Karavanke (frontera con Austria)<\/strong> a trav\u00e9s de Liubliana con la <strong>frontera croata (Obre\u017eje)<\/strong> en direcci\u00f3n a Zagreb. El principal corredor de tr\u00e1nsito de Austria a Croacia. Longitud total: aproximadamente 173 km.  <\/p>\n\n<h3 class=\"wp-block-heading\">A3 \u2013 Circunvalaci\u00f3n de Liubliana<\/h3>\n\n<p>La circunvalaci\u00f3n alrededor de Liubliana, que conecta las autopistas A1 y A2. Esencial para evitar el tr\u00e1fico del centro de la ciudad. <\/p>\n\n<h3 class=\"wp-block-heading\">A4 \u2013 Slivnica a Gru\u0161kovje<\/h3>\n\n<p>Conecta Maribor con la frontera croata en Gru\u0161kovje, continuando hacia Zagreb como alternativa a la ruta A2.<\/p>\n\n<h3 class=\"wp-block-heading\">A5 \u2013 Maribor a la frontera h\u00fangara<\/h3>\n\n<p>Conecta Maribor con Hungr\u00eda, \u00fatil para viajeros que vienen de Budapest a trav\u00e9s de la M70 h\u00fangara.<\/p>\n\n<h2 class=\"wp-block-heading\">\ud83d\uddfa\ufe0f Rutas populares por Eslovenia<\/h2>\n\n<h3 class=\"wp-block-heading\">De Viena a la Costa Croata (v\u00eda A2)<\/h3>\n\n<p><strong>Ruta:<\/strong> Viena \u2192 Graz \u2192 Maribor \u2192 Liubliana \u2192 Zagreb \u2192 Split\/Rijeka<\/p>\n\n<p>La ruta cl\u00e1sica desde Europa Central hasta el Adri\u00e1tico. Necesitar\u00e1s: <a href=\"https:\/\/vignettego.com\/highway-vignette-europe\/es\/vineta-autopista-austria-2026\/\">vi\u00f1eta austriaca<\/a> + E-Vinjeta eslovena + <a href=\"https:\/\/vignettego.com\/highway-vignette-europe\/es\/peaje-autopista-croacia-2026\/\">peajes croatas<\/a>. <\/p>\n\n<h3 class=\"wp-block-heading\">De M\u00fanich a la Costa Croata (v\u00eda Karavanke)<\/h3>\n\n<p><strong>Ruta:<\/strong> M\u00fanich \u2192 Salzburgo \u2192 Villach \u2192 t\u00fanel Karavanke \u2192 Liubliana \u2192 Zagreb<\/p>\n\n<p>Ruta popular desde Alemania. Necesitar\u00e1s: vi\u00f1eta austriaca + E-Vinjeta eslovena + peajes croatas. <\/p>\n\n<h3 class=\"wp-block-heading\">Budapest a Liubliana<\/h3>\n\n<p><strong>Ruta:<\/strong> Budapest \u2192 v\u00eda M70 \u2192 Maribor \u2192 Liubliana<\/p>\n\n<p>Ruta directa desde Hungr\u00eda. Necesitar\u00e1s: <a href=\"https:\/\/vignettego.com\/highway-vignette-europe\/es\/vineta-autopista-hungria-2026\/\">E-Matrica h\u00fangaro<\/a> + E-Vinjeta esloveno. <\/p>\n\n<div style=\"height:25px\" aria-hidden=\"true\" class=\"wp-block-spacer\"><\/div>\n\n<div class=\"wp-block-buttons is-content-justification-center is-layout-flex wp-container-core-buttons-is-layout-a89b3969 wp-block-buttons-is-layout-flex\">\n<div class=\"wp-block-button\"><a class=\"wp-block-button__link wp-element-button\" href=\"https:\/\/vignettego.com\/\" style=\"background-color:#ff6600;color:#ffffff;padding:15px 30px;font-size:18px;border-radius:8px;\">\ud83d\uded2 Pide todas las vi\u00f1etas europeas en VignetteGo<\/a><\/div>\n<\/div>\n\n<div style=\"height:25px\" aria-hidden=\"true\" class=\"wp-block-spacer\"><\/div>\n\n<h2 class=\"wp-block-heading\">\u26a0\ufe0f Reglas importantes de E-Vinjeta<\/h2>\n\n<h3 class=\"wp-block-heading\">Validez Hora de inicio<\/h3>\n\n<p>Al comprar online, puedes elegir una <strong>fecha de inicio futura<\/strong>. La vi\u00f1eta se vuelve v\u00e1lida a las 00:00 de la fecha seleccionada. \u00a1Perfecto para planificar con antelaci\u00f3n!  <\/p>\n\n<h3 class=\"wp-block-heading\">Registro de matr\u00edcula<\/h3>\n\n<p>El E-Vinjeta est\u00e1 registrado con <strong>el n\u00famero exacto de matr\u00edcula<\/strong> que tienes. \u00a1Revisa dos veces si hay errores tipogr\u00e1ficos al comprar! Los errores no se corrigen f\u00e1cilmente.  <\/p>\n\n<h3 class=\"wp-block-heading\">Multas por incumplimiento<\/h3>\n\n<ul class=\"wp-block-list\">\n<li><strong>Multa est\u00e1ndar:<\/strong> EUR 300-800 para veh\u00edculos de pasajeros<\/li>\n<li><strong>Pago inmediato:<\/strong> Normalmente es m\u00e1s bajo si se paga inmediatamente<\/li>\n<li>Aplicaci\u00f3n mediante sistemas autom\u00e1ticos de c\u00e1maras (ANPR)<\/li>\n<\/ul>\n\n<h3 class=\"wp-block-heading\">\u00bfQu\u00e9 carreteras requieren vi\u00f1eta?<\/h3>\n\n<p>Solo las carreteras se\u00f1alizadas con el cartel de autopista (verde con la designaci\u00f3n blanca &#8220;A&#8221;) requieren una vi\u00f1eta. Las carreteras regulares (carreteras nacionales marcadas en amarillo) son gratuitas. <\/p>\n\n<h2 class=\"wp-block-heading\">\ud83d\udca1 Consejos de conducci\u00f3n en Eslovenia para 2026<\/h2>\n\n<h3 class=\"wp-block-heading\">L\u00edmites de velocidad<\/h3>\n\n<ul class=\"wp-block-list\">\n<li><strong>Autopistas:<\/strong> 130 km\/h<\/li>\n<li><strong>Autopistas:<\/strong> 110 km\/h<\/li>\n<li><strong>Carreteras nacionales:<\/strong> 90 km\/h<\/li>\n<li><strong>Zonas urbanas:<\/strong> 50 km\/h<\/li>\n<\/ul>\n\n<h3 class=\"wp-block-heading\">Equipamiento Necesario<\/h3>\n\n<ul class=\"wp-block-list\">\n<li>Tri\u00e1ngulo de advertencia<\/li>\n<li>Chaleco reflectante (en el veh\u00edculo, no en el maletero)<\/li>\n<li>Botiqu\u00edn<\/li>\n<li><strong>Faros:<\/strong> Debe estar encendido en todo momento mientras se conduce<\/li>\n<li><strong>Equipamiento de invierno:<\/strong> 15 de noviembre &#8211; 15 de marzo: se requieren neum\u00e1ticos o cadenas de invierno<\/li>\n<\/ul>\n\n<h3 class=\"wp-block-heading\">Consejos para el t\u00fanel Karavanke<\/h3>\n\n<p>El t\u00fanel Karavanke, que conecta Austria y Eslovenia, puede <strong>sufrir retrasos significativos<\/strong> durante los fines de semana de verano. Considera viajar temprano por la ma\u00f1ana o a \u00faltima hora de la noche. Comprueba el estado del tr\u00e1fico <a href=\"https:\/\/www.promet.si\/en\" target=\"_blank\" rel=\"noopener\">en promet.si<\/a>.  <\/p>\n\n<h2 class=\"wp-block-heading\" id=\"faq-section\">\u2753 Preguntas frecuentes<\/h2>\n\n<h3 class=\"wp-block-heading\">\u00bfPuedo usar carreteras normales para evitar comprar una vi\u00f1eta?<\/h3>\n\n<p>T\u00e9cnicamente s\u00ed, pero aumenta significativamente el tiempo de viaje. Por ejemplo, de Liubliana a Koper se tarda 1 hora en autopista frente a 2+ horas en carreteras normales. <\/p>\n\n<h3 class=\"wp-block-heading\">\u00bfNecesitan las motos una vi\u00f1eta?<\/h3>\n\n<p>S\u00ed, las motocicletas (Clase 1) requieren una categor\u00eda de vi\u00f1etas separada a precios reducidos.<\/p>\n\n<h3 class=\"wp-block-heading\">\u00bfY si alquilo un coche en Eslovenia?<\/h3>\n\n<p>La mayor\u00eda de las empresas de alquiler incluyen el E-Vinjeta en el alquiler o lo ofrecen como complemento. Verifica antes de recoger el veh\u00edculo. <\/p>\n\n<h3 class=\"wp-block-heading\">\u00bfEl E-Vinjeta cubre el t\u00fanel Karavanke?<\/h3>\n\n<p>S\u00ed, el t\u00fanel de Karavanke entre Austria y Eslovenia est\u00e1 cubierto por el E-Vinjeta esloveno en el lado esloveno. Tambi\u00e9n necesitar\u00e1s una vi\u00f1eta austriaca para el lado austr\u00edaco. <\/p>\n\n<div style=\"height:25px\" aria-hidden=\"true\" class=\"wp-block-spacer\"><\/div>\n\n<div class=\"wp-block-buttons is-content-justification-center is-layout-flex wp-container-core-buttons-is-layout-a89b3969 wp-block-buttons-is-layout-flex\">\n<div class=\"wp-block-button\"><a class=\"wp-block-button__link wp-element-button\" href=\"https:\/\/vignettego.com\/\" style=\"background-color:#e91e63;color:#ffffff;padding:15px 30px;font-size:18px;border-radius:8px;\">\ud83d\ude97 Consigue tus vi\u00f1etas de carreteras europeas en VignetteGo \u2192<\/a><\/div>\n<\/div>\n\n<div style=\"height:25px\" aria-hidden=\"true\" class=\"wp-block-spacer\"><\/div>\n\n<h2 class=\"wp-block-heading\">\ud83c\udfd4\ufe0f \u00bfPor qu\u00e9 visitar Eslovenia?<\/h2>\n\n<ul class=\"wp-block-list\">\n<li><strong>Lago Bled:<\/strong> La ic\u00f3nica iglesia de la isla en un entorno alpino<\/li>\n<li><strong>Liubliana:<\/strong> Capital encantadora con casco antiguo libre de coches<\/li>\n<li><strong>Cueva de Postojna:<\/strong> Uno de los sistemas de cuevas m\u00e1s grandes de Europa<\/li>\n<li><strong>Alpes Julianos:<\/strong> Paisajes monta\u00f1osos espectaculares, Parque Nacional del Triglav<\/li>\n<li><strong>Piran:<\/strong> Hermosa ciudad costera de estilo veneciano<\/li>\n<li><strong>Valle de So\u010da:<\/strong> R\u00edo Esmeralda, perfecto para deportes de aventura<\/li>\n<li><strong>Regiones vin\u00edcolas:<\/strong> Excelentes vinos locales, especialmente de Gori\u0161ka Brda<\/li>\n<\/ul>\n\n<h2 class=\"wp-block-heading\">\ud83d\udccd Conclusi\u00f3n<\/h2>\n\n<p>El tama\u00f1o compacto de Eslovenia facilita la exploraci\u00f3n en coche, y el sistema E-Vinjeta es sencillo de usar. Tanto si est\u00e1s de paso hacia Croacia como si exploras los impresionantes paisajes de Eslovenia, tener la vi\u00f1eta adecuada garantiza un viaje sin complicaciones. <\/p>\n\n<p>Para viajes por carretera por varios pa\u00edses, combina tu E-Vinjeta eslovena con vi\u00f1etas para <a href=\"https:\/\/vignettego.com\/highway-vignette-europe\/es\/vineta-autopista-austria-2026\/\">Austria<\/a>, <a href=\"https:\/\/vignettego.com\/highway-vignette-europe\/es\/vineta-autopista-hungria-2026\/\">Hungr\u00eda<\/a> y <a href=\"https:\/\/vignettego.com\/highway-vignette-europe\/es\/peaje-autopista-croacia-2026\/\">Croacia<\/a>. Re\u00fane todas tus vi\u00f1etas en un solo lugar en <a href=\"https:\/\/vignettego.com\/\" title=\"VignetteGo - Vi&#xF1;etas europeas de carreteras\">VignetteGo<\/a>. <\/p>\n\n<p><strong>\u00a1Disfruta de Eslovenia! \ud83c\uddf8\ud83c\uddee\ud83c\udfd4\ufe0f <\/strong><\/p>\n\n<p><strong>Gu\u00edas relacionadas:<\/strong> <a href=\"https:\/\/vignettego.com\/highway-vignette-europe\/es\/vineta-autopista-austria-2026\/\">Vi\u00f1eta Digital de Austria<\/a> | <a href=\"https:\/\/vignettego.com\/highway-vignette-europe\/es\/peaje-autopista-croacia-2026\/\">Gu\u00eda de peaje de Croacia<\/a> | <a href=\"https:\/\/vignettego.com\/\">Todas las vi\u00f1etas europeas<\/a><\/p>\n","protected":false},"excerpt":{"rendered":"<p>Eslovenia puede ser peque\u00f1a, pero ofrece una incre\u00edble variedad de paisajes\u2014desde los impresionantes Alpes Julianos y el esmeralda lago de Bled hasta la costa mediterr\u00e1nea y las vastas cuevas k\u00e1rsticas. Esta naci\u00f3n alpina es un pa\u00eds clave de tr\u00e1nsito para los viajeros que circulan entre Europa Central y el Adri\u00e1tico. Esta gu\u00eda cubre todo sobre [&hellip;]<\/p>\n","protected":false},"author":0,"featured_media":0,"parent":0,"menu_order":0,"comment_status":"closed","ping_status":"closed","template":"","meta":{"footnotes":""},"class_list":["post-1089","page","type-page","status-publish","hentry"],"_links":{"self":[{"href":"https:\/\/vignettego.com\/highway-vignette-europe\/es\/wp-json\/wp\/v2\/pages\/1089","targetHints":{"allow":["GET"]}}],"collection":[{"href":"https:\/\/vignettego.com\/highway-vignette-europe\/es\/wp-json\/wp\/v2\/pages"}],"about":[{"href":"https:\/\/vignettego.com\/highway-vignette-europe\/es\/wp-json\/wp\/v2\/types\/page"}],"replies":[{"embeddable":true,"href":"https:\/\/vignettego.com\/highway-vignette-europe\/es\/wp-json\/wp\/v2\/comments?post=1089"}],"version-history":[{"count":3,"href":"https:\/\/vignettego.com\/highway-vignette-europe\/es\/wp-json\/wp\/v2\/pages\/1089\/revisions"}],"predecessor-version":[{"id":1506,"href":"https:\/\/vignettego.com\/highway-vignette-europe\/es\/wp-json\/wp\/v2\/pages\/1089\/revisions\/1506"}],"wp:attachment":[{"href":"https:\/\/vignettego.com\/highway-vignette-europe\/es\/wp-json\/wp\/v2\/media?parent=1089"}],"curies":[{"name":"wp","href":"https:\/\/api.w.org\/{rel}","templated":true}]}}