{"id":1087,"date":"2026-01-04T11:30:08","date_gmt":"2026-01-04T11:30:08","guid":{"rendered":"https:\/\/vignettego.com\/highway-vignette-europe\/vineta-autopista-austria-2026\/"},"modified":"2026-01-04T11:30:35","modified_gmt":"2026-01-04T11:30:35","slug":"vineta-autopista-austria-2026","status":"publish","type":"page","link":"https:\/\/vignettego.com\/highway-vignette-europe\/es\/vineta-autopista-austria-2026\/","title":{"rendered":"Vi\u00f1eta de autopista de Austria 2026: Gu\u00eda completa Digitale Vignette"},"content":{"rendered":"\n<img decoding=\"async\" src=\"https:\/\/vignettego.com\/highway-vignette-europe\/wp-content\/uploads\/2026\/09\/Highway-Vignette-Europe.jpg\" alt=\"Vi\u00f1eta de autopista europea 2026\" style=\"width:100%; height:auto; margin-bottom:20px;\">\n\n<h1 class=\"wp-block-heading\">Vi\u00f1eta de autopista 2026: Gu\u00eda completa<\/h1>\n<p>Gu\u00eda completa sobre vi\u00f1etas de autopista. Las vi\u00f1etas son obligatorias para circular por autopistas.<\/p>\n<div style=\"height:25px\" aria-hidden=\"true\" class=\"wp-block-spacer\"><\/div>\n\n<div class=\"wp-block-buttons is-content-justification-center is-layout-flex wp-container-core-buttons-is-layout-a89b3969 wp-block-buttons-is-layout-flex\"><div class=\"wp-block-button\"><a class=\"wp-block-button__link wp-element-button\" href=\"https:\/\/vignettego.com\/\" style=\"background-color:#0066cc;color:#fff;padding:15px 30px;font-size:18px;border-radius:8px;\">\ud83d\ude97 Compra tu vi\u00f1eta aqu\u00ed<\/a><\/div><\/div>\n\n<div style=\"height:25px\" aria-hidden=\"true\" class=\"wp-block-spacer\"><\/div>\n<h2 class=\"wp-block-heading\">Precios de vi\u00f1etas 2026<\/h2>\n\n<figure class=\"wp-block-table\"><table><thead><tr><th>Duraci\u00f3n<\/th><th>Precio<\/th><\/tr><\/thead><tbody><tr><td>Semana<\/td><td>\u20ac15-20<\/td><\/tr><tr><td>Mes<\/td><td>\u20ac25-35<\/td><\/tr><tr><td>A\u00f1o<\/td><td>\u20ac90-120<\/td><\/tr><\/tbody><\/table><\/figure>\n\n<div style=\"height:25px\" aria-hidden=\"true\" class=\"wp-block-spacer\"><\/div>\n\n<div class=\"wp-block-buttons is-content-justification-center is-layout-flex wp-container-core-buttons-is-layout-a89b3969 wp-block-buttons-is-layout-flex\"><div class=\"wp-block-button\"><a class=\"wp-block-button__link wp-element-button\" href=\"https:\/\/vignettego.com\/\" style=\"background-color:#28a745;color:#fff;padding:15px 30px;font-size:18px;border-radius:8px;\">\u2705 Vi\u00f1etas para 8 pa\u00edses europeos<\/a><\/div><\/div>\n\n<div style=\"height:25px\" aria-hidden=\"true\" class=\"wp-block-spacer\"><\/div>\n<p>Para viajar por varios pa\u00edses visita <a href=\"https:\/\/vignettego.com\/\" title=\"Vi\u00f1etas europeas\">VignetteGo<\/a>.<\/p>","protected":false},"excerpt":{"rendered":"<p>Vi\u00f1eta de autopista 2026: Gu\u00eda completa Gu\u00eda completa sobre vi\u00f1etas de autopista. Las vi\u00f1etas son obligatorias para circular por autopistas. Precios de vi\u00f1etas 2026 Duraci\u00f3n Precio Semana \u20ac15-20 Mes \u20ac25-35 A\u00f1o \u20ac90-120 Para viajar por varios pa\u00edses visita VignetteGo.<\/p>\n","protected":false},"author":0,"featured_media":0,"parent":0,"menu_order":0,"comment_status":"closed","ping_status":"closed","template":"","meta":{"footnotes":""},"class_list":["post-1087","page","type-page","status-publish","hentry"],"_links":{"self":[{"href":"https:\/\/vignettego.com\/highway-vignette-europe\/es\/wp-json\/wp\/v2\/pages\/1087","targetHints":{"allow":["GET"]}}],"collection":[{"href":"https:\/\/vignettego.com\/highway-vignette-europe\/es\/wp-json\/wp\/v2\/pages"}],"about":[{"href":"https:\/\/vignettego.com\/highway-vignette-europe\/es\/wp-json\/wp\/v2\/types\/page"}],"replies":[{"embeddable":true,"href":"https:\/\/vignettego.com\/highway-vignette-europe\/es\/wp-json\/wp\/v2\/comments?post=1087"}],"version-history":[{"count":1,"href":"https:\/\/vignettego.com\/highway-vignette-europe\/es\/wp-json\/wp\/v2\/pages\/1087\/revisions"}],"predecessor-version":[{"id":1094,"href":"https:\/\/vignettego.com\/highway-vignette-europe\/es\/wp-json\/wp\/v2\/pages\/1087\/revisions\/1094"}],"wp:attachment":[{"href":"https:\/\/vignettego.com\/highway-vignette-europe\/es\/wp-json\/wp\/v2\/media?parent=1087"}],"curies":[{"name":"wp","href":"https:\/\/api.w.org\/{rel}","templated":true}]}}