{"id":657,"date":"2026-01-04T01:40:21","date_gmt":"2026-01-04T01:40:21","guid":{"rendered":"https:\/\/vignettego.com\/highway-vignette-europe\/moldova-road-vignette-2026-vollstaendiger-vinieta-leitfaden\/"},"modified":"2026-01-04T12:39:37","modified_gmt":"2026-01-04T12:39:37","slug":"moldova-road-vignette-2026-vollstaendiger-vinieta-leitfaden","status":"publish","type":"page","link":"https:\/\/vignettego.com\/highway-vignette-europe\/de\/moldova-road-vignette-2026-vollstaendiger-vinieta-leitfaden\/","title":{"rendered":"Moldova Road Vignette 2026: Vollst\u00e4ndiger Vinieta-Leitfaden"},"content":{"rendered":"\n<script type=\"application\/ld+json\">{\n    \"@context\": \"https:\/\/schema.org\",\n    \"@graph\": [\n        {\n            \"@type\": \"Article\",\n            \"@id\": \"https:\/\/vignettego.com\/highway-vignette-europe\/moldova-highway-vignette-guide\/#article\",\n            \"headline\": \"Moldova Road Vignette 2026: Complete Vinieta Guide\",\n            \"description\": \"Everything about the Moldovan road vignette system (Vinieta). Learn about pricing, validity, where to buy, road conditions, and travel tips for driving in Moldova.\",\n            \"image\": \"https:\/\/vignettego.com\/highway-vignette-europe\/wp-content\/uploads\/2026\/09\/Highway-Vignette-Europe.jpg\",\n            \"datePublished\": \"2026-01-04\",\n            \"dateModified\": \"2026-01-04\",\n            \"author\": {\"@type\": \"Organization\", \"name\": \"VignetteGo\", \"url\": \"https:\/\/vignettego.com\"},\n            \"publisher\": {\"@type\": \"Organization\", \"name\": \"VignetteGo\"},\n            \"mainEntityOfPage\": {\"@type\": \"WebPage\", \"@id\": \"https:\/\/vignettego.com\/highway-vignette-europe\/moldova-highway-vignette-guide\/\"},\n            \"articleSection\": \"Highway Vignettes\",\n            \"keywords\": [\"Moldova vignette\", \"Vinieta Moldova\", \"Moldova road toll\", \"Moldovan road pass\", \"driving in Moldova\"],\n            \"inLanguage\": \"en\",\n            \"speakable\": {\"@type\": \"SpeakableSpecification\", \"cssSelector\": [\".article-intro\", \"#faq-section\"]}\n        },\n        {\n            \"@type\": \"BreadcrumbList\",\n            \"itemListElement\": [\n                {\"@type\": \"ListItem\", \"position\": 1, \"name\": \"VignetteGo\", \"item\": \"https:\/\/vignettego.com\/\"},\n                {\"@type\": \"ListItem\", \"position\": 2, \"name\": \"Highway Vignette Europe\", \"item\": \"https:\/\/vignettego.com\/highway-vignette-europe\/\"},\n                {\"@type\": \"ListItem\", \"position\": 3, \"name\": \"Moldova Guide\", \"item\": \"https:\/\/vignettego.com\/highway-vignette-europe\/moldova-highway-vignette-guide\/\"}\n            ]\n        },\n        {\n            \"@type\": \"FAQPage\",\n            \"mainEntity\": [\n                {\"@type\": \"Question\", \"name\": \"How much does the Moldovan road vignette cost?\", \"acceptedAnswer\": {\"@type\": \"Answer\", \"text\": \"The Moldovan vinieta costs approximately EUR 4-5 for 7 days, EUR 6-8 for 15 days, and EUR 15-20 for an annual vignette. This makes it one of Europe most affordable road toll systems.\"}},\n                {\"@type\": \"Question\", \"name\": \"Do I need a vignette to drive in Moldova?\", \"acceptedAnswer\": {\"@type\": \"Answer\", \"text\": \"Yes, all foreign-registered vehicles require a valid road vignette (vinieta rutier\u0103) to drive on Moldovan national roads. The vignette can be purchased online or at border crossings.\"}},\n                {\"@type\": \"Question\", \"name\": \"Can I buy the Moldovan vignette online?\", \"acceptedAnswer\": {\"@type\": \"Answer\", \"text\": \"Yes, you can purchase the Moldovan vinieta online through VignetteGo or official Moldovan portals. The vignette is valid immediately after purchase and is linked to your license plate.\"}},\n                {\"@type\": \"Question\", \"name\": \"What are the road conditions like in Moldova?\", \"acceptedAnswer\": {\"@type\": \"Answer\", \"text\": \"Main roads in Moldova are generally acceptable but can be rough in places. Rural roads often have potholes. Drive carefully, especially at night, and be aware of horse-drawn carts in rural areas.\"}},\n                {\"@type\": \"Question\", \"name\": \"Is Moldova safe for road trips?\", \"acceptedAnswer\": {\"@type\": \"Answer\", \"text\": \"Yes, Moldova is generally safe for tourists. The main concerns are road conditions and the unrecognized region of Transnistria. Stick to main routes and purchase comprehensive insurance.\"}}\n            ]\n        }\n    ]\n}\n<\/script>\n\n<figure class=\"wp-block-image aligncenter size-large\"><img decoding=\"async\" src=\"https:\/\/vignettego.com\/highway-vignette-europe\/wp-content\/uploads\/2026\/09\/Highway-Vignette-Europe.jpg\" alt=\"Moldova Road Vignette 2026 &#x2013; Vollst&#xE4;ndiger Leitfaden zum Vinieta-System in Moldau\" style=\"width:100%; height:auto; margin-bottom:20px;\"\/><\/figure>\n\n<p class=\"article-intro\">Moldawien bleibt eines der am wenigsten besuchten L\u00e4nder Europas \u2013 doch das \u00e4ndert sich schnell, da abenteuerlustige Reisende die Weltklasse-Weinregionen, das einzigartige sowjetische Erbe, die herzliche Gastfreundschaft und die \u00fcberraschend reiche Kultur entdecken. Wenn Sie eine Autoreise zu diesem verborgenen Juwel planen, m\u00fcssen Sie das <strong>moldawische Stra\u00dfenvignettensystem<\/strong> verstehen, das vor Ort <strong>vinieta rutier\u0103<\/strong> genannt wird. Dieser umfassende Leitfaden behandelt alles, was Sie \u00fcber das Autofahren in Moldau im Jahr 2026 wissen m\u00fcssen \u2013 vom Kauf Ihrer Vignette \u00fcber die Landstra\u00dfen bis hin zur Erkundung der verborgenen Sch\u00e4tze.  <\/p>\n\n<div style=\"height:25px\" aria-hidden=\"true\" class=\"wp-block-spacer\"><\/div>\n\n<div class=\"wp-block-buttons is-content-justification-center is-layout-flex wp-container-core-buttons-is-layout-a89b3969 wp-block-buttons-is-layout-flex\">\n<div class=\"wp-block-button\"><a class=\"wp-block-button__link wp-element-button\" href=\"https:\/\/vignettego.com\/\" style=\"background-color:#0066cc;color:#ffffff;padding:15px 30px;font-size:18px;border-radius:8px;\">\ud83d\ude97 Holen Sie sich Ihre moldawische Vinieta bei VignetteGo<\/a><\/div>\n<\/div>\n\n<div style=\"height:25px\" aria-hidden=\"true\" class=\"wp-block-spacer\"><\/div>\n\n<h2 class=\"wp-block-heading\">\ud83c\uddf2\ud83c\udde9 Was ist die moldawische Vinieta?<\/h2>\n\n<p>Moldawien betreibt ein <strong>elektronisches Stra\u00dfenvignettensystem<\/strong> (vinieta rutier\u0103) f\u00fcr alle ausl\u00e4ndisch registrierten Fahrzeuge, die moldauische Nationalstra\u00dfen nutzen. Die Vignette ist eine zeitbasierte Maut, die Ihnen das Recht gibt, das Landstra\u00dfennetz zu nutzen. Wie die meisten modernen europ\u00e4ischen Systeme ist die <strong>moldawische Vinieta vollst\u00e4ndig digital<\/strong> \u2013 Ihr Kennzeichen wird in einer Datenbank registriert und von den Vollzugsbeh\u00f6rden \u00fcberpr\u00fcft.  <\/p>\n\n<p>Das System wurde in den letzten Jahren modernisiert, um es f\u00fcr ausl\u00e4ndische Besucher besser zug\u00e4nglich zu machen. Sie k\u00f6nnen Ihre Vignette jetzt online kaufen, bevor Sie in Moldawien ankommen, wodurch m\u00f6gliche Verz\u00f6gerungen an Grenz\u00fcberg\u00e4ngen vermieden werden. Die Vignette wird sofort nach dem Kauf oder ab dem angegebenen Startdatum g\u00fcltig.  <\/p>\n\n<h2 class=\"wp-block-heading\">\ud83d\udccb Moldawische Vignetten-Preisgestaltung 2026<\/h2>\n\n<p>Moldawien bietet einige der g\u00fcnstigsten Mautgeb\u00fchren Europas und ist damit ein preisg\u00fcnstiges Reiseziel f\u00fcr Roadtrips. Hier sind die aktuellen Preisoptionen: <\/p>\n\n<figure class=\"wp-block-table\"><table><thead><tr><th>G\u00fcltigkeitsdauer<\/th><th>Autos (bis zu 3,5 t)<\/th><th>Ungef\u00e4hr EUR <\/th><\/tr><\/thead><tbody><tr><td><strong>7 Tage<\/strong><\/td><td>80-100 MDL<\/td><td>~EUR 4-5<\/td><\/tr><tr><td><strong>15 Tage<\/strong><\/td><td>120-150 MDL<\/td><td>~EUR 6-8<\/td><\/tr><tr><td><strong>30 Tage<\/strong><\/td><td>200-250 MDL<\/td><td>~EUR 10-13<\/td><\/tr><tr><td><strong>J\u00e4hrliche Ausgabe<\/strong><\/td><td>300-400 MDL<\/td><td>~15-20 EUR<\/td><\/tr><\/tbody><\/table><\/figure>\n\n<p><strong>Hinweis:<\/strong> Die Preise sind indikativ und k\u00f6nnen leicht variieren. Der moldauische Leu (MDL) Wechselkurs schwankt, aber 1 EUR entspricht etwa 19\u201320 MDL. <\/p>\n\n<div style=\"height:25px\" aria-hidden=\"true\" class=\"wp-block-spacer\"><\/div>\n\n<div class=\"wp-block-buttons is-content-justification-center is-layout-flex wp-container-core-buttons-is-layout-a89b3969 wp-block-buttons-is-layout-flex\">\n<div class=\"wp-block-button\"><a class=\"wp-block-button__link wp-element-button\" href=\"https:\/\/vignettego.com\/\" style=\"background-color:#28a745;color:#ffffff;padding:15px 30px;font-size:18px;border-radius:8px;\">\u2705 Erhalte europ\u00e4ische Vignetten \u2013 einschlie\u00dflich Moldawien \u2013 bei VignetteGo<\/a><\/div>\n<\/div>\n\n<div style=\"height:25px\" aria-hidden=\"true\" class=\"wp-block-spacer\"><\/div>\n\n<h2 class=\"wp-block-heading\">\ud83d\udee3\ufe0f Moldawisches Stra\u00dfennetz<\/h2>\n\n<p>Moldawien ist ein kleines Land (etwa so gro\u00df wie Belgien) mit einem relativ einfachen Stra\u00dfennetz. Es gibt keine Autobahnen im traditionellen Sinne \u2013 stattdessen verl\u00e4sst sich das Land auf Nationalstra\u00dfen (M-Roads) und Regionalstra\u00dfen (R-Roads). Hier sind die Hauptrouten:  <\/p>\n\n<h3 class=\"wp-block-heading\">M1 \u2013 Haupt Ost-West-Route<\/h3>\n\n<p>Die wichtigste internationale Verbindung, die die <strong>rum\u00e4nische Grenze (Leu\u0219eni) mit Chi\u0219in\u0103u und weiter zur ukrainischen Grenze<\/strong> verbindet. Dies ist die Hauptverkehrsader f\u00fcr den internationalen Verkehr und befindet sich im Allgemeinen in einem guten Zustand. Gesamtl\u00e4nge durch Moldawien: etwa 180 km.  <\/p>\n\n<h3 class=\"wp-block-heading\">M2 \u2013 N\u00f6rdliche Route<\/h3>\n\n<p>Er verl\u00e4uft von <strong>Chi\u0219in\u0103u nach Norden bis B\u0103l\u021bi<\/strong> (Moldaus zweitgr\u00f6\u00dfte Stadt) und f\u00fchrt bis zur ukrainischen Grenze. Wichtig f\u00fcr Reisende auf dem Weg nach oder von Nordukraine. L\u00e4nge: etwa 140 km.  <\/p>\n\n<h3 class=\"wp-block-heading\">M3 \u2013 S\u00fcdliche Route<\/h3>\n\n<p>Verbindet <strong>Chi\u0219in\u0103u mit der s\u00fcdlichen Autonomen Region Gagaus<\/strong> und der rum\u00e4nischen Grenze bei Giurgiule\u0219ti (kleiner Donauhafen Moldawien). Diese Route wird von Reisenden genutzt, die \u00fcber S\u00fcdrum\u00e4nien nach und nach Bukarest fahren. <\/p>\n\n<h3 class=\"wp-block-heading\">M4 \u2013 Weinstra\u00dfe<\/h3>\n\n<p>Verbindet Chi\u0219in\u0103u mit Orhei (Heimat des ber\u00fchmten Orheiul Vechi-H\u00f6hlenklosters) und dar\u00fcber hinaus. Dies ist eine beliebte Touristenroute f\u00fcr den Besuch von Weinregionen und historischen St\u00e4tten. <\/p>\n\n<h2 class=\"wp-block-heading\">\ud83d\udcbb Wie man die moldawische Vinieta kauft<\/h2>\n\n<p>Der Kauf Ihrer moldawischen Vignette ist unkompliziert. Hier sind Ihre Optionen: <\/p>\n\n<h3 class=\"wp-block-heading\">Option 1: Online \u00fcber VignetteGo (Empfohlen)<\/h3>\n\n<ol class=\"wp-block-list\">\n<li>Besuchen <a href=\"https:\/\/vignettego.com\/\" title=\"Moldawische Vignette online kaufen\">Sie VignetteGo.com<\/a><\/li>\n<li>W\u00e4hlen Sie Moldawien und Ihre gew\u00fcnschte G\u00fcltigkeitszeit<\/li>\n<li>Geben Sie Ihre Fahrzeugzulassungsdaten (Kennzeichen) ein<\/li>\n<li>Vollst\u00e4ndige sichere Zahlung<\/li>\n<li>Erhalten Sie sofortige Best\u00e4tigung \u2013 sofort g\u00fcltig!<\/li>\n<\/ol>\n\n<p><strong>Warum VignetteGo?<\/strong>  Mehrsprachige Unterst\u00fctzung, einfache Benutzeroberfl\u00e4che, M\u00f6glichkeit, Vignetten f\u00fcr Rum\u00e4nien und andere L\u00e4nder in derselben Transaktion zu kaufen (was f\u00fcr die meisten Moldawienreisen unerl\u00e4sslich ist) und zuverl\u00e4ssiger Kundensupport.<\/p>\n\n<h3 class=\"wp-block-heading\">Option 2: An den Grenz\u00fcberg\u00e4ngen<\/h3>\n\n<p>Vignetten k\u00f6nnen an den Grenz\u00fcberg\u00e4ngen in Moldau erworben werden. Dies kann jedoch Warteschlangen und m\u00f6gliche Kommunikationsprobleme mit sich bringen. Ein Online-Kauf im Voraus wird dringend empfohlen.  <\/p>\n\n<h3 class=\"wp-block-heading\">Option 3: Tankstellen und Post\u00e4mter<\/h3>\n\n<p>In Moldau k\u00f6nnen Vignetten an den Tankstellen Petrom und Lukoil sowie an Post\u00e4mtern in Gro\u00dfst\u00e4dten gekauft werden.<\/p>\n\n<div style=\"height:25px\" aria-hidden=\"true\" class=\"wp-block-spacer\"><\/div>\n\n<div class=\"wp-block-buttons is-content-justification-center is-layout-flex wp-container-core-buttons-is-layout-a89b3969 wp-block-buttons-is-layout-flex\">\n<div class=\"wp-block-button\"><a class=\"wp-block-button__link wp-element-button\" href=\"https:\/\/vignettego.com\/\" style=\"background-color:#ff6600;color:#ffffff;padding:15px 30px;font-size:18px;border-radius:8px;\">\ud83d\uded2 Kaufen Sie jetzt Ihre moldawische Vinieta \u2013 vermeiden Sie Grenzverz\u00f6gerungen<\/a><\/div>\n<\/div>\n\n<div style=\"height:25px\" aria-hidden=\"true\" class=\"wp-block-spacer\"><\/div>\n\n<h2 class=\"wp-block-heading\">\ud83d\uddfa\ufe0f Mit dem Auto nach Moldawien gelangen<\/h2>\n\n<p>Die meisten Besucher erreichen Moldawien mit dem Auto aus Rum\u00e4nien oder der Ukraine. Hier sind die Hauptrouten und Grenz\u00fcberg\u00e4nge: <\/p>\n\n<h3 class=\"wp-block-heading\">Aus Rum\u00e4nien (h\u00e4ufigste Route)<\/h3>\n\n<p><strong>Bukarest bis Chi\u0219in\u0103u:<\/strong> ~450 km, 7\u20138 Stunden \u00fcber den Grenz\u00fcbergang Albi\u021ba-Leu\u0219eni. Dies ist die beliebteste Route und der Grenz\u00fcbergang ist im Allgemeinen effizient. <\/p>\n\n<p><strong>Alternative \u00dcberquerungen:<\/strong><\/p>\n\n<ul class=\"wp-block-list\">\n<li><strong>Sculeni:<\/strong> N\u00f6rdliche \u00dcberquerung, gut zum Erreichen von B\u0103l\u021bi<\/li>\n<li><strong>Giurgiule\u0219ti:<\/strong> S\u00fcdliche \u00dcberquerung an der Donau<\/li>\n<li><strong>Gala\u021bi-Giurgiule\u0219ti:<\/strong> F\u00e4hr\u00fcberfahrt (saisonal)<\/li>\n<\/ul>\n\n<p><strong>Wichtig:<\/strong> F\u00fcr die Reise durch Rum\u00e4nien ben\u00f6tigen Sie sowohl eine <a href=\"https:\/\/vignettego.com\/highway-vignette-europe\/de\/rumaenien-autobahn-vignette-2026-vollstaendiger-rovinieta-leitfaden\/\">rum\u00e4nische Rovinieta<\/a> als auch eine moldauische Vinieta. Kaufe beide bei <a href=\"https:\/\/vignettego.com\/\" title=\"Europ&#xE4;ische Vignetten\">VignetteGo<\/a> in einer Transaktion. <\/p>\n\n<h3 class=\"wp-block-heading\">Aus der Ukraine<\/h3>\n\n<p>Zwischen der Ukraine und der Moldau gibt es mehrere Grenz\u00fcberg\u00e4nge, wobei die Haupt\u00fcberg\u00e4nge in Palanca (S\u00fcden) und an verschiedenen \u00dcberg\u00e4ngen in der N\u00e4he von Tiraspol liegen (beachten Sie Transnistrien \u2013 siehe unten).<\/p>\n\n<h2 class=\"wp-block-heading\">\u26a0\ufe0f Besondere Anmerkung: Transnistrien<\/h2>\n\n<p>Ein schmaler Streifen von Moldau \u00f6stlich des Dnjestr wird von der nicht anerkannten Abspaltungsregion <strong>Transnistrien<\/strong> (offiziell Pridnestrovische Moldauische Republik) kontrolliert. Obwohl touristische Besuche m\u00f6glich und im Allgemeinen sicher sind, seien Sie sich bewusst: <\/p>\n\n<ul class=\"wp-block-list\">\n<li>Sie m\u00fcssen sich an der Grenze registrieren und erhalten m\u00f6glicherweise eine Migrationskarte<\/li>\n<li>Die Region verwendet ihre eigene W\u00e4hrung und hat eigene Regeln<\/li>\n<li>Ihre Reiseversicherung deckt diese Region m\u00f6glicherweise nicht ab<\/li>\n<li>Einige L\u00e4nder raten davon ab, dorthin zu reisen<\/li>\n<\/ul>\n\n<p>Wenn Sie nur auf der Durchreise sind (z. B. auf der k\u00fcrzesten Strecke von der Ukraine nach Chi\u0219in\u0103u), \u00fcberqueren Sie kurz Transnistrien. Das ist in der Regel unkompliziert, kann aber Zeit f\u00fcr Ihre Reise verl\u00e4ngern. <\/p>\n\n<div style=\"height:25px\" aria-hidden=\"true\" class=\"wp-block-spacer\"><\/div>\n\n<div class=\"wp-block-buttons is-content-justification-center is-layout-flex wp-container-core-buttons-is-layout-a89b3969 wp-block-buttons-is-layout-flex\">\n<div class=\"wp-block-button\"><a class=\"wp-block-button__link wp-element-button\" href=\"https:\/\/vignettego.com\/\" style=\"background-color:#9c27b0;color:#ffffff;padding:15px 30px;font-size:18px;border-radius:8px;\">\ud83c\udf0d Planen Sie Ihre osteurop\u00e4ische Roadtrip mit VignetteGo<\/a><\/div>\n<\/div>\n\n<div style=\"height:25px\" aria-hidden=\"true\" class=\"wp-block-spacer\"><\/div>\n\n<h2 class=\"wp-block-heading\">\ud83d\udca1 Moldawische Fahrtipps f\u00fcr 2026<\/h2>\n\n<h3 class=\"wp-block-heading\">Stra\u00dfenverh\u00e4ltnisse<\/h3>\n\n<p>Seien Sie auf unterschiedliche Stra\u00dfenverh\u00e4ltnisse vorbereitet. Hauptstra\u00dfen (M-Roads) sind im Allgemeinen akzeptabel, aber erwarten Sie: <\/p>\n\n<ul class=\"wp-block-list\">\n<li>Schlagl\u00f6cher, selbst auf Hauptstra\u00dfen<\/li>\n<li>Raue Oberfl\u00e4chen auf Regionalstra\u00dfen<\/li>\n<li>Begrenzte Beleuchtung auf Landstra\u00dfen nachts<\/li>\n<li>Pferdekutschen und landwirtschaftliche Fahrzeuge in l\u00e4ndlichen Gebieten<\/li>\n<\/ul>\n\n<p><strong>Empfehlung:<\/strong> Fahren Sie tags\u00fcber m\u00f6glich, besonders auf unbekannten Routen.<\/p>\n\n<h3 class=\"wp-block-heading\">W\u00e4hrung und Zahlungen<\/h3>\n\n<p>Moldawien verwendet das <strong>moldauische Leu (MDL).<\/strong> W\u00e4hrend Kreditkarten in Chi\u0219in\u0103u zunehmend akzeptiert werden, f\u00fchren sie Bargeld f\u00fcr l\u00e4ndliche Gebiete, kleinere Restaurants und einige Tankstellen mit. Geldautomaten sind in St\u00e4dten verf\u00fcgbar. Wechselkurs: ca. 1 EUR = 19\u201320 MDL.   <\/p>\n\n<h3 class=\"wp-block-heading\">Geschwindigkeitsbegrenzungen<\/h3>\n\n<ul class=\"wp-block-list\">\n<li><strong>Nationalstra\u00dfen:<\/strong> 90 km\/h<\/li>\n<li><strong>St\u00e4dtische Gebiete:<\/strong> 50 km\/h<\/li>\n<li><strong>Wohngebiete:<\/strong> 20\u201330 km\/h<\/li>\n<\/ul>\n\n<h3 class=\"wp-block-heading\">Kraftstoff<\/h3>\n\n<p>Die Kraftstoffpreise in Moldau sind moderat. Wichtige Tankstellenketten sind Petrom, Lukoil und Bemol. Tankstellen in St\u00e4dten sind modern und akzeptieren Karten; L\u00e4ndliche Stationen sind vielleicht grundlegender.  <\/p>\n\n<h3 class=\"wp-block-heading\">Erforderliche Dokumente<\/h3>\n\n<ul class=\"wp-block-list\">\n<li>G\u00fcltiger F\u00fchrerschein (EU-F\u00fchrerschein akzeptiert; andere ben\u00f6tigen m\u00f6glicherweise eine internationale Genehmigung)<\/li>\n<li>Fahrzeugzulassung<\/li>\n<li>G\u00fcltige Versicherung (Green Card empfohlen)<\/li>\n<li>G\u00fcltige Vinieta<\/li>\n<li>Pass f\u00fcr Grenz\u00fcberg\u00e4nge<\/li>\n<\/ul>\n\n<h2 class=\"wp-block-heading\" id=\"faq-section\">\u2753 H\u00e4ufig gestellte Fragen<\/h2>\n\n<h3 class=\"wp-block-heading\">Ist Moldawien f\u00fcr Touristen sicher?<\/h3>\n\n<p>Ja, Moldawien ist f\u00fcr Touristen im Allgemeinen sicher. Kleinkriminalit\u00e4t existiert (wie \u00fcberall), aber Gewaltverbrechen gegen Touristen sind selten. Die Hauptsorgen sind die Verkehrssicherheit (schlechte Stra\u00dfenverh\u00e4ltnisse, aggressive Fahrer) und die ungel\u00f6ste Situation in Transnistrien.  <\/p>\n\n<h3 class=\"wp-block-heading\">Brauche ich ein Visum, um Moldawien zu besuchen?<\/h3>\n\n<p>EU-B\u00fcrger, Amerikaner, Kanadier, Australier und viele andere k\u00f6nnen Moldawien bis zu 90 Tage visumfrei besuchen. \u00dcberpr\u00fcfen Sie die aktuellen Anforderungen Ihrer Staatsangeh\u00f6rigkeit vor der Reise. <\/p>\n\n<h3 class=\"wp-block-heading\">Was gibt es in Moldau zu sehen?<\/h3>\n\n<p>Zu den wichtigsten Sehensw\u00fcrdigkeiten Moldawiens geh\u00f6ren:<\/p>\n\n<ul class=\"wp-block-list\">\n<li><strong>Weinkeller:<\/strong> Mile\u0219tii Mici (weltweit gr\u00f6\u00dfter Weinkeller), Cricova (unterirdische Weinstadt)<\/li>\n<li><strong>Orheiul Vechi:<\/strong> Beeindruckender H\u00f6hlenklosterkomplex<\/li>\n<li><strong>Chi\u0219in\u0103u:<\/strong> Gr\u00fcne Hauptstadt mit Parks, Museen und Caf\u00e9s<\/li>\n<li><strong>Soroca:<\/strong> Historische Festung und Roma-Gemeinde<\/li>\n<li><strong>Transnistrien:<\/strong> Zeitkapsel-Sowjetregion (f\u00fcr abenteuerlustige Reisende)<\/li>\n<\/ul>\n\n<h3 class=\"wp-block-heading\">Wann ist die beste Zeit, um Moldawien zu besuchen?<\/h3>\n\n<p>Die beste Zeit ist <strong>von Mai bis Oktober<\/strong>, wobei September bis Oktober besonders sch\u00f6n w\u00e4hrend der Weinernte und der Weinfeste sind. Die Sommer k\u00f6nnen hei\u00df sein; Die Winter sind kalt. <\/p>\n\n<div style=\"height:25px\" aria-hidden=\"true\" class=\"wp-block-spacer\"><\/div>\n\n<div class=\"wp-block-buttons is-content-justification-center is-layout-flex wp-container-core-buttons-is-layout-a89b3969 wp-block-buttons-is-layout-flex\">\n<div class=\"wp-block-button\"><a class=\"wp-block-button__link wp-element-button\" href=\"https:\/\/vignettego.com\/\" style=\"background-color:#e91e63;color:#ffffff;padding:15px 30px;font-size:18px;border-radius:8px;\">\ud83d\ude97 Holen Sie sich Ihre europ\u00e4ischen Highway-Vignetten bei VignetteGo \u2192<\/a><\/div>\n<\/div>\n\n<div style=\"height:25px\" aria-hidden=\"true\" class=\"wp-block-spacer\"><\/div>\n\n<h2 class=\"wp-block-heading\">\ud83c\udf77 Warum Moldawien besuchen?<\/h2>\n\n<p>Moldawien bietet ein einzigartiges Reiseerlebnis, wie es in ganz Europa einzigartig ist:<\/p>\n\n<ul class=\"wp-block-list\">\n<li><strong>Weltklasse-Wein:<\/strong> Eine der \u00e4ltesten Weinregionen der Welt mit unglaublichen unterirdischen Kellern<\/li>\n<li><strong>Authentische Kultur:<\/strong> Traditionelle D\u00f6rfer, herzliche Gastfreundschaft und echte Erlebnisse<\/li>\n<li><strong>Abseits der ausgetretenen Pfade:<\/strong> Sehr wenige Touristen bedeuten authentische Interaktionen<\/li>\n<li><strong>Budgetfreundlich:<\/strong> Eines der g\u00fcnstigsten Reiseziele Europas<\/li>\n<li><strong>Einzigartige Geschichte:<\/strong> Eine faszinierende Mischung aus rum\u00e4nischen, russischen und sowjetischen Einfl\u00fcssen<\/li>\n<li><strong>Freundliche Menschen:<\/strong> Die Moldawen sind bekannt f\u00fcr ihre Gastfreundschaft<\/li>\n<\/ul>\n\n<h2 class=\"wp-block-heading\">\ud83d\udccd Schlussfolgerung<\/h2>\n\n<p>Moldawien ist ein untersch\u00e4tztes Juwel, das darauf wartet, entdeckt zu werden. Das Stra\u00dfenvignettensystem ist einfach und erschwinglich \u2013 nur ein paar Euro f\u00fcr eine Wochenkarte. In Kombination mit dem unglaublich g\u00fcnstigen <a href=\"https:\/\/vignettego.com\/highway-vignette-europe\/de\/rumaenien-autobahn-vignette-2026-vollstaendiger-rovinieta-leitfaden\/\">rum\u00e4nischen Rovinieta<\/a> kann man diese Ecke Europas mit einem minimalen Budget erkunden.  <\/p>\n\n<p>F\u00fcr das bequemste Erlebnis kaufen Sie Ihre moldawische Vinieta bei <a href=\"https:\/\/vignettego.com\/\" title=\"VignetteGo &#x2013; Europ&#xE4;ische Stra&#xDF;envignetten\">VignetteGo<\/a> vor Ihrer Reise. Sie k\u00f6nnen Vignetten f\u00fcr Moldawien, Rum\u00e4nien und alle anderen L\u00e4nder auf Ihrer Route in einer einfachen Transaktion erhalten. <\/p>\n\n<p><strong>Entdecke Moldawien! \ud83c\uddf2\ud83c\udde9\ud83c\udf77 <\/strong><\/p>\n\n<p><strong>Verwandte Reisef\u00fchrer:<\/strong> <a href=\"https:\/\/vignettego.com\/highway-vignette-europe\/de\/rumaenien-autobahn-vignette-2026-vollstaendiger-rovinieta-leitfaden\/\">Rum\u00e4nien Rovinieta<\/a> | <a href=\"https:\/\/vignettego.com\/highway-vignette-europe\/de\/bulgaria-highway-vignette-2026-vollstaendiger-e-vignetten-leitfaden\/\">Bulgaria E-Vignette<\/a> | <a href=\"https:\/\/vignettego.com\/\">Alle europ\u00e4ischen Vignetten<\/a><\/p>\n","protected":false},"excerpt":{"rendered":"<p>Moldawien bleibt eines der am wenigsten besuchten L\u00e4nder Europas \u2013 doch das \u00e4ndert sich schnell, da abenteuerlustige Reisende die Weltklasse-Weinregionen, das einzigartige sowjetische Erbe, die herzliche Gastfreundschaft und die \u00fcberraschend reiche Kultur entdecken. Wenn Sie eine Autoreise zu diesem verborgenen Juwel planen, m\u00fcssen Sie das moldawische Stra\u00dfenvignettensystem verstehen, das vor Ort vinieta rutier\u0103 genannt wird. [&hellip;]<\/p>\n","protected":false},"author":0,"featured_media":0,"parent":0,"menu_order":0,"comment_status":"closed","ping_status":"closed","template":"","meta":{"footnotes":""},"class_list":["post-657","page","type-page","status-publish","hentry"],"_links":{"self":[{"href":"https:\/\/vignettego.com\/highway-vignette-europe\/de\/wp-json\/wp\/v2\/pages\/657","targetHints":{"allow":["GET"]}}],"collection":[{"href":"https:\/\/vignettego.com\/highway-vignette-europe\/de\/wp-json\/wp\/v2\/pages"}],"about":[{"href":"https:\/\/vignettego.com\/highway-vignette-europe\/de\/wp-json\/wp\/v2\/types\/page"}],"replies":[{"embeddable":true,"href":"https:\/\/vignettego.com\/highway-vignette-europe\/de\/wp-json\/wp\/v2\/comments?post=657"}],"version-history":[{"count":4,"href":"https:\/\/vignettego.com\/highway-vignette-europe\/de\/wp-json\/wp\/v2\/pages\/657\/revisions"}],"predecessor-version":[{"id":1248,"href":"https:\/\/vignettego.com\/highway-vignette-europe\/de\/wp-json\/wp\/v2\/pages\/657\/revisions\/1248"}],"wp:attachment":[{"href":"https:\/\/vignettego.com\/highway-vignette-europe\/de\/wp-json\/wp\/v2\/media?parent=657"}],"curies":[{"name":"wp","href":"https:\/\/api.w.org\/{rel}","templated":true}]}}