{"id":631,"date":"2026-01-04T01:39:43","date_gmt":"2026-01-04T01:39:43","guid":{"rendered":"https:\/\/vignettego.com\/highway-vignette-europe\/rumaenien-autobahn-vignette-2026-vollstaendiger-rovinieta-leitfaden\/"},"modified":"2026-01-04T12:40:48","modified_gmt":"2026-01-04T12:40:48","slug":"rumaenien-autobahn-vignette-2026-vollstaendiger-rovinieta-leitfaden","status":"publish","type":"page","link":"https:\/\/vignettego.com\/highway-vignette-europe\/de\/rumaenien-autobahn-vignette-2026-vollstaendiger-rovinieta-leitfaden\/","title":{"rendered":"Rum\u00e4nien-Autobahn-Vignette 2026: Vollst\u00e4ndiger Rovinieta-Leitfaden"},"content":{"rendered":"\n<script type=\"application\/ld+json\">{\n    \"@context\": \"https:\/\/schema.org\",\n    \"@graph\": [\n        {\n            \"@type\": \"Article\",\n            \"@id\": \"https:\/\/vignettego.com\/highway-vignette-europe\/romania-highway-vignette-guide\/#article\",\n            \"headline\": \"Romania Highway Vignette 2026: Complete Rovinieta Guide\",\n            \"description\": \"Everything about Romanian electronic highway vignettes (Rovinieta). Europe most affordable toll system! Learn about pricing, validity, Transylvania routes, and the famous Transf\u0103g\u0103r\u0103\u0219an road.\",\n            \"image\": \"https:\/\/vignettego.com\/highway-vignette-europe\/wp-content\/uploads\/2026\/09\/Highway-Vignette-Europe.jpg\",\n            \"datePublished\": \"2026-01-04\",\n            \"dateModified\": \"2026-01-04\",\n            \"author\": {\"@type\": \"Organization\", \"name\": \"VignetteGo\", \"url\": \"https:\/\/vignettego.com\"},\n            \"publisher\": {\"@type\": \"Organization\", \"name\": \"VignetteGo\"},\n            \"mainEntityOfPage\": {\"@type\": \"WebPage\", \"@id\": \"https:\/\/vignettego.com\/highway-vignette-europe\/romania-highway-vignette-guide\/\"},\n            \"articleSection\": \"Highway Vignettes\",\n            \"keywords\": [\"Romania vignette\", \"Rovinieta\", \"Romania highway toll\", \"Romanian motorway pass\", \"Transylvania road trip\", \"Transfagarasan\"],\n            \"inLanguage\": \"en\",\n            \"speakable\": {\"@type\": \"SpeakableSpecification\", \"cssSelector\": [\".article-intro\", \"#faq-section\"]}\n        },\n        {\n            \"@type\": \"BreadcrumbList\",\n            \"itemListElement\": [\n                {\"@type\": \"ListItem\", \"position\": 1, \"name\": \"VignetteGo\", \"item\": \"https:\/\/vignettego.com\/\"},\n                {\"@type\": \"ListItem\", \"position\": 2, \"name\": \"Highway Vignette Europe\", \"item\": \"https:\/\/vignettego.com\/highway-vignette-europe\/\"},\n                {\"@type\": \"ListItem\", \"position\": 3, \"name\": \"Romania Guide\", \"item\": \"https:\/\/vignettego.com\/highway-vignette-europe\/romania-highway-vignette-guide\/\"}\n            ]\n        },\n        {\n            \"@type\": \"FAQPage\",\n            \"mainEntity\": [\n                {\"@type\": \"Question\", \"name\": \"How much does the Romanian Rovinieta cost?\", \"acceptedAnswer\": {\"@type\": \"Answer\", \"text\": \"The Romanian Rovinieta is Europe cheapest highway vignette! A 7-day vignette costs approximately EUR 3.50, 30-day costs EUR 7, and annual costs just EUR 28.\"}},\n                {\"@type\": \"Question\", \"name\": \"Where can I buy the Romanian Rovinieta?\", \"acceptedAnswer\": {\"@type\": \"Answer\", \"text\": \"You can buy the Rovinieta online at VignetteGo or the official roviniete.ro website, or at gas stations and border crossings in Romania. Online purchase is recommended for convenience.\"}},\n                {\"@type\": \"Question\", \"name\": \"Is the Transf\u0103g\u0103r\u0103\u0219an road toll-free?\", \"acceptedAnswer\": {\"@type\": \"Answer\", \"text\": \"Yes, the Transf\u0103g\u0103r\u0103\u0219an (DN7C) is a national road, not a motorway, so no Rovinieta is needed specifically for it. However, you will likely use toll roads to reach it, so a Rovinieta is still recommended.\"}},\n                {\"@type\": \"Question\", \"name\": \"What are the fines for driving without Rovinieta?\", \"acceptedAnswer\": {\"@type\": \"Answer\", \"text\": \"Fines for driving without a valid Rovinieta range from EUR 50-200 depending on how far you traveled without one. With a 7-day vignette costing just EUR 3.50, there is no reason to risk a fine.\"}},\n                {\"@type\": \"Question\", \"name\": \"Which roads require Rovinieta in Romania?\", \"acceptedAnswer\": {\"@type\": \"Answer\", \"text\": \"The Rovinieta is required on all national roads (DN roads) and motorways (autostrada) in Romania. This includes the A1, A2, A3, A10, and all DN-numbered roads.\"}}\n            ]\n        }\n    ]\n}\n<\/script>\n\n<figure class=\"wp-block-image aligncenter size-large\"><img decoding=\"async\" src=\"https:\/\/vignettego.com\/highway-vignette-europe\/wp-content\/uploads\/2026\/09\/Highway-Vignette-Europe.jpg\" alt=\"Rum&#xE4;nien Rovinieta 2026 &#x2013; Vollst&#xE4;ndiger Leitfaden zum rum&#xE4;nischen Stra&#xDF;envignettensystem\" style=\"width:100%; height:auto; margin-bottom:20px;\"\/><\/figure>\n\n<p class=\"article-intro\">Rum\u00e4nien bietet einige der spektakul\u00e4rsten Reiseziele Europas \u2013 von den legend\u00e4ren Burgen Siebenb\u00fcrgens \u00fcber die atemberaubenden Schwarzmeerstr\u00e4nde, die majest\u00e4tischen Karpaten bis hin zum einzigartigen Donaudelta. Und hier ist die beste Nachricht: Rum\u00e4nien hat <strong>Europas g\u00fcnstigste Autobahnvignette<\/strong>, die <strong>Rovinieta<\/strong>. Mit nur wenigen Euro pro Woche ist es unglaublich budgetfreundlich, Rum\u00e4nien mit dem Auto zu erkunden. Dieser umfassende Leitfaden behandelt alles, was Sie \u00fcber rum\u00e4nische Mautstra\u00dfen im Jahr 2026 wissen m\u00fcssen, einschlie\u00dflich der ber\u00fchmten Transf\u0103g\u0103r\u0103\u0219an \u2013 einer der weltweit besten Fahrstra\u00dfen.   <\/p>\n\n<div style=\"height:25px\" aria-hidden=\"true\" class=\"wp-block-spacer\"><\/div>\n\n<div class=\"wp-block-buttons is-content-justification-center is-layout-flex wp-container-core-buttons-is-layout-a89b3969 wp-block-buttons-is-layout-flex\">\n<div class=\"wp-block-button\"><a class=\"wp-block-button__link wp-element-button\" href=\"https:\/\/vignettego.com\/\" style=\"background-color:#0066cc;color:#ffffff;padding:15px 30px;font-size:18px;border-radius:8px;\">\ud83d\ude97 Holen Sie sich Ihre rum\u00e4nische Rovinieta bei VignetteGo<\/a><\/div>\n<\/div>\n\n<div style=\"height:25px\" aria-hidden=\"true\" class=\"wp-block-spacer\"><\/div>\n\n<h2 class=\"wp-block-heading\">\ud83c\uddf7\ud83c\uddf4 Was ist die rum\u00e4nische Rovinieta?<\/h2>\n\n<p>Rum\u00e4nien betreibt ein <strong>zeitbasiertes elektronisches Mautsystem<\/strong> namens <strong>Rovinieta<\/strong> (von &#8220;Stra\u00dfenvignette&#8221; auf Rum\u00e4nisch). Das System ist vollst\u00e4ndig digital \u2013 Ihr Nummernschild ist in einer zentralen Datenbank registriert und von \u00dcberwachungskameras im ganzen Land \u00fcberpr\u00fcft. Ein physischer Aufkleber ist nicht erforderlich; Alles ist elektronisch.  <\/p>\n\n<p>Die Rovinieta umfasst alle Nationalstra\u00dfen (DN \u2013 drum na\u021bional) und Autobahnen (Autostrad\u0103) in Rum\u00e4nien. Das System wird von CNAIR (Compania Na\u021bional\u0103 de Administrare a Infrastructurii Rutiere) verwaltet, und Vignetten k\u00f6nnen online erworben werden, was Besucher \u00e4u\u00dferst bequem macht. <\/p>\n\n<h2 class=\"wp-block-heading\">\ud83d\udccb Rum\u00e4nische Rovinieta-Preise 2026 \ud83d\udcb0 G\u00dcNSTIG IN EUROPA!<\/h2>\n\n<p>Rum\u00e4nien bietet die <strong>g\u00fcnstigsten Autobahnvignettenpreise in ganz Europa<\/strong>. Hier ist der Grund, warum Rum\u00e4nien ganz oben auf jeder Budget-Roadtrip-Liste stehen sollte: <\/p>\n\n<figure class=\"wp-block-table\"><table><thead><tr><th>G\u00fcltigkeitsdauer<\/th><th>Autos (bis zu 3,5 t)<\/th><th>Motorr\u00e4der<\/th><\/tr><\/thead><tbody><tr><td><strong>7 Tage<\/strong><\/td><td>~3,50 EUR<\/td><td>~1,80 EUR 1,80<\/td><\/tr><tr><td><strong>30 Tage<\/strong><\/td><td>~7,00 EUR 7,00<\/td><td>~3,50 EUR<\/td><\/tr><tr><td><strong>90 Tage<\/strong><\/td><td>~EUR 13,00<\/td><td>~ 6,50 EUR<\/td><\/tr><tr><td><strong>J\u00e4hrliche Ausgabe<\/strong><\/td><td>~28,00 EUR<\/td><td>~EUR 14,00<\/td><\/tr><\/tbody><\/table><\/figure>\n\n<p><strong>Ja, du hast richtig gelesen!<\/strong>  Eine Woche unbegrenztes Fahren auf allen rum\u00e4nischen Nationalstra\u00dfen und Autobahnen f\u00fcr nur 3,50 EUR. Vergleiche das mit der Schweiz (40 EUR f\u00fcr die j\u00e4hrliche Vignette, keine k\u00fcrzeren Optionen) oder \u00d6sterreich (11,50 EUR f\u00fcr 10 Tage), und Sie werden sehen, warum Rum\u00e4nien ein Traum f\u00fcr Roadtripper ist. <\/p>\n\n<div style=\"height:25px\" aria-hidden=\"true\" class=\"wp-block-spacer\"><\/div>\n\n<div class=\"wp-block-buttons is-content-justification-center is-layout-flex wp-container-core-buttons-is-layout-a89b3969 wp-block-buttons-is-layout-flex\">\n<div class=\"wp-block-button\"><a class=\"wp-block-button__link wp-element-button\" href=\"https:\/\/vignettego.com\/\" style=\"background-color:#28a745;color:#ffffff;padding:15px 30px;font-size:18px;border-radius:8px;\">\u2705 Holen Sie sich Ihre europ\u00e4ischen Vignetten \u2013 alle L\u00e4nder \u2013 bei VignetteGo<\/a><\/div>\n<\/div>\n\n<div style=\"height:25px\" aria-hidden=\"true\" class=\"wp-block-spacer\"><\/div>\n\n<h2 class=\"wp-block-heading\">\ud83d\udee3\ufe0f Rum\u00e4nisches Stra\u00dfennetz<\/h2>\n\n<p>Rum\u00e4nien baut sein Autobahnnetz rasch aus, obwohl ein Gro\u00dfteil des Landes weiterhin von Nationalstra\u00dfen (DN-Stra\u00dfen) bedient wird. Hier sind die Hauptrouten: <\/p>\n\n<h3 class=\"wp-block-heading\">A1 \u2013 Bukarest bis Pite\u0219ti und dar\u00fcber hinaus<\/h3>\n\n<p>Die \u00e4lteste rum\u00e4nische Autobahn, die <strong>Bukarest mit Pite\u0219ti<\/strong> verbindet (etwa 110 km). Die Verl\u00e4ngerungen in Richtung Sibiu laufen fortlaufend. Dies ist die Hauptroute von Bukarest nach Siebenb\u00fcrgen und verbindet mit der DN7 und DN1 f\u00fcr den Weiterverkehr.  <\/p>\n\n<h3 class=\"wp-block-heading\">A2 \u2013 Bukarest bis Constan\u021ba (Sun-Autobahn)<\/h3>\n\n<p>Die <strong>Autostrada Soarelui<\/strong> (Sonnenautobahn) verbindet <strong>Bukarest mit Constan\u021ba<\/strong> und der Schwarzmeerk\u00fcste. Ungef\u00e4hr 200 km. Dies ist die Hauptroute f\u00fcr Strandurlaube nach Mamaia, Constan\u021ba, Vama Veche und anderen K\u00fcstenresorts.  <\/p>\n\n<h3 class=\"wp-block-heading\">A3 \u2013 Transsilvanien-Autobahn (im Bau)<\/h3>\n\n<p>Nach Fertigstellung wird es Bukarest mit Bra\u0219ov verbinden und durch Siebenb\u00fcrgen bis zur ungarischen Grenze f\u00fchren. Derzeit sind mehrere Abschnitte ge\u00f6ffnet, unter anderem um Turda und Cluj-Napoca. <\/p>\n\n<h3 class=\"wp-block-heading\">A10 \u2013 Sebe\u0219 nach Turda<\/h3>\n\n<p>Teil des zuk\u00fcnftigen Transsilvanien-Korridors, der wichtige St\u00e4dte im zentralen Rum\u00e4nien verbindet.<\/p>\n\n<h3 class=\"wp-block-heading\">DN1 \u2013 Die klassische Siebenb\u00fcrgen-Route<\/h3>\n\n<p>Der legend\u00e4re <strong>DN1 (E60)<\/strong> verbindet Bukarest mit Bra\u0219ov und f\u00fchrt durch das Herz Siebenb\u00fcrgens nach Sibiu, Alba Iulia, Cluj-Napoca und weiter nach Ungarn. Diese historische Route f\u00fchrt durch atemberaubende Berglandschaften und mittelalterliche St\u00e4dte. <\/p>\n\n<h2 class=\"wp-block-heading\">\ud83c\udfd4\ufe0f Die Transf\u0103g\u0103r\u0103\u0219an \u2013 Die beste Fahrstra\u00dfe der Welt<\/h2>\n\n<p>Die <strong>Transf\u0103g\u0103r\u0103\u0219an-Autobahn (DN7C)<\/strong> wurde von Top Gear als &#8220;die beste Stra\u00dfe der Welt&#8221; bezeichnet. Diese spektakul\u00e4re Bergstra\u00dfe \u00fcberquert die F\u0103g\u0103ra\u0219-Berge auf 2.042 Metern H\u00f6he und bietet dramatische Haarnadelkurven, Tunnel und atemberaubende Ausblicke. <\/p>\n\n<p><strong>Wichtige Informationen:<\/strong><\/p>\n\n<ul class=\"wp-block-list\">\n<li><strong>L\u00e4nge:<\/strong> Ungef\u00e4hr 90 km Bergstra\u00dfe<\/li>\n<li><strong>\u00d6ffnen:<\/strong> In der Regel Ende Juni bis Ende Oktober (wetterabh\u00e4ngig)<\/li>\n<li><strong>Strecke:<\/strong> Verbindet Curtea de Arge\u0219 mit Sibiu \u00fcber die F\u0103g\u0103ra\u0219-Berge<\/li>\n<li><strong>H\u00f6hepunkte:<\/strong> B\u00e2lea-See (Gletschersee oben), B\u00e2lea-Wasserfall, atemberaubende alpine Landschaft<\/li>\n<li><strong>Maut:<\/strong> Der Transf\u0103g\u0103r\u0103\u0219an selbst ist eine Nationalstra\u00dfe (DN), daher keine zus\u00e4tzliche Maut \u00fcber die Rovinieta hinaus<\/li>\n<\/ul>\n\n<p><strong>Profi-Tipp:<\/strong> Die Stra\u00dfe ist im Sommer \u00e4u\u00dferst beliebt. Starten Sie fr\u00fch am Morgen, um Menschenmengen zu vermeiden und das beste Fotolicht zu genie\u00dfen. <\/p>\n\n<div style=\"height:25px\" aria-hidden=\"true\" class=\"wp-block-spacer\"><\/div>\n\n<div class=\"wp-block-buttons is-content-justification-center is-layout-flex wp-container-core-buttons-is-layout-a89b3969 wp-block-buttons-is-layout-flex\">\n<div class=\"wp-block-button\"><a class=\"wp-block-button__link wp-element-button\" href=\"https:\/\/vignettego.com\/\" style=\"background-color:#ff6600;color:#ffffff;padding:15px 30px;font-size:18px;border-radius:8px;\">\ud83d\uded2 Kaufen Sie jetzt die rum\u00e4nische Rovinieta \u2013 nur 3,50 EUR f\u00fcr 7 Tage!<\/a><\/div>\n<\/div>\n\n<div style=\"height:25px\" aria-hidden=\"true\" class=\"wp-block-spacer\"><\/div>\n\n<h2 class=\"wp-block-heading\">\ud83d\udcbb Wie man rum\u00e4nische Rovinieta kauft<\/h2>\n\n<p>Der Kauf einer rum\u00e4nischen Rovinieta ist einfach:<\/p>\n\n<h3 class=\"wp-block-heading\">Option 1: Online \u00fcber VignetteGo (Empfohlen)<\/h3>\n\n<ol class=\"wp-block-list\">\n<li>Besuchen <a href=\"https:\/\/vignettego.com\/\" title=\"Rum&#xE4;nische Rovinieta online kaufen\">Sie VignetteGo.com<\/a><\/li>\n<li>W\u00e4hlen Sie Rum\u00e4nien und Ihre gew\u00fcnschte G\u00fcltigkeitsdauer<\/li>\n<li>Geben Sie Ihre Fahrzeugzulassungsdaten (Kennzeichen) ein<\/li>\n<li>Vollst\u00e4ndige sichere Zahlung<\/li>\n<li>Erhalten Sie sofortige Best\u00e4tigung \u2013 sofort g\u00fcltig!<\/li>\n<\/ol>\n\n<h3 class=\"wp-block-heading\">Option 2: Offizielle roviniete.ro-Website<\/h3>\n\n<p>Die offizielle Website der rum\u00e4nischen Stra\u00dfenbeh\u00f6rde bietet Direktk\u00e4ufe auf Rum\u00e4nisch und Englisch an.<\/p>\n\n<h3 class=\"wp-block-heading\">Option 3: Physische Verkaufsstellen<\/h3>\n\n<p>Rovinieta kann an Grenz\u00fcberg\u00e4ngen, Tankstellen (Petrom, OMV, Mol, Rompetrol) und an rum\u00e4nischen Post\u00e4mtern gekauft werden.<\/p>\n\n<h2 class=\"wp-block-heading\">\u26a0\ufe0f Bu\u00dfgelder f\u00fcr das Fahren ohne Rovinieta<\/h2>\n\n<p>Trotz der unglaublich niedrigen Kosten versuchen einige Reisende, den Kauf der Rovinieta zu vermeiden. Das ist ein Fehler \u2013 Bu\u00dfgelder werden durchgesetzt: <\/p>\n\n<ul class=\"wp-block-list\">\n<li><strong>Standardstrafe:<\/strong> 50\u2013200 EUR, je nach zur\u00fcckgelegter Strecke<\/li>\n<li><strong>Durchsetzung:<\/strong> Automatische Kamerasysteme im ganzen Land<\/li>\n<\/ul>\n\n<p><strong>Mit einem Wochenpass von 3,50 EUR im Vergleich zu einer m\u00f6glichen Geldstrafe von 200 EUR ist die Wahl offensichtlich!<\/strong><\/p>\n\n<h2 class=\"wp-block-heading\">\ud83d\uddfa\ufe0f Beliebte rum\u00e4nische Roadtrip-Routen<\/h2>\n\n<h3 class=\"wp-block-heading\">Bukarest bis Bra\u0219ov (Tor zu Siebenb\u00fcrgen)<\/h3>\n\n<p><strong>Entfernung:<\/strong> ~170 km | <strong>Dauer:<\/strong> 2,5\u20133 Stunden | <strong>Strecke:<\/strong> DN1 oder A3 (wo verf\u00fcgbar)<\/p>\n\n<p>Die klassische Route nach Siebenb\u00fcrgen. Bra\u0219ov ist eine beeindruckende mittelalterliche Stadt, umgeben von Bergen, perfekt als Ausgangspunkt f\u00fcr die Erkundung von Burgen (Bran, Pele\u0219) und den Karpaten. <\/p>\n\n<h3 class=\"wp-block-heading\">Bukarest bis Constan\u021ba (Schwarzes Meer)<\/h3>\n\n<p><strong>Entfernung:<\/strong> ~225 km | <strong>Dauer:<\/strong> 2,5 Stunden | <strong>Strecke:<\/strong> A2 (Sun-Autobahn)<\/p>\n\n<p>Fahr zur Schwarzmeerk\u00fcste auf der neuesten Autobahn Rum\u00e4niens. Constan\u021ba ist eine alte Hafenstadt; Das nahegelegene Mamaia ist das beliebteste Strandresort des Landes. <\/p>\n\n<h3 class=\"wp-block-heading\">Transylvania Castle Circuit<\/h3>\n\n<p><strong>Strecke:<\/strong> Burg Bra\u0219ov \u2192 Bran \u2192 R\u00e2\u0219nov \u2192 Burg Pele\u0219 (Sinaia) \u2192 zur\u00fcck zu Bra\u0219ov<\/p>\n\n<p>Besuchen Sie das ber\u00fchmte Schloss Dracula (Bran), das atemberaubende Schloss Pele\u0219 und die mittelalterliche Festung R\u00e2\u0219nov \u2013 alles in einem Tagesausflug von Bra\u0219ov.<\/p>\n\n<h3 class=\"wp-block-heading\">Vollst\u00e4ndige Transsilvanien-Tour<\/h3>\n\n<p><strong>Strecke:<\/strong> Bukarest \u2192 Bra\u0219ov \u2192 Sighi\u0219oara \u2192 Sibiu \u2192 Transf\u0103g\u0103r\u0103\u0219an \u2192 Bukarest<\/p>\n\n<p>Eine 5- bis 7-t\u00e4gige Runde, die das Beste Siebenb\u00fcrgens abdeckt: mittelalterliche St\u00e4dte, Berglandschaften und die legend\u00e4re Transf\u0103g\u0103r\u0103\u0219an-Stra\u00dfe.<\/p>\n\n<div style=\"height:25px\" aria-hidden=\"true\" class=\"wp-block-spacer\"><\/div>\n\n<div class=\"wp-block-buttons is-content-justification-center is-layout-flex wp-container-core-buttons-is-layout-a89b3969 wp-block-buttons-is-layout-flex\">\n<div class=\"wp-block-button\"><a class=\"wp-block-button__link wp-element-button\" href=\"https:\/\/vignettego.com\/\" style=\"background-color:#9c27b0;color:#ffffff;padding:15px 30px;font-size:18px;border-radius:8px;\">\ud83c\udf0d Plane dein rum\u00e4nisches Abenteuer mit VignetteGo<\/a><\/div>\n<\/div>\n\n<div style=\"height:25px\" aria-hidden=\"true\" class=\"wp-block-spacer\"><\/div>\n\n<h2 class=\"wp-block-heading\">\ud83d\udca1 Rum\u00e4nien Fahrtipps f\u00fcr 2026<\/h2>\n\n<h3 class=\"wp-block-heading\">W\u00e4hrung<\/h3>\n\n<p>Rum\u00e4nien verwendet den <strong>rum\u00e4nischen Leu (RON),<\/strong> aber <strong>der Euro wird an<\/strong> Tankstellen, Hotels und Touristengebieten weithin akzeptiert. Kreditkarten werden fast \u00fcberall in den St\u00e4dten akzeptiert. Wechselkurs: ca. 1 EUR = 5 RON.  <\/p>\n\n<h3 class=\"wp-block-heading\">Geschwindigkeitsbegrenzungen<\/h3>\n\n<ul class=\"wp-block-list\">\n<li><strong>Autobahnen:<\/strong> 130 km\/h<\/li>\n<li><strong>Nationalstra\u00dfen (au\u00dferhalb der St\u00e4dte):<\/strong> 90\u2013100 km\/h<\/li>\n<li><strong>St\u00e4dtische Gebiete:<\/strong> 50 km\/h<\/li>\n<\/ul>\n\n<h3 class=\"wp-block-heading\">Stra\u00dfenverh\u00e4ltnisse<\/h3>\n\n<p>Die Autobahnen sind ausgezeichnet. Nationalstra\u00dfen variieren von gut bis rau, besonders in l\u00e4ndlichen Gebieten. Bergstra\u00dfen k\u00f6nnen herausfordernd sein \u2013 fahren Sie vorsichtig und respektieren Sie die Wetterbedingungen.  <\/p>\n\n<h3 class=\"wp-block-heading\">Kraftstoff<\/h3>\n\n<p>Treibstoff ist g\u00fcnstiger als in Westeuropa. Wichtige Ketten sind Petrom, OMV, Mol, Rompetrol und Lukoil. <\/p>\n\n<h2 class=\"wp-block-heading\" id=\"faq-section\">\u2753 H\u00e4ufig gestellte Fragen<\/h2>\n\n<h3 class=\"wp-block-heading\">Ist die rum\u00e4nische Rovinieta wirklich so billig?<\/h3>\n\n<p>Ja! Mit etwa 3,50 EUR f\u00fcr 7 Tage hat Rum\u00e4nien die g\u00fcnstigsten Stra\u00dfengeb\u00fchren Europas. Sogar die j\u00e4hrliche Vignette (28 EUR) kostet weniger als kurzfristige Optionen vieler L\u00e4nder.  <\/p>\n\n<h3 class=\"wp-block-heading\">Wann kann ich den Transf\u0103g\u0103r\u0103\u0219an fahren?<\/h3>\n\n<p>Typischerweise Ende Juni bis Ende Oktober, je nach Wetter. Der hohe Abschnitt (\u00fcber 1.800 m) ist im Winter wegen Schnee gesperrt. \u00dcberpr\u00fcfen Sie den aktuellen Status, bevor Sie planen.  <\/p>\n\n<h3 class=\"wp-block-heading\">Kann ich die rum\u00e4nische Vignette in Moldawien verwenden?<\/h3>\n\n<p>Nein, du brauchst eine separate <a href=\"https:\/\/vignettego.com\/highway-vignette-europe\/de\/moldova-road-vignette-2026-vollstaendiger-vinieta-leitfaden\/\">moldawische Vinieta<\/a> f\u00fcr Moldawien. Kaufen Sie beide bei <a href=\"https:\/\/vignettego.com\/\" title=\"Europ&#xE4;ische Vignetten\">VignetteGo<\/a>. <\/p>\n\n<div style=\"height:25px\" aria-hidden=\"true\" class=\"wp-block-spacer\"><\/div>\n\n<div class=\"wp-block-buttons is-content-justification-center is-layout-flex wp-container-core-buttons-is-layout-a89b3969 wp-block-buttons-is-layout-flex\">\n<div class=\"wp-block-button\"><a class=\"wp-block-button__link wp-element-button\" href=\"https:\/\/vignettego.com\/\" style=\"background-color:#e91e63;color:#ffffff;padding:15px 30px;font-size:18px;border-radius:8px;\">\ud83d\ude97 Holen Sie sich Ihre europ\u00e4ischen Highway-Vignetten bei VignetteGo \u2192<\/a><\/div>\n<\/div>\n\n<div style=\"height:25px\" aria-hidden=\"true\" class=\"wp-block-spacer\"><\/div>\n\n<h2 class=\"wp-block-heading\">\ud83c\udff0 Warum Rum\u00e4nien besuchen?<\/h2>\n\n<ul class=\"wp-block-list\">\n<li><strong>Siebenb\u00fcrgen:<\/strong> Mittelalterliche St\u00e4dte, Burgen und Berglandschaften<\/li>\n<li><strong>Der Transf\u0103g\u0103r\u0103\u0219an:<\/strong> Eine der weltweit besten Fahrstra\u00dfen<\/li>\n<li><strong>Schwarzmeerk\u00fcste:<\/strong> Wundersch\u00f6ne Str\u00e4nde und antike St\u00e4dte<\/li>\n<li><strong>Donaudelta:<\/strong> UNESCO-Biosph\u00e4renreservat, erstaunliche Vogelbeobachtung<\/li>\n<li><strong>Erschwinglich:<\/strong> Gro\u00dfes Preis-Leistungs-Verh\u00e4ltnis f\u00fcr Unterkunft, Essen und Reisen<\/li>\n<li><strong>Reiche Kultur:<\/strong> Faszinierende Mischung aus lateinischen, slawischen und osmanischen Einfl\u00fcssen<\/li>\n<\/ul>\n\n<h2 class=\"wp-block-heading\">\ud83d\udccd Schlussfolgerung<\/h2>\n\n<p>Rum\u00e4nien bietet einen unglaublichen Mehrwert f\u00fcr Roadtrips \u2013 von den g\u00fcnstigsten Mautgeb\u00fchren Europas bis hin zu atemberaubender Landschaft und reicher Kultur. Egal, ob Sie Dracula-Legenden in Siebenb\u00fcrgen verfolgen, den Transf\u0103g\u0103r\u0103\u0219an bezwingen oder an den Schwarzmeerstr\u00e4nden entspannen \u2013 Rum\u00e4nien bietet unvergessliche Erlebnisse. <\/p>\n\n<p>Holen Sie sich Ihre Rovinieta bei <a href=\"https:\/\/vignettego.com\/\" title=\"VignetteGo &#x2013; Europ&#xE4;ische Stra&#xDF;envignetten\">VignetteGo<\/a> \u2013 es dauert Minuten und kostet weniger als ein Kaffee!<\/p>\n\n<p><strong>Viel Spa\u00df in Rum\u00e4nien! \ud83c\uddf7\ud83c\uddf4\ud83c\udfd4\ufe0f <\/strong><\/p>\n\n<p><strong>Verwandte Leitf\u00e4den:<\/strong> <a href=\"https:\/\/vignettego.com\/highway-vignette-europe\/de\/hungary-highway-vignette-2026-vollstaendiger-e-matrica-guide\/\">Ungarn E-Matrica<\/a> | <a href=\"https:\/\/vignettego.com\/highway-vignette-europe\/de\/bulgaria-highway-vignette-2026-vollstaendiger-e-vignetten-leitfaden\/\">Bulgaria E-Vignette<\/a> | <a href=\"https:\/\/vignettego.com\/highway-vignette-europe\/de\/moldova-road-vignette-2026-vollstaendiger-vinieta-leitfaden\/\">Moldova Vinieta<\/a> | <a href=\"https:\/\/vignettego.com\/\">Alle europ\u00e4ischen Vignetten<\/a><\/p>\n","protected":false},"excerpt":{"rendered":"<p>Rum\u00e4nien bietet einige der spektakul\u00e4rsten Reiseziele Europas \u2013 von den legend\u00e4ren Burgen Siebenb\u00fcrgens \u00fcber die atemberaubenden Schwarzmeerstr\u00e4nde, die majest\u00e4tischen Karpaten bis hin zum einzigartigen Donaudelta. Und hier ist die beste Nachricht: Rum\u00e4nien hat Europas g\u00fcnstigste Autobahnvignette, die Rovinieta. Mit nur wenigen Euro pro Woche ist es unglaublich budgetfreundlich, Rum\u00e4nien mit dem Auto zu erkunden. Dieser [&hellip;]<\/p>\n","protected":false},"author":0,"featured_media":0,"parent":0,"menu_order":0,"comment_status":"closed","ping_status":"closed","template":"","meta":{"footnotes":""},"class_list":["post-631","page","type-page","status-publish","hentry"],"_links":{"self":[{"href":"https:\/\/vignettego.com\/highway-vignette-europe\/de\/wp-json\/wp\/v2\/pages\/631","targetHints":{"allow":["GET"]}}],"collection":[{"href":"https:\/\/vignettego.com\/highway-vignette-europe\/de\/wp-json\/wp\/v2\/pages"}],"about":[{"href":"https:\/\/vignettego.com\/highway-vignette-europe\/de\/wp-json\/wp\/v2\/types\/page"}],"replies":[{"embeddable":true,"href":"https:\/\/vignettego.com\/highway-vignette-europe\/de\/wp-json\/wp\/v2\/comments?post=631"}],"version-history":[{"count":4,"href":"https:\/\/vignettego.com\/highway-vignette-europe\/de\/wp-json\/wp\/v2\/pages\/631\/revisions"}],"predecessor-version":[{"id":1281,"href":"https:\/\/vignettego.com\/highway-vignette-europe\/de\/wp-json\/wp\/v2\/pages\/631\/revisions\/1281"}],"wp:attachment":[{"href":"https:\/\/vignettego.com\/highway-vignette-europe\/de\/wp-json\/wp\/v2\/media?parent=631"}],"curies":[{"name":"wp","href":"https:\/\/api.w.org\/{rel}","templated":true}]}}