{"id":612,"date":"2026-01-04T01:38:57","date_gmt":"2026-01-04T01:38:57","guid":{"rendered":"https:\/\/vignettego.com\/highway-vignette-europe\/croatia-highway-vignette-2026-vollstaendiger-enc-digital-toll-guide\/"},"modified":"2026-01-04T12:41:29","modified_gmt":"2026-01-04T12:41:29","slug":"croatia-highway-vignette-2026-vollstaendiger-enc-digital-toll-guide","status":"publish","type":"page","link":"https:\/\/vignettego.com\/highway-vignette-europe\/de\/croatia-highway-vignette-2026-vollstaendiger-enc-digital-toll-guide\/","title":{"rendered":"Croatia Highway Vignette 2026: Vollst\u00e4ndiger ENC &amp; Digital Toll Guide"},"content":{"rendered":"\n<script type=\"application\/ld+json\">{\n    \"@context\": \"https:\/\/schema.org\",\n    \"@graph\": [\n        {\n            \"@type\": \"Article\",\n            \"@id\": \"https:\/\/vignettego.com\/highway-vignette-europe\/croatia-highway-vignette-guide\/#article\",\n            \"headline\": \"Croatia Highway Vignette 2026: Complete ENC & Digital Toll Guide\",\n            \"description\": \"Everything about Croatian highway tolls, ENC electronic system, and digital vignette options. Learn about toll prices, the stunning A1 coastal motorway, and how to reach Dubrovnik, Split, and other destinations.\",\n            \"image\": \"https:\/\/vignettego.com\/highway-vignette-europe\/wp-content\/uploads\/2026\/09\/Highway-Vignette-Europe.jpg\",\n            \"datePublished\": \"2026-01-04\",\n            \"dateModified\": \"2026-01-04\",\n            \"author\": {\"@type\": \"Organization\", \"name\": \"VignetteGo\", \"url\": \"https:\/\/vignettego.com\"},\n            \"publisher\": {\"@type\": \"Organization\", \"name\": \"VignetteGo\"},\n            \"mainEntityOfPage\": {\"@type\": \"WebPage\", \"@id\": \"https:\/\/vignettego.com\/highway-vignette-europe\/croatia-highway-vignette-guide\/\"},\n            \"articleSection\": \"Highway Vignettes\",\n            \"keywords\": [\"Croatia toll\", \"Croatia highway\", \"ENC Croatia\", \"Croatian motorway\", \"A1 Croatia\", \"Dubrovnik road trip\", \"Split highway\"],\n            \"inLanguage\": \"en\",\n            \"speakable\": {\"@type\": \"SpeakableSpecification\", \"cssSelector\": [\".article-intro\", \"#faq-section\"]}\n        },\n        {\n            \"@type\": \"BreadcrumbList\",\n            \"itemListElement\": [\n                {\"@type\": \"ListItem\", \"position\": 1, \"name\": \"VignetteGo\", \"item\": \"https:\/\/vignettego.com\/\"},\n                {\"@type\": \"ListItem\", \"position\": 2, \"name\": \"Highway Vignette Europe\", \"item\": \"https:\/\/vignettego.com\/highway-vignette-europe\/\"},\n                {\"@type\": \"ListItem\", \"position\": 3, \"name\": \"Croatia Guide\", \"item\": \"https:\/\/vignettego.com\/highway-vignette-europe\/croatia-highway-vignette-guide\/\"}\n            ]\n        },\n        {\n            \"@type\": \"FAQPage\",\n            \"mainEntity\": [\n                {\"@type\": \"Question\", \"name\": \"Does Croatia use vignettes or toll booths?\", \"acceptedAnswer\": {\"@type\": \"Answer\", \"text\": \"Croatia traditionally uses a distance-based toll system with toll booths, but now also offers digital vignette options (E-Vinjeta) for certain sections. Many visitors use a combination of both or the ENC electronic device.\"}},\n                {\"@type\": \"Question\", \"name\": \"How much does the Croatian motorway toll cost?\", \"acceptedAnswer\": {\"@type\": \"Answer\", \"text\": \"Croatian tolls are distance-based. Zagreb to Split costs approximately EUR 25, Zagreb to Rijeka about EUR 8, and Split to Dubrovnik around EUR 12. The A1 motorway to the coast is the main toll route.\"}},\n                {\"@type\": \"Question\", \"name\": \"What is the ENC system in Croatia?\", \"acceptedAnswer\": {\"@type\": \"Answer\", \"text\": \"ENC (Elektroni\u010dka Naplata Cestarine) is Croatia electronic toll collection device. It provides faster passage through dedicated ENC lanes and often offers discounts. Available at toll plazas and service areas.\"}},\n                {\"@type\": \"Question\", \"name\": \"Can I pay Croatian tolls with credit card?\", \"acceptedAnswer\": {\"@type\": \"Answer\", \"text\": \"Yes, credit and debit cards are accepted at Croatian toll booths. Cash payment in EUR is also widely accepted since Croatia adopted the Euro in January 2023.\"}},\n                {\"@type\": \"Question\", \"name\": \"Is there a digital vignette for Croatia?\", \"acceptedAnswer\": {\"@type\": \"Answer\", \"text\": \"Yes, Croatia now offers E-Vinjeta (electronic vignettes) for certain motorway sections, providing an alternative to traditional toll booth payment. These can be purchased online.\"}}\n            ]\n        }\n    ]\n}\n<\/script>\n\n<figure class=\"wp-block-image aligncenter size-large\"><img decoding=\"async\" src=\"https:\/\/vignettego.com\/highway-vignette-europe\/wp-content\/uploads\/2026\/09\/Highway-Vignette-Europe.jpg\" alt=\"Croatia Highway Toll 2026 &#x2013; Vollst&#xE4;ndiger Leitfaden zum Mautsystem der kroatischen Autobahn\" style=\"width:100%; height:auto; margin-bottom:20px;\"\/><\/figure>\n\n<p class=\"article-intro\">Kroatien ist eines der beliebtesten Sommerziele Europas, ber\u00fchmt f\u00fcr seine atemberaubende Adriak\u00fcste, kristallklare Gew\u00e4sser, historische St\u00e4dte wie Dubrovnik und Split sowie wundersch\u00f6ne Inseln. Die Fahrt nach Kroatien er\u00f6ffnet unglaubliche M\u00f6glichkeiten \u2013 von den alten Mauern Dubrovniks \u00fcber die Partystr\u00e4nde von Zr\u0107e, die Wasserf\u00e4lle der Plitvicer See bis hin zu dem charmanten Istrien. Dieser Leitfaden erkl\u00e4rt alles \u00fcber das kroatische Autobahnmautsystem im Jahr 2026, einschlie\u00dflich des <strong>elektronischen ENC-Systems<\/strong>, <strong>digitalen Vignettenoptionen<\/strong> und praktischen Tipps f\u00fcr Ihre kroatische Roadtrip.  <\/p>\n\n<div style=\"height:25px\" aria-hidden=\"true\" class=\"wp-block-spacer\"><\/div>\n\n<div class=\"wp-block-buttons is-content-justification-center is-layout-flex wp-container-core-buttons-is-layout-a89b3969 wp-block-buttons-is-layout-flex\">\n<div class=\"wp-block-button\"><a class=\"wp-block-button__link wp-element-button\" href=\"https:\/\/vignettego.com\/\" style=\"background-color:#0066cc;color:#ffffff;padding:15px 30px;font-size:18px;border-radius:8px;\">\ud83d\ude97 Erhalten Sie Ihre kroatische digitale Vignette bei VignetteGo<\/a><\/div>\n<\/div>\n\n<div style=\"height:25px\" aria-hidden=\"true\" class=\"wp-block-spacer\"><\/div>\n\n<h2 class=\"wp-block-heading\">\ud83c\udded\ud83c\uddf7 Kroatisches Mautsystem erkl\u00e4rt<\/h2>\n\n<p>Im Gegensatz zu den meisten mitteleurop\u00e4ischen L\u00e4ndern, die zeitbasierte Vignetten verwenden, hat Kroatien traditionell ein <strong>entfernungsbasiertes Mautsystem<\/strong> mit physischen Mautstellen betrieben. Man nimmt ein Ticket beim Einfahren auf die Autobahn und zahlt basierend auf der zur\u00fcckgelegten Strecke beim Ausfahren. Kroatien bietet jedoch mittlerweile auch <strong>digitale Vignettenoptionen (E-Vinjeta)<\/strong> f\u00fcr bestimmte Autobahnabschnitte an, was den Reisenden mehr Flexibilit\u00e4t bietet.  <\/p>\n\n<p>Das kroatische Autobahnennetz wird von <strong>HAC (Hrvatske Autoceste)<\/strong> und <strong>AZM (Autocesta Zagreb-Macelj)<\/strong> verwaltet. Seit Januar 2023 f\u00fchrt Kroatien den <strong>Euro (EUR)<\/strong> als W\u00e4hrung ein, was die Zahlungen f\u00fcr EU-Besucher erleichtert. <\/p>\n\n<h2 class=\"wp-block-heading\">\ud83d\udccb Kroatische Mautzahlungsoptionen<\/h2>\n\n<h3 class=\"wp-block-heading\">Option 1: Traditionelle Mautstellen (am h\u00e4ufigsten)<\/h3>\n\n<p>Nimm ein Ticket am Eingang, bezahle am Ausgang. Akzeptierte Zahlung: <\/p>\n\n<ul class=\"wp-block-list\">\n<li><strong>Geld:<\/strong> EUR (kein kroatisches Kuna mehr n\u00f6tig)<\/li>\n<li><strong>Kredit-\/Debitkarten:<\/strong> Visa und Mastercard weit verbreitet akzeptiert<\/li>\n<li><strong>ENC-Ger\u00e4t:<\/strong> Elektronische Zahlung (siehe unten)<\/li>\n<\/ul>\n\n<h3 class=\"wp-block-heading\">Option 2: ENC Elektronisches Ger\u00e4t<\/h3>\n\n<p><strong>ENC (Elektroni\u010dka Naplata Cestarine)<\/strong> ist das kroatische elektronische Mauterhebungssystem. Vorteile: <\/p>\n\n<ul class=\"wp-block-list\">\n<li>Schnellere Durchfahrt durch spezielle ENC-Spuren<\/li>\n<li>M\u00f6gliche Rabatte auf Mautgeb\u00fchren<\/li>\n<li>Man muss nicht an Mautstellen anhalten<\/li>\n<li>Erh\u00e4ltlich zum Kauf an Mautstellen und Servicebereichen<\/li>\n<\/ul>\n\n<p>Das ENC-Ger\u00e4t kostet eine kleine Anzahlung und kann mit Guthaben aufgef\u00fcllt werden. F\u00fcr h\u00e4ufige Besucher wird es sehr empfohlen. <\/p>\n\n<h3 class=\"wp-block-heading\">Option 3: Digitale Vignette (E-Vinjeta)<\/h3>\n\n<p>Kroatien bietet nun <strong>E-Vinjeta<\/strong> (elektronische Vignetten) f\u00fcr bestimmte Autobahnabschnitte an, sodass man Mautstellen vollst\u00e4ndig umgehen kann. Erh\u00e4ltlich bei <a href=\"https:\/\/vignettego.com\/\" title=\"Kroatische digitale Vignette\">VignetteGo<\/a>. <\/p>\n\n<div style=\"height:25px\" aria-hidden=\"true\" class=\"wp-block-spacer\"><\/div>\n\n<div class=\"wp-block-buttons is-content-justification-center is-layout-flex wp-container-core-buttons-is-layout-a89b3969 wp-block-buttons-is-layout-flex\">\n<div class=\"wp-block-button\"><a class=\"wp-block-button__link wp-element-button\" href=\"https:\/\/vignettego.com\/\" style=\"background-color:#28a745;color:#ffffff;padding:15px 30px;font-size:18px;border-radius:8px;\">\u2705 Erhalte europ\u00e4ische Vignetten \u2013 Alle L\u00e4nder \u2013 bei VignetteGo<\/a><\/div>\n<\/div>\n\n<div style=\"height:25px\" aria-hidden=\"true\" class=\"wp-block-spacer\"><\/div>\n\n<h2 class=\"wp-block-heading\">\ud83d\udcb0 Mautpreise f\u00fcr kroatische Autobahnen 2026<\/h2>\n\n<p>Die kroatischen Mautgeb\u00fchren sind entfernungsabh\u00e4ngig, daher h\u00e4ngen die Kosten von deiner Route ab. Hier sind ungef\u00e4hre Preise f\u00fcr g\u00e4ngige Strecken (Kategorie I \u2013 regul\u00e4re Autos): <\/p>\n\n<figure class=\"wp-block-table\"><table><thead><tr><th>Verlauf<\/th><th>Entfernung<\/th><th>Ungef\u00e4hr Maut <\/th><\/tr><\/thead><tbody><tr><td><strong>Zagreb \u2013 Split<\/strong><\/td><td>~400 km<\/td><td>~25 EUR 25<\/td><\/tr><tr><td><strong>Zagreb \u2013 Rijeka<\/strong><\/td><td>~170 km<\/td><td>~8 EUR 8<\/td><\/tr><tr><td><strong>Zagreb \u2013 Zadar<\/strong><\/td><td>~280 km<\/td><td>~17 EUR 17<\/td><\/tr><tr><td><strong>Split \u2013 Dubrovnik<\/strong><\/td><td>~220 km<\/td><td>~12 EUR 12<\/td><\/tr><tr><td><strong>Zagreb \u2013 Dubrovnik<\/strong><\/td><td>~600 km<\/td><td>~35 EUR<\/td><\/tr><tr><td><strong>Ljubljana \u2013 Zagreb<\/strong><\/td><td>~140 km<\/td><td>~7 EUR 7<\/td><\/tr><\/tbody><\/table><\/figure>\n\n<p><strong>Hinweis:<\/strong> Die Preise sind indikativ. Die tats\u00e4chlichen Mautgeb\u00fchren k\u00f6nnen je nach Ein- und Ausfahrt und Fahrzeugkategorie leicht variieren. <\/p>\n\n<h2 class=\"wp-block-heading\">\ud83d\udee3\ufe0f Kroatisches Autobahnnetz<\/h2>\n\n<p>Kroatien verf\u00fcgt \u00fcber ein ausgezeichnetes Autobahnnetz, das gro\u00dfe St\u00e4dte und die K\u00fcste verbindet. Hier sind die Hauptrouten: <\/p>\n\n<h3 class=\"wp-block-heading\">A1 \u2013 Die Dalmatinerautobahn<\/h3>\n\n<p>Die wichtigste Touristenroute, die <strong>Zagreb mit Split verbindet und weiter in Richtung Dubrovnik<\/strong> f\u00fchrt. Diese beeindruckende Autobahn verl\u00e4uft parallel zur Adriak\u00fcste und bietet Zugang zu allen wichtigen K\u00fcstenzielen. Gesamtl\u00e4nge: ca. 550 km. Verf\u00fcgt \u00fcber mehrere beeindruckende Br\u00fccken und Tunnel durch die Dinarischen Alpen.   <\/p>\n\n<h3 class=\"wp-block-heading\">A2 \u2013 Zagreb nach Macelj (Grenze zu Slowenien)<\/h3>\n\n<p>Verbindet Zagreb mit Slowenien und f\u00fchrt weiter nach Ljubljana und dar\u00fcber hinaus. Die Hauptroute f\u00fcr Reisende aus Mitteleuropa. L\u00e4nge: etwa 60 km in Kroatien.  <\/p>\n\n<h3 class=\"wp-block-heading\">A3 \u2013 Bregana zu Lipovac<\/h3>\n\n<p>Ost-West-Route, die die slowenische Grenze (Bregana) \u00fcber Zagreb mit der serbischen Grenze (Lipovac) verbindet. Teil des europ\u00e4ischen E70-Korridors. L\u00e4nge: etwa 300 km.  <\/p>\n\n<h3 class=\"wp-block-heading\">A4 \u2013 Zagreb bis Gori\u010dan (Ungarngrenze)<\/h3>\n\n<p>Verbindet Zagreb mit Ungarn, der Hauptroute f\u00fcr Reisende aus Budapest. L\u00e4nge: etwa 97 km. <\/p>\n\n<h3 class=\"wp-block-heading\">A6 \u2013 Rijeka Umgehungsstra\u00dfe<\/h3>\n\n<p>Verbindet die A1 bei Bosiljevo mit Rijeka und der istriischen Halbinsel. Essenziell, um von Zagreb nach Istrien zu gelangen. <\/p>\n\n<h3 class=\"wp-block-heading\">A7\/A8\/A9 \u2013 Istrian Y<\/h3>\n\n<p>Ein Netz von Autobahnen, das die istrianische Halbinsel bedient und Rijeka mit Pula und anderen istrischen Zielen verbindet. Im Allgemeinen ist der Verkehr geringer als die A1. <\/p>\n\n<div style=\"height:25px\" aria-hidden=\"true\" class=\"wp-block-spacer\"><\/div>\n\n<div class=\"wp-block-buttons is-content-justification-center is-layout-flex wp-container-core-buttons-is-layout-a89b3969 wp-block-buttons-is-layout-flex\">\n<div class=\"wp-block-button\"><a class=\"wp-block-button__link wp-element-button\" href=\"https:\/\/vignettego.com\/\" style=\"background-color:#ff6600;color:#ffffff;padding:15px 30px;font-size:18px;border-radius:8px;\">\ud83d\uded2 Holen Sie sich jetzt Ihre europ\u00e4ischen Vignetten bei VignetteGo<\/a><\/div>\n<\/div>\n\n<div style=\"height:25px\" aria-hidden=\"true\" class=\"wp-block-spacer\"><\/div>\n\n<h2 class=\"wp-block-heading\">\ud83d\uddfa\ufe0f Beliebte kroatische Roadtrip-Routen<\/h2>\n\n<h3 class=\"wp-block-heading\">Zagreb nach Split (A1 Dalmatinerautobahn)<\/h3>\n\n<p><strong>Entfernung:<\/strong> ~400 km | <strong>Dauer:<\/strong> 4\u20134,5 Stunden | <strong>Maut:<\/strong> ~25 EUR<\/p>\n\n<p>Die klassische kroatische Roadtrip-Route. Die A1 ist eine moderne, gut instand gehaltene Autobahn mit ausgezeichneten Servicebereichen. Erw\u00e4gen Sie einen Halt im Nationalpark Plitvicer Seen (Ausfahrt Gornja Plo\u010da) \u2013 eine der sch\u00f6nsten Naturattraktionen Kroatiens.  <\/p>\n\n<h3 class=\"wp-block-heading\">Zagreb nach Dubrovnik<\/h3>\n\n<p><strong>Entfernung:<\/strong> ~600 km | <strong>Dauer:<\/strong> 5,5\u20136 Stunden | <strong>Maut:<\/strong> ~35 EUR<\/p>\n\n<p>Die ultimative kroatische Roadtrip, die in der atemberaubenden ummauerten Stadt Dubrovnik endet. Beachten Sie, dass diese Route kurz <strong>durch Bosnien und Herzegowina<\/strong> am Neum-Korridor f\u00fchrt (ohne Maut, aber mit Pass). Alternativ kannst du die Pelje\u0161ac-Br\u00fccke nehmen, um vollst\u00e4ndig in Kroatien zu bleiben.  <\/p>\n\n<h3 class=\"wp-block-heading\">Ljubljana (Slowenien) nach Zagreb<\/h3>\n\n<p><strong>Entfernung:<\/strong> ~140 km | <strong>Dauer:<\/strong> 1,5\u20132 Stunden | <strong>Maut:<\/strong> ~EUR 7 (Kroatien) + slowenische Vignette<\/p>\n\n<p>Die Hauptroute aus Mitteleuropa. F\u00fcr den slowenischen Teil der Fahrt ben\u00f6tigen Sie einen <a href=\"https:\/\/vignettego.com\/highway-vignette-europe\/de\/slowenien-autobahn-vignette-2026-vollstaendiger-e-vinjeta-leitfaden\/\">slowenischen E-Vinjeta<\/a> . <\/p>\n\n<h3 class=\"wp-block-heading\">Istrianische K\u00fcstentour<\/h3>\n\n<p><strong>Strecke:<\/strong> Rijeka \u2192 Opatija \u2192 Pula \u2192 Rovinj \u2192 Pore\u010d \u2192 zur\u00fcck nach Rijeka<\/p>\n\n<p>Entdecken Sie die wundersch\u00f6ne istrianische Halbinsel mit ihrer italienisch beeinflussten K\u00fcche, H\u00fcgeld\u00f6rfern und charmanten K\u00fcstenst\u00e4dten. Weniger \u00fcberf\u00fcllt als die dalmatinische K\u00fcste. <\/p>\n\n<h2 class=\"wp-block-heading\">\ud83d\udca1 Kroatien Fahrtipps f\u00fcr 2026<\/h2>\n\n<h3 class=\"wp-block-heading\">W\u00e4hrung<\/h3>\n\n<p>Seit Januar 2023 verwendet Kroatien den <strong>Euro (EUR).<\/strong> Sie m\u00fcssen kein Geld wechseln, wenn Sie aus einem anderen Eurozonenland kommen. Kreditkarten werden weit verbreitet akzeptiert.  <\/p>\n\n<h3 class=\"wp-block-heading\">Geschwindigkeitsbegrenzungen<\/h3>\n\n<ul class=\"wp-block-list\">\n<li><strong>Autobahnen:<\/strong> 130 km\/h<\/li>\n<li><strong>Nationalstra\u00dfen:<\/strong> 90 km\/h<\/li>\n<li><strong>St\u00e4dtische Gebiete:<\/strong> 50 km\/h<\/li>\n<\/ul>\n\n<h3 class=\"wp-block-heading\">Sommerverkehr<\/h3>\n\n<p><strong>Warnung:<\/strong> Die A1 zur K\u00fcste ist im Juli und August besonders samstags (Wechseltag f\u00fcr w\u00f6chentliche Vermietungen) extrem <strong>stark verkehrt<\/strong> . Reisen Sie fr\u00fch am Morgen oder sp\u00e4ten Abend, um die schlimmste Staus zu vermeiden. <\/p>\n\n<h3 class=\"wp-block-heading\">Erforderliche Ausr\u00fcstung<\/h3>\n\n<ul class=\"wp-block-list\">\n<li>Warndreieck<\/li>\n<li>Reflektierende Weste<\/li>\n<li>Erste-Hilfe-Set<\/li>\n<li>Scheinwerfer w\u00e4hrend der Fahrt immer an<\/li>\n<\/ul>\n\n<h2 class=\"wp-block-heading\" id=\"faq-section\">\u2753 H\u00e4ufig gestellte Fragen<\/h2>\n\n<h3 class=\"wp-block-heading\">Brauche ich eine Vignette oder muss ich an Mautstellen in Kroatien bezahlen?<\/h3>\n\n<p>Du kannst beide Systeme verwenden. Traditionelle Mautstellen funktionieren auf einer Entfernungsbasierten Pay-as-You-Go-Basis. Alternativ sind nun digitale Vignetten (E-Vinjeta) f\u00fcr bestimmte Abschnitte verf\u00fcgbar.  <\/p>\n\n<h3 class=\"wp-block-heading\">Kann ich nach Dubrovnik fahren, ohne Kroatien zu verlassen?<\/h3>\n\n<p>Ja! Seit der Er\u00f6ffnung der Pelje\u0161ac-Br\u00fccke im Jahr 2022 kann man nun von Split nach Dubrovnik fahren, ohne den Neum-Korridor Bosnien-Herzegowina zu durchqueren. <\/p>\n\n<h3 class=\"wp-block-heading\">Lohnt sich das ENC-Ger\u00e4t?<\/h3>\n\n<p>F\u00fcr H\u00e4ufige Besucher oder Besucher, die mehrere Wochen bleiben, ja. F\u00fcr eine einzelne Fahrt sind Mautstellen oder digitale Vignetten praktischer. <\/p>\n\n<div style=\"height:25px\" aria-hidden=\"true\" class=\"wp-block-spacer\"><\/div>\n\n<div class=\"wp-block-buttons is-content-justification-center is-layout-flex wp-container-core-buttons-is-layout-a89b3969 wp-block-buttons-is-layout-flex\">\n<div class=\"wp-block-button\"><a class=\"wp-block-button__link wp-element-button\" href=\"https:\/\/vignettego.com\/\" style=\"background-color:#e91e63;color:#ffffff;padding:15px 30px;font-size:18px;border-radius:8px;\">\ud83d\ude97 Holen Sie sich Ihre europ\u00e4ischen Highway-Vignetten bei VignetteGo \u2192<\/a><\/div>\n<\/div>\n\n<div style=\"height:25px\" aria-hidden=\"true\" class=\"wp-block-spacer\"><\/div>\n\n<h2 class=\"wp-block-heading\">\ud83c\udfd6\ufe0f Warum Kroatien besuchen?<\/h2>\n\n<ul class=\"wp-block-list\">\n<li><strong>Atemberaubende K\u00fcstenlinie:<\/strong> \u00dcber 1.000 Inseln und kristallklare Adria<\/li>\n<li><strong>Historische St\u00e4dte:<\/strong> Dubrovnik, Split, Zadar \u2013 UNESCO-Welterbest\u00e4tten<\/li>\n<li><strong>Game of Thrones-Orte:<\/strong> Dubrovnik diente als K\u00f6nigsmund<\/li>\n<li><strong>Plitvicer Seen:<\/strong> Spektakul\u00e4rer Nationalpark mit kaskadierenden Wasserf\u00e4llen<\/li>\n<li><strong>Istrien:<\/strong> Italienisch beeinflusste K\u00fcche, Tr\u00fcffeljagd, D\u00f6rfer auf H\u00fcgeln<\/li>\n<li><strong>Partyszene:<\/strong> Der Strand Zr\u0107e ist das &#8220;kroatische Ibiza&#8221;<\/li>\n<\/ul>\n\n<h2 class=\"wp-block-heading\">\ud83d\udccd Schlussfolgerung<\/h2>\n\n<p>Kroatien bietet einige der lohnendsten Roadtrips Europas, von der dramatischen A1-Autobahn \u00fcber die kurvenreichen K\u00fcstenstra\u00dfen bis hin zu den charmanten istrianischen D\u00f6rfern. Egal, ob Sie traditionelle Mautstellen, das elektronische ENC-System oder die neuen digitalen Vignettenoptionen bevorzugen \u2013 mit dem Auto ist es unkompliziert, Kroatien zu durchqueren. <\/p>\n\n<p>Um Kroatien von Mitteleuropa aus zu erreichen, passiert man wahrscheinlich <a href=\"https:\/\/vignettego.com\/highway-vignette-europe\/de\/slowenien-autobahn-vignette-2026-vollstaendiger-e-vinjeta-leitfaden\/\">Slowenien<\/a> oder <a href=\"https:\/\/vignettego.com\/highway-vignette-europe\/de\/hungary-highway-vignette-2026-vollstaendiger-e-matrica-guide\/\">Ungarn<\/a>. Sammeln Sie alle Ihre Vignetten an einem Ort bei <a href=\"https:\/\/vignettego.com\/\" title=\"VignetteGo &#x2013; Europ&#xE4;ische Stra&#xDF;envignetten\">VignetteGo<\/a>. <\/p>\n\n<p><strong>Genie\u00dfen Sie die kroatische K\u00fcste! \ud83c\udded\ud83c\uddf7\ud83c\udfd6\ufe0f <\/strong><\/p>\n\n<p><strong>Verwandte Guides:<\/strong> <a href=\"https:\/\/vignettego.com\/highway-vignette-europe\/de\/slowenien-autobahn-vignette-2026-vollstaendiger-e-vinjeta-leitfaden\/\">Slovenia E-Vinjeta<\/a> | <a href=\"https:\/\/vignettego.com\/highway-vignette-europe\/de\/hungary-highway-vignette-2026-vollstaendiger-e-matrica-guide\/\">Ungarn E-Matrica<\/a> | <a href=\"https:\/\/vignettego.com\/\">Alle europ\u00e4ischen Vignetten<\/a><\/p>\n","protected":false},"excerpt":{"rendered":"<p>Kroatien ist eines der beliebtesten Sommerziele Europas, ber\u00fchmt f\u00fcr seine atemberaubende Adriak\u00fcste, kristallklare Gew\u00e4sser, historische St\u00e4dte wie Dubrovnik und Split sowie wundersch\u00f6ne Inseln. Die Fahrt nach Kroatien er\u00f6ffnet unglaubliche M\u00f6glichkeiten \u2013 von den alten Mauern Dubrovniks \u00fcber die Partystr\u00e4nde von Zr\u0107e, die Wasserf\u00e4lle der Plitvicer See bis hin zu dem charmanten Istrien. Dieser Leitfaden erkl\u00e4rt [&hellip;]<\/p>\n","protected":false},"author":0,"featured_media":0,"parent":0,"menu_order":0,"comment_status":"closed","ping_status":"closed","template":"","meta":{"footnotes":""},"class_list":["post-612","page","type-page","status-publish","hentry"],"_links":{"self":[{"href":"https:\/\/vignettego.com\/highway-vignette-europe\/de\/wp-json\/wp\/v2\/pages\/612","targetHints":{"allow":["GET"]}}],"collection":[{"href":"https:\/\/vignettego.com\/highway-vignette-europe\/de\/wp-json\/wp\/v2\/pages"}],"about":[{"href":"https:\/\/vignettego.com\/highway-vignette-europe\/de\/wp-json\/wp\/v2\/types\/page"}],"replies":[{"embeddable":true,"href":"https:\/\/vignettego.com\/highway-vignette-europe\/de\/wp-json\/wp\/v2\/comments?post=612"}],"version-history":[{"count":4,"href":"https:\/\/vignettego.com\/highway-vignette-europe\/de\/wp-json\/wp\/v2\/pages\/612\/revisions"}],"predecessor-version":[{"id":1305,"href":"https:\/\/vignettego.com\/highway-vignette-europe\/de\/wp-json\/wp\/v2\/pages\/612\/revisions\/1305"}],"wp:attachment":[{"href":"https:\/\/vignettego.com\/highway-vignette-europe\/de\/wp-json\/wp\/v2\/media?parent=612"}],"curies":[{"name":"wp","href":"https:\/\/api.w.org\/{rel}","templated":true}]}}