{"id":587,"date":"2026-01-04T01:38:16","date_gmt":"2026-01-04T01:38:16","guid":{"rendered":"https:\/\/vignettego.com\/highway-vignette-europe\/slowenien-autobahn-vignette-2026-vollstaendiger-e-vinjeta-leitfaden\/"},"modified":"2026-01-04T12:41:19","modified_gmt":"2026-01-04T12:41:19","slug":"slowenien-autobahn-vignette-2026-vollstaendiger-e-vinjeta-leitfaden","status":"publish","type":"page","link":"https:\/\/vignettego.com\/highway-vignette-europe\/de\/slowenien-autobahn-vignette-2026-vollstaendiger-e-vinjeta-leitfaden\/","title":{"rendered":"Slowenien-Autobahn-Vignette 2026: Vollst\u00e4ndiger E-Vinjeta-Leitfaden"},"content":{"rendered":"\n<script type=\"application\/ld+json\">{\n    \"@context\": \"https:\/\/schema.org\",\n    \"@graph\": [\n        {\n            \"@type\": \"Article\",\n            \"@id\": \"https:\/\/vignettego.com\/highway-vignette-europe\/slovenia-highway-vignette-guide\/#article\",\n            \"headline\": \"Slovenia Highway Vignette 2026: Complete E-Vinjeta Guide\",\n            \"description\": \"Everything about the Slovenian E-Vinjeta 2026: prices, validity, how to buy online, and essential tips for driving on Slovenian motorways. Your complete guide to the electronic vignette system.\",\n            \"image\": \"https:\/\/vignettego.com\/highway-vignette-europe\/wp-content\/uploads\/2026\/09\/Highway-Vignette-Europe.jpg\",\n            \"datePublished\": \"2026-01-04\",\n            \"dateModified\": \"2026-01-04\",\n            \"author\": {\"@type\": \"Organization\", \"name\": \"VignetteGo\", \"url\": \"https:\/\/vignettego.com\"},\n            \"publisher\": {\"@type\": \"Organization\", \"name\": \"VignetteGo\"},\n            \"mainEntityOfPage\": {\"@type\": \"WebPage\", \"@id\": \"https:\/\/vignettego.com\/highway-vignette-europe\/slovenia-highway-vignette-guide\/\"},\n            \"articleSection\": \"Highway Vignettes\",\n            \"keywords\": [\"Slovenia vignette\", \"E-Vinjeta\", \"Slovenian motorway\", \"Ljubljana driving\", \"Bled road trip\", \"Slovenia toll\"],\n            \"inLanguage\": \"en\",\n            \"speakable\": {\"@type\": \"SpeakableSpecification\", \"cssSelector\": [\".article-intro\", \"#faq-section\"]}\n        },\n        {\n            \"@type\": \"BreadcrumbList\",\n            \"itemListElement\": [\n                {\"@type\": \"ListItem\", \"position\": 1, \"name\": \"VignetteGo\", \"item\": \"https:\/\/vignettego.com\/\"},\n                {\"@type\": \"ListItem\", \"position\": 2, \"name\": \"Highway Vignette Europe\", \"item\": \"https:\/\/vignettego.com\/highway-vignette-europe\/\"},\n                {\"@type\": \"ListItem\", \"position\": 3, \"name\": \"Slovenia Guide\", \"item\": \"https:\/\/vignettego.com\/highway-vignette-europe\/slovenia-highway-vignette-guide\/\"}\n            ]\n        },\n        {\n            \"@type\": \"FAQPage\",\n            \"mainEntity\": [\n                {\"@type\": \"Question\", \"name\": \"How much does a Slovenian E-Vinjeta cost?\", \"acceptedAnswer\": {\"@type\": \"Answer\", \"text\": \"For 2026, prices are: 7-day vignette EUR 16, 30-day vignette EUR 32, and annual vignette EUR 117 for standard vehicles (class 2A). These are approximate prices and may be adjusted.\"}},\n                {\"@type\": \"Question\", \"name\": \"Can I buy the Slovenian E-Vinjeta online?\", \"acceptedAnswer\": {\"@type\": \"Answer\", \"text\": \"Yes, you can purchase the E-Vinjeta online at VignetteGo or the official DARS website. Registration is linked to your license plate, so no physical sticker is needed.\"}},\n                {\"@type\": \"Question\", \"name\": \"Do I need a vignette for all roads in Slovenia?\", \"acceptedAnswer\": {\"@type\": \"Answer\", \"text\": \"No, only motorways (avtoceste) and expressways (hitre ceste) require a vignette. Regular national and local roads are free to use.\"}},\n                {\"@type\": \"Question\", \"name\": \"What if I drive without a vignette in Slovenia?\", \"acceptedAnswer\": {\"@type\": \"Answer\", \"text\": \"Fines for driving without a valid E-Vinjeta are significant\u2014EUR 300 to 800 for cars. Enforcement is done via cameras, so non-compliance is easily detected.\"}},\n                {\"@type\": \"Question\", \"name\": \"How long is the Slovenian vignette valid?\", \"acceptedAnswer\": {\"@type\": \"Answer\", \"text\": \"The 7-day E-Vinjeta is valid for 7 consecutive days from your chosen start date. The 30-day is valid for 30 days, and the annual runs from purchase date for one year.\"}}\n            ]\n        }\n    ]\n}\n<\/script>\n\n<figure class=\"wp-block-image aligncenter size-large\"><img decoding=\"async\" src=\"https:\/\/vignettego.com\/highway-vignette-europe\/wp-content\/uploads\/2026\/09\/Highway-Vignette-Europe.jpg\" alt=\"Slowenien E-Vinjeta 2026 &#x2013; Vollst&#xE4;ndiger Leitfaden zur slowenischen Autobahnvignette\" style=\"width:100%; height:auto; margin-bottom:20px;\"\/><\/figure>\n\n<p class=\"article-intro\">Slowenien mag klein sein, bietet aber eine unglaubliche Vielfalt an Landschaften \u2013 von den atemberaubenden Julischen Alpen und dem smaragdgr\u00fcnen Bled-See bis zur Mittelmeerk\u00fcste und den weiten Karsth\u00f6hlen. Dieses Alpenland ist ein wichtiges Transitland f\u00fcr Reisende, die zwischen Mitteleuropa und der Adria fahren. Dieser Leitfaden behandelt alles rund um die <strong>slowenische E-Vinjeta (elektronische Vignette)<\/strong> f\u00fcr 2026: Preise, G\u00fcltigkeit, Kaufort und wichtige Tipps f\u00fcr Ihre slowenische Roadtrip.  <\/p>\n\n<div style=\"height:25px\" aria-hidden=\"true\" class=\"wp-block-spacer\"><\/div>\n\n<div class=\"wp-block-buttons is-content-justification-center is-layout-flex wp-container-core-buttons-is-layout-a89b3969 wp-block-buttons-is-layout-flex\">\n<div class=\"wp-block-button\"><a class=\"wp-block-button__link wp-element-button\" href=\"https:\/\/vignettego.com\/\" style=\"background-color:#0066cc;color:#ffffff;padding:15px 30px;font-size:18px;border-radius:8px;\">\ud83d\ude97 Holen Sie sich Ihren slowenischen E-Vinjeta bei VignetteGo<\/a><\/div>\n<\/div>\n\n<div style=\"height:25px\" aria-hidden=\"true\" class=\"wp-block-spacer\"><\/div>\n\n<h2 class=\"wp-block-heading\">\ud83c\uddf8\ud83c\uddee Was ist die slowenische E-Vinjeta?<\/h2>\n\n<p>Slowenien stellte 2022 von physischen Aufklebervignetten auf ein vollst\u00e4ndig <strong>elektronisches System (E-Vinjeta)<\/strong> um. Kein Abkratzen alter Aufkleber mehr von der Windschutzscheibe! Das E-Vinjeta ist mit Ihrem Fahrzeugkennzeichen verkn\u00fcpft und in einer zentralen Datenbank registriert. Kamerasysteme entlang der Autobahnen \u00fcberpr\u00fcfen automatisch Ihren Vignettenstatus.   <\/p>\n\n<p>Das System wird von <strong>der DARS (Dru\u017eba za avtoceste v Republiki Sloveniji),<\/strong> dem staatlichen Autobahnunternehmen, verwaltet. Die E-Vinjeta ist auf allen Autobahnen (avtoceste) und Schnellstra\u00dfen (hitre ceste) erforderlich, jedoch nicht auf regul\u00e4ren Stra\u00dfen. <\/p>\n\n<h2 class=\"wp-block-heading\">\ud83d\udcb0 E-Vinjeta-Preise 2026<\/h2>\n\n<figure class=\"wp-block-table\"><table><thead><tr><th>Vignettentyp<\/th><th>Baureihe 2A (Wagen &lt;1,3 m)<\/th><th>Baureihe 2B (gr\u00f6\u00dfere Fahrzeuge)<\/th><\/tr><\/thead><tbody><tr><td><strong>7-Tage-Phase<\/strong><\/td><td>16 EUR<\/td><td>32 EUR<\/td><\/tr><tr><td><strong>30-Tage-Periode<\/strong><\/td><td>32 EUR<\/td><td>EUR 64<\/td><\/tr><tr><td><strong>J\u00e4hrliche Ausgabe<\/strong><\/td><td>117 EUR<\/td><td>234 EUR<\/td><\/tr><\/tbody><\/table><\/figure>\n\n<p><strong>Fahrzeugklassifizierung:<\/strong><\/p>\n\n<ul class=\"wp-block-list\">\n<li><strong>Klasse 2A:<\/strong> Fahrzeuge mit Achsh\u00f6he bis zu 1,30 m (die meisten Standardwagen)<\/li>\n<li><strong>Klasse 2B:<\/strong> Fahrzeuge mit einer Achsh\u00f6he zwischen 1,30 m und 1,60 m (gr\u00f6\u00dfere SUVs, kleine Vans)<\/li>\n<\/ul>\n\n<p><strong>Tipp:<\/strong> Wenn Sie sich bez\u00fcglich Ihrer Fahrzeugklasse unsicher sind, messen Sie die H\u00f6he vom Boden bis zur Mitte Ihres Vorderrads \u2013 das ist Ihre Achsh\u00f6he.<\/p>\n\n<h2 class=\"wp-block-heading\">\ud83d\uded2 Wo man die slowenische E-Vinjeta kaufen kann<\/h2>\n\n<h3 class=\"wp-block-heading\">Online (Empfohlen)<\/h3>\n\n<p>Der einfachste Weg zum Kauf ist online vor Ihrer Reise:<\/p>\n\n<ul class=\"wp-block-list\">\n<li><strong><a href=\"https:\/\/vignettego.com\/\">VignetteGo<\/a><\/strong> \u2013 Schnellkauf mit sofortiger Best\u00e4tigung<\/li>\n<li>Offizielle DARS-e-vinjeta.si-Website<\/li>\n<\/ul>\n\n<p>Vorteile des Online-Kaufs: kein Warten an Grenztankstellen, sofortige Aktivierung, digitale Best\u00e4tigung auf dem Handy.<\/p>\n\n<h3 class=\"wp-block-heading\">Physische Kaufpunkte<\/h3>\n\n<ul class=\"wp-block-list\">\n<li>Tankstellen (Benzin, OMV, MOL) in ganz Slowenien<\/li>\n<li>Grenz\u00fcberg\u00e4nge<\/li>\n<li>Post\u00e4mter<\/li>\n<li>Kundenzentren der DARS<\/li>\n<\/ul>\n\n<div style=\"height:25px\" aria-hidden=\"true\" class=\"wp-block-spacer\"><\/div>\n\n<div class=\"wp-block-buttons is-content-justification-center is-layout-flex wp-container-core-buttons-is-layout-a89b3969 wp-block-buttons-is-layout-flex\">\n<div class=\"wp-block-button\"><a class=\"wp-block-button__link wp-element-button\" href=\"https:\/\/vignettego.com\/\" style=\"background-color:#28a745;color:#ffffff;padding:15px 30px;font-size:18px;border-radius:8px;\">\u2705 Holen Sie sich Ihre europ\u00e4ischen Vignetten \u2013 8 L\u00e4nder \u2013 bei VignetteGo<\/a><\/div>\n<\/div>\n\n<div style=\"height:25px\" aria-hidden=\"true\" class=\"wp-block-spacer\"><\/div>\n\n<h2 class=\"wp-block-heading\">\ud83d\udee3\ufe0f Slowenisches Autobahnnetz<\/h2>\n\n<p>Das slowenische Autobahnnetz bildet ein charakteristisches Kreuzmuster, wobei Ljubljana das Zentrum bildet:<\/p>\n\n<h3 class=\"wp-block-heading\">A1 \u2013 \u0160entilj nach Koper (Nord-S\u00fcd)<\/h3>\n\n<p>Verl\u00e4uft von der <strong>\u00f6sterreichischen Grenze (\u0160entilj\/Spielfeld)<\/strong> \u00fcber Maribor und Ljubljana bis zur <strong>Adriak\u00fcste (Koper).<\/strong> Dies ist die Hauptroute von \u00d6sterreich zur kroatischen K\u00fcste \u00fcber Slowenien. Gesamtl\u00e4nge: etwa 173 km.  <\/p>\n\n<h3 class=\"wp-block-heading\">A2 \u2013 Karavanke bis Obre\u017eje (Ost-West)<\/h3>\n\n<p>Verbindet den <strong>Karavanke-Tunnel (\u00f6sterreichische Grenze)<\/strong> durch Ljubljana mit der <strong>kroatischen Grenze (Obre\u017eje)<\/strong> in Richtung Zagreb. Der Haupttransitkorridor von \u00d6sterreich nach Kroatien. Gesamtl\u00e4nge: etwa 173 km.  <\/p>\n\n<h3 class=\"wp-block-heading\">A3 \u2013 Umgehungsstra\u00dfe Ljubljana<\/h3>\n\n<p>Die Ringstra\u00dfe um Ljubljana, die die Autobahnen A1 und A2 verbindet. Unerl\u00e4sslich, um den Verkehr im Stadtzentrum zu vermeiden. <\/p>\n\n<h3 class=\"wp-block-heading\">A4 \u2013 Slivnica bis Gru\u0161kovje<\/h3>\n\n<p>Verbindet Maribor mit der kroatischen Grenze bei Gru\u0161kovje und f\u00fchrt als Alternative zur A2-Route weiter in Richtung Zagreb.<\/p>\n\n<h3 class=\"wp-block-heading\">A5 \u2013 Maribor bis ungarische Grenze<\/h3>\n\n<p>Verbindet Maribor mit Ungarn und ist f\u00fcr Reisende, die \u00fcber die ungarische M70 aus Budapest kommen, n\u00fctzlich.<\/p>\n\n<h2 class=\"wp-block-heading\">\ud83d\uddfa\ufe0f Beliebte Routen durch Slowenien<\/h2>\n\n<h3 class=\"wp-block-heading\">Wien nach Kroatische K\u00fcste (\u00fcber die A2)<\/h3>\n\n<p><strong>Strecke:<\/strong> Wien \u2192 Graz \u2192 Maribor \u2192 Ljubljana \u2192 Zagreb \u2192 Split\/Rijeka<\/p>\n\n<p>Die klassische Route von Mitteleuropa zur Adria. Sie ben\u00f6tigen: <a href=\"https:\/\/vignettego.com\/highway-vignette-europe\/de\/austria-highway-vignette-2026-vollstaendiger-digitaler-vignettenfuehrer\/\">\u00f6sterreichische Vignette<\/a> + slowenische E-Vinjeta + <a href=\"https:\/\/vignettego.com\/highway-vignette-europe\/de\/croatia-highway-vignette-2026-vollstaendiger-enc-digital-toll-guide\/\">kroatische Mautgeb\u00fchren<\/a>. <\/p>\n\n<h3 class=\"wp-block-heading\">M\u00fcnchen bis Kroatien K\u00fcste (\u00fcber Karavanke)<\/h3>\n\n<p><strong>Strecke:<\/strong> M\u00fcnchen \u2192 Salzburg \u2192 Villach \u2192 Karavanke-Tunnel \u2192 Ljubljana \u2192 Zagreb<\/p>\n\n<p>Beliebte Route aus Deutschland. Sie ben\u00f6tigen: \u00f6sterreichische Vignette + slowenische E-Vinjeta + kroatische Mautgeb\u00fchren. <\/p>\n\n<h3 class=\"wp-block-heading\">Budapest nach Ljubljana<\/h3>\n\n<p><strong>Strecke:<\/strong> Budapest \u2192 \u00fcber die M70 \u2192 Maribor \u2192 Ljubljana<\/p>\n\n<p>Direkter Weg von Ungarn. Sie ben\u00f6tigen: <a href=\"https:\/\/vignettego.com\/highway-vignette-europe\/de\/hungary-highway-vignette-2026-vollstaendiger-e-matrica-guide\/\">Ungarische E-Matrica<\/a> + Slowenische E-Vinjeta. <\/p>\n\n<div style=\"height:25px\" aria-hidden=\"true\" class=\"wp-block-spacer\"><\/div>\n\n<div class=\"wp-block-buttons is-content-justification-center is-layout-flex wp-container-core-buttons-is-layout-a89b3969 wp-block-buttons-is-layout-flex\">\n<div class=\"wp-block-button\"><a class=\"wp-block-button__link wp-element-button\" href=\"https:\/\/vignettego.com\/\" style=\"background-color:#ff6600;color:#ffffff;padding:15px 30px;font-size:18px;border-radius:8px;\">\ud83d\uded2 Bestellen Sie alle europ\u00e4ischen Vignetten bei VignetteGo<\/a><\/div>\n<\/div>\n\n<div style=\"height:25px\" aria-hidden=\"true\" class=\"wp-block-spacer\"><\/div>\n\n<h2 class=\"wp-block-heading\">\u26a0\ufe0f Wichtige E-Vinjeta-Regeln<\/h2>\n\n<h3 class=\"wp-block-heading\">Startzeit der G\u00fcltigkeit<\/h3>\n\n<p>Beim Online-Kauf k\u00f6nnen Sie einen <strong>zuk\u00fcnftigen Starttermin<\/strong> w\u00e4hlen. Die Vignette wird am ausgew\u00e4hlten Datum um 00:00 Uhr g\u00fcltig. Perfekt, um im Voraus zu planen!  <\/p>\n\n<h3 class=\"wp-block-heading\">Kennzeichenkennzeichen<\/h3>\n\n<p>Der E-Vinjeta ist genau auf Ihr <strong>Kennzeichen<\/strong> registriert. \u00dcberpr\u00fcfen Sie beim Kauf noch einmal auf Tippfehler! Fehler lassen sich nicht leicht korrigieren.  <\/p>\n\n<h3 class=\"wp-block-heading\">Geldstrafen wegen Nichteinhaltung<\/h3>\n\n<ul class=\"wp-block-list\">\n<li><strong>Standardstrafe:<\/strong> 300\u2013800 EUR f\u00fcr Personenkraftwagen<\/li>\n<li><strong>On-the-spot-Zahlung:<\/strong> Normalerweise ist es g\u00fcnstiger, wenn es sofort bezahlt wird<\/li>\n<li>Durchsetzung durch automatische Kamerasysteme (ANPR)<\/li>\n<\/ul>\n\n<h3 class=\"wp-block-heading\">Welche Stra\u00dfen ben\u00f6tigen eine Vignette?<\/h3>\n\n<p>Nur Stra\u00dfen, die mit dem Autobahnschild (gr\u00fcn mit wei\u00dfer &#8220;A&#8221;-Bezeichnung) gekennzeichnet sind, ben\u00f6tigen eine Vignette. Regul\u00e4re Stra\u00dfen (gelb markierte Nationalstra\u00dfen) sind kostenlos. <\/p>\n\n<h2 class=\"wp-block-heading\">\ud83d\udca1 Slowenien-Fahrtipps f\u00fcr 2026<\/h2>\n\n<h3 class=\"wp-block-heading\">Geschwindigkeitsbegrenzungen<\/h3>\n\n<ul class=\"wp-block-list\">\n<li><strong>Autobahnen:<\/strong> 130 km\/h<\/li>\n<li><strong>Schnellstra\u00dfen:<\/strong> 110 km\/h<\/li>\n<li><strong>Nationalstra\u00dfen:<\/strong> 90 km\/h<\/li>\n<li><strong>St\u00e4dtische Gebiete:<\/strong> 50 km\/h<\/li>\n<\/ul>\n\n<h3 class=\"wp-block-heading\">Erforderliche Ausr\u00fcstung<\/h3>\n\n<ul class=\"wp-block-list\">\n<li>Warndreieck<\/li>\n<li>Reflektierende Weste (im Fahrzeug, nicht im Kofferraum)<\/li>\n<li>Erste-Hilfe-Set<\/li>\n<li><strong>Scheinwerfer:<\/strong> Muss w\u00e4hrend der Fahrt jederzeit eingeschaltet sein<\/li>\n<li><strong>Winterausr\u00fcstung:<\/strong> 15. November bis 15. M\u00e4rz Winterreifen oder -ketten erforderlich<\/li>\n<\/ul>\n\n<h3 class=\"wp-block-heading\">Tipps zum Karavanke-Tunnel<\/h3>\n\n<p>Der Karavanke-Tunnel, der \u00d6sterreich und Slowenien verbindet, kann an Sommerwochenenden <strong>erhebliche Verz\u00f6gerungen<\/strong> haben. \u00dcberlegen Sie, fr\u00fchmorgens oder sp\u00e4t abends zu reisen. \u00dcberpr\u00fcfen Sie <a href=\"https:\/\/www.promet.si\/en\" target=\"_blank\" rel=\"noopener\">den Verkehrsstatus bei promet.si<\/a>.  <\/p>\n\n<h2 class=\"wp-block-heading\" id=\"faq-section\">\u2753 H\u00e4ufig gestellte Fragen<\/h2>\n\n<h3 class=\"wp-block-heading\">Kann ich normale Stra\u00dfen nutzen, um den Kauf einer Vignette zu vermeiden?<\/h3>\n\n<p>Technisch gesehen ja, aber es verl\u00e4ngert die Reisezeit deutlich. Zum Beispiel dauert Ljubljana nach Koper auf der Autobahn 1 Stunde im Vergleich zu 2+ Stunden auf normalen Stra\u00dfen. <\/p>\n\n<h3 class=\"wp-block-heading\">Brauchen Motorr\u00e4der eine Vignette?<\/h3>\n\n<p>Ja, Motorr\u00e4der (Klasse 1) ben\u00f6tigen eine eigene Vignettenkategorie zu reduzierten Preisen.<\/p>\n\n<h3 class=\"wp-block-heading\">Was ist, wenn ich in Slowenien ein Auto miete?<\/h3>\n\n<p>Die meisten Vermietungsunternehmen nehmen den E-Vinjeta in die Miete auf oder bieten ihn als Zusatz an. \u00dcberpr\u00fcfen Sie, bevor Sie das Fahrzeug abholen. <\/p>\n\n<h3 class=\"wp-block-heading\">Deckt der E-Vinjeta den Karavanke-Tunnel ab?<\/h3>\n\n<p>Ja, der Karavanke-Tunnel zwischen \u00d6sterreich und Slowenien wird auf slowenischer Seite von der slowenischen E-Vinjeta abgedeckt. F\u00fcr die \u00f6sterreichische Seite brauchst du au\u00dferdem eine \u00f6sterreichische Vignette. <\/p>\n\n<div style=\"height:25px\" aria-hidden=\"true\" class=\"wp-block-spacer\"><\/div>\n\n<div class=\"wp-block-buttons is-content-justification-center is-layout-flex wp-container-core-buttons-is-layout-a89b3969 wp-block-buttons-is-layout-flex\">\n<div class=\"wp-block-button\"><a class=\"wp-block-button__link wp-element-button\" href=\"https:\/\/vignettego.com\/\" style=\"background-color:#e91e63;color:#ffffff;padding:15px 30px;font-size:18px;border-radius:8px;\">\ud83d\ude97 Holen Sie sich Ihre europ\u00e4ischen Highway-Vignetten bei VignetteGo \u2192<\/a><\/div>\n<\/div>\n\n<div style=\"height:25px\" aria-hidden=\"true\" class=\"wp-block-spacer\"><\/div>\n\n<h2 class=\"wp-block-heading\">\ud83c\udfd4\ufe0f Warum Slowenien besuchen?<\/h2>\n\n<ul class=\"wp-block-list\">\n<li><strong>Lake Bled:<\/strong> Die ikonische Inselkirche in alpiner Umgebung<\/li>\n<li><strong>Ljubljana:<\/strong> Charmante Hauptstadt mit autofreier Altstadt<\/li>\n<li><strong>Postojna-H\u00f6hle:<\/strong> Eines der gr\u00f6\u00dften H\u00f6hlensysteme Europas<\/li>\n<li><strong>Julianische Alpen:<\/strong> Spektakul\u00e4re Berglandschaft, Nationalpark Triglav<\/li>\n<li><strong>Piran:<\/strong> Wundersch\u00f6ne venezianische K\u00fcstenstadt<\/li>\n<li><strong>So\u010da-Tal:<\/strong> Emerald River, perfekt f\u00fcr Abenteuersportarten<\/li>\n<li><strong>Weinregionen:<\/strong> Ausgezeichnete lokale Weine, besonders aus Gori\u0161ka Brda<\/li>\n<\/ul>\n\n<h2 class=\"wp-block-heading\">\ud83d\udccd Schlussfolgerung<\/h2>\n\n<p>Die slowenische Kompaktgr\u00f6\u00dfe macht es einfach, ihn mit dem Auto zu erkunden, und das E-Vinjeta-System ist einfach zu bedienen. Egal, ob Sie auf dem Weg nach Kroatien vorbeifahren oder die atemberaubenden Landschaften Sloweniens erkunden \u2013 die richtige Vignette sorgt f\u00fcr eine unkomplizierte Reise. <\/p>\n\n<p>F\u00fcr Mehrl\u00e4nder-Roadtrips kombinieren Sie Ihren slowenischen E-Vinjeta mit Vignetten aus <a href=\"https:\/\/vignettego.com\/highway-vignette-europe\/de\/austria-highway-vignette-2026-vollstaendiger-digitaler-vignettenfuehrer\/\">\u00d6sterreich<\/a>, <a href=\"https:\/\/vignettego.com\/highway-vignette-europe\/de\/hungary-highway-vignette-2026-vollstaendiger-e-matrica-guide\/\">Ungarn<\/a> und <a href=\"https:\/\/vignettego.com\/highway-vignette-europe\/de\/croatia-highway-vignette-2026-vollstaendiger-enc-digital-toll-guide\/\">Kroatien<\/a>. Sammeln Sie alle Ihre Vignetten an einem Ort bei <a href=\"https:\/\/vignettego.com\/\" title=\"VignetteGo &#x2013; Europ&#xE4;ische Stra&#xDF;envignetten\">VignetteGo<\/a>. <\/p>\n\n<p><strong>Viel Spa\u00df bei Slowenien! \ud83c\uddf8\ud83c\uddee\ud83c\udfd4\ufe0f <\/strong><\/p>\n\n<p><strong>Verwandte Leitf\u00e4den:<\/strong> <a href=\"https:\/\/vignettego.com\/highway-vignette-europe\/de\/austria-highway-vignette-2026-vollstaendiger-digitaler-vignettenfuehrer\/\">Austria Digital Vignette<\/a> | <a href=\"https:\/\/vignettego.com\/highway-vignette-europe\/de\/croatia-highway-vignette-2026-vollstaendiger-enc-digital-toll-guide\/\">Kroatien Mautf\u00fchrer<\/a> | <a href=\"https:\/\/vignettego.com\/\">Alle europ\u00e4ischen Vignetten<\/a><\/p>\n","protected":false},"excerpt":{"rendered":"<p>Slowenien mag klein sein, bietet aber eine unglaubliche Vielfalt an Landschaften \u2013 von den atemberaubenden Julischen Alpen und dem smaragdgr\u00fcnen Bled-See bis zur Mittelmeerk\u00fcste und den weiten Karsth\u00f6hlen. Dieses Alpenland ist ein wichtiges Transitland f\u00fcr Reisende, die zwischen Mitteleuropa und der Adria fahren. Dieser Leitfaden behandelt alles rund um die slowenische E-Vinjeta (elektronische Vignette) f\u00fcr [&hellip;]<\/p>\n","protected":false},"author":0,"featured_media":0,"parent":0,"menu_order":0,"comment_status":"closed","ping_status":"closed","template":"","meta":{"footnotes":""},"class_list":["post-587","page","type-page","status-publish","hentry"],"_links":{"self":[{"href":"https:\/\/vignettego.com\/highway-vignette-europe\/de\/wp-json\/wp\/v2\/pages\/587","targetHints":{"allow":["GET"]}}],"collection":[{"href":"https:\/\/vignettego.com\/highway-vignette-europe\/de\/wp-json\/wp\/v2\/pages"}],"about":[{"href":"https:\/\/vignettego.com\/highway-vignette-europe\/de\/wp-json\/wp\/v2\/types\/page"}],"replies":[{"embeddable":true,"href":"https:\/\/vignettego.com\/highway-vignette-europe\/de\/wp-json\/wp\/v2\/comments?post=587"}],"version-history":[{"count":4,"href":"https:\/\/vignettego.com\/highway-vignette-europe\/de\/wp-json\/wp\/v2\/pages\/587\/revisions"}],"predecessor-version":[{"id":1295,"href":"https:\/\/vignettego.com\/highway-vignette-europe\/de\/wp-json\/wp\/v2\/pages\/587\/revisions\/1295"}],"wp:attachment":[{"href":"https:\/\/vignettego.com\/highway-vignette-europe\/de\/wp-json\/wp\/v2\/media?parent=587"}],"curies":[{"name":"wp","href":"https:\/\/api.w.org\/{rel}","templated":true}]}}