{"id":173,"date":"2025-09-30T22:27:07","date_gmt":"2025-09-30T22:27:07","guid":{"rendered":"https:\/\/vignettego.com\/highway-vignette-europe\/schweizer-autobahnvignette-der-vollstaendige-leitfaden\/"},"modified":"2025-09-30T23:10:41","modified_gmt":"2025-09-30T23:10:41","slug":"schweizer-autobahnvignette-der-vollstaendige-leitfaden","status":"publish","type":"page","link":"https:\/\/vignettego.com\/highway-vignette-europe\/de\/schweizer-autobahnvignette-der-vollstaendige-leitfaden\/","title":{"rendered":"Schweizer Autobahnvignette: Der vollst\u00e4ndige Leitfaden"},"content":{"rendered":"\n<p><strong>Eine Fahrt durch die Schweiz ist eines der atemberaubendsten Stra\u00dfenerlebnisse in Europa<\/strong>.  <\/p>\n\n<p>Das Land ist ber\u00fchmt f\u00fcr seine tadellosen Stra\u00dfen, beeindruckenden Tunnel und malerischen Alpenlandschaften, die jede Reise unvergesslich machen.  <\/p>\n\n<p>Doch bevor Sie auf eine Schweizer Autobahn aufbrechen, m\u00fcssen Sie eine wichtige Voraussetzung kennen: die <strong>\n  <a href=\"https:\/\/vignettego.com\/\" data-type=\"link\" data-id=\"https:\/\/vignettego.com\/\">Schweizer Autobahnvignette<\/a>\n<\/strong>.<\/p>\n\n<div style=\"height:40px\" aria-hidden=\"true\" class=\"wp-block-spacer\"><\/div>\n\n<div class=\"wp-block-buttons is-content-justification-center is-layout-flex wp-container-core-buttons-is-layout-a89b3969 wp-block-buttons-is-layout-flex\">\n<div class=\"wp-block-button\"><a class=\"wp-block-button__link has-text-align-center wp-element-button\" href=\"https:\/\/vignettego.com\/\">Schweizer Vignette Schnell<\/a><\/div>\n<\/div>\n\n<div style=\"height:40px\" aria-hidden=\"true\" class=\"wp-block-spacer\"><\/div>\n\n<p>Dieser umfassende Leitfaden erkl\u00e4rt Ihnen alles, was Sie \u00fcber das Schweizer Autobahnmautsystem wissen m\u00fcssen &#8211; wie die Vignette funktioniert, wie viel sie kostet, wo Sie sie kaufen k\u00f6nnen, wie Sie Bu\u00dfgelder vermeiden und n\u00fctzliche Tipps f\u00fcr eine reibungslose und stressfreie Fahrt.  <\/p>\n\n<p>Ganz gleich, ob Sie eine Reise quer durch Europa planen oder einfach nur auf dem Weg nach Italien oder Frankreich durch die <strong>Schweiz<\/strong> fahren &#8211; wenn Sie das Vignettensystem verstehen, sparen Sie Zeit, Geld und m\u00f6glicherweise Kopfschmerzen.<\/p>\n\n<h2 class=\"wp-block-heading\">Was ist die Schweizer Autobahnvignette?<\/h2>\n\n<p><strong>Die Schweizer Autobahnvignette ist eine obligatorische Mautkarte, die f\u00fcr alle Fahrzeuge bis zu 3,5 Tonnen, einschlie\u00dflich Autos, Lieferwagen, Motorr\u00e4der und Wohnmobile, die Schweizer<em>Autobahnen<\/em> und<em>Schnellstra\u00dfen<\/em> benutzen, erforderlich ist.  <\/strong><\/p>\n\n<p>Im Gegensatz zu vielen europ\u00e4ischen L\u00e4ndern, die Mautgeb\u00fchren auf der Grundlage der zur\u00fcckgelegten Strecke oder bestimmter Stra\u00dfenabschnitte erheben, verwendet die Schweiz ein einfaches <strong>\n  <em>Jahresvignetten-System<\/em>\n<\/strong>. Die einmal gekaufte Vignette erlaubt f\u00fcr die Dauer ihrer G\u00fcltigkeit unbegrenzte Fahrten auf dem Autobahnnetz des Landes. <\/p>\n\n<p>Das System ist ganz einfach: Wenn Sie auf einer Autobahn fahren wollen, auch wenn es nur eine kurze Strecke ist, m\u00fcssen Sie eine g\u00fcltige <a href=\"https:\/\/vignettego.com\/\">Vignette<\/a> haben. Das Nichtvorzeigen einer Vignette kann zu erheblichen Geldstrafen f\u00fchren. <\/p>\n\n<h3 class=\"wp-block-heading\">Die wichtigsten Fakten auf einen Blick<\/h3>\n\n<ul class=\"wp-block-list\">\n<li>Obligatorisch f\u00fcr alle Fahrzeuge bis zu 3,5 Tonnen, die Autobahnen oder Schnellstra\u00dfen benutzen<\/li>\n\n\n\n<li>G\u00fcltig f\u00fcr das gesamte Schweizer Autobahnnetz &#8211; eine Vignette deckt alle Strecken ab<\/li>\n\n\n\n<li>J\u00e4hrliche Pauschalgeb\u00fchr statt kilometerabh\u00e4ngiger Mautgeb\u00fchren<\/li>\n\n\n\n<li>F\u00fcr Fahrzeuge \u00fcber 3,5 Tonnen wird eine separate Schwerverkehrsabgabe (LSVA) erhoben.<\/li>\n<\/ul>\n\n<h2 class=\"wp-block-heading\">Schweizer Vignettenpreis f\u00fcr 2026<\/h2>\n\n<p>Das Mautsystem der Schweiz ist erfrischend einfach. Es gibt nur eine Art von <em>Vignette<\/em> f\u00fcr Privatfahrzeuge, die ein ganzes Jahr lang g\u00fcltig ist: <\/p>\n\n<figure class=\"wp-block-table\"><table class=\"has-fixed-layout\"><thead><tr><th>Fahrzeugtyp<\/th><th>Preis<\/th><th>G\u00fcltigkeit<\/th><\/tr><\/thead><tbody><tr><td>Autos, Lieferwagen, Wohnmobile (\u2264 3,5 Tonnen)<\/td><td>CHF 40 (etwa \u20ac42)<\/td><td>1 Kalenderjahr (vom 1. Dezember bis zum 31. Januar des darauffolgenden Jahres)<\/td><\/tr><tr><td>Motorr\u00e4der<\/td><td>CHF 40 (etwa \u20ac42)<\/td><td>1 Kalenderjahr (vom 1. Dezember bis zum 31. Januar des darauffolgenden Jahres)<\/td><\/tr><\/tbody><\/table><\/figure>\n\n<p>Es gibt keine kurzfristigen Optionen wie 7-Tage- oder 1-Monats-P\u00e4sse. Auch wenn Sie nur f\u00fcr einen Tag ins Land kommen, m\u00fcssen Sie eine <a href=\"https:\/\/vignettego.com\/\">Jahresvignette<\/a> kaufen.   <\/p>\n\n<p>Das mag zwar f\u00fcr kurze Besuche teuer erscheinen, aber wenn Sie mehrere Reisen oder einen l\u00e4ngeren Aufenthalt planen, wird es sehr g\u00fcnstig.<\/p>\n\n<div style=\"height:40px\" aria-hidden=\"true\" class=\"wp-block-spacer\"><\/div>\n\n<h2 class=\"wp-block-heading\">Wo und wie Sie die Schweizer Vignette kaufen k\u00f6nnen<\/h2>\n\n<p>Sie k\u00f6nnen Ihre <strong>\n  <em>\n    <a href=\"https:\/\/vignettego.com\/\">Schweizer Autobahnvignette<\/a>\n  <\/em>\n<\/strong> auf zwei Arten erwerben: als traditionellen physischen Aufkleber oder als digitale Vignette, die mit dem Nummernschild Ihres Fahrzeugs verkn\u00fcpft ist. Beide Optionen sind g\u00fcltig und rechtlich anerkannt. <\/p>\n\n<h3 class=\"wp-block-heading\">1. Physikalische Aufkleber Vignette<\/h3>\n\n<p>Die traditionelle Vignette ist ein kleiner Aufkleber, der an der Windschutzscheibe Ihres Fahrzeugs angebracht werden muss. Sie ist nach wie vor eine beliebte Option f\u00fcr viele Autofahrer und in ganz Europa weit verbreitet. <\/p>\n\n<p><strong>Wo Sie die Aufkleber-Vignette kaufen k\u00f6nnen:<\/strong><\/p>\n\n<ul class=\"wp-block-list\">\n<li>An Schweizer Grenz\u00fcberg\u00e4ngen und Zollstellen<\/li>\n\n\n\n<li>An Tankstellen in der N\u00e4he der Schweizer Grenze (in Deutschland, \u00d6sterreich, Italien, Frankreich)<\/li>\n\n\n\n<li>Bei Schweizer Post\u00e4mtern und Automobilverb\u00e4nden<\/li>\n\n\n\n<li>Von Automobilclubs wie dem ADAC oder dem \u00d6AMTC<\/li>\n<\/ul>\n\n<div style=\"height:40px\" aria-hidden=\"true\" class=\"wp-block-spacer\"><\/div>\n\n<div class=\"wp-block-buttons is-content-justification-center is-layout-flex wp-container-core-buttons-is-layout-a89b3969 wp-block-buttons-is-layout-flex\">\n<div class=\"wp-block-button\"><a class=\"wp-block-button__link wp-element-button\" href=\"https:\/\/vignettego.com\/\">VignetteGO &#8211; Vignette schnell erhalten<\/a><\/div>\n<\/div>\n\n<div style=\"height:40px\" aria-hidden=\"true\" class=\"wp-block-spacer\"><\/div>\n\n<p><strong>Wie man sie anbringt:<\/strong> Ziehen Sie die Schutzschicht ab und kleben Sie die Vignette auf die Innenseite Ihrer Windschutzscheibe, vorzugsweise in die linke obere Ecke oder hinter den R\u00fcckspiegel. Einmal abgezogen, kann die Vignette nicht wiederverwendet oder auf ein anderes Fahrzeug \u00fcbertragen werden. <\/p>\n\n<h3 class=\"wp-block-heading\">2. Digitale Vignette (empfohlen)<\/h3>\n\n<p>Seit 2023 bietet die Schweiz eine <a href=\"https:\/\/vignettego.com\/\">digitale Vignette<\/a> an. Diese Version ist mit Ihrem Nummernschild verkn\u00fcpft und macht eine physische Vignette \u00fcberfl\u00fcssig. Das ist eine bequeme L\u00f6sung, vor allem f\u00fcr diejenigen, die h\u00e4ufig das Fahrzeug wechseln oder sich die M\u00fche des Anbringens und Entfernens der Vignette ersparen m\u00f6chten.  <\/p>\n\n<p><strong>Vorteile der digitalen Vignette:<\/strong><\/p>\n\n<ul class=\"wp-block-list\">\n<li>Schneller und einfacher Online-Kauf &#8211; schlie\u00dfen Sie den Vorgang in wenigen Minuten ab<\/li>\n\n\n\n<li>Sie m\u00fcssen nichts an Ihrer Windschutzscheibe anbringen oder entfernen.<\/li>\n\n\n\n<li>Kann leicht aktualisiert werden, wenn Sie Ihre Windschutzscheibe oder Ihr Nummernschild \u00e4ndern.<\/li>\n\n\n\n<li>Automatische Verl\u00e4ngerungsoptionen verf\u00fcgbar<\/li>\n<\/ul>\n\n<p><strong>Wo Sie es online kaufen k\u00f6nnen:<\/strong> Einer der einfachsten Wege ist \u00fcber die offizielle Schweizer Plattform oder \u00fcber vertrauensw\u00fcrdige Online-Anbieter. Wenn Sie Zeit sparen und Warteschlangen an der Grenze vermeiden m\u00f6chten, k\u00f6nnen Sie <a href=\"https:\/\/vignettego.com\/\" target=\"_blank\" rel=\"noreferrer noopener\">Ihre Schweizer Vignette hier in wenigen Minuten online kaufen<\/a>. <\/p>\n\n<p><a href=\"https:\/\/vignettego.com\/\" target=\"_blank\" rel=\"noreferrer noopener\">Kaufen Sie Ihre Schweizer Vignette jetzt online<\/a><\/p>\n\n<div style=\"height:40px\" aria-hidden=\"true\" class=\"wp-block-spacer\"><\/div>\n\n<h2 class=\"wp-block-heading\">Physisch oder digital: Was sollten Sie w\u00e4hlen?<\/h2>\n\n<p><strong>Beide Optionen bieten das gleiche Recht, die Schweizer Autobahnen zu benutzen, aber die digitale Vignette wird aufgrund ihrer Bequemlichkeit immer beliebter.  <\/strong><\/p>\n\n<p>Wenn Sie in der Schweiz ein Auto mieten, ist darin fast immer eine Vignette enthalten. Wenn Sie jedoch im Ausland ein Auto mieten und in die Schweiz einreisen m\u00f6chten, sollten Sie pr\u00fcfen, ob das Fahrzeug bereits eine Vignette hat &#8211; die meisten haben keine. <\/p>\n\n<p>Wenn Sie Flexibilit\u00e4t und Einfachheit sch\u00e4tzen, ist die digitale Vignette die bessere Wahl. Wenn Sie sie hingegen lieber vor Ort kaufen oder Ihre Kennzeichen nicht online eingeben m\u00f6chten, bleibt die physische Version eine sichere Option. <\/p>\n\n<h2 class=\"wp-block-heading\">G\u00fcltigkeitsdauer und Erneuerung<\/h2>\n\n<p>Ein weiterer Vorteil des Schweizer Systems ist seine gro\u00dfz\u00fcgige G\u00fcltigkeitsdauer. Jede Vignette ist 14 Monate lang g\u00fcltig, nicht nur 12. Das bedeutet, dass Sie sie f\u00fcr zwei Winter oder zwei Sommer nutzen k\u00f6nnen, wenn Sie Ihre Reisen klug planen.  <\/p>\n\n<ul class=\"wp-block-list\">\n<li><strong>Anfangsdatum:<\/strong> 1. Dezember des vorangegangenen Jahres<\/li>\n\n\n\n<li><strong>Enddatum:<\/strong> 31. Januar des folgenden Jahres<\/li>\n<\/ul>\n\n<p>Die Vignette 2026 ist zum Beispiel vom 1. Dezember 2024 bis zum 31. Januar 2026 g\u00fcltig. Wenn Sie sie fr\u00fchzeitig kaufen, erhalten Sie effektiv zwei zus\u00e4tzliche Monate ohne zus\u00e4tzliche Kosten. <\/p>\n\n<div style=\"height:40px\" aria-hidden=\"true\" class=\"wp-block-spacer\"><\/div>\n\n<div class=\"wp-block-buttons is-content-justification-center is-layout-flex wp-container-core-buttons-is-layout-a89b3969 wp-block-buttons-is-layout-flex\">\n<div class=\"wp-block-button\"><a class=\"wp-block-button__link wp-element-button\" href=\"https:\/\/vignettego.com\/\">E-Vignetten f\u00fcr Autobahnen<\/a><\/div>\n<\/div>\n\n<div style=\"height:40px\" aria-hidden=\"true\" class=\"wp-block-spacer\"><\/div>\n\n<h2 class=\"wp-block-heading\">Brauchen ausl\u00e4ndische Autofahrer eine Vignette?<\/h2>\n\n<p><strong>Ja. Die Vignettenpflicht gilt f\u00fcr alle Fahrzeuge, unabh\u00e4ngig davon, wo sie zugelassen sind.   <\/strong><\/p>\n\n<p>Wenn Sie aus einem Nachbarland in die Schweiz fahren, m\u00fcssen Sie vor oder unmittelbar nach der Einfahrt in das Autobahnnetz eine Vignette kaufen. Die Polizei kontrolliert h\u00e4ufig Fahrzeuge an Grenz\u00fcberg\u00e4ngen, Autobahnauffahrten und Rastst\u00e4tten. <\/p>\n\n<p>Auch wenn Sie nur f\u00fcr eine Stunde durch die Schweiz reisen, brauchen Sie eine Vignette. Der Versuch, ohne Vignette zu fahren, ist das Risiko nicht wert &#8211; die Bu\u00dfgelder sind hoch und die Durchsetzung ist streng. <\/p>\n\n<p><a href=\"https:\/\/vignettego.com\/\" target=\"_blank\" rel=\"noreferrer noopener\">Schweizer Vignette in Minutenschnelle kaufen<\/a><\/p>\n\n<div style=\"height:39px\" aria-hidden=\"true\" class=\"wp-block-spacer\"><\/div>\n\n<h2 class=\"wp-block-heading\">Bu\u00dfgelder und Strafen f\u00fcr Fahren ohne Vignette<\/h2>\n\n<p><strong>Das Fahren auf Schweizer Autobahnen ohne g\u00fcltige Vignette gilt als schweres Verkehrsdelikt.  <\/strong><\/p>\n\n<p>Die Beh\u00f6rden setzen die Vignettenpflicht strikt durch und verh\u00e4ngen hohe Geldstrafen, um Sie von der Nichteinhaltung abzuschrecken. Wenn Sie von der Polizei angehalten oder bei einer Stra\u00dfenkontrolle ohne Vignette erwischt werden, droht Ihnen ein Bu\u00dfgeld: <\/p>\n\n<ul class=\"wp-block-list\">\n<li>Eine Standard-Geldstrafe von <strong>CHF 200<\/strong> (etwa \u20ac 210)<\/li>\n\n\n\n<li>Unmittelbare Verpflichtung zum <a href=\"https:\/\/vignettego.com\/\">Kauf einer Vignette<\/a> an Ort und Stelle<\/li>\n<\/ul>\n\n<p>Es gibt keine Gnadenfrist und keine Ausnahmen. Die Pflicht beginnt in dem Moment, in dem Sie auf eine Autobahn oder Schnellstra\u00dfe auffahren. Selbst wenn Sie nur einen Kilometer ohne Vignette fahren, m\u00fcssen Sie mit dem vollen Bu\u00dfgeld rechnen.    <\/p>\n\n<p>Es ist erw\u00e4hnenswert, dass Bu\u00dfgelder nicht nur an den Grenz\u00fcberg\u00e4ngen verh\u00e4ngt werden, sondern auch tief im Land, wo stichprobenartige Stra\u00dfenkontrollen \u00fcblich sind.<\/p>\n\n<p>Da die Kosten f\u00fcr die Vignette im Vergleich zur Strafe so gering sind, ist es immer kl\u00fcger, sie im Voraus zu kaufen. Der Online-Kauf vor Ihrer Reise ist der einfachste Weg, um unn\u00f6tige Probleme zu vermeiden. <\/p>\n\n<p><a href=\"https:\/\/vignettego.com\/\" target=\"_blank\" rel=\"noreferrer noopener\">Kaufen Sie Ihre Schweizer Vignette und vermeiden Sie Geldbu\u00dfen<\/a><\/p>\n\n<div style=\"height:40px\" aria-hidden=\"true\" class=\"wp-block-spacer\"><\/div>\n\n<h2 class=\"wp-block-heading\">Besondere Mautgeb\u00fchren und Ausnahmen<\/h2>\n\n<p><strong>W\u00e4hrend die Vignette f\u00fcr 40 CHF fast das gesamte Schweizer Autobahnnetz abdeckt, gibt es einige Tunnels und Bergstrecken, f\u00fcr die zus\u00e4tzliche Mautgeb\u00fchren anfallen.  <\/strong><\/p>\n\n<p>Dabei handelt es sich in der Regel um langwierige, teure Infrastrukturprojekte, f\u00fcr die separate Wartungsgeb\u00fchren anfallen.<\/p>\n\n<figure class=\"wp-block-table\"><table class=\"has-fixed-layout\"><thead><tr><th>Route \/ Tunnel<\/th><th>Zus\u00e4tzliche Maut<\/th><th>Anmerkungen<\/th><\/tr><\/thead><tbody><tr><td>Gro\u00dfer St. Bernhard-Tunnel (Grenze zu Italien)<\/td><td>~CHF 30<\/td><td>Zahlbar an der Mautstelle oder online<\/td><\/tr><tr><td>Munt la Schera-Tunnel (nach Livigno, Italien)<\/td><td>~CHF 15-30<\/td><td>Saisonale Stra\u00dfe, Mautgeb\u00fchren variieren je nach Jahreszeit<\/td><\/tr><tr><td>San Bernardino Pass<\/td><td>Inklusive<\/td><td>Keine zus\u00e4tzliche Maut, aber wetterabh\u00e4ngig<\/td><\/tr><\/tbody><\/table><\/figure>\n\n<p>Fahrzeuge \u00fcber 3,5 Tonnen, wie schwere Wohnmobile, Lastwagen oder Busse, unterliegen der <strong>Schwerverkehrsabgabe (LSVA<\/strong>). Diese Steuer wird auf der Grundlage von Entfernung, Gewicht und Emissionskategorie berechnet und wird in der Regel separat \u00fcber Transportunternehmen oder bei den Zoll\u00e4mtern entrichtet. <\/p>\n\n<div style=\"height:40px\" aria-hidden=\"true\" class=\"wp-block-spacer\"><\/div>\n\n<div class=\"wp-block-buttons is-content-justification-center is-layout-flex wp-container-core-buttons-is-layout-a89b3969 wp-block-buttons-is-layout-flex\">\n<div class=\"wp-block-button\"><a class=\"wp-block-button__link wp-element-button\">Der vertrauensw\u00fcrdigste e-Vignetten-Service in Europa<\/a><\/div>\n<\/div>\n\n<div style=\"height:40px\" aria-hidden=\"true\" class=\"wp-block-spacer\"><\/div>\n\n<h2 class=\"wp-block-heading\">Fahrtipps f\u00fcr die Schweiz<\/h2>\n\n<p><strong>Die Schweiz ist bekannt f\u00fcr ihre strengen Verkehrsgesetze und ihre gut gepflegte Infrastruktur.  <\/strong><\/p>\n\n<p>Wenn Sie sich an die Regeln halten, sind Sie nicht nur sicher, sondern k\u00f6nnen auch teure Bu\u00dfgelder vermeiden. Hier sind einige n\u00fctzliche Tipps, bevor Sie auf die Stra\u00dfe gehen: <\/p>\n\n<ul class=\"wp-block-list\">\n<li><strong>Geschwindigkeitsbegrenzungen:<\/strong> 120 km\/h auf Autobahnen, 100 km\/h auf zweispurigen Stra\u00dfen, 80 km\/h auf Landstra\u00dfen, 50 km\/h in St\u00e4dten.<\/li>\n\n\n\n<li><strong>Winterreifen:<\/strong> Nicht gesetzlich vorgeschrieben, aber von November bis M\u00e4rz sehr empfehlenswert, besonders in den Bergregionen.<\/li>\n\n\n\n<li><strong>Lichter:<\/strong> Das Abblendlicht ist tags\u00fcber Pflicht.<\/li>\n\n\n\n<li><strong>Handys:<\/strong> Die Benutzung eines Telefons ohne Freisprecheinrichtung ist illegal und wird mit hohen Geldstrafen belegt.<\/li>\n\n\n\n<li><strong>Alkoholgrenze:<\/strong> 0,5\u2030 (niedriger f\u00fcr Fahranf\u00e4nger und Berufskraftfahrer).<\/li>\n\n\n\n<li><strong>Parken:<\/strong> Die Parkvorschriften werden streng eingehalten. Benutzen Sie immer die gekennzeichneten Parkpl\u00e4tze und halten Sie sich an die vorgeschriebenen Zeiten. <\/li>\n<\/ul>\n\n<p>Die Schweiz hat auch einige der landschaftlich reizvollsten Strecken Europas, wie den Furkapass, den Gotthardpass und die Berninastra\u00dfe.  <\/p>\n\n<p>Diese Stra\u00dfen sind zwar nicht vignettenpflichtig, wenn sie nicht Teil des Autobahnnetzes sind, aber im Winter sind sie oft wegen Schnees gesperrt, so dass Sie sich vor der Fahrt immer \u00fcber die saisonalen Bedingungen informieren sollten.<\/p>\n\n<div style=\"height:40px\" aria-hidden=\"true\" class=\"wp-block-spacer\"><\/div>\n\n<h2 class=\"wp-block-heading\">Alternative Strategien f\u00fcr Kurztrips<\/h2>\n\n<p>Wenn Sie eine Transitreise durch die Schweiz planen und Ihnen 40 CHF f\u00fcr eine kurze Reise zu viel sind, gibt es einige Alternativen &#8211; die allerdings jeweils mit Abstrichen verbunden sind:<\/p>\n\n<ul class=\"wp-block-list\">\n<li><strong>Benutzen Sie Nicht-Autobahnstra\u00dfen:<\/strong> Die mit blauen Schildern gekennzeichneten Stra\u00dfen sind kostenlos, aber sie sind langsamer und f\u00fchren oft durch St\u00e4dte und D\u00f6rfer.<\/li>\n\n\n\n<li><strong>Parken und fahren:<\/strong> Parken Sie Ihr Auto in Grenzn\u00e4he und reisen Sie mit dem Zug in die Schweiz. Das Schweizer Schienennetz ist schnell, zuverl\u00e4ssig und deckt selbst abgelegene Bergst\u00e4dte ab. <\/li>\n\n\n\n<li><strong>Machen Sie sie zu einem Teil Ihrer Reise:<\/strong> Wenn Sie ohnehin f\u00fcr die Vignette bezahlen, planen Sie Zwischenstopps in Schweizer St\u00e4dten oder Naturattraktionen ein, um mehr von Ihrem Besuch zu haben.<\/li>\n<\/ul>\n\n<p>Letztendlich ist die Vignette f\u00fcr 40 CHF ein kleiner Preis f\u00fcr unbegrenzten Zugang zu einem der besten Stra\u00dfennetze der Welt. F\u00fcr die meisten Reisenden ist es die Investition wert. <\/p>\n\n<div style=\"height:40px\" aria-hidden=\"true\" class=\"wp-block-spacer\"><\/div>\n\n<h2 class=\"wp-block-heading\">H\u00e4ufig gestellte Fragen (FAQs)<\/h2>\n\n<h3 class=\"wp-block-heading\">Brauche ich eine Vignette, wenn ich nur auf Nebenstra\u00dfen fahre?<\/h3>\n\n<p>Nein. Die Vignette ist nur f\u00fcr Autobahnen und Schnellstra\u00dfen erforderlich, die durch gr\u00fcne Schilder mit wei\u00dfen Zahlen gekennzeichnet sind. Die mit blauen Schildern gekennzeichneten Stra\u00dfen sind ohne Vignette frei befahrbar.  <\/p>\n\n<h3 class=\"wp-block-heading\">Kann ich meine Vignette auf ein anderes Fahrzeug \u00fcbertragen?<\/h3>\n\n<p>Nein. Sowohl die physischen als auch die digitalen Vignetten sind an ein bestimmtes Fahrzeug gebunden. Physische Vignetten werden zerst\u00f6rt, wenn sie entfernt werden, und digitale Vignetten sind mit dem beim Kauf eingegebenen Kennzeichen verkn\u00fcpft.  <\/p>\n\n<h3 class=\"wp-block-heading\">Was passiert, wenn ich mein Nummernschild \u00e4ndere?<\/h3>\n\n<p>Wenn Sie eine digitale Vignette haben, k\u00f6nnen Sie die Registrierungsdaten normalerweise online aktualisieren. F\u00fcr eine physische Vignette m\u00fcssen Sie eine neue Vignette kaufen. <\/p>\n\n<h3 class=\"wp-block-heading\">Sind die Mietwagen in der Schweiz bereits mit einer Vignette ausgestattet?<\/h3>\n\n<p>Bei den meisten Mietwagen, die Sie in der Schweiz anmieten, ist eine Vignette im Preis inbegriffen. Bei Fahrzeugen, die au\u00dferhalb der Schweiz gemietet werden, ist dies jedoch in der Regel nicht der Fall. Erkundigen Sie sich immer im Voraus bei der Mietwagenfirma.  <\/p>\n\n<h3 class=\"wp-block-heading\">Bietet die Schweiz Kurzzeitvignetten f\u00fcr Touristen an?<\/h3>\n\n<p>Nein. Im Gegensatz zu \u00d6sterreich oder Slowenien bietet die Schweiz nur eine Jahresvignette an. Selbst wenn Sie nur f\u00fcr einen Tag kommen, m\u00fcssen Sie die Jahreskarte kaufen.  <\/p>\n\n<div style=\"height:40px\" aria-hidden=\"true\" class=\"wp-block-spacer\"><\/div>\n\n<h2 class=\"wp-block-heading\">Abschlie\u00dfende \u00dcberlegungen: Eine kleine Investition f\u00fcr ein erstklassiges Fahrerlebnis<\/h2>\n\n<p>Die Schweizer Autobahnvignette ist eines der einfachsten und kosteng\u00fcnstigsten Mautsysteme in Europa. F\u00fcr eine Pauschalgeb\u00fchr von CHF 40 pro Jahr erhalten Sie unbegrenzten Zugang zu einem Stra\u00dfennetz, das sicher, schnell und landschaftlich reizvoll ist.   <\/p>\n\n<p>Die Bequemlichkeit, nicht an Mautstellen anhalten zu m\u00fcssen, und die Qualit\u00e4t der Schweizer Infrastruktur machen sie zu einem unverzichtbaren Bestandteil jeder Autoreise in der Region.<\/p>\n\n<p>Ganz gleich, ob Sie malerische Bergd\u00f6rfer erkunden, zu Weltklasse-Skigebieten fahren oder einfach nur das Land als Teil einer gr\u00f6\u00dferen Europareise durchqueren, die Vignette bietet Ihnen Sicherheit und ein stressfreies Erlebnis.  <\/p>\n\n<p><strong>Riskieren Sie keine Bu\u00dfgelder oder Versp\u00e4tungen &#8211; holen Sie sich Ihre Vignette, bevor Sie reisen, und genie\u00dfen Sie die Stra\u00dfen der Schweiz so, wie sie gedacht sind.<\/strong><\/p>\n\n<p><a href=\"https:\/\/vignettego.com\/\" target=\"_blank\" rel=\"noreferrer noopener\">Kaufen Sie Ihre Schweizer Vignette heute online<\/a><\/p>\n\n<p>Kaufen Sie Ihre offizielle Schweizer Autobahnvignette online bei <a href=\"https:\/\/vignettego.com\/\" target=\"_blank\" rel=\"noreferrer noopener\">VignetteGo<\/a> und seien Sie in wenigen Minuten bereit, auf die Stra\u00dfe zu gehen.<\/p>\n\n<div style=\"height:40px\" aria-hidden=\"true\" class=\"wp-block-spacer\"><\/div>\n\n<div class=\"wp-block-buttons is-content-justification-center is-layout-flex wp-container-core-buttons-is-layout-a89b3969 wp-block-buttons-is-layout-flex\">\n<div class=\"wp-block-button\"><a class=\"wp-block-button__link wp-element-button\" href=\"https:\/\/vignettego.com\/\">Versuchen Sie VignetteGO.com<\/a><\/div>\n<\/div>\n\n<div style=\"height:40px\" aria-hidden=\"true\" class=\"wp-block-spacer\"><\/div>\n\n<p><strong>TAGS:<\/strong><\/p>\n\n<p class=\"has-medium-font-size\">Schweizer Autobahnvignette, Schweiz Autobahnmaut, Schweizer Vignette online kaufen, Schweizer Kfz-Steuer 2026, Schweiz Fahrf\u00fchrer, Autobahnpass Schweiz, Schweizer <a href=\"https:\/\/vignettego.com\/\">Autobahnvignette, Digitale Vignette Schweiz<\/a>, Schweizer Mautstra\u00dfen erkl\u00e4rt, Schweiz Autoreisetipps, Schweiz Autoreise, Schweiz Fahrregeln, Vignette Kosten Schweiz, Wo kann man Schweizer Vignette kaufen, Schweizer Vignette Bu\u00dfgelder vermeiden, Schweizer Autobahnnetz, Jahresvignette Schweiz, Schweizer Autobahngenehmigung, Schweiz Reisen mit dem Auto<\/p>\n\n<p><\/p>\n","protected":false},"excerpt":{"rendered":"<p>Eine Fahrt durch die Schweiz ist eines der atemberaubendsten Stra\u00dfenerlebnisse in Europa. Das Land ist ber\u00fchmt f\u00fcr seine tadellosen Stra\u00dfen, beeindruckenden Tunnel und malerischen Alpenlandschaften, die jede Reise unvergesslich machen. Doch bevor Sie auf eine Schweizer Autobahn aufbrechen, m\u00fcssen Sie eine wichtige Voraussetzung kennen: die Schweizer Autobahnvignette . Dieser umfassende Leitfaden erkl\u00e4rt Ihnen alles, was [&hellip;]<\/p>\n","protected":false},"author":1,"featured_media":28,"parent":0,"menu_order":0,"comment_status":"closed","ping_status":"closed","template":"","meta":{"footnotes":""},"class_list":["post-173","page","type-page","status-publish","has-post-thumbnail","hentry"],"_links":{"self":[{"href":"https:\/\/vignettego.com\/highway-vignette-europe\/de\/wp-json\/wp\/v2\/pages\/173","targetHints":{"allow":["GET"]}}],"collection":[{"href":"https:\/\/vignettego.com\/highway-vignette-europe\/de\/wp-json\/wp\/v2\/pages"}],"about":[{"href":"https:\/\/vignettego.com\/highway-vignette-europe\/de\/wp-json\/wp\/v2\/types\/page"}],"author":[{"embeddable":true,"href":"https:\/\/vignettego.com\/highway-vignette-europe\/de\/wp-json\/wp\/v2\/users\/1"}],"replies":[{"embeddable":true,"href":"https:\/\/vignettego.com\/highway-vignette-europe\/de\/wp-json\/wp\/v2\/comments?post=173"}],"version-history":[{"count":1,"href":"https:\/\/vignettego.com\/highway-vignette-europe\/de\/wp-json\/wp\/v2\/pages\/173\/revisions"}],"predecessor-version":[{"id":175,"href":"https:\/\/vignettego.com\/highway-vignette-europe\/de\/wp-json\/wp\/v2\/pages\/173\/revisions\/175"}],"wp:featuredmedia":[{"embeddable":true,"href":"https:\/\/vignettego.com\/highway-vignette-europe\/de\/wp-json\/wp\/v2\/media\/28"}],"wp:attachment":[{"href":"https:\/\/vignettego.com\/highway-vignette-europe\/de\/wp-json\/wp\/v2\/media?parent=173"}],"curies":[{"name":"wp","href":"https:\/\/api.w.org\/{rel}","templated":true}]}}