{"id":717,"date":"2026-01-04T01:41:02","date_gmt":"2026-01-04T01:41:02","guid":{"rendered":"https:\/\/vignettego.com\/highway-vignette-europe\/bulgaria-highway-vignette-2026-komplet-guide-til-e-vignette\/"},"modified":"2026-01-04T12:39:18","modified_gmt":"2026-01-04T12:39:18","slug":"bulgaria-highway-vignette-2026-komplet-guide-til-e-vignette","status":"publish","type":"page","link":"https:\/\/vignettego.com\/highway-vignette-europe\/da\/bulgaria-highway-vignette-2026-komplet-guide-til-e-vignette\/","title":{"rendered":"Bulgaria Highway Vignette 2026: Komplet guide til e-vignette"},"content":{"rendered":"\n<script type=\"application\/ld+json\">{\n    \"@context\": \"https:\/\/schema.org\",\n    \"@graph\": [\n        {\n            \"@type\": \"Article\",\n            \"@id\": \"https:\/\/vignettego.com\/highway-vignette-europe\/bulgaria-highway-vignette-guide\/#article\",\n            \"headline\": \"Bulgaria Highway Vignette 2026: Complete E-Vignette Guide\",\n            \"description\": \"Everything about Bulgarian electronic highway vignettes (E-Vignette). Learn about the unique weekend vignette option, pricing, validity periods, motorway network, and how to avoid fines in Bulgaria.\",\n            \"image\": \"https:\/\/vignettego.com\/highway-vignette-europe\/wp-content\/uploads\/2026\/09\/Highway-Vignette-Europe.jpg\",\n            \"datePublished\": \"2026-01-04\",\n            \"dateModified\": \"2026-01-04\",\n            \"author\": {\"@type\": \"Organization\", \"name\": \"VignetteGo\", \"url\": \"https:\/\/vignettego.com\"},\n            \"publisher\": {\"@type\": \"Organization\", \"name\": \"VignetteGo\"},\n            \"mainEntityOfPage\": {\"@type\": \"WebPage\", \"@id\": \"https:\/\/vignettego.com\/highway-vignette-europe\/bulgaria-highway-vignette-guide\/\"},\n            \"articleSection\": \"Highway Vignettes\",\n            \"keywords\": [\"Bulgarian vignette\", \"E-Vignette Bulgaria\", \"Bulgaria highway toll\", \"Bulgarian motorway pass\", \"Bulgaria Autobahn toll\", \"weekend vignette Bulgaria\"],\n            \"inLanguage\": \"en\",\n            \"speakable\": {\"@type\": \"SpeakableSpecification\", \"cssSelector\": [\".article-intro\", \"#faq-section\"]}\n        },\n        {\n            \"@type\": \"BreadcrumbList\",\n            \"itemListElement\": [\n                {\"@type\": \"ListItem\", \"position\": 1, \"name\": \"VignetteGo\", \"item\": \"https:\/\/vignettego.com\/\"},\n                {\"@type\": \"ListItem\", \"position\": 2, \"name\": \"Highway Vignette Europe\", \"item\": \"https:\/\/vignettego.com\/highway-vignette-europe\/\"},\n                {\"@type\": \"ListItem\", \"position\": 3, \"name\": \"Bulgaria Guide\", \"item\": \"https:\/\/vignettego.com\/highway-vignette-europe\/bulgaria-highway-vignette-guide\/\"}\n            ]\n        },\n        {\n            \"@type\": \"FAQPage\",\n            \"mainEntity\": [\n                {\"@type\": \"Question\", \"name\": \"How much does the Bulgarian highway vignette cost?\", \"acceptedAnswer\": {\"@type\": \"Answer\", \"text\": \"The Bulgarian e-vignette costs approximately BGN 15 (~EUR 7.50) for 7 days, BGN 30 (~EUR 15) for one month, and BGN 97 (~EUR 50) for one year. There is also a unique weekend vignette for BGN 10 (~EUR 5).\"}},\n                {\"@type\": \"Question\", \"name\": \"What is the Bulgarian weekend vignette?\", \"acceptedAnswer\": {\"@type\": \"Answer\", \"text\": \"Bulgaria offers a unique weekend vignette valid from Friday 12:00 to Sunday 23:59 for just BGN 10 (~EUR 5). Perfect for quick beach trips to the Black Sea coast.\"}},\n                {\"@type\": \"Question\", \"name\": \"Can I buy Bulgarian e-vignette online?\", \"acceptedAnswer\": {\"@type\": \"Answer\", \"text\": \"Yes, you can purchase the Bulgarian e-vignette online through VignetteGo or the official bgtoll.bg website. The vignette is valid immediately after purchase.\"}},\n                {\"@type\": \"Question\", \"name\": \"What are the fines for driving without a vignette in Bulgaria?\", \"acceptedAnswer\": {\"@type\": \"Answer\", \"text\": \"Driving without a valid e-vignette in Bulgaria can result in fines of BGN 300 (~EUR 150) for first offenses, and up to BGN 3,000 (~EUR 1,500) for repeat violations.\"}},\n                {\"@type\": \"Question\", \"name\": \"Which roads require a vignette in Bulgaria?\", \"acceptedAnswer\": {\"@type\": \"Answer\", \"text\": \"All Bulgarian motorways (avtomaistrali) and first-class national roads require a valid e-vignette. This includes the A1 Trakiya, A2 Hemus, and A3 Struma motorways.\"}}\n            ]\n        }\n    ]\n}\n<\/script>\n\n<figure class=\"wp-block-image aligncenter size-large\"><img decoding=\"async\" src=\"https:\/\/vignettego.com\/highway-vignette-europe\/wp-content\/uploads\/2026\/09\/Highway-Vignette-Europe.jpg\" alt=\"Bulgarsk E-Vignette 2026 - Komplet guide til elektroniske motorvejsvignetter i Bulgarien\" style=\"width:100%; height:auto; margin-bottom:20px;\"\/><\/figure>\n\n<p class=\"article-intro\">Planl\u00e6gger du en roadtrip til Bulgarien i 2026? Uanset om du tager til de solrige strande ved Sortehavet, udforsker gamle thrakiske ruiner, opdager Sofias livlige kultur eller st\u00e5r p\u00e5 ski i de fantastiske bjergresorts, er det essentielt at forst\u00e5 det bulgarske vejafgiftssystem. Bulgarien driver et fuldt <strong>elektronisk vignettesystem (e-vignette)<\/strong> med nogle unikke muligheder, herunder en budgetvenlig <strong>weekendvignette<\/strong>\u2014perfekt til hurtige ferier. Denne omfattende guide d\u00e6kker alt, hvad du beh\u00f8ver at vide om bulgarske betalingsveje, priss\u00e6tning, k\u00f8bsmuligheder og hvordan du undg\u00e5r dyre b\u00f8der.   <\/p>\n\n<div style=\"height:25px\" aria-hidden=\"true\" class=\"wp-block-spacer\"><\/div>\n\n<div class=\"wp-block-buttons is-content-justification-center is-layout-flex wp-container-core-buttons-is-layout-a89b3969 wp-block-buttons-is-layout-flex\">\n<div class=\"wp-block-button\"><a class=\"wp-block-button__link wp-element-button\" href=\"https:\/\/vignettego.com\/\" style=\"background-color:#0066cc;color:#ffffff;padding:15px 30px;font-size:18px;border-radius:8px;\">\ud83d\ude97 F\u00e5 din bulgarske e-vignette p\u00e5 VignetteGo<\/a><\/div>\n<\/div>\n\n<div style=\"height:25px\" aria-hidden=\"true\" class=\"wp-block-spacer\"><\/div>\n\n<h2 class=\"wp-block-heading\">\ud83c\udde7\ud83c\uddec Hvad er den bulgarske e-vignette?<\/h2>\n\n<p>Bulgarien overgik til et fuldt <strong>elektronisk betalingssystem<\/strong> for personbiler i 2019, hvilket eliminerede behovet for fysiske klisterm\u00e6rker. Den <strong>bulgarske e-vignette<\/strong> (bulgarsk: \u0435\u043b\u0435\u043a\u0442\u0440\u043e\u043d\u043d\u0430 \u0432\u0438\u043d\u0435\u0442\u043a\u0430) er en digital autorisation, der tillader dit k\u00f8ret\u00f8j at benytte betalingsveje over hele landet. Dit nummerpladenummer er registreret i en central database og verificeres automatisk af overv\u00e5gningskameraer placeret langs alle betalingsveje.  <\/p>\n\n<p>Systemet administreres af <strong>Road Infrastructure Agency (RIA)<\/strong> via den officielle bgtoll.bg-portal. E-vignette-systemet tilbyder flere fordele i forhold til det gamle fysiske klisterm\u00e6rkesystem: ingen behov for at vise noget p\u00e5 forruden, \u00f8jeblikkelig aktivering, nem online k\u00f8b og ingen risiko for skade eller tyveri p\u00e5 klisterm\u00e6rket. <\/p>\n\n<h2 class=\"wp-block-heading\">\ud83d\udccb Bulgarsk E-Vignette Prisfasts\u00e6ttelse 2026<\/h2>\n\n<p>Bulgarien tilbyder nogle af de mest overkommelige motorvejsafgifter i Europa med flere gyldighedsmuligheder, der passer til forskellige rejsebehov. Her er den komplette prisstruktur for 2026: <\/p>\n\n<figure class=\"wp-block-table\"><table><thead><tr><th>Gyldighedsperiode<\/th><th>Kategori 3 (Biler op til 3,5 ton)<\/th><th>Kategori 2 (Motorcykler)<\/th><th>Ca. EUR <\/th><\/tr><\/thead><tbody><tr><td><strong>\ud83c\udf89 Weekend<\/strong><\/td><td>BGN 10<\/td><td>BGN 5<\/td><td>~EUR 5<\/td><\/tr><tr><td><strong>7 dage<\/strong><\/td><td>BGN 15<\/td><td>BGN 8<\/td><td>~EUR 7,50<\/td><\/tr><tr><td><strong>1 m\u00e5ned<\/strong><\/td><td>BGN 30<\/td><td>BGN 15<\/td><td>~EUR 15<\/td><\/tr><tr><td><strong>3 m\u00e5neder<\/strong><\/td><td>BGN 54<\/td><td>BGN 27<\/td><td>~EUR 27<\/td><\/tr><tr><td><strong>\u00c5rlig<\/strong><\/td><td>BGN 97<\/td><td>BGN 50<\/td><td>~EUR 50<\/td><\/tr><\/tbody><\/table><\/figure>\n\n<h3 class=\"wp-block-heading\">\ud83c\udf89 Den unikke weekendvignette<\/h3>\n\n<p>Bulgarien er et af de f\u00e5 europ\u00e6iske lande, der tilbyder <strong>en weekendvignette<\/strong> \u2013 en fremragende mulighed for hurtige udflugter! Denne s\u00e6rlige vignette g\u00e6lder fra <strong>fredag kl. 12:00 til s\u00f8ndag kl. 23:59<\/strong>, perfekt til weekendture til Sortehavskysten eller bjergresorts. Til kun 10 BGN (ca. 5 EUR) tilbyder den enest\u00e5ende v\u00e6rdi for korte ture.  <\/p>\n\n<div style=\"height:25px\" aria-hidden=\"true\" class=\"wp-block-spacer\"><\/div>\n\n<div class=\"wp-block-buttons is-content-justification-center is-layout-flex wp-container-core-buttons-is-layout-a89b3969 wp-block-buttons-is-layout-flex\">\n<div class=\"wp-block-button\"><a class=\"wp-block-button__link wp-element-button\" href=\"https:\/\/vignettego.com\/\" style=\"background-color:#28a745;color:#ffffff;padding:15px 30px;font-size:18px;border-radius:8px;\">\u2705 F\u00e5 europ\u00e6iske vignetter for 8 lande p\u00e5 VignetteGo<\/a><\/div>\n<\/div>\n\n<div style=\"height:25px\" aria-hidden=\"true\" class=\"wp-block-spacer\"><\/div>\n\n<h2 class=\"wp-block-heading\">\ud83d\udee3\ufe0f Bulgarsk motorvejsnet<\/h2>\n\n<p>Bulgarien har hurtigt udvidet sit motorvejsnet i de senere \u00e5r. Her er hovedvejene, hvor du skal bruge en gyldig e-vignette: <\/p>\n\n<h3 class=\"wp-block-heading\">A1 Trakiya-motorvejen (\u0410\u0432\u0442\u043e\u043c\u0430\u0433\u0438\u0441\u0442\u0440\u0430\u043b\u0430 \u0422\u0440\u0430\u043a\u0438\u044f)<\/h3>\n\n<p>Den vigtigste motorvej i Bulgarien, der forbinder <strong>Sofia med Burgas<\/strong> ved Sortehavskysten via Plovdiv. Total l\u00e6ngde: cirka 360 km. Dette er hovedruten for strandferieg\u00e6ster, der tager til popul\u00e6re resorts som Sunny Beach, Nessebar og Sozopol. Motorvejen passerer gennem den smukke Thrakiske Dal og byder p\u00e5 natursk\u00f8nne udsigter over Balkan- og Rhodopbjergene.   <\/p>\n\n<h3 class=\"wp-block-heading\">A2 Hemus-motorvejen (\u0410\u0432\u0442\u043e\u043c\u0430\u0433\u0438\u0441\u0442\u0440\u0430\u043b\u0430 \u0425\u0435\u043c\u0443\u0441)<\/h3>\n\n<p>Forbinder <strong>Sofia med Varna<\/strong>, Bulgariens n\u00e6stst\u00f8rste by og en stor havn ved Sortehavet. Er i \u00f8jeblikket under opf\u00f8relse p\u00e5 nogle sektioner, men n\u00e5r den er f\u00e6rdig, vil den v\u00e6re cirka 430 km. Ruten passerer gennem den historiske by Veliko Tarnovo. Dette er den foretrukne rute for rejsende p\u00e5 vej til Golden Sands, Albena og andre nordlige feriesteder ved Sortehavet.   <\/p>\n\n<h3 class=\"wp-block-heading\">A3 Struma-motorvejen (\u0410\u0432\u0442\u043e\u043c\u0430\u0433\u0438\u0441\u0442\u0440\u0430\u043b\u0430 \u0421\u0442\u0440\u0443\u043c\u0430)<\/h3>\n\n<p>L\u00f8ber fra <strong>Sofia til den gr\u00e6ske gr\u00e6nse<\/strong> via Blagoevgrad og f\u00f8lger Struma-floddalen. Cirka 150 km f\u00e6rdiggjort. Denne motorvej er uundv\u00e6rlig for rejsende p\u00e5 vej til Gr\u00e6kenland eller de sydvestlige bulgarske bjerge, herunder det popul\u00e6re skisportssted Bansko.  <\/p>\n\n<h3 class=\"wp-block-heading\">A4 Maritsa Motorvej (\u0410\u0432\u0442\u043e\u043c\u0430\u0433\u0438\u0441\u0442\u0440\u0430\u043b\u0430 \u041c\u0430\u0440\u0438\u0446\u0430)<\/h3>\n\n<p>Forbinder <strong>Plovdiv med den tyrkiske gr\u00e6nse<\/strong> ved Kapitan Andreevo. Cirka 117 km. Dette er hovedruten for rejsende p\u00e5 vej til Istanbul og Tyrkiet.  <\/p>\n\n<h2 class=\"wp-block-heading\">\ud83d\udcbb S\u00e5dan k\u00f8ber du bulgarsk e-vignette<\/h2>\n\n<p>Det er nemt at k\u00f8be en bulgarsk e-vignette. Her er dine muligheder: <\/p>\n\n<h3 class=\"wp-block-heading\">Mulighed 1: Online via VignetteGo (Anbefalet)<\/h3>\n\n<ol class=\"wp-block-list\">\n<li>Bes\u00f8g <a href=\"https:\/\/vignettego.com\/\" title=\"K&#xF8;b bulgarsk e-vignette online\">VignetteGo.com<\/a><\/li>\n<li>V\u00e6lg Bulgarien og din \u00f8nskede gyldighedsperiode<\/li>\n<li>Indtast dine k\u00f8ret\u00f8jsregistreringsoplysninger (nummerplade)<\/li>\n<li>Fuldst\u00e6ndig sikker betaling<\/li>\n<li>F\u00e5 \u00f8jeblikkelig bekr\u00e6ftelse \u2013 din vignette er straks gyldig!<\/li>\n<\/ol>\n\n<p><strong>Fordele ved VignetteGo:<\/strong> Flersprogssupport, nem gr\u00e6nseflade, mulighed for at k\u00f8be vignetter til flere europ\u00e6iske lande i \u00e9n transaktion, 24\/7 kundesupport og \u00f8jeblikkelig digital levering.<\/p>\n\n<h3 class=\"wp-block-heading\">Mulighed 2: Officiel bgtoll.bg hjemmeside<\/h3>\n\n<p>Den officielle bulgarske betalingsvejsportal p\u00e5 bgtoll.bg tilbyder direkte k\u00f8b. Tilg\u00e6ngelig p\u00e5 bulgarsk og engelsk. <\/p>\n\n<h3 class=\"wp-block-heading\">Mulighed 3: Fysiske salgssteder<\/h3>\n\n<p>E-vignetter kan ogs\u00e5 k\u00f8bes p\u00e5:<\/p>\n\n<ul class=\"wp-block-list\">\n<li>Gr\u00e6nseovergange<\/li>\n<li>Tankstationer over hele Bulgarien<\/li>\n<li>Postkontorer<\/li>\n<li>OMV, Shell og Lukoil stationer<\/li>\n<\/ul>\n\n<div style=\"height:25px\" aria-hidden=\"true\" class=\"wp-block-spacer\"><\/div>\n\n<div class=\"wp-block-buttons is-content-justification-center is-layout-flex wp-container-core-buttons-is-layout-a89b3969 wp-block-buttons-is-layout-flex\">\n<div class=\"wp-block-button\"><a class=\"wp-block-button__link wp-element-button\" href=\"https:\/\/vignettego.com\/\" style=\"background-color:#ff6600;color:#ffffff;padding:15px 30px;font-size:18px;border-radius:8px;\">\ud83d\uded2 K\u00f8b bulgarsk e-vignette nu \u2013 \u00f8jeblikkelig levering<\/a><\/div>\n<\/div>\n\n<div style=\"height:25px\" aria-hidden=\"true\" class=\"wp-block-spacer\"><\/div>\n\n<h2 class=\"wp-block-heading\">\u26a0\ufe0f B\u00f8der for k\u00f8rsel uden vignette i Bulgarien<\/h2>\n\n<p>De bulgarske myndigheder tager overtr\u00e6delser af vejafgifter alvorligt. Hvis du bliver taget i at k\u00f8re p\u00e5 betalingsveje uden en gyldig e-vignette, risikerer du betydelige sanktioner: <\/p>\n\n<ul class=\"wp-block-list\">\n<li><strong>F\u00f8rste forseelse:<\/strong> 300 BGN (~EUR 150)<\/li>\n<li><strong>Gentagne overtr\u00e6delser:<\/strong> Op til 3.000 BGN (~EUR 1.500)<\/li>\n<li><strong>Erhvervsk\u00f8ret\u00f8jer:<\/strong> H\u00f8jere b\u00f8der g\u00e6lder<\/li>\n<\/ul>\n\n<p><strong>Vigtigt:<\/strong> H\u00e5ndh\u00e6velsen sker automatisk via kameraer, der l\u00e6ser nummerplader. Du bliver m\u00e5ske ikke stoppet med det samme\u2014b\u00f8der kan udstedes dage eller uger efter overtr\u00e6delsen og kan sendes til dit hjemland. Med en weekendvignette, der kun koster 5 EUR, er der absolut ingen grund til at risikere en b\u00f8de p\u00e5 150+ EUR!  <\/p>\n\n<h2 class=\"wp-block-heading\">\ud83d\uddfa\ufe0f Popul\u00e6re bulgarske roadtrip-ruter<\/h2>\n\n<h3 class=\"wp-block-heading\">Sofia til Sunny Beach \/ Burgas (Sortehavskysten)<\/h3>\n\n<p><strong>Distance:<\/strong> ~400 km | <strong>Varighed:<\/strong> 4-4,5 timer | <strong>Rute:<\/strong> A1 Trakiya-motorvejen<\/p>\n\n<p>Den mest popul\u00e6re rute til strandferier. Motorvejen A1 tilbyder fremragende vejforhold hele vejen til kysten. Stop i <strong>Plovdiv<\/strong> undervejs for at udforske en af Europas \u00e6ldste kontinuerligt beboede byer med dens smukke gamle bydel og romerske amfiteater.  <\/p>\n\n<h3 class=\"wp-block-heading\">Sofia til Varna \/ Gyldne Sand<\/h3>\n\n<p><strong>Afstand:<\/strong> ~450 km | <strong>Varighed:<\/strong> 5-6 timer | <strong>Rute:<\/strong> A2 Hemus (delvist) + E85<\/p>\n\n<p>Tag til Bulgariens nordlige Sortehavskyst og ferieomr\u00e5derne omkring Varna. Overvej at stoppe i <strong>Veliko Tarnovo<\/strong>, middelalderhovedstaden med sin imponerende Tsarevets-f\u00e6stning. <\/p>\n\n<h3 class=\"wp-block-heading\">Sofia til Bansko (skisportssted)<\/h3>\n\n<p><strong>Afstand:<\/strong> ~160 km | <strong>Varighed:<\/strong> 2-2,5 timer | <strong>Rute:<\/strong> A3 Struma + lokale veje<\/p>\n\n<p>Bulgariens bedste skisportssted tilbyder fremragende pister og betydeligt lavere priser end vesteurop\u00e6iske skisportssteder. Den charmerende gamle bydel i Bansko byder p\u00e5 traditionelle v\u00e6rtshuse (mehanas) med levende folkemusik. <\/p>\n\n<h3 class=\"wp-block-heading\">Sofia til Plovdiv<\/h3>\n\n<p><strong>Afstand:<\/strong> ~150 km | <strong>Varighed:<\/strong> 1,5-2 timer | <strong>Rute:<\/strong> A1 Trakiya<\/p>\n\n<p>En hurtig tur til Bulgariens n\u00e6stst\u00f8rste by og Europas kulturhovedstad i 2019. G\u00e5 ikke glip af det romerske stadion, det antikke teater og den farverige gamle bydel. <\/p>\n\n<div style=\"height:25px\" aria-hidden=\"true\" class=\"wp-block-spacer\"><\/div>\n\n<div class=\"wp-block-buttons is-content-justification-center is-layout-flex wp-container-core-buttons-is-layout-a89b3969 wp-block-buttons-is-layout-flex\">\n<div class=\"wp-block-button\"><a class=\"wp-block-button__link wp-element-button\" href=\"https:\/\/vignettego.com\/\" style=\"background-color:#9c27b0;color:#ffffff;padding:15px 30px;font-size:18px;border-radius:8px;\">\ud83c\udf0d Planl\u00e6g din europ\u00e6iske roadtrip med VignetteGo<\/a><\/div>\n<\/div>\n\n<div style=\"height:25px\" aria-hidden=\"true\" class=\"wp-block-spacer\"><\/div>\n\n<h2 class=\"wp-block-heading\">\ud83d\udca1 Tips til bilk\u00f8rsel i Bulgarien for 2026<\/h2>\n\n<h3 class=\"wp-block-heading\">Valuta og betalinger<\/h3>\n\n<p>Bulgarien bruger den <strong>bulgarske Lev (BGN).<\/strong> Selvom Bulgarien er EU-medlem, har landet endnu ikke indf\u00f8rt euroen. Kreditkort accepteres bredt p\u00e5 tankstationer og i byer, men medf\u00f8rer noget kontanter til mindre virksomheder og afgifter ved fysiske k\u00f8bssteder. Valutakurs: cirka 1 EUR = 1,95 BGN.   <\/p>\n\n<h3 class=\"wp-block-heading\">Hastighedsgr\u00e6nser<\/h3>\n\n<ul class=\"wp-block-list\">\n<li><strong>Motorveje:<\/strong> 140 km\/t<\/li>\n<li><strong>Hovedveje uden for byerne:<\/strong> 90 km\/t<\/li>\n<li><strong>Byomr\u00e5der:<\/strong> 50 km\/t<\/li>\n<li><strong>Beboelsesomr\u00e5der:<\/strong> 20-30 km\/t<\/li>\n<\/ul>\n\n<p><strong>Bem\u00e6rk:<\/strong> Fartkameraer er almindelige p\u00e5 bulgarske motorveje. B\u00f8der for fartoverskridelse kan v\u00e6re betydelige. <\/p>\n\n<h3 class=\"wp-block-heading\">Br\u00e6ndstofpriser<\/h3>\n\n<p>Bulgarien har nogle af de laveste br\u00e6ndstofpriser i EU, hvilket g\u00f8r det til et overkommeligt land for roadtrips. De vigtigste br\u00e6ndstofk\u00e6der omfatter OMV, Shell, Lukoil og Petrol. <\/p>\n\n<h3 class=\"wp-block-heading\">Vejforhold<\/h3>\n\n<p>Motorveje er generelt i fremragende stand. Sekund\u00e6re veje varierer i kvalitet \u2013 nogle bjergveje kan v\u00e6re udfordrende, is\u00e6r om vinteren. Vinterd\u00e6k er obligatoriske fra 15. november til 1. marts.  <\/p>\n\n<h2 class=\"wp-block-heading\" id=\"faq-section\">\u2753 Ofte stillede sp\u00f8rgsm\u00e5l<\/h2>\n\n<h3 class=\"wp-block-heading\">Hvor l\u00e6nge er den bulgarske e-vignette gyldig?<\/h3>\n\n<p>Gyldigheden afh\u00e6nger af den type, du k\u00f8ber: weekend (fredag middag til s\u00f8ndag midnat), 7 dage, 1 m\u00e5ned, 3 m\u00e5neder eller \u00e5rligt. Vignetten bliver gyldig straks ved k\u00f8b eller fra en angivet startdato. <\/p>\n\n<h3 class=\"wp-block-heading\">Kan jeg bruge den bulgarske vignette i andre lande?<\/h3>\n\n<p>Nej, den bulgarske e-vignette er kun gyldig i Bulgarien. For rejser gennem flere lande, bes\u00f8g <a href=\"https:\/\/vignettego.com\/\" title=\"Europ&#xE6;iske motorvejsvignetter\">VignetteGo<\/a> for at k\u00f8be vignetter for alle lande p\u00e5 din rute. <\/p>\n\n<h3 class=\"wp-block-heading\">Hvad hvis jeg indtaster det forkerte nummerpladenummer?<\/h3>\n\n<p>Dobbelttjek dine registreringsoplysninger, f\u00f8r du bekr\u00e6fter k\u00f8bet. Hvis du laver en fejl, kan du v\u00e6re n\u00f8dt til at k\u00f8be en ny vignette\u2014refusion for forkerte data er generelt ikke mulig. <\/p>\n\n<h3 class=\"wp-block-heading\">Findes der nogen gratis alternativer i Bulgarien?<\/h3>\n\n<p>Ja, du kan benytte sekund\u00e6re veje (klasse II og III) uden vignette, men disse er langsommere og ofte i d\u00e5rligere stand. For enhver meningsfuld distance er motorvejene med vignette betydeligt hurtigere og sikrere. <\/p>\n\n<h3 class=\"wp-block-heading\">Skal jeg bruge noget andet for at k\u00f8re i Bulgarien?<\/h3>\n\n<p>Udover e-vignetten skal du sikre dig, at du har: gyldigt k\u00f8rekort, k\u00f8ret\u00f8jsregistreringsbevis, forsikringsbevis (Green Card), advarselstrekant, f\u00f8rstehj\u00e6lpskit og refleksvest. Forlygterne skal v\u00e6re t\u00e6ndt hele tiden, mens du k\u00f8rer. <\/p>\n\n<div style=\"height:25px\" aria-hidden=\"true\" class=\"wp-block-spacer\"><\/div>\n\n<div class=\"wp-block-buttons is-content-justification-center is-layout-flex wp-container-core-buttons-is-layout-a89b3969 wp-block-buttons-is-layout-flex\">\n<div class=\"wp-block-button\"><a class=\"wp-block-button__link wp-element-button\" href=\"https:\/\/vignettego.com\/\" style=\"background-color:#e91e63;color:#ffffff;padding:15px 30px;font-size:18px;border-radius:8px;\">\ud83d\ude97 F\u00e5 dine europ\u00e6iske motorvejsvignetter hos VignetteGo \u2192<\/a><\/div>\n<\/div>\n\n<div style=\"height:25px\" aria-hidden=\"true\" class=\"wp-block-spacer\"><\/div>\n\n<h2 class=\"wp-block-heading\">\ud83c\udfd6\ufe0f Hvorfor bes\u00f8ge Bulgarien?<\/h2>\n\n<p>Bulgarien tilbyder utrolig v\u00e6rdi for rejsende med betagende natursk\u00f8nhed, rig historie og varm g\u00e6stfrihed \u2013 alt sammen til priser, der er betydeligt lavere end i Vesteuropa. Her er, hvad der g\u00f8r Bulgarien specielt: <\/p>\n\n<ul class=\"wp-block-list\">\n<li><strong>Sortehavskysten:<\/strong> Smukke strande, livlige resorts som Sunny Beach og Golden Sands samt historiske byer som Nessebar (UNESCO verdensarv)<\/li>\n<li><strong>Bjergresorts:<\/strong> Overkommelig skil\u00f8b i Bansko, Borovets og Pamporovo<\/li>\n<li><strong>Oldtidshistorie:<\/strong> Thrakiske grave, romerske ruiner, middelalderlige f\u00e6stninger<\/li>\n<li><strong>Vinlandet:<\/strong> Bulgarien er en af verdens \u00e6ldste vinproducerende regioner<\/li>\n<li><strong>Sofia:<\/strong> En dynamisk hovedstad med en fascinerende blanding af antik, osmannisk, sovjetisk og moderne arkitektur<\/li>\n<li><strong>Overkommelige priser:<\/strong> En af de mest budgetvenlige EU-destinationer<\/li>\n<\/ul>\n\n<h2 class=\"wp-block-heading\">\ud83d\udccd Konklusion<\/h2>\n\n<p>Bulgariens elektroniske vignettesystem er ligetil og overkommeligt. Med muligheder fra et weekendpas til 5 EUR til en \u00e5rlig vignette til 50 EUR kan du udforske dette smukke land uden at spr\u00e6nge budgettet. Den unikke weekendvignette g\u00f8r Bulgarien perfekt til spontane udflugter til Sortehavskysten.  <\/p>\n\n<p>For den mest bekvemme k\u00f8bsoplevelse og for at f\u00e5 vignetter for flere europ\u00e6iske lande i \u00e9n transaktion, brug <a href=\"https:\/\/vignettego.com\/\" title=\"VignetteGo - Din kilde til europ&#xE6;iske motorvejsvignetter\">VignetteGo<\/a>. K\u00f8bet tager kun f\u00e5 minutter, og din vignette er gyldig med det samme. <\/p>\n\n<p><strong>Nyd din bulgarske roadtrip! \ud83c\udde7\ud83c\uddec\ud83c\udfd6\ufe0f <\/strong><\/p>\n\n<p><strong>Relaterede guider:<\/strong> <a href=\"https:\/\/vignettego.com\/highway-vignette-europe\/da\/rumaenien-motorvejsvignette-2026-komplet-rovinieta-guide\/\">Romania Rovinieta<\/a> | <a href=\"https:\/\/vignettego.com\/highway-vignette-europe\/da\/ungarn-motorvejsvignette-2026-komplet-e-matrica-guide\/\">Ungarn E-Matrica<\/a> | <a href=\"https:\/\/vignettego.com\/\">Alle europ\u00e6iske vignetter<\/a><\/p>\n","protected":false},"excerpt":{"rendered":"<p>Planl\u00e6gger du en roadtrip til Bulgarien i 2026? Uanset om du tager til de solrige strande ved Sortehavet, udforsker gamle thrakiske ruiner, opdager Sofias livlige kultur eller st\u00e5r p\u00e5 ski i de fantastiske bjergresorts, er det essentielt at forst\u00e5 det bulgarske vejafgiftssystem. Bulgarien driver et fuldt elektronisk vignettesystem (e-vignette) med nogle unikke muligheder, herunder en [&hellip;]<\/p>\n","protected":false},"author":0,"featured_media":0,"parent":0,"menu_order":0,"comment_status":"closed","ping_status":"closed","template":"","meta":{"footnotes":""},"class_list":["post-717","page","type-page","status-publish","hentry"],"_links":{"self":[{"href":"https:\/\/vignettego.com\/highway-vignette-europe\/da\/wp-json\/wp\/v2\/pages\/717","targetHints":{"allow":["GET"]}}],"collection":[{"href":"https:\/\/vignettego.com\/highway-vignette-europe\/da\/wp-json\/wp\/v2\/pages"}],"about":[{"href":"https:\/\/vignettego.com\/highway-vignette-europe\/da\/wp-json\/wp\/v2\/types\/page"}],"replies":[{"embeddable":true,"href":"https:\/\/vignettego.com\/highway-vignette-europe\/da\/wp-json\/wp\/v2\/comments?post=717"}],"version-history":[{"count":4,"href":"https:\/\/vignettego.com\/highway-vignette-europe\/da\/wp-json\/wp\/v2\/pages\/717\/revisions"}],"predecessor-version":[{"id":1233,"href":"https:\/\/vignettego.com\/highway-vignette-europe\/da\/wp-json\/wp\/v2\/pages\/717\/revisions\/1233"}],"wp:attachment":[{"href":"https:\/\/vignettego.com\/highway-vignette-europe\/da\/wp-json\/wp\/v2\/media?parent=717"}],"curies":[{"name":"wp","href":"https:\/\/api.w.org\/{rel}","templated":true}]}}