{"id":658,"date":"2026-01-04T01:39:43","date_gmt":"2026-01-04T01:39:43","guid":{"rendered":"https:\/\/vignettego.com\/highway-vignette-europe\/rumaenien-motorvejsvignette-2026-komplet-rovinieta-guide\/"},"modified":"2026-01-04T12:40:08","modified_gmt":"2026-01-04T12:40:08","slug":"rumaenien-motorvejsvignette-2026-komplet-rovinieta-guide","status":"publish","type":"page","link":"https:\/\/vignettego.com\/highway-vignette-europe\/da\/rumaenien-motorvejsvignette-2026-komplet-rovinieta-guide\/","title":{"rendered":"Rum\u00e6nien Motorvejsvignette 2026: Komplet Rovinieta Guide"},"content":{"rendered":"\n<script type=\"application\/ld+json\">{\n    \"@context\": \"https:\/\/schema.org\",\n    \"@graph\": [\n        {\n            \"@type\": \"Article\",\n            \"@id\": \"https:\/\/vignettego.com\/highway-vignette-europe\/romania-highway-vignette-guide\/#article\",\n            \"headline\": \"Romania Highway Vignette 2026: Complete Rovinieta Guide\",\n            \"description\": \"Everything about Romanian electronic highway vignettes (Rovinieta). Europe most affordable toll system! Learn about pricing, validity, Transylvania routes, and the famous Transf\u0103g\u0103r\u0103\u0219an road.\",\n            \"image\": \"https:\/\/vignettego.com\/highway-vignette-europe\/wp-content\/uploads\/2026\/09\/Highway-Vignette-Europe.jpg\",\n            \"datePublished\": \"2026-01-04\",\n            \"dateModified\": \"2026-01-04\",\n            \"author\": {\"@type\": \"Organization\", \"name\": \"VignetteGo\", \"url\": \"https:\/\/vignettego.com\"},\n            \"publisher\": {\"@type\": \"Organization\", \"name\": \"VignetteGo\"},\n            \"mainEntityOfPage\": {\"@type\": \"WebPage\", \"@id\": \"https:\/\/vignettego.com\/highway-vignette-europe\/romania-highway-vignette-guide\/\"},\n            \"articleSection\": \"Highway Vignettes\",\n            \"keywords\": [\"Romania vignette\", \"Rovinieta\", \"Romania highway toll\", \"Romanian motorway pass\", \"Transylvania road trip\", \"Transfagarasan\"],\n            \"inLanguage\": \"en\",\n            \"speakable\": {\"@type\": \"SpeakableSpecification\", \"cssSelector\": [\".article-intro\", \"#faq-section\"]}\n        },\n        {\n            \"@type\": \"BreadcrumbList\",\n            \"itemListElement\": [\n                {\"@type\": \"ListItem\", \"position\": 1, \"name\": \"VignetteGo\", \"item\": \"https:\/\/vignettego.com\/\"},\n                {\"@type\": \"ListItem\", \"position\": 2, \"name\": \"Highway Vignette Europe\", \"item\": \"https:\/\/vignettego.com\/highway-vignette-europe\/\"},\n                {\"@type\": \"ListItem\", \"position\": 3, \"name\": \"Romania Guide\", \"item\": \"https:\/\/vignettego.com\/highway-vignette-europe\/romania-highway-vignette-guide\/\"}\n            ]\n        },\n        {\n            \"@type\": \"FAQPage\",\n            \"mainEntity\": [\n                {\"@type\": \"Question\", \"name\": \"How much does the Romanian Rovinieta cost?\", \"acceptedAnswer\": {\"@type\": \"Answer\", \"text\": \"The Romanian Rovinieta is Europe cheapest highway vignette! A 7-day vignette costs approximately EUR 3.50, 30-day costs EUR 7, and annual costs just EUR 28.\"}},\n                {\"@type\": \"Question\", \"name\": \"Where can I buy the Romanian Rovinieta?\", \"acceptedAnswer\": {\"@type\": \"Answer\", \"text\": \"You can buy the Rovinieta online at VignetteGo or the official roviniete.ro website, or at gas stations and border crossings in Romania. Online purchase is recommended for convenience.\"}},\n                {\"@type\": \"Question\", \"name\": \"Is the Transf\u0103g\u0103r\u0103\u0219an road toll-free?\", \"acceptedAnswer\": {\"@type\": \"Answer\", \"text\": \"Yes, the Transf\u0103g\u0103r\u0103\u0219an (DN7C) is a national road, not a motorway, so no Rovinieta is needed specifically for it. However, you will likely use toll roads to reach it, so a Rovinieta is still recommended.\"}},\n                {\"@type\": \"Question\", \"name\": \"What are the fines for driving without Rovinieta?\", \"acceptedAnswer\": {\"@type\": \"Answer\", \"text\": \"Fines for driving without a valid Rovinieta range from EUR 50-200 depending on how far you traveled without one. With a 7-day vignette costing just EUR 3.50, there is no reason to risk a fine.\"}},\n                {\"@type\": \"Question\", \"name\": \"Which roads require Rovinieta in Romania?\", \"acceptedAnswer\": {\"@type\": \"Answer\", \"text\": \"The Rovinieta is required on all national roads (DN roads) and motorways (autostrada) in Romania. This includes the A1, A2, A3, A10, and all DN-numbered roads.\"}}\n            ]\n        }\n    ]\n}\n<\/script>\n\n<figure class=\"wp-block-image aligncenter size-large\"><img decoding=\"async\" src=\"https:\/\/vignettego.com\/highway-vignette-europe\/wp-content\/uploads\/2026\/09\/Highway-Vignette-Europe.jpg\" alt=\"Romania Rovinieta 2026 - Komplet guide til det rum&#xE6;nske motorvejsvignettesystem\" style=\"width:100%; height:auto; margin-bottom:20px;\"\/><\/figure>\n\n<p class=\"article-intro\">Rum\u00e6nien byder p\u00e5 nogle af Europas mest spektakul\u00e6re roadtrip-destinationer \u2013 fra de legendariske slotte i Transsylvanien til de fantastiske strande ved Sortehavet, de majest\u00e6tiske Karpaterbjerge til det unikke Donaudelta. Og her er de bedste nyheder: Rum\u00e6nien har <strong>Europas mest prisvenlige motorvejsvignette<\/strong>, kaldet <strong>Rovinieta<\/strong>. For blot et par euro for en uge er det utroligt budgetvenligt at udforske Rum\u00e6nien i bil. Denne omfattende guide d\u00e6kker alt, hvad du beh\u00f8ver at vide om rum\u00e6nske betalingsveje i 2026, inklusive den ber\u00f8mte Transf\u0103g\u0103r\u0103\u0219an \u2013 en af verdens bedste k\u00f8reveje.   <\/p>\n\n<div style=\"height:25px\" aria-hidden=\"true\" class=\"wp-block-spacer\"><\/div>\n\n<div class=\"wp-block-buttons is-content-justification-center is-layout-flex wp-container-core-buttons-is-layout-a89b3969 wp-block-buttons-is-layout-flex\">\n<div class=\"wp-block-button\"><a class=\"wp-block-button__link wp-element-button\" href=\"https:\/\/vignettego.com\/\" style=\"background-color:#0066cc;color:#ffffff;padding:15px 30px;font-size:18px;border-radius:8px;\">\ud83d\ude97 F\u00e5 din rum\u00e6nske rovinieta p\u00e5 VignetteGo<\/a><\/div>\n<\/div>\n\n<div style=\"height:25px\" aria-hidden=\"true\" class=\"wp-block-spacer\"><\/div>\n\n<h2 class=\"wp-block-heading\">\ud83c\uddf7\ud83c\uddf4 Hvad er den rum\u00e6nske rovinieta?<\/h2>\n\n<p>Rum\u00e6nien driver et <strong>tidsbaseret elektronisk betalingssystem<\/strong> kaldet <strong>Rovinieta<\/strong> (fra &#8220;road vignette&#8221; p\u00e5 rum\u00e6nsk). Systemet er fuldt digitalt\u2014din nummerplade er registreret i en central database og verificeret af overv\u00e5gningskameraer over hele landet. Der er ikke behov for fysisk klisterm\u00e6rke; Alt er elektronisk.  <\/p>\n\n<p>Rovinieta d\u00e6kker alle nationale veje (DN &#8211; drum na\u021bional) og motorveje (autostrad\u0103) i Rum\u00e6nien. Systemet administreres af CNAIR (Compania Na\u021bional\u0103 de Administrare a Infrastructurii Rutiere), og vignetter kan k\u00f8bes online, hvilket g\u00f8r det yderst bekvemt for bes\u00f8gende. <\/p>\n\n<h2 class=\"wp-block-heading\">\ud83d\udccb Rum\u00e6nske Rovinieta priser 2026 \ud83d\udcb0 BILLIGST I EUROPA!<\/h2>\n\n<p>Rum\u00e6nien tilbyder de <strong>mest overkommelige priser p\u00e5 motorvejsvignetter i hele Europa<\/strong>. Her er grunden til, at Rum\u00e6nien b\u00f8r v\u00e6re \u00f8verst p\u00e5 enhver liste over budget-roadtripper: <\/p>\n\n<figure class=\"wp-block-table\"><table><thead><tr><th>Gyldighedsperiode<\/th><th>Biler (op til 3,5 t)<\/th><th>Motorcykler<\/th><\/tr><\/thead><tbody><tr><td><strong>7 dage<\/strong><\/td><td>~EUR 3,50<\/td><td>~EUR 1,80<\/td><\/tr><tr><td><strong>30 dage<\/strong><\/td><td>~EUR 7,00<\/td><td>~EUR 3,50<\/td><\/tr><tr><td><strong>90 dage<\/strong><\/td><td>~EUR 13,00<\/td><td>~EUR 6,50<\/td><\/tr><tr><td><strong>\u00c5rlig<\/strong><\/td><td>~EUR 28,00<\/td><td>~EUR 14,00<\/td><\/tr><\/tbody><\/table><\/figure>\n\n<p><strong>Ja, du l\u00e6ste rigtigt!<\/strong>  En uge med ubegr\u00e6nset k\u00f8rsel p\u00e5 alle rum\u00e6nske nationale veje og motorveje for kun 3,50 EUR. Sammenlign dette med Schweiz (40 EUR for den \u00e5rlige vignette, ingen kortere muligheder) eller \u00d8strig (11,50 EUR for 10 dage), og I vil se, hvorfor Rum\u00e6nien er en dr\u00f8m for roadtripper. <\/p>\n\n<div style=\"height:25px\" aria-hidden=\"true\" class=\"wp-block-spacer\"><\/div>\n\n<div class=\"wp-block-buttons is-content-justification-center is-layout-flex wp-container-core-buttons-is-layout-a89b3969 wp-block-buttons-is-layout-flex\">\n<div class=\"wp-block-button\"><a class=\"wp-block-button__link wp-element-button\" href=\"https:\/\/vignettego.com\/\" style=\"background-color:#28a745;color:#ffffff;padding:15px 30px;font-size:18px;border-radius:8px;\">\u2705 F\u00e5 dine europ\u00e6iske vignetter \u2013 alle lande \u2013 hos VignetteGo<\/a><\/div>\n<\/div>\n\n<div style=\"height:25px\" aria-hidden=\"true\" class=\"wp-block-spacer\"><\/div>\n\n<h2 class=\"wp-block-heading\">\ud83d\udee3\ufe0f Rum\u00e6nsk vejnet<\/h2>\n\n<p>Rum\u00e6nien har hurtigt udvidet sit motorvejsnet, selvom store dele af landet stadig betjenes af nationale veje (DN-veje). Her er hovedruterne: <\/p>\n\n<h3 class=\"wp-block-heading\">A1 \u2013 Bukarest til Pite\u0219ti og videre<\/h3>\n\n<p>Den \u00e6ldste rum\u00e6nske motorvej, der forbinder <strong>Bukarest med Pite\u0219ti<\/strong> (ca. 110 km). Forl\u00e6ngelser mod Sibiu er i gang. Dette er hovedruten mod Transsylvanien fra Bukarest, som forbinder til DN7 og DN1 for videre rejse.  <\/p>\n\n<h3 class=\"wp-block-heading\">A2 \u2013 Bukarest til Constan\u021ba (Sun-motorvejen)<\/h3>\n\n<p><strong>Autostrada Soarelui<\/strong> (Solmotorvejen) forbinder <strong>Bukarest med Constan\u021ba<\/strong> og Sortehavskysten. Cirka 200 km. Dette er hovedruten for strandferier til Mamaia, Constan\u021ba, Vama Veche og andre kystresorts.  <\/p>\n\n<h3 class=\"wp-block-heading\">A3 \u2013 Transsylvanien Motorvej (under opf\u00f8relse)<\/h3>\n\n<p>N\u00e5r den er f\u00e6rdig, vil den forbinde Bukarest med Bra\u0219ov og forts\u00e6tte gennem Transsylvanien til den ungarske gr\u00e6nse. I \u00f8jeblikket er flere sektioner \u00e5bne, herunder omkring Turda og Cluj-Napoca. <\/p>\n\n<h3 class=\"wp-block-heading\">A10 \u2013 Sebe\u0219 til Turda<\/h3>\n\n<p>En del af den fremtidige Transsylvanien-korridor, der forbinder n\u00f8glebyer i det centrale Rum\u00e6nien.<\/p>\n\n<h3 class=\"wp-block-heading\">DN1 \u2013 Den klassiske Transsylvanien-rute<\/h3>\n\n<p>Den legendariske <strong>DN1 (E60)<\/strong> forbinder Bukarest med Bra\u0219ov og forts\u00e6tter gennem hjertet af Transsylvanien til Sibiu, Alba Iulia, Cluj-Napoca og videre til Ungarn. Denne historiske rute passerer gennem betagende bjerglandskaber og middelalderbyer. <\/p>\n\n<h2 class=\"wp-block-heading\">\ud83c\udfd4\ufe0f Transf\u0103g\u0103r\u0103\u0219an \u2013 Verdens bedste k\u00f8revej<\/h2>\n\n<p><strong>Transf\u0103g\u0103r\u0103\u0219an Highway (DN7C)<\/strong> er blevet kaldt &#8220;verdens bedste vej&#8221; af Top Gear. Denne spektakul\u00e6re bjergvej krydser F\u0103g\u0103ra\u0219-bjergene i 2.042 meters h\u00f8jde og byder p\u00e5 dramatiske h\u00e5rn\u00e5lesvinger, tunneler og betagende udsigter. <\/p>\n\n<p><strong>N\u00f8gleinformation:<\/strong><\/p>\n\n<ul class=\"wp-block-list\">\n<li><strong>L\u00e6ngde:<\/strong> Cirka 90 km bjergvej<\/li>\n<li><strong>\u00c5ben:<\/strong> Normalt sent i juni til sidst i oktober (vejret afh\u00e6nger af)<\/li>\n<li><strong>Rute:<\/strong> Forbinder Curtea de Arge\u0219 med Sibiu via F\u0103g\u0103ra\u0219-bjergene<\/li>\n<li><strong>H\u00f8jdepunkter:<\/strong> B\u00e2lea-s\u00f8en (gletsjers\u00f8 p\u00e5 toppen), B\u00e2lea-vandfaldet, betagende alpint landskab<\/li>\n<li><strong>Vejafgift:<\/strong> Transf\u0103g\u0103r\u0103\u0219an er i sig selv en national vej (DN), s\u00e5 der er ingen ekstra vejafgift ud over Rovinieta<\/li>\n<\/ul>\n\n<p><strong>Pro tip:<\/strong> Vejen er ekstremt popul\u00e6r om sommeren. Start tidligt om morgenen for at undg\u00e5 menneskem\u00e6ngder og nyde det bedste lys. <\/p>\n\n<div style=\"height:25px\" aria-hidden=\"true\" class=\"wp-block-spacer\"><\/div>\n\n<div class=\"wp-block-buttons is-content-justification-center is-layout-flex wp-container-core-buttons-is-layout-a89b3969 wp-block-buttons-is-layout-flex\">\n<div class=\"wp-block-button\"><a class=\"wp-block-button__link wp-element-button\" href=\"https:\/\/vignettego.com\/\" style=\"background-color:#ff6600;color:#ffffff;padding:15px 30px;font-size:18px;border-radius:8px;\">\ud83d\uded2 K\u00f8b rum\u00e6nsk Rovinieta nu \u2013 kun 3,50 EUR for 7 dage!<\/a><\/div>\n<\/div>\n\n<div style=\"height:25px\" aria-hidden=\"true\" class=\"wp-block-spacer\"><\/div>\n\n<h2 class=\"wp-block-heading\">\ud83d\udcbb S\u00e5dan k\u00f8ber du rum\u00e6nsk Rovinieta<\/h2>\n\n<p>Det er ligetil at k\u00f8be en rum\u00e6nsk Rovinieta:<\/p>\n\n<h3 class=\"wp-block-heading\">Mulighed 1: Online via VignetteGo (Anbefalet)<\/h3>\n\n<ol class=\"wp-block-list\">\n<li>Bes\u00f8g <a href=\"https:\/\/vignettego.com\/\" title=\"K&#xF8;b rum&#xE6;nsk Rovinieta online\">VignetteGo.com<\/a><\/li>\n<li>V\u00e6lg Rum\u00e6nien og din \u00f8nskede gyldighedsperiode<\/li>\n<li>Indtast dine k\u00f8ret\u00f8jsregistreringsoplysninger (nummerplade)<\/li>\n<li>Fuldst\u00e6ndig sikker betaling<\/li>\n<li>Modtag \u00f8jeblikkelig bekr\u00e6ftelse \u2013 gyldig med det samme!<\/li>\n<\/ol>\n\n<h3 class=\"wp-block-heading\">Mulighed 2: Officiel roviniete.ro hjemmeside<\/h3>\n\n<p>Den officielle rum\u00e6nske vejmyndigheds hjemmeside tilbyder direkte k\u00f8b p\u00e5 rum\u00e6nsk og engelsk.<\/p>\n\n<h3 class=\"wp-block-heading\">Mulighed 3: Fysiske salgssteder<\/h3>\n\n<p>Rovinieta kan k\u00f8bes ved gr\u00e6nseovergange, tankstationer (Petrom, OMV, Mol, Rompetrol) og p\u00e5 rum\u00e6nske postkontorer.<\/p>\n\n<h2 class=\"wp-block-heading\">\u26a0\ufe0f B\u00f8der for k\u00f8rsel uden Rovinieta<\/h2>\n\n<p>P\u00e5 trods af den utroligt lave pris pr\u00f8ver nogle rejsende at undg\u00e5 at k\u00f8be Rovinieta. Dette er en fejl \u2013 b\u00f8der h\u00e5ndh\u00e6ves: <\/p>\n\n<ul class=\"wp-block-list\">\n<li><strong>Standardb\u00f8de:<\/strong> EUR 50-200 afh\u00e6ngigt af tilbagelagt afstand<\/li>\n<li><strong>H\u00e5ndh\u00e6velse:<\/strong> Automatiske kamerasystemer over hele landet<\/li>\n<\/ul>\n\n<p><strong>Med en uges pas, der koster EUR 3,50 mod en potentiel b\u00f8de p\u00e5 EUR 200, er valget indlysende!<\/strong><\/p>\n\n<h2 class=\"wp-block-heading\">\ud83d\uddfa\ufe0f Popul\u00e6re rum\u00e6nske roadtrip-ruter<\/h2>\n\n<h3 class=\"wp-block-heading\">Bukarest til Bra\u0219ov (porten til Transsylvanien)<\/h3>\n\n<p><strong>Distance:<\/strong> ~170 km | <strong>Varighed:<\/strong> 2,5-3 timer | <strong>Rute:<\/strong> DN1 eller A3 (hvor tilg\u00e6ngeligt)<\/p>\n\n<p>Den klassiske rute ind i Transsylvanien. Bra\u0219ov er en betagende middelalderby omgivet af bjerge, perfekt som base for at udforske slotte (Bran, Pele\u0219) og Karpaterne. <\/p>\n\n<h3 class=\"wp-block-heading\">Bukarest til Constan\u021ba (Sortehavet)<\/h3>\n\n<p><strong>Afstand:<\/strong> ~225 km | <strong>Varighed:<\/strong> 2,5 timer | <strong>Rute:<\/strong> A2 (Solmotorvejen)<\/p>\n\n<p>Tag til Sortehavskysten p\u00e5 Rum\u00e6niens nyeste motorvej. Constan\u021ba er en gammel havneby; n\u00e6rliggende Mamaia er landets bedste strandresort. <\/p>\n\n<h3 class=\"wp-block-heading\">Transylvania Castle Circuit<\/h3>\n\n<p><strong>Rute:<\/strong> Bra\u0219ov \u2192 Bran-slottet \u2192 R\u00e2\u0219nov \u2192 Pele\u0219-slottet (Sinaia) \u2192 tilbage til Bra\u0219ov<\/p>\n\n<p>Bes\u00f8g Draculas ber\u00f8mte slot (Bran), det betagende Pele\u0219-slot og den middelalderlige f\u00e6stning R\u00e2\u0219nov \u2013 alt sammen p\u00e5 \u00e9n dagstur fra Bra\u0219ov.<\/p>\n\n<h3 class=\"wp-block-heading\">Komplet Transsylvanien-tur<\/h3>\n\n<p><strong>Rute:<\/strong> Bukarest \u2192 Bra\u0219ov \u2192 Sighi\u0219oara \u2192 Sibiu \u2192 Transf\u0103g\u0103r\u0103\u0219an \u2192 Bukarest<\/p>\n\n<p>En 5-7 dages rute, der d\u00e6kker det bedste af Transsylvanien: middelalderbyer, bjerglandskab og den legendariske Transf\u0103g\u0103r\u0103\u0219an-vej.<\/p>\n\n<div style=\"height:25px\" aria-hidden=\"true\" class=\"wp-block-spacer\"><\/div>\n\n<div class=\"wp-block-buttons is-content-justification-center is-layout-flex wp-container-core-buttons-is-layout-a89b3969 wp-block-buttons-is-layout-flex\">\n<div class=\"wp-block-button\"><a class=\"wp-block-button__link wp-element-button\" href=\"https:\/\/vignettego.com\/\" style=\"background-color:#9c27b0;color:#ffffff;padding:15px 30px;font-size:18px;border-radius:8px;\">\ud83c\udf0d Planl\u00e6g dit rum\u00e6nske eventyr med VignetteGo<\/a><\/div>\n<\/div>\n\n<div style=\"height:25px\" aria-hidden=\"true\" class=\"wp-block-spacer\"><\/div>\n\n<h2 class=\"wp-block-heading\">\ud83d\udca1 Rum\u00e6nien k\u00f8retips for 2026<\/h2>\n\n<h3 class=\"wp-block-heading\">Valuta<\/h3>\n\n<p>Rum\u00e6nien bruger den <strong>rum\u00e6nske Leu (RON),<\/strong> men <strong>Euro accepteres bredt<\/strong> p\u00e5 tankstationer, hoteller og turistomr\u00e5der. Kreditkort accepteres n\u00e6sten overalt i byerne. Valutakurs: cirka 1 EUR = 5 RON.  <\/p>\n\n<h3 class=\"wp-block-heading\">Hastighedsgr\u00e6nser<\/h3>\n\n<ul class=\"wp-block-list\">\n<li><strong>Motorveje:<\/strong> 130 km\/t<\/li>\n<li><strong>Nationale veje (uden for byerne):<\/strong> 90-100 km\/t<\/li>\n<li><strong>Byomr\u00e5der:<\/strong> 50 km\/t<\/li>\n<\/ul>\n\n<h3 class=\"wp-block-heading\">Vejforhold<\/h3>\n\n<p>Motorvejene er fremragende. Nationale veje varierer fra gode til uj\u00e6vne, is\u00e6r i landomr\u00e5der. Bjergveje kan v\u00e6re udfordrende \u2013 k\u00f8r forsigtigt og respekter vejrforholdene.  <\/p>\n\n<h3 class=\"wp-block-heading\">Br\u00e6ndstof<\/h3>\n\n<p>Br\u00e6ndstof er billigere end i Vesteuropa. Store k\u00e6der inkluderer Petrom, OMV, Mol, Rompetrol og Lukoil. <\/p>\n\n<h2 class=\"wp-block-heading\" id=\"faq-section\">\u2753 Ofte stillede sp\u00f8rgsm\u00e5l<\/h2>\n\n<h3 class=\"wp-block-heading\">Er den rum\u00e6nske Rovinieta virkelig s\u00e5 billig?<\/h3>\n\n<p>Ja! Med cirka 3,50 EUR for 7 dage har Rum\u00e6nien de billigste motorvejsafgifter i Europa. Selv den \u00e5rlige vignette (EUR 28) koster mindre end mange landes kortsigtede optioner.  <\/p>\n\n<h3 class=\"wp-block-heading\">Hvorn\u00e5r kan jeg k\u00f8re Transf\u0103g\u0103r\u0103\u0219an?<\/h3>\n\n<p>Typisk sent juni til slutningen af oktober, afh\u00e6ngigt af vejret. Den h\u00f8je del (over 1.800 m) er lukket om vinteren p\u00e5 grund af sne. Tjek den nuv\u00e6rende status f\u00f8r planl\u00e6gning.  <\/p>\n\n<h3 class=\"wp-block-heading\">Kan jeg bruge den rum\u00e6nske vignette i Moldova?<\/h3>\n\n<p>Nej, du har brug for en separat <a href=\"https:\/\/vignettego.com\/highway-vignette-europe\/da\/moldova-road-vignette-2026-komplet-vinieta-guide\/\">moldovisk viniet<\/a> til Moldova. K\u00f8b begge hos <a href=\"https:\/\/vignettego.com\/\" title=\"Europ&#xE6;iske vignetter\">VignetteGo<\/a>. <\/p>\n\n<div style=\"height:25px\" aria-hidden=\"true\" class=\"wp-block-spacer\"><\/div>\n\n<div class=\"wp-block-buttons is-content-justification-center is-layout-flex wp-container-core-buttons-is-layout-a89b3969 wp-block-buttons-is-layout-flex\">\n<div class=\"wp-block-button\"><a class=\"wp-block-button__link wp-element-button\" href=\"https:\/\/vignettego.com\/\" style=\"background-color:#e91e63;color:#ffffff;padding:15px 30px;font-size:18px;border-radius:8px;\">\ud83d\ude97 F\u00e5 dine europ\u00e6iske motorvejsvignetter hos VignetteGo \u2192<\/a><\/div>\n<\/div>\n\n<div style=\"height:25px\" aria-hidden=\"true\" class=\"wp-block-spacer\"><\/div>\n\n<h2 class=\"wp-block-heading\">\ud83c\udff0 Hvorfor bes\u00f8ge Rum\u00e6nien?<\/h2>\n\n<ul class=\"wp-block-list\">\n<li><strong>Transsylvanien:<\/strong> Middelalderbyer, slotte og bjerglandskaber<\/li>\n<li><strong>Transf\u0103g\u0103r\u0103\u0219an:<\/strong> En af verdens bedste k\u00f8reveje<\/li>\n<li><strong>Sortehavskysten:<\/strong> Smukke strande og gamle byer<\/li>\n<li><strong>Donaudeltaet:<\/strong> UNESCO biosf\u00e6rereservat, fantastisk fuglekiggeri<\/li>\n<li><strong>Overkommeligt:<\/strong> Stor v\u00e6rdi for indkvartering, mad og rejse<\/li>\n<li><strong>Rig kultur:<\/strong> Fascinerende blanding af latinske, slaviske og osmanniske p\u00e5virkninger<\/li>\n<\/ul>\n\n<h2 class=\"wp-block-heading\">\ud83d\udccd Konklusion<\/h2>\n\n<p>Rum\u00e6nien tilbyder utrolig v\u00e6rdi for roadtrips\u2014fra de billigste vejafgifter i Europa til fantastisk natur og rig kultur. Uanset om du jagter Dracula-legender i Transsylvanien, erobrer Transf\u0103g\u0103r\u0103\u0219an eller slapper af p\u00e5 strande ved Sortehavet, byder Rum\u00e6nien p\u00e5 uforglemmelige oplevelser. <\/p>\n\n<p>F\u00e5 din Rovinieta hos <a href=\"https:\/\/vignettego.com\/\" title=\"VignetteGo - Europ&#xE6;isk motorvejsvignetter\">VignetteGo<\/a> \u2013 det tager f\u00e5 minutter og koster mindre end en kop kaffe!<\/p>\n\n<p><strong>Nyd Rum\u00e6nien! \ud83c\uddf7\ud83c\uddf4\ud83c\udfd4\ufe0f <\/strong><\/p>\n\n<p><strong>Relaterede guider:<\/strong> <a href=\"https:\/\/vignettego.com\/highway-vignette-europe\/da\/ungarn-motorvejsvignette-2026-komplet-e-matrica-guide\/\">Ungarn E-Matrica<\/a> | <a href=\"https:\/\/vignettego.com\/highway-vignette-europe\/da\/bulgaria-highway-vignette-2026-komplet-guide-til-e-vignette\/\">Bulgaria E-Vignette<\/a> | <a href=\"https:\/\/vignettego.com\/highway-vignette-europe\/da\/moldova-road-vignette-2026-komplet-vinieta-guide\/\">Moldova Vinieta<\/a> | <a href=\"https:\/\/vignettego.com\/\">Alle europ\u00e6iske vignetter<\/a><\/p>\n","protected":false},"excerpt":{"rendered":"<p>Rum\u00e6nien byder p\u00e5 nogle af Europas mest spektakul\u00e6re roadtrip-destinationer \u2013 fra de legendariske slotte i Transsylvanien til de fantastiske strande ved Sortehavet, de majest\u00e6tiske Karpaterbjerge til det unikke Donaudelta. Og her er de bedste nyheder: Rum\u00e6nien har Europas mest prisvenlige motorvejsvignette, kaldet Rovinieta. For blot et par euro for en uge er det utroligt budgetvenligt [&hellip;]<\/p>\n","protected":false},"author":0,"featured_media":0,"parent":0,"menu_order":0,"comment_status":"closed","ping_status":"closed","template":"","meta":{"footnotes":""},"class_list":["post-658","page","type-page","status-publish","hentry"],"_links":{"self":[{"href":"https:\/\/vignettego.com\/highway-vignette-europe\/da\/wp-json\/wp\/v2\/pages\/658","targetHints":{"allow":["GET"]}}],"collection":[{"href":"https:\/\/vignettego.com\/highway-vignette-europe\/da\/wp-json\/wp\/v2\/pages"}],"about":[{"href":"https:\/\/vignettego.com\/highway-vignette-europe\/da\/wp-json\/wp\/v2\/types\/page"}],"replies":[{"embeddable":true,"href":"https:\/\/vignettego.com\/highway-vignette-europe\/da\/wp-json\/wp\/v2\/comments?post=658"}],"version-history":[{"count":4,"href":"https:\/\/vignettego.com\/highway-vignette-europe\/da\/wp-json\/wp\/v2\/pages\/658\/revisions"}],"predecessor-version":[{"id":1266,"href":"https:\/\/vignettego.com\/highway-vignette-europe\/da\/wp-json\/wp\/v2\/pages\/658\/revisions\/1266"}],"wp:attachment":[{"href":"https:\/\/vignettego.com\/highway-vignette-europe\/da\/wp-json\/wp\/v2\/media?parent=658"}],"curies":[{"name":"wp","href":"https:\/\/api.w.org\/{rel}","templated":true}]}}