{"id":632,"date":"2026-01-04T01:38:57","date_gmt":"2026-01-04T01:38:57","guid":{"rendered":"https:\/\/vignettego.com\/highway-vignette-europe\/kroatien-motorvejsvignette-2026-komplet-enc-digital-toll-guide\/"},"modified":"2026-01-04T12:40:47","modified_gmt":"2026-01-04T12:40:47","slug":"kroatien-motorvejsvignette-2026-komplet-enc-digital-toll-guide","status":"publish","type":"page","link":"https:\/\/vignettego.com\/highway-vignette-europe\/da\/kroatien-motorvejsvignette-2026-komplet-enc-digital-toll-guide\/","title":{"rendered":"Kroatien Motorvejsvignette 2026: Komplet ENC &amp; Digital Toll Guide"},"content":{"rendered":"\n<script type=\"application\/ld+json\">{\n    \"@context\": \"https:\/\/schema.org\",\n    \"@graph\": [\n        {\n            \"@type\": \"Article\",\n            \"@id\": \"https:\/\/vignettego.com\/highway-vignette-europe\/croatia-highway-vignette-guide\/#article\",\n            \"headline\": \"Croatia Highway Vignette 2026: Complete ENC & Digital Toll Guide\",\n            \"description\": \"Everything about Croatian highway tolls, ENC electronic system, and digital vignette options. Learn about toll prices, the stunning A1 coastal motorway, and how to reach Dubrovnik, Split, and other destinations.\",\n            \"image\": \"https:\/\/vignettego.com\/highway-vignette-europe\/wp-content\/uploads\/2026\/09\/Highway-Vignette-Europe.jpg\",\n            \"datePublished\": \"2026-01-04\",\n            \"dateModified\": \"2026-01-04\",\n            \"author\": {\"@type\": \"Organization\", \"name\": \"VignetteGo\", \"url\": \"https:\/\/vignettego.com\"},\n            \"publisher\": {\"@type\": \"Organization\", \"name\": \"VignetteGo\"},\n            \"mainEntityOfPage\": {\"@type\": \"WebPage\", \"@id\": \"https:\/\/vignettego.com\/highway-vignette-europe\/croatia-highway-vignette-guide\/\"},\n            \"articleSection\": \"Highway Vignettes\",\n            \"keywords\": [\"Croatia toll\", \"Croatia highway\", \"ENC Croatia\", \"Croatian motorway\", \"A1 Croatia\", \"Dubrovnik road trip\", \"Split highway\"],\n            \"inLanguage\": \"en\",\n            \"speakable\": {\"@type\": \"SpeakableSpecification\", \"cssSelector\": [\".article-intro\", \"#faq-section\"]}\n        },\n        {\n            \"@type\": \"BreadcrumbList\",\n            \"itemListElement\": [\n                {\"@type\": \"ListItem\", \"position\": 1, \"name\": \"VignetteGo\", \"item\": \"https:\/\/vignettego.com\/\"},\n                {\"@type\": \"ListItem\", \"position\": 2, \"name\": \"Highway Vignette Europe\", \"item\": \"https:\/\/vignettego.com\/highway-vignette-europe\/\"},\n                {\"@type\": \"ListItem\", \"position\": 3, \"name\": \"Croatia Guide\", \"item\": \"https:\/\/vignettego.com\/highway-vignette-europe\/croatia-highway-vignette-guide\/\"}\n            ]\n        },\n        {\n            \"@type\": \"FAQPage\",\n            \"mainEntity\": [\n                {\"@type\": \"Question\", \"name\": \"Does Croatia use vignettes or toll booths?\", \"acceptedAnswer\": {\"@type\": \"Answer\", \"text\": \"Croatia traditionally uses a distance-based toll system with toll booths, but now also offers digital vignette options (E-Vinjeta) for certain sections. Many visitors use a combination of both or the ENC electronic device.\"}},\n                {\"@type\": \"Question\", \"name\": \"How much does the Croatian motorway toll cost?\", \"acceptedAnswer\": {\"@type\": \"Answer\", \"text\": \"Croatian tolls are distance-based. Zagreb to Split costs approximately EUR 25, Zagreb to Rijeka about EUR 8, and Split to Dubrovnik around EUR 12. The A1 motorway to the coast is the main toll route.\"}},\n                {\"@type\": \"Question\", \"name\": \"What is the ENC system in Croatia?\", \"acceptedAnswer\": {\"@type\": \"Answer\", \"text\": \"ENC (Elektroni\u010dka Naplata Cestarine) is Croatia electronic toll collection device. It provides faster passage through dedicated ENC lanes and often offers discounts. Available at toll plazas and service areas.\"}},\n                {\"@type\": \"Question\", \"name\": \"Can I pay Croatian tolls with credit card?\", \"acceptedAnswer\": {\"@type\": \"Answer\", \"text\": \"Yes, credit and debit cards are accepted at Croatian toll booths. Cash payment in EUR is also widely accepted since Croatia adopted the Euro in January 2023.\"}},\n                {\"@type\": \"Question\", \"name\": \"Is there a digital vignette for Croatia?\", \"acceptedAnswer\": {\"@type\": \"Answer\", \"text\": \"Yes, Croatia now offers E-Vinjeta (electronic vignettes) for certain motorway sections, providing an alternative to traditional toll booth payment. These can be purchased online.\"}}\n            ]\n        }\n    ]\n}\n<\/script>\n\n<figure class=\"wp-block-image aligncenter size-large\"><img decoding=\"async\" src=\"https:\/\/vignettego.com\/highway-vignette-europe\/wp-content\/uploads\/2026\/09\/Highway-Vignette-Europe.jpg\" alt=\"Kroatien Motorvejsafgift 2026 - Komplet guide til det kroatiske motorvejsbetalingssystem\" style=\"width:100%; height:auto; margin-bottom:20px;\"\/><\/figure>\n\n<p class=\"article-intro\">Kroatien er en af Europas mest popul\u00e6re sommerdestinationer, ber\u00f8mt for sin betagende Adriaterhavskyst, krystalklare vand, historiske byer som Dubrovnik og Split samt smukke \u00f8er. At k\u00f8re til Kroatien \u00e5bner op for utrolige muligheder \u2013 fra de gamle mure i Dubrovnik til feststrandene i Zr\u0107e, vandfaldene ved Plitvice-s\u00f8erne til det charmerende Istrien. Denne guide forklarer alt om Kroatiens vejafgiftssystem i 2026, inklusive <strong>ENC&#8217;s elektroniske system<\/strong>, <strong>digitale vignettemuligheder<\/strong> og praktiske tips til din kroatiske roadtrip.  <\/p>\n\n<div style=\"height:25px\" aria-hidden=\"true\" class=\"wp-block-spacer\"><\/div>\n\n<div class=\"wp-block-buttons is-content-justification-center is-layout-flex wp-container-core-buttons-is-layout-a89b3969 wp-block-buttons-is-layout-flex\">\n<div class=\"wp-block-button\"><a class=\"wp-block-button__link wp-element-button\" href=\"https:\/\/vignettego.com\/\" style=\"background-color:#0066cc;color:#ffffff;padding:15px 30px;font-size:18px;border-radius:8px;\">\ud83d\ude97 F\u00e5 din kroatiske digitale vignette p\u00e5 VignetteGo<\/a><\/div>\n<\/div>\n\n<div style=\"height:25px\" aria-hidden=\"true\" class=\"wp-block-spacer\"><\/div>\n\n<h2 class=\"wp-block-heading\">\ud83c\udded\ud83c\uddf7 Kroatisk betalingssystem forklaret<\/h2>\n\n<p>I mods\u00e6tning til de fleste centraleurop\u00e6iske lande, der bruger tidsbaserede vignetter, har Kroatien traditionelt haft et <strong>afstandsbaseret betalingssystem<\/strong> med fysiske betalingsanl\u00e6g. Du tager en b\u00f8de, n\u00e5r du k\u00f8rer ind p\u00e5 motorvejen, og betaler baseret p\u00e5 den tilbagelagte afstand, n\u00e5r du k\u00f8rer af. Kroatien tilbyder dog nu ogs\u00e5 <strong>digitale vignettemuligheder (E-Vinjeta)<\/strong> for visse motorvejsstr\u00e6kninger, hvilket giver st\u00f8rre fleksibilitet for rejsende.  <\/p>\n\n<p>Det kroatiske motorvejsnet administreres af <strong>HAC (Hrvatske Autoceste)<\/strong> og <strong>AZM (Autocesta Zagreb-Macelj).<\/strong> Siden januar 2023 har Kroatien indf\u00f8rt <strong>euroen (EUR)<\/strong> som sin valuta, hvilket g\u00f8r betalinger lettere for EU-bes\u00f8gende. <\/p>\n\n<h2 class=\"wp-block-heading\">\ud83d\udccb Kroatiske betalingsmuligheder for betalingsafgifter<\/h2>\n\n<h3 class=\"wp-block-heading\">Mulighed 1: Traditionelle betalingsboder (mest almindelige)<\/h3>\n\n<p>Tag en billet ved indgangen, betal ved udgangen. Betaling accepteret: <\/p>\n\n<ul class=\"wp-block-list\">\n<li><strong>Kontanter:<\/strong> EUR (ikke l\u00e6ngere brug for kroatisk kuna)<\/li>\n<li><strong>Kredit-\/betalingskort:<\/strong> Visa og Mastercard bredt accepteret<\/li>\n<li><strong>ENC-enhed:<\/strong> Elektronisk betaling (se nedenfor)<\/li>\n<\/ul>\n\n<h3 class=\"wp-block-heading\">Mulighed 2: ENC elektronisk enhed<\/h3>\n\n<p><strong>ENC (Elektroni\u010dka Naplata Cestarine)<\/strong> er Kroatiens elektroniske betalingsopkr\u00e6vningssystem. Fordele: <\/p>\n\n<ul class=\"wp-block-list\">\n<li>Hurtigere passage gennem dedikerede ENC-baner<\/li>\n<li>Potentielle rabatter p\u00e5 vejafgifter<\/li>\n<li>Der er ikke behov for at stoppe ved betalingsbommer<\/li>\n<li>Kan k\u00f8bes ved betalingsanl\u00e6g og serviceomr\u00e5der<\/li>\n<\/ul>\n\n<p>ENC-enheden koster et lille depositum og kan suppleres med kredit. For hyppige bes\u00f8gende anbefales det st\u00e6rkt. <\/p>\n\n<h3 class=\"wp-block-heading\">Mulighed 3: Digital vignette (E-Vinjeta)<\/h3>\n\n<p>Kroatien tilbyder nu <strong>E-Vinjeta<\/strong> (elektroniske vignetter) til visse motorvejsstr\u00e6kninger, hvilket g\u00f8r det muligt helt at omg\u00e5 betalingsanl\u00e6g. Tilg\u00e6ngelig hos <a href=\"https:\/\/vignettego.com\/\" title=\"Kroatisk digital vignette\">VignetteGo<\/a>. <\/p>\n\n<div style=\"height:25px\" aria-hidden=\"true\" class=\"wp-block-spacer\"><\/div>\n\n<div class=\"wp-block-buttons is-content-justification-center is-layout-flex wp-container-core-buttons-is-layout-a89b3969 wp-block-buttons-is-layout-flex\">\n<div class=\"wp-block-button\"><a class=\"wp-block-button__link wp-element-button\" href=\"https:\/\/vignettego.com\/\" style=\"background-color:#28a745;color:#ffffff;padding:15px 30px;font-size:18px;border-radius:8px;\">\u2705 F\u00e5 europ\u00e6iske vignetter \u2013 alle lande \u2013 p\u00e5 VignetteGo<\/a><\/div>\n<\/div>\n\n<div style=\"height:25px\" aria-hidden=\"true\" class=\"wp-block-spacer\"><\/div>\n\n<h2 class=\"wp-block-heading\">\ud83d\udcb0 Kroatiske motorvejsafgifter 2026<\/h2>\n\n<p>Kroatiske betalingsafgifter er distancebaserede, s\u00e5 prisen afh\u00e6nger af din rute. Her er omtrentlige priser for almindelige ruter (Kategori I &#8211; almindelige biler): <\/p>\n\n<figure class=\"wp-block-table\"><table><thead><tr><th>Rute<\/th><th>Afstand<\/th><th>Cirka vejafgift <\/th><\/tr><\/thead><tbody><tr><td><strong>Zagreb \u2013 Split<\/strong><\/td><td>~400 km<\/td><td>~EUR 25<\/td><\/tr><tr><td><strong>Zagreb \u2013 Rijeka<\/strong><\/td><td>~170 km<\/td><td>~EUR 8<\/td><\/tr><tr><td><strong>Zagreb \u2013 Zadar<\/strong><\/td><td>~280 km<\/td><td>~EUR 17<\/td><\/tr><tr><td><strong>Split \u2013 Dubrovnik<\/strong><\/td><td>~220 km<\/td><td>~EUR 12<\/td><\/tr><tr><td><strong>Zagreb \u2013 Dubrovnik<\/strong><\/td><td>~600 km<\/td><td>~EUR 35<\/td><\/tr><tr><td><strong>Ljubljana \u2013 Zagreb<\/strong><\/td><td>~140 km<\/td><td>~EUR 7<\/td><\/tr><\/tbody><\/table><\/figure>\n\n<p><strong>Bem\u00e6rk:<\/strong> Priserne er vejvisende. De faktiske afgifter kan variere en smule afh\u00e6ngigt af specifikke ind- og udgangspunkter og k\u00f8ret\u00f8jskategori. <\/p>\n\n<h2 class=\"wp-block-heading\">\ud83d\udee3\ufe0f Kroatisk motorvejsnet<\/h2>\n\n<p>Kroatien har et fremragende motorvejsnet, der forbinder st\u00f8rre byer og kysten. Her er hovedruterne: <\/p>\n\n<h3 class=\"wp-block-heading\">A1 \u2013 Den Dalmatiske Motorvej<\/h3>\n\n<p>Den vigtigste turistrute, der forbinder <strong>Zagreb med Split og forts\u00e6tter mod Dubrovnik<\/strong>. Denne imponerende motorvej l\u00f8ber parallelt med Adriaterhavskysten og giver adgang til alle st\u00f8rre kystdestinationer. Total l\u00e6ngde: cirka 550 km. Byen byder p\u00e5 flere imponerende broer og tunneler gennem Dinariske Alper.   <\/p>\n\n<h3 class=\"wp-block-heading\">A2 \u2013 Zagreb til Macelj (Sloveniens gr\u00e6nse)<\/h3>\n\n<p>Forbinder Zagreb med Slovenien og forts\u00e6tter til Ljubljana og videre. Hovedruten for rejsende fra Centraleuropa. L\u00e6ngde: cirka 60 km i Kroatien.  <\/p>\n\n<h3 class=\"wp-block-heading\">A3 \u2013 Fra Bregana til lipovac<\/h3>\n\n<p>\u00d8st-vest-rute, der forbinder den slovenske gr\u00e6nse (Bregana) gennem Zagreb med den serbiske gr\u00e6nse (Lipovac). En del af den europ\u00e6iske E70-korridor. L\u00e6ngde: cirka 300 km.  <\/p>\n\n<h3 class=\"wp-block-heading\">A4 \u2013 Zagreb til Gori\u010dan (Ungarns gr\u00e6nse)<\/h3>\n\n<p>Forbindelsen mellem Zagreb og Ungarn, hovedruten for rejsende fra Budapest. L\u00e6ngde: cirka 97 km. <\/p>\n\n<h3 class=\"wp-block-heading\">A6 \u2013 Rijeka Bypass<\/h3>\n\n<p>Forbinder A1 ved Bosiljevo med Rijeka og den istriske halv\u00f8. Uundv\u00e6rlig for at n\u00e5 Istrien fra Zagreb. <\/p>\n\n<h3 class=\"wp-block-heading\">A7\/A8\/A9 \u2013 Istrisk Y<\/h3>\n\n<p>Netv\u00e6rk af motorveje, der betjener den istriske halv\u00f8 og forbinder Rijeka med Pula og andre istrianske destinationer. Generelt mindre trafik end A1. <\/p>\n\n<div style=\"height:25px\" aria-hidden=\"true\" class=\"wp-block-spacer\"><\/div>\n\n<div class=\"wp-block-buttons is-content-justification-center is-layout-flex wp-container-core-buttons-is-layout-a89b3969 wp-block-buttons-is-layout-flex\">\n<div class=\"wp-block-button\"><a class=\"wp-block-button__link wp-element-button\" href=\"https:\/\/vignettego.com\/\" style=\"background-color:#ff6600;color:#ffffff;padding:15px 30px;font-size:18px;border-radius:8px;\">\ud83d\uded2 F\u00e5 dine europ\u00e6iske vignetter nu hos VignetteGo<\/a><\/div>\n<\/div>\n\n<div style=\"height:25px\" aria-hidden=\"true\" class=\"wp-block-spacer\"><\/div>\n\n<h2 class=\"wp-block-heading\">\ud83d\uddfa\ufe0f Popul\u00e6re kroatiske roadtrip-ruter<\/h2>\n\n<h3 class=\"wp-block-heading\">Zagreb til Split (A1 Dalmatiske Motorvej)<\/h3>\n\n<p><strong>Distance:<\/strong> ~400 km | <strong>Varighed:<\/strong> 4-4,5 timer | <strong>Vejafgift:<\/strong> ~EUR 25<\/p>\n\n<p>Den klassiske kroatiske roadtrip-rute. A1 er en moderne, velholdt motorvej med fremragende serviceomr\u00e5der. Overvej at stoppe ved Plitvice S\u00f8ernes Nationalpark (afk\u00f8rsel Gornja Plo\u010da)\u2014en af Kroatiens smukkeste naturattraktioner.  <\/p>\n\n<h3 class=\"wp-block-heading\">Zagreb til Dubrovnik<\/h3>\n\n<p><strong>Distance:<\/strong> ~600 km | <strong>Varighed:<\/strong> 5,5-6 timer | <strong>Vejafgift:<\/strong> ~35 EUR<\/p>\n\n<p>Den ultimative kroatiske roadtrip, der slutter i den betagende bef\u00e6stede by Dubrovnik. Bem\u00e6rk, at denne rute kortvarigt passerer gennem <strong>Bosnien-Hercegovina<\/strong> ved Neum-korridoren (ingen betalingsafgift, men medbring pas). Alternativt kan du tage Pelje\u0161ac-broen for at blive helt i Kroatien.  <\/p>\n\n<h3 class=\"wp-block-heading\">Ljubljana (Slovenien) til Zagreb<\/h3>\n\n<p><strong>Afstand:<\/strong> ~140 km | <strong>Varighed:<\/strong> 1,5-2 timer | <strong>Vejafgift:<\/strong> ~EUR 7 (Kroatien) + slovensk vignette<\/p>\n\n<p>Hovedruten fra Centraleuropa. Du f\u00e5r brug for en <a href=\"https:\/\/vignettego.com\/highway-vignette-europe\/da\/slovenien-motorvejsvignette-2026-komplet-e-vinjeta-guide\/\">slovensk E-Vinjeta<\/a> til den slovenske del af rejsen. <\/p>\n\n<h3 class=\"wp-block-heading\">Istrien Kysttur<\/h3>\n\n<p><strong>Rute:<\/strong> Rijeka \u2192 Opatija \u2192 Pula \u2192 Rovinj \u2192 Pore\u010d \u2192 tilbage til Rijeka<\/p>\n\n<p>Udforsk den smukke istriske halv\u00f8 med sit italiensk-inspirerede k\u00f8kken, landsbyer p\u00e5 bakketoppe og charmerende kystbyer. Mindre overfyldt end Dalmatiens kyst. <\/p>\n\n<h2 class=\"wp-block-heading\">\ud83d\udca1 Kroatien K\u00f8rselstips for 2026<\/h2>\n\n<h3 class=\"wp-block-heading\">Valuta<\/h3>\n\n<p>Siden januar 2023 har Kroatien brugt <strong>euroen (EUR).<\/strong> Der er ingen grund til at veksle penge, hvis du kommer fra et andet euroland. Kreditkort accepteres bredt.  <\/p>\n\n<h3 class=\"wp-block-heading\">Hastighedsgr\u00e6nser<\/h3>\n\n<ul class=\"wp-block-list\">\n<li><strong>Motorveje:<\/strong> 130 km\/t<\/li>\n<li><strong>Nationale veje:<\/strong> 90 km\/t<\/li>\n<li><strong>Byomr\u00e5der:<\/strong> 50 km\/t<\/li>\n<\/ul>\n\n<h3 class=\"wp-block-heading\">Sommertrafik<\/h3>\n\n<p><strong>Advarsel:<\/strong> A1 til kysten oplever <strong>ekstremt t\u00e6t trafik<\/strong> i juli og august, is\u00e6r om l\u00f8rdagen (skiftedag for ugentlige udlejninger). Rejs tidligt om morgenen eller sent om aftenen for at undg\u00e5 den v\u00e6rste tr\u00e6ngsel. <\/p>\n\n<h3 class=\"wp-block-heading\">P\u00e5kr\u00e6vet udstyr<\/h3>\n\n<ul class=\"wp-block-list\">\n<li>Advarselstrekant<\/li>\n<li>Reflekterende vest<\/li>\n<li>F\u00f8rstehj\u00e6lpskasse<\/li>\n<li>Forlygterne er t\u00e6ndt hele tiden under k\u00f8rsel<\/li>\n<\/ul>\n\n<h2 class=\"wp-block-heading\" id=\"faq-section\">\u2753 Ofte stillede sp\u00f8rgsm\u00e5l<\/h2>\n\n<h3 class=\"wp-block-heading\">Skal jeg bruge en vignette eller betale ved betalingsstationer i Kroatien?<\/h3>\n\n<p>Du kan bruge begge systemer. Traditionelle betalingsboder fungerer efter betaling efter betaling baseret p\u00e5 afstand. Alternativt er digitale vignetter (E-Vinjeta) nu tilg\u00e6ngelige for visse sektioner.  <\/p>\n\n<h3 class=\"wp-block-heading\">Kan jeg k\u00f8re til Dubrovnik uden at forlade Kroatien?<\/h3>\n\n<p>Ja! Siden \u00e5bningen af Pelje\u0161ac-broen i 2022 kan man nu k\u00f8re fra Split til Dubrovnik uden at krydse gennem Bosnien-Hercegovina Neum-korridoren. <\/p>\n\n<h3 class=\"wp-block-heading\">Er ENC-enheden det v\u00e6rd?<\/h3>\n\n<p>For hyppige bes\u00f8gende eller dem, der bliver i flere uger, ja. Til en enkelt tur er betalingsboder eller digitale vignetter mere praktiske. <\/p>\n\n<div style=\"height:25px\" aria-hidden=\"true\" class=\"wp-block-spacer\"><\/div>\n\n<div class=\"wp-block-buttons is-content-justification-center is-layout-flex wp-container-core-buttons-is-layout-a89b3969 wp-block-buttons-is-layout-flex\">\n<div class=\"wp-block-button\"><a class=\"wp-block-button__link wp-element-button\" href=\"https:\/\/vignettego.com\/\" style=\"background-color:#e91e63;color:#ffffff;padding:15px 30px;font-size:18px;border-radius:8px;\">\ud83d\ude97 F\u00e5 dine europ\u00e6iske motorvejsvignetter hos VignetteGo \u2192<\/a><\/div>\n<\/div>\n\n<div style=\"height:25px\" aria-hidden=\"true\" class=\"wp-block-spacer\"><\/div>\n\n<h2 class=\"wp-block-heading\">\ud83c\udfd6\ufe0f Hvorfor bes\u00f8ge Kroatien?<\/h2>\n\n<ul class=\"wp-block-list\">\n<li><strong>Betagende kystlinje:<\/strong> Over 1.000 \u00f8er og krystalklare Adriaterhavsfarvande<\/li>\n<li><strong>Historiske byer:<\/strong> Dubrovnik, Split, Zadar\u2014UNESCOs verdensarvssteder<\/li>\n<li><strong>Game of Thrones-lokationer:<\/strong> Dubrovnik fungerede som Kongshavn<\/li>\n<li><strong>Plitvice-s\u00f8erne:<\/strong> Spektakul\u00e6r nationalpark med brusende vandfald<\/li>\n<li><strong>Istrien:<\/strong> Italiensk-inspireret k\u00f8kken, tr\u00f8ffeljagt, landsbyer p\u00e5 bakketoppe<\/li>\n<li><strong>Festscene:<\/strong> Zr\u0107e Strand er &#8220;Kroatiske Ibiza&#8221;<\/li>\n<\/ul>\n\n<h2 class=\"wp-block-heading\">\ud83d\udccd Konklusion<\/h2>\n\n<p>Kroatien byder p\u00e5 nogle af Europas mest givende roadtrips, fra den dramatiske A1-motorvej til de snoede kystveje og charmerende istrianske landsbyer. Uanset om du foretr\u00e6kker traditionelle betalingsanl\u00e6g, ENC&#8217;s elektroniske system eller de nye digitale vignette-muligheder, er det nemt at komme rundt i Kroatien i bil. <\/p>\n\n<p>For at n\u00e5 Kroatien fra Centraleuropa vil du sandsynligvis passere gennem <a href=\"https:\/\/vignettego.com\/highway-vignette-europe\/da\/slovenien-motorvejsvignette-2026-komplet-e-vinjeta-guide\/\">Slovenien<\/a> eller <a href=\"https:\/\/vignettego.com\/highway-vignette-europe\/da\/ungarn-motorvejsvignette-2026-komplet-e-matrica-guide\/\">Ungarn<\/a>. F\u00e5 alle dine vignetter samlet \u00e9t sted hos <a href=\"https:\/\/vignettego.com\/\" title=\"VignetteGo - Europ&#xE6;isk motorvejsvignetter\">VignetteGo<\/a>. <\/p>\n\n<p><strong>Nyd den kroatiske kyst! \ud83c\udded\ud83c\uddf7\ud83c\udfd6\ufe0f <\/strong><\/p>\n\n<p><strong>Relaterede guider:<\/strong> <a href=\"https:\/\/vignettego.com\/highway-vignette-europe\/da\/slovenien-motorvejsvignette-2026-komplet-e-vinjeta-guide\/\">Slovenia E-Vinjeta<\/a> | <a href=\"https:\/\/vignettego.com\/highway-vignette-europe\/da\/ungarn-motorvejsvignette-2026-komplet-e-matrica-guide\/\">Ungarn E-Matrica<\/a> | <a href=\"https:\/\/vignettego.com\/\">Alle europ\u00e6iske vignetter<\/a><\/p>\n","protected":false},"excerpt":{"rendered":"<p>Kroatien er en af Europas mest popul\u00e6re sommerdestinationer, ber\u00f8mt for sin betagende Adriaterhavskyst, krystalklare vand, historiske byer som Dubrovnik og Split samt smukke \u00f8er. At k\u00f8re til Kroatien \u00e5bner op for utrolige muligheder \u2013 fra de gamle mure i Dubrovnik til feststrandene i Zr\u0107e, vandfaldene ved Plitvice-s\u00f8erne til det charmerende Istrien. Denne guide forklarer alt [&hellip;]<\/p>\n","protected":false},"author":0,"featured_media":0,"parent":0,"menu_order":0,"comment_status":"closed","ping_status":"closed","template":"","meta":{"footnotes":""},"class_list":["post-632","page","type-page","status-publish","hentry"],"_links":{"self":[{"href":"https:\/\/vignettego.com\/highway-vignette-europe\/da\/wp-json\/wp\/v2\/pages\/632","targetHints":{"allow":["GET"]}}],"collection":[{"href":"https:\/\/vignettego.com\/highway-vignette-europe\/da\/wp-json\/wp\/v2\/pages"}],"about":[{"href":"https:\/\/vignettego.com\/highway-vignette-europe\/da\/wp-json\/wp\/v2\/types\/page"}],"replies":[{"embeddable":true,"href":"https:\/\/vignettego.com\/highway-vignette-europe\/da\/wp-json\/wp\/v2\/comments?post=632"}],"version-history":[{"count":4,"href":"https:\/\/vignettego.com\/highway-vignette-europe\/da\/wp-json\/wp\/v2\/pages\/632\/revisions"}],"predecessor-version":[{"id":1282,"href":"https:\/\/vignettego.com\/highway-vignette-europe\/da\/wp-json\/wp\/v2\/pages\/632\/revisions\/1282"}],"wp:attachment":[{"href":"https:\/\/vignettego.com\/highway-vignette-europe\/da\/wp-json\/wp\/v2\/media?parent=632"}],"curies":[{"name":"wp","href":"https:\/\/api.w.org\/{rel}","templated":true}]}}