{"id":347,"date":"2026-01-04T01:13:10","date_gmt":"2026-01-04T01:13:10","guid":{"rendered":"https:\/\/vignettego.com\/highway-vignette-europe\/slovakiets-motorvejsvignette-2026-komplet-dialnicna-znamka-guide\/"},"modified":"2026-01-04T12:43:04","modified_gmt":"2026-01-04T12:43:04","slug":"slovakiets-motorvejsvignette-2026-komplet-dialnicna-znamka-guide","status":"publish","type":"page","link":"https:\/\/vignettego.com\/highway-vignette-europe\/da\/slovakiets-motorvejsvignette-2026-komplet-dialnicna-znamka-guide\/","title":{"rendered":"Slovakiets motorvejsvignette 2026: Komplet Dia\u013eni\u010dn\u00e1 Zn\u00e1mka Guide"},"content":{"rendered":"\n<script type=\"application\/ld+json\">{\n    \"@context\": \"https:\/\/schema.org\",\n    \"@graph\": [\n        {\n            \"@type\": \"Article\",\n            \"@id\": \"https:\/\/vignettego.com\/highway-vignette-europe\/slovakia-highway-vignette-guide\/#article\",\n            \"headline\": \"Slovakia Highway Vignette 2026: Complete E-Znamka Guide\",\n            \"description\": \"Everything about the Slovak E-Znamka system 2026: prices, validity, how to buy online, and essential tips for driving on Slovak motorways. Your complete guide to the electronic vignette.\",\n            \"image\": \"https:\/\/vignettego.com\/highway-vignette-europe\/wp-content\/uploads\/2026\/09\/Highway-Vignette-Europe.jpg\",\n            \"datePublished\": \"2026-01-04\",\n            \"dateModified\": \"2026-01-04\",\n            \"author\": {\"@type\": \"Organization\", \"name\": \"VignetteGo\", \"url\": \"https:\/\/vignettego.com\"},\n            \"publisher\": {\"@type\": \"Organization\", \"name\": \"VignetteGo\"},\n            \"mainEntityOfPage\": {\"@type\": \"WebPage\", \"@id\": \"https:\/\/vignettego.com\/highway-vignette-europe\/slovakia-highway-vignette-guide\/\"},\n            \"articleSection\": \"Highway Vignettes\",\n            \"keywords\": [\"Slovakia vignette\", \"E-Znamka\", \"Slovak motorway\", \"Bratislava driving\", \"High Tatras road trip\", \"Slovakia toll\"],\n            \"inLanguage\": \"en\",\n            \"speakable\": {\"@type\": \"SpeakableSpecification\", \"cssSelector\": [\".article-intro\", \"#faq-section\"]}\n        },\n        {\n            \"@type\": \"BreadcrumbList\",\n            \"itemListElement\": [\n                {\"@type\": \"ListItem\", \"position\": 1, \"name\": \"VignetteGo\", \"item\": \"https:\/\/vignettego.com\/\"},\n                {\"@type\": \"ListItem\", \"position\": 2, \"name\": \"Highway Vignette Europe\", \"item\": \"https:\/\/vignettego.com\/highway-vignette-europe\/\"},\n                {\"@type\": \"ListItem\", \"position\": 3, \"name\": \"Slovakia Guide\", \"item\": \"https:\/\/vignettego.com\/highway-vignette-europe\/slovakia-highway-vignette-guide\/\"}\n            ]\n        },\n        {\n            \"@type\": \"FAQPage\",\n            \"mainEntity\": [\n                {\"@type\": \"Question\", \"name\": \"How much does a Slovak E-Znamka cost?\", \"acceptedAnswer\": {\"@type\": \"Answer\", \"text\": \"For 2026, prices are approximately: 10-day vignette EUR 12, 30-day vignette EUR 17, and annual vignette EUR 60 for vehicles up to 3.5 tonnes. Prices may be adjusted annually.\"}},\n                {\"@type\": \"Question\", \"name\": \"Can I buy the Slovak E-Znamka online?\", \"acceptedAnswer\": {\"@type\": \"Answer\", \"text\": \"Yes, you can purchase the E-Znamka online at VignetteGo or the official Slovak eznamka.sk website. Registration is linked to your license plate, so no physical sticker is needed.\"}},\n                {\"@type\": \"Question\", \"name\": \"Do I need a vignette for all roads in Slovakia?\", \"acceptedAnswer\": {\"@type\": \"Answer\", \"text\": \"No, only motorways (dia\u013enice - D roads) and expressways (r\u00fdchlostn\u00e9 cesty - R roads) require a vignette. Regular national roads (cesty I., II., III. triedy) are free.\"}},\n                {\"@type\": \"Question\", \"name\": \"What if I drive without a vignette in Slovakia?\", \"acceptedAnswer\": {\"@type\": \"Answer\", \"text\": \"Fines for driving without a valid E-Znamka range from EUR 100 to EUR 500. Enforcement is done via cameras, so non-compliance is easily detected.\"}},\n                {\"@type\": \"Question\", \"name\": \"Is the Slovak vignette valid immediately after purchase?\", \"acceptedAnswer\": {\"@type\": \"Answer\", \"text\": \"Yes, the E-Znamka is valid immediately from the time of purchase, or you can select a future start date when buying online.\"}}\n            ]\n        }\n    ]\n}\n<\/script>\n\n<figure class=\"wp-block-image aligncenter size-large\"><img decoding=\"async\" src=\"https:\/\/vignettego.com\/highway-vignette-europe\/wp-content\/uploads\/2026\/09\/Highway-Vignette-Europe.jpg\" alt=\"Slovakiet E-Znamka 2026 - Komplet guide til slovakisk motorvejsvignette\" style=\"width:100%; height:auto; margin-bottom:20px;\"\/><\/figure>\n\n<p class=\"article-intro\">Slovakiet er en skjult perle i Centraleuropa og byder p\u00e5 spektakul\u00e6r bjerglandskab i de h\u00f8je Tatraer, charmerende middelalderbyer som Bardejov og Levo\u010da, mystiske slotte og fremragende termiske kurbade. Uanset om du rejser gennem Slovakiet til Polen, Ukraine eller Ungarn, eller udforsker dette smukke land, skal du bruge den <strong>slovakiske E-Znamka (elektronisk vignette).<\/strong> Denne guide d\u00e6kker alt om det slovakiske vignettesystem for 2026: priser, gyldighed, hvor man kan k\u00f8be, og vigtige tips til k\u00f8rsel p\u00e5 slovakiske motorveje.  <\/p>\n\n<div style=\"height:25px\" aria-hidden=\"true\" class=\"wp-block-spacer\"><\/div>\n\n<div class=\"wp-block-buttons is-content-justification-center is-layout-flex wp-container-core-buttons-is-layout-a89b3969 wp-block-buttons-is-layout-flex\">\n<div class=\"wp-block-button\"><a class=\"wp-block-button__link wp-element-button\" href=\"https:\/\/vignettego.com\/\" style=\"background-color:#0066cc;color:#ffffff;padding:15px 30px;font-size:18px;border-radius:8px;\">\ud83d\ude97 F\u00e5 din slovakiske E-Znamka p\u00e5 VignetteGo<\/a><\/div>\n<\/div>\n\n<div style=\"height:25px\" aria-hidden=\"true\" class=\"wp-block-spacer\"><\/div>\n\n<h2 class=\"wp-block-heading\">\ud83c\uddf8\ud83c\uddf0 Hvad er den slovakiske E-Znamka?<\/h2>\n\n<p>Slovakiet skiftede fra fysiske klisterm\u00e6rke-vignetter til et fuldt <strong>elektronisk system (E-Znamka)<\/strong> i 2016. Ikke mere at skrabe gamle klisterm\u00e6rker af forruden! E-Znamka er knyttet til dit k\u00f8ret\u00f8js nummerplade og registreret i en central database. Kamerasystemer langs motorvejene verificerer automatisk din vignettestatus.   <\/p>\n\n<p>Systemet administreres af <strong>National Motorway Company (NDS \u2013 N\u00e1rodn\u00e1 dia\u013eni\u010dn\u00e1 spolo\u010dnos\u0165).<\/strong> E-Znamka er p\u00e5kr\u00e6vet p\u00e5 alle motorveje (dia\u013enice &#8211; D-veje) og motorveje (r\u00fdchlostn\u00e9 cesty &#8211; R-veje), men ikke p\u00e5 almindelige nationalveje. <\/p>\n\n<h2 class=\"wp-block-heading\">\ud83d\udcb0 E-Znamka Priser 2026<\/h2>\n\n<p>Slovakiet bruger euroen (EUR) som sin valuta, hvilket g\u00f8r betalinger nemme for bes\u00f8gende fra andre eurolande.<\/p>\n\n<figure class=\"wp-block-table\"><table><thead><tr><th>Vignettetype<\/th><th>K\u00f8ret\u00f8jer op til 3,5 t<\/th><\/tr><\/thead><tbody><tr><td><strong>10-dages<\/strong><\/td><td>EUR 12<\/td><\/tr><tr><td><strong>30-dages<\/strong><\/td><td>EUR 17<\/td><\/tr><tr><td><strong>365-dages (\u00e5rligt)<\/strong><\/td><td>EUR 60<\/td><\/tr><\/tbody><\/table><\/figure>\n\n<p><strong>Bem\u00e6rk:<\/strong> Priserne er for k\u00f8ret\u00f8jer op til 3,5 tons. St\u00f8rre k\u00f8ret\u00f8jer falder ind under det elektroniske betalingssystem og betaler pr. kilometer. <\/p>\n\n<h2 class=\"wp-block-heading\">\ud83d\uded2 Hvor kan man k\u00f8be den slovakiske E-Znamka<\/h2>\n\n<h3 class=\"wp-block-heading\">Online (Anbefalet)<\/h3>\n\n<p>Den nemmeste m\u00e5de at k\u00f8be p\u00e5 er online f\u00f8r din rejse:<\/p>\n\n<ul class=\"wp-block-list\">\n<li><strong><a href=\"https:\/\/vignettego.com\/\">VignetteGo<\/a><\/strong> \u2013 Hurtigk\u00f8b med \u00f8jeblikkelig bekr\u00e6ftelse<\/li>\n<li>Officiel slovakisk eznamka.sk hjemmeside<\/li>\n<\/ul>\n\n<p>Fordele ved online k\u00f8b: ingen ventetid ved gr\u00e6nsetankstationer, \u00f8jeblikkelig aktivering, digital bekr\u00e6ftelse p\u00e5 din telefon, mulighed for at v\u00e6lge fremtidig startdato.<\/p>\n\n<h3 class=\"wp-block-heading\">Fysiske k\u00f8bspoint<\/h3>\n\n<ul class=\"wp-block-list\">\n<li>Tankstationer (OMV, Shell, Slovnaft) over hele Slovakiet<\/li>\n<li>Gr\u00e6nseovergange<\/li>\n<li>Postkontorer<\/li>\n<li>NDS kundeservicecentre<\/li>\n<\/ul>\n\n<div style=\"height:25px\" aria-hidden=\"true\" class=\"wp-block-spacer\"><\/div>\n\n<div class=\"wp-block-buttons is-content-justification-center is-layout-flex wp-container-core-buttons-is-layout-a89b3969 wp-block-buttons-is-layout-flex\">\n<div class=\"wp-block-button\"><a class=\"wp-block-button__link wp-element-button\" href=\"https:\/\/vignettego.com\/\" style=\"background-color:#28a745;color:#ffffff;padding:15px 30px;font-size:18px;border-radius:8px;\">\u2705 F\u00e5 europ\u00e6iske vignetter \u2013 8 lande \u2013 p\u00e5 VignetteGo<\/a><\/div>\n<\/div>\n\n<div style=\"height:25px\" aria-hidden=\"true\" class=\"wp-block-spacer\"><\/div>\n\n<h2 class=\"wp-block-heading\">\ud83d\udee3\ufe0f Slovakisk motorvejsnetv\u00e6rk<\/h2>\n\n<p>Slovakiets motorvejsnetv\u00e6rk forbinder hovedstaden Bratislava med st\u00f8rre byer og nabolande. Netv\u00e6rket udvides stadig, is\u00e6r D1 til Ko\u0161ice. <\/p>\n\n<h3 class=\"wp-block-heading\">D1 \u2013 Bratislava til Ko\u0161ice (Hovedkorridoren)<\/h3>\n\n<p>Den vigtigste \u00f8st-vest-korridor, der <strong>forbinder Bratislava<\/strong> med <strong>Ko\u0161ice<\/strong>, passerer gennem \u017dilina og H\u00f8jtatra-regionen. Dette er rygraden i det slovakiske motorvejsnetv\u00e6rk. Bem\u00e6rk: Nogle sektioner er stadig under opf\u00f8relse og kr\u00e6ver omk\u00f8rsler via almindelige veje. Total l\u00e6ngde ved f\u00e6rdigg\u00f8relse: cirka 450 km.   <\/p>\n\n<h3 class=\"wp-block-heading\">D2 \u2013 Bratislava til tjekkisk gr\u00e6nse<\/h3>\n\n<p>Forbinder Bratislava nordp\u00e5 med <strong>Tjekkiet<\/strong> og forts\u00e6tter mod Brno og Prag. Uundv\u00e6rlig for rejsende, der kommer fra eller skal til <a href=\"https:\/\/vignettego.com\/highway-vignette-europe\/da\/tjekkiets-motorvejsvignette-2026-den-ultimative-e-znamka-guide\/\">Tjekkiet<\/a>. Total l\u00e6ngde: cirka 60 km.  <\/p>\n\n<h3 class=\"wp-block-heading\">D3 \u2013 \u017dilina til den polske gr\u00e6nse<\/h3>\n\n<p>Forbinder \u017dilina med den <strong>polske gr\u00e6nse ved Skalit\u00e9<\/strong> og forts\u00e6tter til Krak\u00f3w. Popul\u00e6r rute for rejsende til det sydlige Polen. Total l\u00e6ngde: cirka 60 km.  <\/p>\n\n<h3 class=\"wp-block-heading\">D4 \u2013 Bratislava Ringvej<\/h3>\n\n<p>Omfartsvejen omkring Bratislava, som forbinder D1, D2 og ruter til \u00d8strig og Ungarn. Uundv\u00e6rlig for at undg\u00e5 trafik i Bratislavas centrum. <\/p>\n\n<h3 class=\"wp-block-heading\">R Expressways<\/h3>\n\n<p>Slovakiet har ogs\u00e5 flere motorveje (R-veje), der kr\u00e6ver en vignette:<\/p>\n\n<ul class=\"wp-block-list\">\n<li><strong>R1:<\/strong> Trnava til Bansk\u00e1 Bystrica<\/li>\n<li><strong>R2:<\/strong> Ko\u0161ice-omfartsvejen<\/li>\n<li><strong>R3:<\/strong> \u017dilina til Martin<\/li>\n<li><strong>R4:<\/strong> Ko\u0161ice til den ungarske gr\u00e6nse<\/li>\n<li><strong>R6:<\/strong> Gr\u00e6nsen mellem Belu\u0161a og Tjekkiet<\/li>\n<\/ul>\n\n<h2 class=\"wp-block-heading\">\ud83d\uddfa\ufe0f Popul\u00e6re ruter gennem Slovakiet<\/h2>\n\n<h3 class=\"wp-block-heading\">Wien til Bratislava<\/h3>\n\n<p><strong>Afstand:<\/strong> ~65 km | <strong>Varighed:<\/strong> 45-60 minutter | <strong>Vignetter n\u00f8dvendige:<\/strong> \u00d8strigsk + Slovakisk<\/p>\n\n<p>De to hovedst\u00e6der ligger bem\u00e6rkelsesv\u00e6rdigt t\u00e6t p\u00e5 hinanden\u2014en af de korteste afstande mellem hovedstad og hovedstad i Europa. D4 ringvej tilbyder en direkte forbindelse. <\/p>\n\n<h3 class=\"wp-block-heading\">Bratislava til Prag (via D2 og tjekkiske motorveje)<\/h3>\n\n<p><strong>Afstand:<\/strong> ~330 km | <strong>Varighed:<\/strong> 3,5-4 timer | <strong>Vignetter n\u00f8dvendige:<\/strong> Slovakisk + <a href=\"https:\/\/vignettego.com\/highway-vignette-europe\/da\/tjekkiets-motorvejsvignette-2026-den-ultimative-e-znamka-guide\/\">Tjekkisk<\/a><\/p>\n\n<p>Direkte motorvejsforbindelse mellem de to hovedst\u00e6der via Brno. Fremragende vejforhold overalt. <\/p>\n\n<h3 class=\"wp-block-heading\">Bratislava til Budapest (via Ungarn)<\/h3>\n\n<p><strong>Afstand:<\/strong> ~200 km | <strong>Varighed:<\/strong> 2-2,5 timer | <strong>Vignetter n\u00f8dvendige:<\/strong> Slovakisk + <a href=\"https:\/\/vignettego.com\/highway-vignette-europe\/da\/ungarn-motorvejsvignette-2026-komplet-e-matrica-guide\/\">ungarsk E-Matrica<\/a><\/p>\n\n<p>Hurtig forbindelse mellem de to hovedst\u00e6der via D2 og den ungarske M15\/M1.<\/p>\n\n<h3 class=\"wp-block-heading\">Bratislava til De H\u00f8je Tatra (via D1)<\/h3>\n\n<p><strong>Afstand:<\/strong> ~330 km | <strong>Varighed:<\/strong> 4-4,5 timer<\/p>\n\n<p>Bem\u00e6rk: D1 er ikke helt f\u00e6rdig, s\u00e5 forvent nogle sektioner p\u00e5 almindelige veje. Fantastisk bjerglandskab venter! <\/p>\n\n<h3 class=\"wp-block-heading\">Krak\u00f3w til Bratislava (via Polen-Slovakiet)<\/h3>\n\n<p><strong>Distance:<\/strong> ~300 km | <strong>Varighed:<\/strong> 3,5-4 timer | <strong>Vignetter n\u00f8dvendige:<\/strong> Slovakisk (polske motorveje bruger kilometerafgift)<\/p>\n\n<p>Via D3 gennem \u017dilina eller via gr\u00e6nseovergangen ved Trsten\u00e1.<\/p>\n\n<div style=\"height:25px\" aria-hidden=\"true\" class=\"wp-block-spacer\"><\/div>\n\n<div class=\"wp-block-buttons is-content-justification-center is-layout-flex wp-container-core-buttons-is-layout-a89b3969 wp-block-buttons-is-layout-flex\">\n<div class=\"wp-block-button\"><a class=\"wp-block-button__link wp-element-button\" href=\"https:\/\/vignettego.com\/\" style=\"background-color:#ff6600;color:#ffffff;padding:15px 30px;font-size:18px;border-radius:8px;\">\ud83d\uded2 Bestil alle europ\u00e6iske vignetter p\u00e5 VignetteGo<\/a><\/div>\n<\/div>\n\n<div style=\"height:25px\" aria-hidden=\"true\" class=\"wp-block-spacer\"><\/div>\n\n<h2 class=\"wp-block-heading\">\u26a0\ufe0f Vigtige E-Znamka-regler<\/h2>\n\n<h3 class=\"wp-block-heading\">Gyldighedsperiode<\/h3>\n\n<ul class=\"wp-block-list\">\n<li><strong>10-dages:<\/strong> Gyldig i 10 p\u00e5 hinanden f\u00f8lgende dage fra den valgte startdato<\/li>\n<li><strong>30-dages:<\/strong> Gyldig i 30 sammenh\u00e6ngende dage fra den valgte startdato<\/li>\n<li><strong>365-dages:<\/strong> Gyldig i \u00e9t \u00e5r fra den valgte startdato<\/li>\n<\/ul>\n\n<h3 class=\"wp-block-heading\">Nummerpladeregistrering<\/h3>\n\n<p>E-Znamka er registreret til din <strong>n\u00f8jagtige nummerplade<\/strong> og <strong>landekode<\/strong>. Dobbelttjek for tastefejl, n\u00e5r du k\u00f8ber! Fejl kr\u00e6ver, at man k\u00f8ber en ny vignette.  <\/p>\n\n<h3 class=\"wp-block-heading\">B\u00f8der for manglende overholdelse<\/h3>\n\n<ul class=\"wp-block-list\">\n<li><strong>Standardb\u00f8de:<\/strong> EUR 100 til EUR 500<\/li>\n<li><strong>Nedsat b\u00f8de:<\/strong> Hvis betalingen sker inden for 15 dage<\/li>\n<li>H\u00e5ndh\u00e6velse via automatiske kamerasystemer (ANPR)<\/li>\n<\/ul>\n\n<h2 class=\"wp-block-heading\">\ud83d\udca1 Slovakiets k\u00f8retips for 2026<\/h2>\n\n<h3 class=\"wp-block-heading\">Hastighedsgr\u00e6nser<\/h3>\n\n<ul class=\"wp-block-list\">\n<li><strong>Motorveje:<\/strong> 130 km\/t<\/li>\n<li><strong>Motorveje:<\/strong> 130 km\/t<\/li>\n<li><strong>Hovedveje uden for bebyggede omr\u00e5der:<\/strong> 90 km\/t<\/li>\n<li><strong>Byomr\u00e5der:<\/strong> 50 km\/t<\/li>\n<\/ul>\n\n<h3 class=\"wp-block-heading\">P\u00e5kr\u00e6vet udstyr<\/h3>\n\n<ul class=\"wp-block-list\">\n<li>Advarselstrekant<\/li>\n<li>Reflekterende vest<\/li>\n<li>F\u00f8rstehj\u00e6lpskasse<\/li>\n<li><strong>Forlygter:<\/strong> Den skal v\u00e6re t\u00e6ndt hele tiden under k\u00f8rsel (dag og nat)<\/li>\n<li><strong>Vinterudstyr:<\/strong> 15. november &#8211; 31. marts \u2013 vinterd\u00e6k p\u00e5kr\u00e6vet, n\u00e5r forholdene kr\u00e6ver det<\/li>\n<\/ul>\n\n<h3 class=\"wp-block-heading\">Nultolerance alkoholpolitik<\/h3>\n\n<p>Slovakiet har <strong>nultolerancepolitik<\/strong> over for spiritusk\u00f8rsel. Alkoholgr\u00e6nsen er 0,0%. Straffene er h\u00e5rde.  <\/p>\n\n<h2 class=\"wp-block-heading\" id=\"faq-section\">\u2753 Ofte stillede sp\u00f8rgsm\u00e5l<\/h2>\n\n<h3 class=\"wp-block-heading\">Er motorvejen D1 f\u00e6rdig?<\/h3>\n\n<p>Nej, nogle sektioner af D1 mellem \u017dilina og Ko\u0161ice er stadig under opf\u00f8relse. Navigationsapps vil sende dig via alternative veje, hvor det er n\u00f8dvendigt. <\/p>\n\n<h3 class=\"wp-block-heading\">Skal jeg bruge en vignette for at krydse fra \u00d8strig til Ungarn via Slovakiet?<\/h3>\n\n<p>Ja, hvis du bruger slovakiske motorveje. Ruten fra Wien til Budapest via Bratislava kr\u00e6ver en slovakisk E-Znamka for den slovakiske str\u00e6kning. <\/p>\n\n<h3 class=\"wp-block-heading\">Hvad med Bratislava bymidte?<\/h3>\n\n<p>Der er ikke behov for vignette til almindelige veje i Bratislava. Kun motorvejssektionerne (D1, D2, D4) kr\u00e6ver en vignette. <\/p>\n\n<h3 class=\"wp-block-heading\">Kan jeg bruge almindelige veje for at undg\u00e5 at k\u00f8be en vignette?<\/h3>\n\n<p>Ja, men det \u00f8ger rejsetiden betydeligt, is\u00e6r p\u00e5 l\u00e6ngere rejser. For eksempel tager Bratislava til \u017dilina 2 timer p\u00e5 D1 mod 3,5+ timer p\u00e5 almindelige veje. <\/p>\n\n<div style=\"height:25px\" aria-hidden=\"true\" class=\"wp-block-spacer\"><\/div>\n\n<div class=\"wp-block-buttons is-content-justification-center is-layout-flex wp-container-core-buttons-is-layout-a89b3969 wp-block-buttons-is-layout-flex\">\n<div class=\"wp-block-button\"><a class=\"wp-block-button__link wp-element-button\" href=\"https:\/\/vignettego.com\/\" style=\"background-color:#e91e63;color:#ffffff;padding:15px 30px;font-size:18px;border-radius:8px;\">\ud83d\ude97 F\u00e5 dine europ\u00e6iske motorvejsvignetter hos VignetteGo \u2192<\/a><\/div>\n<\/div>\n\n<div style=\"height:25px\" aria-hidden=\"true\" class=\"wp-block-spacer\"><\/div>\n\n<h2 class=\"wp-block-heading\">\ud83c\udfd4\ufe0f Hvorfor bes\u00f8ge Slovakiet?<\/h2>\n\n<ul class=\"wp-block-list\">\n<li><strong>H\u00f8je Tatrabjerge:<\/strong> Verdens mindste h\u00f8je bjerge \u2013 spektakul\u00e6r alpelandskab<\/li>\n<li><strong>Bratislava:<\/strong> Charmerende hovedstad med en livlig gammel bydel og Donau-flodbredden<\/li>\n<li><strong>Spi\u0161 Slot:<\/strong> Et af de st\u00f8rste slotskomplekser i Centraleuropa (UNESCO)<\/li>\n<li><strong>Tr\u00e6kirker:<\/strong> Unikke UNESCO-listede tr\u00e6kirker i det \u00f8stlige Slovakiet<\/li>\n<li><strong>Termiske spaer:<\/strong> Fremragende termiske resorts som Pie\u0161\u0165any, Tren\u010dianske Teplice<\/li>\n<li><strong>Slovakisk Paradis:<\/strong> Fantastisk nationalpark med kl\u00f8fter, vandfald og via ferrata-stier<\/li>\n<li><strong>Vinlandet:<\/strong> Lidt kendte vinregioner, is\u00e6r Tokaj i \u00f8st<\/li>\n<\/ul>\n\n<h2 class=\"wp-block-heading\">\ud83d\udccd Konklusion<\/h2>\n\n<p>Slovakiet tilbyder en perfekt blanding af natursk\u00f8nhed, rig historie og centraleurop\u00e6isk charme. E-Znamka-systemet er ligetil\u2014k\u00f8b online inden din rejse, og nyd problemfri k\u00f8rsel p\u00e5 slovakiske motorveje. <\/p>\n\n<p>For flere landerejser kan du kombinere din slovakiske E-Znamka med vignetter fra <a href=\"https:\/\/vignettego.com\/highway-vignette-europe\/da\/tjekkiets-motorvejsvignette-2026-den-ultimative-e-znamka-guide\/\">Tjekkiet<\/a>, <a href=\"https:\/\/vignettego.com\/highway-vignette-europe\/da\/austria-highway-vignette-2026-komplet-guide-til-digitale-vignette\/\">\u00d8strig<\/a>, <a href=\"https:\/\/vignettego.com\/highway-vignette-europe\/da\/ungarn-motorvejsvignette-2026-komplet-e-matrica-guide\/\">Ungarn<\/a> og <a href=\"https:\/\/vignettego.com\/highway-vignette-europe\/da\/slovenien-motorvejsvignette-2026-komplet-e-vinjeta-guide\/\">Slovenien<\/a>. F\u00e5 alle dine vignetter samlet \u00e9t sted hos <a href=\"https:\/\/vignettego.com\/\" title=\"VignetteGo - Europ&#xE6;isk motorvejsvignetter\">VignetteGo<\/a>. <\/p>\n\n<p><strong>Nyd Slovakiet! \ud83c\uddf8\ud83c\uddf0\ud83c\udfd4\ufe0f <\/strong><\/p>\n\n<p><strong>Relaterede guider:<\/strong> <a href=\"https:\/\/vignettego.com\/highway-vignette-europe\/da\/tjekkiets-motorvejsvignette-2026-den-ultimative-e-znamka-guide\/\">Tjekkisk E-Znamka<\/a> | <a href=\"https:\/\/vignettego.com\/highway-vignette-europe\/da\/ungarn-motorvejsvignette-2026-komplet-e-matrica-guide\/\">Ungarn E-Matrica<\/a> | <a href=\"https:\/\/vignettego.com\/\">Alle europ\u00e6iske vignetter<\/a><\/p>\n","protected":false},"excerpt":{"rendered":"<p>Slovakiet er en skjult perle i Centraleuropa og byder p\u00e5 spektakul\u00e6r bjerglandskab i de h\u00f8je Tatraer, charmerende middelalderbyer som Bardejov og Levo\u010da, mystiske slotte og fremragende termiske kurbade. Uanset om du rejser gennem Slovakiet til Polen, Ukraine eller Ungarn, eller udforsker dette smukke land, skal du bruge den slovakiske E-Znamka (elektronisk vignette). Denne guide d\u00e6kker [&hellip;]<\/p>\n","protected":false},"author":0,"featured_media":0,"parent":0,"menu_order":0,"comment_status":"closed","ping_status":"closed","template":"","meta":{"footnotes":""},"class_list":["post-347","page","type-page","status-publish","hentry"],"_links":{"self":[{"href":"https:\/\/vignettego.com\/highway-vignette-europe\/da\/wp-json\/wp\/v2\/pages\/347","targetHints":{"allow":["GET"]}}],"collection":[{"href":"https:\/\/vignettego.com\/highway-vignette-europe\/da\/wp-json\/wp\/v2\/pages"}],"about":[{"href":"https:\/\/vignettego.com\/highway-vignette-europe\/da\/wp-json\/wp\/v2\/types\/page"}],"replies":[{"embeddable":true,"href":"https:\/\/vignettego.com\/highway-vignette-europe\/da\/wp-json\/wp\/v2\/comments?post=347"}],"version-history":[{"count":4,"href":"https:\/\/vignettego.com\/highway-vignette-europe\/da\/wp-json\/wp\/v2\/pages\/347\/revisions"}],"predecessor-version":[{"id":1402,"href":"https:\/\/vignettego.com\/highway-vignette-europe\/da\/wp-json\/wp\/v2\/pages\/347\/revisions\/1402"}],"wp:attachment":[{"href":"https:\/\/vignettego.com\/highway-vignette-europe\/da\/wp-json\/wp\/v2\/media?parent=347"}],"curies":[{"name":"wp","href":"https:\/\/api.w.org\/{rel}","templated":true}]}}