{"id":188,"date":"2025-09-30T22:27:07","date_gmt":"2025-09-30T22:27:07","guid":{"rendered":"https:\/\/vignettego.com\/highway-vignette-europe\/schweizisk-motorvejsvignet-den-komplette-guide\/"},"modified":"2025-09-30T23:10:56","modified_gmt":"2025-09-30T23:10:56","slug":"schweizisk-motorvejsvignet-den-komplette-guide","status":"publish","type":"page","link":"https:\/\/vignettego.com\/highway-vignette-europe\/da\/schweizisk-motorvejsvignet-den-komplette-guide\/","title":{"rendered":"Schweizisk motorvejsvignet: Den komplette guide"},"content":{"rendered":"\n<p><strong>At k\u00f8re gennem Schweiz er en af de mest betagende vejoplevelser i Europa.<\/strong> <\/p>\n\n<p>Landet er ber\u00f8mt for sine perfekte veje, imponerende tunneler og natursk\u00f8nne alpine landskaber, der g\u00f8r enhver rejse uforglemmelig.  <\/p>\n\n<p>Men f\u00f8r du begiver dig ud p\u00e5 en schweizisk motorvej, er der et vigtigt krav, du skal kende til: den <strong>\n  <a href=\"https:\/\/vignettego.com\/\" data-type=\"link\" data-id=\"https:\/\/vignettego.com\/\">Den schweiziske motorvejsvignet<\/a>\n<\/strong>.<\/p>\n\n<div style=\"height:40px\" aria-hidden=\"true\" class=\"wp-block-spacer\"><\/div>\n\n<div class=\"wp-block-buttons is-content-justification-center is-layout-flex wp-container-core-buttons-is-layout-a89b3969 wp-block-buttons-is-layout-flex\">\n<div class=\"wp-block-button\"><a class=\"wp-block-button__link has-text-align-center wp-element-button\" href=\"https:\/\/vignettego.com\/\">Schweizisk vignet hurtig<\/a><\/div>\n<\/div>\n\n<div style=\"height:40px\" aria-hidden=\"true\" class=\"wp-block-spacer\"><\/div>\n\n<p>Denne omfattende guide forklarer alt, hvad du har brug for at vide om det schweiziske motorvejsafgiftssystem &#8211; herunder hvordan vignetten fungerer, hvor meget den koster, hvor du kan k\u00f8be den, hvordan du undg\u00e5r b\u00f8der og nyttige tips til at g\u00f8re din rejse glat og stressfri.  <\/p>\n\n<p>Uanset om du planl\u00e6gger en bilferie p\u00e5 tv\u00e6rs af Europa eller blot k\u00f8rer gennem <strong>Schweiz<\/strong> p\u00e5 vej til Italien eller Frankrig, vil en forst\u00e5else af vignetsystemet spare dig for tid, penge og potentielle hovedpiner.<\/p>\n\n<h2 class=\"wp-block-heading\">Hvad er den schweiziske motorvejsvignet?<\/h2>\n\n<p><strong>Den schweiziske motorvejsvignet er et obligatorisk betalingsbevis for alle k\u00f8ret\u00f8jer op til 3,5 tons, herunder personbiler, varevogne, motorcykler og autocampere, der k\u00f8rer p\u00e5 schweiziske motorveje<em>(Autobahnen)<\/em> og motortrafikveje<em>(Autostrassen<\/em>).  <\/strong><\/p>\n\n<p>I mods\u00e6tning til mange europ\u00e6iske lande, der opkr\u00e6ver vejafgifter baseret p\u00e5 tilbagelagt afstand eller specifikke vejstr\u00e6kninger, bruger Schweiz et simpelt <strong>\n  <em>\u00e5rligt vignetsystem<\/em>\n<\/strong>. N\u00e5r vignetten er k\u00f8bt, giver den ret til ubegr\u00e6nset k\u00f8rsel p\u00e5 landets motorvejsnet i hele gyldighedsperioden. <\/p>\n\n<p>Systemet er ligetil: Hvis du planl\u00e6gger at k\u00f8re p\u00e5 en motorvej, selv p\u00e5 en kort str\u00e6kning, skal du have en gyldig <a href=\"https:\/\/vignettego.com\/\">vignet<\/a>. Hvis man ikke har en, kan det resultere i store b\u00f8der. <\/p>\n\n<h3 class=\"wp-block-heading\">N\u00f8glefakta i overblik<\/h3>\n\n<ul class=\"wp-block-list\">\n<li>Obligatorisk for alle k\u00f8ret\u00f8jer op til 3,5 tons, der k\u00f8rer p\u00e5 motorveje eller motortrafikveje<\/li>\n\n\n\n<li>G\u00e6lder for hele det schweiziske motorvejsnet &#8211; \u00e9n vignet d\u00e6kker alle ruter<\/li>\n\n\n\n<li>Fast \u00e5rligt gebyr i stedet for vejafgift pr. kilometer<\/li>\n\n\n\n<li>K\u00f8ret\u00f8jer over 3,5 tons er underlagt en separat afgift for tunge k\u00f8ret\u00f8jer (LSVA).<\/li>\n<\/ul>\n\n<h2 class=\"wp-block-heading\">Schweizisk vignetpris for 2026<\/h2>\n\n<p>Schweiz&#8217; bompengesystem er forfriskende enkelt. Der findes kun \u00e9n type <em>vignet<\/em> til private k\u00f8ret\u00f8jer, og den er gyldig i et helt \u00e5r: <\/p>\n\n<figure class=\"wp-block-table\"><table class=\"has-fixed-layout\"><thead><tr><th>K\u00f8ret\u00f8jstype<\/th><th>Pris<\/th><th>Gyldighed<\/th><\/tr><\/thead><tbody><tr><td>Biler, varevogne, autocampere (\u2264 3,5 tons)<\/td><td>CHF 40 (ca. \u20ac 42)<\/td><td>1 kalender\u00e5r (fra 1. december til 31. januar det f\u00f8lgende \u00e5r)<\/td><\/tr><tr><td>Motorcykler<\/td><td>CHF 40 (ca. \u20ac 42)<\/td><td>1 kalender\u00e5r (fra 1. december til 31. januar det f\u00f8lgende \u00e5r)<\/td><\/tr><\/tbody><\/table><\/figure>\n\n<p>Der er ingen kortvarige muligheder som 7-dages eller 1-m\u00e5neds pas. Selv hvis du kun rejser ind i landet en enkelt dag, skal du k\u00f8be en <a href=\"https:\/\/vignettego.com\/\">\u00e5rsvignet<\/a>.   <\/p>\n\n<p>Det kan virke dyrt for korte bes\u00f8g, men det giver god v\u00e6rdi, hvis du planl\u00e6gger flere ture eller et l\u00e6ngere ophold.<\/p>\n\n<div style=\"height:40px\" aria-hidden=\"true\" class=\"wp-block-spacer\"><\/div>\n\n<h2 class=\"wp-block-heading\">Hvor og hvordan k\u00f8ber man den schweiziske vignet?<\/h2>\n\n<p>Du kan k\u00f8be din <strong>\n  <em>\n    <a href=\"https:\/\/vignettego.com\/\">Schweizisk motorvejsvignet<\/a>\n  <\/em>\n<\/strong> p\u00e5 to m\u00e5der: som et traditionelt fysisk klisterm\u00e6rke eller som en digital vignet, der er knyttet til dit k\u00f8ret\u00f8js nummerplade. Begge muligheder er gyldige og lovligt anerkendte. <\/p>\n\n<h3 class=\"wp-block-heading\">1. Vignet med fysiske klisterm\u00e6rker<\/h3>\n\n<p>Den traditionelle vignet er en lille selvkl\u00e6bende m\u00e6rkat, som skal s\u00e6ttes p\u00e5 bilens forrude. Det er stadig en popul\u00e6r l\u00f8sning for mange bilister og er bredt tilg\u00e6ngelig i hele Europa. <\/p>\n\n<p><strong>Hvor kan man k\u00f8be klisterm\u00e6rkevignetten?<\/strong><\/p>\n\n<ul class=\"wp-block-list\">\n<li>Ved schweiziske gr\u00e6nseovergange og toldkontorer<\/li>\n\n\n\n<li>P\u00e5 tankstationer n\u00e6r den schweiziske gr\u00e6nse (i Tyskland, \u00d8strig, Italien og Frankrig)<\/li>\n\n\n\n<li>P\u00e5 schweiziske posthuse og bilistorganisationer<\/li>\n\n\n\n<li>Fra bilklubber som ADAC eller \u00d6AMTC<\/li>\n<\/ul>\n\n<div style=\"height:40px\" aria-hidden=\"true\" class=\"wp-block-spacer\"><\/div>\n\n<div class=\"wp-block-buttons is-content-justification-center is-layout-flex wp-container-core-buttons-is-layout-a89b3969 wp-block-buttons-is-layout-flex\">\n<div class=\"wp-block-button\"><a class=\"wp-block-button__link wp-element-button\" href=\"https:\/\/vignettego.com\/\">VignetteGO &#8211; f\u00e5 Vignette hurtigt<\/a><\/div>\n<\/div>\n\n<div style=\"height:40px\" aria-hidden=\"true\" class=\"wp-block-spacer\"><\/div>\n\n<p><strong>S\u00e5dan anvender du den:<\/strong> Tr\u00e6k beskyttelseslaget af, og kl\u00e6b vignetten p\u00e5 indersiden af forruden, helst i \u00f8verste venstre hj\u00f8rne eller bag bakspejlet. N\u00e5r klisterm\u00e6rket er fjernet, kan det ikke genbruges eller overf\u00f8res til et andet k\u00f8ret\u00f8j. <\/p>\n\n<h3 class=\"wp-block-heading\">2. Digital vignet (anbefales)<\/h3>\n\n<p>Siden 2023 har Schweiz tilbudt en <a href=\"https:\/\/vignettego.com\/\">digital vignet<\/a>. Denne version er knyttet til din nummerplade og eliminerer behovet for en fysisk m\u00e6rkat. Det er en praktisk l\u00f8sning, is\u00e6r for dem, der ofte skifter k\u00f8ret\u00f8j eller \u00f8nsker at undg\u00e5 besv\u00e6ret med at p\u00e5s\u00e6tte og fjerne m\u00e6rkaten.  <\/p>\n\n<p><strong>Fordele ved den digitale vignet:<\/strong><\/p>\n\n<ul class=\"wp-block-list\">\n<li>Hurtigt og nemt onlinek\u00f8b &#8211; gennemf\u00f8r processen p\u00e5 f\u00e5 minutter<\/li>\n\n\n\n<li>Ingen grund til at fastg\u00f8re eller fjerne noget fra din forrude<\/li>\n\n\n\n<li>Kan nemt opdateres, hvis du skifter forrude eller nummerplade<\/li>\n\n\n\n<li>Mulighed for automatisk fornyelse<\/li>\n<\/ul>\n\n<p><strong>Hvor kan man k\u00f8be den online?<\/strong> En af de nemmeste m\u00e5der er via den officielle schweiziske platform eller via p\u00e5lidelige onlineudbydere. Hvis du vil spare tid og undg\u00e5 k\u00f8er ved gr\u00e6nsen, kan du <a href=\"https:\/\/vignettego.com\/\" target=\"_blank\" rel=\"noreferrer noopener\">k\u00f8be din schweiziske vignet online her<\/a> p\u00e5 bare et par minutter. <\/p>\n\n<p><a href=\"https:\/\/vignettego.com\/\" target=\"_blank\" rel=\"noreferrer noopener\">K\u00f8b din schweiziske vignet online nu<\/a><\/p>\n\n<div style=\"height:40px\" aria-hidden=\"true\" class=\"wp-block-spacer\"><\/div>\n\n<h2 class=\"wp-block-heading\">Fysisk vs. digital: Hvad skal du v\u00e6lge?<\/h2>\n\n<p><strong>Begge muligheder giver samme juridiske ret til at bruge de schweiziske motorveje, men den digitale vignet bliver mere og mere popul\u00e6r p\u00e5 grund af dens bekvemmelighed.  <\/strong><\/p>\n\n<p>Hvis du lejer en bil i Schweiz, f\u00f8lger der n\u00e6sten altid en vignet med. Men hvis du lejer i udlandet og planl\u00e6gger at k\u00f8re ind i Schweiz, skal du tjekke, om bilen allerede har en vignet &#8211; det har de fleste ikke. <\/p>\n\n<p>Hvis du s\u00e6tter pris p\u00e5 fleksibilitet og enkelhed, er den digitale vignet det bedste valg. P\u00e5 den anden side, hvis du foretr\u00e6kker at k\u00f8be den p\u00e5 stedet eller ikke \u00f8nsker at indtaste dine nummerpladeoplysninger online, er den fysiske version stadig en sikker l\u00f8sning. <\/p>\n\n<h2 class=\"wp-block-heading\">Gyldighedsperiode og fornyelse<\/h2>\n\n<p>En anden fordel ved det schweiziske system er den gener\u00f8se gyldighedsperiode. Hver vignet er gyldig i 14 m\u00e5neder, ikke kun 12. Det betyder, at du kan bruge den i to vintre eller to somre, hvis du planl\u00e6gger dine rejser fornuftigt.  <\/p>\n\n<ul class=\"wp-block-list\">\n<li><strong>Startdato:<\/strong> 1. december \u00e5ret f\u00f8r<\/li>\n\n\n\n<li><strong>Slutdato:<\/strong> 31. januar i det f\u00f8lgende \u00e5r<\/li>\n<\/ul>\n\n<p>For eksempel er 2026-vignetten gyldig fra 1. december 2024 til 31. januar 2026. Hvis du k\u00f8ber den tidligt, f\u00e5r du faktisk to ekstra m\u00e5neder uden ekstra omkostninger. <\/p>\n\n<div style=\"height:40px\" aria-hidden=\"true\" class=\"wp-block-spacer\"><\/div>\n\n<div class=\"wp-block-buttons is-content-justification-center is-layout-flex wp-container-core-buttons-is-layout-a89b3969 wp-block-buttons-is-layout-flex\">\n<div class=\"wp-block-button\"><a class=\"wp-block-button__link wp-element-button\" href=\"https:\/\/vignettego.com\/\">Motorvejens e-vignetter<\/a><\/div>\n<\/div>\n\n<div style=\"height:40px\" aria-hidden=\"true\" class=\"wp-block-spacer\"><\/div>\n\n<h2 class=\"wp-block-heading\">Har udenlandske chauff\u00f8rer brug for en vignet?<\/h2>\n\n<p><strong>Ja, vignetkravet g\u00e6lder for alle k\u00f8ret\u00f8jer, uanset hvor de er indregistreret.   <\/strong><\/p>\n\n<p>Hvis du k\u00f8rer ind i Schweiz fra et naboland, skal du k\u00f8be en vignet, f\u00f8r eller umiddelbart efter du k\u00f8rer ind p\u00e5 motorvejsnettet. Politiet kontrollerer ofte k\u00f8ret\u00f8jer i n\u00e6rheden af gr\u00e6nseovergange, motorvejstilk\u00f8rsler og rastepladser. <\/p>\n\n<p>Selv hvis du blot er p\u00e5 gennemrejse i Schweiz i en time, har du brug for en. Det er ikke risikoen v\u00e6rd at fors\u00f8ge at k\u00f8re uden vignet &#8211; b\u00f8derne er h\u00f8je, og h\u00e5ndh\u00e6velsen er streng. <\/p>\n\n<p><a href=\"https:\/\/vignettego.com\/\" target=\"_blank\" rel=\"noreferrer noopener\">K\u00f8b Swiss Vignette p\u00e5 f\u00e5 minutter<\/a><\/p>\n\n<div style=\"height:39px\" aria-hidden=\"true\" class=\"wp-block-spacer\"><\/div>\n\n<h2 class=\"wp-block-heading\">B\u00f8der og straffe for at k\u00f8re uden vignet<\/h2>\n\n<p><strong>At k\u00f8re p\u00e5 schweiziske motorveje uden en gyldig vignet betragtes som en alvorlig trafikforseelse.  <\/strong><\/p>\n\n<p>Myndighederne h\u00e5ndh\u00e6ver vignetkravet strengt, og b\u00f8derne er h\u00f8je for at afskr\u00e6kke fra manglende overholdelse. Hvis du bliver stoppet af politiet eller taget i en vejkontrol uden vignet, f\u00e5r du en b\u00f8de: <\/p>\n\n<ul class=\"wp-block-list\">\n<li>En standardb\u00f8de p\u00e5 <strong>200 CHF<\/strong> (ca. 210 \u20ac)<\/li>\n\n\n\n<li>Umiddelbar forpligtelse til at <a href=\"https:\/\/vignettego.com\/\">k\u00f8be en vignet<\/a> p\u00e5 stedet<\/li>\n<\/ul>\n\n<p>Der er ingen afdragsfri periode og ingen undtagelser. Kravet begynder i det \u00f8jeblik, du k\u00f8rer ind p\u00e5 en motorvej eller motortrafikvej. Selv hvis du k\u00f8rer bare \u00e9n kilometer uden vignet, skal du betale den fulde b\u00f8de.    <\/p>\n\n<p>Det er v\u00e6rd at bem\u00e6rke, at der ikke kun udstedes b\u00f8der ved gr\u00e6nseovergangene, men ogs\u00e5 dybt inde i landet, hvor tilf\u00e6ldige vejkontroller er almindelige.<\/p>\n\n<p>Fordi prisen p\u00e5 vignetten er s\u00e5 lav sammenlignet med b\u00f8den, er det altid klogere at k\u00f8be en p\u00e5 forh\u00e5nd. At k\u00f8be online f\u00f8r din rejse er den nemmeste m\u00e5de at undg\u00e5 un\u00f8dvendige problemer p\u00e5. <\/p>\n\n<p><a href=\"https:\/\/vignettego.com\/\" target=\"_blank\" rel=\"noreferrer noopener\">K\u00f8b din schweiziske vignet og undg\u00e5 b\u00f8der<\/a><\/p>\n\n<div style=\"height:40px\" aria-hidden=\"true\" class=\"wp-block-spacer\"><\/div>\n\n<h2 class=\"wp-block-heading\">S\u00e6rlige vejafgifter og undtagelser<\/h2>\n\n<p><strong>Mens vignetten p\u00e5 40 CHF d\u00e6kker n\u00e6sten hele det schweiziske motorvejsnet, er der nogle f\u00e5 tunneler og bjergruter, hvor der opkr\u00e6ves ekstra afgifter.  <\/strong><\/p>\n\n<p>Det er typisk lange, dyre infrastrukturprojekter, som kr\u00e6ver separate vedligeholdelsesafgifter.<\/p>\n\n<figure class=\"wp-block-table\"><table class=\"has-fixed-layout\"><thead><tr><th>Rute\/tunnel<\/th><th>Yderligere afgifter<\/th><th>Noter<\/th><\/tr><\/thead><tbody><tr><td>Den store Sankt Bernhard-tunnel (gr\u00e6nsen til Italien)<\/td><td>~CHF 30<\/td><td>Betales i betalingsanl\u00e6gget eller online<\/td><\/tr><tr><td>Munt la Schera-tunnelen (til Livigno, Italien)<\/td><td>~CHF 15-30<\/td><td>S\u00e6sonbestemt vej, vejafgift varierer efter \u00e5rstid<\/td><\/tr><tr><td>San Bernardino Pass<\/td><td>Inkluderet<\/td><td>Ingen ekstra afgift, men afh\u00e6ngig af vejret<\/td><\/tr><\/tbody><\/table><\/figure>\n\n<p>K\u00f8ret\u00f8jer over 3,5 ton, som f.eks. tunge autocampere, lastbiler eller busser, er underlagt en afgift <strong>for tunge k\u00f8ret\u00f8jer (LSVA).<\/strong> Denne afgift beregnes ud fra afstand, v\u00e6gt og emissionskategori og betales normalt separat gennem transportvirksomheder eller p\u00e5 toldkontorer. <\/p>\n\n<div style=\"height:40px\" aria-hidden=\"true\" class=\"wp-block-spacer\"><\/div>\n\n<div class=\"wp-block-buttons is-content-justification-center is-layout-flex wp-container-core-buttons-is-layout-a89b3969 wp-block-buttons-is-layout-flex\">\n<div class=\"wp-block-button\"><a class=\"wp-block-button__link wp-element-button\">Den mest p\u00e5lidelige e-vignettjeneste i Europa<\/a><\/div>\n<\/div>\n\n<div style=\"height:40px\" aria-hidden=\"true\" class=\"wp-block-spacer\"><\/div>\n\n<h2 class=\"wp-block-heading\">K\u00f8retips til Schweiz<\/h2>\n\n<p><strong>Schweiz er kendt for sin strenge f\u00e6rdselslov og velholdte infrastruktur.  <\/strong><\/p>\n\n<p>Hvis du overholder reglerne, er du ikke kun sikker, men du undg\u00e5r ogs\u00e5 dyre b\u00f8der. Her er nogle nyttige tips, f\u00f8r du k\u00f8rer ud i trafikken: <\/p>\n\n<ul class=\"wp-block-list\">\n<li><strong>Hastighedsgr\u00e6nser:<\/strong> 120 km\/t p\u00e5 motorveje, 100 km\/t p\u00e5 motortrafikveje, 80 km\/t p\u00e5 landeveje, 50 km\/t i byer.<\/li>\n\n\n\n<li><strong>Vinterd\u00e6k:<\/strong> Ikke lovpligtigt, men st\u00e6rkt anbefalet fra november til marts, is\u00e6r i bjergomr\u00e5der.<\/li>\n\n\n\n<li><strong>Lygter:<\/strong> N\u00e6rlys er obligatorisk om dagen.<\/li>\n\n\n\n<li><strong>Mobiltelefoner:<\/strong> Det er ulovligt og forbundet med store b\u00f8der at bruge en telefon uden h\u00e5ndfrit system.<\/li>\n\n\n\n<li><strong>Promillegr\u00e6nse:<\/strong> 0,5\u2030 (lavere for nye chauff\u00f8rer og erhvervschauff\u00f8rer).<\/li>\n\n\n\n<li><strong>Parkering:<\/strong> Parkeringsreglerne h\u00e5ndh\u00e6ves strengt. Brug altid afm\u00e6rkede pladser, og v\u00e6r opm\u00e6rksom p\u00e5 tidsbegr\u00e6nsninger. <\/li>\n<\/ul>\n\n<p>Schweiz har ogs\u00e5 nogle af de mest natursk\u00f8nne ruter i Europa, s\u00e5som Furkapasset, Gotthardpasset og Bernina Road.  <\/p>\n\n<p>Selv om disse veje m\u00e5ske ikke kr\u00e6ver en vignet, hvis de ikke er en del af motorvejsnettet, lukker de ofte om vinteren p\u00e5 grund af sne, s\u00e5 tjek altid s\u00e6sonforholdene, f\u00f8r du rejser.<\/p>\n\n<div style=\"height:40px\" aria-hidden=\"true\" class=\"wp-block-spacer\"><\/div>\n\n<h2 class=\"wp-block-heading\">Alternative strategier for korte ture<\/h2>\n\n<p>Hvis du planl\u00e6gger at rejse gennem Schweiz og synes, at 40 CHF er for meget for en kort rejse, er der et par alternativer &#8211; men hver af dem har sine ulemper:<\/p>\n\n<ul class=\"wp-block-list\">\n<li><strong>Brug veje, der ikke er motorveje:<\/strong> Veje markeret med bl\u00e5 skilte er gratis, men de er langsommere og g\u00e5r ofte gennem byer og landsbyer.<\/li>\n\n\n\n<li><strong>Park\u00e9r og k\u00f8r:<\/strong> Parker din bil n\u00e6r gr\u00e6nsen, og rejs ind i Schweiz med tog. Det schweiziske jernbanenet er hurtigt, p\u00e5lideligt og d\u00e6kker selv fjerntliggende bjergbyer. <\/li>\n\n\n\n<li><strong>G\u00f8r det til en del af en rejse:<\/strong> Hvis du alligevel betaler for vignetten, s\u00e5 planl\u00e6g stop i schweiziske byer eller naturattraktioner for at f\u00e5 mere ud af dit bes\u00f8g.<\/li>\n<\/ul>\n\n<p>I sidste ende er vignetten p\u00e5 40 CHF en lille pris for ubegr\u00e6nset adgang til et af verdens bedste vejnet. For de fleste rejsende er det investeringen v\u00e6rd. <\/p>\n\n<div style=\"height:40px\" aria-hidden=\"true\" class=\"wp-block-spacer\"><\/div>\n\n<h2 class=\"wp-block-heading\">Ofte stillede sp\u00f8rgsm\u00e5l (FAQ)<\/h2>\n\n<h3 class=\"wp-block-heading\">Har jeg brug for en vignet, hvis jeg kun k\u00f8rer p\u00e5 sekund\u00e6re veje?<\/h3>\n\n<p>Nej. Vignetten er kun p\u00e5kr\u00e6vet p\u00e5 motorveje og motortrafikveje, som er markeret med gr\u00f8nne skilte med hvide tal. Veje markeret med bl\u00e5 skilte kan frit benyttes uden vignet.  <\/p>\n\n<h3 class=\"wp-block-heading\">Kan jeg overf\u00f8re min vignet til et andet k\u00f8ret\u00f8j?<\/h3>\n\n<p>Nej. B\u00e5de de fysiske og digitale vignetter er knyttet til et bestemt k\u00f8ret\u00f8j. Fysiske vignetter destrueres, n\u00e5r de fjernes, og digitale vignetter er knyttet til den nummerplade, der indtastes ved k\u00f8bet.  <\/p>\n\n<h3 class=\"wp-block-heading\">Hvad sker der, hvis jeg \u00e6ndrer min nummerplade?<\/h3>\n\n<p>Hvis du har en digital vignet, kan du normalt opdatere registreringsoplysningerne online. Hvis du har en fysisk vignet, skal du k\u00f8be en ny. <\/p>\n\n<h3 class=\"wp-block-heading\">Er udlejningsbiler i Schweiz allerede udstyret med en vignet?<\/h3>\n\n<p>De fleste udlejningsbiler, der afhentes i Schweiz, har en vignet inkluderet i prisen. Men det g\u00e6lder normalt ikke for biler, der lejes uden for Schweiz. Tjek altid med udlejningsfirmaet p\u00e5 forh\u00e5nd.  <\/p>\n\n<h3 class=\"wp-block-heading\">Tilbyder Schweiz kortvarige vignetter til turister?<\/h3>\n\n<p>Nej. I mods\u00e6tning til \u00d8strig og Slovenien tilbyder Schweiz kun en \u00e5rsvignet. Selv hvis du kun er p\u00e5 bes\u00f8g en enkelt dag, skal du k\u00f8be et hel\u00e5rskort.  <\/p>\n\n<div style=\"height:40px\" aria-hidden=\"true\" class=\"wp-block-spacer\"><\/div>\n\n<h2 class=\"wp-block-heading\">De sidste tanker: En lille investering for en f\u00f8rsteklasses k\u00f8reoplevelse<\/h2>\n\n<p>Den schweiziske motorvejsvignet er et af de enkleste og mest omkostningseffektive bompengesystemer i Europa. For et fast bel\u00f8b p\u00e5 40 CHF om \u00e5ret f\u00e5r du ubegr\u00e6nset adgang til et vejnet, der er sikkert, hurtigt og natursk\u00f8nt.   <\/p>\n\n<p>Bekvemmeligheden ved ikke at skulle stoppe ved betalingsanl\u00e6g og kvaliteten af den schweiziske infrastruktur g\u00f8r den til en vigtig del af enhver biltur i regionen.<\/p>\n\n<p>Uanset om du udforsker maleriske alpelandsbyer, k\u00f8rer til skisportssteder i verdensklasse eller blot krydser landet som en del af en st\u00f8rre europ\u00e6isk rejse, giver vignetten ro i sindet og en problemfri oplevelse.  <\/p>\n\n<p><strong>Du skal ikke risikere b\u00f8der eller forsinkelser &#8211; f\u00e5 din vignet, f\u00f8r du rejser, og nyd Schweiz&#8217; veje, som det var meningen, de skulle opleves.<\/strong><\/p>\n\n<p><a href=\"https:\/\/vignettego.com\/\" target=\"_blank\" rel=\"noreferrer noopener\">K\u00f8b din schweiziske vignet online i dag<\/a><\/p>\n\n<p>K\u00f8b din officielle schweiziske motorvejsvignet online p\u00e5 <a href=\"https:\/\/vignettego.com\/\" target=\"_blank\" rel=\"noreferrer noopener\">VignetteGo<\/a>, og v\u00e6r klar til at k\u00f8re p\u00e5 vejen p\u00e5 f\u00e5 minutter.<\/p>\n\n<div style=\"height:40px\" aria-hidden=\"true\" class=\"wp-block-spacer\"><\/div>\n\n<div class=\"wp-block-buttons is-content-justification-center is-layout-flex wp-container-core-buttons-is-layout-a89b3969 wp-block-buttons-is-layout-flex\">\n<div class=\"wp-block-button\"><a class=\"wp-block-button__link wp-element-button\" href=\"https:\/\/vignettego.com\/\">Pr\u00f8v VignetteGO.com<\/a><\/div>\n<\/div>\n\n<div style=\"height:40px\" aria-hidden=\"true\" class=\"wp-block-spacer\"><\/div>\n\n<p><strong>TAGS:<\/strong><\/p>\n\n<p class=\"has-medium-font-size\">Schweizisk motorvejsvignet, Schweizisk motorvejsafgift, K\u00f8b schweizisk vignet online, Schweizisk vejskat 2026, Schweizisk k\u00f8revejledning, Motorvejspas Schweiz, Schweizisk motorvejsm\u00e6rkat, <a href=\"https:\/\/vignettego.com\/\">Digital vignet<\/a> Schweiz, Schweiziske betalingsveje forklaret, Schweiziske bilrejsetips, Schweizisk biltur, Schweiziske k\u00f8rselsregler, Vignetomkostninger Schweiz, Hvor kan man k\u00f8be schweizisk vignet, Undg\u00e5 schweiziske vignetb\u00f8der, Schweizisk motorvejsnet, \u00c5rlig vignet Schweiz, Schweizisk motorvejstilladelse, Schweiz rejser i bil<\/p>\n\n<p><\/p>\n","protected":false},"excerpt":{"rendered":"<p>At k\u00f8re gennem Schweiz er en af de mest betagende vejoplevelser i Europa. Landet er ber\u00f8mt for sine perfekte veje, imponerende tunneler og natursk\u00f8nne alpine landskaber, der g\u00f8r enhver rejse uforglemmelig. Men f\u00f8r du begiver dig ud p\u00e5 en schweizisk motorvej, er der et vigtigt krav, du skal kende til: den Den schweiziske motorvejsvignet . [&hellip;]<\/p>\n","protected":false},"author":1,"featured_media":81,"parent":0,"menu_order":0,"comment_status":"closed","ping_status":"closed","template":"","meta":{"footnotes":""},"class_list":["post-188","page","type-page","status-publish","has-post-thumbnail","hentry"],"_links":{"self":[{"href":"https:\/\/vignettego.com\/highway-vignette-europe\/da\/wp-json\/wp\/v2\/pages\/188","targetHints":{"allow":["GET"]}}],"collection":[{"href":"https:\/\/vignettego.com\/highway-vignette-europe\/da\/wp-json\/wp\/v2\/pages"}],"about":[{"href":"https:\/\/vignettego.com\/highway-vignette-europe\/da\/wp-json\/wp\/v2\/types\/page"}],"author":[{"embeddable":true,"href":"https:\/\/vignettego.com\/highway-vignette-europe\/da\/wp-json\/wp\/v2\/users\/1"}],"replies":[{"embeddable":true,"href":"https:\/\/vignettego.com\/highway-vignette-europe\/da\/wp-json\/wp\/v2\/comments?post=188"}],"version-history":[{"count":1,"href":"https:\/\/vignettego.com\/highway-vignette-europe\/da\/wp-json\/wp\/v2\/pages\/188\/revisions"}],"predecessor-version":[{"id":189,"href":"https:\/\/vignettego.com\/highway-vignette-europe\/da\/wp-json\/wp\/v2\/pages\/188\/revisions\/189"}],"wp:featuredmedia":[{"embeddable":true,"href":"https:\/\/vignettego.com\/highway-vignette-europe\/da\/wp-json\/wp\/v2\/media\/81"}],"wp:attachment":[{"href":"https:\/\/vignettego.com\/highway-vignette-europe\/da\/wp-json\/wp\/v2\/media?parent=188"}],"curies":[{"name":"wp","href":"https:\/\/api.w.org\/{rel}","templated":true}]}}