{"id":664,"date":"2026-01-04T01:39:43","date_gmt":"2026-01-04T01:39:43","guid":{"rendered":"https:\/\/vignettego.com\/highway-vignette-europe\/rumunska-dalnicni-vigneta-2026-kompletni-pruvodce-rovinietou\/"},"modified":"2026-01-04T12:40:20","modified_gmt":"2026-01-04T12:40:20","slug":"rumunska-dalnicni-vigneta-2026-kompletni-pruvodce-rovinietou","status":"publish","type":"page","link":"https:\/\/vignettego.com\/highway-vignette-europe\/cs\/rumunska-dalnicni-vigneta-2026-kompletni-pruvodce-rovinietou\/","title":{"rendered":"Rumunsk\u00e1 d\u00e1lni\u010dn\u00ed vigneta 2026: Kompletn\u00ed pr\u016fvodce Rovinietou"},"content":{"rendered":"\n<script type=\"application\/ld+json\">{\n    \"@context\": \"https:\/\/schema.org\",\n    \"@graph\": [\n        {\n            \"@type\": \"Article\",\n            \"@id\": \"https:\/\/vignettego.com\/highway-vignette-europe\/romania-highway-vignette-guide\/#article\",\n            \"headline\": \"Romania Highway Vignette 2026: Complete Rovinieta Guide\",\n            \"description\": \"Everything about Romanian electronic highway vignettes (Rovinieta). Europe most affordable toll system! Learn about pricing, validity, Transylvania routes, and the famous Transf\u0103g\u0103r\u0103\u0219an road.\",\n            \"image\": \"https:\/\/vignettego.com\/highway-vignette-europe\/wp-content\/uploads\/2026\/09\/Highway-Vignette-Europe.jpg\",\n            \"datePublished\": \"2026-01-04\",\n            \"dateModified\": \"2026-01-04\",\n            \"author\": {\"@type\": \"Organization\", \"name\": \"VignetteGo\", \"url\": \"https:\/\/vignettego.com\"},\n            \"publisher\": {\"@type\": \"Organization\", \"name\": \"VignetteGo\"},\n            \"mainEntityOfPage\": {\"@type\": \"WebPage\", \"@id\": \"https:\/\/vignettego.com\/highway-vignette-europe\/romania-highway-vignette-guide\/\"},\n            \"articleSection\": \"Highway Vignettes\",\n            \"keywords\": [\"Romania vignette\", \"Rovinieta\", \"Romania highway toll\", \"Romanian motorway pass\", \"Transylvania road trip\", \"Transfagarasan\"],\n            \"inLanguage\": \"en\",\n            \"speakable\": {\"@type\": \"SpeakableSpecification\", \"cssSelector\": [\".article-intro\", \"#faq-section\"]}\n        },\n        {\n            \"@type\": \"BreadcrumbList\",\n            \"itemListElement\": [\n                {\"@type\": \"ListItem\", \"position\": 1, \"name\": \"VignetteGo\", \"item\": \"https:\/\/vignettego.com\/\"},\n                {\"@type\": \"ListItem\", \"position\": 2, \"name\": \"Highway Vignette Europe\", \"item\": \"https:\/\/vignettego.com\/highway-vignette-europe\/\"},\n                {\"@type\": \"ListItem\", \"position\": 3, \"name\": \"Romania Guide\", \"item\": \"https:\/\/vignettego.com\/highway-vignette-europe\/romania-highway-vignette-guide\/\"}\n            ]\n        },\n        {\n            \"@type\": \"FAQPage\",\n            \"mainEntity\": [\n                {\"@type\": \"Question\", \"name\": \"How much does the Romanian Rovinieta cost?\", \"acceptedAnswer\": {\"@type\": \"Answer\", \"text\": \"The Romanian Rovinieta is Europe cheapest highway vignette! A 7-day vignette costs approximately EUR 3.50, 30-day costs EUR 7, and annual costs just EUR 28.\"}},\n                {\"@type\": \"Question\", \"name\": \"Where can I buy the Romanian Rovinieta?\", \"acceptedAnswer\": {\"@type\": \"Answer\", \"text\": \"You can buy the Rovinieta online at VignetteGo or the official roviniete.ro website, or at gas stations and border crossings in Romania. Online purchase is recommended for convenience.\"}},\n                {\"@type\": \"Question\", \"name\": \"Is the Transf\u0103g\u0103r\u0103\u0219an road toll-free?\", \"acceptedAnswer\": {\"@type\": \"Answer\", \"text\": \"Yes, the Transf\u0103g\u0103r\u0103\u0219an (DN7C) is a national road, not a motorway, so no Rovinieta is needed specifically for it. However, you will likely use toll roads to reach it, so a Rovinieta is still recommended.\"}},\n                {\"@type\": \"Question\", \"name\": \"What are the fines for driving without Rovinieta?\", \"acceptedAnswer\": {\"@type\": \"Answer\", \"text\": \"Fines for driving without a valid Rovinieta range from EUR 50-200 depending on how far you traveled without one. With a 7-day vignette costing just EUR 3.50, there is no reason to risk a fine.\"}},\n                {\"@type\": \"Question\", \"name\": \"Which roads require Rovinieta in Romania?\", \"acceptedAnswer\": {\"@type\": \"Answer\", \"text\": \"The Rovinieta is required on all national roads (DN roads) and motorways (autostrada) in Romania. This includes the A1, A2, A3, A10, and all DN-numbered roads.\"}}\n            ]\n        }\n    ]\n}\n<\/script>\n\n<figure class=\"wp-block-image aligncenter size-large\"><img decoding=\"async\" src=\"https:\/\/vignettego.com\/highway-vignette-europe\/wp-content\/uploads\/2026\/09\/Highway-Vignette-Europe.jpg\" alt=\"Romania Rovinieta 2026 &#x2013; Kompletn&#xED; pr&#x16F;vodce rumunsk&#xFD;m syst&#xE9;mem diagn&#xF3;zn&#xED;ch vin&#x11B;t\" style=\"width:100%; height:auto; margin-bottom:20px;\"\/><\/figure>\n\n<p class=\"article-intro\">Rumunsko nab\u00edz\u00ed n\u011bkter\u00e9 z nejp\u016fsobiv\u011bj\u0161\u00edch evropsk\u00fdch cest \u2013 od legend\u00e1rn\u00edch hrad\u016f Transylv\u00e1nie p\u0159es \u00fachvatn\u00e9 pl\u00e1\u017ee \u010cern\u00e9ho mo\u0159e, majest\u00e1tn\u00ed Karpaty a\u017e po jedine\u010dnou deltu Dunaje. A tady je ta nejlep\u0161\u00ed zpr\u00e1va: Rumunsko m\u00e1 <strong>nejdostupn\u011bj\u0161\u00ed evropskou d\u00e1lni\u010dn\u00ed vin\u011btu<\/strong>, zvanou <strong>Rovinieta<\/strong>. Za p\u00e1r eur za t\u00fdden je prozkoum\u00e1v\u00e1n\u00ed Rumunska autem neuv\u011b\u0159iteln\u011b cenov\u011b dostupn\u00e9. Tento komplexn\u00ed pr\u016fvodce pokr\u00fdv\u00e1 v\u0161e, co pot\u0159ebujete v\u011bd\u011bt o rumunsk\u00fdch m\u00fdtn\u00fdch silnic\u00edch v roce 2026, v\u010detn\u011b slavn\u00e9 Transf\u0103g\u0103r\u0103\u0219an \u2013 jedn\u00e9 z nejlep\u0161\u00edch silni\u010dn\u00edch silnic na sv\u011bt\u011b.   <\/p>\n\n<div style=\"height:25px\" aria-hidden=\"true\" class=\"wp-block-spacer\"><\/div>\n\n<div class=\"wp-block-buttons is-content-justification-center is-layout-flex wp-container-core-buttons-is-layout-a89b3969 wp-block-buttons-is-layout-flex\">\n<div class=\"wp-block-button\"><a class=\"wp-block-button__link wp-element-button\" href=\"https:\/\/vignettego.com\/\" style=\"background-color:#0066cc;color:#ffffff;padding:15px 30px;font-size:18px;border-radius:8px;\">\ud83d\ude97 Z\u00edskejte svou rumunskou rovinietu na VignetteGo<\/a><\/div>\n<\/div>\n\n<div style=\"height:25px\" aria-hidden=\"true\" class=\"wp-block-spacer\"><\/div>\n\n<h2 class=\"wp-block-heading\">\ud83c\uddf7\ud83c\uddf4 Co je rumunsk\u00e1 rovinieta?<\/h2>\n\n<p>Rumunsko provozuje <strong>\u010dasov\u011b \u0159\u00edzen\u00fd elektronick\u00fd m\u00fdtn\u00fd syst\u00e9m<\/strong> nazvan\u00fd <strong>Rovinieta<\/strong> (z rumunsk\u00e9ho &#8222;road vignette&#8220;). Syst\u00e9m je pln\u011b digit\u00e1ln\u00ed \u2013 va\u0161e registra\u010dn\u00ed zna\u010dka je registrov\u00e1na v centr\u00e1ln\u00ed datab\u00e1zi a ov\u011b\u0159ena bezpe\u010dnostn\u00edmi kamerami po cel\u00e9 zemi. Nen\u00ed pot\u0159eba \u017e\u00e1dn\u00e1 fyzick\u00e1 n\u00e1lepka; V\u0161echno je elektronick\u00e9.  <\/p>\n\n<p>Rovinieta pokr\u00fdv\u00e1 v\u0161echny st\u00e1tn\u00ed silnice (DN &#8211; drum na\u021bional) a d\u00e1lnice (autostrad\u0103) v Rumunsku. Syst\u00e9m spravuje CNAIR (Compania Na\u021bional\u0103 de Administrare a Infrastructurii Rutiere) a vin\u011bty lze zakoupit online, co\u017e je pro n\u00e1v\u0161t\u011bvn\u00edky velmi pohodln\u00e9. <\/p>\n\n<h2 class=\"wp-block-heading\">\ud83d\udccb Rumunsk\u00e9 ceny Rovinieta 2026 \ud83d\udcb0 JSOU NEJLEVN\u011aJ\u0160\u00cd V EVROP\u011a!<\/h2>\n\n<p>Rumunsko nab\u00edz\u00ed <strong>nejdostupn\u011bj\u0161\u00ed ceny d\u00e1lni\u010dn\u00edch vin\u011bt v cel\u00e9 Evrop\u011b<\/strong>. Zde je d\u016fvod, pro\u010d by Rumunsko m\u011blo b\u00fdt na vrcholu ka\u017ed\u00e9ho seznamu lacin\u00fdch roadtripper\u016f: <\/p>\n\n<figure class=\"wp-block-table\"><table><thead><tr><th>Doba platnosti<\/th><th>Auta (do 3,5t)<\/th><th>Motocykly<\/th><\/tr><\/thead><tbody><tr><td><strong>7 dn\u00ed<\/strong><\/td><td>~EUR 3.50<\/td><td>~EUR 1,80<\/td><\/tr><tr><td><strong>30 dn\u00ed<\/strong><\/td><td>~7,00 EUR<\/td><td>~EUR 3.50<\/td><\/tr><tr><td><strong>90 dn\u00ed<\/strong><\/td><td>~EUR 13.00<\/td><td>~EUR 6,50<\/td><\/tr><tr><td><strong>Ro\u010denka<\/strong><\/td><td>~EUR 28,00<\/td><td>~EUR 14,00<\/td><\/tr><\/tbody><\/table><\/figure>\n\n<p><strong>Ano, \u010dtete spr\u00e1vn\u011b!<\/strong>  T\u00fdden neomezen\u00e9 j\u00edzdy po v\u0161ech rumunsk\u00fdch n\u00e1rodn\u00edch silnic\u00edch a d\u00e1lnic\u00edch za pouh\u00fdch 3,50 EUR. Porovnejte to se \u0160v\u00fdcarskem (40 EUR za ro\u010dn\u00ed vin\u011btu, \u017e\u00e1dn\u00e9 krat\u0161\u00ed mo\u017enosti) nebo Rakouskem (11,50 EUR za 10 dn\u00ed) a uvid\u00edte, pro\u010d je Rumunsko snem pro roadtripy. <\/p>\n\n<div style=\"height:25px\" aria-hidden=\"true\" class=\"wp-block-spacer\"><\/div>\n\n<div class=\"wp-block-buttons is-content-justification-center is-layout-flex wp-container-core-buttons-is-layout-a89b3969 wp-block-buttons-is-layout-flex\">\n<div class=\"wp-block-button\"><a class=\"wp-block-button__link wp-element-button\" href=\"https:\/\/vignettego.com\/\" style=\"background-color:#28a745;color:#ffffff;padding:15px 30px;font-size:18px;border-radius:8px;\">\u2705 Z\u00edskejte sv\u00e9 evropsk\u00e9 sc\u00e9nky \u2013 v\u0161echny zem\u011b \u2013 na VignetteGo<\/a><\/div>\n<\/div>\n\n<div style=\"height:25px\" aria-hidden=\"true\" class=\"wp-block-spacer\"><\/div>\n\n<h2 class=\"wp-block-heading\">\ud83d\udee3\ufe0f Rumunsk\u00e1 silni\u010dn\u00ed s\u00ed\u0165<\/h2>\n\n<p>Rumunsko rychle roz\u0161i\u0159uje svou s\u00ed\u0165 d\u00e1lnic, i kdy\u017e velk\u00e1 \u010d\u00e1st zem\u011b je st\u00e1le obsluhov\u00e1na n\u00e1rodn\u00edmi silnicemi (DN silnicemi). Zde jsou hlavn\u00ed trasy: <\/p>\n\n<h3 class=\"wp-block-heading\">A1 \u2013 Bukure\u0161\u0165 a\u017e Pite\u0219ti a d\u00e1le<\/h3>\n\n<p>Nejstar\u0161\u00ed rumunsk\u00e1 d\u00e1lnice, kter\u00e1 spojuje <strong>Bukure\u0161\u0165 s Pite\u0219ti<\/strong> (p\u0159ibli\u017en\u011b 110 km). Prodlou\u017een\u00ed sm\u011brem k Sibiu st\u00e1le prob\u00edh\u00e1. Toto je hlavn\u00ed trasa z Bukure\u0161ti sm\u011brem do Transylv\u00e1nie, kter\u00e1 se napojuje na DN7 a DN1 pro dal\u0161\u00ed cestov\u00e1n\u00ed.  <\/p>\n\n<h3 class=\"wp-block-heading\">A2 \u2013 Bukure\u0161\u0165 do Konstance (Sun d\u00e1lnice)<\/h3>\n\n<p><strong>Autostrada Soarelui<\/strong> (Slune\u010dn\u00ed d\u00e1lnice) spojuje <strong>Bukure\u0161\u0165 s Kostnic\u00ed<\/strong> a pob\u0159e\u017e\u00edm \u010cern\u00e9ho mo\u0159e. P\u0159ibli\u017en\u011b 200 km. Toto je hlavn\u00ed trasa pro pl\u00e1\u017eov\u00e9 dovolen\u00e9 do Mamaia, Constan\u021ba, Vama Ve\u010de a dal\u0161\u00edch p\u0159\u00edmo\u0159sk\u00fdch letovisek.  <\/p>\n\n<h3 class=\"wp-block-heading\">A3 \u2013 Transylv\u00e1nsk\u00e1 d\u00e1lnice (ve v\u00fdstavb\u011b)<\/h3>\n\n<p>Po dokon\u010den\u00ed spoj\u00ed Bukure\u0161\u0165 s Bra\u0161ovem a bude pokra\u010dovat p\u0159es Transylv\u00e1nii a\u017e k ma\u010farsk\u00e9 hranici. V sou\u010dasnosti je otev\u0159eno n\u011bkolik \u00fasek\u016f, v\u010detn\u011b okol\u00ed Turdy a Cluj-Napoca. <\/p>\n\n<h3 class=\"wp-block-heading\">A10 \u2013 Sebe\u0219 do Turdy<\/h3>\n\n<p>Sou\u010d\u00e1st\u00ed budouc\u00edho koridoru Transylv\u00e1nie, kter\u00fd spojuje kl\u00ed\u010dov\u00e1 m\u011bsta ve st\u0159edn\u00edm Rumunsku.<\/p>\n\n<h3 class=\"wp-block-heading\">DN1 \u2013 Klasick\u00e1 transylv\u00e1nsk\u00e1 trasa<\/h3>\n\n<p>Legend\u00e1rn\u00ed <strong>DN1 (E60)<\/strong> spojuje Bukure\u0161\u0165 s Bra\u0161ovem, pokra\u010duje srdcem Transylv\u00e1nie do Sibiu, Alba Iulia, Cluj-Napoca a d\u00e1le do Ma\u010farska. Tato historick\u00e1 trasa proch\u00e1z\u00ed \u00fachvatnou horskou scen\u00e9ri\u00ed a st\u0159edov\u011bk\u00fdmi m\u011bsty. <\/p>\n\n<h2 class=\"wp-block-heading\">\ud83c\udfd4\ufe0f Transf\u0103g\u0103r\u0103\u0219an \u2013 Nejlep\u0161\u00ed silni\u010dn\u00ed silnice na sv\u011bt\u011b<\/h2>\n\n<p><strong>Transf\u0103g\u0103r\u0103\u0219ansk\u00e1 d\u00e1lnice (DN7C)<\/strong> byla Top Gear ozna\u010dena za &#8222;nejlep\u0161\u00ed silnici na sv\u011bt\u011b&#8220;. Tato \u00fachvatn\u00e1 horsk\u00e1 silnice p\u0159ekra\u010duje poho\u0159\u00ed F\u0103g\u0103ra\u0219 ve v\u00fd\u0161ce 2 042 metr\u016f a nab\u00edz\u00ed dramatick\u00e9 ostr\u00e9 zat\u00e1\u010dky, tunely a dechberouc\u00ed v\u00fdhledy. <\/p>\n\n<p><strong>Kl\u00ed\u010dov\u00e9 informace:<\/strong><\/p>\n\n<ul class=\"wp-block-list\">\n<li><strong>D\u00e9lka:<\/strong> P\u0159ibli\u017en\u011b 90 km horsk\u00e9 silnice<\/li>\n<li><strong>Otev\u0159eno:<\/strong> Obvykle od konce \u010dervna do konce \u0159\u00edjna (v z\u00e1vislosti na po\u010das\u00ed)<\/li>\n<li><strong>Trasa:<\/strong> Spojuje Curtea de Arge\u0219 se Sibiu p\u0159es poho\u0159\u00ed F\u0103g\u0103ra\u0219<\/li>\n<li><strong>Hlavn\u00ed body:<\/strong> Jezero B\u00e2lea (ledovcov\u00e9 jezero naho\u0159e), vodop\u00e1d B\u00e2lea, \u00fachvatn\u00e1 alpsk\u00e1 scen\u00e9rie<\/li>\n<li><strong>M\u00fdtn\u00e9:<\/strong> Transf\u0103g\u0103r\u0103\u0219an je s\u00e1m o sob\u011b st\u00e1tn\u00ed silnic\u00ed (DN), tak\u017ee za Rovinietou nen\u00ed \u017e\u00e1dn\u00e9 dal\u0161\u00ed m\u00fdtn\u00e9<\/li>\n<\/ul>\n\n<p><strong>Tip:<\/strong> Silnice je v l\u00e9t\u011b velmi obl\u00edben\u00e1. Za\u010dn\u011bte brzy r\u00e1no, abyste se vyhnuli dav\u016fm a u\u017eili si nejlep\u0161\u00ed fotografick\u00e9 sv\u011btlo. <\/p>\n\n<div style=\"height:25px\" aria-hidden=\"true\" class=\"wp-block-spacer\"><\/div>\n\n<div class=\"wp-block-buttons is-content-justification-center is-layout-flex wp-container-core-buttons-is-layout-a89b3969 wp-block-buttons-is-layout-flex\">\n<div class=\"wp-block-button\"><a class=\"wp-block-button__link wp-element-button\" href=\"https:\/\/vignettego.com\/\" style=\"background-color:#ff6600;color:#ffffff;padding:15px 30px;font-size:18px;border-radius:8px;\">\ud83d\uded2 Kupte si rumunskou rovinietu nyn\u00ed \u2013 jen 3,50 EUR za 7 dn\u00ed!<\/a><\/div>\n<\/div>\n\n<div style=\"height:25px\" aria-hidden=\"true\" class=\"wp-block-spacer\"><\/div>\n\n<h2 class=\"wp-block-heading\">\ud83d\udcbb Jak koupit rumunskou rovinietu<\/h2>\n\n<p>N\u00e1kup rumunsk\u00e9 Roviniety je jednoduch\u00fd:<\/p>\n\n<h3 class=\"wp-block-heading\">Mo\u017enost 1: Online p\u0159es VignetteGo (doporu\u010deno)<\/h3>\n\n<ol class=\"wp-block-list\">\n<li>Nav\u0161tivte <a href=\"https:\/\/vignettego.com\/\" title=\"Kupte si rumunskou Rovinietu online\">VignetteGo.com<\/a><\/li>\n<li>Vyberte Rumunsko a po\u017eadovanou dobu platnosti<\/li>\n<li>Zadejte \u00fadaje o registraci vozidla (SPZ)<\/li>\n<li>Kompletn\u00ed bezpe\u010dn\u00e1 platba<\/li>\n<li>Z\u00edskejte okam\u017eit\u00e9 potvrzen\u00ed \u2013 platn\u00e9 okam\u017eit\u011b!<\/li>\n<\/ol>\n\n<h3 class=\"wp-block-heading\">Mo\u017enost 2: Ofici\u00e1ln\u00ed roviniete.ro webov\u00e9 str\u00e1nky<\/h3>\n\n<p>Ofici\u00e1ln\u00ed webov\u00e9 str\u00e1nky rumunsk\u00e9ho silni\u010dn\u00edho \u00fa\u0159adu nab\u00edzej\u00ed p\u0159\u00edm\u00fd n\u00e1kup v rumun\u0161tin\u011b a angli\u010dtin\u011b.<\/p>\n\n<h3 class=\"wp-block-heading\">Mo\u017enost 3: Fyzick\u00e1 prodejn\u00ed m\u00edsta<\/h3>\n\n<p>Rovinietu lze zakoupit na hrani\u010dn\u00edch p\u0159echodech, \u010derpac\u00edch stanic\u00edch (Petrom, OMV, Mol, Rompetrol) a rumunsk\u00fdch po\u0161t\u00e1ch.<\/p>\n\n<h2 class=\"wp-block-heading\">\u26a0\ufe0f Pokuty za \u0159\u00edzen\u00ed bez Roviniety<\/h2>\n\n<p>Navzdory neuv\u011b\u0159iteln\u011b n\u00edzk\u00e9 cen\u011b se n\u011bkte\u0159\u00ed cestovatel\u00e9 sna\u017e\u00ed Roviniety vyhnout. To je chyba \u2013 pokuty jsou vym\u00e1h\u00e1ny: <\/p>\n\n<ul class=\"wp-block-list\">\n<li><strong>Standardn\u00ed pokuta:<\/strong> EUR 50\u2013200 v z\u00e1vislosti na ujet\u00e9 vzd\u00e1lenosti<\/li>\n<li><strong>Vym\u00e1h\u00e1n\u00ed z\u00e1kon\u016f:<\/strong> Automatick\u00e9 kamerov\u00e9 syst\u00e9my po cel\u00e9 zemi<\/li>\n<\/ul>\n\n<p><strong>S t\u00fddenn\u00ed vstupenkou za 3,50 EUR oproti potenci\u00e1ln\u00ed pokut\u011b 200 EUR je volba jasn\u00e1!<\/strong><\/p>\n\n<h2 class=\"wp-block-heading\">\ud83d\uddfa\ufe0f Obl\u00edben\u00e9 rumunsk\u00e9 trasy na road trip<\/h2>\n\n<h3 class=\"wp-block-heading\">Bukure\u0161\u0165 a\u017e Bra\u0219ov (Br\u00e1na do Transylv\u00e1nie)<\/h3>\n\n<p><strong>Vzd\u00e1lenost:<\/strong> ~170 km | <strong>D\u00e9lka:<\/strong> 2,5\u20133 hodiny | <strong>Trasa:<\/strong> DN1 nebo A3 (kde je k dispozici)<\/p>\n\n<p>Klasick\u00e1 cesta do Transylv\u00e1nie. Bra\u0219ov je \u00fachvatn\u00e9 st\u0159edov\u011bk\u00e9 m\u011bsto obklopen\u00e9 horami, ide\u00e1ln\u00ed jako v\u00fdchoz\u00ed bod pro objevov\u00e1n\u00ed hrad\u016f (Bran, Pele\u0219) a Karpat. <\/p>\n\n<h3 class=\"wp-block-heading\">Bukure\u0161\u0165 a\u017e Konstan\u021ba (\u010cern\u00e9 mo\u0159e)<\/h3>\n\n<p><strong>Vzd\u00e1lenost:<\/strong> ~225 km | <strong>D\u00e9lka:<\/strong> 2,5 hodiny | <strong>Trasa:<\/strong> A2 (Sun d\u00e1lnice)<\/p>\n\n<p>Vydejte se na pob\u0159e\u017e\u00ed \u010cern\u00e9ho mo\u0159e po nejnov\u011bj\u0161\u00ed rumunsk\u00e9 d\u00e1lnici. Konstan\u021ba je starobyl\u00e9 p\u0159\u00edstavn\u00ed m\u011bsto; nedaleko Mamaia je nejlep\u0161\u00ed pl\u00e1\u017eov\u00e9 letovisko v zemi. <\/p>\n\n<h3 class=\"wp-block-heading\">Okruh Transylvania Castle<\/h3>\n\n<p><strong>Trasa:<\/strong> Bra\u0219ov \u2192 hrad Bran \u2192 R\u00e2\u0219nov \u2192 hrad Pele\u0219 (Sinaia) \u2192 zp\u011bt do Bra\u0219ova<\/p>\n\n<p>Nav\u0161tivte slavn\u00fd z\u00e1mek Draculy (Bran), \u00fachvatn\u00fd hrad Pele\u0219 a st\u0159edov\u011bkou pevnost R\u00e2\u0219nov \u2013 to v\u0161e b\u011bhem jedin\u00e9ho v\u00fdletu z Bra\u0219ova.<\/p>\n\n<h3 class=\"wp-block-heading\">Kompletn\u00ed turn\u00e9 po Transylv\u00e1nii<\/h3>\n\n<p><strong>Trasa:<\/strong> Bukure\u0161\u0165 \u2192 Bra\u0161ov \u2192 Sighi\u0219oara \u2192 Sibiu \u2192 Transf\u0103g\u0103r\u0103\u0219an \u2192 Bukure\u0161ti<\/p>\n\n<p>Okruh na 5\u20137 dn\u00ed pokr\u00fdvaj\u00edc\u00ed to nejlep\u0161\u00ed z Transylv\u00e1nie: st\u0159edov\u011bk\u00e1 m\u011bsta, horskou scen\u00e9rii a legend\u00e1rn\u00ed transf\u0103g\u0103r\u0103\u0219anskou silnici.<\/p>\n\n<div style=\"height:25px\" aria-hidden=\"true\" class=\"wp-block-spacer\"><\/div>\n\n<div class=\"wp-block-buttons is-content-justification-center is-layout-flex wp-container-core-buttons-is-layout-a89b3969 wp-block-buttons-is-layout-flex\">\n<div class=\"wp-block-button\"><a class=\"wp-block-button__link wp-element-button\" href=\"https:\/\/vignettego.com\/\" style=\"background-color:#9c27b0;color:#ffffff;padding:15px 30px;font-size:18px;border-radius:8px;\">\ud83c\udf0d Napl\u00e1nujte si sv\u00e9 rumunsk\u00e9 dobrodru\u017estv\u00ed s VignetteGo<\/a><\/div>\n<\/div>\n\n<div style=\"height:25px\" aria-hidden=\"true\" class=\"wp-block-spacer\"><\/div>\n\n<h2 class=\"wp-block-heading\">\ud83d\udca1 Tipy na \u0159\u00edzen\u00ed v Rumunsku pro rok 2026<\/h2>\n\n<h3 class=\"wp-block-heading\">M\u011bna<\/h3>\n\n<p>Rumunsko pou\u017e\u00edv\u00e1 rumunsk\u00fd <strong>lev (RON),<\/strong> ale <strong>euro je \u0161iroce akceptov\u00e1no<\/strong> na \u010derpac\u00edch stanic\u00edch, v hotelech a turistick\u00fdch oblastech. Kreditn\u00ed karty jsou p\u0159ij\u00edm\u00e1ny t\u00e9m\u011b\u0159 v\u0161ude ve m\u011bstech. Sm\u011bnn\u00fd kurz: p\u0159ibli\u017en\u011b 1 EUR = 5 RON.  <\/p>\n\n<h3 class=\"wp-block-heading\">Rychlostn\u00ed limity<\/h3>\n\n<ul class=\"wp-block-list\">\n<li><strong>D\u00e1lnice:<\/strong> 130 km\/h<\/li>\n<li><strong>N\u00e1rodn\u00ed silnice (mimo m\u011bsta):<\/strong> 90-100 km\/h<\/li>\n<li><strong>M\u011bstsk\u00e9 oblasti:<\/strong> 50 km\/h<\/li>\n<\/ul>\n\n<h3 class=\"wp-block-heading\">Stav silnic<\/h3>\n\n<p>D\u00e1lnice jsou vynikaj\u00edc\u00ed. N\u00e1rodn\u00ed silnice se li\u0161\u00ed od dobr\u00fdch po drsn\u00e9, zejm\u00e9na na venkov\u011b. Horsk\u00e9 silnice mohou b\u00fdt n\u00e1ro\u010dn\u00e9 \u2013 jezd\u011bte opatrn\u011b a respektujte pov\u011btrnostn\u00ed podm\u00ednky.  <\/p>\n\n<h3 class=\"wp-block-heading\">Palivo<\/h3>\n\n<p>Palivo je levn\u011bj\u0161\u00ed ne\u017e v z\u00e1padn\u00ed Evrop\u011b. Mezi hlavn\u00ed \u0159et\u011bzce pat\u0159\u00ed Petrom, OMV, Mol, Rompetrol a Lukoil. <\/p>\n\n<h2 class=\"wp-block-heading\" id=\"faq-section\">\u2753 \u010casto kladen\u00e9 ot\u00e1zky<\/h2>\n\n<h3 class=\"wp-block-heading\">Je rumunsk\u00e1 Rovinieta opravdu tak levn\u00e1?<\/h3>\n\n<p>Ano! Rumunsko m\u00e1 p\u0159ibli\u017en\u011b 3,50 EUR za 7 dn\u00ed nejlevn\u011bj\u0161\u00ed silni\u010dn\u00ed m\u00fdtn\u00e9 v Evrop\u011b. Dokonce i ro\u010dn\u00ed vin\u011bta (28 EUR) stoj\u00ed m\u00e9n\u011b ne\u017e kr\u00e1tkodob\u00e9 opce mnoha zem\u00ed.  <\/p>\n\n<h3 class=\"wp-block-heading\">Kdy mohu \u0159\u00eddit Transf\u0103g\u0103r\u0103\u0219an?<\/h3>\n\n<p>Obvykle od konce \u010dervna do konce \u0159\u00edjna, v z\u00e1vislosti na po\u010das\u00ed. Vy\u0161\u0161\u00ed \u00fasek (nad 1 800 m) je v zim\u011b uzav\u0159en kv\u016fli sn\u011bhu. P\u0159ed pl\u00e1nov\u00e1n\u00edm si zkontrolujte aktu\u00e1ln\u00ed stav.  <\/p>\n\n<h3 class=\"wp-block-heading\">Mohu pou\u017e\u00edt rumunskou vin\u011btu v Moldavsku?<\/h3>\n\n<p>Ne, pro Moldavsko pot\u0159ebujete samostatnou <a href=\"https:\/\/vignettego.com\/highway-vignette-europe\/cs\/moldova-road-vignette-2026-kompletni-pruvodce-vinietou\/\">moldavskou vinietu<\/a> . Kupte si oba na <a href=\"https:\/\/vignettego.com\/\" title=\"Evropsk&#xE9; vin&#x11B;ty\">VignetteGo<\/a>. <\/p>\n\n<div style=\"height:25px\" aria-hidden=\"true\" class=\"wp-block-spacer\"><\/div>\n\n<div class=\"wp-block-buttons is-content-justification-center is-layout-flex wp-container-core-buttons-is-layout-a89b3969 wp-block-buttons-is-layout-flex\">\n<div class=\"wp-block-button\"><a class=\"wp-block-button__link wp-element-button\" href=\"https:\/\/vignettego.com\/\" style=\"background-color:#e91e63;color:#ffffff;padding:15px 30px;font-size:18px;border-radius:8px;\">\ud83d\ude97 Z\u00edskejte sv\u00e9 evropsk\u00e9 d\u00e1lni\u010dn\u00ed vin\u011bty na VignetteGo \u2192<\/a><\/div>\n<\/div>\n\n<div style=\"height:25px\" aria-hidden=\"true\" class=\"wp-block-spacer\"><\/div>\n\n<h2 class=\"wp-block-heading\">\ud83c\udff0 Pro\u010d nav\u0161t\u00edvit Rumunsko?<\/h2>\n\n<ul class=\"wp-block-list\">\n<li><strong>Transylv\u00e1nie:<\/strong> St\u0159edov\u011bk\u00e1 m\u011bsta, hrady a horsk\u00e9 krajiny<\/li>\n<li><strong>Transf\u0103g\u0103r\u0103\u0219an:<\/strong> Jedna z nejlep\u0161\u00edch silni\u010dn\u00edch silnic na sv\u011bt\u011b<\/li>\n<li><strong>Pob\u0159e\u017e\u00ed \u010cern\u00e9ho mo\u0159e:<\/strong> Kr\u00e1sn\u00e9 pl\u00e1\u017ee a starobyl\u00e1 m\u011bsta<\/li>\n<li><strong>Delta Dunaje:<\/strong> UNESCO biosf\u00e9rick\u00e1 rezervace, \u00fa\u017easn\u00e9 pozorov\u00e1n\u00ed pt\u00e1k\u016f<\/li>\n<li><strong>Dostupn\u00e9:<\/strong> Skv\u011bl\u00e1 hodnota za ubytov\u00e1n\u00ed, j\u00eddlo a cestov\u00e1n\u00ed<\/li>\n<li><strong>Bohat\u00e1 kultura:<\/strong> Fascinuj\u00edc\u00ed sm\u011bs latinsk\u00fdch, slovansk\u00fdch a osmansk\u00fdch vliv\u016f<\/li>\n<\/ul>\n\n<h2 class=\"wp-block-heading\">\ud83d\udccd Z\u00e1v\u011br<\/h2>\n\n<p>Rumunsko nab\u00edz\u00ed neuv\u011b\u0159itelnou hodnotu za cesty autem \u2013 od nejlevn\u011bj\u0161\u00edch d\u00e1lni\u010dn\u00edch m\u00fdtn\u00fdch v Evrop\u011b a\u017e po \u00fachvatnou scen\u00e9rii a bohatou kulturu. A\u0165 u\u017e pron\u00e1sledujete legendy o Drakulovi v Transylv\u00e1nii, dob\u00fdv\u00e1te Transf\u0103g\u0103r\u0103\u0219an nebo relaxujete na pl\u00e1\u017e\u00edch \u010cern\u00e9ho mo\u0159e, Rumunsko nab\u00edz\u00ed nezapomenuteln\u00e9 z\u00e1\u017eitky. <\/p>\n\n<p>Z\u00edskejte svou Rovinietu ve <a href=\"https:\/\/vignettego.com\/\" title=\"VignetteGo - evropsk&#xE9; dia&#x13E;ni&#x10D;n&#xED; vin&#x11B;ty\">VignetteGo<\/a> \u2013 zabere to p\u00e1r minut a stoj\u00ed m\u00e9n\u011b ne\u017e k\u00e1va!<\/p>\n\n<p><strong>U\u017eijte si Rumunsko! \ud83c\uddf7\ud83c\uddf4\ud83c\udfd4\ufe0f <\/strong><\/p>\n\n<p><strong>Souvisej\u00edc\u00ed pr\u016fvodce:<\/strong> <a href=\"https:\/\/vignettego.com\/highway-vignette-europe\/cs\/madarska-dalnicni-vigneta-2026-kompletni-pruvodce-e-matrica\/\">Ma\u010farsko E-Matrica<\/a> | <a href=\"https:\/\/vignettego.com\/highway-vignette-europe\/cs\/bulharska-dalnicni-vigneta-2026-kompletni-pruvodce-elektronickymi-vignetami\/\">Bulharsk\u00e1 e-vigneta<\/a> | Moldova <a href=\"https:\/\/vignettego.com\/highway-vignette-europe\/cs\/moldova-road-vignette-2026-kompletni-pruvodce-vinietou\/\">Vinieta<\/a> | <a href=\"https:\/\/vignettego.com\/\">V\u0161echny evropsk\u00e9 vin\u011bty<\/a><\/p>\n","protected":false},"excerpt":{"rendered":"<p>Rumunsko nab\u00edz\u00ed n\u011bkter\u00e9 z nejp\u016fsobiv\u011bj\u0161\u00edch evropsk\u00fdch cest \u2013 od legend\u00e1rn\u00edch hrad\u016f Transylv\u00e1nie p\u0159es \u00fachvatn\u00e9 pl\u00e1\u017ee \u010cern\u00e9ho mo\u0159e, majest\u00e1tn\u00ed Karpaty a\u017e po jedine\u010dnou deltu Dunaje. A tady je ta nejlep\u0161\u00ed zpr\u00e1va: Rumunsko m\u00e1 nejdostupn\u011bj\u0161\u00ed evropskou d\u00e1lni\u010dn\u00ed vin\u011btu, zvanou Rovinieta. Za p\u00e1r eur za t\u00fdden je prozkoum\u00e1v\u00e1n\u00ed Rumunska autem neuv\u011b\u0159iteln\u011b cenov\u011b dostupn\u00e9. Tento komplexn\u00ed pr\u016fvodce pokr\u00fdv\u00e1 v\u0161e, [&hellip;]<\/p>\n","protected":false},"author":0,"featured_media":0,"parent":0,"menu_order":0,"comment_status":"closed","ping_status":"closed","template":"","meta":{"footnotes":""},"class_list":["post-664","page","type-page","status-publish","hentry"],"_links":{"self":[{"href":"https:\/\/vignettego.com\/highway-vignette-europe\/cs\/wp-json\/wp\/v2\/pages\/664","targetHints":{"allow":["GET"]}}],"collection":[{"href":"https:\/\/vignettego.com\/highway-vignette-europe\/cs\/wp-json\/wp\/v2\/pages"}],"about":[{"href":"https:\/\/vignettego.com\/highway-vignette-europe\/cs\/wp-json\/wp\/v2\/types\/page"}],"replies":[{"embeddable":true,"href":"https:\/\/vignettego.com\/highway-vignette-europe\/cs\/wp-json\/wp\/v2\/comments?post=664"}],"version-history":[{"count":6,"href":"https:\/\/vignettego.com\/highway-vignette-europe\/cs\/wp-json\/wp\/v2\/pages\/664\/revisions"}],"predecessor-version":[{"id":1272,"href":"https:\/\/vignettego.com\/highway-vignette-europe\/cs\/wp-json\/wp\/v2\/pages\/664\/revisions\/1272"}],"wp:attachment":[{"href":"https:\/\/vignettego.com\/highway-vignette-europe\/cs\/wp-json\/wp\/v2\/media?parent=664"}],"curies":[{"name":"wp","href":"https:\/\/api.w.org\/{rel}","templated":true}]}}