{"id":637,"date":"2026-01-04T01:38:57","date_gmt":"2026-01-04T01:38:57","guid":{"rendered":"https:\/\/vignettego.com\/highway-vignette-europe\/chorvatska-dalnicni-vigneta-2026-kompletni-pruvodce-enc-a-digitalnim-mytnym-systemem\/"},"modified":"2026-01-04T12:40:47","modified_gmt":"2026-01-04T12:40:47","slug":"chorvatska-dalnicni-vigneta-2026-kompletni-pruvodce-enc-a-digitalnim-mytnym-systemem","status":"publish","type":"page","link":"https:\/\/vignettego.com\/highway-vignette-europe\/cs\/chorvatska-dalnicni-vigneta-2026-kompletni-pruvodce-enc-a-digitalnim-mytnym-systemem\/","title":{"rendered":"Chorvatsk\u00e1 d\u00e1lni\u010dn\u00ed vigneta 2026: Kompletn\u00ed pr\u016fvodce ENC a digit\u00e1ln\u00edm m\u00fdtn\u00fdm syst\u00e9mem"},"content":{"rendered":"\n<script type=\"application\/ld+json\">{\n    \"@context\": \"https:\/\/schema.org\",\n    \"@graph\": [\n        {\n            \"@type\": \"Article\",\n            \"@id\": \"https:\/\/vignettego.com\/highway-vignette-europe\/croatia-highway-vignette-guide\/#article\",\n            \"headline\": \"Croatia Highway Vignette 2026: Complete ENC & Digital Toll Guide\",\n            \"description\": \"Everything about Croatian highway tolls, ENC electronic system, and digital vignette options. Learn about toll prices, the stunning A1 coastal motorway, and how to reach Dubrovnik, Split, and other destinations.\",\n            \"image\": \"https:\/\/vignettego.com\/highway-vignette-europe\/wp-content\/uploads\/2026\/09\/Highway-Vignette-Europe.jpg\",\n            \"datePublished\": \"2026-01-04\",\n            \"dateModified\": \"2026-01-04\",\n            \"author\": {\"@type\": \"Organization\", \"name\": \"VignetteGo\", \"url\": \"https:\/\/vignettego.com\"},\n            \"publisher\": {\"@type\": \"Organization\", \"name\": \"VignetteGo\"},\n            \"mainEntityOfPage\": {\"@type\": \"WebPage\", \"@id\": \"https:\/\/vignettego.com\/highway-vignette-europe\/croatia-highway-vignette-guide\/\"},\n            \"articleSection\": \"Highway Vignettes\",\n            \"keywords\": [\"Croatia toll\", \"Croatia highway\", \"ENC Croatia\", \"Croatian motorway\", \"A1 Croatia\", \"Dubrovnik road trip\", \"Split highway\"],\n            \"inLanguage\": \"en\",\n            \"speakable\": {\"@type\": \"SpeakableSpecification\", \"cssSelector\": [\".article-intro\", \"#faq-section\"]}\n        },\n        {\n            \"@type\": \"BreadcrumbList\",\n            \"itemListElement\": [\n                {\"@type\": \"ListItem\", \"position\": 1, \"name\": \"VignetteGo\", \"item\": \"https:\/\/vignettego.com\/\"},\n                {\"@type\": \"ListItem\", \"position\": 2, \"name\": \"Highway Vignette Europe\", \"item\": \"https:\/\/vignettego.com\/highway-vignette-europe\/\"},\n                {\"@type\": \"ListItem\", \"position\": 3, \"name\": \"Croatia Guide\", \"item\": \"https:\/\/vignettego.com\/highway-vignette-europe\/croatia-highway-vignette-guide\/\"}\n            ]\n        },\n        {\n            \"@type\": \"FAQPage\",\n            \"mainEntity\": [\n                {\"@type\": \"Question\", \"name\": \"Does Croatia use vignettes or toll booths?\", \"acceptedAnswer\": {\"@type\": \"Answer\", \"text\": \"Croatia traditionally uses a distance-based toll system with toll booths, but now also offers digital vignette options (E-Vinjeta) for certain sections. Many visitors use a combination of both or the ENC electronic device.\"}},\n                {\"@type\": \"Question\", \"name\": \"How much does the Croatian motorway toll cost?\", \"acceptedAnswer\": {\"@type\": \"Answer\", \"text\": \"Croatian tolls are distance-based. Zagreb to Split costs approximately EUR 25, Zagreb to Rijeka about EUR 8, and Split to Dubrovnik around EUR 12. The A1 motorway to the coast is the main toll route.\"}},\n                {\"@type\": \"Question\", \"name\": \"What is the ENC system in Croatia?\", \"acceptedAnswer\": {\"@type\": \"Answer\", \"text\": \"ENC (Elektroni\u010dka Naplata Cestarine) is Croatia electronic toll collection device. It provides faster passage through dedicated ENC lanes and often offers discounts. Available at toll plazas and service areas.\"}},\n                {\"@type\": \"Question\", \"name\": \"Can I pay Croatian tolls with credit card?\", \"acceptedAnswer\": {\"@type\": \"Answer\", \"text\": \"Yes, credit and debit cards are accepted at Croatian toll booths. Cash payment in EUR is also widely accepted since Croatia adopted the Euro in January 2023.\"}},\n                {\"@type\": \"Question\", \"name\": \"Is there a digital vignette for Croatia?\", \"acceptedAnswer\": {\"@type\": \"Answer\", \"text\": \"Yes, Croatia now offers E-Vinjeta (electronic vignettes) for certain motorway sections, providing an alternative to traditional toll booth payment. These can be purchased online.\"}}\n            ]\n        }\n    ]\n}\n<\/script>\n\n<figure class=\"wp-block-image aligncenter size-large\"><img decoding=\"async\" src=\"https:\/\/vignettego.com\/highway-vignette-europe\/wp-content\/uploads\/2026\/09\/Highway-Vignette-Europe.jpg\" alt=\"Chorvatsk&#xE9; d&#xE1;lni&#x10D;n&#xED; m&#xFD;tn&#xE9; 2026 &#x2013; Kompletn&#xED; pr&#x16F;vodce chorvatsk&#xFD;m syst&#xE9;mem d&#xE1;lnic\" style=\"width:100%; height:auto; margin-bottom:20px;\"\/><\/figure>\n\n<p class=\"article-intro\">Chorvatsko je jednou z nejobl\u00edben\u011bj\u0161\u00edch letn\u00edch destinac\u00ed v Evrop\u011b, proslul\u00e9 sv\u00fdm \u00fachvatn\u00fdm Jadransk\u00fdm pob\u0159e\u017e\u00edm, k\u0159i\u0161\u0165\u00e1lov\u011b \u010dist\u00fdmi vodami, historick\u00fdmi m\u011bsty jako Dubrovn\u00edk a Split a kr\u00e1sn\u00fdmi ostrovy. J\u00edzda do Chorvatska otev\u00edr\u00e1 neuv\u011b\u0159iteln\u00e9 mo\u017enosti \u2013 od starobyl\u00fdch hradeb Dubrovn\u00edku p\u0159es pl\u00e1\u017ee na ve\u010d\u00edrky v Zr\u0107e, vodop\u00e1dy Plitvick\u00fdch jezer a\u017e po kouzelnou Istrii. Tento pr\u016fvodce vysv\u011btluje v\u0161e o syst\u00e9mu m\u00fdtn\u00e9ho v Chorvatsku v roce 2026, v\u010detn\u011b <strong>elektronick\u00e9ho syst\u00e9mu ENC<\/strong>, <strong>mo\u017enost\u00ed digit\u00e1ln\u00edch vin\u011bt<\/strong> a praktick\u00fdch tip\u016f pro va\u0161i chorvatskou cestu.  <\/p>\n\n<div style=\"height:25px\" aria-hidden=\"true\" class=\"wp-block-spacer\"><\/div>\n\n<div class=\"wp-block-buttons is-content-justification-center is-layout-flex wp-container-core-buttons-is-layout-a89b3969 wp-block-buttons-is-layout-flex\">\n<div class=\"wp-block-button\"><a class=\"wp-block-button__link wp-element-button\" href=\"https:\/\/vignettego.com\/\" style=\"background-color:#0066cc;color:#ffffff;padding:15px 30px;font-size:18px;border-radius:8px;\">\ud83d\ude97 Z\u00edskejte svou chorvatskou digit\u00e1ln\u00ed vin\u011btu na VignetteGo<\/a><\/div>\n<\/div>\n\n<div style=\"height:25px\" aria-hidden=\"true\" class=\"wp-block-spacer\"><\/div>\n\n<h2 class=\"wp-block-heading\">\ud83c\udded\ud83c\uddf7 Vysv\u011btlen\u00ed chorvatsk\u00e9ho m\u00fdtn\u00e9ho syst\u00e9mu<\/h2>\n\n<p>Na rozd\u00edl od v\u011bt\u0161iny st\u0159edoevropsk\u00fdch zem\u00ed, kter\u00e9 pou\u017e\u00edvaj\u00ed \u010dasov\u011b omezen\u00e9 m\u00fdtn\u00e9 obrazovky, Chorvatsko tradi\u010dn\u011b provozovalo <strong>syst\u00e9m m\u00fdtn\u00e9ho zalo\u017een\u00fd na vzd\u00e1lenosti<\/strong> s fyzick\u00fdmi m\u00fdtn\u00fdmi brankami. P\u0159i vjezdu na d\u00e1lnici dostanete pokutu a plat\u00edte podle ujet\u00e9 vzd\u00e1lenosti p\u0159i v\u00fdjezdu. Nicm\u00e9n\u011b Chorvatsko nyn\u00ed nab\u00edz\u00ed <strong>tak\u00e9 digit\u00e1ln\u00ed mo\u017enosti vin\u011bt (E-Vinjeta)<\/strong> pro ur\u010dit\u00e9 \u00faseky d\u00e1lnice, co\u017e cestovatel\u016fm poskytuje v\u011bt\u0161\u00ed flexibilitu.  <\/p>\n\n<p>Chorvatskou d\u00e1lni\u010dn\u00ed s\u00ed\u0165 spravuj\u00ed <strong>HAC (Hrvatske Autoceste)<\/strong> a <strong>AZM (Autocesta Zagreb-Macelj).<\/strong> Od ledna 2023 p\u0159ijalo Chorvatsko euro <strong>(EUR)<\/strong> jako svou m\u011bnu, co\u017e usnad\u0148uje platby n\u00e1v\u0161t\u011bvn\u00edk\u016fm EU. <\/p>\n\n<h2 class=\"wp-block-heading\">\ud83d\udccb Mo\u017enosti plateb m\u00fdtn\u00e9ho za Chorvatsko<\/h2>\n\n<h3 class=\"wp-block-heading\">Mo\u017enost 1: Tradi\u010dn\u00ed m\u00fdtn\u00e9 br\u00e1ny (nejb\u011b\u017en\u011bj\u0161\u00ed)<\/h3>\n\n<p>Vezm\u011bte si l\u00edstek u vchodu, zapla\u0165te u v\u00fdchodu. Platba p\u0159ijata: <\/p>\n\n<ul class=\"wp-block-list\">\n<li><strong>Hotovost:<\/strong> EUR (chorvatsk\u00e1 kuna u\u017e nen\u00ed pot\u0159eba)<\/li>\n<li><strong>Kreditn\u00ed\/debetn\u00ed karty:<\/strong> Visa, Mastercard jsou \u0161iroce p\u0159ij\u00edm\u00e1ny<\/li>\n<li><strong>Za\u0159\u00edzen\u00ed ENC:<\/strong> Elektronick\u00e1 platba (viz n\u00ed\u017ee)<\/li>\n<\/ul>\n\n<h3 class=\"wp-block-heading\">Mo\u017enost 2: Elektronick\u00e9 za\u0159\u00edzen\u00ed ENC<\/h3>\n\n<p><strong>ENC (Elektroni\u010dka Naplata Cestarine)<\/strong> je chorvatsk\u00fd elektronick\u00fd syst\u00e9m v\u00fdb\u011bru m\u00fdtn\u00e9ho. V\u00fdhody: <\/p>\n\n<ul class=\"wp-block-list\">\n<li>Rychlej\u0161\u00ed pr\u016fchod vyhrazen\u00fdmi pruhy ENC<\/li>\n<li>Mo\u017en\u00e9 slevy na m\u00fdtn\u00e9m<\/li>\n<li>Nen\u00ed t\u0159eba zastavovat u m\u00fdtn\u00fdch bran<\/li>\n<li>K zakoupen\u00ed na m\u00fdtn\u00fdch bran\u00e1ch a servisn\u00edch m\u00edstech<\/li>\n<\/ul>\n\n<p>Za\u0159\u00edzen\u00ed ENC stoj\u00ed malou z\u00e1lohu a lze jej doplatit kreditem. Pro \u010dast\u00e9 n\u00e1v\u0161t\u011bvn\u00edky je velmi doporu\u010dov\u00e1n. <\/p>\n\n<h3 class=\"wp-block-heading\">Mo\u017enost 3: Digit\u00e1ln\u00ed vin\u011bta (E-Vinjeta)<\/h3>\n\n<p>Chorvatsko nyn\u00ed nab\u00edz\u00ed <strong>E-Vinjeta<\/strong> (elektronick\u00e9 vignety) pro ur\u010dit\u00e9 \u00faseky d\u00e1lnice, co\u017e v\u00e1m umo\u017en\u00ed m\u00fdtn\u00e9 branky zcela obej\u00edt. Dostupn\u00e9 na <a href=\"https:\/\/vignettego.com\/\" title=\"Chorvatsk&#xE1; digit&#xE1;ln&#xED; vin&#x11B;ta\">VignetteGo<\/a>. <\/p>\n\n<div style=\"height:25px\" aria-hidden=\"true\" class=\"wp-block-spacer\"><\/div>\n\n<div class=\"wp-block-buttons is-content-justification-center is-layout-flex wp-container-core-buttons-is-layout-a89b3969 wp-block-buttons-is-layout-flex\">\n<div class=\"wp-block-button\"><a class=\"wp-block-button__link wp-element-button\" href=\"https:\/\/vignettego.com\/\" style=\"background-color:#28a745;color:#ffffff;padding:15px 30px;font-size:18px;border-radius:8px;\">\u2705 Z\u00edskejte evropsk\u00e9 vignety \u2013 v\u0161echny zem\u011b \u2013 na VignetteGo<\/a><\/div>\n<\/div>\n\n<div style=\"height:25px\" aria-hidden=\"true\" class=\"wp-block-spacer\"><\/div>\n\n<h2 class=\"wp-block-heading\">\ud83d\udcb0 Ceny za d\u00e1lnice v Chorvatu 2026<\/h2>\n\n<p>Chorvatsk\u00e9 m\u00fdtn\u00e9 je zalo\u017eeno na vzd\u00e1lenosti, tak\u017ee cena z\u00e1vis\u00ed na va\u0161\u00ed trase. Zde jsou p\u0159ibli\u017en\u00e9 ceny b\u011b\u017en\u00fdch tras (kategorie I \u2013 b\u011b\u017en\u00e1 auta): <\/p>\n\n<figure class=\"wp-block-table\"><table><thead><tr><th>Trasa<\/th><th>Vzd\u00e1lenost<\/th><th>P\u0159ibli\u017en\u00e9 m\u00fdtn\u00e9 <\/th><\/tr><\/thead><tbody><tr><td><strong>Z\u00e1h\u0159eb \u2013 Split<\/strong><\/td><td>~400 km<\/td><td>~25 EUR<\/td><\/tr><tr><td><strong>Z\u00e1h\u0159eb \u2013 Rijeka<\/strong><\/td><td>~170 km<\/td><td>~8 EUR<\/td><\/tr><tr><td><strong>Z\u00e1h\u0159eb \u2013 Zadar<\/strong><\/td><td>~280 km<\/td><td>~EUR 17<\/td><\/tr><tr><td><strong>Split \u2013 Dubrovn\u00edk<\/strong><\/td><td>~220 km<\/td><td>~EUR 12<\/td><\/tr><tr><td><strong>Z\u00e1h\u0159eb \u2013 Dubrovn\u00edk<\/strong><\/td><td>~600 km<\/td><td>~EUR 35<\/td><\/tr><tr><td><strong>Lubla\u0148 \u2013 Z\u00e1h\u0159eb<\/strong><\/td><td>~140 km<\/td><td>~7 EUR<\/td><\/tr><\/tbody><\/table><\/figure>\n\n<p><strong>Pozn\u00e1mka:<\/strong> Ceny jsou v\u00fdmluvn\u00e9. Skute\u010dn\u00e9 m\u00fdtn\u00e9 se m\u016f\u017ee m\u00edrn\u011b li\u0161it v z\u00e1vislosti na konkr\u00e9tn\u00edch vstupech\/v\u00fdstupech a kategorii vozidla. <\/p>\n\n<h2 class=\"wp-block-heading\">\ud83d\udee3\ufe0f Chorvatsk\u00e1 d\u00e1lni\u010dn\u00ed s\u00ed\u0165<\/h2>\n\n<p>Chorvatsko m\u00e1 vynikaj\u00edc\u00ed s\u00ed\u0165 d\u00e1lnic spojuj\u00edc\u00ed hlavn\u00ed m\u011bsta a pob\u0159e\u017e\u00ed. Zde jsou hlavn\u00ed trasy: <\/p>\n\n<h3 class=\"wp-block-heading\">A1 \u2013 Dalmatsk\u00e1 d\u00e1lnice<\/h3>\n\n<p>Nejd\u016fle\u017eit\u011bj\u0161\u00ed turistick\u00e1 trasa spojuj\u00edc\u00ed <strong>Z\u00e1h\u0159eb se Splitem a pokra\u010duj\u00edc\u00ed sm\u011brem k Dubrovn\u00edku<\/strong>. Tato \u00fachvatn\u00e1 d\u00e1lnice vede paraleln\u011b s Jadransk\u00fdm pob\u0159e\u017e\u00edm a nab\u00edz\u00ed p\u0159\u00edstup ke v\u0161em hlavn\u00edm pob\u0159e\u017en\u00edm destinac\u00edm. Celkov\u00e1 d\u00e9lka: p\u0159ibli\u017en\u011b 550 km. Nab\u00edz\u00ed n\u011bkolik impozantn\u00edch most\u016f a tunel\u016f p\u0159es Din\u00e1rsk\u00e9 Alpy.   <\/p>\n\n<h3 class=\"wp-block-heading\">A2 \u2013 Z\u00e1h\u0159eb do Macelj (hranice se Slovinskem)<\/h3>\n\n<p>Spojuje Z\u00e1h\u0159eb se Slovinskem, pokra\u010duje do Lublan\u011b a d\u00e1le. Hlavn\u00ed trasa pro cestovatele p\u0159ich\u00e1zej\u00edc\u00ed ze st\u0159edn\u00ed Evropy. D\u00e9lka: p\u0159ibli\u017en\u011b 60 km v Chorvatsku.  <\/p>\n\n<h3 class=\"wp-block-heading\">A3 \u2013 Bregana do Lipovac<\/h3>\n\n<p>V\u00fdchodo-z\u00e1padn\u00ed trasa spojuj\u00edc\u00ed slovinskou hranici (Bregana) p\u0159es Z\u00e1h\u0159eb se srbskou hranic\u00ed (Lipovac). Sou\u010d\u00e1st evropsk\u00e9ho koridoru E70. D\u00e9lka: p\u0159ibli\u017en\u011b 300 km.  <\/p>\n\n<h3 class=\"wp-block-heading\">A4 \u2013 Z\u00e1h\u0159eb do Gori\u010dan (ma\u010farsk\u00e1 hranice)<\/h3>\n\n<p>Spojuje Z\u00e1h\u0159eb s Ma\u010farskem, hlavn\u00ed trasou pro cestovatele p\u0159ij\u00ed\u017ed\u011bj\u00edc\u00ed z Budape\u0161ti. D\u00e9lka: p\u0159ibli\u017en\u011b 97 km. <\/p>\n\n<h3 class=\"wp-block-heading\">A6 \u2013 Obchvat Rijeky<\/h3>\n\n<p>Spojuje silnici A1 v Bosiljevu s Rijekou a Istrijsk\u00fdm poloostrovem. Nezbytn\u00e9 pro dosa\u017een\u00ed Istrie ze Z\u00e1h\u0159ebu. <\/p>\n\n<h3 class=\"wp-block-heading\">A7\/A8\/A9 \u2013 Istrijsk\u00fd Y<\/h3>\n\n<p>S\u00ed\u0165 d\u00e1lnic obsluhuj\u00edc\u00edch Istrijsk\u00fd poloostrov, spojuj\u00edc\u00edch Rijeku s Pulou a dal\u0161\u00edmi istrsk\u00fdmi destinacemi. Obecn\u011b je tam m\u00e9n\u011b provozu ne\u017e na A1. <\/p>\n\n<div style=\"height:25px\" aria-hidden=\"true\" class=\"wp-block-spacer\"><\/div>\n\n<div class=\"wp-block-buttons is-content-justification-center is-layout-flex wp-container-core-buttons-is-layout-a89b3969 wp-block-buttons-is-layout-flex\">\n<div class=\"wp-block-button\"><a class=\"wp-block-button__link wp-element-button\" href=\"https:\/\/vignettego.com\/\" style=\"background-color:#ff6600;color:#ffffff;padding:15px 30px;font-size:18px;border-radius:8px;\">\ud83d\uded2 Z\u00edskejte sv\u00e9 evropsk\u00e9 vin\u011bty nyn\u00ed na VignetteGo<\/a><\/div>\n<\/div>\n\n<div style=\"height:25px\" aria-hidden=\"true\" class=\"wp-block-spacer\"><\/div>\n\n<h2 class=\"wp-block-heading\">\ud83d\uddfa\ufe0f Obl\u00edben\u00e9 chorvatsk\u00e9 road trip trasy<\/h2>\n\n<h3 class=\"wp-block-heading\">Z\u00e1h\u0159eb do Splitu (d\u00e1lnice A1 Dalmat\u00edn)<\/h3>\n\n<p><strong>Vzd\u00e1lenost:<\/strong> ~400 km | <strong>D\u00e9lka:<\/strong> 4-4,5 hodiny | <strong>M\u00fdtn\u00e9:<\/strong> ~EUR 25<\/p>\n\n<p>Klasick\u00e1 chorvatsk\u00e1 cesta na cestu. A1 je modern\u00ed, dob\u0159e udr\u017eovan\u00e1 d\u00e1lnice s vynikaj\u00edc\u00edmi servisn\u00edmi oblastmi. Zva\u017ete zast\u00e1vku v N\u00e1rodn\u00edm parku Plitvick\u00e1 jezera (v\u00fdchod Gornja Plo\u010da) \u2013 jedn\u00e9 z nejkr\u00e1sn\u011bj\u0161\u00edch p\u0159\u00edrodn\u00edch atrakc\u00ed Chorvatska.  <\/p>\n\n<h3 class=\"wp-block-heading\">Z\u00e1h\u0159eb a\u017e Dubrovn\u00edk<\/h3>\n\n<p><strong>Vzd\u00e1lenost:<\/strong> ~600 km | <strong>D\u00e9lka:<\/strong> 5,5\u20136 hodin | <strong>M\u00fdtn\u00e9:<\/strong> ~EUR 35<\/p>\n\n<p>Ultim\u00e1tn\u00ed chorvatsk\u00fd road trip, kon\u010d\u00edc\u00ed v \u00fachvatn\u00e9m opevn\u011bn\u00e9m m\u011bst\u011b Dubrovn\u00edk. V\u0161imn\u011bte si, \u017ee tato trasa kr\u00e1tce proch\u00e1z\u00ed <strong>Bosnou a Hercegovinou<\/strong> v koridoru Neum (bez m\u00fdtn\u00e9ho, ale s pasem je pot\u0159eba). Alternativn\u011b m\u016f\u017eete vyu\u017e\u00edt most Pelje\u0161ac a z\u016fstat zcela v Chorvatsku.  <\/p>\n\n<h3 class=\"wp-block-heading\">Z Lublan\u011b (Slovinsko) do Z\u00e1h\u0159ebu<\/h3>\n\n<p><strong>Vzd\u00e1lenost:<\/strong> ~140 km | <strong>D\u00e9lka:<\/strong> 1,5-2 hodiny | <strong>M\u00fdtn\u00e9:<\/strong> ~EUR 7 (Chorvatsko) + slovinsk\u00e1 vin\u011btka<\/p>\n\n<p>Hlavn\u00ed trasa ze st\u0159edn\u00ed Evropy. Pro slovinskou \u010d\u00e1st cesty budete pot\u0159ebovat <a href=\"https:\/\/vignettego.com\/highway-vignette-europe\/cs\/slovinska-dalnicni-vigneta-2026-kompletni-pruvodce-e-vinjeta\/\">slovinskou E-Vinjetu<\/a> . <\/p>\n\n<h3 class=\"wp-block-heading\">Prohl\u00eddka Istrijsk\u00e9ho pob\u0159e\u017e\u00ed<\/h3>\n\n<p><strong>Trasa:<\/strong> Rijeka \u2192 Opatija \u2192 Pula \u2192 Rovinj \u2192 Pore\u010d \u2192 zp\u011bt do Rijeky<\/p>\n\n<p>Prozkoumejte kr\u00e1sn\u00fd Istrijsk\u00fd poloostrov s italsky ovlivn\u011bnou kuchyn\u00ed, vesnicemi na kopc\u00edch a kouzeln\u00fdmi p\u0159\u00edmo\u0159sk\u00fdmi m\u011bsty. M\u00e9n\u011b p\u0159epln\u011bn\u00e9 ne\u017e dalmatsk\u00e9 pob\u0159e\u017e\u00ed. <\/p>\n\n<h2 class=\"wp-block-heading\">\ud83d\udca1 Tipy na \u0159\u00edzen\u00ed v Chorvatsku pro rok 2026<\/h2>\n\n<h3 class=\"wp-block-heading\">M\u011bna<\/h3>\n\n<p>Od ledna 2023 Chorvatsko pou\u017e\u00edv\u00e1 <strong>euro (EUR).<\/strong> Nen\u00ed t\u0159eba m\u011bnit pen\u00edze, pokud p\u0159ij\u00ed\u017ed\u00edte z jin\u00e9 zem\u011b euroz\u00f3ny. Kreditn\u00ed karty jsou \u0161iroce p\u0159ij\u00edm\u00e1ny.  <\/p>\n\n<h3 class=\"wp-block-heading\">Rychlostn\u00ed limity<\/h3>\n\n<ul class=\"wp-block-list\">\n<li><strong>D\u00e1lnice:<\/strong> 130 km\/h<\/li>\n<li><strong>N\u00e1rodn\u00ed silnice:<\/strong> 90 km\/h<\/li>\n<li><strong>M\u011bstsk\u00e9 oblasti:<\/strong> 50 km\/h<\/li>\n<\/ul>\n\n<h3 class=\"wp-block-heading\">Letn\u00ed doprava<\/h3>\n\n<p><strong>Varov\u00e1n\u00ed:<\/strong> Silnice A1 k pob\u0159e\u017e\u00ed za\u017e\u00edv\u00e1 v \u010dervenci a srpnu <strong>extr\u00e9mn\u011b hust\u00fd provoz,<\/strong> zejm\u00e9na v sobotu (den p\u0159estupu u t\u00fddenn\u00edch pron\u00e1jm\u016f). Cestujte brzy r\u00e1no nebo pozd\u011b ve\u010der, abyste se vyhnuli nejhor\u0161\u00ed z\u00e1cp\u011b. <\/p>\n\n<h3 class=\"wp-block-heading\">Po\u017eadovan\u00e9 vybaven\u00ed<\/h3>\n\n<ul class=\"wp-block-list\">\n<li>Varovn\u00fd troj\u00faheln\u00edk<\/li>\n<li>Reflexn\u00ed vesta<\/li>\n<li>L\u00e9k\u00e1rni\u010dka<\/li>\n<li>Sv\u011btlomety zapnut\u00e9 neust\u00e1le p\u0159i j\u00edzd\u011b<\/li>\n<\/ul>\n\n<h2 class=\"wp-block-heading\" id=\"faq-section\">\u2753 \u010casto kladen\u00e9 ot\u00e1zky<\/h2>\n\n<h3 class=\"wp-block-heading\">Pot\u0159ebuji vignetu nebo platit na m\u00fdtn\u00fdch bran\u00e1ch v Chorvatsku?<\/h3>\n\n<p>M\u016f\u017eete pou\u017e\u00edt kter\u00fdkoli syst\u00e9m. Tradi\u010dn\u00ed m\u00fdtn\u00e9 br\u00e1ny funguj\u00ed na z\u00e1klad\u011b vzd\u00e1lenosti a platby podle provozu. Alternativn\u011b jsou nyn\u00ed k dispozici digit\u00e1ln\u00ed vin\u011bty (E-Vinjeta) pro ur\u010dit\u00e9 sekce.  <\/p>\n\n<h3 class=\"wp-block-heading\">Mohu jet autem do Dubrovn\u00edku, ani\u017e bych opustil Chorvatsko?<\/h3>\n\n<p>Ano! Od otev\u0159en\u00ed Pelje\u0161ack\u00e9ho mostu v roce 2022 m\u016f\u017eete nyn\u00ed jet ze Splitu do Dubrovn\u00edku, ani\u017e byste museli proj\u00ed\u017ed\u011bt koridorem Bosna a Hercegovina Neum. <\/p>\n\n<h3 class=\"wp-block-heading\">Stoj\u00ed za\u0159\u00edzen\u00ed ENC za to?<\/h3>\n\n<p>Pro \u010dast\u00e9 n\u00e1v\u0161t\u011bvn\u00edky nebo ty, kte\u0159\u00ed z\u016fst\u00e1vaj\u00ed v\u00edce t\u00fddn\u016f, ano. Pro jednu cestu jsou prakti\u010dt\u011bj\u0161\u00ed m\u00fdtn\u00e9 br\u00e1ny nebo digit\u00e1ln\u00ed vin\u011bty. <\/p>\n\n<div style=\"height:25px\" aria-hidden=\"true\" class=\"wp-block-spacer\"><\/div>\n\n<div class=\"wp-block-buttons is-content-justification-center is-layout-flex wp-container-core-buttons-is-layout-a89b3969 wp-block-buttons-is-layout-flex\">\n<div class=\"wp-block-button\"><a class=\"wp-block-button__link wp-element-button\" href=\"https:\/\/vignettego.com\/\" style=\"background-color:#e91e63;color:#ffffff;padding:15px 30px;font-size:18px;border-radius:8px;\">\ud83d\ude97 Z\u00edskejte sv\u00e9 evropsk\u00e9 d\u00e1lni\u010dn\u00ed vin\u011bty na VignetteGo \u2192<\/a><\/div>\n<\/div>\n\n<div style=\"height:25px\" aria-hidden=\"true\" class=\"wp-block-spacer\"><\/div>\n\n<h2 class=\"wp-block-heading\">\ud83c\udfd6\ufe0f Pro\u010d nav\u0161t\u00edvit Chorvatsko?<\/h2>\n\n<ul class=\"wp-block-list\">\n<li><strong>Ohromuj\u00edc\u00ed pob\u0159e\u017e\u00ed:<\/strong> V\u00edce ne\u017e 1 000 ostrov\u016f a k\u0159i\u0161\u0165\u00e1lov\u011b \u010dist\u00e9 jadersk\u00e9 vody<\/li>\n<li><strong>Historick\u00e1 m\u011bsta:<\/strong> Dubrovn\u00edk, Split, Zadar \u2013 pam\u00e1tky sv\u011btov\u00e9ho d\u011bdictv\u00ed UNESCO<\/li>\n<li><strong>M\u00edsta pro Hru o tr\u016fny:<\/strong> Dubrovn\u00edk slou\u017eil jako Kr\u00e1lovo p\u0159\u00edstavi\u0161t\u011b<\/li>\n<li><strong>Plitvick\u00e1 jezera:<\/strong> \u00dachvatn\u00fd n\u00e1rodn\u00ed park s padaj\u00edc\u00edmi vodop\u00e1dy<\/li>\n<li><strong>Istrie:<\/strong> Italsky ovlivn\u011bn\u00e1 kuchyn\u011b, lov lan\u00fd\u017e\u016f, vesnice na kopc\u00edch<\/li>\n<li><strong>Sc\u00e9na p\u00e1rty:<\/strong> Pl\u00e1\u017e Zr\u0107e je &#8222;chorvatsk\u00e1 Ibiza&#8220;<\/li>\n<\/ul>\n\n<h2 class=\"wp-block-heading\">\ud83d\udccd Z\u00e1v\u011br<\/h2>\n\n<p>Chorvatsko nab\u00edz\u00ed n\u011bkter\u00e9 z nejp\u0159\u00edjemn\u011bj\u0161\u00edch evropsk\u00fdch v\u00fdlet\u016f autem, od dramatick\u00e9 d\u00e1lnice A1 p\u0159es klikat\u00e9 pob\u0159e\u017en\u00ed silnice a\u017e po kouzeln\u00e9 istrijsk\u00e9 vesnice. A\u0165 u\u017e preferujete tradi\u010dn\u00ed m\u00fdtn\u00e9 br\u00e1ny, elektronick\u00fd syst\u00e9m ENC nebo nov\u00e9 digit\u00e1ln\u00ed mo\u017enosti vin\u011bt, pohyb po Chorvatsku autem je jednoduch\u00fd. <\/p>\n\n<p>Do Chorvatska se dostanete ze st\u0159edn\u00ed Evropy pravd\u011bpodobn\u011b p\u0159es <a href=\"https:\/\/vignettego.com\/highway-vignette-europe\/cs\/slovinska-dalnicni-vigneta-2026-kompletni-pruvodce-e-vinjeta\/\">Slovinsko<\/a> nebo <a href=\"https:\/\/vignettego.com\/highway-vignette-europe\/cs\/madarska-dalnicni-vigneta-2026-kompletni-pruvodce-e-matrica\/\">Ma\u010farsko<\/a>. Z\u00edskejte v\u0161echny sv\u00e9 vin\u011bty na jednom m\u00edst\u011b na <a href=\"https:\/\/vignettego.com\/\" title=\"VignetteGo - evropsk&#xE9; dia&#x13E;ni&#x10D;n&#xED; vin&#x11B;ty\">VignetteGo<\/a>. <\/p>\n\n<p><strong>U\u017eijte si chorvatsk\u00e9 pob\u0159e\u017e\u00ed! \ud83c\udded\ud83c\uddf7\ud83c\udfd6\ufe0f <\/strong><\/p>\n\n<p><strong>Souvisej\u00edc\u00ed pr\u016fvodce:<\/strong> <a href=\"https:\/\/vignettego.com\/highway-vignette-europe\/cs\/slovinska-dalnicni-vigneta-2026-kompletni-pruvodce-e-vinjeta\/\">Slovinsko E-Vinjeta<\/a> | <a href=\"https:\/\/vignettego.com\/highway-vignette-europe\/cs\/madarska-dalnicni-vigneta-2026-kompletni-pruvodce-e-matrica\/\">Ma\u010farsko E-Matrica<\/a> | <a href=\"https:\/\/vignettego.com\/\">V\u0161echny evropsk\u00e9 vin\u011bty<\/a><\/p>\n","protected":false},"excerpt":{"rendered":"<p>Chorvatsko je jednou z nejobl\u00edben\u011bj\u0161\u00edch letn\u00edch destinac\u00ed v Evrop\u011b, proslul\u00e9 sv\u00fdm \u00fachvatn\u00fdm Jadransk\u00fdm pob\u0159e\u017e\u00edm, k\u0159i\u0161\u0165\u00e1lov\u011b \u010dist\u00fdmi vodami, historick\u00fdmi m\u011bsty jako Dubrovn\u00edk a Split a kr\u00e1sn\u00fdmi ostrovy. J\u00edzda do Chorvatska otev\u00edr\u00e1 neuv\u011b\u0159iteln\u00e9 mo\u017enosti \u2013 od starobyl\u00fdch hradeb Dubrovn\u00edku p\u0159es pl\u00e1\u017ee na ve\u010d\u00edrky v Zr\u0107e, vodop\u00e1dy Plitvick\u00fdch jezer a\u017e po kouzelnou Istrii. Tento pr\u016fvodce vysv\u011btluje v\u0161e o [&hellip;]<\/p>\n","protected":false},"author":0,"featured_media":0,"parent":0,"menu_order":0,"comment_status":"closed","ping_status":"closed","template":"","meta":{"footnotes":""},"class_list":["post-637","page","type-page","status-publish","hentry"],"_links":{"self":[{"href":"https:\/\/vignettego.com\/highway-vignette-europe\/cs\/wp-json\/wp\/v2\/pages\/637","targetHints":{"allow":["GET"]}}],"collection":[{"href":"https:\/\/vignettego.com\/highway-vignette-europe\/cs\/wp-json\/wp\/v2\/pages"}],"about":[{"href":"https:\/\/vignettego.com\/highway-vignette-europe\/cs\/wp-json\/wp\/v2\/types\/page"}],"replies":[{"embeddable":true,"href":"https:\/\/vignettego.com\/highway-vignette-europe\/cs\/wp-json\/wp\/v2\/comments?post=637"}],"version-history":[{"count":4,"href":"https:\/\/vignettego.com\/highway-vignette-europe\/cs\/wp-json\/wp\/v2\/pages\/637\/revisions"}],"predecessor-version":[{"id":1275,"href":"https:\/\/vignettego.com\/highway-vignette-europe\/cs\/wp-json\/wp\/v2\/pages\/637\/revisions\/1275"}],"wp:attachment":[{"href":"https:\/\/vignettego.com\/highway-vignette-europe\/cs\/wp-json\/wp\/v2\/media?parent=637"}],"curies":[{"name":"wp","href":"https:\/\/api.w.org\/{rel}","templated":true}]}}