{"id":593,"date":"2026-01-04T01:37:39","date_gmt":"2026-01-04T01:37:39","guid":{"rendered":"https:\/\/vignettego.com\/highway-vignette-europe\/madarska-dalnicni-vigneta-2026-kompletni-pruvodce-e-matrica\/"},"modified":"2026-01-04T12:39:52","modified_gmt":"2026-01-04T12:39:52","slug":"madarska-dalnicni-vigneta-2026-kompletni-pruvodce-e-matrica","status":"publish","type":"page","link":"https:\/\/vignettego.com\/highway-vignette-europe\/cs\/madarska-dalnicni-vigneta-2026-kompletni-pruvodce-e-matrica\/","title":{"rendered":"Ma\u010farsk\u00e1 d\u00e1lni\u010dn\u00ed vigneta 2026: Kompletn\u00ed pr\u016fvodce E-Matrica"},"content":{"rendered":"\n<script type=\"application\/ld+json\">{\n    \"@context\": \"https:\/\/schema.org\",\n    \"@graph\": [\n        {\n            \"@type\": \"Article\",\n            \"@id\": \"https:\/\/vignettego.com\/highway-vignette-europe\/hungary-highway-vignette-guide\/#article\",\n            \"headline\": \"Hungary Highway Vignette 2026: Complete E-Matrica Guide\",\n            \"description\": \"Everything about the Hungarian E-Matrica system 2026: prices, validity, how to buy online, and essential tips for driving on Hungarian motorways. Your complete guide to the electronic vignette.\",\n            \"image\": \"https:\/\/vignettego.com\/highway-vignette-europe\/wp-content\/uploads\/2026\/09\/Highway-Vignette-Europe.jpg\",\n            \"datePublished\": \"2026-01-04\",\n            \"dateModified\": \"2026-01-04\",\n            \"author\": {\"@type\": \"Organization\", \"name\": \"VignetteGo\", \"url\": \"https:\/\/vignettego.com\"},\n            \"publisher\": {\"@type\": \"Organization\", \"name\": \"VignetteGo\"},\n            \"mainEntityOfPage\": {\"@type\": \"WebPage\", \"@id\": \"https:\/\/vignettego.com\/highway-vignette-europe\/hungary-highway-vignette-guide\/\"},\n            \"articleSection\": \"Highway Vignettes\",\n            \"keywords\": [\"Hungary vignette\", \"E-Matrica\", \"Hungarian motorway\", \"Budapest driving\", \"M1 motorway\", \"Hungary toll\"],\n            \"inLanguage\": \"en\",\n            \"speakable\": {\"@type\": \"SpeakableSpecification\", \"cssSelector\": [\".article-intro\", \"#faq-section\"]}\n        },\n        {\n            \"@type\": \"BreadcrumbList\",\n            \"itemListElement\": [\n                {\"@type\": \"ListItem\", \"position\": 1, \"name\": \"VignetteGo\", \"item\": \"https:\/\/vignettego.com\/\"},\n                {\"@type\": \"ListItem\", \"position\": 2, \"name\": \"Highway Vignette Europe\", \"item\": \"https:\/\/vignettego.com\/highway-vignette-europe\/\"},\n                {\"@type\": \"ListItem\", \"position\": 3, \"name\": \"Hungary Guide\", \"item\": \"https:\/\/vignettego.com\/highway-vignette-europe\/hungary-highway-vignette-guide\/\"}\n            ]\n        },\n        {\n            \"@type\": \"FAQPage\",\n            \"mainEntity\": [\n                {\"@type\": \"Question\", \"name\": \"How much does a Hungarian E-Matrica cost?\", \"acceptedAnswer\": {\"@type\": \"Answer\", \"text\": \"For 2026, the D1 category (standard cars) costs approximately: 10-day regional HUF 4,270, 10-day national HUF 5,950, monthly HUF 6,590, and annual HUF 57,420. Prices may be adjusted.\"}},\n                {\"@type\": \"Question\", \"name\": \"Can I buy the Hungarian E-Matrica online?\", \"acceptedAnswer\": {\"@type\": \"Answer\", \"text\": \"Yes, you can purchase the E-Matrica online at VignetteGo or the official Hungarian motorway website. Registration is linked to your license plate, so no physical sticker is needed.\"}},\n                {\"@type\": \"Question\", \"name\": \"What is the difference between regional and national E-Matrica?\", \"acceptedAnswer\": {\"@type\": \"Answer\", \"text\": \"Regional E-Matrica (D1 REGIONAL) covers only the main transit routes (M1, M5, M7 etc.), while National E-Matrica (D1) covers the entire motorway network including all M and R roads.\"}},\n                {\"@type\": \"Question\", \"name\": \"What if I drive without a vignette in Hungary?\", \"acceptedAnswer\": {\"@type\": \"Answer\", \"text\": \"Fines for driving without a valid E-Matrica are significant\u2014from HUF 14,875 to HUF 88,500 depending on vehicle category. Enforcement is done via cameras, so non-compliance is easily detected.\"}},\n                {\"@type\": \"Question\", \"name\": \"Do I need a vignette for all roads in Hungary?\", \"acceptedAnswer\": {\"@type\": \"Answer\", \"text\": \"No, only motorways (M roads) and expressways (R roads) require a vignette. Regular national roads and local roads are free to use.\"}}\n            ]\n        }\n    ]\n}\n<\/script>\n\n<figure class=\"wp-block-image aligncenter size-large\"><img decoding=\"async\" src=\"https:\/\/vignettego.com\/highway-vignette-europe\/wp-content\/uploads\/2026\/09\/Highway-Vignette-Europe.jpg\" alt=\"Ma&#x10F;arsko E-Matrica 2026 &#x2013; Kompletn&#xED; pr&#x16F;vodce ma&#x10F;arskou d&#xE1;lni&#x10D;n&#xED; vin&#x11B;tou\" style=\"width:100%; height:auto; margin-bottom:20px;\"\/><\/figure>\n\n<p class=\"article-intro\">Ma\u010farsko le\u017e\u00ed na k\u0159i\u017eovatce st\u0159edn\u00ed Evropy, co\u017e z n\u011bj \u010din\u00ed kl\u00ed\u010dovou tranzitn\u00ed zemi pro cestovatele sm\u011b\u0159uj\u00edc\u00ed na Balk\u00e1n, do Rakouska, na Slovensko nebo do Rumunska. Od n\u00e1dhern\u00e9 budovy parlamentu v Budape\u0161ti p\u0159es term\u00e1ln\u00ed l\u00e1zn\u011b v H\u00e9v\u00edzu, vina\u0159skou oblast Tokaj a\u017e po rozs\u00e1hl\u00e9 pl\u00e1n\u011b Puszty nab\u00edz\u00ed Ma\u010farsko bohat\u00e9 kulturn\u00ed z\u00e1\u017eitky. Tento pr\u016fvodce pokr\u00fdv\u00e1 v\u0161e o <strong>ma\u010farsk\u00e9 E-Matrica (elektronick\u00e9 vignett\u011b)<\/strong> pro rok 2026: ceny, typy platnosti, kde koupit a z\u00e1kladn\u00ed tipy pro j\u00edzdu po ma\u010farsk\u00fdch d\u00e1lnic\u00edch.  <\/p>\n\n<div style=\"height:25px\" aria-hidden=\"true\" class=\"wp-block-spacer\"><\/div>\n\n<div class=\"wp-block-buttons is-content-justification-center is-layout-flex wp-container-core-buttons-is-layout-a89b3969 wp-block-buttons-is-layout-flex\">\n<div class=\"wp-block-button\"><a class=\"wp-block-button__link wp-element-button\" href=\"https:\/\/vignettego.com\/\" style=\"background-color:#0066cc;color:#ffffff;padding:15px 30px;font-size:18px;border-radius:8px;\">\ud83d\ude97 Z\u00edskejte svou ma\u010farskou E-Matricu na VignetteGo<\/a><\/div>\n<\/div>\n\n<div style=\"height:25px\" aria-hidden=\"true\" class=\"wp-block-spacer\"><\/div>\n\n<h2 class=\"wp-block-heading\">\ud83c\udded\ud83c\uddfa Co je ma\u010farsk\u00e1 E-Matrica?<\/h2>\n\n<p>Ma\u010farsko bylo jednou z prvn\u00edch evropsk\u00fdch zem\u00ed, kter\u00e9 v roce 2008 p\u0159ijaly <strong>pln\u011b elektronick\u00fd syst\u00e9m vin\u011bt (E-Matrica).<\/strong> Nen\u00ed pot\u0159eba \u017e\u00e1dn\u00e1 fyzick\u00e1 n\u00e1lepka \u2013 registra\u010dn\u00ed \u010d\u00edslo va\u0161eho vozidla je registrov\u00e1no v n\u00e1rodn\u00ed datab\u00e1zi m\u00fdtn\u00e9ho a kamerov\u00e9 syst\u00e9my pod\u00e9l d\u00e1lnic automaticky ov\u011b\u0159uj\u00ed stav va\u0161\u00ed vignetty. <\/p>\n\n<p>Syst\u00e9m E-Matrica pokr\u00fdv\u00e1 v\u0161echny <strong>ma\u010farsk\u00e9 d\u00e1lnice (silnice M)<\/strong> a <strong>rychlostn\u00ed silnice (silnice R silnice).<\/strong> B\u011b\u017en\u00e9 st\u00e1tn\u00ed silnice (hlavn\u00ed silnice \u010d\u00edslovan\u00e9 1-9, vedlej\u0161\u00ed silnice 10-99 atd.) jsou voln\u011b dostupn\u00e9 bez vin\u011bt. <\/p>\n\n<h2 class=\"wp-block-heading\">\ud83d\udcb0 Ceny E-Matrica 2026<\/h2>\n\n<p>Ceny jsou v ma\u010farsk\u00fdch forintech (HUF). Ma\u010farsko pou\u017e\u00edv\u00e1 vlastn\u00ed m\u011bnu a euro nep\u0159ijalo. Aktu\u00e1ln\u00ed sm\u011bnn\u00fd kurz je p\u0159ibli\u017en\u011b 1 EUR = 400 HUF.  <\/p>\n\n<h3 class=\"wp-block-heading\">Kategorie D1 (Vozy do 3,5 tuny)<\/h3>\n\n<figure class=\"wp-block-table\"><table><thead><tr><th>Typ vin\u011bty<\/th><th>Cena (HUF)<\/th><th>P\u0159ibli\u017en\u011b EUR <\/th><\/tr><\/thead><tbody><tr><td><strong>10denn\u00ed region\u00e1ln\u00ed<\/strong><\/td><td>4 270 HUF<\/td><td>~11 EUR<\/td><\/tr><tr><td><strong>10denn\u00ed n\u00e1rodn\u00ed<\/strong><\/td><td>5 950 HUF<\/td><td>~15 EUR<\/td><\/tr><tr><td><strong>M\u011bs\u00ed\u010dn\u00ed n\u00e1rodn\u00ed<\/strong><\/td><td>6 590 HUF<\/td><td>~EUR 16<\/td><\/tr><tr><td><strong>Ka\u017edoro\u010dn\u00ed n\u00e1rodn\u00ed<\/strong><\/td><td>57 420 HUF<\/td><td>~EUR 143<\/td><\/tr><\/tbody><\/table><\/figure>\n\n<h3 class=\"wp-block-heading\">Region\u00e1ln\u00ed vs n\u00e1rodn\u00ed E-Matrica<\/h3>\n\n<p><strong>Region\u00e1ln\u00ed E-Matrica (D1 REGION\u00c1LN\u00cd):<\/strong> Pokr\u00fdv\u00e1 pouze hlavn\u00ed dopravn\u00ed koridory:<\/p>\n\n<ul class=\"wp-block-list\">\n<li>M1 (V\u00edde\u0148-Budape\u0161\u0165)<\/li>\n<li>M5 (hranice Budape\u0161\u0165-Szeged-Srbsko)<\/li>\n<li>M7 (hranice Budape\u0161\u0165-jezero Balaton-Chorvatsko)<\/li>\n<li>M3 (hranice Budape\u0161\u0165-Debrec\u00e9n-Ukrajina) \u2013 vybran\u00e9 \u00faseky<\/li>\n<li>M15, M30, M31, M35 \u2013 vybran\u00e9 sekce<\/li>\n<\/ul>\n\n<p><strong>N\u00e1rodn\u00ed E-Matrica (D1):<\/strong> Pokr\u00fdv\u00e1 <strong>celou s\u00ed\u0165 d\u00e1lnic<\/strong>, v\u010detn\u011b:<\/p>\n\n<ul class=\"wp-block-list\">\n<li>V\u0161echny M-silnice (M0, M1, M2, M3, M4, M5, M6, M7, M15, M30, M31, M35, M43, M44, M70, M85, M86)<\/li>\n<li>V\u0161echny R-silnice (rychlostn\u00ed silnice)<\/li>\n<\/ul>\n\n<p><strong>Tip:<\/strong> Pokud pl\u00e1nujete prozkoumat Ma\u010farsko mimo hlavn\u00ed dopravn\u00ed koridory (nap\u0159\u00edklad n\u00e1v\u0161t\u011bva balatsk\u00fdch resort\u016f, P\u00e9cs, regionu Tokaj), po\u0159i\u010fte si N\u00e1rodn\u00ed E-Matricu.<\/p>\n\n<h2 class=\"wp-block-heading\">\ud83d\uded2 Kde koupit ma\u010farskou E-Matricu<\/h2>\n\n<h3 class=\"wp-block-heading\">Online (doporu\u010deno)<\/h3>\n\n<p>Nejjednodu\u0161\u0161\u00ed zp\u016fsob, jak nakupit, je online p\u0159ed cestou:<\/p>\n\n<ul class=\"wp-block-list\">\n<li><strong><a href=\"https:\/\/vignettego.com\/\">VignetteGo<\/a><\/strong> \u2013 rychl\u00fd n\u00e1kup s okam\u017eit\u00fdm potvrzen\u00edm<\/li>\n<li>Ofici\u00e1ln\u00ed ma\u010farsk\u00e9 d\u00e1lnice (ematrica.nemzetiutdij.hu)<\/li>\n<\/ul>\n\n<p>V\u00fdhody online n\u00e1kupu: \u017e\u00e1dn\u00e9 \u010dek\u00e1n\u00ed na \u010derpac\u00edch stanic\u00edch na hranici, okam\u017eit\u00e1 aktivace, digit\u00e1ln\u00ed potvrzen\u00ed v telefonu.<\/p>\n\n<h3 class=\"wp-block-heading\">Fyzick\u00e9 n\u00e1kupn\u00ed body<\/h3>\n\n<ul class=\"wp-block-list\">\n<li>\u010cerpac\u00ed stanice (MOL, Shell, OMV) po cel\u00e9m Ma\u010farsku<\/li>\n<li>Hrani\u010dn\u00ed p\u0159echody<\/li>\n<li>Po\u0161tovn\u00ed \u00fa\u0159ady<\/li>\n<li>Centra z\u00e1kaznick\u00e9ho servisu<\/li>\n<\/ul>\n\n<div style=\"height:25px\" aria-hidden=\"true\" class=\"wp-block-spacer\"><\/div>\n\n<div class=\"wp-block-buttons is-content-justification-center is-layout-flex wp-container-core-buttons-is-layout-a89b3969 wp-block-buttons-is-layout-flex\">\n<div class=\"wp-block-button\"><a class=\"wp-block-button__link wp-element-button\" href=\"https:\/\/vignettego.com\/\" style=\"background-color:#28a745;color:#ffffff;padding:15px 30px;font-size:18px;border-radius:8px;\">\u2705 Z\u00edskejte evropsk\u00e9 vignety \u2013 8 zem\u00ed \u2013 na VignetteGo<\/a><\/div>\n<\/div>\n\n<div style=\"height:25px\" aria-hidden=\"true\" class=\"wp-block-spacer\"><\/div>\n\n<h2 class=\"wp-block-heading\">\ud83d\udee3\ufe0f Ma\u010farsk\u00e1 d\u00e1lni\u010dn\u00ed s\u00ed\u0165<\/h2>\n\n<p>Ma\u010farsk\u00e1 d\u00e1lni\u010dn\u00ed s\u00ed\u0165 vyza\u0159uje z Budape\u0161ti jako hv\u011bzda a spojuje hlavn\u00ed m\u011bsto se v\u0161emi sousedn\u00edmi zem\u011bmi.<\/p>\n\n<h3 class=\"wp-block-heading\">M0 \u2013 Budape\u0161\u0165sk\u00fd okru\u017en\u00ed okruh<\/h3>\n\n<p>Okru\u017en\u00ed d\u00e1lnice kolem Budape\u0161ti, kter\u00e1 spojuje v\u0161echny hlavn\u00ed radi\u00e1ln\u00ed d\u00e1lnice. Nezbytn\u00e9 pro vyh\u00fdb\u00e1n\u00ed se doprav\u011b v centru m\u011bsta p\u0159i p\u0159estupu v Ma\u010farsku. <\/p>\n\n<h3 class=\"wp-block-heading\">M1 \u2013 Budape\u0161\u0165 a\u017e V\u00edde\u0148<\/h3>\n\n<p>Hlavn\u00ed koridor do <strong>Rakouska<\/strong>, spojuj\u00edc\u00ed Budape\u0161\u0165 s V\u00eddn\u00ed p\u0159es Gy\u0151r. Celkov\u00e1 d\u00e9lka: p\u0159ibli\u017en\u011b 170 km. P\u0159echody do Rakouska v Hegyeshalom\/Nickelsdorf. Budete pot\u0159ebovat <a href=\"https:\/\/vignettego.com\/highway-vignette-europe\/cs\/austria-highway-vignette-2026-kompletni-pruvodce-digitalnimi-vignetami\/\">rakouskou sc\u00e9nu,<\/a> abyste mohli pokra\u010dovat.   <\/p>\n\n<h3 class=\"wp-block-heading\">M3 \u2013 Budape\u0161\u0165 \u2013 ukrajinsk\u00e1 hranice<\/h3>\n\n<p>Severov\u00fdchodn\u00ed koridor sm\u011brem na <strong>Ukrajinu a Slovensko<\/strong>, proch\u00e1zej\u00edc\u00ed Debrec\u00ednem. P\u0159\u00edstup do vina\u0159sk\u00e9 oblasti Tokaj a n\u00e1rodn\u00edho parku Hortobagy. <\/p>\n\n<h3 class=\"wp-block-heading\">M5 \u2013 Budape\u0161\u0165 a\u017e k hranic\u00edm se Srbskem<\/h3>\n\n<p>Ji\u017en\u00ed koridor sm\u011brem k <strong>Srbsku<\/strong>, spojuj\u00edc\u00ed se se Seged\u00ednem a pokra\u010duj\u00edc\u00ed do Subotice\/B\u011blehradu. Celkov\u00e1 d\u00e9lka: p\u0159ibli\u017en\u011b 156 km. <\/p>\n\n<h3 class=\"wp-block-heading\">M6 \u2013 Budape\u0161\u0165 \u2013 hranice Chorvatska<\/h3>\n\n<p>Jihoz\u00e1padn\u00ed koridor sm\u011brem k <strong>Chorvatsku (Barcs),<\/strong> proch\u00e1zej\u00edc\u00ed P\u00e9cs. Alternativn\u00ed trasa k chorvatsk\u00e9mu pob\u0159e\u017e\u00ed bez obch\u00e1zen\u00ed Slovinska. <\/p>\n\n<h3 class=\"wp-block-heading\">M7 \u2013 Budape\u0161\u0165 a\u017e k jezeru Balaton\/Chorvatsko<\/h3>\n\n<p>Hlavn\u00ed rekrea\u010dn\u00ed trasa vede k <strong>jezeru Balaton<\/strong> a pokra\u010duje do <strong>Chorvatska (Letenye).<\/strong> O letn\u00edch v\u00edkendech je extr\u00e9mn\u011b ru\u0161no. Celkov\u00e1 d\u00e9lka: p\u0159ibli\u017en\u011b 232 km.  <\/p>\n\n<h3 class=\"wp-block-heading\">M15 \u2013 Rajka do Bratislavy<\/h3>\n\n<p>Kr\u00e1tk\u00e1 d\u00e1lnice spojuj\u00edc\u00ed <strong>Slovensko<\/strong> a Bratislavu, odbo\u010duj\u00edc\u00ed z M1. Budete pot\u0159ebovat <a href=\"https:\/\/vignettego.com\/highway-vignette-europe\/cs\/slovensko-dalnicni-vigneta-2026-kompletni-pruvodce-dialnicnou-znamkou\/\">slovenskou vin\u011btu<\/a> , abyste mohli pokra\u010dovat. <\/p>\n\n<h3 class=\"wp-block-heading\">M70 \u2013 Letenye a\u017e hranice se Slovinskem<\/h3>\n\n<p>Kr\u00e1tk\u00e1 d\u00e1lnice spojuj\u00edc\u00ed se <strong>Slovinskem<\/strong>, pokra\u010duj\u00edc\u00ed jako slovinsk\u00e1 A5. K pokra\u010dov\u00e1n\u00ed budete pot\u0159ebovat <a href=\"https:\/\/vignettego.com\/highway-vignette-europe\/cs\/slovinska-dalnicni-vigneta-2026-kompletni-pruvodce-e-vinjeta\/\">slovinskou E-Vinjetu<\/a> . <\/p>\n\n<h2 class=\"wp-block-heading\">\ud83d\uddfa\ufe0f Obl\u00edben\u00e9 trasy p\u0159es Ma\u010farsko<\/h2>\n\n<h3 class=\"wp-block-heading\">V\u00edde\u0148 a\u017e Budape\u0161\u0165 (M1)<\/h3>\n\n<p><strong>Vzd\u00e1lenost:<\/strong> ~250 km | <strong>D\u00e9lka:<\/strong> 2,5\u20133 hodiny | <strong>Pot\u0159eba kr\u00e1tk\u00e9 sc\u00e9nky:<\/strong> Raku\u0161an + Ma\u010far<\/p>\n\n<p>Klasick\u00e1 st\u0159edoevropsk\u00e1 trasa. Vynikaj\u00edc\u00ed podm\u00ednky na d\u00e1lnici. Zva\u017ete zast\u00e1vku v Gy\u0151ru \u2013 kr\u00e1sn\u00e9m barokn\u00edm m\u011bst\u011b.  <\/p>\n\n<h3 class=\"wp-block-heading\">Budape\u0161\u0165 a\u017e k jezeru Balaton (M7)<\/h3>\n\n<p><strong>Vzd\u00e1lenost:<\/strong> ~100 km (do Si\u00f3foku) | <strong>D\u00e9lka:<\/strong> 1\u20131,5 hodiny<\/p>\n\n<p>Nejv\u011bt\u0161\u00ed jezero ve st\u0159edn\u00ed Evrop\u011b a hlavn\u00ed letn\u00ed destinace v Ma\u010farsku. M7 je v l\u00e9t\u011b v p\u00e1tek a ned\u011bli extr\u00e9mn\u011b p\u0159epln\u011bn\u00e1. <\/p>\n\n<h3 class=\"wp-block-heading\">Budape\u0161\u0165 a\u017e k chorvatsk\u00e9mu pob\u0159e\u017e\u00ed (p\u0159es M7\/M70)<\/h3>\n\n<p><strong>Trasa:<\/strong> Budape\u0161\u0165 \u2192 jezero Balaton \u2192 Letenye \u2192 Z\u00e1h\u0159eb \u2192 Split<\/p>\n\n<p>Alternativn\u00ed trasa do Chorvatska p\u0159es Ma\u010farsko a Slovinsko. Pot\u0159eba vin\u011bty: ma\u010farsk\u00e1 E-Matrica + <a href=\"https:\/\/vignettego.com\/highway-vignette-europe\/cs\/slovinska-dalnicni-vigneta-2026-kompletni-pruvodce-e-vinjeta\/\">slovinsk\u00e1 E-Vinjeta<\/a> + <a href=\"https:\/\/vignettego.com\/highway-vignette-europe\/cs\/chorvatska-dalnicni-vigneta-2026-kompletni-pruvodce-enc-a-digitalnim-mytnym-systemem\/\">chorvatsk\u00e9 m\u00fdtn\u00e9<\/a>. <\/p>\n\n<h3 class=\"wp-block-heading\">V\u00edde\u0148 do Rumunska (p\u0159es M1, M0, M5, M43)<\/h3>\n\n<p><strong>Trasa:<\/strong> V\u00edde\u0148 \u2192 Budape\u0161\u0165 \u2192 Szeged \u2192 Arad (Rumunsko)<\/p>\n\n<p>Hlavn\u00ed trasa ze z\u00e1padn\u00ed Evropy do Rumunska. Pot\u0159eba vin\u011bty: rakousk\u00e1 + ma\u010farsk\u00e1 + <a href=\"https:\/\/vignettego.com\/highway-vignette-europe\/cs\/rumunska-dalnicni-vigneta-2026-kompletni-pruvodce-rovinietou\/\">rumunsk\u00e1 rovinieta<\/a>. <\/p>\n\n<div style=\"height:25px\" aria-hidden=\"true\" class=\"wp-block-spacer\"><\/div>\n\n<div class=\"wp-block-buttons is-content-justification-center is-layout-flex wp-container-core-buttons-is-layout-a89b3969 wp-block-buttons-is-layout-flex\">\n<div class=\"wp-block-button\"><a class=\"wp-block-button__link wp-element-button\" href=\"https:\/\/vignettego.com\/\" style=\"background-color:#ff6600;color:#ffffff;padding:15px 30px;font-size:18px;border-radius:8px;\">\ud83d\uded2 Objednejte v\u0161echny evropsk\u00e9 vin\u011bty na VignetteGo<\/a><\/div>\n<\/div>\n\n<div style=\"height:25px\" aria-hidden=\"true\" class=\"wp-block-spacer\"><\/div>\n\n<h2 class=\"wp-block-heading\">\u26a0\ufe0f D\u016fle\u017eit\u00e1 pravidla E-Matrica<\/h2>\n\n<h3 class=\"wp-block-heading\">Doba platnosti<\/h3>\n\n<ul class=\"wp-block-list\">\n<li><strong>10denn\u00ed program:<\/strong> Plat\u00ed 10 po sob\u011b jdouc\u00edch dn\u016f v\u010detn\u011b dne n\u00e1kupu<\/li>\n<li><strong>M\u011bs\u00ed\u010dn\u00ed:<\/strong> Plat\u00ed do stejn\u00e9ho data p\u0159\u00ed\u0161t\u00ed m\u011bs\u00edc<\/li>\n<li><strong>Ro\u010denka:<\/strong> Plat\u00ed jeden kalend\u00e1\u0159n\u00ed rok od 1. ledna do 31. prosince, nebo od data n\u00e1kupu, pokud je zakoupeno v polovin\u011b roku<\/li>\n<\/ul>\n\n<h3 class=\"wp-block-heading\">Registrace registra\u010dn\u00edch zna\u010dek<\/h3>\n\n<p>E-Matrica je registrov\u00e1na p\u0159esn\u011b podle <strong>va\u0161eho registra\u010dn\u00edho \u010d\u00edsla a<\/strong> <strong>p\u0159edvolby zem\u011b<\/strong>. P\u0159i n\u00e1kupu si dvakr\u00e1t zkontrolujte p\u0159eklepy! Chyby vy\u017eaduj\u00ed n\u00e1kup nov\u00e9 vin\u011bty.  <\/p>\n\n<h3 class=\"wp-block-heading\">Pokuty za nedodr\u017een\u00ed<\/h3>\n\n<ul class=\"wp-block-list\">\n<li><strong>Kategorie D1 (auta):<\/strong> 14 875 HUF a\u017e 88 500 HUF<\/li>\n<li><strong>Platba na m\u00edst\u011b:<\/strong> Obvykle ni\u017e\u0161\u00ed, pokud je zaplaceno do 60 dn\u016f<\/li>\n<li>Vym\u00e1h\u00e1n\u00ed prost\u0159ednictv\u00edm automatick\u00fdch kamerov\u00fdch syst\u00e9m\u016f (ANPR)<\/li>\n<\/ul>\n\n<h2 class=\"wp-block-heading\">\ud83d\udca1 Tipy na \u0159\u00edzen\u00ed v Ma\u010farsku pro rok 2026<\/h2>\n\n<h3 class=\"wp-block-heading\">M\u011bna<\/h3>\n\n<p>Ma\u010farsko pou\u017e\u00edv\u00e1 <strong>ma\u010farsk\u00fd forint (HUF).<\/strong> Eura nejsou \u0161iroce p\u0159ij\u00edm\u00e1na, krom\u011b n\u011bkter\u00fdch \u010derpac\u00edch stanic na hranic\u00edch. Kreditn\u00ed karty jsou p\u0159ij\u00edm\u00e1ny t\u00e9m\u011b\u0159 v\u0161ude.  <\/p>\n\n<h3 class=\"wp-block-heading\">Rychlostn\u00ed limity<\/h3>\n\n<ul class=\"wp-block-list\">\n<li><strong>D\u00e1lnice:<\/strong> 130 km\/h<\/li>\n<li><strong>Rychlostn\u00ed silnice:<\/strong> 110 km\/h<\/li>\n<li><strong>Hlavn\u00ed silnice:<\/strong> 90 km\/h<\/li>\n<li><strong>M\u011bstsk\u00e9 oblasti:<\/strong> 50 km\/h<\/li>\n<\/ul>\n\n<h3 class=\"wp-block-heading\">Po\u017eadovan\u00e9 vybaven\u00ed<\/h3>\n\n<ul class=\"wp-block-list\">\n<li>Varovn\u00fd troj\u00faheln\u00edk<\/li>\n<li>Reflexn\u00ed vesta<\/li>\n<li>L\u00e9k\u00e1rni\u010dka<\/li>\n<li><strong>Sv\u011btlomety:<\/strong> Mus\u00ed b\u00fdt neust\u00e1le na venkovn\u00edch zastav\u011bn\u00fdch ploch\u00e1ch<\/li>\n<\/ul>\n\n<h3 class=\"wp-block-heading\">Politika nulov\u00e9 tolerance k alkoholu<\/h3>\n\n<p>Ma\u010farsko m\u00e1 <strong>nulovou toleranci<\/strong> k \u0159\u00edzen\u00ed pod vlivem alkoholu. Limit alkoholu v krvi je 0,0 %. Tresty jsou p\u0159\u00edsn\u00e9.  <\/p>\n\n<h2 class=\"wp-block-heading\" id=\"faq-section\">\u2753 \u010casto kladen\u00e9 ot\u00e1zky<\/h2>\n\n<h3 class=\"wp-block-heading\">Pot\u0159ebuji vin\u011btu pro okru\u017en\u00ed silnici M0?<\/h3>\n\n<p>Ano, okru\u017en\u00ed silnice M0 Budapest vy\u017eaduje platn\u00fd E-Matrica.<\/p>\n\n<h3 class=\"wp-block-heading\">Mohu pou\u017e\u00edt region\u00e1ln\u00ed vin\u011btu pro jezero Balaton?<\/h3>\n\n<p>Ano, M7 k jezeru Balaton je pokryta region\u00e1ln\u00ed E-Matrica. Pokud ale pl\u00e1nujete prozkoum\u00e1vat d\u00e1l ne\u017e hlavn\u00ed koridor M7, po\u0159i\u010fte si n\u00e1rodn\u00ed vignettu. <\/p>\n\n<h3 class=\"wp-block-heading\">Co kdy\u017e si p\u016fj\u010d\u00edm auto v Ma\u010farsku?<\/h3>\n\n<p>Ov\u011b\u0159te si to u sv\u00e9 p\u016fj\u010dovny \u2013 n\u011bkter\u00e9 zahrnuj\u00ed E-Matricu, jin\u00e9 vy\u017eaduj\u00ed n\u00e1kup zvl\u00e1\u0161\u0165. Ov\u011b\u0159te si to p\u0159ed vyzvednut\u00edm vozidla. <\/p>\n\n<div style=\"height:25px\" aria-hidden=\"true\" class=\"wp-block-spacer\"><\/div>\n\n<div class=\"wp-block-buttons is-content-justification-center is-layout-flex wp-container-core-buttons-is-layout-a89b3969 wp-block-buttons-is-layout-flex\">\n<div class=\"wp-block-button\"><a class=\"wp-block-button__link wp-element-button\" href=\"https:\/\/vignettego.com\/\" style=\"background-color:#e91e63;color:#ffffff;padding:15px 30px;font-size:18px;border-radius:8px;\">\ud83d\ude97 Z\u00edskejte sv\u00e9 evropsk\u00e9 d\u00e1lni\u010dn\u00ed vin\u011bty na VignetteGo \u2192<\/a><\/div>\n<\/div>\n\n<div style=\"height:25px\" aria-hidden=\"true\" class=\"wp-block-spacer\"><\/div>\n\n<h2 class=\"wp-block-heading\">\ud83c\udff0 Pro\u010d nav\u0161t\u00edvit Ma\u010farsko?<\/h2>\n\n<ul class=\"wp-block-list\">\n<li><strong>Budape\u0161\u0165:<\/strong> &#8222;Pa\u0159\u00ed\u017e V\u00fdchodu&#8220; s \u00fachvatnou architekturou<\/li>\n<li><strong>Term\u00e1ln\u00ed l\u00e1zn\u011b:<\/strong> Ma\u010farsko m\u00e1 p\u0159es 1 000 p\u0159\u00edrodn\u00edch term\u00e1ln\u00edch pramen\u016f<\/li>\n<li><strong>Jezero Balaton:<\/strong> Nejv\u011bt\u0161\u00ed jezero ve st\u0159edn\u00ed Evrop\u011b, ide\u00e1ln\u00ed na l\u00e9to<\/li>\n<li><strong>Vina\u0159sk\u00e1 oblast Tokaj:<\/strong> Sladk\u00e1 v\u00edna zapsan\u00e1 na seznamu sv\u011btov\u00e9ho d\u011bdictv\u00ed UNESCO<\/li>\n<li><strong>Hortobagy:<\/strong> Rozlehl\u00e9 ma\u010farsk\u00e9 pl\u00e1n\u011b, tradi\u010dn\u00ed jezdci<\/li>\n<li><strong>Eger:<\/strong> Historick\u00e9 vina\u0159sk\u00e9 m\u011bsto, osmansk\u00e1 pevnost<\/li>\n<\/ul>\n\n<h2 class=\"wp-block-heading\">\ud83d\udccd Z\u00e1v\u011br<\/h2>\n\n<p>Dob\u0159e udr\u017eovan\u00e1 d\u00e1lni\u010dn\u00ed s\u00ed\u0165 Ma\u010farska usnad\u0148uje prozkoum\u00e1v\u00e1n\u00ed nebo dojezd touto fascinuj\u00edc\u00ed zem\u00ed. Syst\u00e9m E-Matrica je jednoduch\u00fd \u2013 nakupte online p\u0159ed cestou a u\u017eijte si bezprobl\u00e9movou j\u00edzdu. <\/p>\n\n<p>Pro v\u00edcen\u00e1rodn\u00ed roadtripy kombinujte ma\u010farskou E-Matricu s vin\u011btami z <a href=\"https:\/\/vignettego.com\/highway-vignette-europe\/cs\/austria-highway-vignette-2026-kompletni-pruvodce-digitalnimi-vignetami\/\">Rakouska<\/a>, <a href=\"https:\/\/vignettego.com\/highway-vignette-europe\/cs\/slovensko-dalnicni-vigneta-2026-kompletni-pruvodce-dialnicnou-znamkou\/\">Slovenska<\/a>, <a href=\"https:\/\/vignettego.com\/highway-vignette-europe\/cs\/slovinska-dalnicni-vigneta-2026-kompletni-pruvodce-e-vinjeta\/\">Slovinska<\/a> a <a href=\"https:\/\/vignettego.com\/highway-vignette-europe\/cs\/rumunska-dalnicni-vigneta-2026-kompletni-pruvodce-rovinietou\/\">Rumunska<\/a>. Z\u00edskejte v\u0161echny sv\u00e9 vin\u011bty na jednom m\u00edst\u011b na <a href=\"https:\/\/vignettego.com\/\" title=\"VignetteGo - evropsk&#xE9; dia&#x13E;ni&#x10D;n&#xED; vin&#x11B;ty\">VignetteGo<\/a>. <\/p>\n\n<p><strong>U\u017eijte si Ma\u010farsko! \ud83c\udded\ud83c\uddfa\ud83c\udff0 <\/strong><\/p>\n\n<p><strong>Souvisej\u00edc\u00ed pr\u016fvodce:<\/strong> <a href=\"https:\/\/vignettego.com\/highway-vignette-europe\/cs\/austria-highway-vignette-2026-kompletni-pruvodce-digitalnimi-vignetami\/\">Austria Digital Vignette<\/a> | <a href=\"https:\/\/vignettego.com\/highway-vignette-europe\/cs\/slovensko-dalnicni-vigneta-2026-kompletni-pruvodce-dialnicnou-znamkou\/\">Slovensk\u00e1 vin\u011bta<\/a> | <a href=\"https:\/\/vignettego.com\/\">V\u0161echny evropsk\u00e9 vin\u011bty<\/a><\/p>\n","protected":false},"excerpt":{"rendered":"<p>Ma\u010farsko le\u017e\u00ed na k\u0159i\u017eovatce st\u0159edn\u00ed Evropy, co\u017e z n\u011bj \u010din\u00ed kl\u00ed\u010dovou tranzitn\u00ed zemi pro cestovatele sm\u011b\u0159uj\u00edc\u00ed na Balk\u00e1n, do Rakouska, na Slovensko nebo do Rumunska. Od n\u00e1dhern\u00e9 budovy parlamentu v Budape\u0161ti p\u0159es term\u00e1ln\u00ed l\u00e1zn\u011b v H\u00e9v\u00edzu, vina\u0159skou oblast Tokaj a\u017e po rozs\u00e1hl\u00e9 pl\u00e1n\u011b Puszty nab\u00edz\u00ed Ma\u010farsko bohat\u00e9 kulturn\u00ed z\u00e1\u017eitky. Tento pr\u016fvodce pokr\u00fdv\u00e1 v\u0161e o ma\u010farsk\u00e9 [&hellip;]<\/p>\n","protected":false},"author":0,"featured_media":0,"parent":0,"menu_order":0,"comment_status":"closed","ping_status":"closed","template":"","meta":{"footnotes":""},"class_list":["post-593","page","type-page","status-publish","hentry"],"_links":{"self":[{"href":"https:\/\/vignettego.com\/highway-vignette-europe\/cs\/wp-json\/wp\/v2\/pages\/593","targetHints":{"allow":["GET"]}}],"collection":[{"href":"https:\/\/vignettego.com\/highway-vignette-europe\/cs\/wp-json\/wp\/v2\/pages"}],"about":[{"href":"https:\/\/vignettego.com\/highway-vignette-europe\/cs\/wp-json\/wp\/v2\/types\/page"}],"replies":[{"embeddable":true,"href":"https:\/\/vignettego.com\/highway-vignette-europe\/cs\/wp-json\/wp\/v2\/comments?post=593"}],"version-history":[{"count":6,"href":"https:\/\/vignettego.com\/highway-vignette-europe\/cs\/wp-json\/wp\/v2\/pages\/593\/revisions"}],"predecessor-version":[{"id":1258,"href":"https:\/\/vignettego.com\/highway-vignette-europe\/cs\/wp-json\/wp\/v2\/pages\/593\/revisions\/1258"}],"wp:attachment":[{"href":"https:\/\/vignettego.com\/highway-vignette-europe\/cs\/wp-json\/wp\/v2\/media?parent=593"}],"curies":[{"name":"wp","href":"https:\/\/api.w.org\/{rel}","templated":true}]}}